{"id":1874,"date":"2024-05-09T07:00:52","date_gmt":"2024-05-09T07:00:52","guid":{"rendered":"https:\/\/rmvapesale.com\/?post_type=product&#038;p=1874"},"modified":"2024-10-21T08:04:35","modified_gmt":"2024-10-21T08:04:35","slug":"randm-tornado-15000-puffs-15k-vape-recharge-fumot-original-vape-factory-price","status":"publish","type":"product","link":"https:\/\/rmvapesale.com\/it\/prodotto\/randm-tornado-15000-puffs-15k-vape-recharge-fumot-original-vape-factory-price\/","title":{"rendered":"RANDM TORNADO 15000 PUFFS 15K VAPE RICARICA FUMOT VAPE ORIGINALE PREZZO DI FABBRICA"},"content":{"rendered":"<h1>RANDM TORNADO 15000 PUFFS 15K VAPE RICARICA FUMOT VAPE ORIGINALE PREZZO DI FABBRICA<\/h1>\n<p>RANDM TORNADO VAPE 15000 PUFFS La sigaretta elettronica ricaricabile \u00e8 ora popolare nella maggior parte dei paesi europei, come Germania, Paesi Bassi, Francia, Italia, Spagna, Svizzera, Svezia, Polonia, ecc. Come acquistare le sigarette elettroniche Randm Tornado 15k? Cos'\u00e8 la sigaretta elettronica Fumot tornado 15k? Saluta la sigaretta elettronica RANDM Tornado 15K, una creazione di prim'ordine di Fumot. Questo gioiellino ha una capacit\u00e0 di 15.000 tiri, alzando l'asticella nel mondo delle sigarette elettroniche. Realizzata dai maghi di Shenzhen Fumot Technology, questa sigaretta elettronica non solo ha un aspetto accattivante, ma offre anche ottime prestazioni.<\/p>\n<p>Con opzioni di contenuto di nicotina che vanno da 0% a 5% e precaricata con 25 ml di e-liquid, ha sapori per giorni. Alimentata da una batteria ricaricabile da 850mAh e dotata di una bobina a rete da 0,9\u03a9, garantisce tiri fluidi ogni volta. Tieni d'occhio i livelli di liquido e batteria con l'indicatore LED: \u00e8 semplicissimo. Preparati per la migliore esperienza di svapo con la sigaretta elettronica RANDM Tornado 15K<\/p>\n<p>&nbsp;<\/p>\n<p><strong>Aggiungi whatsapp del responsabile vendite AMY <a href=\"https:\/\/wa.me\/8617776015835\" target=\"_blank\" rel=\"noopener\">+86-17776015835<\/a> ottieni pi\u00f9 sconti!<\/strong><\/p>\n<p><img loading=\"lazy\" decoding=\"async\" class=\"size-medium wp-image-1814\" src=\"https:\/\/rmvapesale.com\/wp-content\/uploads\/2024\/04\/whatsapp-amy-229x300.jpg\" alt=\"whatsapp amy\" width=\"229\" height=\"300\" srcset=\"https:\/\/rmvapesale.com\/wp-content\/uploads\/2024\/04\/whatsapp-amy-229x300.jpg 229w, https:\/\/rmvapesale.com\/wp-content\/uploads\/2024\/04\/whatsapp-amy-783x1024.jpg 783w, https:\/\/rmvapesale.com\/wp-content\/uploads\/2024\/04\/whatsapp-amy-768x1005.jpg 768w, https:\/\/rmvapesale.com\/wp-content\/uploads\/2024\/04\/whatsapp-amy-600x785.jpg 600w, https:\/\/rmvapesale.com\/wp-content\/uploads\/2024\/04\/whatsapp-amy.jpg 990w\" sizes=\"auto, (max-width: 229px) 100vw, 229px\" \/><\/p>\n<h2>Specifiche della sigaretta elettronica usa e getta FUMOT TORNADO 15000:<\/h2>\n<p>Opzioni di contenuto di nicotina: 0%, 2%, 3% e 5%<br \/>\nFino a 15000 tiri<br \/>\nPreriempito con 25 ml di e-liquid<br \/>\nbatteria ricaricabile da 850mAh<br \/>\nBobina a rete da 0,9\u03a9<br \/>\n41 gusti disponibili<\/p>\n<h2>Miglior sapore Randm 15000 Puff<\/h2>\n<p>1 Limonata ai Lamponi Blu<br \/>\n2 Ghiaccio alla Pesca<br \/>\n3 Mela Acida<br \/>\n4 Ghiaccio all'Anguria<br \/>\n5 Mirtillo sul Ghiaccio<br \/>\n6 Mirtillo Lampone<br \/>\n7 Ghiaccio all'Ananas<br \/>\n8 Ciliegia<br \/>\n9 Ghiaccio alla Fragola<br \/>\n10 Vimto\u00a0 <span style=\"color: #ff0000\"><strong>&gt;&gt;&gt;&gt; Caldo!<\/strong><\/span><br \/>\n11 Uva Ghiacciata<br \/>\n12 Cola Ghiacciata<br \/>\n13 Fragola Anguria<br \/>\n14 Limonata Rosa <span style=\"color: #ff0000\"><strong>&gt;&gt;&gt;&gt; Migliore!<\/strong><\/span><br \/>\n15 Frutti di Bosco Misti <span style=\"color: #ff0000\"><strong>&gt;&gt;&gt;&gt; Caldo!<\/strong><\/span><br \/>\n16 Pesca Mango<br \/>\n17.Frutto del drago<br \/>\n18.Fragola uva<br \/>\n19.Mr blue <span style=\"color: #ff0000\"><strong>&gt;&gt;&gt;&gt; Caldo!<\/strong><\/span><br \/>\n20.Ghiaccio Lussureggiante<br \/>\n21.Ghiacciolo<br \/>\n22.Fragola kiwi<br \/>\n23.Kiwi frutto della passione guava<br \/>\n24.Frutti di bosco tripli <span style=\"color: #ff0000\"><strong>&gt;&gt;&gt;&gt; Caldo!<\/strong><\/span><br \/>\n25.Banana Ghiacciata<br \/>\n26.Caramella pesca mirtillo<br \/>\n27.Mela Pesca Pera<br \/>\n28.Limonata ai Frutti di Bosco<br \/>\n29.Lampone Blu Ciliegia<br \/>\n30.Gomma da Masticare ai Mirtilli<br \/>\n31.Mirtillo Ciliegia Mirtillo Rosso<br \/>\n32.Mirtillo Melograno<br \/>\n33.Lampone Agrodolce Blu<br \/>\n34.Cola alla Ciliegia<br \/>\n35.Orsetto Gommosa<br \/>\n36.Limone<br \/>\n37.Mango Ghiacciato<br \/>\n38.Ghiaccio Energetico Rosso<br \/>\n39.Fragola Banana<br \/>\n40.Fragola Red Bull<br \/>\n41.Limonata Fragola Anguria<\/p>\n<p>&nbsp;<\/p>\n<h2>Randm Tornado 15000 FAQS<\/h2>\n<p>1. Cos'\u00e8 l'originale RANDM VAPE 15K TORNADO?<br \/>\nIl RANDM VAPE 15K TORNADO Original \u00e8 un dispositivo di svapo usa e getta molto venduto prodotto da Fumot Vape Tech. Prende il nome dalla sua impressionante capacit\u00e0 di 15.000 tiri.<\/p>\n<p>2. Chi produce il genuino RANDM VAPE 15K TORNADO?<br \/>\nA: Il RANDM VAPE 15K TORNADO Originale \u00e8 prodotto da Shenzhen Fumot Technology, un'azienda leader nel settore dello svapo nota per i suoi prodotti innovativi.<\/p>\n<p>3. Cosa rende unico l'autentico RANDM VAPE 15K TORNADO?<\/p>\n<p>Con la sua capacit\u00e0 di 15.000 tiri, l'autentico RANDM VAPE 15K TORNADO si distingue come uno dei vaporizzatori usa e getta con la pi\u00f9 alta capacit\u00e0 sul mercato. \u00c8 una buona scelta per coloro che desiderano dispositivi a lunga durata.<\/p>\n<p>4. Quali gusti sono disponibili per il genuino RANDM VAPE 15K TORNADO?<br \/>\nIl genuino RANDM VAPE 15K TORNADO \u00e8 disponibile in una variet\u00e0 di gusti, tra cui Mela Pesca Pera, Ghiaccio Banana, Limonata ai frutti di bosco, Ciliegia e lampone blu e molti altri. Con 41 gusti tra cui scegliere, ce n'\u00e8 per ogni palato.<\/p>\n<p>5. Quanto dura la batteria dell'autentico RANDM VAPE 15K TORNADO?<br \/>\nA: Il RANDM VAPE 15K TORNADO Autentico \u00e8 dotato di una batteria integrata con una capacit\u00e0 di 850 mAh, che offre un utilizzo prolungato con una singola carica. Ma la durata esatta della batteria dipende dai modelli di utilizzo individuali.<\/p>\n<p>6. L'originale RANDM VAPE 15000 TORNADO \u00e8 ricaricabile?<br \/>\nNo, l'originale RANDM VAPE 15000 TORNADO \u00e8 un dispositivo di svapo usa e getta e non \u00e8 ricaricabile. Una volta che la batteria \u00e8 scarica o l'e-liquid si esaurisce, il dispositivo deve essere smaltito in modo responsabile.<\/p>\n<p>7. Come posso acquistare il genuino RANDM VAPE 15000?<br \/>\nIl RANDM VAPE 15000 originale \u00e8 disponibile per l'acquisto tramite distributori autorizzati. Per richieste all'ingrosso, i distributori possono <a href=\"https:\/\/wa.me\/8617776015835\" target=\"_blank\" rel=\"noopener\">contattaci<\/a> direttamente. I clienti al dettaglio possono trovare il prodotto presso rivenditori selezionati o negozi online.<\/p>\n<p>&nbsp;<\/p>\n<p>Trova altri prodotti da svapo che potrebbero piacerti:<em><a href=\"https:\/\/rmvapesale.com\/it\/shop-2\/\">acquista ora\u00a0<\/a><\/em><\/p>\n<p>altre vendite calde di vape che potrebbero piacerti:<\/p>\n<p><a href=\"https:\/\/rmvapesale.com\/it\/prodotto\/jnr-shisha-vape-15000-puffs-wholesale-price-with-screen-vape\/\">VOPK SHISHA 15K<\/a><\/p>\n<p><a href=\"https:\/\/rmvapesale.com\/it\/prodotto\/randm-vape-al-fakher-10000-puffs-vape-wholesale\/\">randm vape AI FAKHER 15k vape<\/a><\/p>","protected":false},"excerpt":{"rendered":"<p class=\"LC20lb MBeuO DKV0Md\">15K PUFFS FUMOT VAPE RANDM Prezzo all'ingrosso<br \/>\n15K PUFFS FUMOT ORIGINALE RANDM Prezzo di fabbrica<br \/>\n15K PUFFS Genuino FUMOT VAPE TORNADO RANDM Prezzo scontato<br \/>\n<strong>Contatta Amy per maggiori sconti e un MOQ Vape pi\u00f9 basso<\/strong><\/p>\n<p><img loading=\"lazy\" decoding=\"async\" class=\"size-medium wp-image-1814\" src=\"https:\/\/rmvapesale.com\/wp-content\/uploads\/2024\/04\/whatsapp-amy-229x300.jpg\" alt=\"whatsapp amy\" width=\"229\" height=\"300\" srcset=\"https:\/\/rmvapesale.com\/wp-content\/uploads\/2024\/04\/whatsapp-amy-229x300.jpg 229w, https:\/\/rmvapesale.com\/wp-content\/uploads\/2024\/04\/whatsapp-amy-783x1024.jpg 783w, https:\/\/rmvapesale.com\/wp-content\/uploads\/2024\/04\/whatsapp-amy-768x1005.jpg 768w, https:\/\/rmvapesale.com\/wp-content\/uploads\/2024\/04\/whatsapp-amy-600x785.jpg 600w, https:\/\/rmvapesale.com\/wp-content\/uploads\/2024\/04\/whatsapp-amy.jpg 990w\" sizes=\"auto, (max-width: 229px) 100vw, 229px\" \/><\/p>\n<h3><span style=\"color: #ff0000\"><strong>WhatsApp: +86 17776015835<\/strong><\/span><\/h3>","protected":false},"featured_media":1877,"comment_status":"open","ping_status":"closed","template":"","meta":{"_uag_custom_page_level_css":"","_lmt_disableupdate":"no","_lmt_disable":"","site-sidebar-layout":"default","site-content-layout":"content-boxed-container","ast-site-content-layout":"normal-width-container","site-content-style":"boxed","site-sidebar-style":"unboxed","ast-global-header-display":"","ast-banner-title-visibility":"","ast-main-header-display":"","ast-hfb-above-header-display":"","ast-hfb-below-header-display":"","ast-hfb-mobile-header-display":"","site-post-title":"","ast-breadcrumbs-content":"","ast-featured-img":"","footer-sml-layout":"","theme-transparent-header-meta":"default","adv-header-id-meta":"","stick-header-meta":"","header-above-stick-meta":"","header-main-stick-meta":"","header-below-stick-meta":"","astra-migrate-meta-layouts":"set","ast-page-background-enabled":"default","ast-page-background-meta":{"desktop":{"background-color":"var(--ast-global-color-4)","background-image":"","background-repeat":"repeat","background-position":"center center","background-size":"auto","background-attachment":"scroll","background-type":"","background-media":"","overlay-type":"","overlay-color":"","overlay-opacity":"","overlay-gradient":""},"tablet":{"background-color":"","background-image":"","background-repeat":"repeat","background-position":"center center","background-size":"auto","background-attachment":"scroll","background-type":"","background-media":"","overlay-type":"","overlay-color":"","overlay-opacity":"","overlay-gradient":""},"mobile":{"background-color":"","background-image":"","background-repeat":"repeat","background-position":"center center","background-size":"auto","background-attachment":"scroll","background-type":"","background-media":"","overlay-type":"","overlay-color":"","overlay-opacity":"","overlay-gradient":""}},"ast-content-background-meta":{"desktop":{"background-color":"var(--ast-global-color-5)","background-image":"","background-repeat":"repeat","background-position":"center center","background-size":"auto","background-attachment":"scroll","background-type":"","background-media":"","overlay-type":"","overlay-color":"","overlay-opacity":"","overlay-gradient":""},"tablet":{"background-color":"var(--ast-global-color-5)","background-image":"","background-repeat":"repeat","background-position":"center center","background-size":"auto","background-attachment":"scroll","background-type":"","background-media":"","overlay-type":"","overlay-color":"","overlay-opacity":"","overlay-gradient":""},"mobile":{"background-color":"var(--ast-global-color-5)","background-image":"","background-repeat":"repeat","background-position":"center center","background-size":"auto","background-attachment":"scroll","background-type":"","background-media":"","overlay-type":"","overlay-color":"","overlay-opacity":"","overlay-gradient":""}},"_joinchat":[]},"product_brand":[],"product_cat":[25,51,123,26,28,135,27,31,61,137,15,30],"product_tag":[44,39,40,41,171,38,37],"class_list":{"0":"post-1874","1":"product","2":"type-product","3":"status-publish","4":"has-post-thumbnail","6":"product_cat-germany-best-selling-vape","7":"product_cat-fumot-vape","8":"product_cat-italy-wholesale-vape","9":"product_cat-netherlands-hot-sale-vape","10":"product_cat-poland-hot-sale-vape","11":"product_cat-spain-best-hot-sale-vape","12":"product_cat-fance-hot-sale-vape","13":"product_cat-randm-fumot-vape","14":"product_cat-15000-puffs-disposable-vapes","15":"product_cat-rechargeable-vapes","16":"product_cat-new-vape-this-week","17":"product_cat-minimum-order-quantity-50pcs","18":"product_tag-15k-puffs-15000-vape-wholesale","19":"product_tag-fumot-vape","20":"product_tag-hot-sale-vape","21":"product_tag-original-factory-vape","22":"product_tag-randm-15000","23":"product_tag-randm-vape","24":"product_tag-wholesale-vape-price","25":"desktop-align-left","26":"tablet-align-left","27":"mobile-align-left","29":"first","30":"instock","31":"sale","32":"shipping-taxable","33":"purchasable","34":"product-type-simple"},"uagb_featured_image_src":{"full":["https:\/\/rmvapesale.com\/wp-content\/uploads\/2024\/05\/randm-vape-tornado-15k-fumot.jpg",424,589,false],"thumbnail":["https:\/\/rmvapesale.com\/wp-content\/uploads\/2024\/05\/randm-vape-tornado-15k-fumot-150x150.jpg",150,150,true],"medium":["https:\/\/rmvapesale.com\/wp-content\/uploads\/2024\/05\/randm-vape-tornado-15k-fumot-216x300.jpg",216,300,true],"medium_large":["https:\/\/rmvapesale.com\/wp-content\/uploads\/2024\/05\/randm-vape-tornado-15k-fumot.jpg",424,589,false],"large":["https:\/\/rmvapesale.com\/wp-content\/uploads\/2024\/05\/randm-vape-tornado-15k-fumot.jpg",424,589,false],"1536x1536":["https:\/\/rmvapesale.com\/wp-content\/uploads\/2024\/05\/randm-vape-tornado-15k-fumot.jpg",424,589,false],"2048x2048":["https:\/\/rmvapesale.com\/wp-content\/uploads\/2024\/05\/randm-vape-tornado-15k-fumot.jpg",424,589,false],"trp-custom-language-flag":["https:\/\/rmvapesale.com\/wp-content\/uploads\/2024\/05\/randm-vape-tornado-15k-fumot.jpg",9,12,false],"woocommerce_thumbnail":["https:\/\/rmvapesale.com\/wp-content\/uploads\/2024\/05\/randm-vape-tornado-15k-fumot-300x300.jpg",300,300,true],"woocommerce_single":["https:\/\/rmvapesale.com\/wp-content\/uploads\/2024\/05\/randm-vape-tornado-15k-fumot.jpg",424,589,false],"woocommerce_gallery_thumbnail":["https:\/\/rmvapesale.com\/wp-content\/uploads\/2024\/05\/randm-vape-tornado-15k-fumot-100x100.jpg",100,100,true],"wcpr-photo-reviews":["https:\/\/rmvapesale.com\/wp-content\/uploads\/2024\/05\/randm-vape-tornado-15k-fumot.jpg",360,500,false]},"uagb_author_info":{"display_name":"yannazhan","author_link":"https:\/\/rmvapesale.com\/it\/author\/"},"uagb_comment_info":0,"uagb_excerpt":"15K PUFFS FUMOT VAPE RANDM Wholesale Price 15K PUFFS FUMOT ORIGINAL RANDM\u00a0 Factory Price 15K PUFFS Genuine FUMOT VAPE TORNADO RANDM Discount Price Contact Amy For More Discount And Lower MOQ Vape WhatsApp: +86 17776015835","_links":{"self":[{"href":"https:\/\/rmvapesale.com\/it\/wp-json\/wp\/v2\/product\/1874","targetHints":{"allow":["GET"]}}],"collection":[{"href":"https:\/\/rmvapesale.com\/it\/wp-json\/wp\/v2\/product"}],"about":[{"href":"https:\/\/rmvapesale.com\/it\/wp-json\/wp\/v2\/types\/product"}],"replies":[{"embeddable":true,"href":"https:\/\/rmvapesale.com\/it\/wp-json\/wp\/v2\/comments?post=1874"}],"wp:featuredmedia":[{"embeddable":true,"href":"https:\/\/rmvapesale.com\/it\/wp-json\/wp\/v2\/media\/1877"}],"wp:attachment":[{"href":"https:\/\/rmvapesale.com\/it\/wp-json\/wp\/v2\/media?parent=1874"}],"wp:term":[{"taxonomy":"product_brand","embeddable":true,"href":"https:\/\/rmvapesale.com\/it\/wp-json\/wp\/v2\/product_brand?post=1874"},{"taxonomy":"product_cat","embeddable":true,"href":"https:\/\/rmvapesale.com\/it\/wp-json\/wp\/v2\/product_cat?post=1874"},{"taxonomy":"product_tag","embeddable":true,"href":"https:\/\/rmvapesale.com\/it\/wp-json\/wp\/v2\/product_tag?post=1874"}],"curies":[{"name":"wp","href":"https:\/\/api.w.org\/{rel}","templated":true}]}}