{"id":1886,"date":"2024-05-15T08:46:17","date_gmt":"2024-05-15T08:46:17","guid":{"rendered":"https:\/\/rmvapesale.com\/?post_type=product&#038;p=1886"},"modified":"2024-10-21T08:52:11","modified_gmt":"2024-10-21T08:52:11","slug":"original-randm-vape-digital-puff-12000-fumot-factory-price","status":"publish","type":"product","link":"https:\/\/rmvapesale.com\/it\/prodotto\/original-randm-vape-digital-puff-12000-fumot-factory-price\/","title":{"rendered":"Prezzo di fabbrica originale Randm Vape Digital Puff 12000 FUMOT"},"content":{"rendered":"<h1>Prezzo di fabbrica originale Randm Vape Digital Puff 12000 FUMOT<\/h1>\n<p>L'ultimo <strong>Vape Originale Randm Puff Digitale 12000<\/strong>, la scelta perfetta per espandere il tuo mercato in Europa come Germania, Paesi Bassi, Francia, Italia, Spagna, Svizzera, Svezia, Polonia, ecc. Questo dispositivo di svapo avanzato non solo vanta prestazioni eccellenti, ma offre anche una variet\u00e0 di sapori per soddisfare le diverse preferenze dei consumatori.<\/p>\n<p>La <strong>La sigaretta elettronica usa e getta<\/strong> Fumot Digital Box 12000<\/p>\n<p>\u00e8 dotata di una capacit\u00e0 di 20 ml di e-liquid, fornendo fino a 12.000 tiri per dispositivo, garantendo un piacere duraturo per gli utenti. \u00c8 dotata di una batteria ricaricabile integrata da 850 mAh con un comodo display per batteria ed e-liquid, che consente agli utenti di monitorare facilmente la carica rimanente e i livelli di e-liquid per un'esperienza di svapo senza problemi.<\/p>\n<p>Offriamo una vasta gamma di sapori, tra cui Menta Fredda, Ghiaccio all'Anguria, Ghiaccio all'Uva, Mirtillo Lampone, Anguria Fragola e molti altri, per un totale di 24 opzioni uniche. Ad esempio, Menta Fredda offre una sensazione rinfrescante e fresca, mentre Ghiaccio all'Anguria combina note dolci e ghiacciate per un'esperienza deliziosa, perfetta per le calde giornate estive. <strong>Inoltre, la<\/strong> sigaretta elettronica usa e getta Fumot Digital Randm 12000<\/p>\n<p>utilizza una tecnologia avanzata di sali di nicotina, disponibile in concentrazioni di nicotina dello 0%, 2%, 3% e 5%, consentendo agli utenti di scegliere il livello pi\u00f9 adatto alle proprie esigenze.<\/p>\n<p><strong>Aggiungi whatsapp del responsabile vendite AMY <a href=\"https:\/\/wa.me\/8617776015835\" target=\"_blank\" rel=\"noopener\">+86-17776015835<\/a> ottieni pi\u00f9 sconti!<\/strong><\/p>\n<p><img loading=\"lazy\" decoding=\"async\" class=\"size-medium wp-image-1814\" src=\"https:\/\/rmvapesale.com\/wp-content\/uploads\/2024\/04\/whatsapp-amy-229x300.jpg\" alt=\"whatsapp amy\" width=\"229\" height=\"300\" srcset=\"https:\/\/rmvapesale.com\/wp-content\/uploads\/2024\/04\/whatsapp-amy-229x300.jpg 229w, https:\/\/rmvapesale.com\/wp-content\/uploads\/2024\/04\/whatsapp-amy-783x1024.jpg 783w, https:\/\/rmvapesale.com\/wp-content\/uploads\/2024\/04\/whatsapp-amy-768x1005.jpg 768w, https:\/\/rmvapesale.com\/wp-content\/uploads\/2024\/04\/whatsapp-amy-600x785.jpg 600w, https:\/\/rmvapesale.com\/wp-content\/uploads\/2024\/04\/whatsapp-amy.jpg 990w\" sizes=\"auto, (max-width: 229px) 100vw, 229px\" \/><\/p>\n<h2>Come grossista di VAPE, puoi beneficiare dei nostri prezzi diretti di fabbrica, garantendo la massima efficienza dei costi. Il nostro ordine minimo \u00e8 di sole 50 unit\u00e0, ideale per i grossisti che importano sigarette elettroniche dalla Cina per la prima volta. Forniamo anche assistenza clienti 24 ore su 24 e gestiamo tutte le questioni di sdoganamento, rendendo il tuo processo di acquisto fluido e senza preoccupazioni.<\/h2>\n<p>Opzioni di contenuto di nicotina: 0%, 2%, 3% e 5%<br \/>\nSpecifiche della sigaretta elettronica usa e getta FUMOT PUFF 12000:<br \/>\nFino a 12000 tiri<br \/>\nbatteria ricaricabile da 850mAh<br \/>\nBobina a rete da 0,9\u03a9<br \/>\nPre-riempita con 20 ml di e-liquid<\/p>\n<h2>40 sapori disponibili<\/h2>\n<p>1 Menta fresca<br \/>\n2 Ghiaccio all'anguria<br \/>\n3 Ghiaccio all'uva<br \/>\n4 Mirtillo e lampone <strong><span style=\"color: #ff0000\">&gt;&gt;&gt;Caldo\uff01<\/span><\/strong><br \/>\n5 Anguria e fragola<br \/>\n6 Fragola e banana<br \/>\n7 Ghiaccio Lussureggiante<br \/>\n8 Ciliegia<br \/>\n9 Ghiaccio alla Fragola<br \/>\n10 Ghiacciolo<br \/>\n11 Limonata Rosa <strong><span style=\"color: #ff0000\">&gt;&gt;&gt;Migliore\uff01<\/span><\/strong><br \/>\n12 Mango con Ghiaccio<br \/>\n13 Frutti di Bosco Misti<br \/>\n14 Ciambella alla Fragola<br \/>\n15 Uva e Fragola<br \/>\n16 Cherry Cola<br \/>\n17 Dr blue<br \/>\n18 Mirtillo con ghiaccio<br \/>\n19 Guava frutto della passione e kiwi<br \/>\n20 Fragola e kiwi<br \/>\n21 Pesca e mango<br \/>\n22 Ghiaccio alla pesca<br \/>\n23 Ghiaccio alla mela rossa<br \/>\n24 Gomma da masticare al mirtillo<br \/>\n25 Limonata ai frutti di bosco<br \/>\n26 Limonata Blue Razz<br \/>\n27 Lampone Bluesour <strong><span style=\"color: #ff0000\">&gt;&gt;&gt;Caldo\uff01<\/span><\/strong><br \/>\n28 Fragola Red Bull<br \/>\n29 Esplosione di mela e frutti di bosco<br \/>\n30 Gomma da masticare all'anguria<br \/>\n31 Lampone e anguria<br \/>\n32 Ghiaccio nero<br \/>\n33 Mirtillo, ciliegia e mirtillo rosso <strong><span style=\"color: #ff0000\">&gt;&gt;&gt;Caldo\uff01<\/span><\/strong><br \/>\n34 Melograno alla fragola<br \/>\n35 Vimto <strong><span style=\"color: #ff0000\">&gt;&gt;&gt;Caldo\uff01<\/span><\/strong><br \/>\n36 Ciliegia e frutti di bosco<br \/>\n37 Limone<br \/>\n38 Bingo Crush<br \/>\n39 Mirtillo Kiwi<br \/>\n40 Mela Cannella<\/p>\n<figure id=\"attachment_2480\" aria-describedby=\"caption-attachment-2480\" style=\"width: 600px\" class=\"wp-caption alignnone\"><img loading=\"lazy\" decoding=\"async\" class=\"wp-image-2480 size-full\" src=\"https:\/\/rmvapesale.com\/wp-content\/uploads\/2024\/10\/Fumot-Digital-Box-12000-Disposable-Vape.jpg\" alt=\"La sigaretta elettronica usa e getta\" width=\"600\" height=\"600\" srcset=\"https:\/\/rmvapesale.com\/wp-content\/uploads\/2024\/10\/Fumot-Digital-Box-12000-Disposable-Vape.jpg 600w, https:\/\/rmvapesale.com\/wp-content\/uploads\/2024\/10\/Fumot-Digital-Box-12000-Disposable-Vape-300x300.jpg 300w, https:\/\/rmvapesale.com\/wp-content\/uploads\/2024\/10\/Fumot-Digital-Box-12000-Disposable-Vape-150x150.jpg 150w, https:\/\/rmvapesale.com\/wp-content\/uploads\/2024\/10\/Fumot-Digital-Box-12000-Disposable-Vape-100x100.jpg 100w\" sizes=\"auto, (max-width: 600px) 100vw, 600px\" \/><figcaption id=\"caption-attachment-2480\" class=\"wp-caption-text\">La sigaretta elettronica usa e getta<\/figcaption><\/figure>\n<h2>Cose che potresti voler sapere sul vaporizzatore Fumot Digital Puff 12000 prima di acquistarne in grandi quantit\u00e0.<\/h2>\n<p><strong>D1: Quali sono le opzioni di nicotina disponibili per il vaporizzatore Fumot Randm Digital 12000 Puffs?<\/strong><\/p>\n<ul>\n<li>La <strong>Fumot Vape Digital 12000 Puffs Originale<\/strong> offre concentrazioni di sale di nicotina dello 0%, 2%, 3% e 5%.<\/li>\n<\/ul>\n<p><strong>D2: Quanti gusti sono disponibili per questo prodotto?<\/strong><\/p>\n<ul>\n<li>La <strong>Randm Digital Vape 12k Puffs Originale<\/strong> \u00e8 disponibile in 24 diversi gusti, tra cui Menta Fresca, Ghiaccio all'Anguria, Ghiaccio all'Uva e molti altri.<\/li>\n<\/ul>\n<p><strong>D3: Qual \u00e8 la capacit\u00e0 di e-liquid e il numero di tiri per questo dispositivo?<\/strong><\/p>\n<ul>\n<li>La <strong>Randm Vape Digital Puffs 12000 Originale<\/strong> ha una capacit\u00e0 di e-liquid di 20 ml e fornisce fino a 12.000 tiri per dispositivo.<\/li>\n<\/ul>\n<p><strong>D4: La batteria \u00e8 ricaricabile e come posso monitorarne lo stato?<\/strong><\/p>\n<ul>\n<li>S\u00ec, il <strong>Randm Digital Vape 12k Puffs Originale<\/strong> ha una batteria ricaricabile integrata da 850 mAh con un display per monitorare i livelli di batteria e di e-liquid.<\/li>\n<\/ul>\n<p><strong>D5: Qual \u00e8 la quantit\u00e0 minima d'ordine e quale supporto offrite per i nuovi importatori?<\/strong><\/p>\n<ul>\n<li>La nostra quantit\u00e0 minima d'ordine \u00e8 di 50 pezzi. Offriamo assistenza clienti 24 ore su 24, 7 giorni su 7 e gestiamo tutte le questioni di sdoganamento, rendendolo l'ideale per i nuovi importatori dalla Cina.<\/li>\n<\/ul>\n<p><strong>D6: Come viene confezionato il prodotto per la vendita all'ingrosso?<\/strong><\/p>\n<ul>\n<li>La <strong>Fumot Digital Vape 12k Puffs Originale<\/strong> \u00e8 confezionato con 10 pezzi in una scatola da esposizione e 200 pezzi in un cartone.<\/li>\n<\/ul>\n<p><strong>D7: Sono disponibili opzioni di prezzo di fabbrica per gli acquisti all'ingrosso?<\/strong><\/p>\n<ul>\n<li>S\u00ec, offriamo <strong>Vape Fumot Digitale 12k Puffs Originale Prezzo di Fabbrica<\/strong> opzioni per acquisti all'ingrosso per assicurarti il miglior valore.<\/li>\n<\/ul>\n<p><strong>D8: Posso ottenere prezzi competitivi per grandi ordini?<\/strong><\/p>\n<ul>\n<li>Assolutamente, forniamo <strong>Vape Randm Digitale 12k Puffs Originale Prezzo all'Ingrosso<\/strong> per aiutarti a massimizzare i margini di profitto della tua attivit\u00e0 di vape.<\/li>\n<\/ul>\n<p>Trova altri prodotti da svapo che potrebbero piacerti:<em><a href=\"https:\/\/rmvapesale.com\/it\/shop-2\/\">acquista ora\u00a0<\/a><\/em><\/p>\n<p>altre vendite calde di vape che potrebbero piacerti:<\/p>\n<p><a href=\"https:\/\/rmvapesale.com\/it\/prodotto\/jnr-shisha-vape-15000-puffs-wholesale-price-with-screen-vape\/\">VOPK SHISHA 15K<\/a><\/p>\n<p><a href=\"https:\/\/rmvapesale.com\/it\/prodotto\/randm-vape-al-fakher-10000-puffs-vape-wholesale\/\">randm vape AI FAKHER 15k vape<\/a><\/p>\n<p><a href=\"https:\/\/rmvapesale.com\/it\/prodotto\/randm-tornado-15000-puffs-15k-vape-recharge-fumot-original-vape-factory-price\/\">Fumot digital box Tiro 12000<\/a><\/p>","protected":false},"excerpt":{"rendered":"<p class=\"LC20lb MBeuO DKV0Md\">Vape Originale Fumot Digitale 12000 Puff Prezzo di Fabbrica<br \/>\nVape Originale Fumot Digitale 12k Puff Prezzo Acquisto all'ingrosso<br \/>\nFumot Vape RandM Digitale 12000 Prezzo Economico<br \/>\n<strong>Contatta Amy per maggiori sconti e un MOQ Vape pi\u00f9 basso<\/strong><\/p>\n<p><img loading=\"lazy\" decoding=\"async\" class=\"size-medium wp-image-1814\" src=\"https:\/\/rmvapesale.com\/wp-content\/uploads\/2024\/04\/whatsapp-amy-229x300.jpg\" alt=\"whatsapp amy\" width=\"229\" height=\"300\" srcset=\"https:\/\/rmvapesale.com\/wp-content\/uploads\/2024\/04\/whatsapp-amy-229x300.jpg 229w, https:\/\/rmvapesale.com\/wp-content\/uploads\/2024\/04\/whatsapp-amy-783x1024.jpg 783w, https:\/\/rmvapesale.com\/wp-content\/uploads\/2024\/04\/whatsapp-amy-768x1005.jpg 768w, https:\/\/rmvapesale.com\/wp-content\/uploads\/2024\/04\/whatsapp-amy-600x785.jpg 600w, https:\/\/rmvapesale.com\/wp-content\/uploads\/2024\/04\/whatsapp-amy.jpg 990w\" sizes=\"auto, (max-width: 229px) 100vw, 229px\" \/><\/p>\n<h3><span style=\"color: #ff0000\"><strong>WhatsApp: +86 17776015835<\/strong><\/span><\/h3>","protected":false},"featured_media":2485,"comment_status":"open","ping_status":"closed","template":"","meta":{"_uag_custom_page_level_css":"","_lmt_disableupdate":"no","_lmt_disable":"","site-sidebar-layout":"default","site-content-layout":"content-boxed-container","ast-site-content-layout":"normal-width-container","site-content-style":"boxed","site-sidebar-style":"unboxed","ast-global-header-display":"","ast-banner-title-visibility":"","ast-main-header-display":"","ast-hfb-above-header-display":"","ast-hfb-below-header-display":"","ast-hfb-mobile-header-display":"","site-post-title":"","ast-breadcrumbs-content":"","ast-featured-img":"","footer-sml-layout":"","theme-transparent-header-meta":"default","adv-header-id-meta":"","stick-header-meta":"","header-above-stick-meta":"","header-main-stick-meta":"","header-below-stick-meta":"","astra-migrate-meta-layouts":"set","ast-page-background-enabled":"default","ast-page-background-meta":{"desktop":{"background-color":"var(--ast-global-color-4)","background-image":"","background-repeat":"repeat","background-position":"center center","background-size":"auto","background-attachment":"scroll","background-type":"","background-media":"","overlay-type":"","overlay-color":"","overlay-opacity":"","overlay-gradient":""},"tablet":{"background-color":"","background-image":"","background-repeat":"repeat","background-position":"center center","background-size":"auto","background-attachment":"scroll","background-type":"","background-media":"","overlay-type":"","overlay-color":"","overlay-opacity":"","overlay-gradient":""},"mobile":{"background-color":"","background-image":"","background-repeat":"repeat","background-position":"center center","background-size":"auto","background-attachment":"scroll","background-type":"","background-media":"","overlay-type":"","overlay-color":"","overlay-opacity":"","overlay-gradient":""}},"ast-content-background-meta":{"desktop":{"background-color":"var(--ast-global-color-5)","background-image":"","background-repeat":"repeat","background-position":"center center","background-size":"auto","background-attachment":"scroll","background-type":"","background-media":"","overlay-type":"","overlay-color":"","overlay-opacity":"","overlay-gradient":""},"tablet":{"background-color":"var(--ast-global-color-5)","background-image":"","background-repeat":"repeat","background-position":"center center","background-size":"auto","background-attachment":"scroll","background-type":"","background-media":"","overlay-type":"","overlay-color":"","overlay-opacity":"","overlay-gradient":""},"mobile":{"background-color":"var(--ast-global-color-5)","background-image":"","background-repeat":"repeat","background-position":"center center","background-size":"auto","background-attachment":"scroll","background-type":"","background-media":"","overlay-type":"","overlay-color":"","overlay-opacity":"","overlay-gradient":""}},"_joinchat":[]},"product_brand":[],"product_cat":[25,26,28,27,31,15,30],"product_tag":[45,46,39,40,111,41,38,165,37],"class_list":{"0":"post-1886","1":"product","2":"type-product","3":"status-publish","4":"has-post-thumbnail","6":"product_cat-germany-best-selling-vape","7":"product_cat-netherlands-hot-sale-vape","8":"product_cat-poland-hot-sale-vape","9":"product_cat-fance-hot-sale-vape","10":"product_cat-randm-fumot-vape","11":"product_cat-new-vape-this-week","12":"product_cat-minimum-order-quantity-50pcs","13":"product_tag-12k-vape-puff-12000","14":"product_tag-digital-box-12000-puff-original","15":"product_tag-fumot-vape","16":"product_tag-hot-sale-vape","17":"product_tag-low-nicotine-disposable-vape","18":"product_tag-original-factory-vape","19":"product_tag-randm-vape","20":"product_tag-rechargeable-vapes","21":"product_tag-wholesale-vape-price","22":"desktop-align-left","23":"tablet-align-left","24":"mobile-align-left","26":"first","27":"instock","28":"sale","29":"shipping-taxable","30":"purchasable","31":"product-type-simple"},"uagb_featured_image_src":{"full":["https:\/\/rmvapesale.com\/wp-content\/uploads\/2024\/10\/Randm-Vape-12000-Puffs.jpg",600,600,false],"thumbnail":["https:\/\/rmvapesale.com\/wp-content\/uploads\/2024\/10\/Randm-Vape-12000-Puffs-150x150.jpg",150,150,true],"medium":["https:\/\/rmvapesale.com\/wp-content\/uploads\/2024\/10\/Randm-Vape-12000-Puffs-300x300.jpg",300,300,true],"medium_large":["https:\/\/rmvapesale.com\/wp-content\/uploads\/2024\/10\/Randm-Vape-12000-Puffs.jpg",600,600,false],"large":["https:\/\/rmvapesale.com\/wp-content\/uploads\/2024\/10\/Randm-Vape-12000-Puffs.jpg",600,600,false],"1536x1536":["https:\/\/rmvapesale.com\/wp-content\/uploads\/2024\/10\/Randm-Vape-12000-Puffs.jpg",600,600,false],"2048x2048":["https:\/\/rmvapesale.com\/wp-content\/uploads\/2024\/10\/Randm-Vape-12000-Puffs.jpg",600,600,false],"trp-custom-language-flag":["https:\/\/rmvapesale.com\/wp-content\/uploads\/2024\/10\/Randm-Vape-12000-Puffs.jpg",12,12,false],"woocommerce_thumbnail":["https:\/\/rmvapesale.com\/wp-content\/uploads\/2024\/10\/Randm-Vape-12000-Puffs-300x300.jpg",300,300,true],"woocommerce_single":["https:\/\/rmvapesale.com\/wp-content\/uploads\/2024\/10\/Randm-Vape-12000-Puffs.jpg",600,600,false],"woocommerce_gallery_thumbnail":["https:\/\/rmvapesale.com\/wp-content\/uploads\/2024\/10\/Randm-Vape-12000-Puffs-100x100.jpg",100,100,true],"wcpr-photo-reviews":["https:\/\/rmvapesale.com\/wp-content\/uploads\/2024\/10\/Randm-Vape-12000-Puffs.jpg",500,500,false]},"uagb_author_info":{"display_name":"yannazhan","author_link":"https:\/\/rmvapesale.com\/it\/author\/"},"uagb_comment_info":0,"uagb_excerpt":"Original Fumot Vape Digital 12ooo Puffs Factory Price Original Fumot Vape Digital 12k Puffs Price Bulk Buy Fumot Vape RandM Digital 12000 Price Cheap Contact Amy For More Discount And Lower MOQ Vape WhatsApp: +86 17776015835","_links":{"self":[{"href":"https:\/\/rmvapesale.com\/it\/wp-json\/wp\/v2\/product\/1886","targetHints":{"allow":["GET"]}}],"collection":[{"href":"https:\/\/rmvapesale.com\/it\/wp-json\/wp\/v2\/product"}],"about":[{"href":"https:\/\/rmvapesale.com\/it\/wp-json\/wp\/v2\/types\/product"}],"replies":[{"embeddable":true,"href":"https:\/\/rmvapesale.com\/it\/wp-json\/wp\/v2\/comments?post=1886"}],"wp:featuredmedia":[{"embeddable":true,"href":"https:\/\/rmvapesale.com\/it\/wp-json\/wp\/v2\/media\/2485"}],"wp:attachment":[{"href":"https:\/\/rmvapesale.com\/it\/wp-json\/wp\/v2\/media?parent=1886"}],"wp:term":[{"taxonomy":"product_brand","embeddable":true,"href":"https:\/\/rmvapesale.com\/it\/wp-json\/wp\/v2\/product_brand?post=1886"},{"taxonomy":"product_cat","embeddable":true,"href":"https:\/\/rmvapesale.com\/it\/wp-json\/wp\/v2\/product_cat?post=1886"},{"taxonomy":"product_tag","embeddable":true,"href":"https:\/\/rmvapesale.com\/it\/wp-json\/wp\/v2\/product_tag?post=1886"}],"curies":[{"name":"wp","href":"https:\/\/api.w.org\/{rel}","templated":true}]}}