{"id":1894,"date":"2024-05-24T08:08:12","date_gmt":"2024-05-24T08:08:12","guid":{"rendered":"https:\/\/rmvapesale.com\/?post_type=product&#038;p=1894"},"modified":"2024-10-22T08:49:55","modified_gmt":"2024-10-22T08:49:55","slug":"randm-tornado-7000-puffs-original-cheap-price-vapes-fumot-factory","status":"publish","type":"product","link":"https:\/\/rmvapesale.com\/it\/prodotto\/randm-tornado-7000-puffs-original-cheap-price-vapes-fumot-factory\/","title":{"rendered":"RANDM TORNADO 7000 Puffs Originale Prezzo Basso Vapes Fumot Fabbrica"},"content":{"rendered":"<h1>RANDM TORNADO 7000 Puffs Originale Prezzo Basso Vapes Fumot Fabbrica<\/h1>\n<p>La <strong>Fumot Vape RANDM TORNADO 7000<\/strong> \u00e8 un dispositivo vape monouso visivamente innovativo, progettato con un design unico di separazione tra tazza di olio e nucleo di olio, specificamente pensato per le esigenze dei grossisti italiani.<\/p>\n<p>Con una <strong>Capacit\u00e0 di olio di 14ml<\/strong>, la <strong>RANDM vape 7000<\/strong> eroga fino a <strong>7000 puff<\/strong>, offrendo un'esperienza di svapo estesa e soddisfacente. Alimentato da un <strong>850 mAh<\/strong>, questo dispositivo garantisce prestazioni durature nel tempo. Bastano appena tre ore per una ricarica completa utilizzando <strong>porta di ricarica Type-C<\/strong>.<\/p>\n<p>Una delle caratteristiche principali del <strong>RANDM TORNADO 7000<\/strong> \u00e8 il suo avanzato <strong>resistenza a rete<\/strong>, che garantisce uno svapo morbido e ricco di sapore ad ogni tiro. Gli utenti possono scegliere tra un'impressionante selezione di <strong>56 gusti di frutta<\/strong>, assicurando che ci sia qualcosa per tutti. Che si tratti del dolce sapore di bacche o della fresca nota agrumata.<\/p>\n<p>Questo dispositivo \u00e8 un punto di forza nel <strong>cURL Too many subrequests.<\/strong> mercato ed \u00e8 molto ricercato nella <strong>marche di vape usa e getta Fumot<\/strong> collezione. Che tu stia cercando un <strong>svapo usa e getta a basso contenuto di nicotina<\/strong> o semplicemente esplorando nuovi gusti, il <strong>TORNADO 7000<\/strong> offre un'esperienza di svapo di alta qualit\u00e0 a un prezzo accessibile.<\/p>\n<p>Esplora il meglio di <strong>vaporizzatori randm<\/strong> e goditi sapore superiore, comodit\u00e0 e convenienza con le <strong>RANDM TORNADO 7000<\/strong>.<\/p>\n<p><img loading=\"lazy\" decoding=\"async\" class=\"alignnone size-medium wp-image-1896\" src=\"https:\/\/rmvapesale.com\/wp-content\/uploads\/2024\/05\/RANDM-TORNADO-7000-hit-hot-sale-300x273.jpg\" alt=\"RANDM TORNADO 7000 in forte vendita\" width=\"300\" height=\"273\" srcset=\"https:\/\/rmvapesale.com\/wp-content\/uploads\/2024\/05\/RANDM-TORNADO-7000-hit-hot-sale-300x273.jpg 300w, https:\/\/rmvapesale.com\/wp-content\/uploads\/2024\/05\/RANDM-TORNADO-7000-hit-hot-sale-768x699.jpg 768w, https:\/\/rmvapesale.com\/wp-content\/uploads\/2024\/05\/RANDM-TORNADO-7000-hit-hot-sale-600x546.jpg 600w, https:\/\/rmvapesale.com\/wp-content\/uploads\/2024\/05\/RANDM-TORNADO-7000-hit-hot-sale.jpg 800w\" sizes=\"auto, (max-width: 300px) 100vw, 300px\" \/><\/p>\n<p><strong>Aggiungi whatsapp del responsabile vendite AMY <a href=\"https:\/\/wa.me\/8617776015835\" target=\"_blank\" rel=\"noopener\">+86-17776015835<\/a> ottieni pi\u00f9 sconti!<\/strong><\/p>\n<p><img loading=\"lazy\" decoding=\"async\" class=\"size-medium wp-image-1814\" src=\"https:\/\/rmvapesale.com\/wp-content\/uploads\/2024\/04\/whatsapp-amy-229x300.jpg\" alt=\"whatsapp amy\" width=\"229\" height=\"300\" srcset=\"https:\/\/rmvapesale.com\/wp-content\/uploads\/2024\/04\/whatsapp-amy-229x300.jpg 229w, https:\/\/rmvapesale.com\/wp-content\/uploads\/2024\/04\/whatsapp-amy-783x1024.jpg 783w, https:\/\/rmvapesale.com\/wp-content\/uploads\/2024\/04\/whatsapp-amy-768x1005.jpg 768w, https:\/\/rmvapesale.com\/wp-content\/uploads\/2024\/04\/whatsapp-amy-600x785.jpg 600w, https:\/\/rmvapesale.com\/wp-content\/uploads\/2024\/04\/whatsapp-amy.jpg 990w\" sizes=\"auto, (max-width: 229px) 100vw, 229px\" \/><\/p>\n<h2>Specifiche DEL VAPE USA E GETTA FUMOT PUFF 7000:<\/h2>\n<p>Opzioni di contenuto di nicotina: 0%, 2%, 3% e 5%<br \/>\nFino a 7000 puff<br \/>\nPre-riempito con 14ml di e-liquid<br \/>\nbatteria ricaricabile da 850mAh<br \/>\nBobina a rete da 0,9\u03a9<br \/>\n56 gusti disponibili in stock<\/p>\n<h2>FAQ sul Vape USA e Getta Fumot Randm 7000:<\/h2>\n<p>1. Cosa rende il RANDM 7000 diverso dagli altri vape usa e getta?<\/p>\n<p>Il RANDM 7000 offre un numero di puff senza precedenti di 7000, una vasta gamma di 56 gusti di frutta e utilizza una coil in mesh per un sapore e una produzione di vapore superiori.<br \/>\n2. Quanto tempo ci vuole per caricare completamente il dispositivo?<\/p>\n<p>Il dispositivo originale randm fumot tornado 7k puff pu\u00f2 essere completamente caricato in appena tre ore utilizzando la porta di ricarica Type-C.<br \/>\n3. Qual \u00e8 la capacit\u00e0 della batteria del tornado 7k puff originale randm fumot?<\/p>\n<p>La sigaretta elettronica Tornado 7k Puffs Original RandM Fumot \u00e8 dotata di una batteria da 850 mAh (17350), garantendo prestazioni durature.<br \/>\n4. Sono disponibili opzioni di prezzo all'ingrosso per Fumot Vape Original Tornado 7000 Puffs?<\/p>\n<p>S\u00ec, offriamo prezzi all'ingrosso competitivi per Fumot RandM Tornado 7k Puffs per grossisti. Contattaci per ulteriori dettagli sulle nostre opzioni di prezzo all'ingrosso per Fumot Tornado 7000 Puffs.<br \/>\n5. Come posso effettuare un ordine? Come acquistare Fumot a prezzo all'ingrosso Tornado 7000 Puffs?<\/p>\n<p>Per effettuare un ordine, semplicemente<a href=\"https:\/\/wa.me\/8617776015835\" target=\"_blank\" rel=\"noopener\"> contattaci.<\/a> Il nostro team \u00e8 disponibile 24\/7 per assisterti con il tuo acquisto e garantire un'esperienza professionale.<br \/>\n6. \u00c8 prevista una quantit\u00e0 minima d'ordine per acquistare Fumot Vape All'ingrosso Tornado 7000 Puffs?<\/p>\n<p>S\u00ec, la quantit\u00e0 minima d'ordine per acquistare Fumot RandM a prezzo all'ingrosso Tornado 7000 Puffs \u00e8 di 50 pezzi, ideale per grossisti che desiderano iniziare con una quantit\u00e0 gestibile.<\/p>\n<p>Trova altri prodotti da svapo che potrebbero piacerti:<em><a href=\"https:\/\/rmvapesale.com\/it\/shop-2\/\">acquista ora\u00a0<\/a><\/em><\/p>\n<p>altre vendite calde di vape che potrebbero piacerti:<\/p>\n<p><a href=\"https:\/\/rmvapesale.com\/it\/prodotto\/jnr-shisha-vape-15000-puffs-wholesale-price-with-screen-vape\/\">VOPK SHISHA 15K\/ <\/a><a href=\"https:\/\/rmvapesale.com\/it\/prodotto\/randm-vape-al-fakher-10000-puffs-vape-wholesale\/\">randm vape AI FAKHER 15k vape\/<\/a><a href=\"https:\/\/rmvapesale.com\/it\/prodotto\/randm-tornado-15000-puffs-15k-vape-recharge-fumot-original-vape-factory-price\/\">Fumot scatola digitale Puff 12000\/<\/a><\/p>\n<p><a href=\"https:\/\/rmvapesale.com\/it\/prodotto\/original-randm-tornado-9000-puffs-vape-fumot-factory-price-cheap\/\">RandM Tornado 9000 Puff<\/a><\/p>","protected":false},"excerpt":{"rendered":"<p>Funot Vape 7000 Dispositivo Monouso all'ingrosso<br \/>\nRandM Vape 7000 Puff Nicotina Bassa Dispositivo Vape Monouso<br class=\"yoast-text-mark\" \/>RandM Tornado 7000 Tutti i Gusti disponibili in magazzino<\/p>\n<p><img loading=\"lazy\" decoding=\"async\" width=\"229\" height=\"300\" class=\"size-medium wp-image-1814\" src=\"https:\/\/rmvapesale.com\/wp-content\/uploads\/2024\/04\/whatsapp-amy-229x300.jpg\" alt=\"whatsapp amy\" srcset=\"https:\/\/rmvapesale.com\/wp-content\/uploads\/2024\/04\/whatsapp-amy-229x300.jpg 229w, https:\/\/rmvapesale.com\/wp-content\/uploads\/2024\/04\/whatsapp-amy-783x1024.jpg 783w, https:\/\/rmvapesale.com\/wp-content\/uploads\/2024\/04\/whatsapp-amy-768x1005.jpg 768w, https:\/\/rmvapesale.com\/wp-content\/uploads\/2024\/04\/whatsapp-amy-600x785.jpg 600w, https:\/\/rmvapesale.com\/wp-content\/uploads\/2024\/04\/whatsapp-amy.jpg 990w\" sizes=\"auto, (max-width: 229px) 100vw, 229px\" \/><\/p>\n<h3><span style=\"color: #ff0000\"><strong>WhatsApp: +86 17776015835<\/strong><\/span><\/h3>","protected":false},"featured_media":1895,"comment_status":"open","ping_status":"closed","template":"","meta":{"_uag_custom_page_level_css":"","_lmt_disableupdate":"no","_lmt_disable":"","site-sidebar-layout":"default","site-content-layout":"content-boxed-container","ast-site-content-layout":"normal-width-container","site-content-style":"boxed","site-sidebar-style":"unboxed","ast-global-header-display":"","ast-banner-title-visibility":"","ast-main-header-display":"","ast-hfb-above-header-display":"","ast-hfb-below-header-display":"","ast-hfb-mobile-header-display":"","site-post-title":"","ast-breadcrumbs-content":"","ast-featured-img":"","footer-sml-layout":"","theme-transparent-header-meta":"default","adv-header-id-meta":"","stick-header-meta":"","header-above-stick-meta":"","header-main-stick-meta":"","header-below-stick-meta":"","astra-migrate-meta-layouts":"set","ast-page-background-enabled":"default","ast-page-background-meta":{"desktop":{"background-color":"var(--ast-global-color-4)","background-image":"","background-repeat":"repeat","background-position":"center center","background-size":"auto","background-attachment":"scroll","background-type":"","background-media":"","overlay-type":"","overlay-color":"","overlay-opacity":"","overlay-gradient":""},"tablet":{"background-color":"","background-image":"","background-repeat":"repeat","background-position":"center center","background-size":"auto","background-attachment":"scroll","background-type":"","background-media":"","overlay-type":"","overlay-color":"","overlay-opacity":"","overlay-gradient":""},"mobile":{"background-color":"","background-image":"","background-repeat":"repeat","background-position":"center center","background-size":"auto","background-attachment":"scroll","background-type":"","background-media":"","overlay-type":"","overlay-color":"","overlay-opacity":"","overlay-gradient":""}},"ast-content-background-meta":{"desktop":{"background-color":"var(--ast-global-color-5)","background-image":"","background-repeat":"repeat","background-position":"center center","background-size":"auto","background-attachment":"scroll","background-type":"","background-media":"","overlay-type":"","overlay-color":"","overlay-opacity":"","overlay-gradient":""},"tablet":{"background-color":"var(--ast-global-color-5)","background-image":"","background-repeat":"repeat","background-position":"center center","background-size":"auto","background-attachment":"scroll","background-type":"","background-media":"","overlay-type":"","overlay-color":"","overlay-opacity":"","overlay-gradient":""},"mobile":{"background-color":"var(--ast-global-color-5)","background-image":"","background-repeat":"repeat","background-position":"center center","background-size":"auto","background-attachment":"scroll","background-type":"","background-media":"","overlay-type":"","overlay-color":"","overlay-opacity":"","overlay-gradient":""}},"_joinchat":[]},"product_brand":[],"product_cat":[25,123,26,28,135,27,31,137,15,30],"product_tag":[48,39,40,41,183,182,38,37],"class_list":{"0":"post-1894","1":"product","2":"type-product","3":"status-publish","4":"has-post-thumbnail","6":"product_cat-germany-best-selling-vape","7":"product_cat-italy-wholesale-vape","8":"product_cat-netherlands-hot-sale-vape","9":"product_cat-poland-hot-sale-vape","10":"product_cat-spain-best-hot-sale-vape","11":"product_cat-fance-hot-sale-vape","12":"product_cat-randm-fumot-vape","13":"product_cat-rechargeable-vapes","14":"product_cat-new-vape-this-week","15":"product_cat-minimum-order-quantity-50pcs","16":"product_tag-7000-puffs-vape","17":"product_tag-fumot-vape","18":"product_tag-hot-sale-vape","19":"product_tag-original-factory-vape","20":"product_tag-randm-7000","21":"product_tag-randm-tornado-7000","22":"product_tag-randm-vape","23":"product_tag-wholesale-vape-price","24":"desktop-align-left","25":"tablet-align-left","26":"mobile-align-left","28":"first","29":"instock","30":"sale","31":"shipping-taxable","32":"purchasable","33":"product-type-simple"},"uagb_featured_image_src":{"full":["https:\/\/rmvapesale.com\/wp-content\/uploads\/2024\/05\/Ricky-Morty-Tornado-7000-Vape-Flavors.jpg",1200,1200,false],"thumbnail":["https:\/\/rmvapesale.com\/wp-content\/uploads\/2024\/05\/Ricky-Morty-Tornado-7000-Vape-Flavors-150x150.jpg",150,150,true],"medium":["https:\/\/rmvapesale.com\/wp-content\/uploads\/2024\/05\/Ricky-Morty-Tornado-7000-Vape-Flavors-300x300.jpg",300,300,true],"medium_large":["https:\/\/rmvapesale.com\/wp-content\/uploads\/2024\/05\/Ricky-Morty-Tornado-7000-Vape-Flavors-768x768.jpg",768,768,true],"large":["https:\/\/rmvapesale.com\/wp-content\/uploads\/2024\/05\/Ricky-Morty-Tornado-7000-Vape-Flavors-1024x1024.jpg",1024,1024,true],"1536x1536":["https:\/\/rmvapesale.com\/wp-content\/uploads\/2024\/05\/Ricky-Morty-Tornado-7000-Vape-Flavors.jpg",1200,1200,false],"2048x2048":["https:\/\/rmvapesale.com\/wp-content\/uploads\/2024\/05\/Ricky-Morty-Tornado-7000-Vape-Flavors.jpg",1200,1200,false],"trp-custom-language-flag":["https:\/\/rmvapesale.com\/wp-content\/uploads\/2024\/05\/Ricky-Morty-Tornado-7000-Vape-Flavors.jpg",12,12,false],"woocommerce_thumbnail":["https:\/\/rmvapesale.com\/wp-content\/uploads\/2024\/05\/Ricky-Morty-Tornado-7000-Vape-Flavors-300x300.jpg",300,300,true],"woocommerce_single":["https:\/\/rmvapesale.com\/wp-content\/uploads\/2024\/05\/Ricky-Morty-Tornado-7000-Vape-Flavors-600x600.jpg",600,600,true],"woocommerce_gallery_thumbnail":["https:\/\/rmvapesale.com\/wp-content\/uploads\/2024\/05\/Ricky-Morty-Tornado-7000-Vape-Flavors-100x100.jpg",100,100,true],"wcpr-photo-reviews":["https:\/\/rmvapesale.com\/wp-content\/uploads\/2024\/05\/Ricky-Morty-Tornado-7000-Vape-Flavors.jpg",500,500,false]},"uagb_author_info":{"display_name":"yannazhan","author_link":"https:\/\/rmvapesale.com\/it\/author\/"},"uagb_comment_info":0,"uagb_excerpt":"Funot Vape\u00a0 7000 wholesale Disposable RandM Vape 7000 Puff Low Nicotine Disposable VapeRandM Tornado 7000 All Flavours in stock WhatsApp: +86 17776015835","_links":{"self":[{"href":"https:\/\/rmvapesale.com\/it\/wp-json\/wp\/v2\/product\/1894","targetHints":{"allow":["GET"]}}],"collection":[{"href":"https:\/\/rmvapesale.com\/it\/wp-json\/wp\/v2\/product"}],"about":[{"href":"https:\/\/rmvapesale.com\/it\/wp-json\/wp\/v2\/types\/product"}],"replies":[{"embeddable":true,"href":"https:\/\/rmvapesale.com\/it\/wp-json\/wp\/v2\/comments?post=1894"}],"wp:featuredmedia":[{"embeddable":true,"href":"https:\/\/rmvapesale.com\/it\/wp-json\/wp\/v2\/media\/1895"}],"wp:attachment":[{"href":"https:\/\/rmvapesale.com\/it\/wp-json\/wp\/v2\/media?parent=1894"}],"wp:term":[{"taxonomy":"product_brand","embeddable":true,"href":"https:\/\/rmvapesale.com\/it\/wp-json\/wp\/v2\/product_brand?post=1894"},{"taxonomy":"product_cat","embeddable":true,"href":"https:\/\/rmvapesale.com\/it\/wp-json\/wp\/v2\/product_cat?post=1894"},{"taxonomy":"product_tag","embeddable":true,"href":"https:\/\/rmvapesale.com\/it\/wp-json\/wp\/v2\/product_tag?post=1894"}],"curies":[{"name":"wp","href":"https:\/\/api.w.org\/{rel}","templated":true}]}}