{"id":1942,"date":"2024-09-05T05:47:08","date_gmt":"2024-09-05T05:47:08","guid":{"rendered":"https:\/\/rmvapesale.com\/?post_type=product&#038;p=1942"},"modified":"2025-01-20T03:42:22","modified_gmt":"2025-01-20T03:42:22","slug":"vapme-crystal-7000-puffs-rechargeable-disposable-vape-price","status":"publish","type":"product","link":"https:\/\/rmvapesale.com\/it\/prodotto\/vapme-crystal-7000-puffs-rechargeable-disposable-vape-price\/","title":{"rendered":"Vapme Crystal 7000 Puffs Ricaricabile Vape Monouso Prezzo"},"content":{"rendered":"<h1>Vapme Crystal 7000 Puffs Ricaricabile Vape Monouso Prezzo<\/h1>\n<p>Ti presentiamo la Vapme Crystal 7000 puffs vape usa e getta ricaricabile Original Edition, un dispositivo premium progettato per un'esperienza di svapo superiore. Questa vape usa e getta ricaricabile offre un'ampia gamma di aromi e livelli di nicotina personalizzabili. Scegli tra 30 allettanti aromi per personalizzare il tuo viaggio di svapo in base alle tue preferenze di gusto. Qui nel nostro negozio otterrai un prezzo all'ingrosso per la Vapme Crystal 7000 puffs vape usa e getta ricaricabile.<\/p>\n<p>Disponibile con concentrazioni di nicotina di 0%, 2% e 5%, questa vape ti consente di regolare la tua esperienza in base alle tue esigenze.<\/p>\n<p>La vape bar VAPME Crystal \u00e8 alimentata da una robusta batteria al cobalto da 650 mAh e dispone di una comoda porta Type-C per un'alimentazione affidabile e una ricarica senza sforzo.<\/p>\n<p>Con una notevole capacit\u00e0 di e-liquid di 14 ml e una mesh coil da 1,0 ohm, questa vape assicura un vapore fluido e saporito ad ogni tiro.<\/p>\n<p>Goditi fino a 7000 tiri di soddisfazione con questa vape usa e getta ricaricabile, perfetta per coloro che apprezzano sia la comodit\u00e0 che la qualit\u00e0 nella loro esperienza di svapo.<\/p>\n<p>&nbsp;<\/p>\n<p><strong>Contatta Amy per ottenere una risposta immediata e il prezzo all'ingrosso!<\/strong><\/p>\n<p><img loading=\"lazy\" decoding=\"async\" class=\"size-medium wp-image-1814\" src=\"https:\/\/rmvapesale.com\/wp-content\/uploads\/2024\/04\/whatsapp-amy-229x300.jpg\" alt=\"whatsapp amy\" width=\"229\" height=\"300\" srcset=\"https:\/\/rmvapesale.com\/wp-content\/uploads\/2024\/04\/whatsapp-amy-229x300.jpg 229w, https:\/\/rmvapesale.com\/wp-content\/uploads\/2024\/04\/whatsapp-amy-783x1024.jpg 783w, https:\/\/rmvapesale.com\/wp-content\/uploads\/2024\/04\/whatsapp-amy-768x1005.jpg 768w, https:\/\/rmvapesale.com\/wp-content\/uploads\/2024\/04\/whatsapp-amy-600x785.jpg 600w, https:\/\/rmvapesale.com\/wp-content\/uploads\/2024\/04\/whatsapp-amy.jpg 990w\" sizes=\"auto, (max-width: 229px) 100vw, 229px\" \/><\/p>\n<h2><\/h2>\n<h2><strong>Cosa rende <\/strong><strong>PUFF <\/strong><strong>7000 <\/strong><strong>VAPME Crystal <\/strong><strong>una hot<\/strong>\u00a0<strong>vape usa e getta?<\/strong><\/h2>\n<p>Opzioni di contenuto di nicotina: 0%, 2%, 3% e 5%<br \/>\nFino a 7000 puff<br \/>\nPre-riempito con 14ml di e-liquid<br \/>\nbatteria ricaricabile da 650 mAh<br \/>\nMesh coil da 1.0 \u03a9<br \/>\n30 aromi disponibili<\/p>\n<h2><strong>Qual \u00e8 l'aroma popolare per la VAPME Crystal 7000 vape?<\/strong><\/h2>\n<p>VAPME Crystal 7000 Puffs offre un totale di 30 aromi disponibili tra cui scegliere, ce n'\u00e8 per tutti i gusti.<\/p>\n<p>1. Lampone ai mirtilli<br \/>\n2. Uva e frutti di bosco<br \/>\n3. Gomma da masticare alla fragola e anguria<br \/>\n4. Caramella alla fragola e lampone<br \/>\n5.Fragola banana<br \/>\n6. Fragola e mango<br \/>\n7. Pesca, mango e ananas<br \/>\n8.Ghiaccio Watermelon<br \/>\n9. Triplo mango<br \/>\n10. Ghiaccio alla ciliegia<br \/>\n11. Ghiaccio al frutto della passione e melone<br \/>\n12. Kiwi, frutto della passione e guava<br \/>\n13. Ghiaccio alla fragola<br \/>\n14. Ghiaccio alla pesca<br \/>\n15. Limonata alla mirtillo blu<br \/>\n16. Fragola e kiwi<br \/>\n17. Bevanda energetica<br \/>\n18. Cola alla ciliegia<br \/>\n19. Ghiaccio ai frutti di bosco misti<br \/>\n20. Limone e lime<br \/>\n21. Fragola e uva<br \/>\n22. Ghiaccio di ribes nero<br \/>\n23. Mirtillo, mirtillo rosso e ciliegia<br \/>\n24. Ghiaccio all'anguria e kiwi<br \/>\n25. Frutti di bosco alla ciliegia<br \/>\n26. Menta<br \/>\n27. Punch di frutta tropicale<br \/>\n28. Signor blu<br \/>\n29. Doppia mela<br \/>\n30. Ghiaccio alla banana<\/p>\n<figure id=\"attachment_1945\" aria-describedby=\"caption-attachment-1945\" style=\"width: 500px\" class=\"wp-caption alignnone\"><img loading=\"lazy\" decoding=\"async\" class=\"wp-image-1945 size-full\" src=\"https:\/\/rmvapesale.com\/wp-content\/uploads\/2024\/09\/Vapme-Crystal-7000-Puffs-Disposable-Vape-Wholesale.jpg\" alt=\"Vapme Crystal 7000 Puff Vape usa e getta all&#039;ingrosso\" width=\"500\" height=\"500\" srcset=\"https:\/\/rmvapesale.com\/wp-content\/uploads\/2024\/09\/Vapme-Crystal-7000-Puffs-Disposable-Vape-Wholesale.jpg 500w, https:\/\/rmvapesale.com\/wp-content\/uploads\/2024\/09\/Vapme-Crystal-7000-Puffs-Disposable-Vape-Wholesale-300x300.jpg 300w, https:\/\/rmvapesale.com\/wp-content\/uploads\/2024\/09\/Vapme-Crystal-7000-Puffs-Disposable-Vape-Wholesale-150x150.jpg 150w, https:\/\/rmvapesale.com\/wp-content\/uploads\/2024\/09\/Vapme-Crystal-7000-Puffs-Disposable-Vape-Wholesale-100x100.jpg 100w\" sizes=\"auto, (max-width: 500px) 100vw, 500px\" \/><figcaption id=\"caption-attachment-1945\" class=\"wp-caption-text\">Vapme Crystal 7000 Puff Vape usa e getta all'ingrosso<\/figcaption><\/figure>\n<h2><strong>Domande che potresti voler sapere su PUFF Vape VAPME Crystal 7000<\/strong><\/h2>\n<p>&nbsp;<\/p>\n<h3>Q 1. Cos'\u00e8 il VAPME Crystal 7000 Puff Vape Original?<\/h3>\n<p>A: Il <span style=\"font-size: 16px\">VAPME Crystal 7000 Puff<\/span> \u00e8 un dispositivo vape usa e getta ricaricabile, progettato per sessioni di svapo prolungate. Prende il nome dalla sua impressionante capacit\u00e0 di 7000 puff e luci multicolore che ricordano un cristallo illuminato.<\/p>\n<h3>Q 2. Quanto dura la Vape VAPME Crystal 7000 originale?<\/h3>\n<p>A: La\u00a0Originale <span style=\"font-size: 16px\">VAPME Crystal 7000 Puff <\/span>dispone di una batteria integrata da 650 mAh, che offre un uso prolungato con una singola carica. Tuttavia, la durata esatta della batteria dipende dai modelli di utilizzo individuali.<\/p>\n<h3>Q 3. Il PUFF 7000 VAPME Crystal \u00e8 ricaricabile?<\/h3>\n<p><span style=\"font-size: 16px\">A: S\u00ec, il VAPME Crystal 7000 Puff originale \u00e8 dotato di una batteria ricaricabile, che pu\u00f2 essere ricaricata. Puoi usarlo fino all'ultima goccia.<\/span><\/p>\n<h3>Q 4. Dove posso ottenere il prezzo all'ingrosso per Vapme Crystal 7000 puff vape usa e getta ricaricabile?<\/h3>\n<p>A: Il <span style=\"font-size: 16px\">VAPME Crystal 7000 Puff <\/span>\u00e8 disponibile all'acquisto tramite distributori autorizzati. Per richieste all'ingrosso, i distributori possono <a href=\"https:\/\/wa.me\/8617776015835\" target=\"_blank\" rel=\"noopener\">contattaci<\/a> direttamente. I clienti al dettaglio possono trovare il prodotto presso rivenditori selezionati o negozi online.<\/p>\n<p>Trova altri prodotti da svapo che potrebbero piacerti:<em><a href=\"https:\/\/rmvapesale.com\/it\/shop-2\/\">acquista ora\u00a0<\/a><\/em><\/p>\n<p>altre vendite calde di vape che potrebbero piacerti:<\/p>\n<p><a href=\"https:\/\/rmvapesale.com\/it\/prodotto\/randm-vape-al-fakher-10000-puffs-vape-wholesale\/\">randm vape AI FAKHER 15k vape<\/a><\/p>\n<p><a href=\"https:\/\/rmvapesale.com\/it\/prodotto\/original-randm-tornado-9000-puffs-disposable-vape-factory-price\/\">RandM Tornado 9000<\/a><\/p>","protected":false},"excerpt":{"rendered":"<p>Prezzo all'ingrosso di Vapme Crystal 7000 Puffs Vape usa e getta ricaricabile<\/p>\n<p>Puff 7000 Vapme Crystal Vape usa e getta originale Miglior gusto<\/p>\n<p>VAPME CRYSTAL 7000 Puffs 2% Nicotina<\/p>\n<p><strong>Contatta Amy per maggiori sconti e un MOQ Vape pi\u00f9 basso<\/strong><\/p>\n<p><img loading=\"lazy\" decoding=\"async\" class=\"size-medium wp-image-1814\" src=\"https:\/\/rmvapesale.com\/wp-content\/uploads\/2024\/04\/whatsapp-amy-229x300.jpg\" alt=\"whatsapp amy\" width=\"229\" height=\"300\" srcset=\"https:\/\/rmvapesale.com\/wp-content\/uploads\/2024\/04\/whatsapp-amy-229x300.jpg 229w, https:\/\/rmvapesale.com\/wp-content\/uploads\/2024\/04\/whatsapp-amy-783x1024.jpg 783w, https:\/\/rmvapesale.com\/wp-content\/uploads\/2024\/04\/whatsapp-amy-768x1005.jpg 768w, https:\/\/rmvapesale.com\/wp-content\/uploads\/2024\/04\/whatsapp-amy-600x785.jpg 600w, https:\/\/rmvapesale.com\/wp-content\/uploads\/2024\/04\/whatsapp-amy.jpg 990w\" sizes=\"auto, (max-width: 229px) 100vw, 229px\" \/><\/p>\n<h3><span style=\"color: #ff0000\"><strong>WhatsApp: +86 17776015835<\/strong><\/span><\/h3>","protected":false},"featured_media":2671,"comment_status":"open","ping_status":"closed","template":"","meta":{"_uag_custom_page_level_css":"","_lmt_disableupdate":"no","_lmt_disable":"","site-sidebar-layout":"default","site-content-layout":"content-boxed-container","ast-site-content-layout":"normal-width-container","site-content-style":"boxed","site-sidebar-style":"unboxed","ast-global-header-display":"","ast-banner-title-visibility":"","ast-main-header-display":"","ast-hfb-above-header-display":"","ast-hfb-below-header-display":"","ast-hfb-mobile-header-display":"","site-post-title":"","ast-breadcrumbs-content":"","ast-featured-img":"","footer-sml-layout":"","theme-transparent-header-meta":"default","adv-header-id-meta":"","stick-header-meta":"","header-above-stick-meta":"","header-main-stick-meta":"","header-below-stick-meta":"","astra-migrate-meta-layouts":"set","ast-page-background-enabled":"default","ast-page-background-meta":{"desktop":{"background-color":"var(--ast-global-color-4)","background-image":"","background-repeat":"repeat","background-position":"center center","background-size":"auto","background-attachment":"scroll","background-type":"","background-media":"","overlay-type":"","overlay-color":"","overlay-opacity":"","overlay-gradient":""},"tablet":{"background-color":"","background-image":"","background-repeat":"repeat","background-position":"center center","background-size":"auto","background-attachment":"scroll","background-type":"","background-media":"","overlay-type":"","overlay-color":"","overlay-opacity":"","overlay-gradient":""},"mobile":{"background-color":"","background-image":"","background-repeat":"repeat","background-position":"center center","background-size":"auto","background-attachment":"scroll","background-type":"","background-media":"","overlay-type":"","overlay-color":"","overlay-opacity":"","overlay-gradient":""}},"ast-content-background-meta":{"desktop":{"background-color":"var(--ast-global-color-5)","background-image":"","background-repeat":"repeat","background-position":"center center","background-size":"auto","background-attachment":"scroll","background-type":"","background-media":"","overlay-type":"","overlay-color":"","overlay-opacity":"","overlay-gradient":""},"tablet":{"background-color":"var(--ast-global-color-5)","background-image":"","background-repeat":"repeat","background-position":"center center","background-size":"auto","background-attachment":"scroll","background-type":"","background-media":"","overlay-type":"","overlay-color":"","overlay-opacity":"","overlay-gradient":""},"mobile":{"background-color":"var(--ast-global-color-5)","background-image":"","background-repeat":"repeat","background-position":"center center","background-size":"auto","background-attachment":"scroll","background-type":"","background-media":"","overlay-type":"","overlay-color":"","overlay-opacity":"","overlay-gradient":""}},"_joinchat":[]},"product_brand":[],"product_cat":[25,290,293,295,281,272,123,26,28,135,27,137,136,15,30],"product_tag":[48,40,41,54,53,37],"class_list":{"0":"post-1942","1":"product","2":"type-product","3":"status-publish","4":"has-post-thumbnail","6":"product_cat-germany-best-selling-vape","7":"product_cat-crystal-disposable-vapes","8":"product_cat-low-nicotine-disposable-vapes","9":"product_cat-rechargeable-disposable-vapes","10":"product_cat-vapme-vape","11":"product_cat-7000-puff-disposable-vape","12":"product_cat-italy-wholesale-vape","13":"product_cat-netherlands-hot-sale-vape","14":"product_cat-poland-hot-sale-vape","15":"product_cat-spain-best-hot-sale-vape","16":"product_cat-fance-hot-sale-vape","17":"product_cat-rechargeable-vapes","18":"product_cat-smart-screen-vapes","19":"product_cat-new-vape-this-week","20":"product_cat-minimum-order-quantity-50pcs","21":"product_tag-7000-puffs-vape","22":"product_tag-hot-sale-vape","23":"product_tag-original-factory-vape","24":"product_tag-rechargeable-disposable-vape","25":"product_tag-vapme-vape","26":"product_tag-wholesale-vape-price","27":"desktop-align-left","28":"tablet-align-left","29":"mobile-align-left","31":"first","32":"instock","33":"sale","34":"shipping-taxable","35":"purchasable","36":"product-type-simple"},"uagb_featured_image_src":{"full":["https:\/\/rmvapesale.com\/wp-content\/uploads\/2024\/11\/Vapme-Crystal-Rechareable-Vape-Wholesale.jpg",800,800,false],"thumbnail":["https:\/\/rmvapesale.com\/wp-content\/uploads\/2024\/11\/Vapme-Crystal-Rechareable-Vape-Wholesale-150x150.jpg",150,150,true],"medium":["https:\/\/rmvapesale.com\/wp-content\/uploads\/2024\/11\/Vapme-Crystal-Rechareable-Vape-Wholesale-300x300.jpg",300,300,true],"medium_large":["https:\/\/rmvapesale.com\/wp-content\/uploads\/2024\/11\/Vapme-Crystal-Rechareable-Vape-Wholesale-768x768.jpg",768,768,true],"large":["https:\/\/rmvapesale.com\/wp-content\/uploads\/2024\/11\/Vapme-Crystal-Rechareable-Vape-Wholesale.jpg",800,800,false],"1536x1536":["https:\/\/rmvapesale.com\/wp-content\/uploads\/2024\/11\/Vapme-Crystal-Rechareable-Vape-Wholesale.jpg",800,800,false],"2048x2048":["https:\/\/rmvapesale.com\/wp-content\/uploads\/2024\/11\/Vapme-Crystal-Rechareable-Vape-Wholesale.jpg",800,800,false],"trp-custom-language-flag":["https:\/\/rmvapesale.com\/wp-content\/uploads\/2024\/11\/Vapme-Crystal-Rechareable-Vape-Wholesale.jpg",12,12,false],"woocommerce_thumbnail":["https:\/\/rmvapesale.com\/wp-content\/uploads\/2024\/11\/Vapme-Crystal-Rechareable-Vape-Wholesale-300x300.jpg",300,300,true],"woocommerce_single":["https:\/\/rmvapesale.com\/wp-content\/uploads\/2024\/11\/Vapme-Crystal-Rechareable-Vape-Wholesale-600x600.jpg",600,600,true],"woocommerce_gallery_thumbnail":["https:\/\/rmvapesale.com\/wp-content\/uploads\/2024\/11\/Vapme-Crystal-Rechareable-Vape-Wholesale-100x100.jpg",100,100,true],"wcpr-photo-reviews":["https:\/\/rmvapesale.com\/wp-content\/uploads\/2024\/11\/Vapme-Crystal-Rechareable-Vape-Wholesale.jpg",500,500,false]},"uagb_author_info":{"display_name":"AMY","author_link":"https:\/\/rmvapesale.com\/it\/author\/"},"uagb_comment_info":0,"uagb_excerpt":"Vapme Crystal 7000 Puffs Rechargeable Disposable Vape Bulk Buy Price Puff 7000 Vapme Crystal Original Disposable Vape Best Flavor VAPME CRYSTAL 7000 Puffs 2% Nicotine Contact Amy For More Discount And Lower MOQ Vape WhatsApp: +86 17776015835","_links":{"self":[{"href":"https:\/\/rmvapesale.com\/it\/wp-json\/wp\/v2\/product\/1942","targetHints":{"allow":["GET"]}}],"collection":[{"href":"https:\/\/rmvapesale.com\/it\/wp-json\/wp\/v2\/product"}],"about":[{"href":"https:\/\/rmvapesale.com\/it\/wp-json\/wp\/v2\/types\/product"}],"replies":[{"embeddable":true,"href":"https:\/\/rmvapesale.com\/it\/wp-json\/wp\/v2\/comments?post=1942"}],"wp:featuredmedia":[{"embeddable":true,"href":"https:\/\/rmvapesale.com\/it\/wp-json\/wp\/v2\/media\/2671"}],"wp:attachment":[{"href":"https:\/\/rmvapesale.com\/it\/wp-json\/wp\/v2\/media?parent=1942"}],"wp:term":[{"taxonomy":"product_brand","embeddable":true,"href":"https:\/\/rmvapesale.com\/it\/wp-json\/wp\/v2\/product_brand?post=1942"},{"taxonomy":"product_cat","embeddable":true,"href":"https:\/\/rmvapesale.com\/it\/wp-json\/wp\/v2\/product_cat?post=1942"},{"taxonomy":"product_tag","embeddable":true,"href":"https:\/\/rmvapesale.com\/it\/wp-json\/wp\/v2\/product_tag?post=1942"}],"curies":[{"name":"wp","href":"https:\/\/api.w.org\/{rel}","templated":true}]}}