{"id":1950,"date":"2024-09-05T08:27:17","date_gmt":"2024-09-05T08:27:17","guid":{"rendered":"https:\/\/rmvapesale.com\/?post_type=product&#038;p=1950"},"modified":"2025-01-20T03:43:06","modified_gmt":"2025-01-20T03:43:06","slug":"bang-30k-puffs-disposable-vape-double-taste-wholesale-italy","status":"publish","type":"product","link":"https:\/\/rmvapesale.com\/it\/prodotto\/bang-30k-puffs-disposable-vape-double-taste-wholesale-italy\/","title":{"rendered":"Bang 30k Tiri Vape Monouso Doppio Gusto all'ingrosso Italia"},"content":{"rendered":"<h1>Bang 30k Tiri Vape Monouso Doppio Gusto all'ingrosso Italia<\/h1>\n<p>Il Bang 30000 30k Puffs Vape Monouso Doppio Gusto \u00e8 un dispositivo di alta qualit\u00e0 realizzato per un'esperienza di vaping straordinaria. Con ben 30.000 puffs, offre longevit\u00e0 e praticit\u00e0 senza pari. Dotato di una resistenza a mesh da 1.0ohm, eroga un vapore fluido e consistente, esaltando il sapore ad ogni puff. La sua capacit\u00e0 di e-liquid di 36ml garantisce un uso prolungato senza frequenti ricariche. Scegli tra i livelli di nicotina di 0%, 2%, 3% o 5% per soddisfare le tue preferenze.<\/p>\n<p>La batteria da 550mAh offre prestazioni affidabili, mentre la funzione di ricarica Type-C consente ricariche rapide ed efficienti. L'avanzato display LCD ti tiene aggiornato sulla durata della batteria e sui livelli di e-liquid, garantendo un'esperienza senza interruzioni.<\/p>\n<p>Il Bang 30000 puffs vanta anche la funzionalit\u00e0 Doppio Gusto, che ti consente di passare da due gusti distinti per una sessione di vaping versatile. Ideale sia per i principianti che per i vapers esperti, combina alta capacit\u00e0, facilit\u00e0 d'uso e tecnologia all'avanguardia per un'esperienza di vaping premium.<\/p>\n<p><strong>Contatta Amy per ottenere una risposta immediata e il prezzo all'ingrosso!<\/strong><\/p>\n<p><img loading=\"lazy\" decoding=\"async\" class=\"size-medium wp-image-1814\" src=\"https:\/\/rmvapesale.com\/wp-content\/uploads\/2024\/04\/whatsapp-amy-229x300.jpg\" alt=\"whatsapp amy\" width=\"229\" height=\"300\" srcset=\"https:\/\/rmvapesale.com\/wp-content\/uploads\/2024\/04\/whatsapp-amy-229x300.jpg 229w, https:\/\/rmvapesale.com\/wp-content\/uploads\/2024\/04\/whatsapp-amy-783x1024.jpg 783w, https:\/\/rmvapesale.com\/wp-content\/uploads\/2024\/04\/whatsapp-amy-768x1005.jpg 768w, https:\/\/rmvapesale.com\/wp-content\/uploads\/2024\/04\/whatsapp-amy-600x785.jpg 600w, https:\/\/rmvapesale.com\/wp-content\/uploads\/2024\/04\/whatsapp-amy.jpg 990w\" sizes=\"auto, (max-width: 229px) 100vw, 229px\" \/><\/p>\n<h2><strong>Cosa rende Bang 30000 Puffs il<\/strong><strong>\u00a0vape monouso pi\u00f9 venduto?<\/strong><\/h2>\n<p>Caratterizzato da specifiche eccellenti, l'autentico Bang 30000 Puffs Vape Monouso Doppio Gusto si distingue come uno dei vape monouso con la pi\u00f9 alta capacit\u00e0 sul mercato.<\/p>\n<p>Puffs: 30000puffs<br \/>\nResistenza: Mesh coil 1.0ohm<br \/>\nE-liquid: 36ml<br \/>\nNicotina: 0%\/2%\/3%\/5%<br \/>\nBatteria: 550mAh<br \/>\nRicaricabile: Tipo-C<br \/>\nDisplay digitale LCD<br \/>\nGusto doppio<\/p>\n<h2><strong>Qual \u00e8 il miglior gusto per <\/strong><strong>Bang 30k <\/strong><strong>puff di vape?<\/strong><\/h2>\n<p>mirtillo lampone<\/p>\n<p>Questo Vape Bang 30000 offre un totale di 12 gusti disponibili tra cui scegliere, ce n'\u00e8 sicuramente uno per te.<\/p>\n<p>1. anguria ghiaccio<br \/>\n2. anguria ghiaccio<br \/>\n3. fragola anguria<br \/>\n4. fragola e anguria<br \/>\n5. mirtillo ghiaccio<br \/>\n6. mirtillo ghiaccio<br \/>\n7. red bull<br \/>\n8. red bull<br \/>\n9. mirtillo lampone<br \/>\n10. mirtillo lampone<br \/>\n11. fragola kiwi<br \/>\n12. fragola kiwi<\/p>\n<h2><strong>Domande che potresti voler sapere su Bang 30000 Vape Monouso<\/strong><\/h2>\n<h3>Q1. Cos'\u00e8 il Vape Bang30k Puffs?<\/h3>\n<p>A: Il Bang 30k Puffs Original \u00e8 un dispositivo di svapo monouso progettato per sessioni di svapo prolungate. Prende il nome dalla sua impressionante capacit\u00e0 di 15.000 puff.<\/p>\n<h3>Q2. Quanto dura l'autentico BangKing 30000 Puffs 15K Vape?<\/h3>\n<p>A: Il Bang 30k Puffs Authentic \u00e8 dotato di una batteria integrata con una capacit\u00e0 di 550 mAh, che offre un utilizzo prolungato con una singola carica. Ma la durata esatta della batteria dipende dai modelli di utilizzo individuali.<\/p>\n<h3>Q3. Il Bang 30000 Vape Original \u00e8 ricaricabile?<\/h3>\n<p><span style=\"font-size: 16px\">A: S\u00ec, il Bang 30k Puffs Original \u00e8 dotato di una batteria ricaricabile, quindi \u00e8 ricaricabile e puoi godertelo fino all'ultima goccia.<\/span><\/p>\n<h3>Q4. Dove posso acquistare il Vape Bang 30000 Puffs originale?<\/h3>\n<p>A: Il Bang 30k Puffs Genuine \u00e8 disponibile per l'acquisto tramite distributori autorizzati. Per richieste all'ingrosso, i distributori possono <a href=\"https:\/\/wa.me\/8617776015835\" target=\"_blank\" rel=\"noopener\">contattaci<\/a> direttamente. I clienti al dettaglio possono trovare il prodotto presso rivenditori selezionati o negozi online. Tutti i prodotti nel nostro negozio sono originali e autentici al 100%, quindi il risarcimento dieci volte superiore per i prodotti falsi \u00e8 la politica del nostro negozio.<\/p>\n<p>&nbsp;<\/p>\n<p><strong>Dettagli di spedizione:<\/strong><\/p>\n<div class=\"flex-shrink-0 flex flex-col relative items-end\">\n<div>\n<div class=\"pt-0\">\n<div class=\"gizmo-bot-avatar flex h-8 w-8 items-center justify-center overflow-hidden rounded-full\">\n<div class=\"relative p-1 rounded-sm flex items-center justify-center bg-token-main-surface-primary text-token-text-primary h-8 w-8\"><strong>Quali metodi di spedizione vengono utilizzati?<\/strong><\/div>\n<\/div>\n<\/div>\n<\/div>\n<\/div>\n<div class=\"group\/conversation-turn relative flex w-full min-w-0 flex-col agent-turn\">\n<div class=\"flex-col gap-1 md:gap-3\">\n<div class=\"flex max-w-full flex-col flex-grow\">\n<div class=\"min-h-[20px] text-message flex w-full flex-col items-end gap-2 whitespace-normal break-words [.text-message+&amp;]:mt-5 overflow-x-auto\" dir=\"auto\" data-message-author-role=\"assistant\" data-message-id=\"22f8283b-3233-46ff-89a5-c7a41b33abda\">\n<div class=\"flex w-full flex-col gap-1 empty:hidden first:pt-[3px]\">\n<div class=\"markdown prose w-full break-words dark:prose-invert light\">\n<p>Collaboriamo con UPS, DHL, FedEx, DPD e altri vettori leader. Selezioneremo il miglior metodo di spedizione in base alla tua posizione di consegna per assicurarti di ricevere i tuoi prodotti il pi\u00f9 rapidamente possibile.<\/p>\n<\/div>\n<p><strong>Quanto tempo ci vuole per arrivare?<\/strong><\/p>\n<p>I pacchi spediti in Italia arrivano solitamente entro 12-15 giorni lavorativi. Forniremo aggiornamenti in tempo reale sullo stato della tua spedizione.<\/p>\n<p>&nbsp;<\/p>\n<\/div>\n<\/div>\n<\/div>\n<\/div>\n<\/div>\n<p>Trova altri prodotti da svapo che potrebbero piacerti:<em><a href=\"https:\/\/rmvapesale.com\/it\/shop-2\/\">acquista ora\u00a0<\/a><\/em><\/p>\n<p>altre vendite calde di vape che potrebbero piacerti:<\/p>\n<p><a href=\"https:\/\/rmvapesale.com\/it\/prodotto\/randm-vape-al-fakher-10000-puffs-vape-wholesale\/\">randm vape AI FAKHER 15k vape<\/a><\/p>\n<p><a href=\"https:\/\/rmvapesale.com\/it\/prodotto\/original-randm-tornado-9000-puffs-disposable-vape-factory-price\/\">RandM Tornado 9000<\/a><\/p>","protected":false},"excerpt":{"rendered":"<p>Bang 30000 30k Puffs Vape Monouso Doppio Gusto Prezzo All'ingrosso<br \/>\nORIGINALE Bang 30000 Puffs Vape Monouso Fabbrica All'ingrosso in Magazzino<br \/>\nBANG 30000 doppio gusto 30K Vape Monouso Prezzo Scontato<\/p>\n<p><strong>Contatta Amy per maggiori sconti e un MOQ Vape pi\u00f9 basso<\/strong><\/p>\n<p><img loading=\"lazy\" decoding=\"async\" class=\"size-medium wp-image-1814\" src=\"https:\/\/rmvapesale.com\/wp-content\/uploads\/2024\/04\/whatsapp-amy-229x300.jpg\" alt=\"whatsapp amy\" width=\"229\" height=\"300\" srcset=\"https:\/\/rmvapesale.com\/wp-content\/uploads\/2024\/04\/whatsapp-amy-229x300.jpg 229w, https:\/\/rmvapesale.com\/wp-content\/uploads\/2024\/04\/whatsapp-amy-783x1024.jpg 783w, https:\/\/rmvapesale.com\/wp-content\/uploads\/2024\/04\/whatsapp-amy-768x1005.jpg 768w, https:\/\/rmvapesale.com\/wp-content\/uploads\/2024\/04\/whatsapp-amy-600x785.jpg 600w, https:\/\/rmvapesale.com\/wp-content\/uploads\/2024\/04\/whatsapp-amy.jpg 990w\" sizes=\"auto, (max-width: 229px) 100vw, 229px\" \/><\/p>\n<h3><span style=\"color: #ff0000\"><strong>WhatsApp: +86 17776015835<\/strong><\/span><\/h3>","protected":false},"featured_media":1951,"comment_status":"open","ping_status":"closed","template":"","meta":{"_uag_custom_page_level_css":"","_lmt_disableupdate":"no","_lmt_disable":"","site-sidebar-layout":"default","site-content-layout":"content-boxed-container","ast-site-content-layout":"normal-width-container","site-content-style":"boxed","site-sidebar-style":"unboxed","ast-global-header-display":"","ast-banner-title-visibility":"","ast-main-header-display":"","ast-hfb-above-header-display":"","ast-hfb-below-header-display":"","ast-hfb-mobile-header-display":"","site-post-title":"","ast-breadcrumbs-content":"","ast-featured-img":"","footer-sml-layout":"","theme-transparent-header-meta":"default","adv-header-id-meta":"","stick-header-meta":"","header-above-stick-meta":"","header-main-stick-meta":"","header-below-stick-meta":"","astra-migrate-meta-layouts":"set","ast-page-background-enabled":"default","ast-page-background-meta":{"desktop":{"background-color":"var(--ast-global-color-4)","background-image":"","background-repeat":"repeat","background-position":"center center","background-size":"auto","background-attachment":"scroll","background-type":"","background-media":"","overlay-type":"","overlay-color":"","overlay-opacity":"","overlay-gradient":""},"tablet":{"background-color":"","background-image":"","background-repeat":"repeat","background-position":"center center","background-size":"auto","background-attachment":"scroll","background-type":"","background-media":"","overlay-type":"","overlay-color":"","overlay-opacity":"","overlay-gradient":""},"mobile":{"background-color":"","background-image":"","background-repeat":"repeat","background-position":"center center","background-size":"auto","background-attachment":"scroll","background-type":"","background-media":"","overlay-type":"","overlay-color":"","overlay-opacity":"","overlay-gradient":""}},"ast-content-background-meta":{"desktop":{"background-color":"var(--ast-global-color-5)","background-image":"","background-repeat":"repeat","background-position":"center center","background-size":"auto","background-attachment":"scroll","background-type":"","background-media":"","overlay-type":"","overlay-color":"","overlay-opacity":"","overlay-gradient":""},"tablet":{"background-color":"var(--ast-global-color-5)","background-image":"","background-repeat":"repeat","background-position":"center center","background-size":"auto","background-attachment":"scroll","background-type":"","background-media":"","overlay-type":"","overlay-color":"","overlay-opacity":"","overlay-gradient":""},"mobile":{"background-color":"var(--ast-global-color-5)","background-image":"","background-repeat":"repeat","background-position":"center center","background-size":"auto","background-attachment":"scroll","background-type":"","background-media":"","overlay-type":"","overlay-color":"","overlay-opacity":"","overlay-gradient":""}},"_joinchat":[]},"product_brand":[],"product_cat":[25,289,291,292,298,293,295,299,279,253,123,26,28,135,27,60,137,136,15,30],"product_tag":[55,56,57,58,40,41,59,37],"class_list":{"0":"post-1950","1":"product","2":"type-product","3":"status-publish","4":"has-post-thumbnail","6":"product_cat-germany-best-selling-vape","7":"product_cat-big-puffs-disposable-vapes","8":"product_cat-dual-mesh-disposable-vapes","9":"product_cat-digital-disposable-vapes","10":"product_cat-double-flavor-disposable-vapes","11":"product_cat-low-nicotine-disposable-vapes","12":"product_cat-rechargeable-disposable-vapes","13":"product_cat-smart-screen-disposable-vapes","14":"product_cat-bang-king-vape","15":"product_cat-15000-puff-disposable-vape","16":"product_cat-italy-wholesale-vape","17":"product_cat-netherlands-hot-sale-vape","18":"product_cat-poland-hot-sale-vape","19":"product_cat-spain-best-hot-sale-vape","20":"product_cat-fance-hot-sale-vape","21":"product_cat-bang-vapes","22":"product_cat-rechargeable-vapes","23":"product_cat-smart-screen-vapes","24":"product_cat-new-vape-this-week","25":"product_cat-minimum-order-quantity-50pcs","26":"product_tag-buy-vape-pods","27":"product_tag-disposable-vape-wholesale-near-me","28":"product_tag-disposable-vape-wholesale-supplier","29":"product_tag-electric-cigarettes","30":"product_tag-hot-sale-vape","31":"product_tag-original-factory-vape","32":"product_tag-puffs-vape","33":"product_tag-wholesale-vape-price","34":"desktop-align-left","35":"tablet-align-left","36":"mobile-align-left","38":"first","39":"instock","40":"sale","41":"shipping-taxable","42":"purchasable","43":"product-type-simple"},"uagb_featured_image_src":{"full":["https:\/\/rmvapesale.com\/wp-content\/uploads\/2024\/09\/Bang-30000-Disposable-Vape.jpg",800,800,false],"thumbnail":["https:\/\/rmvapesale.com\/wp-content\/uploads\/2024\/09\/Bang-30000-Disposable-Vape-150x150.jpg",150,150,true],"medium":["https:\/\/rmvapesale.com\/wp-content\/uploads\/2024\/09\/Bang-30000-Disposable-Vape-300x300.jpg",300,300,true],"medium_large":["https:\/\/rmvapesale.com\/wp-content\/uploads\/2024\/09\/Bang-30000-Disposable-Vape-768x768.jpg",768,768,true],"large":["https:\/\/rmvapesale.com\/wp-content\/uploads\/2024\/09\/Bang-30000-Disposable-Vape.jpg",800,800,false],"1536x1536":["https:\/\/rmvapesale.com\/wp-content\/uploads\/2024\/09\/Bang-30000-Disposable-Vape.jpg",800,800,false],"2048x2048":["https:\/\/rmvapesale.com\/wp-content\/uploads\/2024\/09\/Bang-30000-Disposable-Vape.jpg",800,800,false],"trp-custom-language-flag":["https:\/\/rmvapesale.com\/wp-content\/uploads\/2024\/09\/Bang-30000-Disposable-Vape.jpg",12,12,false],"woocommerce_thumbnail":["https:\/\/rmvapesale.com\/wp-content\/uploads\/2024\/09\/Bang-30000-Disposable-Vape-300x300.jpg",300,300,true],"woocommerce_single":["https:\/\/rmvapesale.com\/wp-content\/uploads\/2024\/09\/Bang-30000-Disposable-Vape-600x600.jpg",600,600,true],"woocommerce_gallery_thumbnail":["https:\/\/rmvapesale.com\/wp-content\/uploads\/2024\/09\/Bang-30000-Disposable-Vape-100x100.jpg",100,100,true],"wcpr-photo-reviews":["https:\/\/rmvapesale.com\/wp-content\/uploads\/2024\/09\/Bang-30000-Disposable-Vape.jpg",500,500,false]},"uagb_author_info":{"display_name":"AMY","author_link":"https:\/\/rmvapesale.com\/it\/author\/"},"uagb_comment_info":0,"uagb_excerpt":"Bang 30000 30k Puffs Double Taste Disposable Vape Wholesale Price ORIGINAL Bang 30000 Puffs Disposable Vape Factory Wholesale in Stock BANG 30000 double flavor 30K Disposable Vape Discount Price Contact Amy For More Discount And Lower MOQ Vape WhatsApp: +86 17776015835","_links":{"self":[{"href":"https:\/\/rmvapesale.com\/it\/wp-json\/wp\/v2\/product\/1950","targetHints":{"allow":["GET"]}}],"collection":[{"href":"https:\/\/rmvapesale.com\/it\/wp-json\/wp\/v2\/product"}],"about":[{"href":"https:\/\/rmvapesale.com\/it\/wp-json\/wp\/v2\/types\/product"}],"replies":[{"embeddable":true,"href":"https:\/\/rmvapesale.com\/it\/wp-json\/wp\/v2\/comments?post=1950"}],"wp:featuredmedia":[{"embeddable":true,"href":"https:\/\/rmvapesale.com\/it\/wp-json\/wp\/v2\/media\/1951"}],"wp:attachment":[{"href":"https:\/\/rmvapesale.com\/it\/wp-json\/wp\/v2\/media?parent=1950"}],"wp:term":[{"taxonomy":"product_brand","embeddable":true,"href":"https:\/\/rmvapesale.com\/it\/wp-json\/wp\/v2\/product_brand?post=1950"},{"taxonomy":"product_cat","embeddable":true,"href":"https:\/\/rmvapesale.com\/it\/wp-json\/wp\/v2\/product_cat?post=1950"},{"taxonomy":"product_tag","embeddable":true,"href":"https:\/\/rmvapesale.com\/it\/wp-json\/wp\/v2\/product_tag?post=1950"}],"curies":[{"name":"wp","href":"https:\/\/api.w.org\/{rel}","templated":true}]}}