{"id":2001,"date":"2024-09-18T02:33:31","date_gmt":"2024-09-18T02:33:31","guid":{"rendered":"https:\/\/rmvapesale.com\/?post_type=product&#038;p=2001"},"modified":"2025-01-20T03:54:40","modified_gmt":"2025-01-20T03:54:40","slug":"waspe-tornado-15000-puffs-original-factory-price","status":"publish","type":"product","link":"https:\/\/rmvapesale.com\/it\/prodotto\/waspe-tornado-15000-puffs-original-factory-price\/","title":{"rendered":"Waspe Tornado 15000 Puffs Prezzo di fabbrica originale"},"content":{"rendered":"<h1>Waspe Tornado 15000 Puffs Prezzo di fabbrica originale<\/h1>\n<p>Scopri un nuovo vape usa e getta con Waspe Tornado 15000 Puff Original, che offre fino a 15000 puff ed \u00e8 disponibile esclusivamente dalla fabbrica Waspe. Questo innovativo dispositivo di svapo offre un'esperienza eccezionale senza nicotina a un prezzo competitivo. Il suo design elegante presenta uno schermo LED per monitorare la durata della batteria e il conteggio dei puff, il tutto racchiuso in una struttura ergonomica che ti consente di godere di una variet\u00e0 di sapori come mai prima d'ora.<\/p>\n<p><strong>Contatta Amy per ottenere una risposta rapida e altri video del prodotto!<\/strong><\/p>\n<figure id=\"attachment_1978\" aria-describedby=\"caption-attachment-1978\" style=\"width: 229px\" class=\"wp-caption alignnone\"><img loading=\"lazy\" decoding=\"async\" class=\"size-full wp-image-1978\" src=\"https:\/\/rmvapesale.com\/wp-content\/uploads\/2024\/09\/Disposable-Vape-Wholesale.jpg\" alt=\"Vaporizzatore Usa e Getta Ingrosso\" width=\"229\" height=\"300\" \/><figcaption id=\"caption-attachment-1978\" class=\"wp-caption-text\">Vaporizzatore Usa e Getta Ingrosso<\/figcaption><\/figure>\n<h3><span style=\"color: #ff0000\"><strong>WhatsApp: +86 17776015835<\/strong><\/span><\/h3>\n<p>&nbsp;<\/p>\n<figure id=\"attachment_2013\" aria-describedby=\"caption-attachment-2013\" style=\"width: 300px\" class=\"wp-caption alignnone\"><img loading=\"lazy\" decoding=\"async\" class=\"size-medium wp-image-2013\" src=\"https:\/\/rmvapesale.com\/wp-content\/uploads\/2024\/09\/Waspe-Tornado-15000-300x300.png\" alt=\"Waspe Tornado 15000\" width=\"300\" height=\"300\" srcset=\"https:\/\/rmvapesale.com\/wp-content\/uploads\/2024\/09\/Waspe-Tornado-15000-300x300.png 300w, https:\/\/rmvapesale.com\/wp-content\/uploads\/2024\/09\/Waspe-Tornado-15000-150x150.png 150w, https:\/\/rmvapesale.com\/wp-content\/uploads\/2024\/09\/Waspe-Tornado-15000-768x768.png 768w, https:\/\/rmvapesale.com\/wp-content\/uploads\/2024\/09\/Waspe-Tornado-15000-600x600.png 600w, https:\/\/rmvapesale.com\/wp-content\/uploads\/2024\/09\/Waspe-Tornado-15000-100x100.png 100w, https:\/\/rmvapesale.com\/wp-content\/uploads\/2024\/09\/Waspe-Tornado-15000.png 800w\" sizes=\"auto, (max-width: 300px) 100vw, 300px\" \/><figcaption id=\"caption-attachment-2013\" class=\"wp-caption-text\">Waspe Tornado 15000<\/figcaption><\/figure>\n<h2><strong>Caratteristiche principali di Waspe Tornado 15000 puff<\/strong><\/h2>\n<p>Puff: 15000<br \/>\nBatteria: 850mah Ricaricabile<br \/>\nDisplay: Display a LED<br \/>\nNicotina: 0% 2% 3% 5%<br \/>\nCapacit\u00e0 del liquido: 22ml<br \/>\nResistenza: Mesh Coil<\/p>\n<h2><strong>Il miglior sapore per Waspe Tornado 15000<\/strong><\/h2>\n<p>Il kit usa e getta Waspe Tornado 15000 puff vanta 12 sapori sapientemente realizzati, ognuno progettato per offrire un'esperienza di gusto distintiva e soddisfacente, c'\u00e8 qualcosa di meglio per te<\/p>\n<p>1. Ghiaccio all'anguria<span style=\"color: #ff0000\"><strong>&gt;&gt;&gt;&gt;Caldo!<\/strong><\/span><br \/>\n2. Anguria e fragola<br \/>\n3. Aranciata<br \/>\n4. Mela doppia<span style=\"color: #ff0000\"><strong>&gt;&gt;&gt;&gt;Caldo!<\/strong><\/span><br \/>\n5. Kiwi alla fragola<br \/>\n6. Ghiaccio alla ciliegia<span style=\"color: #ff0000\"><strong>&gt;&gt;&gt;&gt;Caldo!<\/strong><\/span><br \/>\n7. Uva all'aloe<br \/>\n8. Frutti di bosco misti<span style=\"color: #ff0000\"><strong>&gt;&gt;&gt;&gt;Migliore!<\/strong><\/span><br \/>\n9. Ghiaccio ai mirtilli<br \/>\n10. Mango e Fragola<br \/>\n11. Limone al lampone blu<span style=\"color: #ff0000\"><strong>&gt;&gt;&gt;&gt;Caldo!<\/strong><\/span><br \/>\n12. Pesca Ghiaccio<\/p>\n<h2><strong>Domande che potresti avere su Waspe Tornado 15000<\/strong><\/h2>\n<p>&nbsp;<\/p>\n<p><strong>1. Come si usa il Waspe Tornado 15000<\/strong><strong>\u00a0<\/strong><strong>se sono nuovo allo svapo?<\/strong><br \/>\nIl Waspe Tornado 15000 \u00e8 progettato per essere facile da usare. Basta scartare il dispositivo e iniziare a tirare per goderti il sapore selezionato. Non sono richieste impostazioni complicate o manutenzione, il che lo rende una scelta perfetta per i principianti.<\/p>\n<p><strong>2. Il Waspe Tornado 15000 \u00e8 ecologico?<\/strong><br \/>\nS\u00ec, Vapes Europe \u00e8 impegnata nella sostenibilit\u00e0. Sebbene il Waspe Tornado 15000 sia un dispositivo usa e getta, incoraggiamo uno smaltimento responsabile. Si prega di utilizzare le strutture di riciclaggio dei rifiuti elettronici designate per ridurre al minimo l'impatto ambientale e garantire la corretta gestione dei componenti del dispositivo.<\/p>\n<p><strong>3. Come devo smaltire Waspe Tornado 15000 in modo sicuro?<\/strong><br \/>\nPer smaltire il Waspe Tornado 15000, assicurarsi innanzitutto che sia completamente esaurito. Quindi, seguire le normative locali per lo smaltimento dei rifiuti elettronici o i centri di riciclaggio. Molte comunit\u00e0 offrono punti di raccolta specifici per i dispositivi elettronici per garantire uno smaltimento corretto e ridurre l'impatto ambientale.<\/p>\n<p><strong>4. Il Waspe Tornado 15000 \u00e8 sicuro per l'uso e lo smaltimento?<\/strong><br \/>\nAssolutamente. Il Waspe Tornado 15000 \u00e8 progettato pensando alla sicurezza e aderisce agli standard del settore. La sua natura usa e getta elimina i problemi di manutenzione e, se smaltito in modo responsabile, ha un impatto ambientale minimo. Seguire sempre le linee guida sulla sicurezza e non esitate a contattare il nostro team di assistenza clienti per qualsiasi domanda specifica.<\/p>\n<p>&nbsp;<\/p>\n<h3><b>DOMANDE FREQUENTI<\/b><\/h3>\n<p>&nbsp;<\/p>\n<div class=\"flex-shrink-0 flex flex-col relative items-end\">\n<div>\n<div class=\"pt-0\">\n<div class=\"gizmo-bot-avatar flex h-8 w-8 items-center justify-center overflow-hidden rounded-full\">\n<div class=\"relative p-1 rounded-sm flex items-center justify-center bg-token-main-surface-primary text-token-text-primary h-8 w-8\"><strong>Quali metodi di spedizione vengono utilizzati?<\/strong><\/div>\n<\/div>\n<\/div>\n<\/div>\n<\/div>\n<div class=\"group\/conversation-turn relative flex w-full min-w-0 flex-col agent-turn\">\n<div class=\"flex-col gap-1 md:gap-3\">\n<div class=\"flex max-w-full flex-col flex-grow\">\n<div class=\"min-h-[20px] text-message flex w-full flex-col items-end gap-2 whitespace-normal break-words [.text-message+&amp;]:mt-5 overflow-x-auto\" dir=\"auto\" data-message-author-role=\"assistant\" data-message-id=\"22f8283b-3233-46ff-89a5-c7a41b33abda\">\n<div class=\"flex w-full flex-col gap-1 empty:hidden first:pt-[3px]\">\n<div class=\"markdown prose w-full break-words dark:prose-invert light\">\n<p>Collaboriamo con UPS, DHL, FedEx, DPD e altri vettori leader. Selezioneremo il miglior metodo di spedizione in base alla tua posizione di consegna per assicurarti di ricevere i tuoi prodotti il pi\u00f9 rapidamente possibile.<\/p>\n<\/div>\n<p><strong>Quanto tempo ci vuole per arrivare?<\/strong><\/p>\n<p>I pacchi spediti in Italia arrivano solitamente entro 12-15 giorni lavorativi. Forniremo aggiornamenti in tempo reale sullo stato della tua spedizione.<\/p>\n<\/div>\n<p><strong>garanzia<\/strong><\/p>\n<p>Tutti i prodotti nel nostro negozio sono garantiti al 100% originali e autentici. Offriamo un risarcimento 10 volte superiore per merci contraffatte!<\/p>\n<div class=\"flex w-full flex-col gap-1 empty:hidden first:pt-[3px]\">\n<p>&nbsp;<\/p>\n<\/div>\n<\/div>\n<\/div>\n<\/div>\n<\/div>\n<p>Trova altri prodotti da svapo che potrebbero piacerti:<strong><em><a href=\"https:\/\/rmvapesale.com\/it\/shop-2\/\">acquista ora &gt;&gt;&gt;<\/a><\/em><\/strong><\/p>\n<p>altre vendite calde di vape che potrebbero piacerti:<\/p>\n<p><strong><a href=\"https:\/\/rmvapesale.com\/it\/prodotto\/bang-digital-box-15000-puffs-original-factory-wholesale\/\">Bang Digital Box 15000 Puff<\/a><\/strong><\/p>\n<p><strong><a href=\"https:\/\/rmvapesale.com\/it\/prodotto\/bang-beach-22000-puffs-smart-screen-vapes-factory-price\/\">Bang Beach 22000 Puff<\/a><\/strong><\/p>\n<p><a href=\"https:\/\/rmvapesale.com\/it\/prodotto\/randm-tornado-15000-puffs-vape-wholesale\/\"><strong>RandM Tornado 15000 Puff<\/strong><\/a><\/p>\n<p>&nbsp;<\/p>","protected":false},"excerpt":{"rendered":"<p class=\"LC20lb MBeuO DKV0Md\">Waspe Tornado 15000 puff Vape usa e getta<\/p>\n<p>Prezzo all'ingrosso originale Waspe Tornado 15000 puff<\/p>\n<p>WASPE 15000 Puff Vape usa e getta originale con luce LED<\/p>\n<p><strong>Contatta Amy per maggiori sconti e un MOQ Vape pi\u00f9 basso<\/strong><\/p>\n<p><img loading=\"lazy\" decoding=\"async\" class=\"size-medium wp-image-1814\" src=\"https:\/\/rmvapesale.com\/wp-content\/uploads\/2024\/04\/whatsapp-amy-229x300.jpg\" alt=\"whatsapp amy\" width=\"229\" height=\"300\" srcset=\"https:\/\/rmvapesale.com\/wp-content\/uploads\/2024\/04\/whatsapp-amy-229x300.jpg 229w, https:\/\/rmvapesale.com\/wp-content\/uploads\/2024\/04\/whatsapp-amy-783x1024.jpg 783w, https:\/\/rmvapesale.com\/wp-content\/uploads\/2024\/04\/whatsapp-amy-768x1005.jpg 768w, https:\/\/rmvapesale.com\/wp-content\/uploads\/2024\/04\/whatsapp-amy-600x785.jpg 600w, https:\/\/rmvapesale.com\/wp-content\/uploads\/2024\/04\/whatsapp-amy.jpg 990w\" sizes=\"auto, (max-width: 229px) 100vw, 229px\" \/><\/p>\n<h3><span style=\"color: #ff0000\"><strong>WhatsApp: +86 17776015835<\/strong><\/span><\/h3>","protected":false},"featured_media":2012,"comment_status":"open","ping_status":"closed","template":"","meta":{"_uag_custom_page_level_css":"","_lmt_disableupdate":"no","_lmt_disable":"","site-sidebar-layout":"default","site-content-layout":"content-boxed-container","ast-site-content-layout":"normal-width-container","site-content-style":"boxed","site-sidebar-style":"unboxed","ast-global-header-display":"","ast-banner-title-visibility":"","ast-main-header-display":"","ast-hfb-above-header-display":"","ast-hfb-below-header-display":"","ast-hfb-mobile-header-display":"","site-post-title":"","ast-breadcrumbs-content":"","ast-featured-img":"","footer-sml-layout":"","ast-disable-related-posts":"","theme-transparent-header-meta":"default","adv-header-id-meta":"","stick-header-meta":"","header-above-stick-meta":"","header-main-stick-meta":"","header-below-stick-meta":"","astra-migrate-meta-layouts":"set","ast-page-background-enabled":"default","ast-page-background-meta":{"desktop":{"background-color":"var(--ast-global-color-4)","background-image":"","background-repeat":"repeat","background-position":"center center","background-size":"auto","background-attachment":"scroll","background-type":"","background-media":"","overlay-type":"","overlay-color":"","overlay-opacity":"","overlay-gradient":""},"tablet":{"background-color":"","background-image":"","background-repeat":"repeat","background-position":"center center","background-size":"auto","background-attachment":"scroll","background-type":"","background-media":"","overlay-type":"","overlay-color":"","overlay-opacity":"","overlay-gradient":""},"mobile":{"background-color":"","background-image":"","background-repeat":"repeat","background-position":"center center","background-size":"auto","background-attachment":"scroll","background-type":"","background-media":"","overlay-type":"","overlay-color":"","overlay-opacity":"","overlay-gradient":""}},"ast-content-background-meta":{"desktop":{"background-color":"var(--ast-global-color-5)","background-image":"","background-repeat":"repeat","background-position":"center center","background-size":"auto","background-attachment":"scroll","background-type":"","background-media":"","overlay-type":"","overlay-color":"","overlay-opacity":"","overlay-gradient":""},"tablet":{"background-color":"var(--ast-global-color-5)","background-image":"","background-repeat":"repeat","background-position":"center center","background-size":"auto","background-attachment":"scroll","background-type":"","background-media":"","overlay-type":"","overlay-color":"","overlay-opacity":"","overlay-gradient":""},"mobile":{"background-color":"var(--ast-global-color-5)","background-image":"","background-repeat":"repeat","background-position":"center center","background-size":"auto","background-attachment":"scroll","background-type":"","background-media":"","overlay-type":"","overlay-color":"","overlay-opacity":"","overlay-gradient":""}},"_joinchat":[]},"product_brand":[],"product_cat":[15,61,292,27,25,123,293,30,26,28,295,137,299,136,135,297],"product_tag":[56,57,58,40,41,37],"class_list":{"0":"post-2001","1":"product","2":"type-product","3":"status-publish","4":"has-post-thumbnail","6":"product_cat-new-vape-this-week","7":"product_cat-15000-puffs-disposable-vapes","8":"product_cat-digital-disposable-vapes","9":"product_cat-fance-hot-sale-vape","10":"product_cat-germany-best-selling-vape","11":"product_cat-italy-wholesale-vape","12":"product_cat-low-nicotine-disposable-vapes","13":"product_cat-minimum-order-quantity-50pcs","14":"product_cat-netherlands-hot-sale-vape","15":"product_cat-poland-hot-sale-vape","16":"product_cat-rechargeable-disposable-vapes","17":"product_cat-rechargeable-vapes","18":"product_cat-smart-screen-disposable-vapes","19":"product_cat-smart-screen-vapes","20":"product_cat-spain-best-hot-sale-vape","21":"product_cat-tornado-disposable-vapes","22":"product_tag-disposable-vape-wholesale-near-me","23":"product_tag-disposable-vape-wholesale-supplier","24":"product_tag-electric-cigarettes","25":"product_tag-hot-sale-vape","26":"product_tag-original-factory-vape","27":"product_tag-wholesale-vape-price","28":"desktop-align-left","29":"tablet-align-left","30":"mobile-align-left","32":"first","33":"instock","34":"sale","35":"shipping-taxable","36":"purchasable","37":"product-type-simple"},"uagb_featured_image_src":{"full":["https:\/\/rmvapesale.com\/wp-content\/uploads\/2024\/09\/Waspe-Tornado-15000-Puffs.jpg",800,800,false],"thumbnail":["https:\/\/rmvapesale.com\/wp-content\/uploads\/2024\/09\/Waspe-Tornado-15000-Puffs-150x150.jpg",150,150,true],"medium":["https:\/\/rmvapesale.com\/wp-content\/uploads\/2024\/09\/Waspe-Tornado-15000-Puffs-300x300.jpg",300,300,true],"medium_large":["https:\/\/rmvapesale.com\/wp-content\/uploads\/2024\/09\/Waspe-Tornado-15000-Puffs-768x768.jpg",768,768,true],"large":["https:\/\/rmvapesale.com\/wp-content\/uploads\/2024\/09\/Waspe-Tornado-15000-Puffs.jpg",800,800,false],"1536x1536":["https:\/\/rmvapesale.com\/wp-content\/uploads\/2024\/09\/Waspe-Tornado-15000-Puffs.jpg",800,800,false],"2048x2048":["https:\/\/rmvapesale.com\/wp-content\/uploads\/2024\/09\/Waspe-Tornado-15000-Puffs.jpg",800,800,false],"trp-custom-language-flag":["https:\/\/rmvapesale.com\/wp-content\/uploads\/2024\/09\/Waspe-Tornado-15000-Puffs.jpg",12,12,false],"woocommerce_thumbnail":["https:\/\/rmvapesale.com\/wp-content\/uploads\/2024\/09\/Waspe-Tornado-15000-Puffs-300x300.jpg",300,300,true],"woocommerce_single":["https:\/\/rmvapesale.com\/wp-content\/uploads\/2024\/09\/Waspe-Tornado-15000-Puffs-600x600.jpg",600,600,true],"woocommerce_gallery_thumbnail":["https:\/\/rmvapesale.com\/wp-content\/uploads\/2024\/09\/Waspe-Tornado-15000-Puffs-100x100.jpg",100,100,true],"wcpr-photo-reviews":["https:\/\/rmvapesale.com\/wp-content\/uploads\/2024\/09\/Waspe-Tornado-15000-Puffs.jpg",500,500,false]},"uagb_author_info":{"display_name":"AMY","author_link":"https:\/\/rmvapesale.com\/it\/author\/"},"uagb_comment_info":0,"uagb_excerpt":"Waspe Tornado 15000 puffs Disposable Vape Original Waspe Tornado 15000 puffs Wholesale Price WASPE 15000 Puffs Original LED Light Disposable Vape Contact Amy For More Discount And Lower MOQ Vape WhatsApp: +86 17776015835","_links":{"self":[{"href":"https:\/\/rmvapesale.com\/it\/wp-json\/wp\/v2\/product\/2001","targetHints":{"allow":["GET"]}}],"collection":[{"href":"https:\/\/rmvapesale.com\/it\/wp-json\/wp\/v2\/product"}],"about":[{"href":"https:\/\/rmvapesale.com\/it\/wp-json\/wp\/v2\/types\/product"}],"replies":[{"embeddable":true,"href":"https:\/\/rmvapesale.com\/it\/wp-json\/wp\/v2\/comments?post=2001"}],"wp:featuredmedia":[{"embeddable":true,"href":"https:\/\/rmvapesale.com\/it\/wp-json\/wp\/v2\/media\/2012"}],"wp:attachment":[{"href":"https:\/\/rmvapesale.com\/it\/wp-json\/wp\/v2\/media?parent=2001"}],"wp:term":[{"taxonomy":"product_brand","embeddable":true,"href":"https:\/\/rmvapesale.com\/it\/wp-json\/wp\/v2\/product_brand?post=2001"},{"taxonomy":"product_cat","embeddable":true,"href":"https:\/\/rmvapesale.com\/it\/wp-json\/wp\/v2\/product_cat?post=2001"},{"taxonomy":"product_tag","embeddable":true,"href":"https:\/\/rmvapesale.com\/it\/wp-json\/wp\/v2\/product_tag?post=2001"}],"curies":[{"name":"wp","href":"https:\/\/api.w.org\/{rel}","templated":true}]}}