{"id":2014,"date":"2024-09-18T06:36:53","date_gmt":"2024-09-18T06:36:53","guid":{"rendered":"https:\/\/rmvapesale.com\/?post_type=product&#038;p=2014"},"modified":"2025-01-20T03:55:22","modified_gmt":"2025-01-20T03:55:22","slug":"waspe-digital-box-12000-puffs-wholesale-disposable-vape","status":"publish","type":"product","link":"https:\/\/rmvapesale.com\/it\/prodotto\/waspe-digital-box-12000-puffs-wholesale-disposable-vape\/","title":{"rendered":"Waspe Digital Box 12000 Puffs Sigaretta usa e getta all'ingrosso"},"content":{"rendered":"<h1>Waspe Digital Box 12000 Puffs Sigaretta usa e getta all'ingrosso<\/h1>\n<p>La Waspe Digital Box 12000 Puffs Vape usa e getta si distingue come una scelta di alta qualit\u00e0 nel mercato delle sigarette elettroniche usa e getta, ideale per chi cerca prestazioni durature senza problemi di manutenzione o ricariche. Ogni dispositivo offre fino a 12.000 puff, garantendo comodit\u00e0 e valore eccezionali. Questa Waspe Digital Box 12000 offre 10 gusti tra cui scegliere, permettendo ai vaper di esplorare una vasta gamma di sapori mentre godono della lunga durata di ogni vape. Che tu sia un vaper esperto o un principiante, la Waspe 12000 \u00e8 perfetta per chi valorizza portabilit\u00e0 e semplicit\u00e0. Contattaci per ottenere il prezzo all'ingrosso per la Waspe Digital Box 12000 Puffs originale di fabbrica!<\/p>\n<p>&nbsp;<\/p>\n<p><strong>Contatta Amy per ottenere una risposta rapida e altri video del prodotto!<\/strong><\/p>\n<figure id=\"attachment_1978\" aria-describedby=\"caption-attachment-1978\" style=\"width: 229px\" class=\"wp-caption alignnone\"><img loading=\"lazy\" decoding=\"async\" class=\"size-full wp-image-1978\" src=\"https:\/\/rmvapesale.com\/wp-content\/uploads\/2024\/09\/Disposable-Vape-Wholesale.jpg\" alt=\"Vaporizzatore Usa e Getta Ingrosso\" width=\"229\" height=\"300\" \/><figcaption id=\"caption-attachment-1978\" class=\"wp-caption-text\">Vaporizzatore Usa e Getta Ingrosso<\/figcaption><\/figure>\n<h3><span style=\"color: #ff0000\"><strong>WhatsApp: +86 17776015835<\/strong><\/span><\/h3>\n<p>&nbsp;<\/p>\n<h2><strong>\u00a0Caratteristiche principali della Waspe Digital Box 12000 Puffs<\/strong><\/h2>\n<p>Nicotina: 2%\/5%<br \/>\nTiri: 12000<br \/>\nCapacit\u00e0: 20 ml<br \/>\n10 gusti disponibili<br \/>\ndisplay LCD<br \/>\nTipo-C prot<br \/>\n650mah Ricaricabile<\/p>\n<h2><strong>I migliori gusti per Waspe Digital Box 12000<\/strong><\/h2>\n<p>La Waspe Digital 12000 Puffs Box usa e getta vanta 12 gusti sapientemente creati, ognuno progettato per offrire un'esperienza di gusto distintiva e soddisfacente, ce n'\u00e8 uno perfetto per te!<\/p>\n<p>1 anguria ghiacciata<span style=\"color: #ff0000\"><strong>&gt;&gt;&gt;&gt;Caldo!<\/strong><\/span><br \/>\n2 mirtillo ghiacciato blu<br \/>\n3 uva ghiacciata<br \/>\n4 fragola anguria<br \/>\n5 frutti di bosco misti<span style=\"color: #ff0000\"><strong>&gt;&gt;&gt;&gt;Caldo!<\/strong><\/span><br \/>\n6 ciambelle alla fragola<br \/>\n7 mirtillo lampone<span style=\"color: #ff0000\"><strong>&gt;&gt;&gt;&gt;Migliore!<\/strong><\/span><br \/>\n8 Fragola Lampone Ciliegia<br \/>\n9 anguria mango pesca<br \/>\n10 vino rosso succo di pera<\/p>\n<p><img loading=\"lazy\" decoding=\"async\" class=\"alignnone wp-image-2018 size-full\" src=\"https:\/\/rmvapesale.com\/wp-content\/uploads\/2024\/09\/WASPE-12000-Puffs-Digital-Box-Flavor.jpg\" alt=\"\" width=\"800\" height=\"800\" srcset=\"https:\/\/rmvapesale.com\/wp-content\/uploads\/2024\/09\/WASPE-12000-Puffs-Digital-Box-Flavor.jpg 800w, https:\/\/rmvapesale.com\/wp-content\/uploads\/2024\/09\/WASPE-12000-Puffs-Digital-Box-Flavor-300x300.jpg 300w, https:\/\/rmvapesale.com\/wp-content\/uploads\/2024\/09\/WASPE-12000-Puffs-Digital-Box-Flavor-150x150.jpg 150w, https:\/\/rmvapesale.com\/wp-content\/uploads\/2024\/09\/WASPE-12000-Puffs-Digital-Box-Flavor-768x768.jpg 768w, https:\/\/rmvapesale.com\/wp-content\/uploads\/2024\/09\/WASPE-12000-Puffs-Digital-Box-Flavor-600x600.jpg 600w, https:\/\/rmvapesale.com\/wp-content\/uploads\/2024\/09\/WASPE-12000-Puffs-Digital-Box-Flavor-100x100.jpg 100w\" sizes=\"auto, (max-width: 800px) 100vw, 800px\" \/><\/p>\n<h2><strong>Domande che potresti voler sapere sul Waspe 12K Digital Box<\/strong><\/h2>\n<p>&nbsp;<\/p>\n<p><strong>1. Quanti tiri posso aspettarmi dalla sigaretta usa e getta Waspe 12K Digital Box?<\/strong><\/p>\n<p>La Waspe 12K Digital Box offre fino a 12.000 tiri, rendendola una delle sigarette usa e getta pi\u00f9 durature disponibili.<\/p>\n<p><strong>2. Posso ricaricare il Waspe 12K Digital Box?<\/strong><\/p>\n<p>S\u00ec, il Waspe 12K Digital Box \u00e8 dotato di una batteria ricaricabile. Puoi caricarlo comodamente con un cavo USB-C per massimizzarne l'utilizzo.<\/p>\n<p><strong>3. Quale gradazione di nicotina \u00e8 disponibile nel Waspe 12K Digital Box?<\/strong><\/p>\n<p>Il Waspe 12K Digital Box offre tipicamente 20mg e 50mg di liquido a base di sale di nicotina, offrendo un'esperienza di svapo fluida e soddisfacente.<\/p>\n<p>&nbsp;<\/p>\n<h3><b>DOMANDE FREQUENTI<\/b><\/h3>\n<p>&nbsp;<\/p>\n<div class=\"flex-shrink-0 flex flex-col relative items-end\">\n<div>\n<div class=\"pt-0\">\n<div class=\"gizmo-bot-avatar flex h-8 w-8 items-center justify-center overflow-hidden rounded-full\">\n<div class=\"relative p-1 rounded-sm flex items-center justify-center bg-token-main-surface-primary text-token-text-primary h-8 w-8\"><strong>Quali metodi di spedizione vengono utilizzati?<\/strong><\/div>\n<\/div>\n<\/div>\n<\/div>\n<\/div>\n<div class=\"group\/conversation-turn relative flex w-full min-w-0 flex-col agent-turn\">\n<div class=\"flex-col gap-1 md:gap-3\">\n<div class=\"flex max-w-full flex-col flex-grow\">\n<div class=\"min-h-[20px] text-message flex w-full flex-col items-end gap-2 whitespace-normal break-words [.text-message+&amp;]:mt-5 overflow-x-auto\" dir=\"auto\" data-message-author-role=\"assistant\" data-message-id=\"22f8283b-3233-46ff-89a5-c7a41b33abda\">\n<div class=\"flex w-full flex-col gap-1 empty:hidden first:pt-[3px]\">\n<div class=\"markdown prose w-full break-words dark:prose-invert light\">\n<p>Collaboriamo con UPS, DHL, FedEx, DPD e altri vettori leader. Selezioneremo il miglior metodo di spedizione in base alla tua posizione di consegna per assicurarti di ricevere i tuoi prodotti il pi\u00f9 rapidamente possibile.<\/p>\n<\/div>\n<p><strong>Quanto tempo ci vuole per arrivare?<\/strong><\/p>\n<p>I pacchi spediti in Italia arrivano solitamente entro 12-15 giorni lavorativi. Forniremo aggiornamenti in tempo reale sullo stato della tua spedizione.<\/p>\n<\/div>\n<p><strong>Garanzia<\/strong><\/p>\n<p>Tutti i prodotti nel nostro negozio sono garantiti al 100% originali e autentici. Offriamo un risarcimento 10 volte superiore per merci contraffatte!<\/p>\n<div class=\"flex w-full flex-col gap-1 empty:hidden first:pt-[3px]\">\n<p>&nbsp;<\/p>\n<\/div>\n<\/div>\n<\/div>\n<\/div>\n<\/div>\n<p>Trova altri prodotti da svapo che potrebbero piacerti:<strong><em><a href=\"https:\/\/rmvapesale.com\/it\/shop-2\/\">acquista ora &gt;&gt;&gt;<\/a><\/em><\/strong><\/p>\n<p>altre vendite calde di vape che potrebbero piacerti:<\/p>\n<p><strong><a href=\"https:\/\/rmvapesale.com\/it\/prodotto\/bang-digital-box-15000-puffs-original-factory-wholesale\/\">Bang Digital Box 15000 Puff<\/a><\/strong><\/p>\n<p><a href=\"https:\/\/rmvapesale.com\/it\/prodotto\/waspe-tornado-15000-puffs-original-factory-price\/\"><strong>Waspe Tornado 15000 tiri<\/strong><\/a><\/p>\n<p><a href=\"https:\/\/rmvapesale.com\/it\/prodotto\/randm-tornado-15000-puffs-vape-wholesale\/\"><strong>RandM Tornado 15000 Puff<\/strong><\/a><\/p>\n<p>&nbsp;<\/p>","protected":false},"excerpt":{"rendered":"<p>WASPE Digital Box 12000 Puffs Vape usa e getta Edizione Originale<\/p>\n<p>Wholesale originale Waspe 12k Puffs Digital Box<\/p>\n<p>WASPE 12000 PUFFS Digital Box 2% 5% Nicotina<\/p>\n<p><strong>Contatta Amy per maggiori sconti e un MOQ Vape pi\u00f9 basso<\/strong><\/p>\n<p><img loading=\"lazy\" decoding=\"async\" class=\"size-full wp-image-1978\" src=\"https:\/\/rmvapesale.com\/wp-content\/uploads\/2024\/09\/Disposable-Vape-Wholesale.jpg\" alt=\"Vaporizzatore Usa e Getta Ingrosso\" width=\"229\" height=\"300\" \/><\/p>\n<h3><span style=\"color: #ff0000\"><strong>WhatsApp: +86 17776015835<\/strong><\/span><\/h3>","protected":false},"featured_media":2016,"comment_status":"open","ping_status":"closed","template":"","meta":{"_uag_custom_page_level_css":"","_lmt_disableupdate":"no","_lmt_disable":"","site-sidebar-layout":"default","site-content-layout":"content-boxed-container","ast-site-content-layout":"normal-width-container","site-content-style":"boxed","site-sidebar-style":"unboxed","ast-global-header-display":"","ast-banner-title-visibility":"","ast-main-header-display":"","ast-hfb-above-header-display":"","ast-hfb-below-header-display":"","ast-hfb-mobile-header-display":"","site-post-title":"","ast-breadcrumbs-content":"","ast-featured-img":"","footer-sml-layout":"","theme-transparent-header-meta":"default","adv-header-id-meta":"","stick-header-meta":"","header-above-stick-meta":"","header-main-stick-meta":"","header-below-stick-meta":"","astra-migrate-meta-layouts":"set","ast-page-background-enabled":"default","ast-page-background-meta":{"desktop":{"background-color":"var(--ast-global-color-4)","background-image":"","background-repeat":"repeat","background-position":"center center","background-size":"auto","background-attachment":"scroll","background-type":"","background-media":"","overlay-type":"","overlay-color":"","overlay-opacity":"","overlay-gradient":""},"tablet":{"background-color":"","background-image":"","background-repeat":"repeat","background-position":"center center","background-size":"auto","background-attachment":"scroll","background-type":"","background-media":"","overlay-type":"","overlay-color":"","overlay-opacity":"","overlay-gradient":""},"mobile":{"background-color":"","background-image":"","background-repeat":"repeat","background-position":"center center","background-size":"auto","background-attachment":"scroll","background-type":"","background-media":"","overlay-type":"","overlay-color":"","overlay-opacity":"","overlay-gradient":""}},"ast-content-background-meta":{"desktop":{"background-color":"var(--ast-global-color-5)","background-image":"","background-repeat":"repeat","background-position":"center center","background-size":"auto","background-attachment":"scroll","background-type":"","background-media":"","overlay-type":"","overlay-color":"","overlay-opacity":"","overlay-gradient":""},"tablet":{"background-color":"var(--ast-global-color-5)","background-image":"","background-repeat":"repeat","background-position":"center center","background-size":"auto","background-attachment":"scroll","background-type":"","background-media":"","overlay-type":"","overlay-color":"","overlay-opacity":"","overlay-gradient":""},"mobile":{"background-color":"var(--ast-global-color-5)","background-image":"","background-repeat":"repeat","background-position":"center center","background-size":"auto","background-attachment":"scroll","background-type":"","background-media":"","overlay-type":"","overlay-color":"","overlay-opacity":"","overlay-gradient":""}},"_joinchat":[]},"product_brand":[],"product_cat":[15,292,293,295,299,274,254,25,123,26,28,135,27,137,136,30],"product_tag":[56,57,58,40,37],"class_list":{"0":"post-2014","1":"product","2":"type-product","3":"status-publish","4":"has-post-thumbnail","6":"product_cat-new-vape-this-week","7":"product_cat-digital-disposable-vapes","8":"product_cat-low-nicotine-disposable-vapes","9":"product_cat-rechargeable-disposable-vapes","10":"product_cat-smart-screen-disposable-vapes","11":"product_cat-waspe-fihp-vape","12":"product_cat-12000-puff-disposable-vape","13":"product_cat-germany-best-selling-vape","14":"product_cat-italy-wholesale-vape","15":"product_cat-netherlands-hot-sale-vape","16":"product_cat-poland-hot-sale-vape","17":"product_cat-spain-best-hot-sale-vape","18":"product_cat-fance-hot-sale-vape","19":"product_cat-rechargeable-vapes","20":"product_cat-smart-screen-vapes","21":"product_cat-minimum-order-quantity-50pcs","22":"product_tag-disposable-vape-wholesale-near-me","23":"product_tag-disposable-vape-wholesale-supplier","24":"product_tag-electric-cigarettes","25":"product_tag-hot-sale-vape","26":"product_tag-wholesale-vape-price","27":"desktop-align-left","28":"tablet-align-left","29":"mobile-align-left","31":"first","32":"instock","33":"sale","34":"shipping-taxable","35":"purchasable","36":"product-type-simple"},"uagb_featured_image_src":{"full":["https:\/\/rmvapesale.com\/wp-content\/uploads\/2024\/09\/Original-Waspe-Digital-Box-12000-Puffs.png",800,800,false],"thumbnail":["https:\/\/rmvapesale.com\/wp-content\/uploads\/2024\/09\/Original-Waspe-Digital-Box-12000-Puffs-150x150.png",150,150,true],"medium":["https:\/\/rmvapesale.com\/wp-content\/uploads\/2024\/09\/Original-Waspe-Digital-Box-12000-Puffs-300x300.png",300,300,true],"medium_large":["https:\/\/rmvapesale.com\/wp-content\/uploads\/2024\/09\/Original-Waspe-Digital-Box-12000-Puffs-768x768.png",768,768,true],"large":["https:\/\/rmvapesale.com\/wp-content\/uploads\/2024\/09\/Original-Waspe-Digital-Box-12000-Puffs.png",800,800,false],"1536x1536":["https:\/\/rmvapesale.com\/wp-content\/uploads\/2024\/09\/Original-Waspe-Digital-Box-12000-Puffs.png",800,800,false],"2048x2048":["https:\/\/rmvapesale.com\/wp-content\/uploads\/2024\/09\/Original-Waspe-Digital-Box-12000-Puffs.png",800,800,false],"trp-custom-language-flag":["https:\/\/rmvapesale.com\/wp-content\/uploads\/2024\/09\/Original-Waspe-Digital-Box-12000-Puffs.png",12,12,false],"woocommerce_thumbnail":["https:\/\/rmvapesale.com\/wp-content\/uploads\/2024\/09\/Original-Waspe-Digital-Box-12000-Puffs-300x300.png",300,300,true],"woocommerce_single":["https:\/\/rmvapesale.com\/wp-content\/uploads\/2024\/09\/Original-Waspe-Digital-Box-12000-Puffs-600x600.png",600,600,true],"woocommerce_gallery_thumbnail":["https:\/\/rmvapesale.com\/wp-content\/uploads\/2024\/09\/Original-Waspe-Digital-Box-12000-Puffs-100x100.png",100,100,true],"wcpr-photo-reviews":["https:\/\/rmvapesale.com\/wp-content\/uploads\/2024\/09\/Original-Waspe-Digital-Box-12000-Puffs.png",500,500,false]},"uagb_author_info":{"display_name":"AMY","author_link":"https:\/\/rmvapesale.com\/it\/author\/"},"uagb_comment_info":0,"uagb_excerpt":"WASPE Digital Box 12000 Puffs Original Edition Disposable Vape Original Wholesale Waspe 12k Puffs Digital Box WASPE 12000 PUFFS Digital Box 2% 5% Nicotine Contact Amy For More Discount And Lower MOQ Vape WhatsApp: +86 17776015835","_links":{"self":[{"href":"https:\/\/rmvapesale.com\/it\/wp-json\/wp\/v2\/product\/2014","targetHints":{"allow":["GET"]}}],"collection":[{"href":"https:\/\/rmvapesale.com\/it\/wp-json\/wp\/v2\/product"}],"about":[{"href":"https:\/\/rmvapesale.com\/it\/wp-json\/wp\/v2\/types\/product"}],"replies":[{"embeddable":true,"href":"https:\/\/rmvapesale.com\/it\/wp-json\/wp\/v2\/comments?post=2014"}],"wp:featuredmedia":[{"embeddable":true,"href":"https:\/\/rmvapesale.com\/it\/wp-json\/wp\/v2\/media\/2016"}],"wp:attachment":[{"href":"https:\/\/rmvapesale.com\/it\/wp-json\/wp\/v2\/media?parent=2014"}],"wp:term":[{"taxonomy":"product_brand","embeddable":true,"href":"https:\/\/rmvapesale.com\/it\/wp-json\/wp\/v2\/product_brand?post=2014"},{"taxonomy":"product_cat","embeddable":true,"href":"https:\/\/rmvapesale.com\/it\/wp-json\/wp\/v2\/product_cat?post=2014"},{"taxonomy":"product_tag","embeddable":true,"href":"https:\/\/rmvapesale.com\/it\/wp-json\/wp\/v2\/product_tag?post=2014"}],"curies":[{"name":"wp","href":"https:\/\/api.w.org\/{rel}","templated":true}]}}