{"id":2127,"date":"2024-09-24T06:25:16","date_gmt":"2024-09-24T06:25:16","guid":{"rendered":"https:\/\/rmvapesale.com\/?post_type=product&#038;p=2127"},"modified":"2025-01-21T09:21:30","modified_gmt":"2025-01-21T09:21:30","slug":"bang-18000-puffs-disposable-vape-e-cigarettes-bulk-buy","status":"publish","type":"product","link":"https:\/\/rmvapesale.com\/it\/prodotto\/bang-18000-puffs-disposable-vape-e-cigarettes-bulk-buy\/","title":{"rendered":"Bang 18000 Tiri Sigarette elettroniche usa e getta Acquisto all'ingrosso"},"content":{"rendered":"<div class=\"B2VR9 CJHX3e\">\n<div class=\"wyccme\">\n<h1>Bang 18000 Tiri Sigarette elettroniche usa e getta Acquisto all'ingrosso<\/h1>\n<p>Il dispositivo di svapo usa e getta Bang 18000 Puffs ha completamente rivoluzionato le tue nozioni preconcette sulle sigarette elettroniche. Con una grande capacit\u00e0 di 20ml di e-juice, questo \u00e8 un numero raro sul mercato, il che significa che gli utenti possono godere di un uso pi\u00f9 lungo senza dover sostituire frequentemente il dispositivo. Pi\u00f9 importante ancora, offre diverse opzioni di concentrazione di Nic Salt, il che significa che i vapers possono trovare la concentrazione giusta per soddisfare le proprie esigenze. Il Bang 18 000 Puffs, dotato di una batteria da 650mAh, pu\u00f2 supportare fino a 15.000 puff.<\/p>\n<p>&nbsp;<\/p>\n<\/div>\n<\/div>\n<p><strong>Contatta Amy per ottenere una risposta rapida e altri video del prodotto!<\/strong><\/p>\n<p><img loading=\"lazy\" decoding=\"async\" class=\"size-full wp-image-1978\" src=\"https:\/\/rmvapesale.com\/wp-content\/uploads\/2024\/09\/Disposable-Vape-Wholesale.jpg\" alt=\"Vaporizzatore Usa e Getta Ingrosso\" width=\"229\" height=\"300\" \/><\/p>\n<h3><span style=\"color: #ff0000\"><strong>WhatsApp: +86 17776015835<\/strong><\/span><\/h3>\n<p>&nbsp;<\/p>\n<h2><\/h2>\n<h2><strong>Caratteristiche principali del Bang 18000 Puffs<\/strong><\/h2>\n<p>&nbsp;<\/p>\n<p>1: PUFF\uff1a18000<br \/>\n2: Liquido elettronico \uff1a 20ml<br \/>\n3: Batteria: 650mAh<br \/>\n4: Resistenza: 1.1ohm<br \/>\n5: Ricarica Type C<br \/>\n6: Nicotina : 2%\/5%<br \/>\n7: Tipi: Usa e getta<br \/>\n8: Resistenza a rete<\/p>\n<h2><\/h2>\n<h2><\/h2>\n<h2><strong>Gusto principale per Bang 18000 Vape<\/strong><\/h2>\n<p>Il vape usa e getta Bang Pulse 18000 con pod che offre 12 gusti, ognuno progettato per offrire un'esperienza di svapo distintiva e soddisfacente, c'\u00e8 qualcosa di migliore per te!<\/p>\n<p>1.Uva<br \/>\n2.Mela acidula<br \/>\n3.Menta ghiacciata<br \/>\n4. Pesca Ghiaccio<span style=\"color: #ff0000\"><strong>&gt;&gt;&gt;&gt;Caldo!<\/strong><\/span><br \/>\n5. Pesca Mango<br \/>\n6.Anguria<br \/>\ncURL Too many subrequests.<br \/>\n8.Sangue di tigre<span style=\"color: #ff0000\"><strong>&gt;&gt;&gt;&gt;Caldo!<\/strong><\/span><br \/>\n9.Ananas Cocco<br \/>\n10.Uva mirtillo<br \/>\n11. Fragola Kiwi<br \/>\n12.Ghiaccio ai mirtilli<br \/>\n13.Strawberry Mango<span style=\"color: #ff0000\"><strong>&gt;&gt;&gt;&gt;Migliore!<\/strong><\/span><br \/>\n14.Mirtillo lampone<br \/>\n15.Strawberry Watermelon<br \/>\n16.Gomma da Masticare all'Anguria<\/p>\n<p>&nbsp;<\/p>\n<h2><strong>Domande che potresti avere su Bang 18000 Puffs<\/strong><\/h2>\n<p>&nbsp;<\/p>\n<p><strong>cURL Too many subrequests.<\/strong><br \/>\nIl vaporizzatore usa e getta TheBang 18000 presenta sale di nicotina 2% e 5%. Con tecnologia a bobina a maglia avanzata, offre un'esperienza di vapore superiore ricca di sapore.<\/p>\n<p><strong>2. Il vaporizzatore usa e getta Bang 18000 \u00e8 ricaricabile?<\/strong><br \/>\nS\u00ec, il Bang Pulse 18000 include una batteria ricaricabile da 650 mAh, che garantisce un divertimento duraturo.<\/p>\n<p><strong>3. Quante puff puoi ottenere da un Bang 18000 Puffs?<\/strong><br \/>\nIl Bang Pulse 18000 Puffs eroga circa 18000 boccate, a seconda dell'uso, ed \u00e8 disponibile in 16 gusti.<\/p>\n<p><strong>4. Quanto tempo ci vuole per caricare un Bang 18000?<\/strong><br \/>\nLa confezione dello vape usa e getta Bang Pulse 18000 pu\u00f2 essere completamente caricata in soli 30-35 minuti, garantendo una pronta disponibilit\u00e0 all'uso.<\/p>\n<p>&nbsp;<\/p>\n<h3><b>DOMANDE FREQUENTI<\/b><\/h3>\n<p>&nbsp;<\/p>\n<div class=\"flex-shrink-0 flex flex-col relative items-end\">\n<div>\n<div class=\"pt-0\">\n<div class=\"gizmo-bot-avatar flex h-8 w-8 items-center justify-center overflow-hidden rounded-full\">\n<div class=\"relative p-1 rounded-sm flex items-center justify-center bg-token-main-surface-primary text-token-text-primary h-8 w-8\"><strong>Quali metodi di spedizione vengono utilizzati?<\/strong><\/div>\n<\/div>\n<\/div>\n<\/div>\n<\/div>\n<div class=\"group\/conversation-turn relative flex w-full min-w-0 flex-col agent-turn\">\n<div class=\"flex-col gap-1 md:gap-3\">\n<div class=\"flex max-w-full flex-col flex-grow\">\n<div class=\"min-h-[20px] text-message flex w-full flex-col items-end gap-2 whitespace-normal break-words [.text-message+&amp;]:mt-5 overflow-x-auto\" dir=\"auto\" data-message-author-role=\"assistant\" data-message-id=\"22f8283b-3233-46ff-89a5-c7a41b33abda\">\n<div class=\"flex w-full flex-col gap-1 empty:hidden first:pt-[3px]\">\n<div class=\"markdown prose w-full break-words dark:prose-invert light\">\n<p>Collaboriamo con UPS, DHL, FedEx, DPD e altri vettori leader. Selezioneremo il miglior metodo di spedizione in base alla tua posizione di consegna per assicurarti di ricevere i tuoi prodotti il pi\u00f9 rapidamente possibile.<\/p>\n<\/div>\n<p><strong>Quanto tempo ci vuole per arrivare?<\/strong><\/p>\n<p>I pacchi spediti in Italia arrivano solitamente entro 12-15 giorni lavorativi. Forniremo aggiornamenti in tempo reale sullo stato della tua spedizione.<\/p>\n<\/div>\n<p><strong>Garanzia<\/strong><\/p>\n<p><span style=\"color: #ff0000\"><strong>Tutti i prodotti nel nostro negozio sono garantiti al 100% originali e autentici. Offriamo un risarcimento 10 volte superiore per merci contraffatte!<\/strong><\/span><\/p>\n<div class=\"flex w-full flex-col gap-1 empty:hidden first:pt-[3px]\">\n<p>&nbsp;<\/p>\n<\/div>\n<\/div>\n<\/div>\n<\/div>\n<\/div>\n<p>&nbsp;<\/p>\n<p>Altri vaporizzatori in offerta che potrebbero piacerti:<\/p>\n<p><strong><a href=\"https:\/\/rmvapesale.com\/it\/prodotto\/wga-crystal-plus-20000-puff-dual-flavour-disposable-vape\/\">cURL Too many subrequests.<\/a><\/strong><\/p>\n<p><a href=\"https:\/\/rmvapesale.com\/it\/prodotto\/bang-20000-puffs-disposable-vape-wholesale-supplier\/\"><strong>WGA Crystal Plus Smart 16000 Tiri<\/strong><\/a><\/p>\n<p><a href=\"https:\/\/rmvapesale.com\/it\/prodotto\/wga-crystal-pro-max-extra-15k-puffs-disposable-vape-wholesale\/\"><strong>Bang 25000 Tiri<\/strong><\/a><\/p>\n<p><a href=\"https:\/\/rmvapesale.com\/it\/prodotto\/bang-beach-20000-puffs-vape-smart-screen-disposable-e-cig\/\"><strong>Bang Vape Beach 20000 Puffs\u00a0<\/strong><\/a><\/p>\n<p>&nbsp;<\/p>\n<p>&nbsp;<\/p>\n<p>Trova altri prodotti da svapo che potrebbero piacerti:<strong><em><a href=\"https:\/\/rmvapesale.com\/it\/shop-2\/\">acquista ora &gt;&gt;&gt;<\/a><\/em><\/strong><\/p>","protected":false},"excerpt":{"rendered":"<p>Bang Vape 18000 Puff 16 Gusti Vendita all'ingrosso<br \/>\nBANG 18000 PUFF 0% 2% 3% 5% Nicotina<br \/>\nPrezzo all'ingrosso di Bang 18000 Puff Vape monouso<\/p>\n<p><strong>Contatta Amy per maggiori sconti e un MOQ Vape pi\u00f9 basso<\/strong><\/p>\n<p><img loading=\"lazy\" decoding=\"async\" class=\"size-full wp-image-1978\" src=\"https:\/\/rmvapesale.com\/wp-content\/uploads\/2024\/09\/Disposable-Vape-Wholesale.jpg\" alt=\"Vaporizzatore Usa e Getta Ingrosso\" width=\"229\" height=\"300\" \/><\/p>\n<h3><span style=\"color: #ff0000\"><strong>WhatsApp: +86 17776015835<\/strong><\/span><\/h3>","protected":false},"featured_media":2129,"comment_status":"open","ping_status":"closed","template":"","meta":{"_uag_custom_page_level_css":"","_lmt_disableupdate":"no","_lmt_disable":"","site-sidebar-layout":"default","site-content-layout":"content-boxed-container","ast-site-content-layout":"normal-width-container","site-content-style":"boxed","site-sidebar-style":"unboxed","ast-global-header-display":"","ast-banner-title-visibility":"","ast-main-header-display":"","ast-hfb-above-header-display":"","ast-hfb-below-header-display":"","ast-hfb-mobile-header-display":"","site-post-title":"","ast-breadcrumbs-content":"","ast-featured-img":"","footer-sml-layout":"","theme-transparent-header-meta":"default","adv-header-id-meta":"","stick-header-meta":"","header-above-stick-meta":"","header-main-stick-meta":"","header-below-stick-meta":"","astra-migrate-meta-layouts":"set","ast-page-background-enabled":"default","ast-page-background-meta":{"desktop":{"background-color":"var(--ast-global-color-4)","background-image":"","background-repeat":"repeat","background-position":"center center","background-size":"auto","background-attachment":"scroll","background-type":"","background-media":"","overlay-type":"","overlay-color":"","overlay-opacity":"","overlay-gradient":""},"tablet":{"background-color":"","background-image":"","background-repeat":"repeat","background-position":"center center","background-size":"auto","background-attachment":"scroll","background-type":"","background-media":"","overlay-type":"","overlay-color":"","overlay-opacity":"","overlay-gradient":""},"mobile":{"background-color":"","background-image":"","background-repeat":"repeat","background-position":"center center","background-size":"auto","background-attachment":"scroll","background-type":"","background-media":"","overlay-type":"","overlay-color":"","overlay-opacity":"","overlay-gradient":""}},"ast-content-background-meta":{"desktop":{"background-color":"var(--ast-global-color-5)","background-image":"","background-repeat":"repeat","background-position":"center center","background-size":"auto","background-attachment":"scroll","background-type":"","background-media":"","overlay-type":"","overlay-color":"","overlay-opacity":"","overlay-gradient":""},"tablet":{"background-color":"var(--ast-global-color-5)","background-image":"","background-repeat":"repeat","background-position":"center center","background-size":"auto","background-attachment":"scroll","background-type":"","background-media":"","overlay-type":"","overlay-color":"","overlay-opacity":"","overlay-gradient":""},"mobile":{"background-color":"var(--ast-global-color-5)","background-image":"","background-repeat":"repeat","background-position":"center center","background-size":"auto","background-attachment":"scroll","background-type":"","background-media":"","overlay-type":"","overlay-color":"","overlay-opacity":"","overlay-gradient":""}},"_joinchat":[]},"product_brand":[],"product_cat":[15,293,295,273,279,25,123,26,28,135,27,60,137,136,30],"product_tag":[89,63,57,58,54],"class_list":{"0":"post-2127","1":"product","2":"type-product","3":"status-publish","4":"has-post-thumbnail","6":"product_cat-new-vape-this-week","7":"product_cat-low-nicotine-disposable-vapes","8":"product_cat-rechargeable-disposable-vapes","9":"product_cat-bang-box-vape","10":"product_cat-bang-king-vape","11":"product_cat-germany-best-selling-vape","12":"product_cat-italy-wholesale-vape","13":"product_cat-netherlands-hot-sale-vape","14":"product_cat-poland-hot-sale-vape","15":"product_cat-spain-best-hot-sale-vape","16":"product_cat-fance-hot-sale-vape","17":"product_cat-bang-vapes","18":"product_cat-rechargeable-vapes","19":"product_cat-smart-screen-vapes","20":"product_cat-minimum-order-quantity-50pcs","21":"product_tag-bang-18000-disposable-vape","22":"product_tag-bang-vapes","23":"product_tag-disposable-vape-wholesale-supplier","24":"product_tag-electric-cigarettes","25":"product_tag-rechargeable-disposable-vape","26":"desktop-align-left","27":"tablet-align-left","28":"mobile-align-left","30":"first","31":"instock","32":"sale","33":"shipping-taxable","34":"purchasable","35":"product-type-simple"},"uagb_featured_image_src":{"full":["https:\/\/rmvapesale.com\/wp-content\/uploads\/2024\/09\/Bang-18000-Puffs-Disposable-Vape-Wholesale.png",788,788,false],"thumbnail":["https:\/\/rmvapesale.com\/wp-content\/uploads\/2024\/09\/Bang-18000-Puffs-Disposable-Vape-Wholesale-150x150.png",150,150,true],"medium":["https:\/\/rmvapesale.com\/wp-content\/uploads\/2024\/09\/Bang-18000-Puffs-Disposable-Vape-Wholesale-300x300.png",300,300,true],"medium_large":["https:\/\/rmvapesale.com\/wp-content\/uploads\/2024\/09\/Bang-18000-Puffs-Disposable-Vape-Wholesale-768x768.png",768,768,true],"large":["https:\/\/rmvapesale.com\/wp-content\/uploads\/2024\/09\/Bang-18000-Puffs-Disposable-Vape-Wholesale.png",788,788,false],"1536x1536":["https:\/\/rmvapesale.com\/wp-content\/uploads\/2024\/09\/Bang-18000-Puffs-Disposable-Vape-Wholesale.png",788,788,false],"2048x2048":["https:\/\/rmvapesale.com\/wp-content\/uploads\/2024\/09\/Bang-18000-Puffs-Disposable-Vape-Wholesale.png",788,788,false],"trp-custom-language-flag":["https:\/\/rmvapesale.com\/wp-content\/uploads\/2024\/09\/Bang-18000-Puffs-Disposable-Vape-Wholesale.png",12,12,false],"woocommerce_thumbnail":["https:\/\/rmvapesale.com\/wp-content\/uploads\/2024\/09\/Bang-18000-Puffs-Disposable-Vape-Wholesale-300x300.png",300,300,true],"woocommerce_single":["https:\/\/rmvapesale.com\/wp-content\/uploads\/2024\/09\/Bang-18000-Puffs-Disposable-Vape-Wholesale-600x600.png",600,600,true],"woocommerce_gallery_thumbnail":["https:\/\/rmvapesale.com\/wp-content\/uploads\/2024\/09\/Bang-18000-Puffs-Disposable-Vape-Wholesale-100x100.png",100,100,true],"wcpr-photo-reviews":["https:\/\/rmvapesale.com\/wp-content\/uploads\/2024\/09\/Bang-18000-Puffs-Disposable-Vape-Wholesale.png",500,500,false]},"uagb_author_info":{"display_name":"AMY","author_link":"https:\/\/rmvapesale.com\/it\/author\/"},"uagb_comment_info":0,"uagb_excerpt":"Bang Vape 18000 Puffs 16 Flavour Wholesale BANG 18000 PUFFS 0% 2% 3% 5% Nicotine Bang 18000 Puff Disposable Vape Bulk Buy Price Contact Amy For More Discount And Lower MOQ Vape WhatsApp: +86 17776015835","_links":{"self":[{"href":"https:\/\/rmvapesale.com\/it\/wp-json\/wp\/v2\/product\/2127","targetHints":{"allow":["GET"]}}],"collection":[{"href":"https:\/\/rmvapesale.com\/it\/wp-json\/wp\/v2\/product"}],"about":[{"href":"https:\/\/rmvapesale.com\/it\/wp-json\/wp\/v2\/types\/product"}],"replies":[{"embeddable":true,"href":"https:\/\/rmvapesale.com\/it\/wp-json\/wp\/v2\/comments?post=2127"}],"wp:featuredmedia":[{"embeddable":true,"href":"https:\/\/rmvapesale.com\/it\/wp-json\/wp\/v2\/media\/2129"}],"wp:attachment":[{"href":"https:\/\/rmvapesale.com\/it\/wp-json\/wp\/v2\/media?parent=2127"}],"wp:term":[{"taxonomy":"product_brand","embeddable":true,"href":"https:\/\/rmvapesale.com\/it\/wp-json\/wp\/v2\/product_brand?post=2127"},{"taxonomy":"product_cat","embeddable":true,"href":"https:\/\/rmvapesale.com\/it\/wp-json\/wp\/v2\/product_cat?post=2127"},{"taxonomy":"product_tag","embeddable":true,"href":"https:\/\/rmvapesale.com\/it\/wp-json\/wp\/v2\/product_tag?post=2127"}],"curies":[{"name":"wp","href":"https:\/\/api.w.org\/{rel}","templated":true}]}}