{"id":2246,"date":"2024-09-30T01:30:54","date_gmt":"2024-09-30T01:30:54","guid":{"rendered":"https:\/\/rmvapesale.com\/?post_type=product&#038;p=2246"},"modified":"2025-01-21T09:55:50","modified_gmt":"2025-01-21T09:55:50","slug":"mesii-visual-box-16000-puffs-disposable-vape-full-screen","status":"publish","type":"product","link":"https:\/\/rmvapesale.com\/it\/prodotto\/mesii-visual-box-16000-puffs-disposable-vape-full-screen\/","title":{"rendered":"MESii Visual Box 16000 Puffs Svapo Monouso Schermo Intero"},"content":{"rendered":"<div class=\"B2VR9 CJHX3e\">\n<div class=\"wyccme\">\n<h1 class=\"LC20lb MBeuO DKV0Md\">MESii Visual Box 16000 Puffs Svapo Monouso Schermo Intero<\/h1>\n<p>Ti presentiamo la MESii Visual Box 16000 Puffs Sigaretta usa e getta a schermo intero, un dispositivo all'avanguardia progettato per un'esperienza di svapo prolungata e ad alte prestazioni. Con ben 16.000 tiri e una capacit\u00e0 di 20 ml di liquido, questa sigaretta usa e getta offre longevit\u00e0 e praticit\u00e0. Alimentata da una batteria ricaricabile da 600 mAh con ricarica rapida USB-C in 45 minuti.<\/p>\n<p>La doppia bobina a rete garantisce un vapore liscio e costante, mentre il display a schermo intero fornisce a colpo d'occhio le informazioni chiave, tra cui un indicatore digitale del livello del liquido, un indicatore intelligente della batteria e un timer di svapo intelligente. Personalizza la tua esperienza con il flusso d'aria regolabile, quattro modalit\u00e0 di riscaldamento e un blocco di sicurezza per bambini.<\/p>\n<p>Migliora la tua esperienza di svapo con la MESii Visual Box, dove tecnologia, praticit\u00e0 e sicurezza si uniscono per la migliore esperienza di svapo.<\/p>\n<\/div>\n<\/div>\n<p><strong>Contatta Amy per ottenere una risposta rapida e altri video del prodotto!<\/strong><\/p>\n<p><img loading=\"lazy\" decoding=\"async\" class=\"size-full wp-image-1978\" src=\"https:\/\/rmvapesale.com\/wp-content\/uploads\/2024\/09\/Disposable-Vape-Wholesale.jpg\" alt=\"Vaporizzatore Usa e Getta Ingrosso\" width=\"229\" height=\"300\" \/><\/p>\n<h3><span style=\"color: #ff0000\"><strong>WhatsApp: +86 17776015835<\/strong><\/span><\/h3>\n<p>&nbsp;<\/p>\n<h2><\/h2>\n<h2><strong>MESii Visual Box 16000 Puffs Caratteristiche principali<\/strong><\/h2>\n<p>16.000 tiri<br \/>\n20 ml di liquido<br \/>\n600 mAh ricaricabile<br \/>\nDoppia resistenza a rete<br \/>\nDisplay a schermo intero<br \/>\nFlusso d'aria regolabile<br \/>\nBlocco di sicurezza per bambini<br \/>\nIndicatore intelligente della batteria<br \/>\nQuattro modalit\u00e0 di riscaldamento<br \/>\nTimer di svapo intelligente<br \/>\nIndicatore digitale del livello del liquido<br \/>\nRicarica Rapida USB-C in 45 Minuti<\/p>\n<h2><\/h2>\n<h2><strong>Gusto eccezionale per MESii Visual Box 16000 Puffs<\/strong><\/h2>\n<p>La sigaretta elettronica usa e getta MESii Visual Box 16000 Puffs offre 15 deliziosi gusti, scegli tra una variet\u00e0 di sapori, inclusi il classico tabacco, il rinfrescante menta fresca e l'esotica dolcezza del mango, ognuno dei quali promette un'esperienza ricca e soddisfacente a ogni boccata.<\/p>\n<p>1.Tempesta di Mirtilli<br \/>\n2.Ghiaccio al Lampone Blu<span style=\"color: #ff0000\"><strong>&gt;&gt;&gt;&gt;Caldo!<\/strong><\/span><br \/>\n3.Menta di Miami<br \/>\n4.Ghiaccio alla Pesca<br \/>\n5.Ghiaccio all'Anguria<br \/>\n6.Frutto del Drago, Banana, Ciliegia<br \/>\n7.Frutti di Bosco Misti<span style=\"color: #ff0000\"><strong>&gt;&gt;&gt;&gt;Caldo!<\/strong><\/span><br \/>\n8.Ghiaccio Mela Aspra<br \/>\n9.Ananas Cocco<br \/>\n10.Lampone e Anguria<br \/>\n11.Gomma da Masticare all'Anguria<br \/>\n12.Fragola e Anguria<br \/>\n13.Fragola, Lampone, Ciliegia<span style=\"color: #ff0000\"><strong>&gt;&gt;&gt;&gt;Migliore!<\/strong><\/span><br \/>\n14.Ghiaccio all'Uva<br \/>\n15.Fragola e Kiwi<span style=\"color: #ff0000\"><strong>&gt;&gt;&gt;&gt;Caldo!<\/strong><\/span><\/p>\n<figure id=\"attachment_2241\" aria-describedby=\"caption-attachment-2241\" style=\"width: 300px\" class=\"wp-caption alignnone\"><img loading=\"lazy\" decoding=\"async\" class=\"size-medium wp-image-2241\" src=\"https:\/\/rmvapesale.com\/wp-content\/uploads\/2024\/09\/Mesii-16000-Puffs-Dispsoable-Vape-Flavour-300x300.png\" alt=\"Gusti della sigaretta elettronica usa e getta Mesii 16000 Puffs\" width=\"300\" height=\"300\" srcset=\"https:\/\/rmvapesale.com\/wp-content\/uploads\/2024\/09\/Mesii-16000-Puffs-Dispsoable-Vape-Flavour-300x300.png 300w, https:\/\/rmvapesale.com\/wp-content\/uploads\/2024\/09\/Mesii-16000-Puffs-Dispsoable-Vape-Flavour-150x150.png 150w, https:\/\/rmvapesale.com\/wp-content\/uploads\/2024\/09\/Mesii-16000-Puffs-Dispsoable-Vape-Flavour-768x768.png 768w, https:\/\/rmvapesale.com\/wp-content\/uploads\/2024\/09\/Mesii-16000-Puffs-Dispsoable-Vape-Flavour-600x600.png 600w, https:\/\/rmvapesale.com\/wp-content\/uploads\/2024\/09\/Mesii-16000-Puffs-Dispsoable-Vape-Flavour-100x100.png 100w, https:\/\/rmvapesale.com\/wp-content\/uploads\/2024\/09\/Mesii-16000-Puffs-Dispsoable-Vape-Flavour.png 788w\" sizes=\"auto, (max-width: 300px) 100vw, 300px\" \/><figcaption id=\"caption-attachment-2241\" class=\"wp-caption-text\">Gusti della sigaretta elettronica usa e getta Mesii 16000 Puffs<\/figcaption><\/figure>\n<h2><strong>Domande che potresti voler sapere su MESii Visual Box 16000 Puffs<\/strong><\/h2>\n<p>&nbsp;<\/p>\n<div class=\"flex-shrink-0 flex flex-col relative items-end\">\n<div>\n<div class=\"pt-0\">\n<div class=\"gizmo-bot-avatar flex h-8 w-8 items-center justify-center overflow-hidden rounded-full\">\n<div class=\"relative p-1 rounded-sm flex items-center justify-center bg-token-main-surface-primary text-token-text-primary h-8 w-8\"><\/div>\n<\/div>\n<\/div>\n<\/div>\n<\/div>\n<div class=\"group\/conversation-turn relative flex w-full min-w-0 flex-col agent-turn\">\n<div class=\"flex-col gap-1 md:gap-3\">\n<div class=\"flex max-w-full flex-col flex-grow\">\n<div class=\"min-h-8 text-message flex w-full flex-col items-end gap-2 whitespace-normal break-words [.text-message+&amp;]:mt-5\" dir=\"auto\" data-message-author-role=\"assistant\" data-message-id=\"f226d3fc-81f3-46d5-8c46-31787fff0357\">\n<div class=\"flex w-full flex-col gap-1 empty:hidden first:pt-[3px]\">\n<div class=\"markdown prose w-full break-words dark:prose-invert light\">\n<p><strong>1.Quanti tiri ha la MESii Visual Box 16000 Puffs<\/strong><strong>\u00a0vape monouso?<\/strong><br \/>\nLa MESii Visual Box 16000 Puffs offre fino a 16000 tiri, superando di gran lunga la capacit\u00e0 delle tipiche sigarette elettroniche usa e getta.<\/p>\n<p><strong>2.Quali gusti sono disponibili nella sigaretta elettronica usa e getta MESii Visual Box 16000 Puffs?<\/strong><br \/>\nI gusti pi\u00f9 apprezzati includono Tempesta di Mirtilli, Ghiaccio al Lampone Blu, Menta di Miami, Frutti di Bosco Misti, Ghiaccio alla Mela Aspra, Fragola Ciliegia e altro ancora.<\/p>\n<p><strong>3.La MESii Visual Box 16000 Puffs \u00e8 adatta ai principianti?<\/strong><br \/>\nS\u00ec, \u00e8 perfetta per i principianti grazie al suo design semplice e senza pulsanti: basta inalare per iniziare a svapare.<\/p>\n<p><strong>4.Come dovrei conservare la mia sigaretta elettronica usa e getta?<\/strong><br \/>\nConservare il dispositivo in un luogo fresco e asciutto, lontano dalla luce solare diretta e fuori dalla portata di bambini e animali domestici.<\/p>\n<p><strong>5.Quanto dura la MESii Visual Box 16000 Puffs?<\/strong><br \/>\nCon una capacit\u00e0 di 16.000 tiri, la MESii Visual Box 16000 Puffs pu\u00f2 durare diverse settimane, a seconda dell'utilizzo.<\/p>\n<\/div>\n<\/div>\n<\/div>\n<\/div>\n<\/div>\n<\/div>\n<p>&nbsp;<\/p>\n<h3><b>DOMANDE FREQUENTI<\/b><\/h3>\n<p>&nbsp;<\/p>\n<div class=\"flex-shrink-0 flex flex-col relative items-end\">\n<div>\n<div class=\"pt-0\">\n<div class=\"gizmo-bot-avatar flex h-8 w-8 items-center justify-center overflow-hidden rounded-full\">\n<div class=\"relative p-1 rounded-sm flex items-center justify-center bg-token-main-surface-primary text-token-text-primary h-8 w-8\"><strong>Quali metodi di spedizione vengono utilizzati?<\/strong><\/div>\n<\/div>\n<\/div>\n<\/div>\n<\/div>\n<div class=\"group\/conversation-turn relative flex w-full min-w-0 flex-col agent-turn\">\n<div class=\"flex-col gap-1 md:gap-3\">\n<div class=\"flex max-w-full flex-col flex-grow\">\n<div class=\"min-h-[20px] text-message flex w-full flex-col items-end gap-2 whitespace-normal break-words [.text-message+&amp;]:mt-5 overflow-x-auto\" dir=\"auto\" data-message-author-role=\"assistant\" data-message-id=\"22f8283b-3233-46ff-89a5-c7a41b33abda\">\n<div class=\"flex w-full flex-col gap-1 empty:hidden first:pt-[3px]\">\n<div class=\"markdown prose w-full break-words dark:prose-invert light\">\n<p>Collaboriamo con UPS, DHL, FedEx, DPD e altri vettori leader. Selezioneremo il miglior metodo di spedizione in base alla tua posizione di consegna per assicurarti di ricevere i tuoi prodotti il pi\u00f9 rapidamente possibile.<\/p>\n<\/div>\n<p><strong>Quanto tempo ci vuole per arrivare?<\/strong><\/p>\n<p>I pacchi spediti in Italia arrivano solitamente entro 12-15 giorni lavorativi. Forniremo aggiornamenti in tempo reale sullo stato della tua spedizione.<\/p>\n<\/div>\n<p><strong>Garanzia<\/strong><\/p>\n<p><span style=\"color: #ff0000\"><strong>Tutti i prodotti nel nostro negozio sono garantiti al 100% originali e autentici. Offriamo un risarcimento 10 volte superiore per merci contraffatte!<\/strong><\/span><\/p>\n<div class=\"flex w-full flex-col gap-1 empty:hidden first:pt-[3px]\">\n<p>&nbsp;<\/p>\n<\/div>\n<\/div>\n<\/div>\n<\/div>\n<\/div>\n<p>&nbsp;<\/p>\n<p>Altri vaporizzatori in offerta che potrebbero piacerti:<\/p>\n<p>&nbsp;<\/p>\n<p><a href=\"https:\/\/rmvapesale.com\/it\/prodotto\/original-randm-vape-digital-puff-12000-fumot-factory-price\/\"><strong>VOZOL Gear 20000 Tiri<span style=\"color: #ff0000\">&gt;&gt;&gt;&gt;vai!<\/span><\/strong><\/a><\/p>\n<p><strong><a href=\"https:\/\/rmvapesale.com\/it\/prodotto\/randm-tornado-15000-puffs-15k-vape-recharge-fumot-original-vape-factory-price\/\">VOPK Tornado 15000 Puffs<\/a><a href=\"https:\/\/rmvapesale.com\/it\/prodotto\/original-randm-vape-digital-puff-12000-fumot-factory-price\/\"><span style=\"color: #ff0000\">&gt;&gt;&gt;&gt;vai!<\/span><\/a><\/strong><\/p>\n<p><a href=\"https:\/\/rmvapesale.com\/it\/prodotto\/vapme-crystal-7000-puffs-rechargeable-disposable-vape-price\/\"><strong>Vapme Crystal 7000 Puffs<a href=\"https:\/\/rmvapesale.com\/it\/prodotto\/original-randm-vape-digital-puff-12000-fumot-factory-price\/\"><span style=\"color: #ff0000\">&gt;&gt;&gt;&gt;vai!<\/span><\/a><\/strong><\/a><\/p>\n<p><a href=\"https:\/\/rmvapesale.com\/it\/prodotto\/uzy-crystal-pro-max-10k-puffs-disposable-vape-pen-wholesale\/\"><strong>UZY Crystal Pro Max 10k Puffs<a href=\"https:\/\/rmvapesale.com\/it\/prodotto\/original-randm-vape-digital-puff-12000-fumot-factory-price\/\"><span style=\"color: #ff0000\">&gt;&gt;&gt;&gt;vai!<\/span><\/a><\/strong><\/a><\/p>\n<p>&nbsp;<\/p>\n<p>&nbsp;<\/p>\n<p>Trova altri prodotti da svapo che potrebbero piacerti:<strong><em><a href=\"https:\/\/rmvapesale.com\/it\/shop-2\/\">acquista ora &gt;&gt;&gt;<\/a><\/em><\/strong><\/p>","protected":false},"excerpt":{"rendered":"<p>MESii Visual Boxx 16K 16000 Puffs Sigaretta usa e getta<br \/>\nMESii Visual Box 16000 Puffs Pod usa e getta<br \/>\nMesii Visual Box 16000 Puffs Sigaretta elettronica con 2%, 3% o 5% di nicotina<\/p>\n<p><strong>Contatta Amy per maggiori sconti e una risposta rapida<\/strong><\/p>\n<p><img loading=\"lazy\" decoding=\"async\" class=\"size-full wp-image-1978\" src=\"https:\/\/rmvapesale.com\/wp-content\/uploads\/2024\/09\/Disposable-Vape-Wholesale.jpg\" alt=\"Vaporizzatore Usa e Getta Ingrosso\" width=\"229\" height=\"300\" \/><\/p>\n<h3><span style=\"color: #ff0000\"><strong>WhatsApp: +86 17776015835<\/strong><\/span><\/h3>","protected":false},"featured_media":2239,"comment_status":"open","ping_status":"closed","template":"","meta":{"_uag_custom_page_level_css":"","_lmt_disableupdate":"no","_lmt_disable":"","site-sidebar-layout":"default","site-content-layout":"content-boxed-container","ast-site-content-layout":"normal-width-container","site-content-style":"boxed","site-sidebar-style":"unboxed","ast-global-header-display":"","ast-banner-title-visibility":"","ast-main-header-display":"","ast-hfb-above-header-display":"","ast-hfb-below-header-display":"","ast-hfb-mobile-header-display":"","site-post-title":"","ast-breadcrumbs-content":"","ast-featured-img":"","footer-sml-layout":"","theme-transparent-header-meta":"default","adv-header-id-meta":"","stick-header-meta":"","header-above-stick-meta":"","header-main-stick-meta":"","header-below-stick-meta":"","astra-migrate-meta-layouts":"set","ast-page-background-enabled":"default","ast-page-background-meta":{"desktop":{"background-color":"var(--ast-global-color-4)","background-image":"","background-repeat":"repeat","background-position":"center center","background-size":"auto","background-attachment":"scroll","background-type":"","background-media":"","overlay-type":"","overlay-color":"","overlay-opacity":"","overlay-gradient":""},"tablet":{"background-color":"","background-image":"","background-repeat":"repeat","background-position":"center center","background-size":"auto","background-attachment":"scroll","background-type":"","background-media":"","overlay-type":"","overlay-color":"","overlay-opacity":"","overlay-gradient":""},"mobile":{"background-color":"","background-image":"","background-repeat":"repeat","background-position":"center center","background-size":"auto","background-attachment":"scroll","background-type":"","background-media":"","overlay-type":"","overlay-color":"","overlay-opacity":"","overlay-gradient":""}},"ast-content-background-meta":{"desktop":{"background-color":"var(--ast-global-color-5)","background-image":"","background-repeat":"repeat","background-position":"center center","background-size":"auto","background-attachment":"scroll","background-type":"","background-media":"","overlay-type":"","overlay-color":"","overlay-opacity":"","overlay-gradient":""},"tablet":{"background-color":"var(--ast-global-color-5)","background-image":"","background-repeat":"repeat","background-position":"center center","background-size":"auto","background-attachment":"scroll","background-type":"","background-media":"","overlay-type":"","overlay-color":"","overlay-opacity":"","overlay-gradient":""},"mobile":{"background-color":"var(--ast-global-color-5)","background-image":"","background-repeat":"repeat","background-position":"center center","background-size":"auto","background-attachment":"scroll","background-type":"","background-media":"","overlay-type":"","overlay-color":"","overlay-opacity":"","overlay-gradient":""}},"_joinchat":[]},"product_brand":[],"product_cat":[15,292,293,295,299,25,123,26,28,135,27,31,61,137,136],"product_tag":[114,99,111,105,54,115],"class_list":{"0":"post-2246","1":"product","2":"type-product","3":"status-publish","4":"has-post-thumbnail","6":"product_cat-new-vape-this-week","7":"product_cat-digital-disposable-vapes","8":"product_cat-low-nicotine-disposable-vapes","9":"product_cat-rechargeable-disposable-vapes","10":"product_cat-smart-screen-disposable-vapes","11":"product_cat-germany-best-selling-vape","12":"product_cat-italy-wholesale-vape","13":"product_cat-netherlands-hot-sale-vape","14":"product_cat-poland-hot-sale-vape","15":"product_cat-spain-best-hot-sale-vape","16":"product_cat-fance-hot-sale-vape","17":"product_cat-randm-fumot-vape","18":"product_cat-15000-puffs-disposable-vapes","19":"product_cat-rechargeable-vapes","20":"product_cat-smart-screen-vapes","21":"product_tag-disposable-vape-pod","22":"product_tag-disposable-vape-wholesale","23":"product_tag-low-nicotine-disposable-vape","24":"product_tag-nicotine-free-disposable-vape","25":"product_tag-rechargeable-disposable-vape","26":"product_tag-smart-screen-disposable-vape","27":"desktop-align-left","28":"tablet-align-left","29":"mobile-align-left","31":"first","32":"instock","33":"sale","34":"shipping-taxable","35":"purchasable","36":"product-type-simple"},"uagb_featured_image_src":{"full":["https:\/\/rmvapesale.com\/wp-content\/uploads\/2024\/09\/Mesii-16000-Dispsoable-Vape.png",788,788,false],"thumbnail":["https:\/\/rmvapesale.com\/wp-content\/uploads\/2024\/09\/Mesii-16000-Dispsoable-Vape-150x150.png",150,150,true],"medium":["https:\/\/rmvapesale.com\/wp-content\/uploads\/2024\/09\/Mesii-16000-Dispsoable-Vape-300x300.png",300,300,true],"medium_large":["https:\/\/rmvapesale.com\/wp-content\/uploads\/2024\/09\/Mesii-16000-Dispsoable-Vape-768x768.png",768,768,true],"large":["https:\/\/rmvapesale.com\/wp-content\/uploads\/2024\/09\/Mesii-16000-Dispsoable-Vape.png",788,788,false],"1536x1536":["https:\/\/rmvapesale.com\/wp-content\/uploads\/2024\/09\/Mesii-16000-Dispsoable-Vape.png",788,788,false],"2048x2048":["https:\/\/rmvapesale.com\/wp-content\/uploads\/2024\/09\/Mesii-16000-Dispsoable-Vape.png",788,788,false],"trp-custom-language-flag":["https:\/\/rmvapesale.com\/wp-content\/uploads\/2024\/09\/Mesii-16000-Dispsoable-Vape.png",12,12,false],"woocommerce_thumbnail":["https:\/\/rmvapesale.com\/wp-content\/uploads\/2024\/09\/Mesii-16000-Dispsoable-Vape-300x300.png",300,300,true],"woocommerce_single":["https:\/\/rmvapesale.com\/wp-content\/uploads\/2024\/09\/Mesii-16000-Dispsoable-Vape-600x600.png",600,600,true],"woocommerce_gallery_thumbnail":["https:\/\/rmvapesale.com\/wp-content\/uploads\/2024\/09\/Mesii-16000-Dispsoable-Vape-100x100.png",100,100,true],"wcpr-photo-reviews":["https:\/\/rmvapesale.com\/wp-content\/uploads\/2024\/09\/Mesii-16000-Dispsoable-Vape.png",500,500,false]},"uagb_author_info":{"display_name":"AMY","author_link":"https:\/\/rmvapesale.com\/it\/author\/"},"uagb_comment_info":0,"uagb_excerpt":"MESii Visual Boxx 16K 16000 Puffs Disposable Vape MESii Visual Box 16000 Puffs Disposable Vape Pod Mesii Visual Box 16000 Puffs 0%2%3%5% Nicotine E-cigarette Contact Amy For More Discount And Right Reply WhatsApp: +86 17776015835","_links":{"self":[{"href":"https:\/\/rmvapesale.com\/it\/wp-json\/wp\/v2\/product\/2246","targetHints":{"allow":["GET"]}}],"collection":[{"href":"https:\/\/rmvapesale.com\/it\/wp-json\/wp\/v2\/product"}],"about":[{"href":"https:\/\/rmvapesale.com\/it\/wp-json\/wp\/v2\/types\/product"}],"replies":[{"embeddable":true,"href":"https:\/\/rmvapesale.com\/it\/wp-json\/wp\/v2\/comments?post=2246"}],"wp:featuredmedia":[{"embeddable":true,"href":"https:\/\/rmvapesale.com\/it\/wp-json\/wp\/v2\/media\/2239"}],"wp:attachment":[{"href":"https:\/\/rmvapesale.com\/it\/wp-json\/wp\/v2\/media?parent=2246"}],"wp:term":[{"taxonomy":"product_brand","embeddable":true,"href":"https:\/\/rmvapesale.com\/it\/wp-json\/wp\/v2\/product_brand?post=2246"},{"taxonomy":"product_cat","embeddable":true,"href":"https:\/\/rmvapesale.com\/it\/wp-json\/wp\/v2\/product_cat?post=2246"},{"taxonomy":"product_tag","embeddable":true,"href":"https:\/\/rmvapesale.com\/it\/wp-json\/wp\/v2\/product_tag?post=2246"}],"curies":[{"name":"wp","href":"https:\/\/api.w.org\/{rel}","templated":true}]}}