{"id":2298,"date":"2024-10-08T08:30:16","date_gmt":"2024-10-08T08:30:16","guid":{"rendered":"https:\/\/rmvapesale.com\/?post_type=product&#038;p=2298"},"modified":"2025-01-14T09:46:47","modified_gmt":"2025-01-14T09:46:47","slug":"uwin-crystal-10000-puff-disposable-vape-wholesale-price","status":"publish","type":"product","link":"https:\/\/rmvapesale.com\/it\/prodotto\/uwin-crystal-10000-puff-disposable-vape-wholesale-price\/","title":{"rendered":"UWIN CRYSTAL 10000 Tiri Sigaretta Elettronica Monouso Prezzo all'ingrosso"},"content":{"rendered":"<div class=\"B2VR9 CJHX3e\">\n<div class=\"wyccme\">\n<h1 class=\"LC20lb MBeuO DKV0Md\">UWIN CRYSTAL 10000 Tiri Sigaretta Elettronica Monouso Prezzo all'ingrosso<\/h1>\n<div class=\"flex-shrink-0 flex flex-col relative items-end\">\n<div>\n<div class=\"pt-0\">\n<div class=\"gizmo-bot-avatar flex h-8 w-8 items-center justify-center overflow-hidden rounded-full\">\n<div class=\"relative p-1 rounded-sm flex items-center justify-center bg-token-main-surface-primary text-token-text-primary h-8 w-8\"><\/div>\n<\/div>\n<\/div>\n<\/div>\n<\/div>\n<div class=\"group\/conversation-turn relative flex w-full min-w-0 flex-col agent-turn\">\n<div class=\"flex-col gap-1 md:gap-3\">\n<div class=\"flex max-w-full flex-col flex-grow\">\n<div class=\"min-h-8 text-message flex w-full flex-col items-end gap-2 whitespace-normal break-words [.text-message+&amp;]:mt-5\" dir=\"auto\" data-message-author-role=\"assistant\" data-message-id=\"871c1362-82be-4876-894c-d28f37ffd3d3\">\n<div class=\"flex w-full flex-col gap-1 empty:hidden first:pt-[3px]\">\n<div class=\"markdown prose w-full break-words dark:prose-invert light\">\n<p>Il vaporizzatore usa e getta UWIN CRYSTAL 10000 Puff disponibile all'ingrosso su rmvapesale ora! Questo vape pod \u00e8 la scelta ideale per un'esperienza di svapo premium! Con opzioni di nicotina 0%, 2%, 3% o 5%, questo dispositivo si adatta a una variet\u00e0 di preferenze. Ogni unit\u00e0 vanta ben 10.000 boccate e una generosa capacit\u00e0 di 18 ml, garantendo un divertimento duraturo.<\/p>\n<p>Progettato per la massima comodit\u00e0, l'UWIN CRYSTAL 10K \u00e8 dotato di una batteria ricaricabile da 650 mAh con porta cobalt type-C e una mesh coil da 0,8 ohm per un'erogazione ottimale del sapore, rendendolo ideale per gli acquirenti all'ingrosso. Le vivaci luci RGB aggiungono un tocco di stile, mentre i 15 gusti disponibili soddisfano tutti i palati.<\/p>\n<p>Migliora la tua esperienza di svapo con il vaporizzatore usa e getta UWIN CRYSTAL 10000 Puff al prezzo all'ingrosso oggi stesso!<\/p>\n<p>&nbsp;<\/p>\n<\/div>\n<\/div>\n<\/div>\n<\/div>\n<\/div>\n<\/div>\n<\/div>\n<\/div>\n<p><strong>Contatta Amy per ottenere una risposta rapida e altri video del prodotto!<\/strong><\/p>\n<p><img loading=\"lazy\" decoding=\"async\" class=\"size-full wp-image-1978\" src=\"https:\/\/rmvapesale.com\/wp-content\/uploads\/2024\/09\/Disposable-Vape-Wholesale.jpg\" alt=\"Vaporizzatore Usa e Getta Ingrosso\" width=\"229\" height=\"300\" \/><\/p>\n<h3><a href=\"https:\/\/wa.me\/8617776015835\" target=\"_blank\" rel=\"noopener\"><span style=\"color: #ff0000\"><strong>WhatsApp: +86 17776015835<\/strong><\/span><\/a><\/h3>\n<p>&nbsp;<\/p>\n<h2><\/h2>\n<h2><strong>Caratteristiche principali del vaporizzatore UWIN CRYSTAL 10000 Puff<\/strong><\/h2>\n<p>0% 2% 3% 5% Nicotina<br \/>\nBoccate: 10000<br \/>\nCapacit\u00e0: 18 ml<br \/>\n200 pezzi\/cartone<br \/>\n10 pezzi\/scatola<br \/>\n15 gusti disponibili<br \/>\nPorta cobalt type-c ricaricabile da 650 mAh<br \/>\nCoil: mesh coil da 0,8 ohm<br \/>\nOgni cartone: 17,3 kg<br \/>\nDimensioni cartone: 36,5*36,7*31,5 CM<br \/>\nLUCI RGB<\/p>\n<p><img loading=\"lazy\" decoding=\"async\" class=\"wp-image-2958 size-full\" src=\"https:\/\/rmvapesale.com\/wp-content\/uploads\/2025\/01\/Uwin-Crystal-10000-Disposable-Vape-Bulk-Buy.webp\" alt=\"Acquisto all&#039;ingrosso di Uwin Crystal 10000 Vape usa e getta\" width=\"1000\" height=\"1000\" srcset=\"https:\/\/rmvapesale.com\/wp-content\/uploads\/2025\/01\/Uwin-Crystal-10000-Disposable-Vape-Bulk-Buy.webp 1000w, https:\/\/rmvapesale.com\/wp-content\/uploads\/2025\/01\/Uwin-Crystal-10000-Disposable-Vape-Bulk-Buy-300x300.webp 300w, https:\/\/rmvapesale.com\/wp-content\/uploads\/2025\/01\/Uwin-Crystal-10000-Disposable-Vape-Bulk-Buy-150x150.webp 150w, https:\/\/rmvapesale.com\/wp-content\/uploads\/2025\/01\/Uwin-Crystal-10000-Disposable-Vape-Bulk-Buy-768x768.webp 768w, https:\/\/rmvapesale.com\/wp-content\/uploads\/2025\/01\/Uwin-Crystal-10000-Disposable-Vape-Bulk-Buy-600x600.webp 600w, https:\/\/rmvapesale.com\/wp-content\/uploads\/2025\/01\/Uwin-Crystal-10000-Disposable-Vape-Bulk-Buy-100x100.webp 100w\" sizes=\"auto, (max-width: 1000px) 100vw, 1000px\" \/><\/p>\n<h2><\/h2>\n<h2><strong>Gusto migliore per UWIN CRYSTAL 10000 Puff<\/strong><\/h2>\n<p>Il Vape Pod usa e getta UWIN CRYSTAL 10000 Puff offre 15 deliziosi gusti, scegli tra una variet\u00e0 di sapori, tra cui la classica menta fresca e rinfrescante e l'esotica dolcezza dell'uva, ognuno dei quali promette un viaggio ricco e soddisfacente ad ogni boccata.<\/p>\n<p>1. Lampone ai mirtilli<br \/>\n2. Ghiaccio all'uva<span style=\"color: #ff0000\"><strong>&gt;&gt;&gt;&gt; Caldo!<\/strong><\/span><br \/>\n3.Fragola Anguria<br \/>\n4. Mirtillo su ghiaccio<br \/>\n5. Ghiaccio all'anguria<span style=\"color: #ff0000\"><strong>&gt;&gt;&gt;&gt; Caldo!<\/strong><\/span><br \/>\n6. Ghiaccio alla ciliegia<br \/>\n7. Ciliegia al lampone e fragola<br \/>\n8. Guava frutto della passione e kiwi<br \/>\n9. Ghiaccio alla fragola<br \/>\n10. Ghiaccio alla pesca<br \/>\n11. Kiwi alla fragola<br \/>\n12. Frutti di bosco e pesca<br \/>\n13. Cola alla ciliegia<br \/>\n14. Frutti di bosco misti<br \/>\n15. Mr blue<span style=\"color: #ff0000\"><strong>&gt;&gt;&gt;&gt; Migliore!<\/strong><\/span><\/p>\n<p>&nbsp;<\/p>\n<div class=\"flex-shrink-0 flex flex-col relative items-end\">\n<div>\n<div class=\"pt-0\">\n<div class=\"gizmo-bot-avatar flex h-8 w-8 items-center justify-center overflow-hidden rounded-full\">\n<div class=\"relative p-1 rounded-sm flex items-center justify-center bg-token-main-surface-primary text-token-text-primary h-8 w-8\">\n<h3><b>DOMANDE FREQUENTI<\/b><\/h3>\n<p>&nbsp;<\/p>\n<\/div>\n<\/div>\n<\/div>\n<\/div>\n<\/div>\n<div class=\"group\/conversation-turn relative flex w-full min-w-0 flex-col agent-turn\">\n<div class=\"flex-col gap-1 md:gap-3\">\n<div class=\"flex max-w-full flex-col flex-grow\">\n<div class=\"min-h-8 text-message flex w-full flex-col items-end gap-2 whitespace-normal break-words [.text-message+&amp;]:mt-5\" dir=\"auto\" data-message-author-role=\"assistant\" data-message-id=\"f226d3fc-81f3-46d5-8c46-31787fff0357\">\n<div class=\"flex w-full flex-col gap-1 empty:hidden first:pt-[3px]\">\n<div class=\"markdown prose w-full break-words dark:prose-invert light\">\n<p><strong>D1: Quali sono le gradazioni di nicotina disponibili per il Vape usa e getta UWIN CRYSTAL 10000 Puff?<\/strong><br \/>\nR1: UWIN CRYSTAL offre opzioni di nicotina di 0%, 2%, 3% e 5%, permettendoti di scegliere il livello pi\u00f9 adatto a te.<\/p>\n<p><strong>D2: Quanti puff posso aspettarmi dal Vape usa e getta UWIN CRYSTAL 10000 Puff?<\/strong><br \/>\nR2: Ogni dispositivo di vaporizzazione fornisce ben 10.000 puff, rendendola un'opzione di lunga durata per i vapers.<\/p>\n<p><strong>D3: Qual \u00e8 la capacit\u00e0 del vape UWIN CRYSTAL?<\/strong><br \/>\nA3: L'UWIN CRYSTAL ha una capacit\u00e0 di 18 ml, garantendo un'ampia quantit\u00e0 di e-liquid per un uso prolungato.<\/p>\n<p><strong>Q4: Quanti gusti sono disponibili per l'UWIN CRYSTAL?<\/strong><br \/>\nA4: Ci sono 15 gusti entusiasmanti tra cui scegliere, tra cui Mirtillo Lampone, Uva Ghiaccio, Fragola Anguria e molti altri.<\/p>\n<p><strong>Q5: L'UWIN CRYSTAL \u00e8 ricaricabile?<\/strong><br \/>\nA5: S\u00ec! L'UWIN CRYSTAL \u00e8 dotato di una batteria ricaricabile da 650 mAh con una comoda porta di tipo C al cobalto.<\/p>\n<p><strong>Q6: Che tipo di coil utilizza l'UWIN CRYSTAL?<\/strong><br \/>\nA6: Questo vape utilizza una coil a mesh da 0,8 ohm, garantendo un'esperienza di svapo fluida e saporita.<\/p>\n<p><strong>Q7: Qual \u00e8 la configurazione dell'imballaggio per gli ordini all'ingrosso?<\/strong><br \/>\nA7: L'UWIN CRYSTAL viene fornito in cartoni da 200 pezzi, con 10 vape per scatola, il che lo rende ideale per gli acquirenti all'ingrosso.<\/p>\n<p><strong>Q8: Quanto costa il Vape usa e getta UWIN CRYSTAL da 10000 Puff?<\/strong><br \/>\nA8: Per informazioni sui prezzi, si prega di contattarci direttamente per il prezzo del vape usa e getta UWIN CRYSTAL 10000 Puff.<\/p>\n<p><strong>Q9: Posso acquistare all'ingrosso i pod per vape UWIN CRYSTAL 10000 Puff?<\/strong><br \/>\nA9: Assolutamente! Offriamo prezzi all'ingrosso per i pod per vape UWIN Crystal 10000 Puff. Per i dettagli, contattaci.<\/p>\n<\/div>\n<\/div>\n<\/div>\n<\/div>\n<\/div>\n<\/div>\n<p>&nbsp;<\/p>\n<h3><\/h3>\n<h3>Informazioni sulla spedizione<\/h3>\n<div class=\"flex-shrink-0 flex flex-col relative items-end\">\n<div>\n<div class=\"pt-0\">\n<div class=\"gizmo-bot-avatar flex h-8 w-8 items-center justify-center overflow-hidden rounded-full\">\n<div><\/div>\n<div class=\"relative p-1 rounded-sm flex items-center justify-center bg-token-main-surface-primary text-token-text-primary h-8 w-8\"><strong>1. Quali metodi di spedizione vengono utilizzati?<\/strong><\/div>\n<\/div>\n<\/div>\n<\/div>\n<\/div>\n<div class=\"group\/conversation-turn relative flex w-full min-w-0 flex-col agent-turn\">\n<div class=\"flex-col gap-1 md:gap-3\">\n<div class=\"flex max-w-full flex-col flex-grow\">\n<div class=\"min-h-[20px] text-message flex w-full flex-col items-end gap-2 whitespace-normal break-words [.text-message+&amp;]:mt-5 overflow-x-auto\" dir=\"auto\" data-message-author-role=\"assistant\" data-message-id=\"22f8283b-3233-46ff-89a5-c7a41b33abda\">\n<div class=\"flex w-full flex-col gap-1 empty:hidden first:pt-[3px]\">\n<div class=\"markdown prose w-full break-words dark:prose-invert light\">\n<p>Collaboriamo con UPS, DHL, FedEx, DPD e altri vettori leader. Selezioneremo il miglior metodo di spedizione in base alla tua posizione di consegna per assicurarti di ricevere i tuoi prodotti il pi\u00f9 rapidamente possibile.<\/p>\n<\/div>\n<p><strong>2. Quanto tempo ci vuole per arrivare?<\/strong><\/p>\n<p>I pacchi spediti in Italia arrivano solitamente entro 12-15 giorni lavorativi. Forniremo aggiornamenti in tempo reale sullo stato della tua spedizione.<\/p>\n<\/div>\n<p><strong>3. Garanzia<\/strong><\/p>\n<p><span style=\"color: #ff0000\"><strong>Tutti i prodotti nel nostro negozio sono garantiti al 100% originali e autentici. Offriamo un risarcimento 10 volte superiore per merci contraffatte!<\/strong><\/span><\/p>\n<div class=\"flex w-full flex-col gap-1 empty:hidden first:pt-[3px]\">\n<p>&nbsp;<\/p>\n<\/div>\n<\/div>\n<\/div>\n<\/div>\n<\/div>\n<p>&nbsp;<\/p>\n<p>Altri vaporizzatori in offerta che potrebbero piacerti:<\/p>\n<p><a href=\"https:\/\/rmvapesale.com\/it\/prodotto\/bang-30k-puffs-disposable-vape-double-taste-wholesale-italy\/\"><strong>Bang 30k Puff \u00a0<span style=\"color: #ff0000\">&gt;&gt;&gt;&gt; vai!<\/span><\/strong><\/a><\/p>\n<p><strong><a href=\"https:\/\/rmvapesale.com\/it\/prodotto\/uzy-qute-800-puffs-disposable-vape-original-wholesale\/\">Uzy Qute 800 Puffs <span style=\"color: #ff0000\">&gt;&gt;&gt;&gt; vai!<\/span><\/a>\u00a0<\/strong><\/p>\n<p><a href=\"https:\/\/rmvapesale.com\/it\/prodotto\/waspe-20000-puffs-dual-mesh-box-disposable-vape\/\"><strong>WASPE 20000 Puff <span style=\"color: #ff0000\">&gt;&gt;&gt;&gt; vai!<\/span><\/strong><\/a><\/p>\n<p>&nbsp;<\/p>\n<p>&nbsp;<\/p>\n<p>Trova altri prodotti da svapo che potrebbero piacerti:<strong><em><a href=\"https:\/\/rmvapesale.com\/it\/shop-2\/\">acquista ora &gt;&gt;&gt;<\/a><\/em><\/strong><\/p>","protected":false},"excerpt":{"rendered":"<p>UWIN Crystal 10000 Puff Vaporizzatore Usa e Getta All'Ingrosso<br \/>\nUWIN Crystal 10000 Puff Vaporizzatore Usa e Getta Prezzo Acquisto in Blocco<br \/>\nUWIN Crystal 10000 Puff Vape Pod 15 Gusti Disponibili<\/p>\n<p><img loading=\"lazy\" decoding=\"async\" class=\"size-full wp-image-1978\" src=\"https:\/\/rmvapesale.com\/wp-content\/uploads\/2024\/09\/Disposable-Vape-Wholesale.jpg\" alt=\"Vaporizzatore Usa e Getta Ingrosso\" width=\"229\" height=\"300\" \/><\/p>\n<h3><a href=\"https:\/\/wa.me\/8617776015835\"><span style=\"color: #ff0000\"><strong>WhatsApp: +86 17776015835<\/strong><\/span><\/a><\/h3>\n<p>&nbsp;<\/p>","protected":false},"featured_media":2962,"comment_status":"open","ping_status":"closed","template":"","meta":{"_uag_custom_page_level_css":"","_lmt_disableupdate":"no","_lmt_disable":"","site-sidebar-layout":"default","site-content-layout":"content-boxed-container","ast-site-content-layout":"normal-width-container","site-content-style":"boxed","site-sidebar-style":"unboxed","ast-global-header-display":"","ast-banner-title-visibility":"","ast-main-header-display":"","ast-hfb-above-header-display":"","ast-hfb-below-header-display":"","ast-hfb-mobile-header-display":"","site-post-title":"","ast-breadcrumbs-content":"","ast-featured-img":"","footer-sml-layout":"","ast-disable-related-posts":"","theme-transparent-header-meta":"default","adv-header-id-meta":"","stick-header-meta":"","header-above-stick-meta":"","header-main-stick-meta":"","header-below-stick-meta":"","astra-migrate-meta-layouts":"set","ast-page-background-enabled":"default","ast-page-background-meta":{"desktop":{"background-color":"var(--ast-global-color-4)","background-image":"","background-repeat":"repeat","background-position":"center center","background-size":"auto","background-attachment":"scroll","background-type":"","background-media":"","overlay-type":"","overlay-color":"","overlay-opacity":"","overlay-gradient":""},"tablet":{"background-color":"","background-image":"","background-repeat":"repeat","background-position":"center center","background-size":"auto","background-attachment":"scroll","background-type":"","background-media":"","overlay-type":"","overlay-color":"","overlay-opacity":"","overlay-gradient":""},"mobile":{"background-color":"","background-image":"","background-repeat":"repeat","background-position":"center center","background-size":"auto","background-attachment":"scroll","background-type":"","background-media":"","overlay-type":"","overlay-color":"","overlay-opacity":"","overlay-gradient":""}},"ast-content-background-meta":{"desktop":{"background-color":"var(--ast-global-color-5)","background-image":"","background-repeat":"repeat","background-position":"center center","background-size":"auto","background-attachment":"scroll","background-type":"","background-media":"","overlay-type":"","overlay-color":"","overlay-opacity":"","overlay-gradient":""},"tablet":{"background-color":"var(--ast-global-color-5)","background-image":"","background-repeat":"repeat","background-position":"center center","background-size":"auto","background-attachment":"scroll","background-type":"","background-media":"","overlay-type":"","overlay-color":"","overlay-opacity":"","overlay-gradient":""},"mobile":{"background-color":"var(--ast-global-color-5)","background-image":"","background-repeat":"repeat","background-position":"center center","background-size":"auto","background-attachment":"scroll","background-type":"","background-media":"","overlay-type":"","overlay-color":"","overlay-opacity":"","overlay-gradient":""}},"_joinchat":[]},"product_brand":[],"product_cat":[15,27,25,123,30,26,28],"product_tag":[124,66,101,105,120,116],"class_list":{"0":"post-2298","1":"product","2":"type-product","3":"status-publish","4":"has-post-thumbnail","6":"product_cat-new-vape-this-week","7":"product_cat-fance-hot-sale-vape","8":"product_cat-germany-best-selling-vape","9":"product_cat-italy-wholesale-vape","10":"product_cat-minimum-order-quantity-50pcs","11":"product_cat-netherlands-hot-sale-vape","12":"product_cat-poland-hot-sale-vape","13":"product_tag-crystal-vape","14":"product_tag-disposable-vape","15":"product_tag-led-display-vape","16":"product_tag-nicotine-free-disposable-vape","17":"product_tag-vape-wholesale","18":"product_tag-vapes","19":"desktop-align-left","20":"tablet-align-left","21":"mobile-align-left","23":"first","24":"instock","25":"sale","26":"shipping-taxable","27":"purchasable","28":"product-type-simple"},"uagb_featured_image_src":{"full":["https:\/\/rmvapesale.com\/wp-content\/uploads\/2025\/01\/Uwin-Crystal-10000-Puff-Disposable-Vape-Wholesale-Cheap-Price.webp",1000,1000,false],"thumbnail":["https:\/\/rmvapesale.com\/wp-content\/uploads\/2025\/01\/Uwin-Crystal-10000-Puff-Disposable-Vape-Wholesale-Cheap-Price-150x150.webp",150,150,true],"medium":["https:\/\/rmvapesale.com\/wp-content\/uploads\/2025\/01\/Uwin-Crystal-10000-Puff-Disposable-Vape-Wholesale-Cheap-Price-300x300.webp",300,300,true],"medium_large":["https:\/\/rmvapesale.com\/wp-content\/uploads\/2025\/01\/Uwin-Crystal-10000-Puff-Disposable-Vape-Wholesale-Cheap-Price-768x768.webp",768,768,true],"large":["https:\/\/rmvapesale.com\/wp-content\/uploads\/2025\/01\/Uwin-Crystal-10000-Puff-Disposable-Vape-Wholesale-Cheap-Price.webp",1000,1000,false],"1536x1536":["https:\/\/rmvapesale.com\/wp-content\/uploads\/2025\/01\/Uwin-Crystal-10000-Puff-Disposable-Vape-Wholesale-Cheap-Price.webp",1000,1000,false],"2048x2048":["https:\/\/rmvapesale.com\/wp-content\/uploads\/2025\/01\/Uwin-Crystal-10000-Puff-Disposable-Vape-Wholesale-Cheap-Price.webp",1000,1000,false],"trp-custom-language-flag":["https:\/\/rmvapesale.com\/wp-content\/uploads\/2025\/01\/Uwin-Crystal-10000-Puff-Disposable-Vape-Wholesale-Cheap-Price.webp",12,12,false],"woocommerce_thumbnail":["https:\/\/rmvapesale.com\/wp-content\/uploads\/2025\/01\/Uwin-Crystal-10000-Puff-Disposable-Vape-Wholesale-Cheap-Price-300x300.webp",300,300,true],"woocommerce_single":["https:\/\/rmvapesale.com\/wp-content\/uploads\/2025\/01\/Uwin-Crystal-10000-Puff-Disposable-Vape-Wholesale-Cheap-Price-600x600.webp",600,600,true],"woocommerce_gallery_thumbnail":["https:\/\/rmvapesale.com\/wp-content\/uploads\/2025\/01\/Uwin-Crystal-10000-Puff-Disposable-Vape-Wholesale-Cheap-Price-100x100.webp",100,100,true],"wcpr-photo-reviews":["https:\/\/rmvapesale.com\/wp-content\/uploads\/2025\/01\/Uwin-Crystal-10000-Puff-Disposable-Vape-Wholesale-Cheap-Price.webp",500,500,false]},"uagb_author_info":{"display_name":"AMY","author_link":"https:\/\/rmvapesale.com\/it\/author\/"},"uagb_comment_info":0,"uagb_excerpt":"UWIN Crystal 10000 Puff Disposable Vape Wholesale UWIN Crystal 10000 Puff Disposable Vape Bulk Buy Price UWIN Crystal 10000 Puff Vape Pod 15 Flavor in Stock WhatsApp: +86 17776015835 &nbsp;","_links":{"self":[{"href":"https:\/\/rmvapesale.com\/it\/wp-json\/wp\/v2\/product\/2298","targetHints":{"allow":["GET"]}}],"collection":[{"href":"https:\/\/rmvapesale.com\/it\/wp-json\/wp\/v2\/product"}],"about":[{"href":"https:\/\/rmvapesale.com\/it\/wp-json\/wp\/v2\/types\/product"}],"replies":[{"embeddable":true,"href":"https:\/\/rmvapesale.com\/it\/wp-json\/wp\/v2\/comments?post=2298"}],"wp:featuredmedia":[{"embeddable":true,"href":"https:\/\/rmvapesale.com\/it\/wp-json\/wp\/v2\/media\/2962"}],"wp:attachment":[{"href":"https:\/\/rmvapesale.com\/it\/wp-json\/wp\/v2\/media?parent=2298"}],"wp:term":[{"taxonomy":"product_brand","embeddable":true,"href":"https:\/\/rmvapesale.com\/it\/wp-json\/wp\/v2\/product_brand?post=2298"},{"taxonomy":"product_cat","embeddable":true,"href":"https:\/\/rmvapesale.com\/it\/wp-json\/wp\/v2\/product_cat?post=2298"},{"taxonomy":"product_tag","embeddable":true,"href":"https:\/\/rmvapesale.com\/it\/wp-json\/wp\/v2\/product_tag?post=2298"}],"curies":[{"name":"wp","href":"https:\/\/api.w.org\/{rel}","templated":true}]}}