{"id":2384,"date":"2024-10-14T02:52:20","date_gmt":"2024-10-14T02:52:20","guid":{"rendered":"https:\/\/rmvapesale.com\/?post_type=product&#038;p=2384"},"modified":"2024-10-14T03:22:03","modified_gmt":"2024-10-14T03:22:03","slug":"faivono-bang-maxi-15000-puffs-disposable-vape-bulk-wholesale","status":"publish","type":"product","link":"https:\/\/rmvapesale.com\/it\/prodotto\/faivono-bang-maxi-15000-puffs-disposable-vape-bulk-wholesale\/","title":{"rendered":"AIVONO Bang Maxi 15000 Tiri Vaporizzatore usa e getta all'ingrosso"},"content":{"rendered":"<div class=\"B2VR9 CJHX3e\">\n<div class=\"wyccme\">\n<h1 class=\"LC20lb MBeuO DKV0Md\">AIVONO Bang Maxi 15000 Tiri Vaporizzatore usa e getta all'ingrosso<\/h1>\n<div class=\"flex-shrink-0 flex flex-col relative items-end\">\n<div class=\"pt-0\">\n<div class=\"gizmo-bot-avatar flex h-8 w-8 items-center justify-center overflow-hidden rounded-full\">\n<div class=\"relative p-1 rounded-sm flex items-center justify-center bg-token-main-surface-primary text-token-text-primary h-8 w-8\">\n<p>Scopri il prossimo livello di svapo con l'AIVONO Bang Maxi 15000 Puffs Vape usa e getta, un dispositivo avanzato di pod vape usa e getta progettato per la massima soddisfazione e comodit\u00e0. Questa innovativa vape combina tecnologia all'avanguardia con un design elegante per offrire un'esperienza di svapo senza paragoni, perfetta sia per principianti che per svapatori esperti.<\/p>\n<p>Con 15.000 puff e una batteria ricaricabile, l'AIVONO Vape usa e getta da 15000 Puff offre prestazioni imbattibili e comodit\u00e0, rendendola la scelta perfetta per gli svapatori quotidiani. Puoi scegliere tra opzioni 5%, 3%, 2% o senza nicotina, permettendoti di personalizzare la tua esperienza di svapo secondo le tue esigenze.<\/p>\n<p>Prendila subito su Rmvapesale, il miglior negozio di vape online, e porta il tuo svapo al livello successivo con l'AIVONO Bang Maxi 15000 Puffs Vape usa e getta.<\/p>\n<p>&nbsp;<\/p>\n<\/div>\n<\/div>\n<\/div>\n<\/div>\n<\/div>\n<\/div>\n<p><strong>Contatta Amy per ottenere una risposta rapida e altri video del prodotto!<\/strong><\/p>\n<p><img loading=\"lazy\" decoding=\"async\" class=\"size-full wp-image-1978\" src=\"https:\/\/rmvapesale.com\/wp-content\/uploads\/2024\/09\/Disposable-Vape-Wholesale.jpg\" alt=\"Vaporizzatore Usa e Getta Ingrosso\" width=\"229\" height=\"300\" \/><\/p>\n<h3><a href=\"https:\/\/wa.me\/8617776015835\" target=\"_blank\" rel=\"noopener\"><span style=\"color: #ff0000\"><strong>WhatsApp: +86 17776015835<\/strong><\/span><\/a><\/h3>\n<p>&nbsp;<\/p>\n<h2><\/h2>\n<h2><strong>Caratteristiche principali della bottiglia Vape AIVONO Bang Maxi 15000<\/strong><\/h2>\n<p>&nbsp;<\/p>\n<ul>\n<li><strong>Durata Puff Estesa:<\/strong> Offrendo fino a <strong>15.000 tiri<\/strong>, questa vape usa e getta garantisce un divertimento duraturo senza la necessit\u00e0 di sostituzioni frequenti. \u00c8 perfetta per sessioni di svapo prolungate, rendendola uno dei vape pi\u00f9 venduti sul mercato.<\/li>\n<li><strong>Prestazioni potenti della batteria:<\/strong> Dotata di una <strong>Batteria in cobalto puro da 18250<\/strong> e una batteria ricaricabile <strong>capacit\u00e0 di 650mAh<\/strong>, questo dispositivo \u00e8 progettato per resistere nel tempo. L'interfaccia di ricarica rapida <strong>Type-C<\/strong> consente una ricarica efficiente, cos\u00ec puoi goderti ore di svapo senza interruzioni.<\/li>\n<li><strong>Generosa capacit\u00e0 di e-liquid:<\/strong> La <strong>E-liquid da 23ml<\/strong> la capacit\u00e0 riduce la necessit\u00e0 di ricariche frequenti, permettendoti di concentrarti sulla tua esperienza di svapo. Combinato con un <strong>filamento riscaldante in mesh da 1.2\u03a9<\/strong>, la produzione di vapore \u00e8 fluida e ricca di sapore ad ogni tiro.<\/li>\n<li><strong>cURL Too many subrequests.<\/strong> Personalizza la tua esperienza di svapo con <strong>opzioni di sale di nicotina<\/strong> di 5%, 3%, 2%, o anche <strong>senza nicotina<\/strong> (0%) scelte. Questa flessibilit\u00e0 si adatta a diverse preferenze, da colpi di nicotina leggeri a pi\u00f9 intensi.<\/li>\n<li><strong>Compatto e Portatile:<\/strong> Misurando appena <strong>40*110mm<\/strong>, la <strong>AIVONO Bang Maxi<\/strong> \u00e8 compatto e portatile, si adatta perfettamente alla tua mano o tasca per uno svapo comodo ovunque tu sia.<\/li>\n<li><\/li>\n<\/ul>\n<h2><\/h2>\n<h2><strong>Il miglior sapore per AIVONO 15000 Puff Vape Pod<\/strong><\/h2>\n<p>La <strong>AIVONO Bang Maxi Vape Monouso da 15000 Puff<\/strong> offre una vasta gamma di sapori accuratamente realizzati, adatti a ogni gusto di vaper. Alcune delle opzioni pi\u00f9 apprezzate includono:<\/p>\n<p>&nbsp;<\/p>\n<p>1. Blue Razz <span style=\"color: #ff0000\"><strong>&gt;&gt;&gt;&gt; Caldo!<\/strong><\/span><br \/>\n2. Uva Reale<br \/>\n3. Pesca Frutti di Bosco<br \/>\n4. Bacio Passione<br \/>\n5.Ghiaccio Anguria<br \/>\n6. Triple Berry <span style=\"color: #ff0000\"><strong>&gt;&gt;&gt;&gt; Migliore!<\/strong><\/span><br \/>\n7. Ghiaccio alla pesca<br \/>\n8.Fragola Anguria<br \/>\n9. Amore 66 <span style=\"color: #ff0000\"><strong>&gt;&gt;&gt;&gt; Caldo!<\/strong><\/span><br \/>\n10. Sesso sulla Spiaggia <span style=\"color: #ff0000\"><strong>&gt;&gt;&gt;&gt; Caldo!<\/strong><\/span><\/p>\n<figure id=\"attachment_2378\" aria-describedby=\"caption-attachment-2378\" style=\"width: 808px\" class=\"wp-caption alignnone\"><img loading=\"lazy\" decoding=\"async\" class=\"wp-image-2378 size-full\" src=\"https:\/\/rmvapesale.com\/wp-content\/uploads\/2024\/10\/AIVONO-Aim-Bang-Maxi-15000-Puffs-Disposable-Vape-Flavour.png\" alt=\"AIVONO Aim Bang Maxi 15000 Puffs Vape usa e getta Aroma\" width=\"808\" height=\"808\" srcset=\"https:\/\/rmvapesale.com\/wp-content\/uploads\/2024\/10\/AIVONO-Aim-Bang-Maxi-15000-Puffs-Disposable-Vape-Flavour.png 808w, https:\/\/rmvapesale.com\/wp-content\/uploads\/2024\/10\/AIVONO-Aim-Bang-Maxi-15000-Puffs-Disposable-Vape-Flavour-300x300.png 300w, https:\/\/rmvapesale.com\/wp-content\/uploads\/2024\/10\/AIVONO-Aim-Bang-Maxi-15000-Puffs-Disposable-Vape-Flavour-150x150.png 150w, https:\/\/rmvapesale.com\/wp-content\/uploads\/2024\/10\/AIVONO-Aim-Bang-Maxi-15000-Puffs-Disposable-Vape-Flavour-768x768.png 768w, https:\/\/rmvapesale.com\/wp-content\/uploads\/2024\/10\/AIVONO-Aim-Bang-Maxi-15000-Puffs-Disposable-Vape-Flavour-600x600.png 600w, https:\/\/rmvapesale.com\/wp-content\/uploads\/2024\/10\/AIVONO-Aim-Bang-Maxi-15000-Puffs-Disposable-Vape-Flavour-100x100.png 100w\" sizes=\"auto, (max-width: 808px) 100vw, 808px\" \/><figcaption id=\"caption-attachment-2378\" class=\"wp-caption-text\">AIVONO Aim Bang Maxi 15000 Puffs Vape usa e getta Aroma<\/figcaption><\/figure>\n<h3><\/h3>\n<h3><strong>Perch\u00e9 scegliere Rmvapesale per Aivono Aim Bang Maxi 15000 Puffs Vape ricaricabile<\/strong><strong>?<\/strong><\/h3>\n<div class=\"flex-shrink-0 flex flex-col relative items-end\">\n<div>\n<div class=\"pt-0\">\n<div class=\"gizmo-bot-avatar flex h-8 w-8 items-center justify-center overflow-hidden rounded-full\">\n<div class=\"relative p-1 rounded-sm flex items-center justify-center bg-token-main-surface-primary text-token-text-primary h-8 w-8\">\n<p>&nbsp;<\/p>\n<p>Quando scegli Rmvapesale per le tue esigenze di vaporizzatori usa e getta all'ingrosso, beneficerai di:<\/p>\n<ul>\n<li><strong>Prezzo competitivo<\/strong>: Ottieni l'accesso a prezzi all'ingrosso interessanti che aumentano i tuoi margini di profitto.<\/li>\n<li><strong>Alta qualit\u00e0<\/strong>: I nostri vaporizzatori sono realizzati secondo i pi\u00f9 alti standard, e <span style=\"color: #ff0000\"><strong>garantito 100% originale e autentico, o 10 volte la compensazione sar\u00e0 fornita per merci false!<\/strong><\/span><\/li>\n<li><strong>Eccellente servizio clienti<\/strong>: Il nostro team dedicato \u00e8 sempre pronto ad assisterti, rendendo il tuo processo di acquisto semplice e senza problemi.<\/li>\n<li><strong>Veloce<\/strong>: Aspettati una spedizione rapida e affidabile, garantendo che i tuoi ordini arrivino in tempo, ogni volta.<\/li>\n<\/ul>\n<h3><\/h3>\n<h3><b>DOMANDE FREQUENTI<\/b><\/h3>\n<p>&nbsp;<\/p>\n<\/div>\n<\/div>\n<\/div>\n<\/div>\n<\/div>\n<div class=\"group\/conversation-turn relative flex w-full min-w-0 flex-col agent-turn\">\n<div class=\"flex-col gap-1 md:gap-3\">\n<div class=\"flex max-w-full flex-col flex-grow\">\n<div class=\"min-h-8 text-message flex w-full flex-col items-end gap-2 whitespace-normal break-words [.text-message+&amp;]:mt-5\" dir=\"auto\" data-message-author-role=\"assistant\" data-message-id=\"f226d3fc-81f3-46d5-8c46-31787fff0357\">\n<div class=\"flex w-full flex-col gap-1 empty:hidden first:pt-[3px]\">\n<div class=\"markdown prose w-full break-words dark:prose-invert light\">\n<p><strong>1. Quanti puff offre il Vape usa e getta AIVONO Bang Maxi 15k Puffs?<\/strong><br \/>\nLa <strong>AIVONO Bang Maxi<\/strong> offre un'impressionante <strong>15.000 tiri<\/strong>, garantendo sessioni di svapo durature senza sostituzioni frequenti. \u00c8 una delle migliori scelte nella <strong>svapo in saldo economico<\/strong> categoria per chi cerca un uso prolungato.<\/p>\n<p><strong>2. Il AIVONO 15000 Puffs pu\u00f2 essere ricaricato?<\/strong><br \/>\nS\u00ec, il <strong>AIVONO Vape 15000 Puff Dispositivo Vape usa e getta<\/strong> is <strong>ricaricabile<\/strong>. \u00c8 dotato di una potente batteria da 650mAh e un <strong>porta di ricarica Type-C<\/strong>, che permette una ricarica rapida ed efficiente. Questo lo rende una delle opzioni migliori per chi cerca un <strong>dispositivo vape usa e getta ricaricabile in forte vendita<\/strong> dispositivo.<\/p>\n<p><strong>3. Quali livelli di nicotina sono disponibili nell'AIVONO Aim 15000 Puff?<\/strong><br \/>\nLa <strong>AIVONO AIM 15000 Puff<\/strong> offre una gamma di intensit\u00e0 di nicotina per soddisfare diverse preferenze, tra cui <strong>5%, 3%, 2% e 0% (senza nicotina)<\/strong>. Puoi scegliere il livello che meglio si adatta alle tue esigenze.<\/p>\n<p><strong>4. Quali sono i gusti pi\u00f9 popolari dell'AIVONO AIM Bang Maxi 15000 Puff?<\/strong><br \/>\nAlcuni dei gusti pi\u00f9 popolari <strong>AIVONO AIM 15000 Puff<\/strong> includono <strong>Blue Razz<\/strong>, <strong>Royal Grape<\/strong>, <strong>Pesca Ghiacciata<\/strong>, <strong>Ghiaccio Anguria<\/strong>, e altri. Questi gusti offrono un'esperienza di svapo liscia e piacevole. La vasta variet\u00e0 rende facile trovare il gusto perfetto per i tuoi gusti.<\/p>\n<p><strong>5. Posso acquistare l'AIVONO Bang Maxi 15K Puff all'ingrosso o in grandi quantit\u00e0?<\/strong><br \/>\nS\u00ec, il <strong>AIVONO Bang Maxi 15000 Puff<\/strong> \u00e8 disponibile per <strong>acquisti all'ingrosso<\/strong> e <strong>all'ingrosso<\/strong> acquisti. Se stai cercando di rifornire o approvvigionare il tuo negozio, questa sigaretta elettronica \u00e8 una ottima opzione per il <strong>AIVONO Bang Maxi 15000 Puff all'ingrosso<\/strong> mercato, offrendo caratteristiche premium a prezzi competitivi.<\/p>\n<\/div>\n<\/div>\n<\/div>\n<\/div>\n<\/div>\n<\/div>\n<p>&nbsp;<\/p>\n<h3><\/h3>\n<h3>Informazioni sulla spedizione<\/h3>\n<div class=\"flex-shrink-0 flex flex-col relative items-end\">\n<div>\n<div class=\"pt-0\">\n<div class=\"gizmo-bot-avatar flex h-8 w-8 items-center justify-center overflow-hidden rounded-full\">\n<div><\/div>\n<div class=\"relative p-1 rounded-sm flex items-center justify-center bg-token-main-surface-primary text-token-text-primary h-8 w-8\"><strong>1. Quali metodi di spedizione vengono utilizzati?<\/strong><\/div>\n<\/div>\n<\/div>\n<\/div>\n<\/div>\n<div class=\"group\/conversation-turn relative flex w-full min-w-0 flex-col agent-turn\">\n<div class=\"flex-col gap-1 md:gap-3\">\n<div class=\"flex max-w-full flex-col flex-grow\">\n<div class=\"min-h-[20px] text-message flex w-full flex-col items-end gap-2 whitespace-normal break-words [.text-message+&amp;]:mt-5 overflow-x-auto\" dir=\"auto\" data-message-author-role=\"assistant\" data-message-id=\"22f8283b-3233-46ff-89a5-c7a41b33abda\">\n<div class=\"flex w-full flex-col gap-1 empty:hidden first:pt-[3px]\">\n<div class=\"markdown prose w-full break-words dark:prose-invert light\">\n<p>Collaboriamo con UPS, DHL, FedEx, DPD e altri vettori leader. Selezioneremo il miglior metodo di spedizione in base alla tua posizione di consegna per assicurarti di ricevere i tuoi prodotti il pi\u00f9 rapidamente possibile.<\/p>\n<\/div>\n<p><strong>2. Quanto tempo ci vuole per arrivare?<\/strong><\/p>\n<p>I pacchi spediti in Italia arrivano solitamente entro 12-15 giorni lavorativi. Forniremo aggiornamenti in tempo reale sullo stato della tua spedizione.<\/p>\n<\/div>\n<\/div>\n<\/div>\n<\/div>\n<\/div>\n<p>&nbsp;<\/p>\n<p>Altri vaporizzatori in offerta che potrebbero piacerti:<\/p>\n<p><a href=\"https:\/\/rmvapesale.com\/it\/prodotto\/mrvi-puffing-15000-puff-disposable-vape-box\/\"><strong>MRVI PUFFING 15000 Puff\u00a0 \u00a0<span style=\"color: #ff0000\">&gt;&gt;&gt;&gt; vai!<\/span><\/strong><\/a><\/p>\n<p><strong><a href=\"https:\/\/rmvapesale.com\/it\/prodotto\/bang-box-18000-puffs-led-display-disposable-vape-original\/\">BANG Vape 18000 Puff <span style=\"color: #ff0000\">&gt;&gt;&gt;&gt; vai!<\/span><\/a>\u00a0<\/strong><\/p>\n<p><a href=\"https:\/\/rmvapesale.com\/it\/prodotto\/fihp-shisha-hookah-12000-puffs-monster-low-nicotine-vape-pen\/\"><strong>FIHP Shisha Hookah 12000 Puff <span style=\"color: #ff0000\">&gt;&gt;&gt;&gt; vai!<\/span><\/strong><\/a><\/p>\n<p>&nbsp;<\/p>\n<p>&nbsp;<\/p>\n<p>Trova altri prodotti da svapo che potrebbero piacerti:<strong><em><a href=\"https:\/\/rmvapesale.com\/it\/shop-2\/\">acquista ora &gt;&gt;&gt;<\/a><\/em><\/strong><\/p>","protected":false},"excerpt":{"rendered":"<p>AIVONO Aim Bang Maxi 15000 Puffs Vape usa e getta<br \/>\nPrezzo all'ingrosso di Aivono Aim Bang Maxi 15000 Puffs Vape<br \/>\nAIVONO BANG MAXI 15000 0% 2% 3% 5% Vape a basso nicotina<\/p>\n<p><img loading=\"lazy\" decoding=\"async\" class=\"size-full wp-image-1978\" src=\"https:\/\/rmvapesale.com\/wp-content\/uploads\/2024\/09\/Disposable-Vape-Wholesale.jpg\" alt=\"Vaporizzatore Usa e Getta Ingrosso\" width=\"229\" height=\"300\" \/><\/p>\n<h3><a href=\"https:\/\/wa.me\/8617776015835\"><span style=\"color: #ff0000\"><strong>WhatsApp: +86 17776015835<\/strong><\/span><\/a><\/h3>\n<p>&nbsp;<\/p>","protected":false},"featured_media":2377,"comment_status":"open","ping_status":"closed","template":"","meta":{"_uag_custom_page_level_css":"","_lmt_disableupdate":"","_lmt_disable":"","site-sidebar-layout":"default","site-content-layout":"content-boxed-container","ast-site-content-layout":"normal-width-container","site-content-style":"boxed","site-sidebar-style":"unboxed","ast-global-header-display":"","ast-banner-title-visibility":"","ast-main-header-display":"","ast-hfb-above-header-display":"","ast-hfb-below-header-display":"","ast-hfb-mobile-header-display":"","site-post-title":"","ast-breadcrumbs-content":"","ast-featured-img":"","footer-sml-layout":"","theme-transparent-header-meta":"default","adv-header-id-meta":"","stick-header-meta":"","header-above-stick-meta":"","header-main-stick-meta":"","header-below-stick-meta":"","astra-migrate-meta-layouts":"set","ast-page-background-enabled":"default","ast-page-background-meta":{"desktop":{"background-color":"var(--ast-global-color-4)","background-image":"","background-repeat":"repeat","background-position":"center center","background-size":"auto","background-attachment":"scroll","background-type":"","background-media":"","overlay-type":"","overlay-color":"","overlay-opacity":"","overlay-gradient":""},"tablet":{"background-color":"","background-image":"","background-repeat":"repeat","background-position":"center center","background-size":"auto","background-attachment":"scroll","background-type":"","background-media":"","overlay-type":"","overlay-color":"","overlay-opacity":"","overlay-gradient":""},"mobile":{"background-color":"","background-image":"","background-repeat":"repeat","background-position":"center center","background-size":"auto","background-attachment":"scroll","background-type":"","background-media":"","overlay-type":"","overlay-color":"","overlay-opacity":"","overlay-gradient":""}},"ast-content-background-meta":{"desktop":{"background-color":"var(--ast-global-color-5)","background-image":"","background-repeat":"repeat","background-position":"center center","background-size":"auto","background-attachment":"scroll","background-type":"","background-media":"","overlay-type":"","overlay-color":"","overlay-opacity":"","overlay-gradient":""},"tablet":{"background-color":"var(--ast-global-color-5)","background-image":"","background-repeat":"repeat","background-position":"center center","background-size":"auto","background-attachment":"scroll","background-type":"","background-media":"","overlay-type":"","overlay-color":"","overlay-opacity":"","overlay-gradient":""},"mobile":{"background-color":"var(--ast-global-color-5)","background-image":"","background-repeat":"repeat","background-position":"center center","background-size":"auto","background-attachment":"scroll","background-type":"","background-media":"","overlay-type":"","overlay-color":"","overlay-opacity":"","overlay-gradient":""}},"_joinchat":[]},"product_brand":[],"product_cat":[15,25,123,26,28,135,27,61,138,137,136,30],"product_tag":[147,146,126,111,105,132,120],"class_list":{"0":"post-2384","1":"product","2":"type-product","3":"status-publish","4":"has-post-thumbnail","6":"product_cat-new-vape-this-week","7":"product_cat-germany-best-selling-vape","8":"product_cat-italy-wholesale-vape","9":"product_cat-netherlands-hot-sale-vape","10":"product_cat-poland-hot-sale-vape","11":"product_cat-spain-best-hot-sale-vape","12":"product_cat-fance-hot-sale-vape","13":"product_cat-15000-puffs-disposable-vapes","14":"product_cat-fihp-disposable-vapes","15":"product_cat-rechargeable-vapes","16":"product_cat-smart-screen-vapes","17":"product_cat-minimum-order-quantity-50pcs","18":"product_tag-aivono-aim-bang-maxi-15000-puffs-wholesale","19":"product_tag-best-hot-sale-vape","20":"product_tag-e-cigarettes","21":"product_tag-low-nicotine-disposable-vape","22":"product_tag-nicotine-free-disposable-vape","23":"product_tag-rechargeable-vape","24":"product_tag-vape-wholesale","25":"desktop-align-left","26":"tablet-align-left","27":"mobile-align-left","29":"first","30":"instock","31":"sale","32":"shipping-taxable","33":"purchasable","34":"product-type-simple"},"uagb_featured_image_src":{"full":["https:\/\/rmvapesale.com\/wp-content\/uploads\/2024\/10\/AIVONO-Aim-Vape-Bang-Maxi-15000-Puffs.png",808,808,false],"thumbnail":["https:\/\/rmvapesale.com\/wp-content\/uploads\/2024\/10\/AIVONO-Aim-Vape-Bang-Maxi-15000-Puffs-150x150.png",150,150,true],"medium":["https:\/\/rmvapesale.com\/wp-content\/uploads\/2024\/10\/AIVONO-Aim-Vape-Bang-Maxi-15000-Puffs-300x300.png",300,300,true],"medium_large":["https:\/\/rmvapesale.com\/wp-content\/uploads\/2024\/10\/AIVONO-Aim-Vape-Bang-Maxi-15000-Puffs-768x768.png",768,768,true],"large":["https:\/\/rmvapesale.com\/wp-content\/uploads\/2024\/10\/AIVONO-Aim-Vape-Bang-Maxi-15000-Puffs.png",808,808,false],"1536x1536":["https:\/\/rmvapesale.com\/wp-content\/uploads\/2024\/10\/AIVONO-Aim-Vape-Bang-Maxi-15000-Puffs.png",808,808,false],"2048x2048":["https:\/\/rmvapesale.com\/wp-content\/uploads\/2024\/10\/AIVONO-Aim-Vape-Bang-Maxi-15000-Puffs.png",808,808,false],"trp-custom-language-flag":["https:\/\/rmvapesale.com\/wp-content\/uploads\/2024\/10\/AIVONO-Aim-Vape-Bang-Maxi-15000-Puffs.png",12,12,false],"woocommerce_thumbnail":["https:\/\/rmvapesale.com\/wp-content\/uploads\/2024\/10\/AIVONO-Aim-Vape-Bang-Maxi-15000-Puffs-300x300.png",300,300,true],"woocommerce_single":["https:\/\/rmvapesale.com\/wp-content\/uploads\/2024\/10\/AIVONO-Aim-Vape-Bang-Maxi-15000-Puffs-600x600.png",600,600,true],"woocommerce_gallery_thumbnail":["https:\/\/rmvapesale.com\/wp-content\/uploads\/2024\/10\/AIVONO-Aim-Vape-Bang-Maxi-15000-Puffs-100x100.png",100,100,true],"wcpr-photo-reviews":["https:\/\/rmvapesale.com\/wp-content\/uploads\/2024\/10\/AIVONO-Aim-Vape-Bang-Maxi-15000-Puffs.png",500,500,false]},"uagb_author_info":{"display_name":"AMY","author_link":"https:\/\/rmvapesale.com\/it\/author\/"},"uagb_comment_info":0,"uagb_excerpt":"AIVONO Aim Bang Maxi 15000 Puffs Disposable Vape Aivono Aim Bang Maxi 15000 Puffs Wholesale Price AIVONO BANG MAXI 15000 0% 2% 3% 5% Low Nicotine Vape WhatsApp: +86 17776015835 &nbsp;","_links":{"self":[{"href":"https:\/\/rmvapesale.com\/it\/wp-json\/wp\/v2\/product\/2384","targetHints":{"allow":["GET"]}}],"collection":[{"href":"https:\/\/rmvapesale.com\/it\/wp-json\/wp\/v2\/product"}],"about":[{"href":"https:\/\/rmvapesale.com\/it\/wp-json\/wp\/v2\/types\/product"}],"replies":[{"embeddable":true,"href":"https:\/\/rmvapesale.com\/it\/wp-json\/wp\/v2\/comments?post=2384"}],"wp:featuredmedia":[{"embeddable":true,"href":"https:\/\/rmvapesale.com\/it\/wp-json\/wp\/v2\/media\/2377"}],"wp:attachment":[{"href":"https:\/\/rmvapesale.com\/it\/wp-json\/wp\/v2\/media?parent=2384"}],"wp:term":[{"taxonomy":"product_brand","embeddable":true,"href":"https:\/\/rmvapesale.com\/it\/wp-json\/wp\/v2\/product_brand?post=2384"},{"taxonomy":"product_cat","embeddable":true,"href":"https:\/\/rmvapesale.com\/it\/wp-json\/wp\/v2\/product_cat?post=2384"},{"taxonomy":"product_tag","embeddable":true,"href":"https:\/\/rmvapesale.com\/it\/wp-json\/wp\/v2\/product_tag?post=2384"}],"curies":[{"name":"wp","href":"https:\/\/api.w.org\/{rel}","templated":true}]}}