{"id":2398,"date":"2024-10-14T07:57:57","date_gmt":"2024-10-14T07:57:57","guid":{"rendered":"https:\/\/rmvapesale.com\/?post_type=product&#038;p=2398"},"modified":"2024-10-14T08:58:13","modified_gmt":"2024-10-14T08:58:13","slug":"bang-36000-puffs-full-display-smart-vape-bulk-price","status":"publish","type":"product","link":"https:\/\/rmvapesale.com\/it\/prodotto\/bang-36000-puffs-full-display-smart-vape-bulk-price\/","title":{"rendered":"Bang 36000 Puffs Display completo sigaretta elettronica intelligente prezzo all'ingrosso"},"content":{"rendered":"<div class=\"B2VR9 CJHX3e\">\n<div class=\"wyccme\">\n<h1 class=\"LC20lb MBeuO DKV0Md\">Bang 36000 Puffs Display completo sigaretta elettronica intelligente prezzo all'ingrosso<\/h1>\n<div class=\"flex-shrink-0 flex flex-col relative items-end\">\n<div class=\"pt-0\">\n<div class=\"gizmo-bot-avatar flex h-8 w-8 items-center justify-center overflow-hidden rounded-full\">\n<div class=\"relative p-1 rounded-sm flex items-center justify-center bg-token-main-surface-primary text-token-text-primary h-8 w-8\">\n<p>Presentiamo il Bang 36000 Puffs Vape Intelligente a Display Completo, un dispositivo monouso rivoluzionario progettato per elevare la tua esperienza di svapo con tecnologia all'avanguardia e prestazioni superiori. Con impressionanti 36.000 puff e una grande capacit\u00e0 di 36ml di liquido, questo dispositivo offre un uso prolungato senza la necessit\u00e0 di frequenti ricariche, rendendolo perfetto per gli svapatori che cercano longevit\u00e0 e comodit\u00e0.<\/p>\n<p>Il Bang 36000 Puffs \u00e8 dotato di una potente batteria ricaricabile da 850mAh, che garantisce prestazioni costanti e sessioni di svapo prolungate. La ricarica \u00e8 rapida e semplice grazie all'interfaccia Type-C, offrendo una carica veloce e affidabile per mantenere il dispositivo funzionante senza problemi.<\/p>\n<p>Una delle caratteristiche distintive di questo dispositivo \u00e8 il display a schermo intero, che fornisce aggiornamenti in tempo reale sui livelli di olio e batteria, offrendo pieno controllo e visibilit\u00e0 sulla tua esperienza di svapo. Inoltre, la funzione innovativa di sblocco tramite impronta digitale garantisce che il tuo vape rimanga sicuro e personale, aggiungendo un ulteriore livello di sofisticatezza e usabilit\u00e0.<\/p>\n<p>Il Bang 36000 Puffs incorpora una coil mesh da 1.0\u03a9, che migliora la consegna del sapore e la produzione di vapore, offrendo un tiro morbido e soddisfacente ad ogni puff. Che tu preferisca nicotina 0%, 2%, 3% o 5%, questo vape soddisfa tutti i tipi di svapatori offrendo livelli di nicotina personalizzabili.<\/p>\n<\/div>\n<\/div>\n<\/div>\n<\/div>\n<\/div>\n<\/div>\n<p><strong>Contatta Amy per ottenere una risposta rapida e altri video del prodotto!<\/strong><\/p>\n<p><img loading=\"lazy\" decoding=\"async\" class=\"size-full wp-image-1978\" src=\"https:\/\/rmvapesale.com\/wp-content\/uploads\/2024\/09\/Disposable-Vape-Wholesale.jpg\" alt=\"Vaporizzatore Usa e Getta Ingrosso\" width=\"229\" height=\"300\" \/><\/p>\n<h3><a href=\"https:\/\/wa.me\/8617776015835\" target=\"_blank\" rel=\"noopener\"><span style=\"color: #ff0000\"><strong>WhatsApp: +86 17776015835<\/strong><\/span><\/a><\/h3>\n<p>&nbsp;<\/p>\n<h2><\/h2>\n<h2><strong>Caratteristiche principali del Vape Bang 36000 Puffs<\/strong><\/h2>\n<p>&nbsp;<\/p>\n<ul>\n<li><strong>Puff: 36.000 puff<\/strong><\/li>\n<li><strong>36 ml di e-liquid<\/strong><\/li>\n<li><strong>batteria ricaricabile da 850mAh<\/strong><\/li>\n<li><strong>Display a schermo intero<\/strong> mostrando livelli di olio e batteria<\/li>\n<li><strong>Sblocco tramite impronta digitale<\/strong> per maggiore sicurezza<\/li>\n<li><strong>resistenza a rete da 1.0\u03a9<\/strong> per produzione di vapore morbida e saporita<\/li>\n<li>Disponibile nelle opzioni di <strong>12 gusti<\/strong><\/li>\n<li>Forze di nicotina: <strong>0%, 2%, 3% e 5%<\/strong><\/li>\n<\/ul>\n<h2><\/h2>\n<h2><strong>Gusto principale per Bang 36000 Puffs Vape Intelligente a Display Completo<\/strong><\/h2>\n<p>Il Bang 36000 Puffs incorpora una coil mesh da 1.0\u03a9, che migliora la consegna del sapore e la produzione di vapore, offrendo un tiro morbido e soddisfacente ad ogni puff. Che tu preferisca nicotina 0%, 2%, 3% o 5%, questo vape soddisfa tutti i tipi di svapatori offrendo livelli di nicotina personalizzabili.<\/p>\n<p>&nbsp;<\/p>\n<p>1. Frutta Mista<br \/>\n2. Mirtillo Triplo<span style=\"color: #ff0000\"><strong>&gt;&gt;&gt;&gt; Caldo!<\/strong><\/span><br \/>\n3. Pesca Mango Watermelon<br \/>\n4. Lampone e mirtillo<br \/>\n5. Drago Nero Ghiaccio<span style=\"color: #ff0000\"><strong>&gt;&gt;&gt;&gt; Caldo!<\/strong><\/span><br \/>\n6. Uva Ghiaccio<br \/>\n7. Mirtillo Ghiaccio<br \/>\n8. Fragola Watermelon<br \/>\n9. Fragola Banana<br \/>\n10. Fragola Kiwi<br \/>\n11. Fragola Mango<br \/>\n12. Watermelon Ghiaccio<span style=\"color: #ff0000\"><strong>&gt;&gt;&gt;&gt; Migliore!<\/strong><\/span><\/p>\n<figure id=\"attachment_2397\" aria-describedby=\"caption-attachment-2397\" style=\"width: 500px\" class=\"wp-caption alignnone\"><img loading=\"lazy\" decoding=\"async\" class=\"wp-image-2397 size-full\" src=\"https:\/\/rmvapesale.com\/wp-content\/uploads\/2024\/10\/Bang-Vape-36000-Puffs-Disposable-Flavor.jpg\" alt=\"Bang Vape 36000 Puff Dispositivo usa e getta Aroma\" width=\"500\" height=\"826\" srcset=\"https:\/\/rmvapesale.com\/wp-content\/uploads\/2024\/10\/Bang-Vape-36000-Puffs-Disposable-Flavor.jpg 500w, https:\/\/rmvapesale.com\/wp-content\/uploads\/2024\/10\/Bang-Vape-36000-Puffs-Disposable-Flavor-182x300.jpg 182w\" sizes=\"auto, (max-width: 500px) 100vw, 500px\" \/><figcaption id=\"caption-attachment-2397\" class=\"wp-caption-text\">Bang Vape 36000 Puff Dispositivo usa e getta Aroma<\/figcaption><\/figure>\n<h3><\/h3>\n<h3><strong>Perch\u00e9 scegliere Rmvapesale per Bang Vape Puff 36000 Vape ricaricabile<\/strong><strong>?<\/strong><\/h3>\n<div class=\"flex-shrink-0 flex flex-col relative items-end\">\n<div class=\"pt-0\">\n<div class=\"gizmo-bot-avatar flex h-8 w-8 items-center justify-center overflow-hidden rounded-full\">\n<div class=\"relative p-1 rounded-sm flex items-center justify-center bg-token-main-surface-primary text-token-text-primary h-8 w-8\">\n<p>&nbsp;<\/p>\n<p>Quando scegli Rmvapesale per le tue esigenze di vaporizzatori usa e getta all'ingrosso, beneficerai di:<\/p>\n<ul>\n<li><strong>Prezzo competitivo<\/strong>: Ottieni l'accesso a prezzi all'ingrosso interessanti che aumentano i tuoi margini di profitto.<\/li>\n<li><strong>Alta qualit\u00e0<\/strong>: I nostri vaporizzatori sono realizzati secondo i pi\u00f9 alti standard, e <span style=\"color: #ff0000\"><strong>garantito 100% originale e autentico, o 10 volte la compensazione sar\u00e0 fornita per merci false!<\/strong><\/span><\/li>\n<li><strong>Eccellente servizio clienti<\/strong>: Il nostro team dedicato \u00e8 sempre pronto ad assisterti, rendendo il tuo processo di acquisto semplice e senza problemi.<\/li>\n<li><strong>Veloce<\/strong>: Aspettati una spedizione rapida e affidabile, garantendo che i tuoi ordini arrivino in tempo, ogni volta.<\/li>\n<\/ul>\n<\/div>\n<h3><\/h3>\n<div class=\"relative p-1 rounded-sm flex items-center justify-center bg-token-main-surface-primary text-token-text-primary h-8 w-8\">\n<h3><b>DOMANDE FREQUENTI<\/b><\/h3>\n<p><strong>1. Quanti puff offre il Bang 36000 Puff?<\/strong><br \/>\nLa <strong>Bang 36000 Puff<\/strong> offre un'incredibile autonomia di <strong>36.000 tiri<\/strong>, rendendolo uno dei vape usa e getta pi\u00f9 duraturi sul mercato.<\/p>\n<p><strong>2. Quali sono le opzioni di nicotina disponibili per questo vape?<\/strong><br \/>\nLa <strong>Bang 36000 Puff Vape intelligente con display completo<\/strong> \u00e8 disponibile in quattro opzioni di concentrazione di nicotina: <strong>0%, 2%, 3% e 5%<\/strong>, permettendo agli utenti di scegliere il livello di nicotina preferito.<\/p>\n<p><strong>3. Qual \u00e8 la capacit\u00e0 della batteria e \u00e8 ricaricabile?<\/strong><br \/>\nQuesto vape \u00e8 alimentato da un <strong>batteria ricaricabile da 850mAh<\/strong>. Presenta anche una <strong>Type-C<\/strong> porta di ricarica per una ricarica rapida ed efficiente.<\/p>\n<p><strong>4. Quali funzionalit\u00e0 offre il display a schermo intero?<\/strong><br \/>\nLa <strong>display a schermo intero<\/strong> sul Bang 36000 Puffs mostra sia i <strong>livelli di olio<\/strong> sia il <strong>livello di batteria<\/strong> in tempo reale, dandoti il pieno controllo sulla tua esperienza di svapo.<\/p>\n<p><strong>5. Come funziona la funzione di sblocco tramite impronta digitale?<\/strong><br \/>\nLa <strong>funzione di sblocco tramite impronta digitale<\/strong> garantisce che solo tu possa sbloccare e usare il tuo dispositivo, aggiungendo un livello di sicurezza al tuo vape.<\/p>\n<p><strong>6. Quali gusti sono disponibili per il Bang 36000 Puffs?<\/strong><br \/>\nLa <strong>Bang 36000 Puff<\/strong> \u00e8 disponibile in <strong>12 gusti distinti<\/strong>, soddisfacendo una vasta gamma di gusti e preferenze. I gusti popolari includono opzioni fruttate, dolci e rinfrescanti per ogni vaper.<\/p>\n<\/div>\n<\/div>\n<\/div>\n<\/div>\n<div class=\"group\/conversation-turn relative flex w-full min-w-0 flex-col agent-turn\">\n<div class=\"flex-col gap-1 md:gap-3\">\n<div class=\"flex max-w-full flex-col flex-grow\">\n<div class=\"min-h-8 text-message flex w-full flex-col items-end gap-2 whitespace-normal break-words [.text-message+&amp;]:mt-5\" dir=\"auto\" data-message-author-role=\"assistant\" data-message-id=\"f226d3fc-81f3-46d5-8c46-31787fff0357\">\n<div class=\"flex w-full flex-col gap-1 empty:hidden first:pt-[3px]\">\n<div class=\"markdown prose w-full break-words dark:prose-invert light\">\n<p>&nbsp;<\/p>\n<\/div>\n<\/div>\n<\/div>\n<\/div>\n<\/div>\n<\/div>\n<h3>Informazioni sulla spedizione<\/h3>\n<div class=\"flex-shrink-0 flex flex-col relative items-end\">\n<div>\n<div class=\"pt-0\">\n<div class=\"gizmo-bot-avatar flex h-8 w-8 items-center justify-center overflow-hidden rounded-full\">\n<div><\/div>\n<div class=\"relative p-1 rounded-sm flex items-center justify-center bg-token-main-surface-primary text-token-text-primary h-8 w-8\"><strong>1. Quali metodi di spedizione vengono utilizzati?<\/strong><\/div>\n<\/div>\n<\/div>\n<\/div>\n<\/div>\n<div class=\"group\/conversation-turn relative flex w-full min-w-0 flex-col agent-turn\">\n<div class=\"flex-col gap-1 md:gap-3\">\n<div class=\"flex max-w-full flex-col flex-grow\">\n<div class=\"min-h-[20px] text-message flex w-full flex-col items-end gap-2 whitespace-normal break-words [.text-message+&amp;]:mt-5 overflow-x-auto\" dir=\"auto\" data-message-author-role=\"assistant\" data-message-id=\"22f8283b-3233-46ff-89a5-c7a41b33abda\">\n<div class=\"flex w-full flex-col gap-1 empty:hidden first:pt-[3px]\">\n<div class=\"markdown prose w-full break-words dark:prose-invert light\">\n<p>Collaboriamo con UPS, DHL, FedEx, DPD e altri vettori leader. Selezioneremo il miglior metodo di spedizione in base alla tua posizione di consegna per assicurarti di ricevere i tuoi prodotti il pi\u00f9 rapidamente possibile.<\/p>\n<\/div>\n<p><strong>2. Quanto tempo ci vuole per arrivare?<\/strong><\/p>\n<p>I pacchi spediti in Italia arrivano solitamente entro 12-15 giorni lavorativi. Forniremo aggiornamenti in tempo reale sullo stato della tua spedizione.<\/p>\n<\/div>\n<\/div>\n<\/div>\n<\/div>\n<\/div>\n<p>&nbsp;<\/p>\n<p>Altri vaporizzatori in offerta che potrebbero piacerti:<\/p>\n<p><a href=\"https:\/\/rmvapesale.com\/it\/prodotto\/bang-vape-30000-pro-disposables-wholesale\/\"><strong>Bang King 30000 boccate\u00a0 \u00a0<span style=\"color: #ff0000\">&gt;&gt;&gt;&gt; vai!<\/span><\/strong><\/a><\/p>\n<p><strong><a href=\"https:\/\/rmvapesale.com\/it\/prodotto\/faivono-bang-maxi-15000-puffs-disposable-vape-bulk-wholesale\/\">AIVONO Aim Bang Maxi 15000 Tiri <span style=\"color: #ff0000\">&gt;&gt;&gt;&gt; vai!<\/span><\/a>\u00a0<\/strong><\/p>\n<p><a href=\"https:\/\/rmvapesale.com\/it\/prodotto\/bang-box-30000-puff-double-taste-smart-screen-disposable-vape\/\"><strong>Bang Vape Box 30000 boccate <span style=\"color: #ff0000\">&gt;&gt;&gt;&gt; vai!<\/span><\/strong><\/a><\/p>\n<p>&nbsp;<\/p>\n<p>&nbsp;<\/p>\n<p>Trova altri prodotti da svapo che potrebbero piacerti:<strong><em><a href=\"https:\/\/rmvapesale.com\/it\/shop-2\/\">acquista ora &gt;&gt;&gt;<\/a><\/em><\/strong><\/p>","protected":false},"excerpt":{"rendered":"<p>Bang Vape 36k Vape Monouso Acquisto all Ingrosso prezzo all'ingrosso<br \/>\nVape Bang Puff 36000 Scatola Tutti i Gusti in Magazzino<br \/>\nBang 36000 Puffs Vape Monouso Ricaricabile<\/p>\n<p><img loading=\"lazy\" decoding=\"async\" class=\"size-full wp-image-1978\" src=\"https:\/\/rmvapesale.com\/wp-content\/uploads\/2024\/09\/Disposable-Vape-Wholesale.jpg\" alt=\"Vaporizzatore Usa e Getta Ingrosso\" width=\"229\" height=\"300\" \/><\/p>\n<h3><a href=\"https:\/\/wa.me\/8617776015835\"><span style=\"color: #ff0000\"><strong>WhatsApp: +86 17776015835<\/strong><\/span><\/a><\/h3>\n<p>&nbsp;<\/p>","protected":false},"featured_media":2393,"comment_status":"open","ping_status":"closed","template":"","meta":{"_uag_custom_page_level_css":"","_lmt_disableupdate":"","_lmt_disable":"","site-sidebar-layout":"default","site-content-layout":"content-boxed-container","ast-site-content-layout":"normal-width-container","site-content-style":"boxed","site-sidebar-style":"unboxed","ast-global-header-display":"","ast-banner-title-visibility":"","ast-main-header-display":"","ast-hfb-above-header-display":"","ast-hfb-below-header-display":"","ast-hfb-mobile-header-display":"","site-post-title":"","ast-breadcrumbs-content":"","ast-featured-img":"","footer-sml-layout":"","theme-transparent-header-meta":"default","adv-header-id-meta":"","stick-header-meta":"","header-above-stick-meta":"","header-main-stick-meta":"","header-below-stick-meta":"","astra-migrate-meta-layouts":"set","ast-page-background-enabled":"default","ast-page-background-meta":{"desktop":{"background-color":"var(--ast-global-color-4)","background-image":"","background-repeat":"repeat","background-position":"center center","background-size":"auto","background-attachment":"scroll","background-type":"","background-media":"","overlay-type":"","overlay-color":"","overlay-opacity":"","overlay-gradient":""},"tablet":{"background-color":"","background-image":"","background-repeat":"repeat","background-position":"center center","background-size":"auto","background-attachment":"scroll","background-type":"","background-media":"","overlay-type":"","overlay-color":"","overlay-opacity":"","overlay-gradient":""},"mobile":{"background-color":"","background-image":"","background-repeat":"repeat","background-position":"center center","background-size":"auto","background-attachment":"scroll","background-type":"","background-media":"","overlay-type":"","overlay-color":"","overlay-opacity":"","overlay-gradient":""}},"ast-content-background-meta":{"desktop":{"background-color":"var(--ast-global-color-5)","background-image":"","background-repeat":"repeat","background-position":"center center","background-size":"auto","background-attachment":"scroll","background-type":"","background-media":"","overlay-type":"","overlay-color":"","overlay-opacity":"","overlay-gradient":""},"tablet":{"background-color":"var(--ast-global-color-5)","background-image":"","background-repeat":"repeat","background-position":"center center","background-size":"auto","background-attachment":"scroll","background-type":"","background-media":"","overlay-type":"","overlay-color":"","overlay-opacity":"","overlay-gradient":""},"mobile":{"background-color":"var(--ast-global-color-5)","background-image":"","background-repeat":"repeat","background-position":"center center","background-size":"auto","background-attachment":"scroll","background-type":"","background-media":"","overlay-type":"","overlay-color":"","overlay-opacity":"","overlay-gradient":""}},"_joinchat":[]},"product_brand":[],"product_cat":[15,25,123,26,28,135,27,60,137,136,30],"product_tag":[148,150,146,126,151,111,132,85],"class_list":{"0":"post-2398","1":"product","2":"type-product","3":"status-publish","4":"has-post-thumbnail","6":"product_cat-new-vape-this-week","7":"product_cat-germany-best-selling-vape","8":"product_cat-italy-wholesale-vape","9":"product_cat-netherlands-hot-sale-vape","10":"product_cat-poland-hot-sale-vape","11":"product_cat-spain-best-hot-sale-vape","12":"product_cat-fance-hot-sale-vape","13":"product_cat-bang-vapes","14":"product_cat-rechargeable-vapes","15":"product_cat-smart-screen-vapes","16":"product_cat-minimum-order-quantity-50pcs","17":"product_tag-bang-disposable-vape","18":"product_tag-bang-vape-bar","19":"product_tag-best-hot-sale-vape","20":"product_tag-e-cigarettes","21":"product_tag-full-display-vape","22":"product_tag-low-nicotine-disposable-vape","23":"product_tag-rechargeable-vape","24":"product_tag-smart-disposable-vape","25":"desktop-align-left","26":"tablet-align-left","27":"mobile-align-left","29":"first","30":"instock","31":"sale","32":"shipping-taxable","33":"purchasable","34":"product-type-simple"},"uagb_featured_image_src":{"full":["https:\/\/rmvapesale.com\/wp-content\/uploads\/2024\/10\/Bang-36000-Puffs-Disposable-Vape-Bulk.jpg",808,808,false],"thumbnail":["https:\/\/rmvapesale.com\/wp-content\/uploads\/2024\/10\/Bang-36000-Puffs-Disposable-Vape-Bulk-150x150.jpg",150,150,true],"medium":["https:\/\/rmvapesale.com\/wp-content\/uploads\/2024\/10\/Bang-36000-Puffs-Disposable-Vape-Bulk-300x300.jpg",300,300,true],"medium_large":["https:\/\/rmvapesale.com\/wp-content\/uploads\/2024\/10\/Bang-36000-Puffs-Disposable-Vape-Bulk-768x768.jpg",768,768,true],"large":["https:\/\/rmvapesale.com\/wp-content\/uploads\/2024\/10\/Bang-36000-Puffs-Disposable-Vape-Bulk.jpg",808,808,false],"1536x1536":["https:\/\/rmvapesale.com\/wp-content\/uploads\/2024\/10\/Bang-36000-Puffs-Disposable-Vape-Bulk.jpg",808,808,false],"2048x2048":["https:\/\/rmvapesale.com\/wp-content\/uploads\/2024\/10\/Bang-36000-Puffs-Disposable-Vape-Bulk.jpg",808,808,false],"trp-custom-language-flag":["https:\/\/rmvapesale.com\/wp-content\/uploads\/2024\/10\/Bang-36000-Puffs-Disposable-Vape-Bulk.jpg",12,12,false],"woocommerce_thumbnail":["https:\/\/rmvapesale.com\/wp-content\/uploads\/2024\/10\/Bang-36000-Puffs-Disposable-Vape-Bulk-300x300.jpg",300,300,true],"woocommerce_single":["https:\/\/rmvapesale.com\/wp-content\/uploads\/2024\/10\/Bang-36000-Puffs-Disposable-Vape-Bulk-600x600.jpg",600,600,true],"woocommerce_gallery_thumbnail":["https:\/\/rmvapesale.com\/wp-content\/uploads\/2024\/10\/Bang-36000-Puffs-Disposable-Vape-Bulk-100x100.jpg",100,100,true],"wcpr-photo-reviews":["https:\/\/rmvapesale.com\/wp-content\/uploads\/2024\/10\/Bang-36000-Puffs-Disposable-Vape-Bulk.jpg",500,500,false]},"uagb_author_info":{"display_name":"AMY","author_link":"https:\/\/rmvapesale.com\/it\/author\/"},"uagb_comment_info":0,"uagb_excerpt":"Bang Vape 36k Disposable Vape Bulk Buy Wholesale price Vape Bang Puff 36000 Box All Flavors in Stock Bang 36000 Puffs Rechargeable Disposable Vape WhatsApp: +86 17776015835 &nbsp;","_links":{"self":[{"href":"https:\/\/rmvapesale.com\/it\/wp-json\/wp\/v2\/product\/2398","targetHints":{"allow":["GET"]}}],"collection":[{"href":"https:\/\/rmvapesale.com\/it\/wp-json\/wp\/v2\/product"}],"about":[{"href":"https:\/\/rmvapesale.com\/it\/wp-json\/wp\/v2\/types\/product"}],"replies":[{"embeddable":true,"href":"https:\/\/rmvapesale.com\/it\/wp-json\/wp\/v2\/comments?post=2398"}],"wp:featuredmedia":[{"embeddable":true,"href":"https:\/\/rmvapesale.com\/it\/wp-json\/wp\/v2\/media\/2393"}],"wp:attachment":[{"href":"https:\/\/rmvapesale.com\/it\/wp-json\/wp\/v2\/media?parent=2398"}],"wp:term":[{"taxonomy":"product_brand","embeddable":true,"href":"https:\/\/rmvapesale.com\/it\/wp-json\/wp\/v2\/product_brand?post=2398"},{"taxonomy":"product_cat","embeddable":true,"href":"https:\/\/rmvapesale.com\/it\/wp-json\/wp\/v2\/product_cat?post=2398"},{"taxonomy":"product_tag","embeddable":true,"href":"https:\/\/rmvapesale.com\/it\/wp-json\/wp\/v2\/product_tag?post=2398"}],"curies":[{"name":"wp","href":"https:\/\/api.w.org\/{rel}","templated":true}]}}