{"id":2441,"date":"2024-10-17T02:49:33","date_gmt":"2024-10-17T02:49:33","guid":{"rendered":"https:\/\/rmvapesale.com\/?post_type=product&#038;p=2441"},"modified":"2024-10-17T03:31:24","modified_gmt":"2024-10-17T03:31:24","slug":"elf-box-pulse-x-25000-disposable-vape-wholesale-germany","status":"publish","type":"product","link":"https:\/\/rmvapesale.com\/it\/prodotto\/elf-box-pulse-x-25000-disposable-vape-wholesale-germany\/","title":{"rendered":"ELF Box Pulse X 25000 Sigaretta Elettronica Monouso Ingrosso Italia"},"content":{"rendered":"<div class=\"B2VR9 CJHX3e\">\n<div class=\"wyccme\">\n<h1 class=\"LC20lb MBeuO DKV0Md\">ELF Box Pulse X 25000 Sigaretta Elettronica Monouso Ingrosso Italia<\/h1>\n<div class=\"flex-shrink-0 flex flex-col relative items-end\">\n<div class=\"pt-0\">\n<div class=\"gizmo-bot-avatar flex h-8 w-8 items-center justify-center overflow-hidden rounded-full\">\n<div class=\"relative p-1 rounded-sm flex items-center justify-center bg-token-main-surface-primary text-token-text-primary h-8 w-8\">\n<p>La ELF Box Pulse X 25000 Disposable Vape \u00e8 un dispositivo di svapo all'avanguardia che offre impressionanti 25.000 puff in modalit\u00e0 Regolare e 15.000 puff in modalit\u00e0 Pulse. Come uno dei <strong>migliori vaporizzatori usa e getta<\/strong> sul mercato, questo dispositivo a pod usa \u00e8 progettato sia per vapori alle prime armi che per vapori esperti, dotato di un sistema a doppia coil in mesh (0,8 ohm + 0,8 ohm) che migliora il sapore e la produzione di vapore. Con una capacit\u00e0 di 18 ml di liquido e diverse opzioni di nicotina (0%, 2%, 3% e 5%), tra cui <strong>sigaretta elettronica usa e getta senza nicotina<\/strong> un'opzione, gli utenti possono personalizzare la loro esperienza di svapo secondo le proprie preferenze. Il dispositivo ELF Box 25000 \u00e8 alimentato da una batteria ricaricabile da 750mAh, che garantisce durata e praticit\u00e0.<\/p>\n<p>Disponibile in dieci gusti diversi, la ELF Box Pulse X usa usa \u00e8 perfetta per chi cerca variet\u00e0 e qualit\u00e0 nella propria esperienza di svapo. Prezzo competitivo a tariffe all'ingrosso, questa <strong>sigaretta elettronica monouso<\/strong> \u00e8 ideale per rivenditori e acquirenti all'ingrosso che desiderano offrire ai propri clienti un prodotto di alta qualit\u00e0. Per i clienti in Italia, \u00e8 una scelta top tra <strong>vaporizzatori usa usa<\/strong> opzioni, e con la sua <strong>capacit\u00e0 di 25000 puff usa<\/strong> \u00e8 sicuro di impressionare.<\/p>\n<\/div>\n<\/div>\n<\/div>\n<\/div>\n<\/div>\n<\/div>\n<p><strong>Contatta Amy per ottenere una risposta rapida e altri video del prodotto!<\/strong><\/p>\n<p><img loading=\"lazy\" decoding=\"async\" class=\"size-full wp-image-1978\" src=\"https:\/\/rmvapesale.com\/wp-content\/uploads\/2024\/09\/Disposable-Vape-Wholesale.jpg\" alt=\"Vaporizzatore Usa e Getta Ingrosso\" width=\"229\" height=\"300\" \/><\/p>\n<h3><a href=\"https:\/\/wa.me\/8617776015835\" target=\"_blank\" rel=\"noopener\"><span style=\"color: #ff0000\"><strong>WhatsApp: +86 17776015835<\/strong><\/span><\/a><\/h3>\n<p>&nbsp;<\/p>\n<h2><\/h2>\n<h2><strong>Sigaretta elettronica <\/strong><strong>usa usa <\/strong><strong>ELF Box Pulse 25000 <\/strong><strong>Caratteristiche Principali<\/strong><\/h2>\n<p>Puff: 13000 puff<br \/>\nNicotine: 0\/2\/3\/5%<br \/>\n23ML di liquido.<br \/>\nMesh Coil<br \/>\nBatteria ricaricabile<br \/>\nColori LED RGB<br \/>\nBatteria integrata da 650mAh.<br \/>\n16 gusti disponibili.<\/p>\n<h2><\/h2>\n<h2><strong>Gusto migliore per <\/strong><strong>ELF Box Pulse X 25000<\/strong><strong>\u00a0<\/strong><strong>usa usa<\/strong><\/h2>\n<h2><\/h2>\n<p>Disponibile in dieci gusti diversi, l'ELF Box Pulse X \u00e8 perfetta per chi cerca variet\u00e0 e qualit\u00e0 nella propria esperienza di svapo. Prezzo competitivo a tariffe all'ingrosso, questa vape usa usa \u00e8 ideale per rivenditori e acquirenti all'ingrosso che desiderano offrire ai propri clienti un prodotto di alta qualit\u00e0.<\/p>\n<p>1. Fragola Anguria<br \/>\n2. Cherry Soda<br \/>\n3. Pesca Ghiacciata<br \/>\n4. Kiwi Frutto della Passione <span style=\"color: #ff0000\"><strong>&gt;&gt;&gt;&gt; Caldo!<\/strong><\/span><br \/>\n5. Ghiaccio Lussureggiante<br \/>\n6. Red Bull<br \/>\n7. Ghiaccio all'uva<br \/>\n8. Blue Razz Ghiaccio <span style=\"color: #ff0000\"><strong>&gt;&gt;&gt;&gt; Migliore!<\/strong><\/span><br \/>\n9. Fragola Banana<br \/>\n10. Fragola Ghiacciata <span style=\"color: #ff0000\"><strong>&gt;&gt;&gt;&gt; Caldo!<\/strong><\/span><\/p>\n<figure id=\"attachment_2448\" aria-describedby=\"caption-attachment-2448\" style=\"width: 600px\" class=\"wp-caption alignnone\"><img loading=\"lazy\" decoding=\"async\" class=\"wp-image-2448\" src=\"https:\/\/rmvapesale.com\/wp-content\/uploads\/2024\/10\/Elf-Box-Pusle-X-25000-Wholesale.png\" alt=\"Scatola Elf Pusle X 25000 Vendita all&#039;ingrosso\" width=\"600\" height=\"600\" srcset=\"https:\/\/rmvapesale.com\/wp-content\/uploads\/2024\/10\/Elf-Box-Pusle-X-25000-Wholesale.png 805w, https:\/\/rmvapesale.com\/wp-content\/uploads\/2024\/10\/Elf-Box-Pusle-X-25000-Wholesale-300x300.png 300w, https:\/\/rmvapesale.com\/wp-content\/uploads\/2024\/10\/Elf-Box-Pusle-X-25000-Wholesale-150x150.png 150w, https:\/\/rmvapesale.com\/wp-content\/uploads\/2024\/10\/Elf-Box-Pusle-X-25000-Wholesale-768x768.png 768w, https:\/\/rmvapesale.com\/wp-content\/uploads\/2024\/10\/Elf-Box-Pusle-X-25000-Wholesale-600x600.png 600w, https:\/\/rmvapesale.com\/wp-content\/uploads\/2024\/10\/Elf-Box-Pusle-X-25000-Wholesale-100x100.png 100w\" sizes=\"auto, (max-width: 600px) 100vw, 600px\" \/><figcaption id=\"caption-attachment-2448\" class=\"wp-caption-text\">Scatola Elf Pusle X 25000 Vendita all'ingrosso<\/figcaption><\/figure>\n<p>&nbsp;<\/p>\n<h3><strong>Perch\u00e9 scegliere Rmvapesale per ELF Box Pulse X 25000 Dispositivo usa e getta<\/strong><strong>?<\/strong><\/h3>\n<div class=\"flex-shrink-0 flex flex-col relative items-end\">\n<div class=\"pt-0\">\n<div class=\"gizmo-bot-avatar flex h-8 w-8 items-center justify-center overflow-hidden rounded-full\">\n<div class=\"relative p-1 rounded-sm flex items-center justify-center bg-token-main-surface-primary text-token-text-primary h-8 w-8\">\n<p>&nbsp;<\/p>\n<p>Quando scegli Rmvapesale per le tue esigenze di vaporizzatori usa e getta all'ingrosso, beneficerai di:<\/p>\n<ul>\n<li><strong>Prezzo competitivo<\/strong>: Ottieni l'accesso a prezzi all'ingrosso interessanti che aumentano i tuoi margini di profitto.<\/li>\n<li><strong>Alta qualit\u00e0<\/strong>: I nostri vaporizzatori sono realizzati secondo i pi\u00f9 alti standard, e <span style=\"color: #ff0000\"><strong>garantito 100% originale e autentico, o 10 volte la compensazione sar\u00e0 fornita per merci false!<\/strong><\/span><\/li>\n<li><strong>Eccellente servizio clienti<\/strong>: Il nostro team dedicato \u00e8 sempre pronto ad assisterti, rendendo il tuo processo di acquisto semplice e senza problemi.<\/li>\n<li><strong>Veloce<\/strong>: Aspettati una spedizione rapida e affidabile, garantendo che i tuoi ordini arrivino in tempo, ogni volta.<\/li>\n<\/ul>\n<\/div>\n<h3><\/h3>\n<div class=\"relative p-1 rounded-sm flex items-center justify-center bg-token-main-surface-primary text-token-text-primary h-8 w-8\">\n<h3><b>DOMANDE FREQUENTI<\/b><\/h3>\n<p>&nbsp;<\/p>\n<\/div>\n<\/div>\n<\/div>\n<\/div>\n<div class=\"group\/conversation-turn relative flex w-full min-w-0 flex-col agent-turn\">\n<div class=\"flex-col gap-1 md:gap-3\">\n<div class=\"flex max-w-full flex-col flex-grow\">\n<div class=\"min-h-8 text-message flex w-full flex-col items-end gap-2 whitespace-normal break-words [.text-message+&amp;]:mt-5\" dir=\"auto\" data-message-author-role=\"assistant\" data-message-id=\"f226d3fc-81f3-46d5-8c46-31787fff0357\">\n<div class=\"flex w-full flex-col gap-1 empty:hidden first:pt-[3px]\">\n<div class=\"markdown prose w-full break-words dark:prose-invert light\">\n<div class=\"group\/conversation-turn relative flex w-full min-w-0 flex-col agent-turn\">\n<div class=\"flex-col gap-1 md:gap-3\">\n<div class=\"flex max-w-full flex-col flex-grow\">\n<div class=\"min-h-8 text-message flex w-full flex-col items-end gap-2 whitespace-normal break-words [.text-message+&amp;]:mt-5\" dir=\"auto\" data-message-author-role=\"assistant\" data-message-id=\"91d2b73b-9149-4888-a964-4b8464e0e6e3\" data-message-model-slug=\"gpt-4o\">\n<div class=\"flex w-full flex-col gap-1 empty:hidden first:pt-[3px]\">\n<div class=\"markdown prose w-full break-words dark:prose-invert light\">\n<ul>\n<li><strong>Qual \u00e8 la capacit\u00e0 di puff del dispositivo usa e getta ELF Box Pulse X 25000?<\/strong>\n<ul>\n<li>L'ELF Box Pulse X offre un'impressionante capacit\u00e0 di 25.000 puff in modalit\u00e0 Regolare e 15.000 puff in modalit\u00e0 Pulse, rendendolo uno dei dispositivi usa e getta pi\u00f9 duraturi disponibili.<\/li>\n<\/ul>\n<\/li>\n<li><strong>Quali opzioni di nicotina sono disponibili per il vape usa e getta ELF BOX 25000?<\/strong>\n<ul>\n<li>L'ELF Box Pulse X \u00e8 disponibile in diverse concentrazioni di nicotina, tra cui 0%, 2%, 3% e 5%. Include anche un'opzione per un <strong>sigaretta elettronica usa e getta senza nicotina<\/strong> per coloro che preferiscono un'esperienza senza nicotina.<\/li>\n<\/ul>\n<\/li>\n<li><strong>Come migliora il sistema Dual Mesh Coil l'esperienza di svapo?<\/strong>\n<ul>\n<li>Il sistema Dual Mesh Coil (0,8ohm + 0,8ohm) migliora significativamente il sapore e la produzione di vapore, offrendo un'esperienza di svapo pi\u00f9 morbida e soddisfacente.<\/li>\n<\/ul>\n<\/li>\n<li><strong>L'ELF Box Pulse X \u00e8 ricaricabile?<\/strong>\n<ul>\n<li>S\u00ec, l'ELF Box 25000 \u00e8 alimentato da una batteria ricaricabile da 750mAh, garantendo longevit\u00e0 e praticit\u00e0 durante l'uso.<\/li>\n<\/ul>\n<\/li>\n<li><strong>Dove posso acquistare l'ELF Box Pulse X?<\/strong>\n<ul>\n<li>L'ELF Box Pulse X ha un prezzo competitivo a tariffe all'ingrosso, rendendolo una scelta eccellente per rivenditori e acquirenti all'ingrosso. \u00c8 anche un'opzione popolare tra <strong>vaporizzatori usa usa<\/strong> scelte, garantendo disponibilit\u00e0 per i clienti italiani.<\/li>\n<\/ul>\n<\/li>\n<\/ul>\n<p>&nbsp;<\/p>\n<\/div>\n<\/div>\n<\/div>\n<\/div>\n<\/div>\n<\/div>\n<\/div>\n<\/div>\n<\/div>\n<\/div>\n<\/div>\n<\/div>\n<h3>Informazioni sulla spedizione<\/h3>\n<div class=\"flex-shrink-0 flex flex-col relative items-end\">\n<div>\n<div class=\"pt-0\">\n<div class=\"gizmo-bot-avatar flex h-8 w-8 items-center justify-center overflow-hidden rounded-full\">\n<div><\/div>\n<div class=\"relative p-1 rounded-sm flex items-center justify-center bg-token-main-surface-primary text-token-text-primary h-8 w-8\"><strong>1. Quali metodi di spedizione vengono utilizzati?<\/strong><\/div>\n<\/div>\n<\/div>\n<\/div>\n<\/div>\n<div class=\"group\/conversation-turn relative flex w-full min-w-0 flex-col agent-turn\">\n<div class=\"flex-col gap-1 md:gap-3\">\n<div class=\"flex max-w-full flex-col flex-grow\">\n<div class=\"min-h-[20px] text-message flex w-full flex-col items-end gap-2 whitespace-normal break-words [.text-message+&amp;]:mt-5 overflow-x-auto\" dir=\"auto\" data-message-author-role=\"assistant\" data-message-id=\"22f8283b-3233-46ff-89a5-c7a41b33abda\">\n<div class=\"flex w-full flex-col gap-1 empty:hidden first:pt-[3px]\">\n<div class=\"markdown prose w-full break-words dark:prose-invert light\">\n<p>Collaboriamo con UPS, DHL, FedEx, DPD e altri vettori leader. Selezioneremo il miglior metodo di spedizione in base alla tua posizione di consegna per assicurarti di ricevere i tuoi prodotti il pi\u00f9 rapidamente possibile.<\/p>\n<\/div>\n<p><strong>2. Quanto tempo ci vuole per arrivare?<\/strong><\/p>\n<p>I pacchi spediti in Italia arrivano solitamente entro 12-15 giorni lavorativi. Forniremo aggiornamenti in tempo reale sullo stato della tua spedizione.<\/p>\n<\/div>\n<\/div>\n<\/div>\n<\/div>\n<\/div>\n<p>&nbsp;<\/p>\n<p>Altri vaporizzatori in offerta che potrebbero piacerti:<\/p>\n<p><a href=\"https:\/\/rmvapesale.com\/it\/prodotto\/bang-box-20000-puffs-vape-0-2-5-nicotine\/\"><strong>Bang Box 20000 Tiri\u00a0 \u00a0<span style=\"color: #ff0000\">&gt;&gt;&gt;&gt; vai!<\/span><\/strong><\/a><\/p>\n<p><strong><a href=\"https:\/\/rmvapesale.com\/it\/prodotto\/faivono-bang-maxi-15000-puffs-disposable-vape-bulk-wholesale\/\">AIVONO Aim Bang Maxi 15000 Tiri <span style=\"color: #ff0000\">&gt;&gt;&gt;&gt; vai!<\/span><\/a>\u00a0<\/strong><\/p>\n<p><a href=\"https:\/\/rmvapesale.com\/it\/prodotto\/bang-tornado-13000-puffs-disposable-vape-pen-wholesale-price\/\"><strong>Bang Tornado 13000 <span style=\"color: #ff0000\">&gt;&gt;&gt;&gt; vai!<\/span><\/strong><\/a><\/p>\n<p>&nbsp;<\/p>\n<p>&nbsp;<\/p>\n<p>Trova altri prodotti da svapo che potrebbero piacerti:<strong><em><a href=\"https:\/\/rmvapesale.com\/it\/shop-2\/\">acquista ora &gt;&gt;&gt;<\/a><\/em><\/strong><\/p>","protected":false},"excerpt":{"rendered":"<p>Elf Box Pulse X 25000 Puff, Sigaretta Elettronica Monouso a Bassa Nicotina 2%<br \/>\nELF BOX Pulse X 25000 Puff Sigaretta Elettronica Monouso all'ingrosso<br \/>\nAcquisto all'ingrosso di Sigarette Elettroniche Monouso ELF BOX PULSE X 25000 Puff<\/p>\n<p><img loading=\"lazy\" decoding=\"async\" class=\"size-full wp-image-2375\" src=\"https:\/\/rmvapesale.com\/wp-content\/uploads\/2024\/10\/image.png\" alt=\"Migliore sigaretta elettronica usa e getta\" width=\"229\" height=\"300\" \/><\/p>\n<h3><a href=\"https:\/\/wa.me\/8617776015835\"><span style=\"color: #ff0000\"><strong>WhatsApp: +86 17776015835<\/strong><\/span><\/a><\/h3>\n<p>&nbsp;<\/p>","protected":false},"featured_media":2442,"comment_status":"open","ping_status":"closed","template":"","meta":{"_uag_custom_page_level_css":"","_lmt_disableupdate":"","_lmt_disable":"","site-sidebar-layout":"default","site-content-layout":"content-boxed-container","ast-site-content-layout":"normal-width-container","site-content-style":"boxed","site-sidebar-style":"unboxed","ast-global-header-display":"","ast-banner-title-visibility":"","ast-main-header-display":"","ast-hfb-above-header-display":"","ast-hfb-below-header-display":"","ast-hfb-mobile-header-display":"","site-post-title":"","ast-breadcrumbs-content":"","ast-featured-img":"","footer-sml-layout":"","theme-transparent-header-meta":"default","adv-header-id-meta":"","stick-header-meta":"","header-above-stick-meta":"","header-main-stick-meta":"","header-below-stick-meta":"","astra-migrate-meta-layouts":"set","ast-page-background-enabled":"default","ast-page-background-meta":{"desktop":{"background-color":"var(--ast-global-color-4)","background-image":"","background-repeat":"repeat","background-position":"center center","background-size":"auto","background-attachment":"scroll","background-type":"","background-media":"","overlay-type":"","overlay-color":"","overlay-opacity":"","overlay-gradient":""},"tablet":{"background-color":"","background-image":"","background-repeat":"repeat","background-position":"center center","background-size":"auto","background-attachment":"scroll","background-type":"","background-media":"","overlay-type":"","overlay-color":"","overlay-opacity":"","overlay-gradient":""},"mobile":{"background-color":"","background-image":"","background-repeat":"repeat","background-position":"center center","background-size":"auto","background-attachment":"scroll","background-type":"","background-media":"","overlay-type":"","overlay-color":"","overlay-opacity":"","overlay-gradient":""}},"ast-content-background-meta":{"desktop":{"background-color":"var(--ast-global-color-5)","background-image":"","background-repeat":"repeat","background-position":"center center","background-size":"auto","background-attachment":"scroll","background-type":"","background-media":"","overlay-type":"","overlay-color":"","overlay-opacity":"","overlay-gradient":""},"tablet":{"background-color":"var(--ast-global-color-5)","background-image":"","background-repeat":"repeat","background-position":"center center","background-size":"auto","background-attachment":"scroll","background-type":"","background-media":"","overlay-type":"","overlay-color":"","overlay-opacity":"","overlay-gradient":""},"mobile":{"background-color":"var(--ast-global-color-5)","background-image":"","background-repeat":"repeat","background-position":"center center","background-size":"auto","background-attachment":"scroll","background-type":"","background-media":"","overlay-type":"","overlay-color":"","overlay-opacity":"","overlay-gradient":""}},"_joinchat":[]},"product_brand":[],"product_cat":[15,25,123,26,28,135,27,60,137,136,30],"product_tag":[156,146,155,158,132,154,157],"class_list":{"0":"post-2441","1":"product","2":"type-product","3":"status-publish","4":"has-post-thumbnail","6":"product_cat-new-vape-this-week","7":"product_cat-germany-best-selling-vape","8":"product_cat-italy-wholesale-vape","9":"product_cat-netherlands-hot-sale-vape","10":"product_cat-poland-hot-sale-vape","11":"product_cat-spain-best-hot-sale-vape","12":"product_cat-fance-hot-sale-vape","13":"product_cat-bang-vapes","14":"product_cat-rechargeable-vapes","15":"product_cat-smart-screen-vapes","16":"product_cat-minimum-order-quantity-50pcs","17":"product_tag-0-nicotine-disposable-vape","18":"product_tag-best-hot-sale-vape","19":"product_tag-digital-display-box","20":"product_tag-elf-box-disposable-vape","21":"product_tag-rechargeable-vape","22":"product_tag-smart-vape","23":"product_tag-vape-disposable","24":"desktop-align-left","25":"tablet-align-left","26":"mobile-align-left","28":"first","29":"instock","30":"sale","31":"shipping-taxable","32":"purchasable","33":"product-type-simple"},"uagb_featured_image_src":{"full":["https:\/\/rmvapesale.com\/wp-content\/uploads\/2024\/10\/Best-Disposable-Vape-Elf-Box.png",805,805,false],"thumbnail":["https:\/\/rmvapesale.com\/wp-content\/uploads\/2024\/10\/Best-Disposable-Vape-Elf-Box-150x150.png",150,150,true],"medium":["https:\/\/rmvapesale.com\/wp-content\/uploads\/2024\/10\/Best-Disposable-Vape-Elf-Box-300x300.png",300,300,true],"medium_large":["https:\/\/rmvapesale.com\/wp-content\/uploads\/2024\/10\/Best-Disposable-Vape-Elf-Box-768x768.png",768,768,true],"large":["https:\/\/rmvapesale.com\/wp-content\/uploads\/2024\/10\/Best-Disposable-Vape-Elf-Box.png",805,805,false],"1536x1536":["https:\/\/rmvapesale.com\/wp-content\/uploads\/2024\/10\/Best-Disposable-Vape-Elf-Box.png",805,805,false],"2048x2048":["https:\/\/rmvapesale.com\/wp-content\/uploads\/2024\/10\/Best-Disposable-Vape-Elf-Box.png",805,805,false],"trp-custom-language-flag":["https:\/\/rmvapesale.com\/wp-content\/uploads\/2024\/10\/Best-Disposable-Vape-Elf-Box.png",12,12,false],"woocommerce_thumbnail":["https:\/\/rmvapesale.com\/wp-content\/uploads\/2024\/10\/Best-Disposable-Vape-Elf-Box-300x300.png",300,300,true],"woocommerce_single":["https:\/\/rmvapesale.com\/wp-content\/uploads\/2024\/10\/Best-Disposable-Vape-Elf-Box-600x600.png",600,600,true],"woocommerce_gallery_thumbnail":["https:\/\/rmvapesale.com\/wp-content\/uploads\/2024\/10\/Best-Disposable-Vape-Elf-Box-100x100.png",100,100,true],"wcpr-photo-reviews":["https:\/\/rmvapesale.com\/wp-content\/uploads\/2024\/10\/Best-Disposable-Vape-Elf-Box.png",500,500,false]},"uagb_author_info":{"display_name":"AMY","author_link":"https:\/\/rmvapesale.com\/it\/author\/"},"uagb_comment_info":0,"uagb_excerpt":"Elf Box Pulse X 25000 Puffs 2% Low Nicotine Disposable Vape ELF BOX Pulse X 25000 Puffs Disposable Vape wholesale Vape Disposable ELF BOX PULSE X 25000 Puff Bulk Buy WhatsApp: +86 17776015835 &nbsp;","_links":{"self":[{"href":"https:\/\/rmvapesale.com\/it\/wp-json\/wp\/v2\/product\/2441","targetHints":{"allow":["GET"]}}],"collection":[{"href":"https:\/\/rmvapesale.com\/it\/wp-json\/wp\/v2\/product"}],"about":[{"href":"https:\/\/rmvapesale.com\/it\/wp-json\/wp\/v2\/types\/product"}],"replies":[{"embeddable":true,"href":"https:\/\/rmvapesale.com\/it\/wp-json\/wp\/v2\/comments?post=2441"}],"wp:featuredmedia":[{"embeddable":true,"href":"https:\/\/rmvapesale.com\/it\/wp-json\/wp\/v2\/media\/2442"}],"wp:attachment":[{"href":"https:\/\/rmvapesale.com\/it\/wp-json\/wp\/v2\/media?parent=2441"}],"wp:term":[{"taxonomy":"product_brand","embeddable":true,"href":"https:\/\/rmvapesale.com\/it\/wp-json\/wp\/v2\/product_brand?post=2441"},{"taxonomy":"product_cat","embeddable":true,"href":"https:\/\/rmvapesale.com\/it\/wp-json\/wp\/v2\/product_cat?post=2441"},{"taxonomy":"product_tag","embeddable":true,"href":"https:\/\/rmvapesale.com\/it\/wp-json\/wp\/v2\/product_tag?post=2441"}],"curies":[{"name":"wp","href":"https:\/\/api.w.org\/{rel}","templated":true}]}}