{"id":2518,"date":"2024-10-23T02:32:46","date_gmt":"2024-10-23T02:32:46","guid":{"rendered":"https:\/\/rmvapesale.com\/?post_type=product&#038;p=2518"},"modified":"2024-10-23T03:34:28","modified_gmt":"2024-10-23T03:34:28","slug":"aivono-22000-rechargeable-vapes-with-display-screen","status":"publish","type":"product","link":"https:\/\/rmvapesale.com\/it\/prodotto\/aivono-22000-rechargeable-vapes-with-display-screen\/","title":{"rendered":"Vaporizzatori ricaricabili Aivono 22000 con display"},"content":{"rendered":"<div class=\"B2VR9 CJHX3e\">\n<div class=\"wyccme\">\n<div class=\"flex-shrink-0 flex flex-col relative items-end\">\n<div>\n<h1 class=\"pt-0\">Aivono Fatpro 22000 Puffs Sigarette Elettroniche Ricaricabili Usa e Getta con Schermo<\/h1>\n<\/div>\n<\/div>\n<div class=\"flex-shrink-0 flex flex-col relative items-end\">\n<div class=\"pt-0\">\n<div class=\"gizmo-bot-avatar flex h-8 w-8 items-center justify-center overflow-hidden rounded-full\">\n<div class=\"relative p-1 rounded-sm flex items-center justify-center bg-token-main-surface-primary text-token-text-primary h-8 w-8\">\n<p>La <strong>Aivono 22000<\/strong> \u00e8 un all'avanguardia <strong>svapo ricaricabile con schermo<\/strong> che offre un'impressionante <strong>22.000 puff<\/strong>, rendendolo uno dei <strong>svapo pi\u00f9 popolari<\/strong> per un uso prolungato sul mercato. Il suo <strong>capacit\u00e0 di e-liquid da 28ml<\/strong> garantisce sessioni di svapo ininterrotte, perfette sia per gli utenti occasionali che per gli appassionati. Questo dispositivo consente agli utenti di scegliere tra <strong>concentrazioni di nicotina dello 0%, 2%, 3% e 5%<\/strong>, per coloro che preferiscono un <strong>svapo usa e getta a basso contenuto di nicotina<\/strong> o opzioni a pi\u00f9 alta gradazione.<\/p>\n<p>Alimentato da una <strong>batteria ricaricabile da 650 mAh<\/strong>, l'Aivono 22000 garantisce prestazioni superiori e presenta <strong>ricarica rapida Type-C<\/strong>, garantendoti una ricarica rapida per tornare a goderti il tuo svapo. La <strong>tecnologia della resistenza a mesh da 0.6<\/strong> migliora la resa aromatica e la produzione di vapore, offrendo agli utenti un'esperienza costantemente ricca e soddisfacente. Inoltre, il <strong>flusso d'aria regolabile<\/strong> permette agli svapatori di personalizzare l'inalazione, che preferiscano un tiro stretto e concentrato o un'inalazione pi\u00f9 ariosa e meno resistente.<\/p>\n<p>Questo <strong>vaporizzatore monouso con schermo<\/strong> fornisce anche aggiornamenti in tempo reale sui livelli di e-juice e sulla durata della batteria, rendendolo pratico e conveniente. Che tu voglia <strong>acquistare sigarette elettroniche<\/strong> per uso personale o cerchi <strong>sigarette elettroniche usa e getta all'ingrosso<\/strong> per la vendita, l' <strong>Aivono Fatpro 22000<\/strong> si distingue come un'opzione eccellente.<\/p>\n<p>Ideale per chi cerca <strong>marchi di sigarette elettroniche usa e getta<\/strong> che privilegiano sia la qualit\u00e0 che la praticit\u00e0, l' <strong>Aivono Fatpro sigarette elettroniche ricaricabili<\/strong> \u00e8 disponibile per l'acquisto online, offrendo una soluzione affidabile e ad alte prestazioni per <strong>sigarette elettroniche da 22000 tiri<\/strong> .<\/p>\n<p>&nbsp;<\/p>\n<\/div>\n<\/div>\n<\/div>\n<\/div>\n<\/div>\n<\/div>\n<p><strong>Contatta Amy per ottenere la risposta giusta e un coupon per lo svapo!<\/strong><\/p>\n<p><img loading=\"lazy\" decoding=\"async\" class=\"size-full wp-image-1978\" src=\"https:\/\/rmvapesale.com\/wp-content\/uploads\/2024\/09\/Disposable-Vape-Wholesale.jpg\" alt=\"Vaporizzatore Usa e Getta Ingrosso\" width=\"229\" height=\"300\" \/><\/p>\n<h3><a href=\"https:\/\/wa.me\/8617776015835\" target=\"_blank\" rel=\"noopener\"><span style=\"color: #ff0000\"><strong>WhatsApp: +86 17776015835<\/strong><\/span><\/a><\/h3>\n<p>&nbsp;<\/p>\n<h2><\/h2>\n<h2><strong>Aivono 22000 sigarette elettroniche ricaricabili <\/strong><strong>Caratteristiche Principali<\/strong><\/h2>\n<div class=\"flex-shrink-0 flex flex-col relative items-end\">\n<div>\n<div class=\"pt-0\">\n<div class=\"gizmo-bot-avatar flex h-8 w-8 items-center justify-center overflow-hidden rounded-full\">\n<div class=\"relative p-1 rounded-sm flex items-center justify-center bg-token-main-surface-primary text-token-text-primary h-8 w-8\"><\/div>\n<\/div>\n<\/div>\n<\/div>\n<\/div>\n<div class=\"group\/conversation-turn relative flex w-full min-w-0 flex-col agent-turn\">\n<div class=\"flex-col gap-1 md:gap-3\">\n<div class=\"flex max-w-full flex-col flex-grow\">\n<div class=\"min-h-8 text-message flex w-full flex-col items-end gap-2 whitespace-normal break-words [.text-message+&amp;]:mt-5\" dir=\"auto\" data-message-author-role=\"assistant\" data-message-id=\"0d28757f-3029-419a-97bc-5c073d54a71e\" data-message-model-slug=\"gpt-4o\">\n<div class=\"flex w-full flex-col gap-1 empty:hidden first:pt-[3px]\">\n<div class=\"result-streaming markdown prose w-full break-words dark:prose-invert light\">\n<p>Marca: AIVONO Sigarette Elettroniche<br \/>\nNicotina: 0% 2% 3% 5%<br \/>\nTiri: 22000<br \/>\nCapacit\u00e0: 28 ml<br \/>\n10 gusti disponibili<br \/>\nBatteria ricaricabile da 600 mAh<br \/>\nEdizione Lusso in Pelle<br \/>\nDoppia Modalit\u00e0: Eco\/Boost<\/p>\n<p>\u2611 Funzione:<br \/>\n1. Indicatore liquido<br \/>\n2. Indicatore batteria<br \/>\n3. Sapore narghil\u00e8<br \/>\n4. Flusso d'aria regolabile<\/p>\n<\/div>\n<\/div>\n<\/div>\n<\/div>\n<\/div>\n<\/div>\n<h2><\/h2>\n<h2><strong>Gusto eccellente per le sigarette elettroniche ricaricabili Aivono 22000<\/strong><strong>\u00a0<\/strong><\/h2>\n<p>Con dieci gusti distinti disponibili, tra cui Two Apple, Grape Mint e Lush Ice, la sigaretta elettronica Aivono Aim Fatpro 22000 offre una vasta gamma di opzioni per soddisfare gusti diversi. Questa combinazione di alta capacit\u00e0, livelli di nicotina personalizzabili e opzioni saporite rende l'Aivono Aim Fatpro una scelta eccezionale per chiunque desideri migliorare la propria esperienza di svapo.<\/p>\n<p>1.Mela Doppia <span style=\"color: #ff0000\"><strong>&gt;&gt;&gt;&gt; Caldo!<\/strong><\/span><br \/>\n2.Menta Uva<br \/>\n3.Ghiaccio Lussureggiante<br \/>\n4.Lampone Ciliegia <span style=\"color: #ff0000\"><strong>&gt;&gt;&gt;&gt; Migliore!<\/strong><\/span><br \/>\n5.Pesca Ghiacciata<br \/>\n6.Amore 66<span style=\"color: #ff0000\"><strong>&gt;&gt;&gt;&gt; Caldo!<\/strong><\/span><br \/>\n7.Sogno Lucido<br \/>\n8.Pugno alla Fragola<br \/>\n9.Gomma al Mirtillo<br \/>\n10. Ghiaccio ai Frutti di Bosco<\/p>\n<p>&nbsp;<\/p>\n<figure id=\"attachment_2519\" aria-describedby=\"caption-attachment-2519\" style=\"width: 800px\" class=\"wp-caption alignnone\"><img loading=\"lazy\" decoding=\"async\" class=\"wp-image-2519 size-full\" src=\"https:\/\/rmvapesale.com\/wp-content\/uploads\/2024\/10\/AIM-AIVONO-FATPRO-22000.jpg\" alt=\"AIM AIVONO FATPRO 22000\" width=\"800\" height=\"800\" srcset=\"https:\/\/rmvapesale.com\/wp-content\/uploads\/2024\/10\/AIM-AIVONO-FATPRO-22000.jpg 800w, https:\/\/rmvapesale.com\/wp-content\/uploads\/2024\/10\/AIM-AIVONO-FATPRO-22000-300x300.jpg 300w, https:\/\/rmvapesale.com\/wp-content\/uploads\/2024\/10\/AIM-AIVONO-FATPRO-22000-150x150.jpg 150w, https:\/\/rmvapesale.com\/wp-content\/uploads\/2024\/10\/AIM-AIVONO-FATPRO-22000-768x768.jpg 768w, https:\/\/rmvapesale.com\/wp-content\/uploads\/2024\/10\/AIM-AIVONO-FATPRO-22000-600x600.jpg 600w, https:\/\/rmvapesale.com\/wp-content\/uploads\/2024\/10\/AIM-AIVONO-FATPRO-22000-100x100.jpg 100w\" sizes=\"auto, (max-width: 800px) 100vw, 800px\" \/><figcaption id=\"caption-attachment-2519\" class=\"wp-caption-text\">AIM AIVONO FATPRO 22000<\/figcaption><\/figure>\n<h3><strong>Perch\u00e9 Scegliere Rmvapesale per Aivono Fatpro 22000 Tiri<\/strong><strong>?<\/strong><\/h3>\n<div class=\"flex-shrink-0 flex flex-col relative items-end\">\n<div class=\"pt-0\">\n<div class=\"gizmo-bot-avatar flex h-8 w-8 items-center justify-center overflow-hidden rounded-full\">\n<div class=\"relative p-1 rounded-sm flex items-center justify-center bg-token-main-surface-primary text-token-text-primary h-8 w-8\">\n<p>&nbsp;<\/p>\n<p>Quando scegli Rmvapesale per le tue esigenze di vaporizzatori usa e getta all'ingrosso, beneficerai di:<\/p>\n<ul>\n<li><strong>Prezzo competitivo<\/strong>: Ottieni l'accesso a prezzi all'ingrosso interessanti che aumentano i tuoi margini di profitto.<\/li>\n<li><strong>Alta qualit\u00e0<\/strong>: I nostri vaporizzatori sono realizzati secondo i pi\u00f9 alti standard, e <span style=\"color: #ff0000\"><strong>garantito 100% originale e autentico, o 10 volte la compensazione sar\u00e0 fornita per merci false!<\/strong><\/span><\/li>\n<li><strong>Eccellente servizio clienti<\/strong>: Il nostro team dedicato \u00e8 sempre pronto ad assisterti, rendendo il tuo processo di acquisto semplice e senza problemi.<\/li>\n<li><strong>Veloce<\/strong>: Aspettati una spedizione rapida e affidabile, garantendo che i tuoi ordini arrivino in tempo, ogni volta.<\/li>\n<\/ul>\n<\/div>\n<h3><\/h3>\n<div class=\"relative p-1 rounded-sm flex items-center justify-center bg-token-main-surface-primary text-token-text-primary h-8 w-8\">\n<h3><b>DOMANDE FREQUENTI<\/b><\/h3>\n<div class=\"flex-shrink-0 flex flex-col relative items-end\">\n<div>\n<div class=\"pt-0\">\n<div class=\"gizmo-bot-avatar flex h-8 w-8 items-center justify-center overflow-hidden rounded-full\">\n<div class=\"relative p-1 rounded-sm flex items-center justify-center bg-token-main-surface-primary text-token-text-primary h-8 w-8\"><\/div>\n<\/div>\n<\/div>\n<\/div>\n<\/div>\n<div class=\"group\/conversation-turn relative flex w-full min-w-0 flex-col agent-turn\">\n<div class=\"flex-col gap-1 md:gap-3\">\n<div class=\"flex max-w-full flex-col flex-grow\">\n<div class=\"min-h-8 text-message flex w-full flex-col items-end gap-2 whitespace-normal break-words [.text-message+&amp;]:mt-5\" dir=\"auto\" data-message-author-role=\"assistant\" data-message-id=\"3a019841-c00e-477f-baad-0bb23e48af2d\" data-message-model-slug=\"gpt-4o\">\n<div class=\"flex w-full flex-col gap-1 empty:hidden first:pt-[3px]\">\n<div class=\"markdown prose w-full break-words dark:prose-invert light\">\n<ul>\n<li><strong>Come usare una sigaretta elettronica usa e getta<\/strong><br \/>\nPer utilizzare la sigaretta elettronica usa e getta Aivono Fatpro, \u00e8 sufficiente rimuoverla dalla confezione, inalare attraverso il bocchino e il dispositivo si attiver\u00e0 automaticamente, erogando vapore. Regola il flusso d'aria a tuo piacimento se desideri un tiro pi\u00f9 stretto o pi\u00f9 lento.<\/li>\n<li><strong>Come caricare la sigaretta elettronica usa e getta Aivono Fatpro 22000 Tiri<\/strong><br \/>\nL'Aivono Fatpro \u00e8 ricaricabile e dispone di una batteria al cobalto da 650 mAh. Per caricarla, utilizza il cavo di ricarica di tipo C fornito con il dispositivo. Collegalo a una fonte di alimentazione e la sigaretta elettronica si ricaricher\u00e0 rapidamente grazie alla sua capacit\u00e0 di ricarica veloce.<\/li>\n<li><strong>Quanta nicotina c'\u00e8 in una Aivono 22000 Tiri<\/strong><br \/>\nL'Aivono Fatpro offre diversi livelli di nicotina: 0%, 2%, 3% e 5%, in modo che gli utenti possano scegliere in base alle proprie preferenze, sia che preferiscano un'esperienza senza nicotina o un livello di nicotina pi\u00f9 elevato.<\/li>\n<li><strong>Come capire quando lo svapo \u00e8 vuoto<\/strong><br \/>\nL'Aivono Fatpro dispone di un display integrato che mostra i livelli di e-liquid. Puoi monitorare il livello di e-liquid sullo schermo per sapere quando sta per esaurirsi. Inoltre, se il sapore si indebolisce o la produzione di vapore diminuisce, potrebbe indicare che l'e-liquid \u00e8 vicino a essere vuoto.<\/li>\n<li><strong>Per quanto tempo devo ricaricare il mio Aivono AIM 22000 Puffs?<\/strong><br \/>\nIl tempo di ricarica per l'Aivono Fatpro dipender\u00e0 dalla fonte di alimentazione, ma grazie alla sua tecnologia di ricarica rapida Type-C, dovrebbe ricaricarsi in modo relativamente veloce. Lo schermo ti aiuter\u00e0 a monitorare lo stato della batteria, cos\u00ec potrai vedere quando \u00e8 completamente carica.<\/li>\n<li><strong>Dove posso acquistare la sigaretta elettronica usa e getta Aivono AIM 22000 Puffs<\/strong><br \/>\nL'Aivono Fatpro pu\u00f2 essere acquistato da rivenditori o grossisti che vendono sigarette elettroniche usa e getta di alta qualit\u00e0. \u00c8 disponibile sia per acquirenti singoli che per acquisti all'ingrosso, rendendolo adatto per uso personale o aziendale. Controlla i negozi di sigarette elettroniche online o i negozi locali specializzati in prodotti per il vaping.<\/li>\n<\/ul>\n<\/div>\n<\/div>\n<\/div>\n<\/div>\n<\/div>\n<\/div>\n<p>&nbsp;<\/p>\n<\/div>\n<\/div>\n<\/div>\n<\/div>\n<h3>Informazioni sulla spedizione<\/h3>\n<div class=\"flex-shrink-0 flex flex-col relative items-end\">\n<div>\n<div class=\"pt-0\">\n<div class=\"gizmo-bot-avatar flex h-8 w-8 items-center justify-center overflow-hidden rounded-full\">\n<div><\/div>\n<div class=\"relative p-1 rounded-sm flex items-center justify-center bg-token-main-surface-primary text-token-text-primary h-8 w-8\"><strong>1. Quali metodi di spedizione vengono utilizzati?<\/strong><\/div>\n<\/div>\n<\/div>\n<\/div>\n<\/div>\n<div class=\"group\/conversation-turn relative flex w-full min-w-0 flex-col agent-turn\">\n<div class=\"flex-col gap-1 md:gap-3\">\n<div class=\"flex max-w-full flex-col flex-grow\">\n<div class=\"min-h-[20px] text-message flex w-full flex-col items-end gap-2 whitespace-normal break-words [.text-message+&amp;]:mt-5 overflow-x-auto\" dir=\"auto\" data-message-author-role=\"assistant\" data-message-id=\"22f8283b-3233-46ff-89a5-c7a41b33abda\">\n<div class=\"flex w-full flex-col gap-1 empty:hidden first:pt-[3px]\">\n<div class=\"markdown prose w-full break-words dark:prose-invert light\">\n<p>Collaboriamo con UPS, DHL, FedEx, DPD e altri vettori leader. Selezioneremo il miglior metodo di spedizione in base alla tua posizione di consegna per assicurarti di ricevere i tuoi prodotti il pi\u00f9 rapidamente possibile.<\/p>\n<\/div>\n<p><strong>2. Quanto tempo ci vuole per arrivare?<\/strong><\/p>\n<p>I pacchi spediti in Italia arrivano solitamente entro 12-15 giorni lavorativi. Forniremo aggiornamenti in tempo reale sullo stato della tua spedizione.<\/p>\n<\/div>\n<\/div>\n<\/div>\n<\/div>\n<\/div>\n<p>&nbsp;<\/p>\n<p>Altri vaporizzatori in offerta che potrebbero piacerti:<\/p>\n<p><a href=\"https:\/\/rmvapesale.com\/it\/prodotto\/elf-box-crystal-bar-600-puffs-disposable-vape-wholesale\/\"><strong>ELF BOX CRYSTAL BAR 600 Puff\u00a0 \u00a0<span style=\"color: #ff0000\">&gt;&gt;&gt;&gt; vai!<\/span><\/strong><\/a><\/p>\n<p><strong><a href=\"https:\/\/rmvapesale.com\/it\/prodotto\/fumot-digital-box-12000-disposable-vape-pink-lemonade-flavor\/\">La sigaretta elettronica usa e getta<\/a><\/strong><strong><a href=\"https:\/\/rmvapesale.com\/it\/prodotto\/faivono-bang-maxi-15000-puffs-disposable-vape-bulk-wholesale\/\">\u00a0<span style=\"color: #ff0000\">&gt;&gt;&gt;&gt; vai!<\/span><\/a>\u00a0<\/strong><\/p>\n<p><a href=\"https:\/\/rmvapesale.com\/it\/prodotto\/vapme-shisha-hookah-pro-max-20000-puffs-disposable-vape-bar\/\"><strong>Vapme Shisha Hookah 20000 Puffs <span style=\"color: #ff0000\">&gt;&gt;&gt;&gt; vai!<\/span><\/strong><\/a><\/p>\n<p>&nbsp;<\/p>\n<p>&nbsp;<\/p>\n<p>Trova altri prodotti da svapo che potrebbero piacerti:<strong><em><a href=\"https:\/\/rmvapesale.com\/it\/shop-2\/\">acquista ora &gt;&gt;&gt;<\/a><\/em><\/strong><\/p>","protected":false},"excerpt":{"rendered":"<p>Sigarette elettroniche ricaricabili Aivono 22000 Puffs con schermo LED Puff 22k<br \/>\nAivono Aim Fatpro 22000 Puffs Svapo Monouso Prezzo Economico<br \/>\nIngrosso Aivono Aim Fatpro 22000 Puffs Sigaretta Elettronica<\/p>\n<p><img loading=\"lazy\" decoding=\"async\" class=\"size-full wp-image-2375\" src=\"https:\/\/rmvapesale.com\/wp-content\/uploads\/2024\/10\/image.png\" alt=\"Migliore sigaretta elettronica usa e getta\" width=\"229\" height=\"300\" \/><\/p>\n<h3><a href=\"https:\/\/wa.me\/8617776015835\"><span style=\"color: #ff0000\"><strong>WhatsApp: +86 17776015835<\/strong><\/span><\/a><\/h3>\n<p>&nbsp;<\/p>","protected":false},"featured_media":2521,"comment_status":"open","ping_status":"closed","template":"","meta":{"_uag_custom_page_level_css":"","_lmt_disableupdate":"no","_lmt_disable":"","site-sidebar-layout":"default","site-content-layout":"content-boxed-container","ast-site-content-layout":"normal-width-container","site-content-style":"boxed","site-sidebar-style":"unboxed","ast-global-header-display":"","ast-banner-title-visibility":"","ast-main-header-display":"","ast-hfb-above-header-display":"","ast-hfb-below-header-display":"","ast-hfb-mobile-header-display":"","site-post-title":"","ast-breadcrumbs-content":"","ast-featured-img":"","footer-sml-layout":"","theme-transparent-header-meta":"default","adv-header-id-meta":"","stick-header-meta":"","header-above-stick-meta":"","header-main-stick-meta":"","header-below-stick-meta":"","astra-migrate-meta-layouts":"set","ast-page-background-enabled":"default","ast-page-background-meta":{"desktop":{"background-color":"var(--ast-global-color-4)","background-image":"","background-repeat":"repeat","background-position":"center center","background-size":"auto","background-attachment":"scroll","background-type":"","background-media":"","overlay-type":"","overlay-color":"","overlay-opacity":"","overlay-gradient":""},"tablet":{"background-color":"","background-image":"","background-repeat":"repeat","background-position":"center center","background-size":"auto","background-attachment":"scroll","background-type":"","background-media":"","overlay-type":"","overlay-color":"","overlay-opacity":"","overlay-gradient":""},"mobile":{"background-color":"","background-image":"","background-repeat":"repeat","background-position":"center center","background-size":"auto","background-attachment":"scroll","background-type":"","background-media":"","overlay-type":"","overlay-color":"","overlay-opacity":"","overlay-gradient":""}},"ast-content-background-meta":{"desktop":{"background-color":"var(--ast-global-color-5)","background-image":"","background-repeat":"repeat","background-position":"center center","background-size":"auto","background-attachment":"scroll","background-type":"","background-media":"","overlay-type":"","overlay-color":"","overlay-opacity":"","overlay-gradient":""},"tablet":{"background-color":"var(--ast-global-color-5)","background-image":"","background-repeat":"repeat","background-position":"center center","background-size":"auto","background-attachment":"scroll","background-type":"","background-media":"","overlay-type":"","overlay-color":"","overlay-opacity":"","overlay-gradient":""},"mobile":{"background-color":"var(--ast-global-color-5)","background-image":"","background-repeat":"repeat","background-position":"center center","background-size":"auto","background-attachment":"scroll","background-type":"","background-media":"","overlay-type":"","overlay-color":"","overlay-opacity":"","overlay-gradient":""}},"_joinchat":[]},"product_brand":[],"product_cat":[15,25,123,26,28,135,27,137,136,30],"product_tag":[184,169,167,185,165,120],"class_list":{"0":"post-2518","1":"product","2":"type-product","3":"status-publish","4":"has-post-thumbnail","6":"product_cat-new-vape-this-week","7":"product_cat-germany-best-selling-vape","8":"product_cat-italy-wholesale-vape","9":"product_cat-netherlands-hot-sale-vape","10":"product_cat-poland-hot-sale-vape","11":"product_cat-spain-best-hot-sale-vape","12":"product_cat-fance-hot-sale-vape","13":"product_cat-rechargeable-vapes","14":"product_cat-smart-screen-vapes","15":"product_cat-minimum-order-quantity-50pcs","16":"product_tag-ainovo-vape","17":"product_tag-best-disposable-vape-2024","18":"product_tag-disposable-vape-with-screen","19":"product_tag-puff-22k","20":"product_tag-rechargeable-vapes","21":"product_tag-vape-wholesale","22":"desktop-align-left","23":"tablet-align-left","24":"mobile-align-left","26":"first","27":"instock","28":"sale","29":"shipping-taxable","30":"purchasable","31":"product-type-simple"},"uagb_featured_image_src":{"full":["https:\/\/rmvapesale.com\/wp-content\/uploads\/2024\/10\/Aivono-Aim-22000-Puffs-Smart-Screen-Disposable-Vape.jpg",800,800,false],"thumbnail":["https:\/\/rmvapesale.com\/wp-content\/uploads\/2024\/10\/Aivono-Aim-22000-Puffs-Smart-Screen-Disposable-Vape-150x150.jpg",150,150,true],"medium":["https:\/\/rmvapesale.com\/wp-content\/uploads\/2024\/10\/Aivono-Aim-22000-Puffs-Smart-Screen-Disposable-Vape-300x300.jpg",300,300,true],"medium_large":["https:\/\/rmvapesale.com\/wp-content\/uploads\/2024\/10\/Aivono-Aim-22000-Puffs-Smart-Screen-Disposable-Vape-768x768.jpg",768,768,true],"large":["https:\/\/rmvapesale.com\/wp-content\/uploads\/2024\/10\/Aivono-Aim-22000-Puffs-Smart-Screen-Disposable-Vape.jpg",800,800,false],"1536x1536":["https:\/\/rmvapesale.com\/wp-content\/uploads\/2024\/10\/Aivono-Aim-22000-Puffs-Smart-Screen-Disposable-Vape.jpg",800,800,false],"2048x2048":["https:\/\/rmvapesale.com\/wp-content\/uploads\/2024\/10\/Aivono-Aim-22000-Puffs-Smart-Screen-Disposable-Vape.jpg",800,800,false],"trp-custom-language-flag":["https:\/\/rmvapesale.com\/wp-content\/uploads\/2024\/10\/Aivono-Aim-22000-Puffs-Smart-Screen-Disposable-Vape.jpg",12,12,false],"woocommerce_thumbnail":["https:\/\/rmvapesale.com\/wp-content\/uploads\/2024\/10\/Aivono-Aim-22000-Puffs-Smart-Screen-Disposable-Vape-300x300.jpg",300,300,true],"woocommerce_single":["https:\/\/rmvapesale.com\/wp-content\/uploads\/2024\/10\/Aivono-Aim-22000-Puffs-Smart-Screen-Disposable-Vape-600x600.jpg",600,600,true],"woocommerce_gallery_thumbnail":["https:\/\/rmvapesale.com\/wp-content\/uploads\/2024\/10\/Aivono-Aim-22000-Puffs-Smart-Screen-Disposable-Vape-100x100.jpg",100,100,true],"wcpr-photo-reviews":["https:\/\/rmvapesale.com\/wp-content\/uploads\/2024\/10\/Aivono-Aim-22000-Puffs-Smart-Screen-Disposable-Vape.jpg",500,500,false]},"uagb_author_info":{"display_name":"AMY","author_link":"https:\/\/rmvapesale.com\/it\/author\/"},"uagb_comment_info":0,"uagb_excerpt":"Aivono 22000 Puffs LED Screen Puff 22k rechargeable vapes Aivono Aim Fatpro 22000 Puffs Disposable Vape Cheap Price Wholesale Aivono Aim Fatpro 22000 Puffs Electronic Cigarette WhatsApp: +86 17776015835 &nbsp;","_links":{"self":[{"href":"https:\/\/rmvapesale.com\/it\/wp-json\/wp\/v2\/product\/2518","targetHints":{"allow":["GET"]}}],"collection":[{"href":"https:\/\/rmvapesale.com\/it\/wp-json\/wp\/v2\/product"}],"about":[{"href":"https:\/\/rmvapesale.com\/it\/wp-json\/wp\/v2\/types\/product"}],"replies":[{"embeddable":true,"href":"https:\/\/rmvapesale.com\/it\/wp-json\/wp\/v2\/comments?post=2518"}],"wp:featuredmedia":[{"embeddable":true,"href":"https:\/\/rmvapesale.com\/it\/wp-json\/wp\/v2\/media\/2521"}],"wp:attachment":[{"href":"https:\/\/rmvapesale.com\/it\/wp-json\/wp\/v2\/media?parent=2518"}],"wp:term":[{"taxonomy":"product_brand","embeddable":true,"href":"https:\/\/rmvapesale.com\/it\/wp-json\/wp\/v2\/product_brand?post=2518"},{"taxonomy":"product_cat","embeddable":true,"href":"https:\/\/rmvapesale.com\/it\/wp-json\/wp\/v2\/product_cat?post=2518"},{"taxonomy":"product_tag","embeddable":true,"href":"https:\/\/rmvapesale.com\/it\/wp-json\/wp\/v2\/product_tag?post=2518"}],"curies":[{"name":"wp","href":"https:\/\/api.w.org\/{rel}","templated":true}]}}