{"id":2609,"date":"2024-10-30T08:06:20","date_gmt":"2024-10-30T08:06:20","guid":{"rendered":"https:\/\/rmvapesale.com\/?post_type=product&#038;p=2609"},"modified":"2024-10-31T03:48:31","modified_gmt":"2024-10-31T03:48:31","slug":"smart-disposable-vape-elfworld-ai-22000-puffs-led-display","status":"publish","type":"product","link":"https:\/\/rmvapesale.com\/it\/prodotto\/smart-disposable-vape-elfworld-ai-22000-puffs-led-display\/","title":{"rendered":"Vaporizzatore usa e getta intelligente ELFWORLD AI 22000 Puff Display LED"},"content":{"rendered":"<div class=\"B2VR9 CJHX3e\">\n<div class=\"wyccme\">\n<h1 class=\"LC20lb MBeuO DKV0Md\">Vaporizzatore usa e getta intelligente ELFWORLD AI 22000 Puff Display LED<\/h1>\n<div class=\"flex-shrink-0 flex flex-col relative items-end\">\n<div class=\"pt-0\">\n<div class=\"gizmo-bot-avatar flex h-8 w-8 items-center justify-center overflow-hidden rounded-full\">\n<div class=\"relative p-1 rounded-sm flex items-center justify-center bg-token-main-surface-primary text-token-text-primary h-8 w-8\">\n<p><strong>ELFWORLD AI 22000 Puff Vaporizzatore Usa e Getta Smart con Display LED<\/strong> \u00e8 la scelta ideale per i vapers che cercano innovazione, stile e un'esperienza di vaping prolungata. Con un'enorme <strong>capacit\u00e0 di 22000 puff<\/strong>, questo grande puff <strong>sigaretta elettronica monouso<\/strong> offre un'opzione duratura e senza problemi sia per i vapers esperti che per i nuovi arrivati.<\/p>\n<p><strong>Design Elegante e Portabilit\u00e0<\/strong><br \/>\nLa <strong>Elf World AI 22000<\/strong> presenta un design elegante e moderno realizzato con linee morbide e una finitura premium che \u00e8 piacevole al tatto quanto alla vista. Questo <strong>box vape<\/strong> \u00e8 compatto e leggero, il che lo rende facile da trasportare in movimento. Nonostante la sua struttura leggera, \u00e8 costruito per resistere all'uso quotidiano, garantendo durata senza sacrificare il suo fascino premium.<\/p>\n<p><strong>Tecnologia Smart con Flusso d'Aria Regolabile<\/strong><br \/>\nCome un vero <strong>Vaporizzatore intelligente<\/strong>, l'AI 22000 offre un'esperienza personalizzabile con la sua funzione di flusso d'aria regolabile, consentendo agli utenti di scegliere la tenuta del tiro pi\u00f9 adatta alle loro preferenze. Questo <strong>vaporizzatore ricaricabile<\/strong> include una potente batteria e uno schermo LED, che fornisce indicatori in tempo reale per la durata della batteria e i livelli di e-juice. Questa funzione ti assicura di essere sempre consapevole di quando ricaricare e pronto a goderti boccate ininterrotte. La <strong>ricarica di tipo C<\/strong> porta del dispositivo fornisce una ricarica rapida e conveniente, ideale per gli utenti impegnati che desiderano un vaporizzatore affidabile.<\/p>\n<p><strong>Conclusione<\/strong><br \/>\nL'ELFWORLD<strong> 22000 Puff Vaporizzatore Usa e Getta Intelligente<\/strong>\u00a0\u00e8 la miscela perfetta di stile, tecnologia avanzata e prestazioni di lunga durata, rendendolo uno dei <strong>migliori vaporizzatori usa e getta<\/strong> disponibili. Per coloro che cercano un'opzione ad alta capacit\u00e0, durevole e ricca di funzionalit\u00e0, l'ElfWorld AI 22000 \u00e8 una scelta ideale. Scopri la comodit\u00e0 e la qualit\u00e0 di questo vaporizzatore di alta gamma, disponibile per l'acquisto presso i <strong>negozi di vaporizzatori<\/strong>, <strong>sigarette elettroniche usa e getta online<\/strong>, o tramite <strong>vaporizzatori all'ingrosso<\/strong> opzioni per esigenze all'ingrosso.<\/p>\n<\/div>\n<\/div>\n<\/div>\n<\/div>\n<\/div>\n<\/div>\n<p><strong>Contatta Amy per ottenere la risposta giusta e un coupon per lo svapo!<\/strong><\/p>\n<p><img loading=\"lazy\" decoding=\"async\" class=\"size-full wp-image-1978\" src=\"https:\/\/rmvapesale.com\/wp-content\/uploads\/2024\/09\/Disposable-Vape-Wholesale.jpg\" alt=\"Vaporizzatore Usa e Getta Ingrosso\" width=\"229\" height=\"300\" \/><\/p>\n<h3><a href=\"https:\/\/wa.me\/8617776015835\" target=\"_blank\" rel=\"noopener\"><span style=\"color: #ff0000\"><strong>WhatsApp: +86 17776015835<\/strong><\/span><\/a><\/h3>\n<p>&nbsp;<\/p>\n<h2><\/h2>\n<h2><strong>ELFWORLD AI 22000 Vaporizzatore Usa e Getta Intelligente <\/strong><strong>Caratteristiche Principali<\/strong><\/h2>\n<ul class=\"wp-block-list\">\n<li>Tiri: 22000 tiri<\/li>\n<li>Gradazione di nicotina: 0%\/2%\/3%\/5%<\/li>\n<li>Capacit\u00e0: 26 ml<\/li>\n<li>Batteria: 650 mAh<\/li>\n<li>Materiale della bobina: bobina a doppia mesh da 1,0*2 ohm<\/li>\n<li>Display: Schermo di visualizzazione digitale<\/li>\n<li>Ricarica: Ricaricabile tramite Type-C<\/li>\n<li>Flusso d'aria regolabile<\/li>\n<li>10 gusti disponibili<\/li>\n<\/ul>\n<figure id=\"attachment_2619\" aria-describedby=\"caption-attachment-2619\" style=\"width: 600px\" class=\"wp-caption alignnone\"><img loading=\"lazy\" decoding=\"async\" class=\"wp-image-2619 size-full\" src=\"https:\/\/rmvapesale.com\/wp-content\/uploads\/2024\/10\/Vape-22000-Puff-Rechargeable-Disposable-Vape.png\" alt=\"Vape usa e getta ricaricabile da 22000 Puff\" width=\"600\" height=\"849\" srcset=\"https:\/\/rmvapesale.com\/wp-content\/uploads\/2024\/10\/Vape-22000-Puff-Rechargeable-Disposable-Vape.png 600w, https:\/\/rmvapesale.com\/wp-content\/uploads\/2024\/10\/Vape-22000-Puff-Rechargeable-Disposable-Vape-212x300.png 212w\" sizes=\"auto, (max-width: 600px) 100vw, 600px\" \/><figcaption id=\"caption-attachment-2619\" class=\"wp-caption-text\">Vape usa e getta ricaricabile da 22000 Puff<\/figcaption><\/figure>\n<h2><strong>Gusto migliore per <\/strong><strong>Vape usa e getta intelligente ELFWORLD AI 22000 Puff<\/strong><\/h2>\n<p>Ad ogni boccata, il <strong>Elf World AI 22000<\/strong> offre sapori corposi e audaci che rimangono coerenti dal primo all'ultimo tiro. Disponibile in un'ampia variet\u00e0 di opzioni, questo <strong>vape a basso contenuto di nicotina<\/strong> offre un'esperienza soddisfacente e fluida per i vapers che danno priorit\u00e0 sia alla qualit\u00e0 che al sapore.<\/p>\n<p>1. Mango mela pera<br \/>\n2. Mango fresco<br \/>\n3. Mela verde<br \/>\n4. Sangue di tigre <span style=\"color: #ff0000\"><strong>&gt;&gt;&gt;&gt; Caldo!<\/strong><\/span><br \/>\n5. Ghiaccio ai mirtilli <span style=\"color: #ff0000\"><strong>&gt;&gt;&gt;&gt; Caldo!<\/strong><\/span><br \/>\n6. Menta<br \/>\n7. Frutti di bosco misti <span style=\"color: #ff0000\"><strong>&gt;&gt;&gt;&gt; Migliore!<\/strong><\/span><br \/>\n8. Ghiaccio all'uva<br \/>\n9. Ghiaccio all'anguria<br \/>\n10. Menta ai mirtilli<br \/>\n11. Ghiaccio alla fragola<br \/>\n12. Ghiaccio alla pesca succosa<br \/>\n13. Ghiaccio al lampone blu<br \/>\n14. Limone allegro<br \/>\n15. Anguria e fragola<\/p>\n<p>&nbsp;<\/p>\n<h3><strong>Perch\u00e9 scegliere Rmvapesale per il vaporizzatore usa e getta ELFWORLD 22000 Puffs con display a LED<\/strong><strong>?<\/strong><\/h3>\n<div class=\"flex-shrink-0 flex flex-col relative items-end\">\n<div class=\"pt-0\">\n<div class=\"gizmo-bot-avatar flex h-8 w-8 items-center justify-center overflow-hidden rounded-full\">\n<div class=\"relative p-1 rounded-sm flex items-center justify-center bg-token-main-surface-primary text-token-text-primary h-8 w-8\">\n<p>Benvenuto su Rmvapesale, il tuo negozio di fiducia per vaporizzatori usa e getta di alta qualit\u00e0. Con oltre 5 anni di esperienza, ti offriamo marchi popolari di vaporizzatori usa e getta come Al Fakher, <a href=\"https:\/\/rmvapesale.com\/it\/prodotto\/vapme-crystal-7000-puffs-rechargeable-disposable-vape-price\/\">Vapme<\/a>, <a href=\"https:\/\/rmvapesale.com\/it\/categoria-prodotto\/bang-vapes\/\">Bang Vape<\/a>, Waspe, <a href=\"https:\/\/rmvapesale.com\/it\/prodotto\/wga-crystal-pro-max-extra-15k-puffs-disposable-vape-wholesale\/\">WGA<\/a> Vape e<a href=\"https:\/\/rmvapesale.com\/it\/categoria-prodotto\/randm-fumot-vape\/\"> RandM Vape<\/a>.<\/p>\n<p>La nostra gamma comprende vapes di tendenza come il <a href=\"https:\/\/rmvapesale.com\/it\/prodotto\/fumot-digital-box-12000-disposable-vape-pink-lemonade-flavor\/\">RandM 12k<\/a> e opzioni ricche di gusto come l' <a href=\"https:\/\/rmvapesale.com\/it\/prodotto\/wga-crystal-pro-max-extra-15k-puffs-disposable-vape-wholesale\/\">WGA Crystal Pro Max 15K Puffs<\/a>. Ogni prodotto \u00e8 scelto con un focus su qualit\u00e0, valore e variet\u00e0, per assicurarti di trovare la corrispondenza perfetta per le tue esigenze. Scopri un servizio eccezionale e una vasta gamma di prodotti di punta su Rmvapesale.<\/p>\n<\/div>\n<h3><\/h3>\n<div class=\"relative p-1 rounded-sm flex items-center justify-center bg-token-main-surface-primary text-token-text-primary h-8 w-8\">\n<h3><b>Domande frequenti su ELFWORLD 22000 Vape<\/b><\/h3>\n<\/div>\n<p><strong>Posso portare un vaporizzatore usa e getta su un aereo?<\/strong><br \/>\nS\u00ec, le vape usa e getta come la <strong>Elf World AI 22000 Puff<\/strong> sono ammesse sugli aerei, ma solo nel bagaglio a mano a causa delle normative sulle batterie. Assicurati che il dispositivo sia spento e verifica le linee guida della compagnia aerea per eventuali restrizioni sui prodotti di vaping.<\/p>\n<p><strong>La vape usa e getta intelligente Elf World AI 22000 Puff \u00e8 adatta ai principianti?<\/strong><br \/>\nS\u00ec, il <strong>Elf World AI 22000 Puff<\/strong> \u00e8 adatta ai principianti. Presenta un design elegante e intuitivo, flusso d'aria regolabile e un comodo <strong>schermo LED<\/strong> per i livelli di batteria e e-juice, rendendo facile per i principianti monitorare l'utilizzo.<\/p>\n<p><strong>Quali sono le vape usa e getta popolari con schermo?<\/strong><br \/>\nTra le <strong>vape usa e getta pi\u00f9 vendute<\/strong> con schermo, la <strong>Elf World AI 22000 Puff<\/strong> si distingue per le sue funzionalit\u00e0 avanzate, la lunga durata di 22.000 puff e il flusso d'aria regolabile, rendendola una scelta \u09b6\u09c0\u09b0\u09cd\u09b7 per i vapers che cercano un'esperienza high-tech.<\/p>\n<p><strong>Come faccio a sapere se la mia vape usa e getta intelligente Elf World \u00e8 vuota?<\/strong><br \/>\nLa <strong>display a LED<\/strong> sul <strong>Elf World AI 22000 Puff<\/strong> fornisce informazioni in tempo reale sulla durata della batteria e sui livelli di e-juice, quindi puoi facilmente controllare quando la vape si sta esaurendo o \u00e8 vuota.<\/p>\n<p><strong>Quanto dovrebbe durare una vape Elf World AI 22000 Puff?<\/strong><br \/>\nLa <strong>Elf World AI 22000 Puff<\/strong> \u00e8 progettata per durare approssimativamente <strong>22.000 puff<\/strong>, rendendola un'opzione di lunga durata sia per i vapers leggeri che per quelli frequenti. Con un uso moderato, questo dispositivo pu\u00f2 durare settimane, a seconda delle abitudini di utilizzo individuali.<\/p>\n<div class=\"relative p-1 rounded-sm flex items-center justify-center bg-token-main-surface-primary text-token-text-primary h-8 w-8\">\n<p>&nbsp;<\/p>\n<\/div>\n<\/div>\n<\/div>\n<\/div>\n<h3>Informazioni sulla spedizione<\/h3>\n<div class=\"flex-shrink-0 flex flex-col relative items-end\">\n<div>\n<div class=\"pt-0\">\n<div class=\"gizmo-bot-avatar flex h-8 w-8 items-center justify-center overflow-hidden rounded-full\">\n<div><\/div>\n<div class=\"relative p-1 rounded-sm flex items-center justify-center bg-token-main-surface-primary text-token-text-primary h-8 w-8\"><strong>1. Quali metodi di spedizione vengono utilizzati?<\/strong><\/div>\n<\/div>\n<\/div>\n<\/div>\n<\/div>\n<div class=\"group\/conversation-turn relative flex w-full min-w-0 flex-col agent-turn\">\n<div class=\"flex-col gap-1 md:gap-3\">\n<div class=\"flex max-w-full flex-col flex-grow\">\n<div class=\"min-h-[20px] text-message flex w-full flex-col items-end gap-2 whitespace-normal break-words [.text-message+&amp;]:mt-5 overflow-x-auto\" dir=\"auto\" data-message-author-role=\"assistant\" data-message-id=\"22f8283b-3233-46ff-89a5-c7a41b33abda\">\n<div class=\"flex w-full flex-col gap-1 empty:hidden first:pt-[3px]\">\n<div class=\"markdown prose w-full break-words dark:prose-invert light\">\n<p>Collaboriamo con UPS, DHL, FedEx, DPD e altri vettori leader. Selezioneremo il miglior metodo di spedizione in base alla tua posizione di consegna per assicurarti di ricevere i tuoi prodotti il pi\u00f9 rapidamente possibile.<\/p>\n<\/div>\n<p><strong>2. Quanto tempo ci vuole per arrivare?<\/strong><\/p>\n<p>I pacchi spediti in Italia arrivano solitamente entro 12-15 giorni lavorativi. Forniremo aggiornamenti in tempo reale sullo stato della tua spedizione.<\/p>\n<\/div>\n<\/div>\n<\/div>\n<\/div>\n<\/div>\n<p>&nbsp;<\/p>\n<p>Trova altri prodotti da svapo che potrebbero piacerti:<strong><em><a href=\"https:\/\/rmvapesale.com\/it\/shop-2\/\">acquista ora &gt;&gt;&gt;<\/a><\/em><\/strong><\/p>","protected":false},"excerpt":{"rendered":"<p>Elf World AI 22000 Puff Vaporizzatore Usa e Getta con Display a Schermo<br \/>\nVaporizzatore Usa e Getta Ricaricabile da 22000 Puff<br \/>\nELFWORLD AI 22000 Puff Vaporizzatore Usa e Getta All'Ingrosso<\/p>\n<p><img loading=\"lazy\" decoding=\"async\" class=\"size-full wp-image-2375\" src=\"https:\/\/rmvapesale.com\/wp-content\/uploads\/2024\/10\/image.png\" alt=\"Migliore sigaretta elettronica usa e getta\" width=\"229\" height=\"300\" \/><\/p>\n<h3><a href=\"https:\/\/wa.me\/8617776015835\"><span style=\"color: #ff0000\"><strong>WhatsApp: +86 17776015835<\/strong><\/span><\/a><\/h3>\n<p>&nbsp;<\/p>","protected":false},"featured_media":2617,"comment_status":"open","ping_status":"closed","template":"","meta":{"_uag_custom_page_level_css":"","_lmt_disableupdate":"no","_lmt_disable":"","site-sidebar-layout":"default","site-content-layout":"content-boxed-container","ast-site-content-layout":"normal-width-container","site-content-style":"boxed","site-sidebar-style":"unboxed","ast-global-header-display":"","ast-banner-title-visibility":"","ast-main-header-display":"","ast-hfb-above-header-display":"","ast-hfb-below-header-display":"","ast-hfb-mobile-header-display":"","site-post-title":"","ast-breadcrumbs-content":"","ast-featured-img":"","footer-sml-layout":"","ast-disable-related-posts":"","theme-transparent-header-meta":"default","adv-header-id-meta":"","stick-header-meta":"","header-above-stick-meta":"","header-main-stick-meta":"","header-below-stick-meta":"","astra-migrate-meta-layouts":"set","ast-page-background-enabled":"default","ast-page-background-meta":{"desktop":{"background-color":"var(--ast-global-color-4)","background-image":"","background-repeat":"repeat","background-position":"center center","background-size":"auto","background-attachment":"scroll","background-type":"","background-media":"","overlay-type":"","overlay-color":"","overlay-opacity":"","overlay-gradient":""},"tablet":{"background-color":"","background-image":"","background-repeat":"repeat","background-position":"center center","background-size":"auto","background-attachment":"scroll","background-type":"","background-media":"","overlay-type":"","overlay-color":"","overlay-opacity":"","overlay-gradient":""},"mobile":{"background-color":"","background-image":"","background-repeat":"repeat","background-position":"center center","background-size":"auto","background-attachment":"scroll","background-type":"","background-media":"","overlay-type":"","overlay-color":"","overlay-opacity":"","overlay-gradient":""}},"ast-content-background-meta":{"desktop":{"background-color":"var(--ast-global-color-5)","background-image":"","background-repeat":"repeat","background-position":"center center","background-size":"auto","background-attachment":"scroll","background-type":"","background-media":"","overlay-type":"","overlay-color":"","overlay-opacity":"","overlay-gradient":""},"tablet":{"background-color":"var(--ast-global-color-5)","background-image":"","background-repeat":"repeat","background-position":"center center","background-size":"auto","background-attachment":"scroll","background-type":"","background-media":"","overlay-type":"","overlay-color":"","overlay-opacity":"","overlay-gradient":""},"mobile":{"background-color":"var(--ast-global-color-5)","background-image":"","background-repeat":"repeat","background-position":"center center","background-size":"auto","background-attachment":"scroll","background-type":"","background-media":"","overlay-type":"","overlay-color":"","overlay-opacity":"","overlay-gradient":""}},"_joinchat":[]},"product_brand":[],"product_cat":[15,27,25,195,123,30,26,28,137,136,135],"product_tag":[146,188,167,198,165,85,191,120],"class_list":{"0":"post-2609","1":"product","2":"type-product","3":"status-publish","4":"has-post-thumbnail","6":"product_cat-new-vape-this-week","7":"product_cat-fance-hot-sale-vape","8":"product_cat-germany-best-selling-vape","9":"product_cat-germany-warehouse","10":"product_cat-italy-wholesale-vape","11":"product_cat-minimum-order-quantity-50pcs","12":"product_cat-netherlands-hot-sale-vape","13":"product_cat-poland-hot-sale-vape","14":"product_cat-rechargeable-vapes","15":"product_cat-smart-screen-vapes","16":"product_cat-spain-best-hot-sale-vape","17":"product_tag-best-hot-sale-vape","18":"product_tag-buy-vapes-online","19":"product_tag-disposable-vape-with-screen","20":"product_tag-elfworld-vape","21":"product_tag-rechargeable-vapes","22":"product_tag-smart-disposable-vape","23":"product_tag-vape-box","24":"product_tag-vape-wholesale","25":"desktop-align-left","26":"tablet-align-left","27":"mobile-align-left","29":"first","30":"instock","31":"sale","32":"shipping-taxable","33":"purchasable","34":"product-type-simple"},"uagb_featured_image_src":{"full":["https:\/\/rmvapesale.com\/wp-content\/uploads\/2024\/10\/ELFWORLD-AI-22000-Puffs-Disposable-Vape.png",800,800,false],"thumbnail":["https:\/\/rmvapesale.com\/wp-content\/uploads\/2024\/10\/ELFWORLD-AI-22000-Puffs-Disposable-Vape-150x150.png",150,150,true],"medium":["https:\/\/rmvapesale.com\/wp-content\/uploads\/2024\/10\/ELFWORLD-AI-22000-Puffs-Disposable-Vape-300x300.png",300,300,true],"medium_large":["https:\/\/rmvapesale.com\/wp-content\/uploads\/2024\/10\/ELFWORLD-AI-22000-Puffs-Disposable-Vape-768x768.png",768,768,true],"large":["https:\/\/rmvapesale.com\/wp-content\/uploads\/2024\/10\/ELFWORLD-AI-22000-Puffs-Disposable-Vape.png",800,800,false],"1536x1536":["https:\/\/rmvapesale.com\/wp-content\/uploads\/2024\/10\/ELFWORLD-AI-22000-Puffs-Disposable-Vape.png",800,800,false],"2048x2048":["https:\/\/rmvapesale.com\/wp-content\/uploads\/2024\/10\/ELFWORLD-AI-22000-Puffs-Disposable-Vape.png",800,800,false],"trp-custom-language-flag":["https:\/\/rmvapesale.com\/wp-content\/uploads\/2024\/10\/ELFWORLD-AI-22000-Puffs-Disposable-Vape.png",12,12,false],"woocommerce_thumbnail":["https:\/\/rmvapesale.com\/wp-content\/uploads\/2024\/10\/ELFWORLD-AI-22000-Puffs-Disposable-Vape-300x300.png",300,300,true],"woocommerce_single":["https:\/\/rmvapesale.com\/wp-content\/uploads\/2024\/10\/ELFWORLD-AI-22000-Puffs-Disposable-Vape-600x600.png",600,600,true],"woocommerce_gallery_thumbnail":["https:\/\/rmvapesale.com\/wp-content\/uploads\/2024\/10\/ELFWORLD-AI-22000-Puffs-Disposable-Vape-100x100.png",100,100,true],"wcpr-photo-reviews":["https:\/\/rmvapesale.com\/wp-content\/uploads\/2024\/10\/ELFWORLD-AI-22000-Puffs-Disposable-Vape.png",500,500,false]},"uagb_author_info":{"display_name":"AMY","author_link":"https:\/\/rmvapesale.com\/it\/author\/"},"uagb_comment_info":0,"uagb_excerpt":"Elf World AI 22000 Puffs Screen Display Disposable Vape Vape 22000 Puff Rechargeable Disposable E-Cigarette ELFWORLD AI 22000 Puffs Disposable Vape Wholesale WhatsApp: +86 17776015835 &nbsp;","_links":{"self":[{"href":"https:\/\/rmvapesale.com\/it\/wp-json\/wp\/v2\/product\/2609","targetHints":{"allow":["GET"]}}],"collection":[{"href":"https:\/\/rmvapesale.com\/it\/wp-json\/wp\/v2\/product"}],"about":[{"href":"https:\/\/rmvapesale.com\/it\/wp-json\/wp\/v2\/types\/product"}],"replies":[{"embeddable":true,"href":"https:\/\/rmvapesale.com\/it\/wp-json\/wp\/v2\/comments?post=2609"}],"wp:featuredmedia":[{"embeddable":true,"href":"https:\/\/rmvapesale.com\/it\/wp-json\/wp\/v2\/media\/2617"}],"wp:attachment":[{"href":"https:\/\/rmvapesale.com\/it\/wp-json\/wp\/v2\/media?parent=2609"}],"wp:term":[{"taxonomy":"product_brand","embeddable":true,"href":"https:\/\/rmvapesale.com\/it\/wp-json\/wp\/v2\/product_brand?post=2609"},{"taxonomy":"product_cat","embeddable":true,"href":"https:\/\/rmvapesale.com\/it\/wp-json\/wp\/v2\/product_cat?post=2609"},{"taxonomy":"product_tag","embeddable":true,"href":"https:\/\/rmvapesale.com\/it\/wp-json\/wp\/v2\/product_tag?post=2609"}],"curies":[{"name":"wp","href":"https:\/\/api.w.org\/{rel}","templated":true}]}}