{"id":2620,"date":"2024-10-31T02:49:55","date_gmt":"2024-10-31T02:49:55","guid":{"rendered":"https:\/\/rmvapesale.com\/?post_type=product&#038;p=2620"},"modified":"2024-10-31T07:50:14","modified_gmt":"2024-10-31T07:50:14","slug":"bang-box-vape-tornado-40000-puff-2-5-low-nicotine","status":"publish","type":"product","link":"https:\/\/rmvapesale.com\/it\/prodotto\/bang-box-vape-tornado-40000-puff-2-5-low-nicotine\/","title":{"rendered":"Bang Box sigaretta elettronica Tornado 40000 Puff 2% 5% Bassa nicotina"},"content":{"rendered":"<div class=\"B2VR9 CJHX3e\">\n<div class=\"wyccme\">\n<h1 class=\"LC20lb MBeuO DKV0Md\">Bang Box sigaretta elettronica Tornado 40000 Puff 2% 5% Bassa nicotina<\/h1>\n<div class=\"flex-shrink-0 flex flex-col relative items-end\">\n<div class=\"pt-0\">\n<div class=\"gizmo-bot-avatar flex h-8 w-8 items-center justify-center overflow-hidden rounded-full\">\n<div class=\"relative p-1 rounded-sm flex items-center justify-center bg-token-main-surface-primary text-token-text-primary h-8 w-8\">\n<p>La <strong>Bang Box Vape Tornado 40000 Puff<\/strong> \u00e8 un dispositivo di alta qualit\u00e0 e grande capacit\u00e0 <strong>sigaretta elettronica monouso<\/strong> progettato per chi cerca lunga durata, prestazioni potenti e un'eccezionale variet\u00e0 di sapori. Offrendo un'incredibile <strong>40.000 puff<\/strong>, questa <strong>sigaretta elettronica usa e getta bang<\/strong> offre un'esperienza di svapo soddisfacente a ogni inalazione, grazie alla sua <strong>capacit\u00e0 di 40 ml di e-liquid<\/strong> e alle doppie opzioni di nicotina del <strong>2% e 5%<\/strong>.<\/p>\n<p>Realizzato per soddisfare le esigenze dei vapers che amano un prodotto affidabile, <strong>vaporizzatore usa e getta ricaricabile<\/strong>, la <strong>Bang Tornado 40000<\/strong> viene fornito con un <strong>850 mAh<\/strong> e un <strong>porta di ricarica Type-C<\/strong> per ricariche rapide e convenienti in movimento. Lo <strong>schermo digitale<\/strong> tiene gli utenti aggiornati sui livelli di batteria e di e-juice, cos\u00ec non sarai mai colto alla sprovvista. Ogni <strong>Bang Box<\/strong> include 10 dispositivi confezionati singolarmente, il che lo rende un'opzione eccellente sia per uso personale che per ordini all'ingrosso.<\/p>\n<\/div>\n<p>La <strong>Bang Originale<\/strong> La serie Tornado stabilisce un nuovo standard per le sigarette elettroniche usa e getta ad alto puff, <strong>basso contenuto di nicotina<\/strong> ideali per chi apprezza un dispositivo ultra-resistente con un'eccezionale qualit\u00e0 del sapore. La sua <strong>batteria ricaricabile<\/strong> e <strong>schermo digitale<\/strong> la rendono una scelta eccellente nel mercato delle <strong>sigarette elettroniche usa e getta Bang<\/strong> offrendo un'esperienza premium, facile da usare ed efficiente.<\/p>\n<p>Sia che tu stia cercando <strong>opzioni di sigarette elettroniche Bang bar<\/strong> all'ingrosso, cercando una <strong>sigaretta elettronica Bang box<\/strong> con molti puff da rifornire nel tuo negozio di sigarette elettroniche, o semplicemente desideri una <strong>Bang Box<\/strong> costruita per durare, la <strong>Bang vape 40000 Puff<\/strong> \u00e8 progettata per soddisfare ogni esigenza di svapo.<\/p>\n<p>&nbsp;<\/p>\n<\/div>\n<\/div>\n<\/div>\n<\/div>\n<\/div>\n<p><strong>Contatta Amy per ottenere la risposta giusta e un coupon per lo svapo!<\/strong><\/p>\n<p><img loading=\"lazy\" decoding=\"async\" class=\"size-full wp-image-1978\" src=\"https:\/\/rmvapesale.com\/wp-content\/uploads\/2024\/09\/Disposable-Vape-Wholesale.jpg\" alt=\"Vaporizzatore Usa e Getta Ingrosso\" width=\"229\" height=\"300\" \/><\/p>\n<h3><a href=\"https:\/\/wa.me\/8617776015835\" target=\"_blank\" rel=\"noopener\"><span style=\"color: #ff0000\"><strong>WhatsApp: +86 17776015835<\/strong><\/span><\/a><\/h3>\n<p>&nbsp;<\/p>\n<h2><\/h2>\n<h2><strong>Bang Box Vape Tornado 40000 <\/strong><strong>Caratteristiche Principali<\/strong><\/h2>\n<p>Marca: Bang Vape<br \/>\nPuff: 40000<br \/>\nE-liquid: 40ml<br \/>\nNicotina: 5%<br \/>\nBatteria: 850mAh<br \/>\nRicaricabile di tipo C<br \/>\nDisplay: Schermo di visualizzazione digitale<\/p>\n<h2><strong>Gusto migliore per <\/strong><strong>Vape Tornado Ricaricabile Bang Box 40000<\/strong><\/h2>\n<p>La <strong>Vape Tornado Bang Box<\/strong> \u00e8 disponibile in 12 fantastici gusti per soddisfare un'ampia gamma di preferenze, dal rinfrescante <strong>Pesca Ghiacciata<\/strong> e dolce <strong>Triple Berry<\/strong> all'esotico <strong>Love66<\/strong> e aspro <strong>Blueberry Lemon<\/strong>. Altre opzioni popolari includono:<\/p>\n<p>1.Pesca ghiacciata<br \/>\n2.Amore66 <span style=\"color: #ff0000\"><strong>&gt;&gt;&gt;&gt; Caldo!<\/strong><\/span><br \/>\n3.Frutti di bosco tripli<br \/>\n4.Mirtillo limone<br \/>\n5.Bevanda energetica<br \/>\n6.Doppia mela<br \/>\n7.Mango pesca<br \/>\n8.Mirtillo uva<br \/>\n9.Fragola anguria <span style=\"color: #ff0000\"><strong>&gt;&gt;&gt;&gt; Migliore!<\/strong><\/span><br \/>\n10.Fragola kiwi<br \/>\n11.Mirtillo lampone <span style=\"color: #ff0000\"><strong>&gt;&gt;&gt;&gt; Caldo!<\/strong><\/span><br \/>\n12.Anguria<\/p>\n<figure id=\"attachment_2623\" aria-describedby=\"caption-attachment-2623\" style=\"width: 620px\" class=\"wp-caption alignnone\"><img loading=\"lazy\" decoding=\"async\" class=\"wp-image-2623 size-large\" src=\"https:\/\/rmvapesale.com\/wp-content\/uploads\/2024\/10\/Bang-Box-Vape-40000-Flavor-620x1024.jpg\" alt=\"Gusto Bang Box Vape 40000\" width=\"620\" height=\"1024\" srcset=\"https:\/\/rmvapesale.com\/wp-content\/uploads\/2024\/10\/Bang-Box-Vape-40000-Flavor-620x1024.jpg 620w, https:\/\/rmvapesale.com\/wp-content\/uploads\/2024\/10\/Bang-Box-Vape-40000-Flavor-182x300.jpg 182w, https:\/\/rmvapesale.com\/wp-content\/uploads\/2024\/10\/Bang-Box-Vape-40000-Flavor-768x1268.jpg 768w, https:\/\/rmvapesale.com\/wp-content\/uploads\/2024\/10\/Bang-Box-Vape-40000-Flavor-600x991.jpg 600w, https:\/\/rmvapesale.com\/wp-content\/uploads\/2024\/10\/Bang-Box-Vape-40000-Flavor.jpg 800w\" sizes=\"auto, (max-width: 620px) 100vw, 620px\" \/><figcaption id=\"caption-attachment-2623\" class=\"wp-caption-text\">Gusto Bang Box Vape 40000<\/figcaption><\/figure>\n<h3><strong>Perch\u00e9 scegliere Rmvapesale per la sigaretta elettronica usa e getta Bang 40000 Puffs<\/strong><strong>?<\/strong><\/h3>\n<div class=\"flex-shrink-0 flex flex-col relative items-end\">\n<div class=\"pt-0\">\n<div class=\"gizmo-bot-avatar flex h-8 w-8 items-center justify-center overflow-hidden rounded-full\">\n<div class=\"relative p-1 rounded-sm flex items-center justify-center bg-token-main-surface-primary text-token-text-primary h-8 w-8\">\n<p>Benvenuto su Rmvapesale, il tuo negozio di fiducia per vaporizzatori usa e getta di alta qualit\u00e0. Con oltre 5 anni di esperienza, ti offriamo marchi popolari di vaporizzatori usa e getta come Al Fakher, <a href=\"https:\/\/rmvapesale.com\/it\/prodotto\/vapme-crystal-7000-puffs-rechargeable-disposable-vape-price\/\">Vapme<\/a>, <a href=\"https:\/\/rmvapesale.com\/it\/categoria-prodotto\/bang-vapes\/\">Bang Vape<\/a>, Waspe, <a href=\"https:\/\/rmvapesale.com\/it\/prodotto\/wga-crystal-pro-max-extra-15k-puffs-disposable-vape-wholesale\/\">WGA<\/a> Vape e<a href=\"https:\/\/rmvapesale.com\/it\/categoria-prodotto\/randm-fumot-vape\/\"> RandM Vape<\/a>.<\/p>\n<p>La nostra gamma comprende vapes di tendenza come il <a href=\"https:\/\/rmvapesale.com\/it\/prodotto\/smart-disposable-vape-elfworld-ai-22000-puffs-led-display\/\">ELFWORLD AI 22000 Tiri<\/a> e opzioni ricche di gusto come l' <a href=\"https:\/\/rmvapesale.com\/it\/prodotto\/randm-tornado-25000-puffs-disposable-vape-wholesale\/\">RandM 25000 Tiri<\/a>. Ogni prodotto \u00e8 scelto con un focus su qualit\u00e0, valore e variet\u00e0, per assicurarti di trovare la corrispondenza perfetta per le tue esigenze. Scopri un servizio eccezionale e una vasta gamma di prodotti di punta su Rmvapesale.<\/p>\n<\/div>\n<h3><\/h3>\n<div class=\"relative p-1 rounded-sm flex items-center justify-center bg-token-main-surface-primary text-token-text-primary h-8 w-8\">\n<h3><b>FAQ sigaretta elettronica Bang Box 40000 Tiri<\/b><\/h3>\n<\/div>\n<p><strong>1. Come faccio a sapere quando la mia sigaretta elettronica usa e getta \u00e8 scarica?<\/strong><br \/>\nCon il <strong>Bang Box Vape Tornado 40000 Puff<\/strong>, la <strong>schermo digitale<\/strong> mostra sia la durata della batteria che i livelli di e-liquid. Quando l'indicatore dell'e-liquid mostra 'vuoto' o non senti pi\u00f9 sapore o vapore a piena carica, \u00e8 il momento di smaltire la sigaretta elettronica.<\/p>\n<p><strong>2. Quanto tempo ci vuole per caricare una sigaretta elettronica Bang Box Vape 40000?<\/strong><br \/>\nLa <strong>Bang Box Vape Tornado 40000<\/strong> \u00e8 dotata di una <strong>porta di ricarica Type-C<\/strong> e un <strong>850 mAh<\/strong>. Di solito ci vogliono circa 1-1,5 ore per una ricarica completa, assicurando che il dispositivo sia pronto per un uso prolungato.<\/p>\n<p><strong>3. Quanta nicotina c'\u00e8 in una sigaretta elettronica Bang Vape Tornado 40000?<\/strong><br \/>\nLa <strong>Bang Vape Tornado 40000 Puff<\/strong> offre <strong>due opzioni di gradazione di nicotina<\/strong>: 2% (20mg) e 5% (50mg) di nicotina salificata, adatte sia per utenti con preferenze di nicotina moderate che per quelli con preferenze pi\u00f9 elevate.<\/p>\n<p><strong>4. Come acquistare sigarette elettroniche Bang all'ingrosso?<\/strong><br \/>\nLa <strong>Bang Box Vape Tornado 40000 Puff<\/strong> \u00e8 confezionato in <strong>scatole da 10 unit\u00e0<\/strong> ciascuna, rendendolo ideale per acquisti all'ingrosso. Molti rivenditori e negozi online <strong>negozi di vaporizzatori<\/strong> offrono opzioni all'ingrosso, permettendoti di fare scorta di <strong>sigarette elettroniche bang<\/strong> in grandi quantit\u00e0. Contattare i <strong>sigaretta elettronica usa e getta bang<\/strong> distributori autorizzati o visitare un affidabile <strong>negozio di svapo<\/strong> \u00e8 spesso il modo migliore per acquistare in grandi quantit\u00e0.<\/p>\n<p><strong>5. Posso portare una sigaretta elettronica usa e getta in aereo?<\/strong><br \/>\nS\u00ec, puoi portare sigarette elettroniche usa e getta come la <strong>Bang Box Vape Tornado 40000<\/strong> su un aereo, ma tienila nel tuo <strong>bagaglio a mano<\/strong> poich\u00e9 si applicano restrizioni sui bagagli registrati per le batterie al litio. Assicurati di controllare le politiche specifiche della compagnia aerea ed evita di usare o caricare la sigaretta elettronica mentre sei in aereo.<\/p>\n<\/div>\n<\/div>\n<\/div>\n<h3>Informazioni sulla spedizione<\/h3>\n<div class=\"flex-shrink-0 flex flex-col relative items-end\">\n<div>\n<div class=\"pt-0\">\n<div class=\"gizmo-bot-avatar flex h-8 w-8 items-center justify-center overflow-hidden rounded-full\">\n<div><\/div>\n<div class=\"relative p-1 rounded-sm flex items-center justify-center bg-token-main-surface-primary text-token-text-primary h-8 w-8\"><strong>1. Quali metodi di spedizione vengono utilizzati?<\/strong><\/div>\n<\/div>\n<\/div>\n<\/div>\n<\/div>\n<div class=\"group\/conversation-turn relative flex w-full min-w-0 flex-col agent-turn\">\n<div class=\"flex-col gap-1 md:gap-3\">\n<div class=\"flex max-w-full flex-col flex-grow\">\n<div class=\"min-h-[20px] text-message flex w-full flex-col items-end gap-2 whitespace-normal break-words [.text-message+&amp;]:mt-5 overflow-x-auto\" dir=\"auto\" data-message-author-role=\"assistant\" data-message-id=\"22f8283b-3233-46ff-89a5-c7a41b33abda\">\n<div class=\"flex w-full flex-col gap-1 empty:hidden first:pt-[3px]\">\n<div class=\"markdown prose w-full break-words dark:prose-invert light\">\n<p>Collaboriamo con UPS, DHL, FedEx, DPD e altri vettori leader. Selezioneremo il miglior metodo di spedizione in base alla tua posizione di consegna per assicurarti di ricevere i tuoi prodotti il pi\u00f9 rapidamente possibile.<\/p>\n<\/div>\n<p><strong>2. Quanto tempo ci vuole per arrivare?<\/strong><\/p>\n<p>I pacchi spediti in Italia arrivano solitamente entro 12-15 giorni lavorativi. Forniremo aggiornamenti in tempo reale sullo stato della tua spedizione.<\/p>\n<\/div>\n<\/div>\n<\/div>\n<\/div>\n<\/div>\n<p>&nbsp;<\/p>\n<p>Trova altri prodotti da svapo che potrebbero piacerti:<strong><em><a href=\"https:\/\/rmvapesale.com\/it\/shop-2\/\">acquista ora &gt;&gt;&gt;<\/a><\/em><\/strong><\/p>","protected":false},"excerpt":{"rendered":"<p>Vendita all'ingrosso di sigarette elettroniche Bang Vape Tornado 40000 Puffs<br \/>\nBang Vape Tornado 40000 Puffs Gusto Love66<br \/>\nAcquista sigaretta elettronica usa e getta Bang online a un prezzo economico<\/p>\n<p><img loading=\"lazy\" decoding=\"async\" class=\"size-full wp-image-2375\" src=\"https:\/\/rmvapesale.com\/wp-content\/uploads\/2024\/10\/image.png\" alt=\"Migliore sigaretta elettronica usa e getta\" width=\"229\" height=\"300\" \/><\/p>\n<h3><a href=\"https:\/\/wa.me\/8617776015835\"><span style=\"color: #ff0000\"><strong>WhatsApp: +86 17776015835<\/strong><\/span><\/a><\/h3>\n<p>&nbsp;<\/p>","protected":false},"featured_media":2621,"comment_status":"open","ping_status":"closed","template":"","meta":{"_uag_custom_page_level_css":"","_lmt_disableupdate":"no","_lmt_disable":"","site-sidebar-layout":"default","site-content-layout":"content-boxed-container","ast-site-content-layout":"normal-width-container","site-content-style":"boxed","site-sidebar-style":"unboxed","ast-global-header-display":"","ast-banner-title-visibility":"","ast-main-header-display":"","ast-hfb-above-header-display":"","ast-hfb-below-header-display":"","ast-hfb-mobile-header-display":"","site-post-title":"","ast-breadcrumbs-content":"","ast-featured-img":"","footer-sml-layout":"","ast-disable-related-posts":"","theme-transparent-header-meta":"default","adv-header-id-meta":"","stick-header-meta":"","header-above-stick-meta":"","header-main-stick-meta":"","header-below-stick-meta":"","astra-migrate-meta-layouts":"set","ast-page-background-enabled":"default","ast-page-background-meta":{"desktop":{"background-color":"var(--ast-global-color-4)","background-image":"","background-repeat":"repeat","background-position":"center center","background-size":"auto","background-attachment":"scroll","background-type":"","background-media":"","overlay-type":"","overlay-color":"","overlay-opacity":"","overlay-gradient":""},"tablet":{"background-color":"","background-image":"","background-repeat":"repeat","background-position":"center center","background-size":"auto","background-attachment":"scroll","background-type":"","background-media":"","overlay-type":"","overlay-color":"","overlay-opacity":"","overlay-gradient":""},"mobile":{"background-color":"","background-image":"","background-repeat":"repeat","background-position":"center center","background-size":"auto","background-attachment":"scroll","background-type":"","background-media":"","overlay-type":"","overlay-color":"","overlay-opacity":"","overlay-gradient":""}},"ast-content-background-meta":{"desktop":{"background-color":"var(--ast-global-color-5)","background-image":"","background-repeat":"repeat","background-position":"center center","background-size":"auto","background-attachment":"scroll","background-type":"","background-media":"","overlay-type":"","overlay-color":"","overlay-opacity":"","overlay-gradient":""},"tablet":{"background-color":"var(--ast-global-color-5)","background-image":"","background-repeat":"repeat","background-position":"center center","background-size":"auto","background-attachment":"scroll","background-type":"","background-media":"","overlay-type":"","overlay-color":"","overlay-opacity":"","overlay-gradient":""},"mobile":{"background-color":"var(--ast-global-color-5)","background-image":"","background-repeat":"repeat","background-position":"center center","background-size":"auto","background-attachment":"scroll","background-type":"","background-media":"","overlay-type":"","overlay-color":"","overlay-opacity":"","overlay-gradient":""}},"_joinchat":[]},"product_brand":[],"product_cat":[15,60,27,25,123,30,26,28,137,136,135],"product_tag":[187,146,188,167,165,85,191,120],"class_list":{"0":"post-2620","1":"product","2":"type-product","3":"status-publish","4":"has-post-thumbnail","6":"product_cat-new-vape-this-week","7":"product_cat-bang-vapes","8":"product_cat-fance-hot-sale-vape","9":"product_cat-germany-best-selling-vape","10":"product_cat-italy-wholesale-vape","11":"product_cat-minimum-order-quantity-50pcs","12":"product_cat-netherlands-hot-sale-vape","13":"product_cat-poland-hot-sale-vape","14":"product_cat-rechargeable-vapes","15":"product_cat-smart-screen-vapes","16":"product_cat-spain-best-hot-sale-vape","17":"product_tag-bang-box-vape","18":"product_tag-best-hot-sale-vape","19":"product_tag-buy-vapes-online","20":"product_tag-disposable-vape-with-screen","21":"product_tag-rechargeable-vapes","22":"product_tag-smart-disposable-vape","23":"product_tag-vape-box","24":"product_tag-vape-wholesale","25":"desktop-align-left","26":"tablet-align-left","27":"mobile-align-left","29":"first","30":"instock","31":"sale","32":"shipping-taxable","33":"purchasable","34":"product-type-simple"},"uagb_featured_image_src":{"full":["https:\/\/rmvapesale.com\/wp-content\/uploads\/2024\/10\/Bang-Bars-40000-Vape-Wholesale.jpg",800,800,false],"thumbnail":["https:\/\/rmvapesale.com\/wp-content\/uploads\/2024\/10\/Bang-Bars-40000-Vape-Wholesale-150x150.jpg",150,150,true],"medium":["https:\/\/rmvapesale.com\/wp-content\/uploads\/2024\/10\/Bang-Bars-40000-Vape-Wholesale-300x300.jpg",300,300,true],"medium_large":["https:\/\/rmvapesale.com\/wp-content\/uploads\/2024\/10\/Bang-Bars-40000-Vape-Wholesale-768x768.jpg",768,768,true],"large":["https:\/\/rmvapesale.com\/wp-content\/uploads\/2024\/10\/Bang-Bars-40000-Vape-Wholesale.jpg",800,800,false],"1536x1536":["https:\/\/rmvapesale.com\/wp-content\/uploads\/2024\/10\/Bang-Bars-40000-Vape-Wholesale.jpg",800,800,false],"2048x2048":["https:\/\/rmvapesale.com\/wp-content\/uploads\/2024\/10\/Bang-Bars-40000-Vape-Wholesale.jpg",800,800,false],"trp-custom-language-flag":["https:\/\/rmvapesale.com\/wp-content\/uploads\/2024\/10\/Bang-Bars-40000-Vape-Wholesale.jpg",12,12,false],"woocommerce_thumbnail":["https:\/\/rmvapesale.com\/wp-content\/uploads\/2024\/10\/Bang-Bars-40000-Vape-Wholesale-300x300.jpg",300,300,true],"woocommerce_single":["https:\/\/rmvapesale.com\/wp-content\/uploads\/2024\/10\/Bang-Bars-40000-Vape-Wholesale-600x600.jpg",600,600,true],"woocommerce_gallery_thumbnail":["https:\/\/rmvapesale.com\/wp-content\/uploads\/2024\/10\/Bang-Bars-40000-Vape-Wholesale-100x100.jpg",100,100,true],"wcpr-photo-reviews":["https:\/\/rmvapesale.com\/wp-content\/uploads\/2024\/10\/Bang-Bars-40000-Vape-Wholesale.jpg",500,500,false]},"uagb_author_info":{"display_name":"AMY","author_link":"https:\/\/rmvapesale.com\/it\/author\/"},"uagb_comment_info":0,"uagb_excerpt":"Bang Vape Tornado 40000 Puffs Wholesale Bang Vape Tornado 40000 Puffs Love66 Flavor Buy Bang Disposable Vape on Line Cheap Price WhatsApp: +86 17776015835 &nbsp;","_links":{"self":[{"href":"https:\/\/rmvapesale.com\/it\/wp-json\/wp\/v2\/product\/2620","targetHints":{"allow":["GET"]}}],"collection":[{"href":"https:\/\/rmvapesale.com\/it\/wp-json\/wp\/v2\/product"}],"about":[{"href":"https:\/\/rmvapesale.com\/it\/wp-json\/wp\/v2\/types\/product"}],"replies":[{"embeddable":true,"href":"https:\/\/rmvapesale.com\/it\/wp-json\/wp\/v2\/comments?post=2620"}],"wp:featuredmedia":[{"embeddable":true,"href":"https:\/\/rmvapesale.com\/it\/wp-json\/wp\/v2\/media\/2621"}],"wp:attachment":[{"href":"https:\/\/rmvapesale.com\/it\/wp-json\/wp\/v2\/media?parent=2620"}],"wp:term":[{"taxonomy":"product_brand","embeddable":true,"href":"https:\/\/rmvapesale.com\/it\/wp-json\/wp\/v2\/product_brand?post=2620"},{"taxonomy":"product_cat","embeddable":true,"href":"https:\/\/rmvapesale.com\/it\/wp-json\/wp\/v2\/product_cat?post=2620"},{"taxonomy":"product_tag","embeddable":true,"href":"https:\/\/rmvapesale.com\/it\/wp-json\/wp\/v2\/product_tag?post=2620"}],"curies":[{"name":"wp","href":"https:\/\/api.w.org\/{rel}","templated":true}]}}