{"id":2644,"date":"2024-11-01T03:33:21","date_gmt":"2024-11-01T03:33:21","guid":{"rendered":"https:\/\/rmvapesale.com\/?post_type=product&#038;p=2644"},"modified":"2024-11-01T07:28:51","modified_gmt":"2024-11-01T07:28:51","slug":"puff-vape-cold-mountain-alps-30000-shisha-hookah-bar-wholesale","status":"publish","type":"product","link":"https:\/\/rmvapesale.com\/it\/prodotto\/puff-vape-cold-mountain-alps-30000-shisha-hookah-bar-wholesale\/","title":{"rendered":"Puff Vape Cold Mountain ALPS 30000 Shisha Hookah Bar Ingrosso"},"content":{"rendered":"<div class=\"B2VR9 CJHX3e\">\n<div class=\"wyccme\">\n<h1 class=\"LC20lb MBeuO DKV0Md\">Puff Vape Cold Mountain ALPS 30000 Shisha Hookah Bar Prezzo all'ingrosso<\/h1>\n<div class=\"flex-shrink-0 flex flex-col relative items-end\">\n<div class=\"pt-0\">\n<div class=\"gizmo-bot-avatar flex h-8 w-8 items-center justify-center overflow-hidden rounded-full\">\n<div class=\"relative p-1 rounded-sm flex items-center justify-center bg-token-main-surface-primary text-token-text-primary h-8 w-8\">\n<p>La <strong>Puff Vape Cold Mountain ALPS Shisha Hookah Bar\u00a0<\/strong>\u00e8 un dispositivo premium che offre un'esperienza di svapo straordinaria, ideale per chi apprezza la longevit\u00e0 e le prestazioni. Con un incredibile <strong>30.000 tiri<\/strong>, questa <strong>sigaretta elettronica monouso<\/strong> \u00e8 costruito per durare e fornire una soddisfazione costante.<\/p>\n<p>La <strong>Cold Mountain ALPS<\/strong> \u00e8 l'ultima innovazione nella sigaretta elettronica usa e getta, offrendo una soluzione pi\u00f9 efficiente ed economica rispetto ad altri dispositivi, facendoti risparmiare <strong>10-20%<\/strong> nell'uso complessivo. Inoltre, il <strong>Lo schermo a LED<\/strong> elimina le incertezze dello svapo, mostrando chiaramente lo stato della batteria e del liquido in tempo reale. Dotato di una <strong>coil a maglia da 0,5 ohm<\/strong>, il Cold Mountain ALPS <strong>narghil\u00e8 shisha <\/strong>migliora il sapore ad ogni tiro, offrendo un vapore liscio e ricco. La sua impressionante <strong>capacit\u00e0 di e-liquido di 35ml<\/strong> riduce la necessit\u00e0 di sostituzioni frequenti, perfetto per un uso prolungato. Scegli tra basse gradazioni di nicotina<strong> 2%<\/strong>, su misura per le tue preferenze personali.<\/p>\n<p>Questo <strong>vape narghil\u00e8<\/strong> Il dispositivo \u00e8 dotato di una affidabile <strong>batteria ricaricabile da 850mAh<\/strong>, garantendo prestazioni potenti per tutta la sua durata. La tecnologia <strong>ricarica di tipo C<\/strong> fornisce una ricarica rapida ed efficiente, minimizzando i tempi di inattivit\u00e0 e mantenendo il tuo vape pronto per l'uso. Per una maggiore comodit\u00e0, il vape \u00e8 dotato di un sofisticato <strong>display digitale LCD<\/strong> che mostra la durata residua della batteria e i livelli di e-liquid, rendendo semplice rimanere informati.<\/p>\n<p>Scopri una lussuosa e completamente regolabile <strong>bar shisha<\/strong> esperienza con il <strong>Vape usa e getta Cold Mountain ALPS<\/strong>. Eleva il tuo livello di svapo con <strong>vape all'ingrosso<\/strong>, disponibile per l'acquisto all'ingrosso a un prezzo competitivo. Trova questo e altro presso il tuo fidato <strong>svapo<\/strong> fornitore, dove qualit\u00e0 e prestazioni incontrano la convenienza.<\/p>\n<\/div>\n<\/div>\n<\/div>\n<\/div>\n<\/div>\n<\/div>\n<p><strong>Contatta Amy per ottenere la risposta giusta e un coupon per lo svapo!<\/strong><\/p>\n<p><img loading=\"lazy\" decoding=\"async\" class=\"size-full wp-image-1978\" src=\"https:\/\/rmvapesale.com\/wp-content\/uploads\/2024\/09\/Disposable-Vape-Wholesale.jpg\" alt=\"Vaporizzatore Usa e Getta Ingrosso\" width=\"229\" height=\"300\" \/><\/p>\n<h3><a href=\"https:\/\/wa.me\/8617776015835\" target=\"_blank\" rel=\"noopener\"><span style=\"color: #ff0000\"><strong>WhatsApp: +86 17776015835<\/strong><\/span><\/a><\/h3>\n<p>&nbsp;<\/p>\n<h2><\/h2>\n<h2><strong>Vape usa e getta Cold Mountain ALPS 30000 <\/strong><strong>Caratteristiche Principali<\/strong><\/h2>\n<p>Tipo: Vape ricaricabile<br \/>\nE-juice: 35ml<br \/>\nResistenza: 0,5\u03a9<br \/>\nPuffs: 30000puffs<br \/>\nBobina a rete: Grande fumo<br \/>\nNicotina ai sali: 2%<br \/>\nRicarica inferiore Type-C<br \/>\nSchermo di visualizzazione<\/p>\n<figure id=\"attachment_2643\" aria-describedby=\"caption-attachment-2643\" style=\"width: 800px\" class=\"wp-caption alignnone\"><img loading=\"lazy\" decoding=\"async\" class=\"wp-image-2643 size-full\" src=\"https:\/\/rmvapesale.com\/wp-content\/uploads\/2024\/11\/Wholesale-COLD-MOUNTAIN-ALPS-30000-Disposable-Vape.jpg\" alt=\"Vape monouso all&#039;ingrosso COLD MOUNTAIN ALPS 30000\" width=\"800\" height=\"800\" srcset=\"https:\/\/rmvapesale.com\/wp-content\/uploads\/2024\/11\/Wholesale-COLD-MOUNTAIN-ALPS-30000-Disposable-Vape.jpg 800w, https:\/\/rmvapesale.com\/wp-content\/uploads\/2024\/11\/Wholesale-COLD-MOUNTAIN-ALPS-30000-Disposable-Vape-300x300.jpg 300w, https:\/\/rmvapesale.com\/wp-content\/uploads\/2024\/11\/Wholesale-COLD-MOUNTAIN-ALPS-30000-Disposable-Vape-150x150.jpg 150w, https:\/\/rmvapesale.com\/wp-content\/uploads\/2024\/11\/Wholesale-COLD-MOUNTAIN-ALPS-30000-Disposable-Vape-768x768.jpg 768w, https:\/\/rmvapesale.com\/wp-content\/uploads\/2024\/11\/Wholesale-COLD-MOUNTAIN-ALPS-30000-Disposable-Vape-600x600.jpg 600w, https:\/\/rmvapesale.com\/wp-content\/uploads\/2024\/11\/Wholesale-COLD-MOUNTAIN-ALPS-30000-Disposable-Vape-100x100.jpg 100w\" sizes=\"auto, (max-width: 800px) 100vw, 800px\" \/><figcaption id=\"caption-attachment-2643\" class=\"wp-caption-text\">Vape monouso all'ingrosso COLD MOUNTAIN ALPS 30000<\/figcaption><\/figure>\n<h2><strong>Gusto migliore per <\/strong><strong>Puff Vape Cold Mountain ALPS 30000 Tiri<\/strong><\/h2>\n<p>1. Melone Drago<br \/>\n2. Anguria e fragola\u00a0 <span style=\"color: #ff0000\"><strong>&gt;&gt;&gt;&gt; Caldo!<\/strong><\/span><br \/>\n3. Limonata Rosa<br \/>\n4. Frutto del Drago Ghiaccio Nero Fragola<br \/>\n5. Frutto della Passione Kiwi<br \/>\n6. Anguria<br \/>\n7. Fragola Banana<br \/>\n8. Uva Aloe<br \/>\n9. Mirtillo Ciliegia Cola <span style=\"color: #ff0000\"><strong>&gt;&gt;&gt;&gt; Migliore!<\/strong><\/span><br \/>\n10. Mango<\/p>\n<p>&nbsp;<\/p>\n<h3><strong>Perch\u00e9 scegliere Rmvapesale per <\/strong><strong>ALPS\u00a0<\/strong><strong>Sigaretta elettronica ricaricabile da 30000 tiri<\/strong><strong>?<\/strong><\/h3>\n<div class=\"flex-shrink-0 flex flex-col relative items-end\">\n<div class=\"pt-0\">\n<div class=\"gizmo-bot-avatar flex h-8 w-8 items-center justify-center overflow-hidden rounded-full\">\n<div class=\"relative p-1 rounded-sm flex items-center justify-center bg-token-main-surface-primary text-token-text-primary h-8 w-8\">\n<p>Quando scegli Rmvapesale per le tue esigenze di vaporizzatori usa e getta all'ingrosso, beneficerai di:<\/p>\n<ul>\n<li><strong>Prezzo competitivo<\/strong>: Ottieni l'accesso a prezzi all'ingrosso interessanti che aumentano i tuoi margini di profitto.<\/li>\n<li><strong>Alta qualit\u00e0<\/strong>: I nostri vaporizzatori sono realizzati secondo i pi\u00f9 alti standard, e <span style=\"color: #ff0000\"><strong>garantito 100% originale e autentico, o 10 volte la compensazione sar\u00e0 fornita per merci false!<\/strong><\/span><\/li>\n<li><strong>Eccellente servizio clienti<\/strong>: Il nostro team dedicato \u00e8 sempre pronto ad assisterti, rendendo il tuo processo di acquisto semplice e senza problemi.<\/li>\n<li><strong>Veloce<\/strong>: Aspettati una spedizione rapida e affidabile, garantendo che i tuoi ordini arrivino in tempo, ogni volta.<\/li>\n<\/ul>\n<\/div>\n<h3><\/h3>\n<div class=\"relative p-1 rounded-sm flex items-center justify-center bg-token-main-surface-primary text-token-text-primary h-8 w-8\">\n<h3><b>Cold Mountain ALPS 30000 Shisha FAQ\u00a0<\/b><\/h3>\n<\/div>\n<ol>\n<li><strong>Come faccio a capire quando la mia sigaretta elettronica usa e getta \u00e8 vuota?<\/strong>\n<ul>\n<li>La <strong>Cold Mountain ALPS 30000<\/strong> \u00e8 dotata di uno <strong>display digitale LCD<\/strong> schermo intelligente che mostra il livello di e-liquid rimanente. Quando lo schermo indica che il livello di e-liquid \u00e8 basso o si verifica una significativa diminuzione della produzione di vapore e dell'intensit\u00e0 del sapore, \u00e8 il momento di sostituire la tua sigaretta elettronica usa e getta.<\/li>\n<\/ul>\n<\/li>\n<li><strong>Quanto tempo ci vuole per caricare una sigaretta elettronica Puff Vape Cold Mountain ALPS 30000?<\/strong>\n<ul>\n<li>La <strong>Cold Mountain ALPS 30000<\/strong> dispone di <strong>tecnologia di ricarica Type-C<\/strong>, che fornisce una ricarica rapida ed efficiente. In media, ci vogliono circa <strong>1-2 ore<\/strong> per caricare completamente il dispositivo, a seconda della fonte di alimentazione.<\/li>\n<\/ul>\n<\/li>\n<li><strong>Quanta nicotina c'\u00e8 in una Cold Mountain ALPS 30000 Shisha?<\/strong>\n<ul>\n<li>La <strong>Cold Mountain ALPS 30000 Shisha<\/strong> offre diverse opzioni di concentrazione di nicotina <strong>2%.<\/strong><\/li>\n<\/ul>\n<\/li>\n<li><strong>Dove acquistare Puff Vape a prezzo all'ingrosso?<\/strong>\n<ul>\n<li>Puoi acquistare <strong>Vape usa e getta Cold Mountain ALPS 30000<\/strong> e altri <strong>vape all'ingrosso<\/strong> da fornitori fidati come <strong>rmvapesale<\/strong> o specializzato <strong>negozi di vaporizzatori<\/strong> che offrono opzioni di acquisto all'ingrosso. Controlla le loro piattaforme online per prezzi all'ingrosso competitivi.<\/li>\n<\/ul>\n<\/li>\n<li><strong>Posso portare un vaporizzatore usa e getta su un aereo?<\/strong>\n<ul>\n<li>S\u00ec, puoi portare un <strong>sigaretta elettronica monouso<\/strong> su un aereo, ma deve essere posizionato nel tuo <strong>bagaglio a mano<\/strong>, non nel bagaglio da stiva, a causa delle norme di sicurezza aerea che regolano le batterie al litio. Assicurati che il dispositivo sia spento e segui le linee guida specifiche stabilite dalla compagnia aerea. Controlla sempre con la tua compagnia aerea prima di viaggiare.<\/li>\n<\/ul>\n<\/li>\n<\/ol>\n<\/div>\n<\/div>\n<\/div>\n<h3>Informazioni sulla spedizione<\/h3>\n<div class=\"flex-shrink-0 flex flex-col relative items-end\">\n<div>\n<div class=\"pt-0\">\n<div class=\"gizmo-bot-avatar flex h-8 w-8 items-center justify-center overflow-hidden rounded-full\">\n<div><\/div>\n<div class=\"relative p-1 rounded-sm flex items-center justify-center bg-token-main-surface-primary text-token-text-primary h-8 w-8\"><strong>1. Quali metodi di spedizione vengono utilizzati?<\/strong><\/div>\n<\/div>\n<\/div>\n<\/div>\n<\/div>\n<div class=\"group\/conversation-turn relative flex w-full min-w-0 flex-col agent-turn\">\n<div class=\"flex-col gap-1 md:gap-3\">\n<div class=\"flex max-w-full flex-col flex-grow\">\n<div class=\"min-h-[20px] text-message flex w-full flex-col items-end gap-2 whitespace-normal break-words [.text-message+&amp;]:mt-5 overflow-x-auto\" dir=\"auto\" data-message-author-role=\"assistant\" data-message-id=\"22f8283b-3233-46ff-89a5-c7a41b33abda\">\n<div class=\"flex w-full flex-col gap-1 empty:hidden first:pt-[3px]\">\n<div class=\"markdown prose w-full break-words dark:prose-invert light\">\n<p>Collaboriamo con UPS, DHL, FedEx, DPD e altri vettori leader. Selezioneremo il miglior metodo di spedizione in base alla tua posizione di consegna per assicurarti di ricevere i tuoi prodotti il pi\u00f9 rapidamente possibile.<\/p>\n<\/div>\n<p><strong>2. Quanto tempo ci vuole per arrivare?<\/strong><\/p>\n<p>I pacchi spediti in Italia arrivano solitamente entro 12-15 giorni lavorativi. Forniremo aggiornamenti in tempo reale sullo stato della tua spedizione.<\/p>\n<\/div>\n<\/div>\n<\/div>\n<\/div>\n<\/div>\n<p>&nbsp;<\/p>\n<p>Altri vaporizzatori in offerta che potrebbero piacerti:<\/p>\n<p><a href=\"https:\/\/rmvapesale.com\/it\/prodotto\/full-screen-disposable-vape-hzko-supernova-30000-puffs-wholesale\/\"><strong>HZKO Supernova 25000 Tiri\u00a0 \u00a0<span style=\"color: #ff0000\">&gt;&gt;&gt;&gt; vai!<\/span><\/strong><\/a><\/p>\n<p><strong><a href=\"https:\/\/rmvapesale.com\/it\/prodotto\/poco-sl15000-disposable-vape-5-nicotine-smart-vape\/\">POCO SL15000 Sigaretta Usa e Getta <span style=\"color: #ff0000\">&gt;&gt;&gt;&gt; vai!<\/span><\/a>\u00a0<\/strong><\/p>\n<p><a href=\"https:\/\/rmvapesale.com\/it\/prodotto\/original-randm-vape-digital-puff-12000-fumot-factory-price\/\"><strong>Fumot Vape 12000 Puffs <span style=\"color: #ff0000\">&gt;&gt;&gt;&gt; vai!<\/span><\/strong><\/a><\/p>\n<p>&nbsp;<\/p>\n<p>&nbsp;<\/p>\n<p>Trova altri prodotti da svapo che potrebbero piacerti:<strong><em><a href=\"https:\/\/rmvapesale.com\/it\/shop-2\/\">acquista ora &gt;&gt;&gt;<\/a><\/em><\/strong><\/p>","protected":false},"excerpt":{"rendered":"<p>Svapo monouso Cold Mountain Alps con 30K tiri<br \/>\nPod Cold Mountain Alps 30000 tiri Magazzino UE<br \/>\nIngrosso COLD MOUNTAIN ALPS 30000 tiri monouso<br \/>\n<span style=\"color: #ff0000\">(Spedizione da magazzino UE e impiega circa 3-7 giorni per arrivare nella maggior parte dei paesi europei come Paesi Bassi, Francia, Italia, Spagna, Svizzera, Svezia, Polonia, ecc.)<\/span><\/p>\n<p><img loading=\"lazy\" decoding=\"async\" class=\"size-full wp-image-2375\" src=\"https:\/\/rmvapesale.com\/wp-content\/uploads\/2024\/10\/image.png\" alt=\"Migliore sigaretta elettronica usa e getta\" width=\"229\" height=\"300\" \/><\/p>\n<h3><a href=\"https:\/\/wa.me\/8617776015835\"><span style=\"color: #ff0000\"><strong>WhatsApp: +86 17776015835<\/strong><\/span><\/a><\/h3>\n<p>&nbsp;<\/p>","protected":false},"featured_media":2641,"comment_status":"open","ping_status":"closed","template":"","meta":{"_uag_custom_page_level_css":"","_lmt_disableupdate":"no","_lmt_disable":"","site-sidebar-layout":"default","site-content-layout":"content-boxed-container","ast-site-content-layout":"normal-width-container","site-content-style":"boxed","site-sidebar-style":"unboxed","ast-global-header-display":"","ast-banner-title-visibility":"","ast-main-header-display":"","ast-hfb-above-header-display":"","ast-hfb-below-header-display":"","ast-hfb-mobile-header-display":"","site-post-title":"","ast-breadcrumbs-content":"","ast-featured-img":"","footer-sml-layout":"","ast-disable-related-posts":"","theme-transparent-header-meta":"default","adv-header-id-meta":"","stick-header-meta":"","header-above-stick-meta":"","header-main-stick-meta":"","header-below-stick-meta":"","astra-migrate-meta-layouts":"set","ast-page-background-enabled":"default","ast-page-background-meta":{"desktop":{"background-color":"var(--ast-global-color-4)","background-image":"","background-repeat":"repeat","background-position":"center center","background-size":"auto","background-attachment":"scroll","background-type":"","background-media":"","overlay-type":"","overlay-color":"","overlay-opacity":"","overlay-gradient":""},"tablet":{"background-color":"","background-image":"","background-repeat":"repeat","background-position":"center center","background-size":"auto","background-attachment":"scroll","background-type":"","background-media":"","overlay-type":"","overlay-color":"","overlay-opacity":"","overlay-gradient":""},"mobile":{"background-color":"","background-image":"","background-repeat":"repeat","background-position":"center center","background-size":"auto","background-attachment":"scroll","background-type":"","background-media":"","overlay-type":"","overlay-color":"","overlay-opacity":"","overlay-gradient":""}},"ast-content-background-meta":{"desktop":{"background-color":"var(--ast-global-color-5)","background-image":"","background-repeat":"repeat","background-position":"center center","background-size":"auto","background-attachment":"scroll","background-type":"","background-media":"","overlay-type":"","overlay-color":"","overlay-opacity":"","overlay-gradient":""},"tablet":{"background-color":"var(--ast-global-color-5)","background-image":"","background-repeat":"repeat","background-position":"center center","background-size":"auto","background-attachment":"scroll","background-type":"","background-media":"","overlay-type":"","overlay-color":"","overlay-opacity":"","overlay-gradient":""},"mobile":{"background-color":"var(--ast-global-color-5)","background-image":"","background-repeat":"repeat","background-position":"center center","background-size":"auto","background-attachment":"scroll","background-type":"","background-media":"","overlay-type":"","overlay-color":"","overlay-opacity":"","overlay-gradient":""}},"_joinchat":[]},"product_brand":[],"product_cat":[15,27,25,195,123,30,26,28,137,136,135],"product_tag":[146,188,167,197,165,180,154,191,196,120],"class_list":{"0":"post-2644","1":"product","2":"type-product","3":"status-publish","4":"has-post-thumbnail","6":"product_cat-new-vape-this-week","7":"product_cat-fance-hot-sale-vape","8":"product_cat-germany-best-selling-vape","9":"product_cat-germany-warehouse","10":"product_cat-italy-wholesale-vape","11":"product_cat-minimum-order-quantity-50pcs","12":"product_cat-netherlands-hot-sale-vape","13":"product_cat-poland-hot-sale-vape","14":"product_cat-rechargeable-vapes","15":"product_cat-smart-screen-vapes","16":"product_cat-spain-best-hot-sale-vape","17":"product_tag-best-hot-sale-vape","18":"product_tag-buy-vapes-online","19":"product_tag-disposable-vape-with-screen","20":"product_tag-germany-hot-sale-vape","21":"product_tag-rechargeable-vapes","22":"product_tag-shisha-bar","23":"product_tag-smart-vape","24":"product_tag-vape-box","25":"product_tag-vape-shop","26":"product_tag-vape-wholesale","27":"desktop-align-left","28":"tablet-align-left","29":"mobile-align-left","31":"first","32":"instock","33":"sale","34":"shipping-taxable","35":"purchasable","36":"product-type-simple"},"uagb_featured_image_src":{"full":["https:\/\/rmvapesale.com\/wp-content\/uploads\/2024\/11\/Cold-Mountain-ALPS-Shisha-Hookah.jpg",800,800,false],"thumbnail":["https:\/\/rmvapesale.com\/wp-content\/uploads\/2024\/11\/Cold-Mountain-ALPS-Shisha-Hookah-150x150.jpg",150,150,true],"medium":["https:\/\/rmvapesale.com\/wp-content\/uploads\/2024\/11\/Cold-Mountain-ALPS-Shisha-Hookah-300x300.jpg",300,300,true],"medium_large":["https:\/\/rmvapesale.com\/wp-content\/uploads\/2024\/11\/Cold-Mountain-ALPS-Shisha-Hookah-768x768.jpg",768,768,true],"large":["https:\/\/rmvapesale.com\/wp-content\/uploads\/2024\/11\/Cold-Mountain-ALPS-Shisha-Hookah.jpg",800,800,false],"1536x1536":["https:\/\/rmvapesale.com\/wp-content\/uploads\/2024\/11\/Cold-Mountain-ALPS-Shisha-Hookah.jpg",800,800,false],"2048x2048":["https:\/\/rmvapesale.com\/wp-content\/uploads\/2024\/11\/Cold-Mountain-ALPS-Shisha-Hookah.jpg",800,800,false],"trp-custom-language-flag":["https:\/\/rmvapesale.com\/wp-content\/uploads\/2024\/11\/Cold-Mountain-ALPS-Shisha-Hookah.jpg",12,12,false],"woocommerce_thumbnail":["https:\/\/rmvapesale.com\/wp-content\/uploads\/2024\/11\/Cold-Mountain-ALPS-Shisha-Hookah-300x300.jpg",300,300,true],"woocommerce_single":["https:\/\/rmvapesale.com\/wp-content\/uploads\/2024\/11\/Cold-Mountain-ALPS-Shisha-Hookah-600x600.jpg",600,600,true],"woocommerce_gallery_thumbnail":["https:\/\/rmvapesale.com\/wp-content\/uploads\/2024\/11\/Cold-Mountain-ALPS-Shisha-Hookah-100x100.jpg",100,100,true],"wcpr-photo-reviews":["https:\/\/rmvapesale.com\/wp-content\/uploads\/2024\/11\/Cold-Mountain-ALPS-Shisha-Hookah.jpg",500,500,false]},"uagb_author_info":{"display_name":"AMY","author_link":"https:\/\/rmvapesale.com\/it\/author\/"},"uagb_comment_info":0,"uagb_excerpt":"Cold Mountain Alps Disposable Vape With 30K Puffs Pod Cold Mountain Alps 30000 Puff EU Warehouse Wholesale COLD MOUNTAIN ALPS 30000 Puffs Disposable (Ship from EU warehouse and takes about 3-7 days\u00a0 to get arrive to most Europe countries like Netherlands, France, Italy, Spain, Switzerland, Sweden, Poland, etc. ) WhatsApp: +86 17776015835 &nbsp;","_links":{"self":[{"href":"https:\/\/rmvapesale.com\/it\/wp-json\/wp\/v2\/product\/2644","targetHints":{"allow":["GET"]}}],"collection":[{"href":"https:\/\/rmvapesale.com\/it\/wp-json\/wp\/v2\/product"}],"about":[{"href":"https:\/\/rmvapesale.com\/it\/wp-json\/wp\/v2\/types\/product"}],"replies":[{"embeddable":true,"href":"https:\/\/rmvapesale.com\/it\/wp-json\/wp\/v2\/comments?post=2644"}],"wp:featuredmedia":[{"embeddable":true,"href":"https:\/\/rmvapesale.com\/it\/wp-json\/wp\/v2\/media\/2641"}],"wp:attachment":[{"href":"https:\/\/rmvapesale.com\/it\/wp-json\/wp\/v2\/media?parent=2644"}],"wp:term":[{"taxonomy":"product_brand","embeddable":true,"href":"https:\/\/rmvapesale.com\/it\/wp-json\/wp\/v2\/product_brand?post=2644"},{"taxonomy":"product_cat","embeddable":true,"href":"https:\/\/rmvapesale.com\/it\/wp-json\/wp\/v2\/product_cat?post=2644"},{"taxonomy":"product_tag","embeddable":true,"href":"https:\/\/rmvapesale.com\/it\/wp-json\/wp\/v2\/product_tag?post=2644"}],"curies":[{"name":"wp","href":"https:\/\/api.w.org\/{rel}","templated":true}]}}