{"id":2670,"date":"2024-11-05T09:03:06","date_gmt":"2024-11-05T09:03:06","guid":{"rendered":"https:\/\/rmvapesale.com\/?post_type=product&#038;p=2670"},"modified":"2024-11-05T09:49:38","modified_gmt":"2024-11-05T09:49:38","slug":"elfbar-combo-25000-puffs-rechargeable-disposable-vape-wholesale","status":"publish","type":"product","link":"https:\/\/rmvapesale.com\/it\/prodotto\/elfbar-combo-25000-puffs-rechargeable-disposable-vape-wholesale\/","title":{"rendered":"ElfBar Combo 25000 Tiri Sigaretta Elettronica Monouso Ricaricabile Ingrosso"},"content":{"rendered":"<div class=\"B2VR9 CJHX3e\">\n<div class=\"wyccme\">\n<h1 class=\"LC20lb MBeuO DKV0Md\">ElfBar Combo 25000 Tiri Sigaretta Elettronica Monouso Ricaricabile Ingrosso<\/h1>\n<div class=\"flex-shrink-0 flex flex-col relative items-end\">\n<div class=\"pt-0\">\n<div class=\"gizmo-bot-avatar flex h-8 w-8 items-center justify-center overflow-hidden rounded-full\">\n<div class=\"relative p-1 rounded-sm flex items-center justify-center bg-token-main-surface-primary text-token-text-primary h-8 w-8\">\n<p>La <strong>cURL Too many subrequests.<\/strong> cURL Too many subrequests. <strong>cURL Too many subrequests.<\/strong> cURL Too many subrequests. <strong>cURL Too many subrequests.<\/strong>cURL Too many subrequests. <strong>marchi di vape monouso popolari<\/strong> cURL Too many subrequests.<\/p>\n<h3><strong>cURL Too many subrequests.<\/strong><\/h3>\n<p>cURL Too many subrequests. <strong>cURL Too many subrequests.<\/strong> e <strong>cURL Too many subrequests.<\/strong>cURL Too many subrequests. <strong>cURL Too many subrequests.<\/strong> cURL Too many subrequests. <strong>migliori sigarette elettroniche monouso del 2024<\/strong>.<\/p>\n<h3><strong>cURL Too many subrequests.<\/strong><\/h3>\n<p>cURL Too many subrequests. <strong>25.000 puff<\/strong> cURL Too many subrequests.<\/p>\n<h3><strong>cURL Too many subrequests.<\/strong><\/h3>\n<p>Dotata di una <strong>cURL Too many subrequests.<\/strong>, la <strong>cURL Too many subrequests.<\/strong> cURL Too many subrequests. <strong>cURL Too many subrequests.<\/strong> cURL Too many subrequests.<\/p>\n<h3><strong>cURL Too many subrequests.<\/strong><\/h3>\n<p>cURL Too many subrequests. <strong>batteria ricaricabile da 850mAh<\/strong>cURL Too many subrequests. <strong>ricarica rapida Type-C<\/strong>cURL Too many subrequests. <strong>sigarette elettroniche ricaricabili<\/strong>.<\/p>\n<h3><strong>cURL Too many subrequests.<\/strong><\/h3>\n<p>Con una <strong>cURL Too many subrequests.<\/strong>, la <strong>cURL Too many subrequests.<\/strong> cURL Too many subrequests.<\/p>\n<h3><strong>cURL Too many subrequests.<\/strong><\/h3>\n<p>La <strong>cURL Too many subrequests.<\/strong> cURL Too many subrequests. <strong>sigarette elettroniche all'ingrosso<\/strong> cURL Too many subrequests. <strong>cURL Too many subrequests.<\/strong>cURL Too many subrequests. <strong>negozi di vaporizzatori<\/strong> cURL Too many subrequests. <strong>sigarette elettroniche usa e getta online<\/strong> cURL Too many subrequests. <strong>cURL Too many subrequests.<\/strong> prodotti.<\/p>\n<p>cURL Too many subrequests. <strong>svapo<\/strong> cURL Too many subrequests. <strong>cURL Too many subrequests.<\/strong> cURL Too many subrequests. <strong>cURL Too many subrequests.<\/strong> cURL Too many subrequests.<\/p>\n<p>cURL Too many subrequests. <strong>cURL Too many subrequests.<\/strong> cURL Too many subrequests. <strong>migliori marchi di vape monouso<\/strong> cURL Too many subrequests.<\/p>\n<\/div>\n<\/div>\n<\/div>\n<\/div>\n<\/div>\n<\/div>\n<p><strong>Contatta Amy per ottenere la risposta giusta e un coupon per lo svapo!<\/strong><\/p>\n<p><img loading=\"lazy\" decoding=\"async\" class=\"size-full wp-image-1978\" src=\"https:\/\/rmvapesale.com\/wp-content\/uploads\/2024\/09\/Disposable-Vape-Wholesale.jpg\" alt=\"Vaporizzatore Usa e Getta Ingrosso\" width=\"229\" height=\"300\" \/><\/p>\n<h3><a href=\"https:\/\/wa.me\/8617776015835\" target=\"_blank\" rel=\"noopener\"><span style=\"color: #ff0000\"><strong>WhatsApp: +86 17776015835<\/strong><\/span><\/a><\/h3>\n<p>&nbsp;<\/p>\n<h2><\/h2>\n<h2><strong>cURL Too many subrequests. <\/strong><strong>Caratteristiche Principali<\/strong><\/h2>\n<p>cURL Too many subrequests.<br \/>\ncURL Too many subrequests.<br \/>\nTiri: 25000<br \/>\ncURL Too many subrequests.<br \/>\ncURL Too many subrequests.<br \/>\nBatteria<br \/>\ncURL Too many subrequests.<\/p>\n<p>&nbsp;<\/p>\n<h2><strong>cURL Too many subrequests.<\/strong><\/h2>\n<p>&nbsp;<\/p>\n<p>cURL Too many subrequests. <span style=\"color: #ff0000\"><strong>&gt;&gt;&gt;&gt; Caldo!<\/strong><\/span><br \/>\ncURL Too many subrequests.<br \/>\ncURL Too many subrequests.<br \/>\ncURL Too many subrequests. <span style=\"color: #ff0000\"><strong>&gt;&gt;&gt;&gt; Migliore!<\/strong><\/span><br \/>\ncURL Too many subrequests.<br \/>\ncURL Too many subrequests.<br \/>\ncURL Too many subrequests. <span style=\"color: #ff0000\"><strong>&gt;&gt;&gt;&gt; Caldo!<\/strong><\/span><\/p>\n<figure id=\"attachment_2663\" aria-describedby=\"caption-attachment-2663\" style=\"width: 286px\" class=\"wp-caption alignnone\"><img loading=\"lazy\" decoding=\"async\" class=\"size-medium wp-image-2663\" src=\"https:\/\/rmvapesale.com\/wp-content\/uploads\/2024\/11\/Elf-Bar-COMBO-25000-Disposable-Vape-286x300.jpg\" alt=\"cURL Too many subrequests.\" width=\"286\" height=\"300\" srcset=\"https:\/\/rmvapesale.com\/wp-content\/uploads\/2024\/11\/Elf-Bar-COMBO-25000-Disposable-Vape-286x300.jpg 286w, https:\/\/rmvapesale.com\/wp-content\/uploads\/2024\/11\/Elf-Bar-COMBO-25000-Disposable-Vape-975x1024.jpg 975w, https:\/\/rmvapesale.com\/wp-content\/uploads\/2024\/11\/Elf-Bar-COMBO-25000-Disposable-Vape-768x806.jpg 768w, https:\/\/rmvapesale.com\/wp-content\/uploads\/2024\/11\/Elf-Bar-COMBO-25000-Disposable-Vape-600x630.jpg 600w, https:\/\/rmvapesale.com\/wp-content\/uploads\/2024\/11\/Elf-Bar-COMBO-25000-Disposable-Vape.jpg 1000w\" sizes=\"auto, (max-width: 286px) 100vw, 286px\" \/><figcaption id=\"caption-attachment-2663\" class=\"wp-caption-text\">cURL Too many subrequests.<\/figcaption><\/figure>\n<h3><strong>cURL Too many subrequests. <\/strong><strong>V usa e getta<\/strong><strong>vapo all'ingrosso<\/strong><strong>?<\/strong><\/h3>\n<div class=\"flex-shrink-0 flex flex-col relative items-end\">\n<div class=\"pt-0\">\n<div class=\"gizmo-bot-avatar flex h-8 w-8 items-center justify-center overflow-hidden rounded-full\">\n<div class=\"relative p-1 rounded-sm flex items-center justify-center bg-token-main-surface-primary text-token-text-primary h-8 w-8\">\n<p>Benvenuto su Rmvapesale, il tuo negozio di fiducia per vaporizzatori usa e getta di alta qualit\u00e0. Con oltre 5 anni di esperienza, ti offriamo marchi popolari di vaporizzatori usa e getta come Al Fakher, <a href=\"https:\/\/rmvapesale.com\/it\/prodotto\/vapme-crystal-7000-puffs-rechargeable-disposable-vape-price\/\">Vapme<\/a>, <a href=\"https:\/\/rmvapesale.com\/it\/categoria-prodotto\/bang-vapes\/\">Bang Vape<\/a>, Waspe, <a href=\"https:\/\/rmvapesale.com\/it\/prodotto\/wga-crystal-pro-max-extra-15k-puffs-disposable-vape-wholesale\/\">WGA<\/a> Vape e<a href=\"https:\/\/rmvapesale.com\/it\/categoria-prodotto\/randm-fumot-vape\/\"> RandM Vape<\/a>.<\/p>\n<p>La nostra gamma comprende vapes di tendenza come il <a href=\"https:\/\/rmvapesale.com\/it\/prodotto\/fumot-digital-box-12000-disposable-vape-pink-lemonade-flavor\/\">RandM 12k<\/a> e opzioni ricche di gusto come l' <a href=\"https:\/\/rmvapesale.com\/it\/prodotto\/wga-crystal-plus-20000-puff-dual-flavour-disposable-vape\/\">cURL Too many subrequests.<\/a>. Ogni prodotto \u00e8 scelto con un focus su qualit\u00e0, valore e variet\u00e0, per assicurarti di trovare la corrispondenza perfetta per le tue esigenze. Scopri un servizio eccezionale e una vasta gamma di prodotti di punta su Rmvapesale.<\/p>\n<\/div>\n<h3><\/h3>\n<div class=\"relative p-1 rounded-sm flex items-center justify-center bg-token-main-surface-primary text-token-text-primary h-8 w-8\">\n<h3><b>cURL Too many subrequests.<\/b><\/h3>\n<\/div>\n<h3>1. <strong>cURL Too many subrequests.<\/strong><\/h3>\n<ul>\n<li>La <strong>cURL Too many subrequests.<\/strong> cURL Too many subrequests.<\/li>\n<\/ul>\n<h3>2. <strong>cURL Too many subrequests.<\/strong><\/h3>\n<ul>\n<li>cURL Too many subrequests. <strong>batteria ricaricabile da 700mAh<\/strong> cURL Too many subrequests. <strong>porta di ricarica Type-C<\/strong>cURL Too many subrequests. <strong>cURL Too many subrequests.<\/strong> cURL Too many subrequests.<\/li>\n<\/ul>\n<h3>3. <strong>cURL Too many subrequests.<\/strong><\/h3>\n<ul>\n<li>cURL Too many subrequests. <strong>cURL Too many subrequests.<\/strong>cURL Too many subrequests.<\/li>\n<\/ul>\n<h3>4. <strong>cURL Too many subrequests.<\/strong><\/h3>\n<ul>\n<li>cURL Too many subrequests. <strong>imbattibili<\/strong> cURL Too many subrequests. <strong>cURL Too many subrequests.<\/strong>cURL Too many subrequests. <strong>negozi di vaporizzatori<\/strong> cURL Too many subrequests. <strong>cURL Too many subrequests.<\/strong> cURL Too many subrequests.<\/li>\n<\/ul>\n<h3>5. <strong>Posso portare un vaporizzatore usa e getta su un aereo?<\/strong><\/h3>\n<ul>\n<li>S\u00ec, puoi portare un <strong>sigaretta elettronica monouso<\/strong> cURL Too many subrequests. <strong>bagaglio a mano<\/strong>cURL Too many subrequests.<\/li>\n<\/ul>\n<\/div>\n<\/div>\n<\/div>\n<h3>Informazioni sulla spedizione<\/h3>\n<div class=\"flex-shrink-0 flex flex-col relative items-end\">\n<div>\n<div class=\"pt-0\">\n<div class=\"gizmo-bot-avatar flex h-8 w-8 items-center justify-center overflow-hidden rounded-full\">\n<div><\/div>\n<div class=\"relative p-1 rounded-sm flex items-center justify-center bg-token-main-surface-primary text-token-text-primary h-8 w-8\"><strong>1. Quali metodi di spedizione vengono utilizzati?<\/strong><\/div>\n<\/div>\n<\/div>\n<\/div>\n<\/div>\n<div class=\"group\/conversation-turn relative flex w-full min-w-0 flex-col agent-turn\">\n<div class=\"flex-col gap-1 md:gap-3\">\n<div class=\"flex max-w-full flex-col flex-grow\">\n<div class=\"min-h-[20px] text-message flex w-full flex-col items-end gap-2 whitespace-normal break-words [.text-message+&amp;]:mt-5 overflow-x-auto\" dir=\"auto\" data-message-author-role=\"assistant\" data-message-id=\"22f8283b-3233-46ff-89a5-c7a41b33abda\">\n<div class=\"flex w-full flex-col gap-1 empty:hidden first:pt-[3px]\">\n<div class=\"markdown prose w-full break-words dark:prose-invert light\">\n<p>Collaboriamo con UPS, DHL, FedEx, DPD e altri vettori leader. Selezioneremo il miglior metodo di spedizione in base alla tua posizione di consegna per assicurarti di ricevere i tuoi prodotti il pi\u00f9 rapidamente possibile.<\/p>\n<\/div>\n<p><strong>2. Quanto tempo ci vuole per arrivare?<\/strong><\/p>\n<p>I pacchi spediti in Italia arrivano solitamente entro 12-15 giorni lavorativi. Forniremo aggiornamenti in tempo reale sullo stato della tua spedizione.<\/p>\n<\/div>\n<\/div>\n<\/div>\n<\/div>\n<\/div>\n<p>&nbsp;<\/p>\n<p>Trova altri prodotti da svapo che potrebbero piacerti:<strong><em><a href=\"https:\/\/rmvapesale.com\/it\/shop-2\/\">acquista ora &gt;&gt;&gt;<\/a><\/em><\/strong><\/p>","protected":false},"excerpt":{"rendered":"<p>cURL Too many subrequests.<br \/>\ncURL Too many subrequests.<br \/>\ncURL Too many subrequests.<\/p>\n<p><img loading=\"lazy\" decoding=\"async\" class=\"size-full wp-image-2375\" src=\"https:\/\/rmvapesale.com\/wp-content\/uploads\/2024\/10\/image.png\" alt=\"Migliore sigaretta elettronica usa e getta\" width=\"229\" height=\"300\" \/><\/p>\n<h3><a href=\"https:\/\/wa.me\/8617776015835\"><span style=\"color: #ff0000\"><strong>WhatsApp: +86 17776015835<\/strong><\/span><\/a><\/h3>\n<p>&nbsp;<\/p>","protected":false},"featured_media":2662,"comment_status":"open","ping_status":"closed","template":"","meta":{"_uag_custom_page_level_css":"","_lmt_disableupdate":"no","_lmt_disable":"","site-sidebar-layout":"default","site-content-layout":"content-boxed-container","ast-site-content-layout":"normal-width-container","site-content-style":"boxed","site-sidebar-style":"unboxed","ast-global-header-display":"","ast-banner-title-visibility":"","ast-main-header-display":"","ast-hfb-above-header-display":"","ast-hfb-below-header-display":"","ast-hfb-mobile-header-display":"","site-post-title":"","ast-breadcrumbs-content":"","ast-featured-img":"","footer-sml-layout":"","theme-transparent-header-meta":"default","adv-header-id-meta":"","stick-header-meta":"","header-above-stick-meta":"","header-main-stick-meta":"","header-below-stick-meta":"","astra-migrate-meta-layouts":"set","ast-page-background-enabled":"default","ast-page-background-meta":{"desktop":{"background-color":"var(--ast-global-color-4)","background-image":"","background-repeat":"repeat","background-position":"center center","background-size":"auto","background-attachment":"scroll","background-type":"","background-media":"","overlay-type":"","overlay-color":"","overlay-opacity":"","overlay-gradient":""},"tablet":{"background-color":"","background-image":"","background-repeat":"repeat","background-position":"center center","background-size":"auto","background-attachment":"scroll","background-type":"","background-media":"","overlay-type":"","overlay-color":"","overlay-opacity":"","overlay-gradient":""},"mobile":{"background-color":"","background-image":"","background-repeat":"repeat","background-position":"center center","background-size":"auto","background-attachment":"scroll","background-type":"","background-media":"","overlay-type":"","overlay-color":"","overlay-opacity":"","overlay-gradient":""}},"ast-content-background-meta":{"desktop":{"background-color":"var(--ast-global-color-5)","background-image":"","background-repeat":"repeat","background-position":"center center","background-size":"auto","background-attachment":"scroll","background-type":"","background-media":"","overlay-type":"","overlay-color":"","overlay-opacity":"","overlay-gradient":""},"tablet":{"background-color":"var(--ast-global-color-5)","background-image":"","background-repeat":"repeat","background-position":"center center","background-size":"auto","background-attachment":"scroll","background-type":"","background-media":"","overlay-type":"","overlay-color":"","overlay-opacity":"","overlay-gradient":""},"mobile":{"background-color":"var(--ast-global-color-5)","background-image":"","background-repeat":"repeat","background-position":"center center","background-size":"auto","background-attachment":"scroll","background-type":"","background-media":"","overlay-type":"","overlay-color":"","overlay-opacity":"","overlay-gradient":""}},"_joinchat":[]},"product_brand":[],"product_cat":[15,25,123,26,28,135,27,137,136,30],"product_tag":[146,188,200,167,201,202,165,180,120],"class_list":{"0":"post-2670","1":"product","2":"type-product","3":"status-publish","4":"has-post-thumbnail","6":"product_cat-new-vape-this-week","7":"product_cat-germany-best-selling-vape","8":"product_cat-italy-wholesale-vape","9":"product_cat-netherlands-hot-sale-vape","10":"product_cat-poland-hot-sale-vape","11":"product_cat-spain-best-hot-sale-vape","12":"product_cat-fance-hot-sale-vape","13":"product_cat-rechargeable-vapes","14":"product_cat-smart-screen-vapes","15":"product_cat-minimum-order-quantity-50pcs","16":"product_tag-best-hot-sale-vape","17":"product_tag-buy-vapes-online","18":"product_tag-disposable-hookah-wholesale","19":"product_tag-disposable-vape-with-screen","20":"product_tag-elfbar","21":"product_tag-elfbar-pods","22":"product_tag-rechargeable-vapes","23":"product_tag-shisha-bar","24":"product_tag-vape-wholesale","25":"desktop-align-left","26":"tablet-align-left","27":"mobile-align-left","29":"first","30":"instock","31":"sale","32":"shipping-taxable","33":"purchasable","34":"product-type-simple"},"uagb_featured_image_src":{"full":["https:\/\/rmvapesale.com\/wp-content\/uploads\/2024\/11\/Elf-Bar-COMBO-25000-Blackurrant-Raspberry-Grape.jpg",1000,1000,false],"thumbnail":["https:\/\/rmvapesale.com\/wp-content\/uploads\/2024\/11\/Elf-Bar-COMBO-25000-Blackurrant-Raspberry-Grape-150x150.jpg",150,150,true],"medium":["https:\/\/rmvapesale.com\/wp-content\/uploads\/2024\/11\/Elf-Bar-COMBO-25000-Blackurrant-Raspberry-Grape-300x300.jpg",300,300,true],"medium_large":["https:\/\/rmvapesale.com\/wp-content\/uploads\/2024\/11\/Elf-Bar-COMBO-25000-Blackurrant-Raspberry-Grape-768x768.jpg",768,768,true],"large":["https:\/\/rmvapesale.com\/wp-content\/uploads\/2024\/11\/Elf-Bar-COMBO-25000-Blackurrant-Raspberry-Grape.jpg",1000,1000,false],"1536x1536":["https:\/\/rmvapesale.com\/wp-content\/uploads\/2024\/11\/Elf-Bar-COMBO-25000-Blackurrant-Raspberry-Grape.jpg",1000,1000,false],"2048x2048":["https:\/\/rmvapesale.com\/wp-content\/uploads\/2024\/11\/Elf-Bar-COMBO-25000-Blackurrant-Raspberry-Grape.jpg",1000,1000,false],"trp-custom-language-flag":["https:\/\/rmvapesale.com\/wp-content\/uploads\/2024\/11\/Elf-Bar-COMBO-25000-Blackurrant-Raspberry-Grape.jpg",12,12,false],"woocommerce_thumbnail":["https:\/\/rmvapesale.com\/wp-content\/uploads\/2024\/11\/Elf-Bar-COMBO-25000-Blackurrant-Raspberry-Grape-300x300.jpg",300,300,true],"woocommerce_single":["https:\/\/rmvapesale.com\/wp-content\/uploads\/2024\/11\/Elf-Bar-COMBO-25000-Blackurrant-Raspberry-Grape-600x600.jpg",600,600,true],"woocommerce_gallery_thumbnail":["https:\/\/rmvapesale.com\/wp-content\/uploads\/2024\/11\/Elf-Bar-COMBO-25000-Blackurrant-Raspberry-Grape-100x100.jpg",100,100,true],"wcpr-photo-reviews":["https:\/\/rmvapesale.com\/wp-content\/uploads\/2024\/11\/Elf-Bar-COMBO-25000-Blackurrant-Raspberry-Grape.jpg",500,500,false]},"uagb_author_info":{"display_name":"AMY","author_link":"https:\/\/rmvapesale.com\/it\/author\/"},"uagb_comment_info":0,"uagb_excerpt":"ELFBAR COMBO 25000 Green Apple + Double Apple ELFBAR Vape COMBO 25000 puff Wholesale Factory Price ElfBar Pods COMBO 25000 Bulk Buy 5% Nicotine WhatsApp: +86 17776015835 &nbsp;","_links":{"self":[{"href":"https:\/\/rmvapesale.com\/it\/wp-json\/wp\/v2\/product\/2670","targetHints":{"allow":["GET"]}}],"collection":[{"href":"https:\/\/rmvapesale.com\/it\/wp-json\/wp\/v2\/product"}],"about":[{"href":"https:\/\/rmvapesale.com\/it\/wp-json\/wp\/v2\/types\/product"}],"replies":[{"embeddable":true,"href":"https:\/\/rmvapesale.com\/it\/wp-json\/wp\/v2\/comments?post=2670"}],"wp:featuredmedia":[{"embeddable":true,"href":"https:\/\/rmvapesale.com\/it\/wp-json\/wp\/v2\/media\/2662"}],"wp:attachment":[{"href":"https:\/\/rmvapesale.com\/it\/wp-json\/wp\/v2\/media?parent=2670"}],"wp:term":[{"taxonomy":"product_brand","embeddable":true,"href":"https:\/\/rmvapesale.com\/it\/wp-json\/wp\/v2\/product_brand?post=2670"},{"taxonomy":"product_cat","embeddable":true,"href":"https:\/\/rmvapesale.com\/it\/wp-json\/wp\/v2\/product_cat?post=2670"},{"taxonomy":"product_tag","embeddable":true,"href":"https:\/\/rmvapesale.com\/it\/wp-json\/wp\/v2\/product_tag?post=2670"}],"curies":[{"name":"wp","href":"https:\/\/api.w.org\/{rel}","templated":true}]}}