{"id":2680,"date":"2024-11-06T09:47:09","date_gmt":"2024-11-06T09:47:09","guid":{"rendered":"https:\/\/rmvapesale.com\/?post_type=product&#038;p=2680"},"modified":"2024-11-07T08:24:43","modified_gmt":"2024-11-07T08:24:43","slug":"vopk-ultra-30000-puffs-double-flavor-digital-screen-rechargeable-disposable-vapes","status":"publish","type":"product","link":"https:\/\/rmvapesale.com\/it\/prodotto\/vopk-ultra-30000-puffs-double-flavor-digital-screen-rechargeable-disposable-vapes\/","title":{"rendered":"VOPK ULTRA 30000 Puff Doppi Gusti Vaporizzatori Usa e Getta Ricaricabili con Schermo Digitale"},"content":{"rendered":"<div class=\"B2VR9 CJHX3e\">\n<div class=\"wyccme\">\n<h1 class=\"LC20lb MBeuO DKV0Md\">VOPK ULTRA 30000 Puff Doppi Gusti Vaporizzatori Usa e Getta Ricaricabili con Schermo Digitale<\/h1>\n<div class=\"flex-shrink-0 flex flex-col relative items-end\">\n<div class=\"pt-0\">\n<div class=\"gizmo-bot-avatar flex h-8 w-8 items-center justify-center overflow-hidden rounded-full\">\n<div class=\"relative p-1 rounded-sm flex items-center justify-center bg-token-main-surface-primary text-token-text-primary h-8 w-8\">\n<p>La <strong>VOPK ULTRA 30000 Puff Doppi Gusti Vaporizzatori Usa e Getta Ricaricabili con Schermo Digitale<\/strong> \u00e8 un dispositivo di svapo premium pensato per coloro che cercano un'opzione ad alte prestazioni e di lunga durata. Con un'enorme capacit\u00e0 di <strong>30.000 tiri<\/strong> e una notevole capacit\u00e0 di <strong>36 ml di e-liquid<\/strong>, questo dispositivo assicura un'esperienza di svapo fluida e duratura. Perfetto sia per gli appassionati che per i principianti, questa <strong>penna vape monouso<\/strong> \u00e8 progettata per offrire comodit\u00e0 e stile ottimali.<\/p>\n<p>Dotata di una <strong>doppia bobina a rete<\/strong> per un'erogazione robusta del sapore, il <strong>VOPK Ultra 30000<\/strong> produce nuvole dense e soddisfacenti che migliorano ogni boccata. Il <strong>display intelligente integrato con touch screen<\/strong> offre agli utenti un facile accesso alle informazioni essenziali del dispositivo, consentendo rapide regolazioni alle due modalit\u00e0 di svapo disponibili per un'esperienza completamente personalizzata.<\/p>\n<p>La ricarica \u00e8 veloce ed efficiente grazie al suo <strong>Type-C ricaricabile<\/strong> design, e con <strong>nicotina al 5%<\/strong> contenuto, ogni tiro offre un'esperienza piacevole e appagante che i vaper apprezzano. Questo dispositivo \u00e8 anche un'ottima scelta per coloro che cercano di <strong>acquisto all'ingrosso<\/strong> o esplorare <strong>sigarette elettroniche all'ingrosso<\/strong> opzioni, adatto a chiunque dia valore alla qualit\u00e0 e alla convenienza nei propri dispositivi da svapo.<\/p>\n<p>Che tu sia interessato a <strong>marchi di vape monouso popolari<\/strong> o a un'opzione <strong>svapo usa e getta a basso contenuto di nicotina<\/strong> affidabile, il <strong>VOPK Ultra 30000<\/strong> offre una potente combinazione di capacit\u00e0, sapore e praticit\u00e0, rendendolo una scelta top per i vaper a tutto tondo.<\/p>\n<p>&nbsp;<\/p>\n<\/div>\n<\/div>\n<\/div>\n<\/div>\n<\/div>\n<\/div>\n<p><strong>Contatta Amy per ottenere la risposta giusta e un coupon per lo svapo!<\/strong><\/p>\n<p><img loading=\"lazy\" decoding=\"async\" class=\"size-full wp-image-1978\" src=\"https:\/\/rmvapesale.com\/wp-content\/uploads\/2024\/09\/Disposable-Vape-Wholesale.jpg\" alt=\"Vaporizzatore Usa e Getta Ingrosso\" width=\"229\" height=\"300\" \/><\/p>\n<h3><a href=\"https:\/\/wa.me\/8617776015835\" target=\"_blank\" rel=\"noopener\"><span style=\"color: #ff0000\"><strong>WhatsApp: +86 17776015835<\/strong><\/span><\/a><\/h3>\n<p>&nbsp;<\/p>\n<h2><\/h2>\n<h2><strong>VOPK ULTRA 30000 Vapes usa e getta ricaricabili con schermo digitale <\/strong><strong>Caratteristiche Principali<\/strong><\/h2>\n<p>Marca: Vopk<br \/>\nNome del modello: Vopk Ultra 30000<br \/>\n30.000 tiri per un uso prolungato<br \/>\nCapacit\u00e0 di e-liquid da 36 ml per meno ricariche e un divertimento pi\u00f9 duraturo<br \/>\nDoppia bobina a rete per un sapore intenso e nuvole spesse<br \/>\nDisplay intelligente con touch screen per un facile accesso alle impostazioni del dispositivo<br \/>\nDue modalit\u00e0 per personalizzare la tua esperienza di svapo<br \/>\nRicaricabile tramite Type-C per una ricarica rapida ed efficiente<br \/>\n5% di nicotina per un tiro soddisfacente ad ogni boccata<\/p>\n<p>&nbsp;<\/p>\n<h2><strong>Sapore top per VOPK ULTRA 30000 Vapes usa e getta ricaricabili con schermo digitale<\/strong><\/h2>\n<p>1.Fragola Anguria + Kiwi Frutto della Passione Guava <span style=\"color: #ff0000\"><strong>&gt;&gt;&gt;&gt; Caldo!<\/strong><\/span><br \/>\n2.Mirtillo Lampone + Pesca Mango Anguria<br \/>\n3.Orsetto Gommosa al Lampone Blu + Fragola Kiwi <span style=\"color: #ff0000\"><strong>&gt;&gt;&gt;&gt; Caldo!<\/strong><\/span><br \/>\n4.Lampone Blu Ciliegia + Fragola Lampone<br \/>\n5.Limone Frizzante<br \/>\n6.Ghiaccio all'Anguria + Ghiaccio al Lampone Blu <span style=\"color: #ff0000\"><strong>&gt;&gt;&gt;&gt; Migliore!<\/strong><\/span><br \/>\n7.Ananas al Lampone Blu + Mango Triplo<br \/>\n8.Esplosione di Uva e Bacche + Pera Mela Lampone<br \/>\n9.Fragola Mirtillo Rosso Ciliegia + Ananas Passion Lime<br \/>\n10.Mentolo Mirtillo Fragola + Mentolo Mirtillo Lampone<\/p>\n<p>&nbsp;<\/p>\n<figure id=\"attachment_2687\" aria-describedby=\"caption-attachment-2687\" style=\"width: 1000px\" class=\"wp-caption alignnone\"><img loading=\"lazy\" decoding=\"async\" class=\"wp-image-2687 size-full\" src=\"https:\/\/rmvapesale.com\/wp-content\/uploads\/2024\/11\/VOPK-ULTRA-30000-Puffs-Digital-ScreenRechargeable-Disposable-Vapes.jpg\" alt=\"VAPORI USA E GETTA RICARICABILI CON SCHERMO DIGITALE VOPK ULTRA 30000 PUFF\" width=\"1000\" height=\"1000\" srcset=\"https:\/\/rmvapesale.com\/wp-content\/uploads\/2024\/11\/VOPK-ULTRA-30000-Puffs-Digital-ScreenRechargeable-Disposable-Vapes.jpg 1000w, https:\/\/rmvapesale.com\/wp-content\/uploads\/2024\/11\/VOPK-ULTRA-30000-Puffs-Digital-ScreenRechargeable-Disposable-Vapes-300x300.jpg 300w, https:\/\/rmvapesale.com\/wp-content\/uploads\/2024\/11\/VOPK-ULTRA-30000-Puffs-Digital-ScreenRechargeable-Disposable-Vapes-150x150.jpg 150w, https:\/\/rmvapesale.com\/wp-content\/uploads\/2024\/11\/VOPK-ULTRA-30000-Puffs-Digital-ScreenRechargeable-Disposable-Vapes-768x768.jpg 768w, https:\/\/rmvapesale.com\/wp-content\/uploads\/2024\/11\/VOPK-ULTRA-30000-Puffs-Digital-ScreenRechargeable-Disposable-Vapes-600x600.jpg 600w, https:\/\/rmvapesale.com\/wp-content\/uploads\/2024\/11\/VOPK-ULTRA-30000-Puffs-Digital-ScreenRechargeable-Disposable-Vapes-100x100.jpg 100w\" sizes=\"auto, (max-width: 1000px) 100vw, 1000px\" \/><figcaption id=\"caption-attachment-2687\" class=\"wp-caption-text\">VAPORI USA E GETTA RICARICABILI CON SCHERMO DIGITALE VOPK ULTRA 30000 PUFF<\/figcaption><\/figure>\n<h3><strong>Perch\u00e9 scegliere Rmvapesale per VOPK <\/strong><strong>V usa e getta<\/strong><strong>vapo all'ingrosso<\/strong><strong>?<\/strong><\/h3>\n<div class=\"flex-shrink-0 flex flex-col relative items-end\">\n<div class=\"pt-0\">\n<div class=\"gizmo-bot-avatar flex h-8 w-8 items-center justify-center overflow-hidden rounded-full\">\n<div class=\"relative p-1 rounded-sm flex items-center justify-center bg-token-main-surface-primary text-token-text-primary h-8 w-8\">\n<p>Benvenuto su Rmvapesale, il tuo negozio di fiducia per vaporizzatori usa e getta di alta qualit\u00e0. Con oltre 5 anni di esperienza, ti offriamo marchi popolari di vaporizzatori usa e getta come Al Fakher, <a href=\"https:\/\/rmvapesale.com\/it\/prodotto\/vapme-crystal-7000-puffs-rechargeable-disposable-vape-price\/\">Vapme<\/a>, <a href=\"https:\/\/rmvapesale.com\/it\/categoria-prodotto\/bang-vapes\/\">Bang Vape<\/a>, Waspe, <a href=\"https:\/\/rmvapesale.com\/it\/prodotto\/wga-crystal-pro-max-extra-15k-puffs-disposable-vape-wholesale\/\">WGA<\/a> Vape e<a href=\"https:\/\/rmvapesale.com\/it\/categoria-prodotto\/randm-fumot-vape\/\"> RandM Vape<\/a>.<\/p>\n<p>La nostra gamma comprende vapes di tendenza come il <a href=\"https:\/\/rmvapesale.com\/it\/prodotto\/fumot-digital-box-12000-disposable-vape-pink-lemonade-flavor\/\">RandM 12k<\/a> e opzioni ricche di gusto come l' <a href=\"https:\/\/rmvapesale.com\/it\/prodotto\/elfbar-combo-25000-puffs-rechargeable-disposable-vape-wholesale\/\">ELFBAR Combo 25000 Puff<\/a>. Ogni prodotto \u00e8 scelto con un focus su qualit\u00e0, valore e variet\u00e0, per assicurarti di trovare la corrispondenza perfetta per le tue esigenze. Scopri un servizio eccezionale e una vasta gamma di prodotti di punta su Rmvapesale.<\/p>\n<\/div>\n<h3><\/h3>\n<div class=\"relative p-1 rounded-sm flex items-center justify-center bg-token-main-surface-primary text-token-text-primary h-8 w-8\">\n<h3><b>VOPK 30000 Schermo digitale Ricaricabile V usa e getta Domande frequenti<\/b><\/h3>\n<\/div>\n<p><strong>D: Come faccio a sapere quando il mio V usa e getta ricaricabile con schermo digitale VOPK ULTRA 30000 \u00e8 scarico?<\/strong><br \/>\nIl VOPK ULTRA 30000 \u00e8 dotato di uno schermo digitale intelligente che visualizza il livello del liquido, rendendo facile vedere quando la tua V sta per esaurirsi. Quando il display del liquido mostra che \u00e8 quasi vuoto o noti una diminuzione della qualit\u00e0 del vapore e dell'aroma, \u00e8 il momento di sostituire il dispositivo.<\/p>\n<p><strong>D: Quanto tempo ci vuole per caricare una V da 30000 tiri VOPK ULTRA?<\/strong><br \/>\nIl VOPK ULTRA 30000 \u00e8 progettato con ricarica rapida di tipo C, che gli consente di caricarsi completamente in circa 1-1,5 ore.<\/p>\n<p><strong>D: Quanta nicotina c'\u00e8 in una V usa e getta da 30000 tiri VOPK ULTRA?<\/strong><br \/>\nQuesta V contiene una concentrazione di nicotina del 5% (50 mg), fornendo un colpo morbido e soddisfacente ad ogni tiro.<\/p>\n<p><strong>D: Dove posso acquistare V usa e getta ricaricabili da 30000 tiri VOPK ULTRA a prezzo all'ingrosso?<\/strong><br \/>\nPer acquisti in blocco e prezzi all'ingrosso, molti fornitori di V offrono il VOPK ULTRA 30000. Puoi consultare i negozi di V online all'ingrosso o rivolgerti ai <strong>distributori di V all'ingrosso<\/strong> per i migliori prezzi.<\/p>\n<p><strong>Posso portare un vaporizzatore usa e getta ricaricabile in aereo?<\/strong><br \/>\nS\u00ec, puoi portare V usa e getta ricaricabili come il VOPK ULTRA 30000 su un aereo, ma deve essere imballato nel bagaglio a mano, poich\u00e9 le batterie al litio non sono generalmente ammesse nel bagaglio da stiva. Assicurati di controllare le politiche specifiche della compagnia aerea in quanto possono variare.<\/p>\n<p><strong>D: Quanti tiri fornisce la V usa e getta ricaricabile con schermo digitale VOPK 30000?<\/strong><br \/>\nIl VOPK 30000 offre una capacit\u00e0 di lunga durata fino a <strong>30.000 tiri<\/strong>.<\/p>\n<p><strong>D: Quanto tempo ci vuole per caricare completamente la V VOPK 30000?<\/strong><br \/>\nCon la sua ricarica di tipo C, il VOPK 30000 raggiunge in genere una carica completa entro <strong>1-1,5 ore<\/strong>.<\/p>\n<\/div>\n<\/div>\n<\/div>\n<h3>Informazioni sulla spedizione<\/h3>\n<div class=\"flex-shrink-0 flex flex-col relative items-end\">\n<div>\n<div class=\"pt-0\">\n<div class=\"gizmo-bot-avatar flex h-8 w-8 items-center justify-center overflow-hidden rounded-full\">\n<div><\/div>\n<div class=\"relative p-1 rounded-sm flex items-center justify-center bg-token-main-surface-primary text-token-text-primary h-8 w-8\"><strong>1. Quali metodi di spedizione vengono utilizzati?<\/strong><\/div>\n<\/div>\n<\/div>\n<\/div>\n<\/div>\n<div class=\"group\/conversation-turn relative flex w-full min-w-0 flex-col agent-turn\">\n<div class=\"flex-col gap-1 md:gap-3\">\n<div class=\"flex max-w-full flex-col flex-grow\">\n<div class=\"min-h-[20px] text-message flex w-full flex-col items-end gap-2 whitespace-normal break-words [.text-message+&amp;]:mt-5 overflow-x-auto\" dir=\"auto\" data-message-author-role=\"assistant\" data-message-id=\"22f8283b-3233-46ff-89a5-c7a41b33abda\">\n<div class=\"flex w-full flex-col gap-1 empty:hidden first:pt-[3px]\">\n<div class=\"markdown prose w-full break-words dark:prose-invert light\">\n<p>Collaboriamo con UPS, DHL, FedEx, DPD e altri vettori leader. Selezioneremo il miglior metodo di spedizione in base alla tua posizione di consegna per assicurarti di ricevere i tuoi prodotti il pi\u00f9 rapidamente possibile.<\/p>\n<\/div>\n<p><strong>2. Quanto tempo ci vuole per arrivare?<\/strong><\/p>\n<p>I pacchi spediti in Italia arrivano solitamente entro 12-15 giorni lavorativi. Forniremo aggiornamenti in tempo reale sullo stato della tua spedizione.<\/p>\n<\/div>\n<\/div>\n<\/div>\n<\/div>\n<\/div>\n<p>&nbsp;<\/p>\n<p>Trova altri prodotti da svapo che potrebbero piacerti:<strong><em><a href=\"https:\/\/rmvapesale.com\/it\/shop-2\/\">acquista ora &gt;&gt;&gt;<\/a><\/em><\/strong><\/p>","protected":false},"excerpt":{"rendered":"<p>VOPK ULTRA 30000 Puffs Vapes Monouso con Doppio Aroma, Basso Contenuto di Nicotina e Schermo Digitale<br \/>\nVOPK 30000 Puffs Acquisto all'ingrosso Vape Pod Monouso Ricaricabili<br \/>\nPenna Vape Monouso VOPK ULTRA 30000 Puffs con Doppio Aroma<\/p>\n<p><img loading=\"lazy\" decoding=\"async\" class=\"size-full wp-image-2375\" src=\"https:\/\/rmvapesale.com\/wp-content\/uploads\/2024\/10\/image.png\" alt=\"Migliore sigaretta elettronica usa e getta\" width=\"229\" height=\"300\" \/><\/p>\n<h3><a href=\"https:\/\/wa.me\/8617776015835\"><span style=\"color: #ff0000\"><strong>WhatsApp: +86 17776015835<\/strong><\/span><\/a><\/h3>\n<p>&nbsp;<\/p>","protected":false},"featured_media":2682,"comment_status":"open","ping_status":"closed","template":"","meta":{"_uag_custom_page_level_css":"","_lmt_disableupdate":"no","_lmt_disable":"","site-sidebar-layout":"default","site-content-layout":"content-boxed-container","ast-site-content-layout":"normal-width-container","site-content-style":"boxed","site-sidebar-style":"unboxed","ast-global-header-display":"","ast-banner-title-visibility":"","ast-main-header-display":"","ast-hfb-above-header-display":"","ast-hfb-below-header-display":"","ast-hfb-mobile-header-display":"","site-post-title":"","ast-breadcrumbs-content":"","ast-featured-img":"","footer-sml-layout":"","theme-transparent-header-meta":"default","adv-header-id-meta":"","stick-header-meta":"","header-above-stick-meta":"","header-main-stick-meta":"","header-below-stick-meta":"","astra-migrate-meta-layouts":"set","ast-page-background-enabled":"default","ast-page-background-meta":{"desktop":{"background-color":"var(--ast-global-color-4)","background-image":"","background-repeat":"repeat","background-position":"center center","background-size":"auto","background-attachment":"scroll","background-type":"","background-media":"","overlay-type":"","overlay-color":"","overlay-opacity":"","overlay-gradient":""},"tablet":{"background-color":"","background-image":"","background-repeat":"repeat","background-position":"center center","background-size":"auto","background-attachment":"scroll","background-type":"","background-media":"","overlay-type":"","overlay-color":"","overlay-opacity":"","overlay-gradient":""},"mobile":{"background-color":"","background-image":"","background-repeat":"repeat","background-position":"center center","background-size":"auto","background-attachment":"scroll","background-type":"","background-media":"","overlay-type":"","overlay-color":"","overlay-opacity":"","overlay-gradient":""}},"ast-content-background-meta":{"desktop":{"background-color":"var(--ast-global-color-5)","background-image":"","background-repeat":"repeat","background-position":"center center","background-size":"auto","background-attachment":"scroll","background-type":"","background-media":"","overlay-type":"","overlay-color":"","overlay-opacity":"","overlay-gradient":""},"tablet":{"background-color":"var(--ast-global-color-5)","background-image":"","background-repeat":"repeat","background-position":"center center","background-size":"auto","background-attachment":"scroll","background-type":"","background-media":"","overlay-type":"","overlay-color":"","overlay-opacity":"","overlay-gradient":""},"mobile":{"background-color":"var(--ast-global-color-5)","background-image":"","background-repeat":"repeat","background-position":"center center","background-size":"auto","background-attachment":"scroll","background-type":"","background-media":"","overlay-type":"","overlay-color":"","overlay-opacity":"","overlay-gradient":""}},"_joinchat":[]},"product_brand":[],"product_cat":[15,25,123,26,28,135,27,137,136,30],"product_tag":[146,188,200,167,127,180,120],"class_list":{"0":"post-2680","1":"product","2":"type-product","3":"status-publish","4":"has-post-thumbnail","6":"product_cat-new-vape-this-week","7":"product_cat-germany-best-selling-vape","8":"product_cat-italy-wholesale-vape","9":"product_cat-netherlands-hot-sale-vape","10":"product_cat-poland-hot-sale-vape","11":"product_cat-spain-best-hot-sale-vape","12":"product_cat-fance-hot-sale-vape","13":"product_cat-rechargeable-vapes","14":"product_cat-smart-screen-vapes","15":"product_cat-minimum-order-quantity-50pcs","16":"product_tag-best-hot-sale-vape","17":"product_tag-buy-vapes-online","18":"product_tag-disposable-hookah-wholesale","19":"product_tag-disposable-vape-with-screen","20":"product_tag-puff-30k","21":"product_tag-shisha-bar","22":"product_tag-vape-wholesale","23":"desktop-align-left","24":"tablet-align-left","25":"mobile-align-left","27":"first","28":"instock","29":"sale","30":"shipping-taxable","31":"purchasable","32":"product-type-simple"},"uagb_featured_image_src":{"full":["https:\/\/rmvapesale.com\/wp-content\/uploads\/2024\/11\/VOPK-ULTRA-30000-Double-Flavor-Digital-Disposable-Vapes-Pen-Wholesale.jpg",800,800,false],"thumbnail":["https:\/\/rmvapesale.com\/wp-content\/uploads\/2024\/11\/VOPK-ULTRA-30000-Double-Flavor-Digital-Disposable-Vapes-Pen-Wholesale-150x150.jpg",150,150,true],"medium":["https:\/\/rmvapesale.com\/wp-content\/uploads\/2024\/11\/VOPK-ULTRA-30000-Double-Flavor-Digital-Disposable-Vapes-Pen-Wholesale-300x300.jpg",300,300,true],"medium_large":["https:\/\/rmvapesale.com\/wp-content\/uploads\/2024\/11\/VOPK-ULTRA-30000-Double-Flavor-Digital-Disposable-Vapes-Pen-Wholesale-768x768.jpg",768,768,true],"large":["https:\/\/rmvapesale.com\/wp-content\/uploads\/2024\/11\/VOPK-ULTRA-30000-Double-Flavor-Digital-Disposable-Vapes-Pen-Wholesale.jpg",800,800,false],"1536x1536":["https:\/\/rmvapesale.com\/wp-content\/uploads\/2024\/11\/VOPK-ULTRA-30000-Double-Flavor-Digital-Disposable-Vapes-Pen-Wholesale.jpg",800,800,false],"2048x2048":["https:\/\/rmvapesale.com\/wp-content\/uploads\/2024\/11\/VOPK-ULTRA-30000-Double-Flavor-Digital-Disposable-Vapes-Pen-Wholesale.jpg",800,800,false],"trp-custom-language-flag":["https:\/\/rmvapesale.com\/wp-content\/uploads\/2024\/11\/VOPK-ULTRA-30000-Double-Flavor-Digital-Disposable-Vapes-Pen-Wholesale.jpg",12,12,false],"woocommerce_thumbnail":["https:\/\/rmvapesale.com\/wp-content\/uploads\/2024\/11\/VOPK-ULTRA-30000-Double-Flavor-Digital-Disposable-Vapes-Pen-Wholesale-300x300.jpg",300,300,true],"woocommerce_single":["https:\/\/rmvapesale.com\/wp-content\/uploads\/2024\/11\/VOPK-ULTRA-30000-Double-Flavor-Digital-Disposable-Vapes-Pen-Wholesale-600x600.jpg",600,600,true],"woocommerce_gallery_thumbnail":["https:\/\/rmvapesale.com\/wp-content\/uploads\/2024\/11\/VOPK-ULTRA-30000-Double-Flavor-Digital-Disposable-Vapes-Pen-Wholesale-100x100.jpg",100,100,true],"wcpr-photo-reviews":["https:\/\/rmvapesale.com\/wp-content\/uploads\/2024\/11\/VOPK-ULTRA-30000-Double-Flavor-Digital-Disposable-Vapes-Pen-Wholesale.jpg",500,500,false]},"uagb_author_info":{"display_name":"AMY","author_link":"https:\/\/rmvapesale.com\/it\/author\/"},"uagb_comment_info":0,"uagb_excerpt":"VOPK ULTRA 30000 Puffs Double Flavor Digital Screen Low Nicotine Disposable Vapes VOPK 30000 Puffs Bulk Buy Wholesale Rechargeable Disposable Vapes Pod VOPK ULTRA 30000 Puffs Double Flavor Disposable Vapes Pen WhatsApp: +86 17776015835 &nbsp;","_links":{"self":[{"href":"https:\/\/rmvapesale.com\/it\/wp-json\/wp\/v2\/product\/2680","targetHints":{"allow":["GET"]}}],"collection":[{"href":"https:\/\/rmvapesale.com\/it\/wp-json\/wp\/v2\/product"}],"about":[{"href":"https:\/\/rmvapesale.com\/it\/wp-json\/wp\/v2\/types\/product"}],"replies":[{"embeddable":true,"href":"https:\/\/rmvapesale.com\/it\/wp-json\/wp\/v2\/comments?post=2680"}],"wp:featuredmedia":[{"embeddable":true,"href":"https:\/\/rmvapesale.com\/it\/wp-json\/wp\/v2\/media\/2682"}],"wp:attachment":[{"href":"https:\/\/rmvapesale.com\/it\/wp-json\/wp\/v2\/media?parent=2680"}],"wp:term":[{"taxonomy":"product_brand","embeddable":true,"href":"https:\/\/rmvapesale.com\/it\/wp-json\/wp\/v2\/product_brand?post=2680"},{"taxonomy":"product_cat","embeddable":true,"href":"https:\/\/rmvapesale.com\/it\/wp-json\/wp\/v2\/product_cat?post=2680"},{"taxonomy":"product_tag","embeddable":true,"href":"https:\/\/rmvapesale.com\/it\/wp-json\/wp\/v2\/product_tag?post=2680"}],"curies":[{"name":"wp","href":"https:\/\/api.w.org\/{rel}","templated":true}]}}