{"id":2702,"date":"2024-11-08T07:20:19","date_gmt":"2024-11-08T07:20:19","guid":{"rendered":"https:\/\/rmvapesale.com\/?post_type=product&#038;p=2702"},"modified":"2024-11-08T07:51:08","modified_gmt":"2024-11-08T07:51:08","slug":"bang-king-shisha-25000-crown-bar-rechargeable-disposable-vape","status":"publish","type":"product","link":"https:\/\/rmvapesale.com\/it\/prodotto\/bang-king-shisha-25000-crown-bar-rechargeable-disposable-vape\/","title":{"rendered":"Bang King Shisha 25000 Crown Bar Vape Monouso Ricaricabile"},"content":{"rendered":"<div class=\"B2VR9 CJHX3e\">\n<div class=\"wyccme\">\n<h1 class=\"LC20lb MBeuO DKV0Md\">Bang King Shisha 25000 Crown Bar Vape Monouso Ricaricabile<\/h1>\n<div class=\"flex-shrink-0 flex flex-col relative items-end\">\n<div class=\"pt-0\">\n<div class=\"gizmo-bot-avatar flex h-8 w-8 items-center justify-center overflow-hidden rounded-full\">\n<div class=\"relative p-1 rounded-sm flex items-center justify-center bg-token-main-surface-primary text-token-text-primary h-8 w-8\">\n<p>Preparati a elevare il tuo livello di svapo con il <strong>Bang King Shisha 25000 Crown Bar<\/strong>\u2014l'ultimo vape usa e getta ricaricabile da <strong>marchi di vape monouso popolari <\/strong><strong>Bang Vape<\/strong>. Questo dispositivo non \u00e8 solo per lo svapo; serve a portare ogni tiro al livello successivo. Con fino a <strong>25.000 puff<\/strong>, puoi dimenticare le sostituzioni costanti e goderti ore di nuvole morbide e soddisfacenti che durano.<\/p>\n<h3><\/h3>\n<ul>\n<li><strong>Grande Numero di Puff<\/strong>: Vai fino in fondo con <strong>fino a 25.000 puff<\/strong>! Questo \u00e8 pi\u00f9 che sufficiente per un divertimento duraturo.<\/li>\n<li><strong>Capacit\u00e0 Generosa di E-juice<\/strong>: Ricco di <strong>30ml di e-juice<\/strong>, cos\u00ec puoi svapare senza interruzioni.<\/li>\n<li><strong>Batteria ricaricabile<\/strong>: Dotato di una potente <strong>Batteria da 650 mAh<\/strong> e <strong>ricarica di tipo C<\/strong> per ricariche rapide e senza problemi.<\/li>\n<li><strong>Design Compatto e Portatile<\/strong>: Perfettamente elegante, il <strong>Bang King Shisha Bar<\/strong> si adatta facilmente alla tua mano o tasca. Portalo ovunque tu voglia, dal club al divano!<\/li>\n<li><strong>Extravaganza di Gusto<\/strong>: Con <strong>12 gusti sensazionali<\/strong> come Vimto Bull E Shisha Lemon Mint e Ghiaccio Di Anguria, troverai sicuramente una combinazione per ogni atmosfera.<\/li>\n<li><strong>Display a LED Schermo Intelligente:<\/strong> Con uno schermo digitale per il livello della batteria e dell'olio per un uso semplice.<\/li>\n<\/ul>\n<p>Se stai cercando <strong>Acquisto all'ingrosso<\/strong> opzioni, hai bisogno di un <strong>Sigaretta elettronica usa e getta<\/strong>affidabile, o semplicemente vuoi un <strong>svapo usa e getta a basso contenuto di nicotina<\/strong>, la <strong>Bang King Shisha 25000<\/strong> \u00e8 quello che fa per te. Perfetto per gli appassionati di <strong>sigarette elettroniche ricaricabili<\/strong>, <strong>sigarette elettroniche all'ingrosso<\/strong>. Acquista il tuo ora e goditi un'esperienza di svapo straordinaria!<\/p>\n<p>Se sei pronto per un<strong> bar shisha<\/strong> esperienza di alta qualit\u00e0 che offre gusto, portabilit\u00e0 e potenza, il <strong>Bang King 25000 Crown Bar<\/strong> ti aspetta.<\/p>\n<p>&nbsp;<\/p>\n<\/div>\n<\/div>\n<\/div>\n<\/div>\n<\/div>\n<\/div>\n<p><strong>Contatta Amy per ottenere la risposta giusta e un coupon per lo svapo!<\/strong><\/p>\n<p><img loading=\"lazy\" decoding=\"async\" class=\"size-full wp-image-1978\" src=\"https:\/\/rmvapesale.com\/wp-content\/uploads\/2024\/09\/Disposable-Vape-Wholesale.jpg\" alt=\"Vaporizzatore Usa e Getta Ingrosso\" width=\"229\" height=\"300\" \/><\/p>\n<h3><a href=\"https:\/\/wa.me\/8617776015835\" target=\"_blank\" rel=\"noopener\"><span style=\"color: #ff0000\"><strong>WhatsApp: +86 17776015835<\/strong><\/span><\/a><\/h3>\n<p>&nbsp;<\/p>\n<h2><\/h2>\n<h2><strong>Bang King Shisha 25000 Crown Bar\u00a0Vape usa e getta ricaricabile <\/strong><strong>Caratteristiche Principali<\/strong><\/h2>\n<p>Marca: Bang Vape<br \/>\nPuff: 25000 puff<br \/>\nOlio: 30ml E-juice pre-riempito<br \/>\nNicotine: 0% 2% 5% Concentrazione di Nicotina<br \/>\nBatteria: Batteria ricaricabile da 650mAh<\/p>\n<p>&nbsp;<\/p>\n<h2><strong>Gusto principale per Bang King Shisha 25000 Crown Bar Vape usa e getta<\/strong><\/h2>\n<p>1. Lampone blu limonata <span style=\"color: #ff0000\"><strong>&gt;&gt;&gt;&gt; Caldo!<\/strong><\/span><br \/>\n2. Mirtillo Raspberry Sour <span style=\"color: #ff0000\"><strong>&gt;&gt;&gt;&gt; Migliore!<\/strong><\/span><br \/>\n3. Sangue cattivo<br \/>\n4. CUSH MAN<br \/>\n5. Doppio mela<br \/>\n6.Ghiaccio Anguria<br \/>\n7.Vimto Bull <span style=\"color: #ff0000\"><strong>&gt;&gt;&gt;&gt; Caldo!<\/strong><\/span><br \/>\n8.Mirtillo uva<br \/>\n9.Ciliegia al Limone<br \/>\n10.Anguria, Melone Honeydew, Frutto della Passione<br \/>\n11.Shisha Limone Menta<br \/>\n12.Peachice<\/p>\n<figure id=\"attachment_2696\" aria-describedby=\"caption-attachment-2696\" style=\"width: 800px\" class=\"wp-caption alignnone\"><img loading=\"lazy\" decoding=\"async\" class=\"wp-image-2696 size-full\" src=\"https:\/\/rmvapesale.com\/wp-content\/uploads\/2024\/11\/Bang-King-25000-EShisha-Disposable-Vape.png\" alt=\"Vape usa e getta Bang King 25000 EShisha\" width=\"800\" height=\"800\" srcset=\"https:\/\/rmvapesale.com\/wp-content\/uploads\/2024\/11\/Bang-King-25000-EShisha-Disposable-Vape.png 800w, https:\/\/rmvapesale.com\/wp-content\/uploads\/2024\/11\/Bang-King-25000-EShisha-Disposable-Vape-300x300.png 300w, https:\/\/rmvapesale.com\/wp-content\/uploads\/2024\/11\/Bang-King-25000-EShisha-Disposable-Vape-150x150.png 150w, https:\/\/rmvapesale.com\/wp-content\/uploads\/2024\/11\/Bang-King-25000-EShisha-Disposable-Vape-768x768.png 768w, https:\/\/rmvapesale.com\/wp-content\/uploads\/2024\/11\/Bang-King-25000-EShisha-Disposable-Vape-600x600.png 600w, https:\/\/rmvapesale.com\/wp-content\/uploads\/2024\/11\/Bang-King-25000-EShisha-Disposable-Vape-100x100.png 100w\" sizes=\"auto, (max-width: 800px) 100vw, 800px\" \/><figcaption id=\"caption-attachment-2696\" class=\"wp-caption-text\">Vape usa e getta Bang King 25000 EShisha<\/figcaption><\/figure>\n<h3><\/h3>\n<h3><strong>Perch\u00e9 scegliere Rmvapesale per Bang Shisha 25000 <\/strong><strong>V<\/strong><strong>vapo all'ingrosso<\/strong><strong>?<\/strong><\/h3>\n<div class=\"flex-shrink-0 flex flex-col relative items-end\">\n<div class=\"pt-0\">\n<div class=\"gizmo-bot-avatar flex h-8 w-8 items-center justify-center overflow-hidden rounded-full\">\n<div class=\"relative p-1 rounded-sm flex items-center justify-center bg-token-main-surface-primary text-token-text-primary h-8 w-8\">\n<p>Benvenuto su Rmvapesale, il tuo negozio di fiducia per vaporizzatori usa e getta di alta qualit\u00e0. Con oltre 5 anni di esperienza, ti offriamo marchi popolari di vaporizzatori usa e getta come Al Fakher, <a href=\"https:\/\/rmvapesale.com\/it\/prodotto\/vapme-crystal-7000-puffs-rechargeable-disposable-vape-price\/\">Vapme<\/a>, <a href=\"https:\/\/rmvapesale.com\/it\/categoria-prodotto\/bang-vapes\/\">Bang Vape<\/a>, Waspe, <a href=\"https:\/\/rmvapesale.com\/it\/prodotto\/wga-crystal-pro-max-extra-15k-puffs-disposable-vape-wholesale\/\">WGA<\/a> Vape e<a href=\"https:\/\/rmvapesale.com\/it\/categoria-prodotto\/randm-fumot-vape\/\"> RandM Vape<\/a>.<\/p>\n<p>La nostra gamma comprende vapes di tendenza come il <a href=\"https:\/\/rmvapesale.com\/it\/prodotto\/fumot-digital-box-12000-disposable-vape-pink-lemonade-flavor\/\">RandM 12k<\/a> e opzioni ricche di gusto come l' <a href=\"https:\/\/rmvapesale.com\/it\/prodotto\/elfbar-combo-25000-puffs-rechargeable-disposable-vape-wholesale\/\">ELFBAR Combo 25000 Puff<\/a>. Ogni prodotto \u00e8 scelto con un focus su qualit\u00e0, valore e variet\u00e0, per assicurarti di trovare la corrispondenza perfetta per le tue esigenze. Scopri un servizio eccezionale e una vasta gamma di prodotti di punta su Rmvapesale.<\/p>\n<\/div>\n<h3><\/h3>\n<div class=\"relative p-1 rounded-sm flex items-center justify-center bg-token-main-surface-primary text-token-text-primary h-8 w-8\">\n<h3><b>FAQ su Bang King Shisha 25000 Crown Bar Schermo, Ricaricabile, Vape usa e getta<\/b><\/h3>\n<p><strong>D: Quali sono i gusti pi\u00f9 popolari per la penna vape usa e getta Bang King Shisha 25000?<\/strong><br \/>\nA: Il <strong>Bang King Shisha 25000<\/strong> offre una variet\u00e0 di gusti popolari, tra cui <strong>Vimto Bull E Shisha, Limone Menta e Ghiaccio di Anguria<\/strong>. Questi gusti soddisfano una vasta gamma di preferenze, offrendo un'esperienza di svapo ricca e appagante.<\/p>\n<p><strong>D: Come posso sapere quando il mio Vape intelligente Bang Shisha 25000 \u00e8 vuoto?<\/strong><br \/>\nR: Saprai che \u00e8 il momento di ricaricare o sostituire il vape quando la <strong>produzione di vapore diminuisce significativamente<\/strong>, e il <strong>gusto potrebbe anche risultare pi\u00f9 debole o bruciato<\/strong>. Alcuni vape potrebbero anche avere un indicatore LED per avvisarti.<\/p>\n<p><strong>D: Quanto tempo ci vuole per caricare un Vape ricaricabile Bang 25000?<\/strong><br \/>\nA: Il <strong>Bang 25000<\/strong> caratteristiche della sigaretta elettronica ricaricabile <strong>Batteria da 650 mAh<\/strong> e supporta <strong>ricarica di tipo C<\/strong>, di solito richiede circa <strong>1\u20132 ore per una ricarica completa<\/strong>.<\/p>\n<p><strong>D: Dove acquistare Bang Shisha 25000 Puff Vapes a prezzo all'ingrosso?<\/strong><br \/>\nR: Puoi acquistare il <strong>Bang Shisha 25000<\/strong> a prezzi all'ingrosso da negozi online <strong>cURL Too many subrequests.<\/strong>. Cerca rivenditori affidabili <strong>negozi di vaporizzatori<\/strong> che offrono acquisti all'ingrosso di <strong>svapate usa e getta Bang<\/strong> per le migliori opzioni di prezzo.<\/p>\n<p><strong>Posso portare un vaporizzatore usa e getta ricaricabile in aereo?<\/strong><br \/>\nR: S\u00ec, puoi portare sigarette elettroniche usa e getta ricaricabili in aereo, ma devono essere <strong>trasportate nel bagaglio a mano<\/strong>, poich\u00e9 le politiche delle compagnie aeree di solito richiedono che le sigarette elettroniche siano nelle borse a mano a causa delle normative sulle batterie.<\/p>\n<p><strong>D: Quante boccate fornisce la sigaretta elettronica Bang Shisha 25000?<\/strong><br \/>\nA: Il <strong>Bang Shisha 25000<\/strong> fornisce <strong>fino a 25.000 puff<\/strong>, garantendo un'esperienza di svapo prolungata e comoda.<\/p>\n<p><strong>D: Quanto tempo ci vuole per ricaricare completamente la sigaretta elettronica Bang 25000?<\/strong><br \/>\nR: Una ricarica completa sulla <strong>sigaretta elettronica Bang 25000<\/strong> richiede circa <strong>1\u20132 ore<\/strong> a causa della sua <strong>Capacit\u00e0 di ricarica rapida Type-C<\/strong> con un <strong>Batteria da 650 mAh<\/strong>.<\/p>\n<\/div>\n<div class=\"mb-2 flex gap-3 empty:hidden -ml-2\"><\/div>\n<p>&nbsp;<\/p>\n<\/div>\n<\/div>\n<\/div>\n<h3>Informazioni sulla spedizione<\/h3>\n<div class=\"flex-shrink-0 flex flex-col relative items-end\">\n<div>\n<div class=\"pt-0\">\n<div class=\"gizmo-bot-avatar flex h-8 w-8 items-center justify-center overflow-hidden rounded-full\">\n<div><\/div>\n<div class=\"relative p-1 rounded-sm flex items-center justify-center bg-token-main-surface-primary text-token-text-primary h-8 w-8\"><strong>1. Quali metodi di spedizione vengono utilizzati?<\/strong><\/div>\n<\/div>\n<\/div>\n<\/div>\n<\/div>\n<div class=\"group\/conversation-turn relative flex w-full min-w-0 flex-col agent-turn\">\n<div class=\"flex-col gap-1 md:gap-3\">\n<div class=\"flex max-w-full flex-col flex-grow\">\n<div class=\"min-h-[20px] text-message flex w-full flex-col items-end gap-2 whitespace-normal break-words [.text-message+&amp;]:mt-5 overflow-x-auto\" dir=\"auto\" data-message-author-role=\"assistant\" data-message-id=\"22f8283b-3233-46ff-89a5-c7a41b33abda\">\n<div class=\"flex w-full flex-col gap-1 empty:hidden first:pt-[3px]\">\n<div class=\"markdown prose w-full break-words dark:prose-invert light\">\n<p>Collaboriamo con UPS, DHL, FedEx, DPD e altri vettori leader. Selezioneremo il miglior metodo di spedizione in base alla tua posizione di consegna per assicurarti di ricevere i tuoi prodotti il pi\u00f9 rapidamente possibile.<\/p>\n<\/div>\n<p><strong>2. Quanto tempo ci vuole per arrivare?<\/strong><\/p>\n<p>I pacchi spediti in Italia arrivano solitamente entro 12-15 giorni lavorativi. Forniremo aggiornamenti in tempo reale sullo stato della tua spedizione.<\/p>\n<\/div>\n<\/div>\n<\/div>\n<\/div>\n<\/div>\n<p>&nbsp;<\/p>\n<p>Trova altri prodotti da svapo che potrebbero piacerti:<strong><em><a href=\"https:\/\/rmvapesale.com\/it\/shop-2\/\">acquista ora &gt;&gt;&gt;<\/a><\/em><\/strong><\/p>","protected":false},"excerpt":{"rendered":"<p>Bang King 25000 Puff 0% 2% 5% Vape usa e getta a basso contenuto di nicotina<br \/>\nBang King 25000 Vape usa e getta all'ingrosso Prezzo fornitore<br \/>\nBang King Shisha 25000 Grandi Nuvole Schermo Display Vape usa e getta<\/p>\n<p><img loading=\"lazy\" decoding=\"async\" class=\"size-full wp-image-2375\" src=\"https:\/\/rmvapesale.com\/wp-content\/uploads\/2024\/10\/image.png\" alt=\"Migliore sigaretta elettronica usa e getta\" width=\"229\" height=\"300\" \/><\/p>\n<h3><a href=\"https:\/\/wa.me\/8617776015835\"><span style=\"color: #ff0000\"><strong>WhatsApp: +86 17776015835<\/strong><\/span><\/a><\/h3>\n<p>&nbsp;<\/p>","protected":false},"featured_media":2698,"comment_status":"open","ping_status":"closed","template":"","meta":{"_uag_custom_page_level_css":"","_lmt_disableupdate":"no","_lmt_disable":"","site-sidebar-layout":"default","site-content-layout":"content-boxed-container","ast-site-content-layout":"normal-width-container","site-content-style":"boxed","site-sidebar-style":"unboxed","ast-global-header-display":"","ast-banner-title-visibility":"","ast-main-header-display":"","ast-hfb-above-header-display":"","ast-hfb-below-header-display":"","ast-hfb-mobile-header-display":"","site-post-title":"","ast-breadcrumbs-content":"","ast-featured-img":"","footer-sml-layout":"","theme-transparent-header-meta":"default","adv-header-id-meta":"","stick-header-meta":"","header-above-stick-meta":"","header-main-stick-meta":"","header-below-stick-meta":"","astra-migrate-meta-layouts":"set","ast-page-background-enabled":"default","ast-page-background-meta":{"desktop":{"background-color":"var(--ast-global-color-4)","background-image":"","background-repeat":"repeat","background-position":"center center","background-size":"auto","background-attachment":"scroll","background-type":"","background-media":"","overlay-type":"","overlay-color":"","overlay-opacity":"","overlay-gradient":""},"tablet":{"background-color":"","background-image":"","background-repeat":"repeat","background-position":"center center","background-size":"auto","background-attachment":"scroll","background-type":"","background-media":"","overlay-type":"","overlay-color":"","overlay-opacity":"","overlay-gradient":""},"mobile":{"background-color":"","background-image":"","background-repeat":"repeat","background-position":"center center","background-size":"auto","background-attachment":"scroll","background-type":"","background-media":"","overlay-type":"","overlay-color":"","overlay-opacity":"","overlay-gradient":""}},"ast-content-background-meta":{"desktop":{"background-color":"var(--ast-global-color-5)","background-image":"","background-repeat":"repeat","background-position":"center center","background-size":"auto","background-attachment":"scroll","background-type":"","background-media":"","overlay-type":"","overlay-color":"","overlay-opacity":"","overlay-gradient":""},"tablet":{"background-color":"var(--ast-global-color-5)","background-image":"","background-repeat":"repeat","background-position":"center center","background-size":"auto","background-attachment":"scroll","background-type":"","background-media":"","overlay-type":"","overlay-color":"","overlay-opacity":"","overlay-gradient":""},"mobile":{"background-color":"var(--ast-global-color-5)","background-image":"","background-repeat":"repeat","background-position":"center center","background-size":"auto","background-attachment":"scroll","background-type":"","background-media":"","overlay-type":"","overlay-color":"","overlay-opacity":"","overlay-gradient":""}},"_joinchat":[]},"product_brand":[],"product_cat":[15,25,123,26,28,135,27,137,136,30],"product_tag":[169,188,208,167,207,206,120],"class_list":{"0":"post-2702","1":"product","2":"type-product","3":"status-publish","4":"has-post-thumbnail","6":"product_cat-new-vape-this-week","7":"product_cat-germany-best-selling-vape","8":"product_cat-italy-wholesale-vape","9":"product_cat-netherlands-hot-sale-vape","10":"product_cat-poland-hot-sale-vape","11":"product_cat-spain-best-hot-sale-vape","12":"product_cat-fance-hot-sale-vape","13":"product_cat-rechargeable-vapes","14":"product_cat-smart-screen-vapes","15":"product_cat-minimum-order-quantity-50pcs","16":"product_tag-best-disposable-vape-2024","17":"product_tag-buy-vapes-online","18":"product_tag-crown-bar","19":"product_tag-disposable-vape-with-screen","20":"product_tag-puff-vape","21":"product_tag-smart-phone-vape","22":"product_tag-vape-wholesale","23":"desktop-align-left","24":"tablet-align-left","25":"mobile-align-left","27":"first","28":"instock","29":"sale","30":"shipping-taxable","31":"purchasable","32":"product-type-simple"},"uagb_featured_image_src":{"full":["https:\/\/rmvapesale.com\/wp-content\/uploads\/2024\/11\/BangKing-25000-Puffs-Crown-Bar-Disposable-Vape.png",800,800,false],"thumbnail":["https:\/\/rmvapesale.com\/wp-content\/uploads\/2024\/11\/BangKing-25000-Puffs-Crown-Bar-Disposable-Vape-150x150.png",150,150,true],"medium":["https:\/\/rmvapesale.com\/wp-content\/uploads\/2024\/11\/BangKing-25000-Puffs-Crown-Bar-Disposable-Vape-300x300.png",300,300,true],"medium_large":["https:\/\/rmvapesale.com\/wp-content\/uploads\/2024\/11\/BangKing-25000-Puffs-Crown-Bar-Disposable-Vape-768x768.png",768,768,true],"large":["https:\/\/rmvapesale.com\/wp-content\/uploads\/2024\/11\/BangKing-25000-Puffs-Crown-Bar-Disposable-Vape.png",800,800,false],"1536x1536":["https:\/\/rmvapesale.com\/wp-content\/uploads\/2024\/11\/BangKing-25000-Puffs-Crown-Bar-Disposable-Vape.png",800,800,false],"2048x2048":["https:\/\/rmvapesale.com\/wp-content\/uploads\/2024\/11\/BangKing-25000-Puffs-Crown-Bar-Disposable-Vape.png",800,800,false],"trp-custom-language-flag":["https:\/\/rmvapesale.com\/wp-content\/uploads\/2024\/11\/BangKing-25000-Puffs-Crown-Bar-Disposable-Vape.png",12,12,false],"woocommerce_thumbnail":["https:\/\/rmvapesale.com\/wp-content\/uploads\/2024\/11\/BangKing-25000-Puffs-Crown-Bar-Disposable-Vape-300x300.png",300,300,true],"woocommerce_single":["https:\/\/rmvapesale.com\/wp-content\/uploads\/2024\/11\/BangKing-25000-Puffs-Crown-Bar-Disposable-Vape-600x600.png",600,600,true],"woocommerce_gallery_thumbnail":["https:\/\/rmvapesale.com\/wp-content\/uploads\/2024\/11\/BangKing-25000-Puffs-Crown-Bar-Disposable-Vape-100x100.png",100,100,true],"wcpr-photo-reviews":["https:\/\/rmvapesale.com\/wp-content\/uploads\/2024\/11\/BangKing-25000-Puffs-Crown-Bar-Disposable-Vape.png",500,500,false]},"uagb_author_info":{"display_name":"AMY","author_link":"https:\/\/rmvapesale.com\/it\/author\/"},"uagb_comment_info":0,"uagb_excerpt":"Bang King 25000 Puffs 0% 2% 5% Low Nicotine Disposable Vape Bang King 25000 Disposable Vape Wholesale Supplier Price Bang King Shisha 25000 Big Clouds Display Screen Disposable Vape WhatsApp: +86 17776015835 &nbsp;","_links":{"self":[{"href":"https:\/\/rmvapesale.com\/it\/wp-json\/wp\/v2\/product\/2702","targetHints":{"allow":["GET"]}}],"collection":[{"href":"https:\/\/rmvapesale.com\/it\/wp-json\/wp\/v2\/product"}],"about":[{"href":"https:\/\/rmvapesale.com\/it\/wp-json\/wp\/v2\/types\/product"}],"replies":[{"embeddable":true,"href":"https:\/\/rmvapesale.com\/it\/wp-json\/wp\/v2\/comments?post=2702"}],"wp:featuredmedia":[{"embeddable":true,"href":"https:\/\/rmvapesale.com\/it\/wp-json\/wp\/v2\/media\/2698"}],"wp:attachment":[{"href":"https:\/\/rmvapesale.com\/it\/wp-json\/wp\/v2\/media?parent=2702"}],"wp:term":[{"taxonomy":"product_brand","embeddable":true,"href":"https:\/\/rmvapesale.com\/it\/wp-json\/wp\/v2\/product_brand?post=2702"},{"taxonomy":"product_cat","embeddable":true,"href":"https:\/\/rmvapesale.com\/it\/wp-json\/wp\/v2\/product_cat?post=2702"},{"taxonomy":"product_tag","embeddable":true,"href":"https:\/\/rmvapesale.com\/it\/wp-json\/wp\/v2\/product_tag?post=2702"}],"curies":[{"name":"wp","href":"https:\/\/api.w.org\/{rel}","templated":true}]}}