{"id":2728,"date":"2024-11-12T09:27:46","date_gmt":"2024-11-12T09:27:46","guid":{"rendered":"https:\/\/rmvapesale.com\/?post_type=product&#038;p=2728"},"modified":"2024-11-12T09:34:14","modified_gmt":"2024-11-12T09:34:14","slug":"randm-tornado-9000-puff-rechargeable-diposable-vape-wholesale-blueberry-raspberry-flavor","status":"publish","type":"product","link":"https:\/\/rmvapesale.com\/it\/prodotto\/randm-tornado-9000-puff-rechargeable-diposable-vape-wholesale-blueberry-raspberry-flavor\/","title":{"rendered":"RandM Tornado 9000 puff Sigaretta usa e getta ricaricabile gusto Mirtillo Lampone Prezzo all'ingrosso"},"content":{"rendered":"<div class=\"B2VR9 CJHX3e\">\n<div class=\"wyccme\">\n<h1 class=\"LC20lb MBeuO DKV0Md\">RandM Tornado 9000 puff Sigaretta usa e getta ricaricabile gusto Mirtillo Lampone Prezzo all'ingrosso<\/h1>\n<div class=\"flex-shrink-0 flex flex-col relative items-end\">\n<div class=\"pt-0\">\n<div class=\"gizmo-bot-avatar flex h-8 w-8 items-center justify-center overflow-hidden rounded-full\">\n<div class=\"relative p-1 rounded-sm flex items-center justify-center bg-token-main-surface-primary text-token-text-primary h-8 w-8\">\n<p>Il vaporizzatore usa e getta ricaricabile RandM Tornado 9000 Puff al gusto di mirtillo e lampone \u00e8 progettato per offrire ai vapers un'esperienza premium e di lunga durata. Con ben oltre 9000 tiri, questo dispositivo \u00e8 perfetto per chi cerca la comodit\u00e0 senza compromettere la qualit\u00e0. La capacit\u00e0 di 18 ml di e-liquid offre una miscela omogenea di mirtillo e lampone, combinando note dolci e aspre in ogni tiro. Arricchito con sale di nicotina, questo vaporizzatore garantisce un colpo di nicotina soddisfacente e costante, rendendolo ideale per i vapers che amano i sapori ricchi con un tocco in pi\u00f9.<\/p>\n<p>Questo dispositivo \u00e8 dotato di una batteria ricaricabile da 850 mAh che consente una ricarica facile e veloce tramite una porta di tipo C, assicurandoti di poter continuare a svapare senza interruzioni. Il meccanismo di attivazione a estrazione del RandM Tornado 9000 lo rende semplice da usare: basta inalare per godersi il vapore saporito. Una vivace luce RGB aggiunge un tocco di stile al vaporizzatore, facendolo risaltare in qualsiasi ambiente. Che tu sia un vaper esperto o un nuovo utente, il RandM Tornado 9K al mirtillo e lampone offre un'esperienza di alta qualit\u00e0 progettata per il divertimento e l'affidabilit\u00e0.<\/p>\n<p>&nbsp;<\/p>\n<\/div>\n<\/div>\n<\/div>\n<\/div>\n<\/div>\n<\/div>\n<p><strong>Contatta Amy per ottenere la risposta giusta e un coupon per lo svapo!<\/strong><\/p>\n<p><img loading=\"lazy\" decoding=\"async\" class=\"size-full wp-image-1978\" src=\"https:\/\/rmvapesale.com\/wp-content\/uploads\/2024\/09\/Disposable-Vape-Wholesale.jpg\" alt=\"Vaporizzatore Usa e Getta Ingrosso\" width=\"229\" height=\"300\" \/><\/p>\n<h3><a href=\"https:\/\/wa.me\/8617776015835\" target=\"_blank\" rel=\"noopener\"><span style=\"color: #ff0000\"><strong>WhatsApp: +86 17776015835<\/strong><\/span><\/a><\/h3>\n<p>&nbsp;<\/p>\n<h2><\/h2>\n<h2><strong>RandM Tornado 9000 <\/strong><strong>Caratteristiche Principali<\/strong><\/h2>\n<ul>\n<li>Oltre 9000 boccate per un uso prolungato e soddisfazione<\/li>\n<li>18 ml di e-liquid al sale di nicotina ai mirtilli e lamponi per un sapore equilibrato<\/li>\n<li>Batteria ricaricabile da 850 mAh con ricarica rapida di tipo C<\/li>\n<li>Attivazione tramite estrazione per un utilizzo senza problemi, senza bisogno di pulsanti<\/li>\n<li>L'elegante illuminazione RGB aggiunge un tocco visivo colorato<\/li>\n<\/ul>\n<p>&nbsp;<\/p>\n<h2><strong>Gusto top RandM Tornado 9000<\/strong><\/h2>\n<p>1 Mirtillo Lampone <span style=\"color: #ff0000\"><strong>&gt;&gt;&gt;&gt; Caldo!<\/strong><\/span><br \/>\n2 Mr Blue <span style=\"color: #ff0000\"><strong>&gt;&gt;&gt;&gt; Caldo!<\/strong><\/span><br \/>\n3 Fragola Anguria<br \/>\n4 Aranciata<br \/>\n5 Gomma da masticare all'anguria<br \/>\n6 Caramelle arcobaleno<br \/>\n7 Limonata rosa <span style=\"color: #ff0000\"><strong>&gt;&gt;&gt;&gt; Caldo!<\/strong><\/span><br \/>\n8 Pesca Mango Ananas<br \/>\n9 Banana alla fragola<br \/>\n10 Ghiaccio rigoglioso<br \/>\n11 Ghiaccio del drago nero<br \/>\n12 Aloe Uva<br \/>\n13 Ghiaccio Blue Razz<br \/>\n14 Kiwi frutto della passione Guava<br \/>\n15 Orsetto gommoso<br \/>\n16 Frutti di bosco misti <span style=\"color: #ff0000\"><strong>&gt;&gt;&gt;&gt; Caldo!<\/strong><\/span><br \/>\n17 Menta fresca<br \/>\n18 Lampone Anguria<br \/>\n19 Limonata alla Pesca<br \/>\n20 Ghiaccio alla Guava<br \/>\n21 Limonata alla Fragola<br \/>\n22 Ghiaccio Anguria Brazz<br \/>\n23 Crema Pasticcera alla Banana<br \/>\n24 Pesca e Frutti di Bosco<br \/>\n25 Crema di Fragole<br \/>\n26 Caramella Acida<br \/>\n27 Limone<br \/>\n28 Ciliegia<br \/>\n29 Ciliegia Frizzante <span style=\"color: #ff0000\"><strong>&gt;&gt;&gt;&gt; Caldo!<\/strong><\/span><br \/>\n30 Mirtillo Ciliegia Mirtillo Rosso<br \/>\n31 Vimto<br \/>\n32 Caramelle Miste<br \/>\n33 Ghiaccio Nero <span style=\"color: #ff0000\"><strong>&gt;&gt;&gt;&gt; Migliore!<\/strong><\/span><br \/>\n34 Uva<br \/>\n35 Ghiaccio Bluelicious<br \/>\n36 Ghiaccio alla Fragola<br \/>\n37 Blue Razz Kush<br \/>\n38 Ghiacciolo<br \/>\n39 Lampone Acido al Mirtillo<br \/>\n40 Ananas<br \/>\n41 Cherry Peach Lemonade<br \/>\n42 Ghiaccio alla ciliegia, fragola e lampone<br \/>\n43 Mango triplo<br \/>\n44 Ghiaccio alla fragola e lampone<br \/>\n45 Gomma da masticare alla fragola e anguria<br \/>\n46 Prime Fragola Anguria<br \/>\n47 Ghiaccio all'anguria<br \/>\n48 Ghiaccio ai mirtilli <span style=\"color: #ff0000\"><strong>&gt;&gt;&gt;&gt; Caldo!<\/strong><\/span><br \/>\n49 Watermelon Skittle<br \/>\n50 Mango di Paglia<br \/>\n51 Pomp di Fragola (Melograno)<br \/>\n52 Ghiaccio di Pesca Estiva<br \/>\n53 Ciliegia e Frutti di Bosco<br \/>\n54 Cola alla Ciliegia<br \/>\n55 Anguria Prime<br \/>\n56 Uva e Fragola<br \/>\n57 Sangue di Tigre <span style=\"color: #ff0000\"><strong>&gt;&gt;&gt;&gt; Caldo!<\/strong><\/span><br \/>\n58 Acqua Minerale<\/p>\n<p>&nbsp;<\/p>\n<h3><\/h3>\n<h3><strong>Perch\u00e9 scegliere Rmvapesale per RandM Tornado 9000 <\/strong><strong>V<\/strong><strong>vapo all'ingrosso<\/strong><strong>?<\/strong><\/h3>\n<div class=\"flex-shrink-0 flex flex-col relative items-end\">\n<div class=\"pt-0\">\n<div class=\"gizmo-bot-avatar flex h-8 w-8 items-center justify-center overflow-hidden rounded-full\">\n<div class=\"relative p-1 rounded-sm flex items-center justify-center bg-token-main-surface-primary text-token-text-primary h-8 w-8\">\n<p>Benvenuto su Rmvapesale, il tuo negozio di fiducia per vaporizzatori usa e getta di alta qualit\u00e0. Con oltre 5 anni di esperienza, ti offriamo marchi popolari di vaporizzatori usa e getta come Al Fakher, <a href=\"https:\/\/rmvapesale.com\/it\/prodotto\/vapme-crystal-7000-puffs-rechargeable-disposable-vape-price\/\">Vapme<\/a>, <a href=\"https:\/\/rmvapesale.com\/it\/categoria-prodotto\/bang-vapes\/\">Bang Vape<\/a>, Waspe, <a href=\"https:\/\/rmvapesale.com\/it\/prodotto\/wga-crystal-pro-max-extra-15k-puffs-disposable-vape-wholesale\/\">WGA<\/a> Vape e<a href=\"https:\/\/rmvapesale.com\/it\/categoria-prodotto\/randm-fumot-vape\/\"> RandM Vape<\/a>.<\/p>\n<p>La nostra gamma comprende vapes di tendenza come il <a href=\"https:\/\/rmvapesale.com\/it\/prodotto\/fumot-digital-box-12000-disposable-vape-pink-lemonade-flavor\/\">RandM 12k<\/a> e opzioni ricche di gusto come l' <a href=\"https:\/\/rmvapesale.com\/it\/prodotto\/elfbar-combo-25000-puffs-rechargeable-disposable-vape-wholesale\/\">ELFBAR Combo 25000 Puff<\/a>. Ogni prodotto \u00e8 scelto con un focus su qualit\u00e0, valore e variet\u00e0, per assicurarti di trovare la corrispondenza perfetta per le tue esigenze. Scopri un servizio eccezionale e una vasta gamma di prodotti di punta su Rmvapesale.<\/p>\n<\/div>\n<h3><\/h3>\n<div class=\"relative p-1 rounded-sm flex items-center justify-center bg-token-main-surface-primary text-token-text-primary h-8 w-8\">\n<h3><b>FAQ sul Vape usa e getta ricaricabile RandM 9000<\/b><\/h3>\n<ol>\n<li><strong>Quali sono i gusti pi\u00f9 popolari per la penna vape usa e getta RandM 9000 puff?<\/strong><br \/>\nI gusti popolari per la penna vape usa e getta RandM 9000 includono Blue Razz Ice, che combina il dolce lampone con una finitura fresca e ghiacciata. Altri gusti possono variare a seconda della disponibilit\u00e0 e delle preferenze regionali.<\/li>\n<li><strong>Come faccio a sapere quando il mio RandM Tornado 9000 \u00e8 vuoto?<\/strong><br \/>\nQuando il tuo RandM Tornado 9000 \u00e8 vuoto, noterai una diminuzione della produzione di vapore e del sapore. Inoltre, il tiro potrebbe sembrare pi\u00f9 debole o produrre poco vapore, indicando che l'e-liquid \u00e8 esaurito.<\/li>\n<li><strong>Quanto tempo ci vuole per caricare un Vape RandM 9000 puff?<\/strong><br \/>\nI tempi di ricarica per il RandM Tornado 9000 possono variare, ma in genere ci vogliono circa 1-2 ore per caricare completamente la batteria da 850 mAh tramite la porta Type-C.<\/li>\n<li><strong>Quanta nicotina c'\u00e8 in un Vape usa e getta RandM Tornado 9k puff?<\/strong><br \/>\nIl RandM Tornado 9000 contiene sale di nicotina, ma la concentrazione esatta di nicotina pu\u00f2 variare a seconda della regione e della versione del prodotto. \u00c8 meglio controllare la confezione o le specifiche del prodotto per i livelli esatti di nicotina.<\/li>\n<li><strong>Dove acquistare i Vape Fumot Tornado 9000 puff a prezzo all'ingrosso?<\/strong><br \/>\nPuoi acquistare i vape Fumot Tornado 9000 puff a prezzi all'ingrosso da distributori di vape autorizzati o negozi di vape all'ingrosso online. Molti siti web offrono opzioni all'ingrosso specificamente per i marchi RandM e Fumot.<\/li>\n<li><strong>Posso portare un vaporizzatore usa e getta su un aereo?<\/strong><br \/>\nS\u00ec, puoi portare con te sigarette elettroniche usa e getta sull'aereo nel bagaglio a mano, ma non devono essere nel bagaglio registrato a causa delle normative sulle batterie. Controlla sempre le linee guida della compagnia aerea e della TSA prima di viaggiare.<\/li>\n<li><strong>Quanti puff offre la RandM Vape 9000 puff?<\/strong><br \/>\nLa sigaretta elettronica usa e getta RandM Tornado 9000 offre oltre 9000 puff, rendendola un'opzione a lunga durata rispetto ad altre sigarette elettroniche usa e getta.<\/li>\n<\/ol>\n<\/div>\n<div class=\"mb-2 flex gap-3 empty:hidden -ml-2\"><\/div>\n<p>&nbsp;<\/p>\n<\/div>\n<\/div>\n<\/div>\n<h3>Informazioni sulla spedizione<\/h3>\n<div class=\"flex-shrink-0 flex flex-col relative items-end\">\n<div>\n<div class=\"pt-0\">\n<div class=\"gizmo-bot-avatar flex h-8 w-8 items-center justify-center overflow-hidden rounded-full\">\n<div><\/div>\n<div class=\"relative p-1 rounded-sm flex items-center justify-center bg-token-main-surface-primary text-token-text-primary h-8 w-8\"><strong>1. Quali metodi di spedizione vengono utilizzati?<\/strong><\/div>\n<\/div>\n<\/div>\n<\/div>\n<\/div>\n<div class=\"group\/conversation-turn relative flex w-full min-w-0 flex-col agent-turn\">\n<div class=\"flex-col gap-1 md:gap-3\">\n<div class=\"flex max-w-full flex-col flex-grow\">\n<div class=\"min-h-[20px] text-message flex w-full flex-col items-end gap-2 whitespace-normal break-words [.text-message+&amp;]:mt-5 overflow-x-auto\" dir=\"auto\" data-message-author-role=\"assistant\" data-message-id=\"22f8283b-3233-46ff-89a5-c7a41b33abda\">\n<div class=\"flex w-full flex-col gap-1 empty:hidden first:pt-[3px]\">\n<div class=\"markdown prose w-full break-words dark:prose-invert light\">\n<p>Collaboriamo con UPS, DHL, FedEx, DPD e altri vettori leader. Selezioneremo il miglior metodo di spedizione in base alla tua posizione di consegna per assicurarti di ricevere i tuoi prodotti il pi\u00f9 rapidamente possibile.<\/p>\n<\/div>\n<p><strong>2. Quanto tempo ci vuole per arrivare?<\/strong><\/p>\n<p>I pacchi spediti in Italia arrivano solitamente entro 12-15 giorni lavorativi. Forniremo aggiornamenti in tempo reale sullo stato della tua spedizione.<\/p>\n<\/div>\n<\/div>\n<\/div>\n<\/div>\n<\/div>\n<p>&nbsp;<\/p>\n<p>Trova altri prodotti da svapo che potrebbero piacerti:<strong><em><a href=\"https:\/\/rmvapesale.com\/it\/shop-2\/\">acquista ora &gt;&gt;&gt;<\/a><\/em><\/strong><\/p>","protected":false},"excerpt":{"rendered":"<p>Dispositivo Vape usa e getta RandM Tornado 9000 Puff<br \/>\nTutti i gusti disponibili di Vape usa e getta RandM 9000 puff<br \/>\nBarra usa e getta RandM Tornado 9000 Puff 9K<\/p>\n<p><img loading=\"lazy\" decoding=\"async\" class=\"size-full wp-image-2375\" src=\"https:\/\/rmvapesale.com\/wp-content\/uploads\/2024\/10\/image.png\" alt=\"Migliore sigaretta elettronica usa e getta\" width=\"229\" height=\"300\" \/><\/p>\n<h3><a href=\"https:\/\/wa.me\/8617776015835\"><span style=\"color: #ff0000\"><strong>WhatsApp: +86 17776015835<\/strong><\/span><\/a><\/h3>\n<p>&nbsp;<\/p>","protected":false},"featured_media":2723,"comment_status":"open","ping_status":"closed","template":"","meta":{"_uag_custom_page_level_css":"","_lmt_disableupdate":"no","_lmt_disable":"","site-sidebar-layout":"default","site-content-layout":"content-boxed-container","ast-site-content-layout":"normal-width-container","site-content-style":"boxed","site-sidebar-style":"unboxed","ast-global-header-display":"","ast-banner-title-visibility":"","ast-main-header-display":"","ast-hfb-above-header-display":"","ast-hfb-below-header-display":"","ast-hfb-mobile-header-display":"","site-post-title":"","ast-breadcrumbs-content":"","ast-featured-img":"","footer-sml-layout":"","theme-transparent-header-meta":"default","adv-header-id-meta":"","stick-header-meta":"","header-above-stick-meta":"","header-main-stick-meta":"","header-below-stick-meta":"","astra-migrate-meta-layouts":"set","ast-page-background-enabled":"default","ast-page-background-meta":{"desktop":{"background-color":"var(--ast-global-color-4)","background-image":"","background-repeat":"repeat","background-position":"center center","background-size":"auto","background-attachment":"scroll","background-type":"","background-media":"","overlay-type":"","overlay-color":"","overlay-opacity":"","overlay-gradient":""},"tablet":{"background-color":"","background-image":"","background-repeat":"repeat","background-position":"center center","background-size":"auto","background-attachment":"scroll","background-type":"","background-media":"","overlay-type":"","overlay-color":"","overlay-opacity":"","overlay-gradient":""},"mobile":{"background-color":"","background-image":"","background-repeat":"repeat","background-position":"center center","background-size":"auto","background-attachment":"scroll","background-type":"","background-media":"","overlay-type":"","overlay-color":"","overlay-opacity":"","overlay-gradient":""}},"ast-content-background-meta":{"desktop":{"background-color":"var(--ast-global-color-5)","background-image":"","background-repeat":"repeat","background-position":"center center","background-size":"auto","background-attachment":"scroll","background-type":"","background-media":"","overlay-type":"","overlay-color":"","overlay-opacity":"","overlay-gradient":""},"tablet":{"background-color":"var(--ast-global-color-5)","background-image":"","background-repeat":"repeat","background-position":"center center","background-size":"auto","background-attachment":"scroll","background-type":"","background-media":"","overlay-type":"","overlay-color":"","overlay-opacity":"","overlay-gradient":""},"mobile":{"background-color":"var(--ast-global-color-5)","background-image":"","background-repeat":"repeat","background-position":"center center","background-size":"auto","background-attachment":"scroll","background-type":"","background-media":"","overlay-type":"","overlay-color":"","overlay-opacity":"","overlay-gradient":""}},"_joinchat":[]},"product_brand":[],"product_cat":[15,25,123,26,28,135,27,137,136,30],"product_tag":[169,207,181,120],"class_list":{"0":"post-2728","1":"product","2":"type-product","3":"status-publish","4":"has-post-thumbnail","6":"product_cat-new-vape-this-week","7":"product_cat-germany-best-selling-vape","8":"product_cat-italy-wholesale-vape","9":"product_cat-netherlands-hot-sale-vape","10":"product_cat-poland-hot-sale-vape","11":"product_cat-spain-best-hot-sale-vape","12":"product_cat-fance-hot-sale-vape","13":"product_cat-rechargeable-vapes","14":"product_cat-smart-screen-vapes","15":"product_cat-minimum-order-quantity-50pcs","16":"product_tag-best-disposable-vape-2024","17":"product_tag-puff-vape","18":"product_tag-randm-tornado-9000","19":"product_tag-vape-wholesale","20":"desktop-align-left","21":"tablet-align-left","22":"mobile-align-left","24":"first","25":"instock","26":"sale","27":"shipping-taxable","28":"purchasable","29":"product-type-simple"},"uagb_featured_image_src":{"full":["https:\/\/rmvapesale.com\/wp-content\/uploads\/2024\/11\/RandM-Tornado-9000-Blueberry-raspberry.png",800,800,false],"thumbnail":["https:\/\/rmvapesale.com\/wp-content\/uploads\/2024\/11\/RandM-Tornado-9000-Blueberry-raspberry-150x150.png",150,150,true],"medium":["https:\/\/rmvapesale.com\/wp-content\/uploads\/2024\/11\/RandM-Tornado-9000-Blueberry-raspberry-300x300.png",300,300,true],"medium_large":["https:\/\/rmvapesale.com\/wp-content\/uploads\/2024\/11\/RandM-Tornado-9000-Blueberry-raspberry-768x768.png",768,768,true],"large":["https:\/\/rmvapesale.com\/wp-content\/uploads\/2024\/11\/RandM-Tornado-9000-Blueberry-raspberry.png",800,800,false],"1536x1536":["https:\/\/rmvapesale.com\/wp-content\/uploads\/2024\/11\/RandM-Tornado-9000-Blueberry-raspberry.png",800,800,false],"2048x2048":["https:\/\/rmvapesale.com\/wp-content\/uploads\/2024\/11\/RandM-Tornado-9000-Blueberry-raspberry.png",800,800,false],"trp-custom-language-flag":["https:\/\/rmvapesale.com\/wp-content\/uploads\/2024\/11\/RandM-Tornado-9000-Blueberry-raspberry.png",12,12,false],"woocommerce_thumbnail":["https:\/\/rmvapesale.com\/wp-content\/uploads\/2024\/11\/RandM-Tornado-9000-Blueberry-raspberry-300x300.png",300,300,true],"woocommerce_single":["https:\/\/rmvapesale.com\/wp-content\/uploads\/2024\/11\/RandM-Tornado-9000-Blueberry-raspberry-600x600.png",600,600,true],"woocommerce_gallery_thumbnail":["https:\/\/rmvapesale.com\/wp-content\/uploads\/2024\/11\/RandM-Tornado-9000-Blueberry-raspberry-100x100.png",100,100,true],"wcpr-photo-reviews":["https:\/\/rmvapesale.com\/wp-content\/uploads\/2024\/11\/RandM-Tornado-9000-Blueberry-raspberry.png",500,500,false]},"uagb_author_info":{"display_name":"AMY","author_link":"https:\/\/rmvapesale.com\/it\/author\/"},"uagb_comment_info":0,"uagb_excerpt":"RandM Tornado 9000 Puffs Disposable Vape Device RandM 9000 puffs Disposable Vape All Flavor in Stock RandM Tornado 9000 Puff 9K Disposable Bar WhatsApp: +86 17776015835 &nbsp;","_links":{"self":[{"href":"https:\/\/rmvapesale.com\/it\/wp-json\/wp\/v2\/product\/2728","targetHints":{"allow":["GET"]}}],"collection":[{"href":"https:\/\/rmvapesale.com\/it\/wp-json\/wp\/v2\/product"}],"about":[{"href":"https:\/\/rmvapesale.com\/it\/wp-json\/wp\/v2\/types\/product"}],"replies":[{"embeddable":true,"href":"https:\/\/rmvapesale.com\/it\/wp-json\/wp\/v2\/comments?post=2728"}],"wp:featuredmedia":[{"embeddable":true,"href":"https:\/\/rmvapesale.com\/it\/wp-json\/wp\/v2\/media\/2723"}],"wp:attachment":[{"href":"https:\/\/rmvapesale.com\/it\/wp-json\/wp\/v2\/media?parent=2728"}],"wp:term":[{"taxonomy":"product_brand","embeddable":true,"href":"https:\/\/rmvapesale.com\/it\/wp-json\/wp\/v2\/product_brand?post=2728"},{"taxonomy":"product_cat","embeddable":true,"href":"https:\/\/rmvapesale.com\/it\/wp-json\/wp\/v2\/product_cat?post=2728"},{"taxonomy":"product_tag","embeddable":true,"href":"https:\/\/rmvapesale.com\/it\/wp-json\/wp\/v2\/product_tag?post=2728"}],"curies":[{"name":"wp","href":"https:\/\/api.w.org\/{rel}","templated":true}]}}