{"id":2729,"date":"2024-11-14T06:19:37","date_gmt":"2024-11-14T06:19:37","guid":{"rendered":"https:\/\/rmvapesale.com\/?post_type=product&#038;p=2729"},"modified":"2024-11-14T06:57:21","modified_gmt":"2024-11-14T06:57:21","slug":"fumot-12000-puffs-randm-rechargeable-disposable-vape-watermelon-bubblegum-flavour-germany-wholesale-price","status":"publish","type":"product","link":"https:\/\/rmvapesale.com\/it\/prodotto\/fumot-12000-puffs-randm-rechargeable-disposable-vape-watermelon-bubblegum-flavour-germany-wholesale-price\/","title":{"rendered":"Fumot 12000 Puffs RandM ricaricabile Vape usa e getta gusto anguria e bubblegum prezzo all'ingrosso per l'Italia"},"content":{"rendered":"<div class=\"B2VR9 CJHX3e\">\n<div class=\"wyccme\">\n<h1 class=\"LC20lb MBeuO DKV0Md\">Fumot 12000 Puffs RandM ricaricabile Vape usa e getta gusto anguria e bubblegum prezzo all'ingrosso per l'Italia<\/h1>\n<p>&nbsp;<\/p>\n<div class=\"flex-shrink-0 flex flex-col relative items-end\">\n<div class=\"pt-0\">\n<div class=\"gizmo-bot-avatar flex h-8 w-8 items-center justify-center overflow-hidden rounded-full\">\n<div class=\"relative p-1 rounded-sm flex items-center justify-center bg-token-main-surface-primary text-token-text-primary h-8 w-8\">\n<p>Il vaporizzatore usa e getta ricaricabile Fumot 12000 Puffs RandM al gusto di Bubblegum all'anguria offre un'esperienza di svapo unica, dolce e fruttata. Combinando il gusto succoso dell'anguria con la dolcezza nostalgica del bubblegum, questo vaporizzatore Randm \u00e8 perfetto per chi ama un tocco saporito ad ogni boccata. Con un'elevata capacit\u00e0 di e-liquid di 20 ml, questo dispositivo offre ben 12.000 boccate, garantendo un divertimento duraturo. Realizzato su misura per il mercato all'ingrosso italiano, questo prodotto Fumot 12000 offre un'opzione ideale per i rivenditori che desiderano rifornirsi di un aroma premium ad alta richiesta.<\/p>\n<p>Dotato di una batteria ricaricabile da 550 mAh e di una porta di ricarica USB Type-C, il Fumot 12000 rende facile per gli utenti ricaricare e mantenere il proprio vaporizzatore pronto ogni volta che ne hanno bisogno. Un display a LED integrato mostra comodamente i livelli della batteria e dell'e-liquid, in modo che gli utenti siano sempre informati. L'avanzata tecnologia della bobina a mesh migliora la consistenza del vapore, offrendo un colpo morbido e soddisfacente ad ogni utilizzo. Disponibile in diversi livelli di nicotina, tra cui 2% e 5%, questo dispositivo soddisfa una vasta gamma di preferenze, rendendolo una scelta versatile sia per i vapers principianti che per quelli esperti.<\/p>\n<p>&nbsp;<\/p>\n<\/div>\n<\/div>\n<\/div>\n<\/div>\n<\/div>\n<\/div>\n<p><strong>Contatta Amy per ottenere la risposta giusta e un coupon per lo svapo!<\/strong><\/p>\n<p><img loading=\"lazy\" decoding=\"async\" class=\"size-full wp-image-1978\" src=\"https:\/\/rmvapesale.com\/wp-content\/uploads\/2024\/09\/Disposable-Vape-Wholesale.jpg\" alt=\"Vaporizzatore Usa e Getta Ingrosso\" width=\"229\" height=\"300\" \/><\/p>\n<h3><a href=\"https:\/\/wa.me\/8617776015835\" target=\"_blank\" rel=\"noopener\"><span style=\"color: #ff0000\"><strong>WhatsApp: +86 17776015835<\/strong><\/span><\/a><\/h3>\n<p>&nbsp;<\/p>\n<h2><\/h2>\n<h2><strong>Caratteristiche principali di Fumot 12000 Puffs<\/strong><\/h2>\n<ul>\n<li>Oltre 9000 boccate per un uso prolungato e soddisfazione<\/li>\n<li>18 ml di e-liquid al sale di nicotina ai mirtilli e lamponi per un sapore equilibrato<\/li>\n<li>Batteria ricaricabile da 850 mAh con ricarica rapida di tipo C<\/li>\n<li>Attivazione tramite estrazione per un utilizzo senza problemi, senza bisogno di pulsanti<\/li>\n<li>L'elegante illuminazione RGB aggiunge un tocco visivo colorato<\/li>\n<\/ul>\n<p>&nbsp;<\/p>\n<h2><strong>Gusto superiore per Fumot 12000 Puffs<\/strong><\/h2>\n<p>1 Menta fresca <span style=\"color: #ff0000\"><strong>&gt;&gt;&gt;&gt; Caldo!<\/strong><\/span><br \/>\n2 Ghiaccio all'anguria<br \/>\n3 Ghiaccio all'uva<br \/>\n4 Mirtillo e lampone <span style=\"color: #ff0000\"><strong>&gt;&gt;&gt;&gt; Caldo!<\/strong><\/span><br \/>\n5 Anguria e fragola<br \/>\n6 Fragola e banana<br \/>\n7 Ghiaccio Lussureggiante<br \/>\n8 Ciliegia<br \/>\n9 Ghiaccio alla Fragola<br \/>\n10 Ghiacciolo<br \/>\n11 Limonata Rosa <span style=\"color: #ff0000\"><strong>&gt;&gt;&gt;&gt; Caldo!<\/strong><\/span><br \/>\n12 Mango con Ghiaccio<br \/>\n13 Frutti di Bosco Misti<br \/>\n14 Ciambella alla Fragola<br \/>\n15 Uva e Fragola<br \/>\n16 Cherry Cola<br \/>\n17 Dr blue<br \/>\n18 Mirtillo con ghiaccio <span style=\"color: #ff0000\"><strong>&gt;&gt;&gt;&gt; Caldo!<\/strong><\/span><br \/>\n19 Guava frutto della passione e kiwi<br \/>\n20 Fragola e kiwi<br \/>\n21 Pesca e mango<br \/>\n22 Ghiaccio alla pesca<br \/>\n23 Ghiaccio alla mela rossa<br \/>\n24 Gomma da masticare al mirtillo <span style=\"color: #ff0000\"><strong>&gt;&gt;&gt;&gt; Migliore!<\/strong><\/span><br \/>\n25 Limonata ai frutti di bosco<br \/>\n26 Limonata Blue Razz<br \/>\n27 Lampone Bluesour<br \/>\n28 Fragola Red Bull<br \/>\n29 Esplosione di mela e frutti di bosco<br \/>\n30 Gomma da masticare all'anguria<br \/>\n31 Lampone e anguria<br \/>\n32 Ghiaccio nero<br \/>\n33 Mirtillo, ciliegia e mirtillo rosso<br \/>\n34 Melograno alla fragola<br \/>\n35 Vimto<br \/>\n36 Ciliegia e frutti di bosco<br \/>\n37 Limone<br \/>\n38 Bingo Crush<br \/>\n39 Mirtillo Kiwi<br \/>\n40 Mela Cannella<\/p>\n<h3><\/h3>\n<h3><strong>Perch\u00e9 scegliere Rmvapesale per RandM Tornado 9000 <\/strong><strong>V<\/strong><strong>vapo all'ingrosso<\/strong><strong>?<\/strong><\/h3>\n<div class=\"flex-shrink-0 flex flex-col relative items-end\">\n<div class=\"pt-0\">\n<div class=\"gizmo-bot-avatar flex h-8 w-8 items-center justify-center overflow-hidden rounded-full\">\n<div class=\"relative p-1 rounded-sm flex items-center justify-center bg-token-main-surface-primary text-token-text-primary h-8 w-8\">\n<p>Benvenuto su Rmvapesale, il tuo negozio di fiducia per vaporizzatori usa e getta di alta qualit\u00e0. Con oltre 5 anni di esperienza, ti offriamo marchi popolari di vaporizzatori usa e getta come Al Fakher, <a href=\"https:\/\/rmvapesale.com\/it\/prodotto\/vapme-crystal-7000-puffs-rechargeable-disposable-vape-price\/\">Vapme<\/a>, <a href=\"https:\/\/rmvapesale.com\/it\/categoria-prodotto\/bang-vapes\/\">Bang Vape<\/a>, Waspe, <a href=\"https:\/\/rmvapesale.com\/it\/prodotto\/wga-crystal-pro-max-extra-15k-puffs-disposable-vape-wholesale\/\">WGA<\/a> Vape e<a href=\"https:\/\/rmvapesale.com\/it\/categoria-prodotto\/randm-fumot-vape\/\"> RandM Vape<\/a>.<\/p>\n<p>La nostra gamma comprende vapes di tendenza come il <a href=\"https:\/\/rmvapesale.com\/it\/prodotto\/fumot-digital-box-12000-disposable-vape-pink-lemonade-flavor\/\">RandM 12000<\/a> e opzioni ricche di gusto come l' <a href=\"https:\/\/rmvapesale.com\/it\/prodotto\/elfbar-combo-25000-puffs-rechargeable-disposable-vape-wholesale\/\">ELFBAR Combo 25000 Puff<\/a>. Ogni prodotto \u00e8 scelto con un focus su qualit\u00e0, valore e variet\u00e0, per assicurarti di trovare la corrispondenza perfetta per le tue esigenze. Scopri un servizio eccezionale e una vasta gamma di prodotti di punta su Rmvapesale.<\/p>\n<\/div>\n<h3><\/h3>\n<div class=\"relative p-1 rounded-sm flex items-center justify-center bg-token-main-surface-primary text-token-text-primary h-8 w-8\">\n<h3><b>FAQ sul Vape usa e getta ricaricabile Fumot 12000 Puffs<\/b><\/h3>\n<p><strong>Dove acquistare il vape con scatola digitale Fumot 12000?<\/strong><br \/>\nPer le migliori offerte sul Vape usa e getta RandM 12000 Puffs Fumot, compresi i prezzi all'ingrosso, visita il negozio di vape online Rmvapesale.<\/p>\n<p><strong>Quali sono i gusti pi\u00f9 popolari per il vape usa e getta Fumot 12000?<\/strong><br \/>\nI gusti popolari includono Gomma da masticare ai mirtilli, Anguria alla fragola, Ghiaccio lussureggiante, Ghiaccio all'uva e Menta fresca.<\/p>\n<p><strong>Come faccio a sapere quando il mio Vape intelligente Fumot Vape 12000 Puffs \u00e8 vuoto?<\/strong><br \/>\nIl display a LED mostrer\u00e0 bassi livelli di e-liquid e batteria, indicando quando \u00e8 il momento di ricaricare o sostituire il vape.<\/p>\n<p><strong>Quanto tempo ci vuole per caricare un Vape ricaricabile RandM 12000?<\/strong><br \/>\nIn genere ci vogliono circa 1-2 ore per ricaricarsi completamente utilizzando un caricabatterie di tipo C.<\/p>\n<p><strong>Quanta nicotina c'\u00e8 in un Vape usa e getta Fumot RandM 12000?<\/strong><br \/>\nIl dispositivo \u00e8 disponibile nelle opzioni di nicotina da 2% (20mg) e 5% (50mg).<\/p>\n<p><strong>Dove acquistare i Vape RandM 12k puff a prezzo all'ingrosso?<\/strong><br \/>\nIl negozio di vape online Rmvapesale offre prezzi all'ingrosso sui vape RandM 12000 Puffs.<\/p>\n<p><strong>Posso portare un vaporizzatore usa e getta su un aereo?<\/strong><br \/>\nS\u00ec, i vape usa e getta sono ammessi nel bagaglio a mano, ma devono seguire le normative delle compagnie aeree relative alle batterie al litio.<\/p>\n<p><strong>Quanti puff fornisce il Vape RandM Fumot 12k?<\/strong><br \/>\nIl RandM Fumot 12000 offre fino a 12.000 puff per dispositivo.<\/p>\n<p><strong>Quanto tempo ci vuole per caricare completamente il vape RandM Tornado 12000?<\/strong><br \/>\nCi vogliono circa 1-2 ore per caricare completamente il vape RandM Tornado 12000 utilizzando un caricabatterie USB di tipo C.<\/p>\n<\/div>\n<div class=\"mb-2 flex gap-3 empty:hidden -ml-2\"><\/div>\n<p>&nbsp;<\/p>\n<\/div>\n<\/div>\n<\/div>\n<h3>Informazioni sulla spedizione<\/h3>\n<div class=\"flex-shrink-0 flex flex-col relative items-end\">\n<div>\n<div class=\"pt-0\">\n<div class=\"gizmo-bot-avatar flex h-8 w-8 items-center justify-center overflow-hidden rounded-full\">\n<div><\/div>\n<div class=\"relative p-1 rounded-sm flex items-center justify-center bg-token-main-surface-primary text-token-text-primary h-8 w-8\"><strong>1. Quali metodi di spedizione vengono utilizzati?<\/strong><\/div>\n<\/div>\n<\/div>\n<\/div>\n<\/div>\n<div class=\"group\/conversation-turn relative flex w-full min-w-0 flex-col agent-turn\">\n<div class=\"flex-col gap-1 md:gap-3\">\n<div class=\"flex max-w-full flex-col flex-grow\">\n<div class=\"min-h-[20px] text-message flex w-full flex-col items-end gap-2 whitespace-normal break-words [.text-message+&amp;]:mt-5 overflow-x-auto\" dir=\"auto\" data-message-author-role=\"assistant\" data-message-id=\"22f8283b-3233-46ff-89a5-c7a41b33abda\">\n<div class=\"flex w-full flex-col gap-1 empty:hidden first:pt-[3px]\">\n<div class=\"markdown prose w-full break-words dark:prose-invert light\">\n<p>Collaboriamo con UPS, DHL, FedEx, DPD e altri vettori leader. Selezioneremo il miglior metodo di spedizione in base alla tua posizione di consegna per assicurarti di ricevere i tuoi prodotti il pi\u00f9 rapidamente possibile.<\/p>\n<\/div>\n<p><strong>2. Quanto tempo ci vuole per arrivare?<\/strong><\/p>\n<p>I pacchi spediti in Italia arrivano solitamente entro 12-15 giorni lavorativi. Forniremo aggiornamenti in tempo reale sullo stato della tua spedizione.<\/p>\n<\/div>\n<\/div>\n<\/div>\n<\/div>\n<\/div>\n<p>&nbsp;<\/p>\n<p>Trova altri prodotti da svapo che potrebbero piacerti:<strong><em><a href=\"https:\/\/rmvapesale.com\/it\/shop-2\/\">acquista ora &gt;&gt;&gt;<\/a><\/em><\/strong><\/p>","protected":false},"excerpt":{"rendered":"<p>Vaporizzatore usa e getta digitale Fumot RandM 12000 Puffs<br \/>\nFumot 12000 Vaporizzatore usa e getta ricaricabile Prezzo all'ingrosso<br \/>\nRandM Vape Fumot 12000 Vaporizzatore usa e getta a basso contenuto di nicotina 2%<\/p>\n<p><img loading=\"lazy\" decoding=\"async\" class=\"size-full wp-image-2375\" src=\"https:\/\/rmvapesale.com\/wp-content\/uploads\/2024\/10\/image.png\" alt=\"Migliore sigaretta elettronica usa e getta\" width=\"229\" height=\"300\" \/><\/p>\n<h3><a href=\"https:\/\/wa.me\/8617776015835\"><span style=\"color: #ff0000\"><strong>WhatsApp: +86 17776015835<\/strong><\/span><\/a><\/h3>\n<p>&nbsp;<\/p>","protected":false},"featured_media":2733,"comment_status":"open","ping_status":"closed","template":"","meta":{"_uag_custom_page_level_css":"","_lmt_disableupdate":"no","_lmt_disable":"","site-sidebar-layout":"default","site-content-layout":"content-boxed-container","ast-site-content-layout":"normal-width-container","site-content-style":"boxed","site-sidebar-style":"unboxed","ast-global-header-display":"","ast-banner-title-visibility":"","ast-main-header-display":"","ast-hfb-above-header-display":"","ast-hfb-below-header-display":"","ast-hfb-mobile-header-display":"","site-post-title":"","ast-breadcrumbs-content":"","ast-featured-img":"","footer-sml-layout":"","theme-transparent-header-meta":"default","adv-header-id-meta":"","stick-header-meta":"","header-above-stick-meta":"","header-main-stick-meta":"","header-below-stick-meta":"","astra-migrate-meta-layouts":"set","ast-page-background-enabled":"default","ast-page-background-meta":{"desktop":{"background-color":"var(--ast-global-color-4)","background-image":"","background-repeat":"repeat","background-position":"center center","background-size":"auto","background-attachment":"scroll","background-type":"","background-media":"","overlay-type":"","overlay-color":"","overlay-opacity":"","overlay-gradient":""},"tablet":{"background-color":"","background-image":"","background-repeat":"repeat","background-position":"center center","background-size":"auto","background-attachment":"scroll","background-type":"","background-media":"","overlay-type":"","overlay-color":"","overlay-opacity":"","overlay-gradient":""},"mobile":{"background-color":"","background-image":"","background-repeat":"repeat","background-position":"center center","background-size":"auto","background-attachment":"scroll","background-type":"","background-media":"","overlay-type":"","overlay-color":"","overlay-opacity":"","overlay-gradient":""}},"ast-content-background-meta":{"desktop":{"background-color":"var(--ast-global-color-5)","background-image":"","background-repeat":"repeat","background-position":"center center","background-size":"auto","background-attachment":"scroll","background-type":"","background-media":"","overlay-type":"","overlay-color":"","overlay-opacity":"","overlay-gradient":""},"tablet":{"background-color":"var(--ast-global-color-5)","background-image":"","background-repeat":"repeat","background-position":"center center","background-size":"auto","background-attachment":"scroll","background-type":"","background-media":"","overlay-type":"","overlay-color":"","overlay-opacity":"","overlay-gradient":""},"mobile":{"background-color":"var(--ast-global-color-5)","background-image":"","background-repeat":"repeat","background-position":"center center","background-size":"auto","background-attachment":"scroll","background-type":"","background-media":"","overlay-type":"","overlay-color":"","overlay-opacity":"","overlay-gradient":""}},"_joinchat":[]},"product_brand":[],"product_cat":[15,51,25,123,26,28,135,27,31,137,136,30],"product_tag":[212,214,39,213,38],"class_list":{"0":"post-2729","1":"product","2":"type-product","3":"status-publish","4":"has-post-thumbnail","6":"product_cat-new-vape-this-week","7":"product_cat-fumot-vape","8":"product_cat-germany-best-selling-vape","9":"product_cat-italy-wholesale-vape","10":"product_cat-netherlands-hot-sale-vape","11":"product_cat-poland-hot-sale-vape","12":"product_cat-spain-best-hot-sale-vape","13":"product_cat-fance-hot-sale-vape","14":"product_cat-randm-fumot-vape","15":"product_cat-rechargeable-vapes","16":"product_cat-smart-screen-vapes","17":"product_cat-minimum-order-quantity-50pcs","18":"product_tag-fumot-12000","19":"product_tag-fumot-12k","20":"product_tag-fumot-vape","21":"product_tag-randm-12000","22":"product_tag-randm-vape","23":"desktop-align-left","24":"tablet-align-left","25":"mobile-align-left","27":"first","28":"instock","29":"sale","30":"shipping-taxable","31":"purchasable","32":"product-type-simple"},"uagb_featured_image_src":{"full":["https:\/\/rmvapesale.com\/wp-content\/uploads\/2024\/11\/RandM-Vape-12000-Puffs-Disposable-Vape-Cheap-Price.jpg",800,800,false],"thumbnail":["https:\/\/rmvapesale.com\/wp-content\/uploads\/2024\/11\/RandM-Vape-12000-Puffs-Disposable-Vape-Cheap-Price-150x150.jpg",150,150,true],"medium":["https:\/\/rmvapesale.com\/wp-content\/uploads\/2024\/11\/RandM-Vape-12000-Puffs-Disposable-Vape-Cheap-Price-300x300.jpg",300,300,true],"medium_large":["https:\/\/rmvapesale.com\/wp-content\/uploads\/2024\/11\/RandM-Vape-12000-Puffs-Disposable-Vape-Cheap-Price-768x768.jpg",768,768,true],"large":["https:\/\/rmvapesale.com\/wp-content\/uploads\/2024\/11\/RandM-Vape-12000-Puffs-Disposable-Vape-Cheap-Price.jpg",800,800,false],"1536x1536":["https:\/\/rmvapesale.com\/wp-content\/uploads\/2024\/11\/RandM-Vape-12000-Puffs-Disposable-Vape-Cheap-Price.jpg",800,800,false],"2048x2048":["https:\/\/rmvapesale.com\/wp-content\/uploads\/2024\/11\/RandM-Vape-12000-Puffs-Disposable-Vape-Cheap-Price.jpg",800,800,false],"trp-custom-language-flag":["https:\/\/rmvapesale.com\/wp-content\/uploads\/2024\/11\/RandM-Vape-12000-Puffs-Disposable-Vape-Cheap-Price.jpg",12,12,false],"woocommerce_thumbnail":["https:\/\/rmvapesale.com\/wp-content\/uploads\/2024\/11\/RandM-Vape-12000-Puffs-Disposable-Vape-Cheap-Price-300x300.jpg",300,300,true],"woocommerce_single":["https:\/\/rmvapesale.com\/wp-content\/uploads\/2024\/11\/RandM-Vape-12000-Puffs-Disposable-Vape-Cheap-Price-600x600.jpg",600,600,true],"woocommerce_gallery_thumbnail":["https:\/\/rmvapesale.com\/wp-content\/uploads\/2024\/11\/RandM-Vape-12000-Puffs-Disposable-Vape-Cheap-Price-100x100.jpg",100,100,true],"wcpr-photo-reviews":["https:\/\/rmvapesale.com\/wp-content\/uploads\/2024\/11\/RandM-Vape-12000-Puffs-Disposable-Vape-Cheap-Price.jpg",500,500,false]},"uagb_author_info":{"display_name":"AMY","author_link":"https:\/\/rmvapesale.com\/it\/author\/"},"uagb_comment_info":0,"uagb_excerpt":"Fumot RandM 12000 Puffs Digital Box Disposable Vape Fumot 12000 Rechargeable Disposable Vape Wholesale Price RandM Vape Fumot 12000 Low Nicotine Disposable Vape 2% WhatsApp: +86 17776015835 &nbsp;","_links":{"self":[{"href":"https:\/\/rmvapesale.com\/it\/wp-json\/wp\/v2\/product\/2729","targetHints":{"allow":["GET"]}}],"collection":[{"href":"https:\/\/rmvapesale.com\/it\/wp-json\/wp\/v2\/product"}],"about":[{"href":"https:\/\/rmvapesale.com\/it\/wp-json\/wp\/v2\/types\/product"}],"replies":[{"embeddable":true,"href":"https:\/\/rmvapesale.com\/it\/wp-json\/wp\/v2\/comments?post=2729"}],"wp:featuredmedia":[{"embeddable":true,"href":"https:\/\/rmvapesale.com\/it\/wp-json\/wp\/v2\/media\/2733"}],"wp:attachment":[{"href":"https:\/\/rmvapesale.com\/it\/wp-json\/wp\/v2\/media?parent=2729"}],"wp:term":[{"taxonomy":"product_brand","embeddable":true,"href":"https:\/\/rmvapesale.com\/it\/wp-json\/wp\/v2\/product_brand?post=2729"},{"taxonomy":"product_cat","embeddable":true,"href":"https:\/\/rmvapesale.com\/it\/wp-json\/wp\/v2\/product_cat?post=2729"},{"taxonomy":"product_tag","embeddable":true,"href":"https:\/\/rmvapesale.com\/it\/wp-json\/wp\/v2\/product_tag?post=2729"}],"curies":[{"name":"wp","href":"https:\/\/api.w.org\/{rel}","templated":true}]}}