{"id":2767,"date":"2024-11-21T08:44:14","date_gmt":"2024-11-21T08:44:14","guid":{"rendered":"https:\/\/rmvapesale.com\/?post_type=product&#038;p=2767"},"modified":"2024-11-21T09:11:37","modified_gmt":"2024-11-21T09:11:37","slug":"jnr-alien-10000-puffs-rechargeable-disposable-vape-bulk-price","status":"publish","type":"product","link":"https:\/\/rmvapesale.com\/it\/prodotto\/jnr-alien-10000-puffs-rechargeable-disposable-vape-bulk-price\/","title":{"rendered":"JNR Alien 10000 Tiri Sigaretta Elettronica Monouso Ricaricabile Prezzo all'Ingrosso"},"content":{"rendered":"<div class=\"B2VR9 CJHX3e\">\n<div class=\"wyccme\">\n<h1 class=\"LC20lb MBeuO DKV0Md\">JNR Alien 10000 Tiri Sigaretta Elettronica Monouso Ricaricabile Prezzo all'Ingrosso<\/h1>\n<div class=\"flex-shrink-0 flex flex-col relative items-end\">\n<div class=\"pt-0\">\n<div class=\"gizmo-bot-avatar flex h-8 w-8 items-center justify-center overflow-hidden rounded-full\">\n<div class=\"relative p-1 rounded-sm flex items-center justify-center bg-token-main-surface-primary text-token-text-primary h-8 w-8\">\n<p>La <strong>JNR Alien 10000 Puff Vape usa e getta ricaricabile<\/strong> \u00e8 progettato per coloro che danno priorit\u00e0 sia alla comodit\u00e0 che alle prestazioni. Con un pre-riempito <strong>capacit\u00e0 di e-liquid da 20ml<\/strong>, questo dispositivo offre fino a <strong>10.000 puff<\/strong>, garantendo sessioni di svapo prolungate senza frequenti sostituzioni. Alimentato da una <strong>batteria ricaricabile da 850mAh<\/strong>, offre una produzione di vapore costante e la <strong>tecnologia a bobina a rete<\/strong> migliora sia il sapore che la produzione di nuvole per un'esperienza di livello superiore. JNR Alien 10000 Progettato per lo <strong>svapo MTL (bocca-a-polmone)<\/strong>, questo dispositivo presenta un pratico <strong>meccanismo di attivazione automatica<\/strong>, rendendolo perfetto per gli utenti che preferiscono la semplicit\u00e0 senza compromettere le prestazioni.<\/p>\n<p>Compatta e portatile, la <strong>JNR Alien 10000 Svapo Ricaricabile<\/strong> \u00e8 ideale per lo svapo in movimento. La batteria ricaricabile supporta un uso prolungato e il design leggero lo rende facile da trasportare. Con un <strong>cURL Too many subrequests.<\/strong>, offre un tiro soddisfacente che si rivolge agli utenti che cercano un'esperienza di svapo forte ma fluida. Che tu sia un rivenditore o un acquirente all'ingrosso, il <strong>JNR Alien 10000 Puffs<\/strong> offre un valore eccezionale a <strong>prezzi all'ingrosso<\/strong>, rendendolo un prodotto eccezionale per le esigenze di vendita all'ingrosso di svapo.<\/p>\n<\/div>\n<\/div>\n<\/div>\n<\/div>\n<\/div>\n<\/div>\n<p><strong>Contatta Amy per ottenere la risposta giusta e un coupon per lo svapo!<\/strong><\/p>\n<p><img loading=\"lazy\" decoding=\"async\" class=\"size-full wp-image-1978\" src=\"https:\/\/rmvapesale.com\/wp-content\/uploads\/2024\/09\/Disposable-Vape-Wholesale.jpg\" alt=\"Vaporizzatore Usa e Getta Ingrosso\" width=\"229\" height=\"300\" \/><\/p>\n<h3><a href=\"https:\/\/wa.me\/8617776015835\" target=\"_blank\" rel=\"noopener\"><span style=\"color: #ff0000\"><strong>WhatsApp: +86 17776015835<\/strong><\/span><\/a><\/h3>\n<p>&nbsp;<\/p>\n<h2><\/h2>\n<h2><strong>JNR Alien 10000 Puffs Caratteristiche principali<\/strong><\/h2>\n<ul>\n<li><strong>Fornisce fino a 10.000 tiri per dispositivo<\/strong><\/li>\n<li><strong>20ml di e-liquid pre-riempito per meno sostituzioni<\/strong><\/li>\n<li><strong>Batteria ricaricabile da 850mAh per sessioni prolungate<\/strong><\/li>\n<li><strong>La tecnologia a coil a mesh migliora sapore e vapore<\/strong><\/li>\n<li><strong>Design compatto attivato dal tiro per una svapata senza sforzo<\/strong><\/li>\n<\/ul>\n<h2><\/h2>\n<h2><strong>Top Flavor per JNR Alien 10kPuffs<\/strong><\/h2>\n<p>1. Drago Nero Ghiaccio<br \/>\n2. Blue Razz Cherry <span style=\"color: #ff0000\"><strong>&gt;&gt;&gt;&gt; Caldo!<\/strong><\/span><br \/>\n3. Ghiaccio al lampone blu <span style=\"color: #ff0000\"><strong>&gt;&gt;&gt;&gt; Caldo!<\/strong><\/span><br \/>\n4. Gomme da masticare alla Mirtillo e Frutti di Bosco<br \/>\n5. Ciliegia di Mirtillo, Melagrana e Mirtillo<br \/>\n6. Mirtillo Ghiacciato<br \/>\n7. Mirtillo Rosso Acido<br \/>\n8. Cola alla Ciliegia Frizzante<br \/>\n9.Grape Ice<br \/>\n10. Guava Ghiaccio<br \/>\n11. Kiwi Frutto della Passione Guava<br \/>\n12. Fragola Kiwi<br \/>\n13. Misto di Frutti di Bosco<br \/>\n14. Mr. Blue<br \/>\n15. Frutto della Passione<br \/>\n16. Pesca e Frutti di Bosco<br \/>\n17. Caramella Pesca e Mirtillo<br \/>\n18. Pesca Ghiaccio<br \/>\n19. Pesca Mango Ananas <span style=\"color: #ff0000\"><strong>&gt;&gt;&gt;&gt; Caldo!<\/strong><\/span><br \/>\n20.Mela Acidula<br \/>\n21.Strawberry Banana<br \/>\n22.Ghiaccio alla Fragola<br \/>\n23.Ghiaccio alla Fragola, Lamponi e Ciliegia <span style=\"color: #ff0000\"><strong>&gt;&gt;&gt;&gt; Migliore!<\/strong><\/span><br \/>\n24.Ghiaccio alla Fragola e Melone d'Acqua<br \/>\n25.Limonata alla Fragola e Melone d'Acqua<br \/>\n26.Gomma da Masticare al Melone d'Acqua<br \/>\n27.Ghiaccio al Melone d'Acqua<br \/>\n28.Ghiaccio alla Banana<br \/>\n29.Mirtillo e Kiwi<br \/>\n30.Ciliegia e Frutti di Bosco<br \/>\n31. Cola Ghiaccio<br \/>\n32. Menta Fresca<br \/>\n33. Doppina Mela<br \/>\n34. Orsetto Gommato<br \/>\n35. Ghiaccio Lussureggiante<br \/>\n36. Lampone Anguria<br \/>\n37. Caramella alla Fragola Ghiaccio<br \/>\n38. Pina Colada alla Fragola<br \/>\n39. Fragola Melograno<br \/>\n40. Ghiaccio alla Fragola e Lampone<br \/>\n41. Punch Tropicale<br \/>\n42. Anguria Brazz Ghiaccio<br \/>\n43. Anguria Litchi<\/p>\n<p>&nbsp;<\/p>\n<h3><strong>Perch\u00e9 scegliere Rmvapesale per Alien JNR 10000 Puffs <\/strong><strong>V<\/strong><strong>vapo all'ingrosso<\/strong><strong>?<\/strong><\/h3>\n<div class=\"flex-shrink-0 flex flex-col relative items-end\">\n<div class=\"pt-0\">\n<div class=\"gizmo-bot-avatar flex h-8 w-8 items-center justify-center overflow-hidden rounded-full\">\n<div class=\"relative p-1 rounded-sm flex items-center justify-center bg-token-main-surface-primary text-token-text-primary h-8 w-8\">\n<p>Benvenuto su Rmvapesale, il tuo negozio di fiducia per vaporizzatori usa e getta di alta qualit\u00e0. Con oltre 5 anni di esperienza, ti offriamo marchi popolari di vaporizzatori usa e getta come Al Fakher, <a href=\"https:\/\/rmvapesale.com\/it\/categoria-prodotto\/bang-vapes\/\">Bang Vape<\/a>, Waspe, WGA Vape e<a href=\"https:\/\/rmvapesale.com\/it\/categoria-prodotto\/randm-fumot-vape\/\"> RandM Vape<\/a>.<\/p>\n<p>La nostra gamma comprende vapes di tendenza come il <a href=\"https:\/\/rmvapesale.com\/it\/prodotto\/randm-tornado-15000-puffs-vape-wholesale\/\">RandM Tornado 15000<\/a> e opzioni ricche di sapore come il Vapme 70000. Ogni prodotto \u00e8 scelto con un focus su qualit\u00e0, valore e variet\u00e0, per assicurarti di trovare la corrispondenza perfetta per le tue esigenze. Scopri un servizio eccezionale e una vasta gamma di prodotti di punta su Rmvapesale.<\/p>\n<\/div>\n<h3><\/h3>\n<div class=\"relative p-1 rounded-sm flex items-center justify-center bg-token-main-surface-primary text-token-text-primary h-8 w-8\">\n<h3><b> FAQ Per <\/b><b>Vape usa e getta ricaricabile Alien JNR 10000<\/b><\/h3>\n<div class=\"group\/conversation-turn relative flex w-full min-w-0 flex-col agent-turn\">\n<div class=\"flex-col gap-1 md:gap-3\">\n<div class=\"flex max-w-full flex-col flex-grow\">\n<div class=\"min-h-8 text-message flex w-full flex-col items-end gap-2 whitespace-normal break-words [.text-message+&amp;]:mt-5\" dir=\"auto\" data-message-author-role=\"assistant\" data-message-id=\"00c9b302-bc9c-4550-94ba-5a295efa2be3\" data-message-model-slug=\"gpt-4o\">\n<div class=\"flex w-full flex-col gap-1 empty:hidden first:pt-[3px]\">\n<div class=\"markdown prose w-full break-words dark:prose-invert light\">\n<div class=\"flex-shrink-0 flex flex-col relative items-end\">\n<div>\n<div class=\"pt-0\">\n<div class=\"gizmo-bot-avatar flex h-8 w-8 items-center justify-center overflow-hidden rounded-full\">\n<div class=\"relative p-1 rounded-sm flex items-center justify-center bg-token-main-surface-primary text-token-text-primary h-8 w-8\">\n<div class=\"flex-shrink-0 flex flex-col relative items-end\">\n<div>\n<div class=\"pt-0\">\n<div class=\"gizmo-bot-avatar flex h-8 w-8 items-center justify-center overflow-hidden rounded-full\">\n<div class=\"relative p-1 rounded-sm flex items-center justify-center bg-token-main-surface-primary text-token-text-primary h-8 w-8\">\n<p><strong>1. Quanta nicotina contiene una Vape usa e getta JNR 10000?<\/strong><br \/>\nLa <strong>Vape usa e getta Alien 10k<\/strong> contiene <strong>50TP3T livello di nicotina (50mg)<\/strong>, offrendo un'esperienza di nicotina potente ma morbida.<\/p>\n<p><strong>2. Dove posso acquistare JNR Alien 10k Puffs a prezzo all'ingrosso?<\/strong><br \/>\nPuoi acquistare il <strong>JNR Alien 10k Puffs<\/strong> at <strong>imbattibili<\/strong> attraverso grossisti, distributori o piattaforme online affidabili specializzate in vendite all'ingrosso di vape.<\/p>\n<p><strong>3. Come posso sapere quando il mio JNR 10000 Puffs Smart Vape \u00e8 vuoto?<\/strong><br \/>\nIl tuo <strong>JNR 10000 Vape<\/strong> potrebbe essere vuoto se noti un sapore bruciato o sgradevole, una produzione di vapore ridotta o se il dispositivo non si attiva pi\u00f9 durante l'uso.<\/p>\n<p><strong>4. Quanto dura il sapore nella penna vape usa e getta JNR 10000?<\/strong><br \/>\nI sapori nel <strong>JNR Alien 10000<\/strong> rimangono costanti e soddisfacenti per tutta la durata del prodotto <strong>10.000 puff<\/strong>, garantendo nessun compromesso sul gusto.<\/p>\n<p><strong>5. Quali sono i gusti pi\u00f9 popolari per la penna vape usa e getta JNR Alien 10k Puffs?<\/strong><br \/>\nI gusti principali per il <strong>JNR Alien 10k Puffs<\/strong> includono Mango Ice, Fragola Anguria, Mirtillo Lampone e Menta Fresca, soddisfacendo una vasta gamma di preferenze.<\/p>\n<p><strong>6. Quante boccate fornisce il JNR 10000 Vape?<\/strong><br \/>\nLa <strong>JNR Alien 10k Vape<\/strong> offre <strong>10.000 puff<\/strong>, rendendolo un'opzione duratura e comoda sia per vaper intensivi che occasionali.<\/p>\n<p><strong>Quanto tempo ci vuole per caricare un Vape ricaricabile JNR 30000 Puff?<\/strong><br \/>\nLa <strong>JNR 10000 Puffs Vape<\/strong> si ricarica completamente in circa <strong>1-1,5 ore<\/strong>, grazie al suo efficiente <strong>porta di ricarica Type-C<\/strong>.<\/p>\n<\/div>\n<\/div>\n<\/div>\n<\/div>\n<\/div>\n<\/div>\n<\/div>\n<\/div>\n<\/div>\n<\/div>\n<div class=\"group\/conversation-turn relative flex w-full min-w-0 flex-col agent-turn\">\n<div class=\"flex-col gap-1 md:gap-3\">\n<div class=\"flex max-w-full flex-col flex-grow\">\n<div class=\"min-h-8 text-message flex w-full flex-col items-end gap-2 whitespace-normal break-words [.text-message+&amp;]:mt-5\" dir=\"auto\" data-message-author-role=\"assistant\" data-message-id=\"a3dc01bd-23b0-4fd7-bb9a-7827522cefd8\" data-message-model-slug=\"gpt-4o\">\n<div class=\"flex w-full flex-col gap-1 empty:hidden first:pt-[3px]\"><\/div>\n<\/div>\n<\/div>\n<\/div>\n<\/div>\n<\/div>\n<\/div>\n<\/div>\n<\/div>\n<\/div>\n<\/div>\n<\/div>\n<\/div>\n<\/div>\n<\/div>\n<h3>Informazioni sulla spedizione<\/h3>\n<div class=\"flex-shrink-0 flex flex-col relative items-end\">\n<div>\n<div class=\"pt-0\">\n<div class=\"gizmo-bot-avatar flex h-8 w-8 items-center justify-center overflow-hidden rounded-full\">\n<div><\/div>\n<div class=\"relative p-1 rounded-sm flex items-center justify-center bg-token-main-surface-primary text-token-text-primary h-8 w-8\"><strong>1. Quali metodi di spedizione vengono utilizzati?<\/strong><\/div>\n<\/div>\n<\/div>\n<\/div>\n<\/div>\n<div class=\"group\/conversation-turn relative flex w-full min-w-0 flex-col agent-turn\">\n<div class=\"flex-col gap-1 md:gap-3\">\n<div class=\"flex max-w-full flex-col flex-grow\">\n<div class=\"min-h-[20px] text-message flex w-full flex-col items-end gap-2 whitespace-normal break-words [.text-message+&amp;]:mt-5 overflow-x-auto\" dir=\"auto\" data-message-author-role=\"assistant\" data-message-id=\"22f8283b-3233-46ff-89a5-c7a41b33abda\">\n<div class=\"flex w-full flex-col gap-1 empty:hidden first:pt-[3px]\">\n<div class=\"markdown prose w-full break-words dark:prose-invert light\">\n<p>Collaboriamo con UPS, DHL, FedEx, DPD e altri vettori leader. Selezioneremo il miglior metodo di spedizione in base alla tua posizione di consegna per assicurarti di ricevere i tuoi prodotti il pi\u00f9 rapidamente possibile.<\/p>\n<\/div>\n<p><strong>2. Quanto tempo ci vuole per arrivare?<\/strong><\/p>\n<p>I pacchi spediti in Italia arrivano solitamente entro 12-15 giorni lavorativi. Forniremo aggiornamenti in tempo reale sullo stato della tua spedizione.<\/p>\n<\/div>\n<\/div>\n<\/div>\n<\/div>\n<\/div>\n<p>&nbsp;<\/p>\n<p>Trova altri prodotti da svapo che potrebbero piacerti:<strong><em><a href=\"https:\/\/rmvapesale.com\/it\/shop-2\/\">acquista ora &gt;&gt;&gt;<\/a><\/em><\/strong><\/p>","protected":false},"excerpt":{"rendered":"<p>La <strong>JNR Alien 10000 Puff Vape usa e getta ricaricabile<\/strong> \u00e8 progettato per coloro che danno priorit\u00e0 sia alla comodit\u00e0 che alle prestazioni. Con un pre-riempito <strong>capacit\u00e0 di e-liquid da 20ml<\/strong>, questo dispositivo offre fino a <strong>10.000 puff<\/strong>, garantendo sessioni di svapo prolungate senza frequenti sostituzioni.<\/p>\n<p><img loading=\"lazy\" decoding=\"async\" class=\"size-full wp-image-2375\" src=\"https:\/\/rmvapesale.com\/wp-content\/uploads\/2024\/10\/image.png\" alt=\"Migliore sigaretta elettronica usa e getta\" width=\"229\" height=\"300\" \/><\/p>\n<h3><a href=\"https:\/\/wa.me\/8617776015835\"><span style=\"color: #ff0000\"><strong>WhatsApp: +86 17776015835<\/strong><\/span><\/a><\/h3>\n<p>&nbsp;<\/p>","protected":false},"featured_media":2762,"comment_status":"open","ping_status":"closed","template":"","meta":{"_uag_custom_page_level_css":"","_lmt_disableupdate":"no","_lmt_disable":"","site-sidebar-layout":"default","site-content-layout":"content-boxed-container","ast-site-content-layout":"normal-width-container","site-content-style":"boxed","site-sidebar-style":"unboxed","ast-global-header-display":"","ast-banner-title-visibility":"","ast-main-header-display":"","ast-hfb-above-header-display":"","ast-hfb-below-header-display":"","ast-hfb-mobile-header-display":"","site-post-title":"","ast-breadcrumbs-content":"","ast-featured-img":"","footer-sml-layout":"","ast-disable-related-posts":"","theme-transparent-header-meta":"default","adv-header-id-meta":"","stick-header-meta":"","header-above-stick-meta":"","header-main-stick-meta":"","header-below-stick-meta":"","astra-migrate-meta-layouts":"set","ast-page-background-enabled":"default","ast-page-background-meta":{"desktop":{"background-color":"var(--ast-global-color-4)","background-image":"","background-repeat":"repeat","background-position":"center center","background-size":"auto","background-attachment":"scroll","background-type":"","background-media":"","overlay-type":"","overlay-color":"","overlay-opacity":"","overlay-gradient":""},"tablet":{"background-color":"","background-image":"","background-repeat":"repeat","background-position":"center center","background-size":"auto","background-attachment":"scroll","background-type":"","background-media":"","overlay-type":"","overlay-color":"","overlay-opacity":"","overlay-gradient":""},"mobile":{"background-color":"","background-image":"","background-repeat":"repeat","background-position":"center center","background-size":"auto","background-attachment":"scroll","background-type":"","background-media":"","overlay-type":"","overlay-color":"","overlay-opacity":"","overlay-gradient":""}},"ast-content-background-meta":{"desktop":{"background-color":"var(--ast-global-color-5)","background-image":"","background-repeat":"repeat","background-position":"center center","background-size":"auto","background-attachment":"scroll","background-type":"","background-media":"","overlay-type":"","overlay-color":"","overlay-opacity":"","overlay-gradient":""},"tablet":{"background-color":"var(--ast-global-color-5)","background-image":"","background-repeat":"repeat","background-position":"center center","background-size":"auto","background-attachment":"scroll","background-type":"","background-media":"","overlay-type":"","overlay-color":"","overlay-opacity":"","overlay-gradient":""},"mobile":{"background-color":"var(--ast-global-color-5)","background-image":"","background-repeat":"repeat","background-position":"center center","background-size":"auto","background-attachment":"scroll","background-type":"","background-media":"","overlay-type":"","overlay-color":"","overlay-opacity":"","overlay-gradient":""}},"_joinchat":[]},"product_brand":[],"product_cat":[15,27,25,123,30,26,28,137,136,135],"product_tag":[223,224,205],"class_list":{"0":"post-2767","1":"product","2":"type-product","3":"status-publish","4":"has-post-thumbnail","6":"product_cat-new-vape-this-week","7":"product_cat-fance-hot-sale-vape","8":"product_cat-germany-best-selling-vape","9":"product_cat-italy-wholesale-vape","10":"product_cat-minimum-order-quantity-50pcs","11":"product_cat-netherlands-hot-sale-vape","12":"product_cat-poland-hot-sale-vape","13":"product_cat-rechargeable-vapes","14":"product_cat-smart-screen-vapes","15":"product_cat-spain-best-hot-sale-vape","16":"product_tag-jnr","17":"product_tag-jnr-10000","18":"product_tag-jnr-vape","19":"desktop-align-left","20":"tablet-align-left","21":"mobile-align-left","23":"first","24":"instock","25":"sale","26":"shipping-taxable","27":"purchasable","28":"product-type-simple"},"uagb_featured_image_src":{"full":["https:\/\/rmvapesale.com\/wp-content\/uploads\/2024\/11\/JNR-Alien-10000-Puffs-Bulk-Price.png",800,800,false],"thumbnail":["https:\/\/rmvapesale.com\/wp-content\/uploads\/2024\/11\/JNR-Alien-10000-Puffs-Bulk-Price-150x150.png",150,150,true],"medium":["https:\/\/rmvapesale.com\/wp-content\/uploads\/2024\/11\/JNR-Alien-10000-Puffs-Bulk-Price-300x300.png",300,300,true],"medium_large":["https:\/\/rmvapesale.com\/wp-content\/uploads\/2024\/11\/JNR-Alien-10000-Puffs-Bulk-Price-768x768.png",768,768,true],"large":["https:\/\/rmvapesale.com\/wp-content\/uploads\/2024\/11\/JNR-Alien-10000-Puffs-Bulk-Price.png",800,800,false],"1536x1536":["https:\/\/rmvapesale.com\/wp-content\/uploads\/2024\/11\/JNR-Alien-10000-Puffs-Bulk-Price.png",800,800,false],"2048x2048":["https:\/\/rmvapesale.com\/wp-content\/uploads\/2024\/11\/JNR-Alien-10000-Puffs-Bulk-Price.png",800,800,false],"trp-custom-language-flag":["https:\/\/rmvapesale.com\/wp-content\/uploads\/2024\/11\/JNR-Alien-10000-Puffs-Bulk-Price.png",12,12,false],"woocommerce_thumbnail":["https:\/\/rmvapesale.com\/wp-content\/uploads\/2024\/11\/JNR-Alien-10000-Puffs-Bulk-Price-300x300.png",300,300,true],"woocommerce_single":["https:\/\/rmvapesale.com\/wp-content\/uploads\/2024\/11\/JNR-Alien-10000-Puffs-Bulk-Price-600x600.png",600,600,true],"woocommerce_gallery_thumbnail":["https:\/\/rmvapesale.com\/wp-content\/uploads\/2024\/11\/JNR-Alien-10000-Puffs-Bulk-Price-100x100.png",100,100,true],"wcpr-photo-reviews":["https:\/\/rmvapesale.com\/wp-content\/uploads\/2024\/11\/JNR-Alien-10000-Puffs-Bulk-Price.png",500,500,false]},"uagb_author_info":{"display_name":"AMY","author_link":"https:\/\/rmvapesale.com\/it\/author\/"},"uagb_comment_info":0,"uagb_excerpt":"The JNR Alien 10000 Puffs Rechargeable Disposable Vape is engineered for those who prioritize both convenience and performance. With a pre-filled 20ml e-liquid capacity, this device offers up to 10,000 puffs, ensuring extended vaping sessions without frequent replacements. WhatsApp: +86 17776015835 &nbsp;","_links":{"self":[{"href":"https:\/\/rmvapesale.com\/it\/wp-json\/wp\/v2\/product\/2767","targetHints":{"allow":["GET"]}}],"collection":[{"href":"https:\/\/rmvapesale.com\/it\/wp-json\/wp\/v2\/product"}],"about":[{"href":"https:\/\/rmvapesale.com\/it\/wp-json\/wp\/v2\/types\/product"}],"replies":[{"embeddable":true,"href":"https:\/\/rmvapesale.com\/it\/wp-json\/wp\/v2\/comments?post=2767"}],"wp:featuredmedia":[{"embeddable":true,"href":"https:\/\/rmvapesale.com\/it\/wp-json\/wp\/v2\/media\/2762"}],"wp:attachment":[{"href":"https:\/\/rmvapesale.com\/it\/wp-json\/wp\/v2\/media?parent=2767"}],"wp:term":[{"taxonomy":"product_brand","embeddable":true,"href":"https:\/\/rmvapesale.com\/it\/wp-json\/wp\/v2\/product_brand?post=2767"},{"taxonomy":"product_cat","embeddable":true,"href":"https:\/\/rmvapesale.com\/it\/wp-json\/wp\/v2\/product_cat?post=2767"},{"taxonomy":"product_tag","embeddable":true,"href":"https:\/\/rmvapesale.com\/it\/wp-json\/wp\/v2\/product_tag?post=2767"}],"curies":[{"name":"wp","href":"https:\/\/api.w.org\/{rel}","templated":true}]}}