{"id":2799,"date":"2024-11-28T03:16:57","date_gmt":"2024-11-28T03:16:57","guid":{"rendered":"https:\/\/rmvapesale.com\/?post_type=product&#038;p=2799"},"modified":"2024-11-28T03:38:01","modified_gmt":"2024-11-28T03:38:01","slug":"wga-30000-puffs-double-flavors-refillable-disposable-vape-bulk-price","status":"publish","type":"product","link":"https:\/\/rmvapesale.com\/it\/prodotto\/wga-30000-puffs-double-flavors-refillable-disposable-vape-bulk-price\/","title":{"rendered":"WGA 30000 Puffs Doppio Aroma Sigaretta Elettronica Usa e Getta Ricaricabile Prezzo all'ingrosso"},"content":{"rendered":"<div class=\"B2VR9 CJHX3e\">\n<div class=\"wyccme\">\n<h1 class=\"LC20lb MBeuO DKV0Md\">WGA 30000 Puffs Doppio Aroma Sigaretta Elettronica Usa e Getta Ricaricabile Prezzo all'ingrosso<\/h1>\n<div class=\"flex-shrink-0 flex flex-col relative items-end\">\n<div class=\"pt-0\">\n<div class=\"gizmo-bot-avatar flex h-8 w-8 items-center justify-center overflow-hidden rounded-full\">\n<div class=\"relative p-1 rounded-sm flex items-center justify-center bg-token-main-surface-primary text-token-text-primary h-8 w-8\">\n<p>La <strong>WGA 30000 Puff Doppi Gusti Vaporizzatore Usa e Getta Ricaricabile<\/strong>, un dispositivo rivoluzionario progettato per i vapers che cercano versatilit\u00e0 e prestazioni senza pari. Con una capacit\u00e0 di <strong>30.000 tiri<\/strong>, questo vaporizzatore offre un'esperienza incredibilmente duratura, perfetta per un uso prolungato o acquisti all'ingrosso. Il <strong>sistema a doppio sapore<\/strong> consente agli utenti di passare senza problemi tra due gusti, offrendo un'esperienza di svapo dinamica e mai monotona. Ogni dispositivo \u00e8 dotato di <strong>2 ml di e-liquid pre-riempito<\/strong> di capacit\u00e0, insieme a un ulteriore <strong>scomparto ricaricabile da 20 ml<\/strong>, garantendo flessibilit\u00e0 e un maggiore controllo del sapore. Alimentato da una <strong>batteria ricaricabile Type-C da 650mAh<\/strong> e dotato di un <strong>resistenza a rete<\/strong>, questo dispositivo offre un vapore uniforme e fluido con un sapore ottimale.<\/p>\n<p>La <strong>Il vaporizzatore WGA 30k<\/strong> \u00e8 realizzato per comodit\u00e0 e funzionalit\u00e0, vantando un <strong>display digitale a LED<\/strong> che ti tiene informato sui livelli della batteria e dell'e-liquid. Con un <strong>forza della nicotina 2%<\/strong>, si rivolge a coloro che cercano un'opzione di svapo a basso contenuto di nicotina e soddisfacente. Scegli tra <strong>oltre 15 gusti premium<\/strong>, ognuno progettato per offrire un'esperienza di gusto eccezionale. Perfetto per acquirenti all'ingrosso o singoli utenti, questo wga 30k <strong>vaporizzatore usa e getta intelligente<\/strong> combina stile, innovazione e prestazioni per un'esperienza di svapo elevata.<\/p>\n<\/div>\n<\/div>\n<\/div>\n<\/div>\n<\/div>\n<\/div>\n<p><strong>Contatta Amy per ottenere la risposta giusta e un coupon per lo svapo!<\/strong><\/p>\n<p><img loading=\"lazy\" decoding=\"async\" class=\"size-full wp-image-1978\" src=\"https:\/\/rmvapesale.com\/wp-content\/uploads\/2024\/09\/Disposable-Vape-Wholesale.jpg\" alt=\"Vaporizzatore Usa e Getta Ingrosso\" width=\"229\" height=\"300\" \/><\/p>\n<h3><a href=\"https:\/\/wa.me\/8617776015835\" target=\"_blank\" rel=\"noopener\"><span style=\"color: #ff0000\"><strong>WhatsApp: +86 17776015835<\/strong><\/span><\/a><\/h3>\n<p>&nbsp;<\/p>\n<h2><\/h2>\n<h2><strong>Caratteristiche principali di WGA 30000 Puffs<\/strong><\/h2>\n<ul>\n<li>Fino a <strong>30.000 tiri<\/strong> per un uso prolungato<\/li>\n<li><strong>Sistema a doppio gusto<\/strong> per un'esperienza dinamica e personalizzabile<\/li>\n<li><strong>batteria ricaricabile Type-C da 650mAh<\/strong> assicura una ricarica rapida<\/li>\n<li><strong>display a LED<\/strong> mostra i livelli di batteria e di liquido elettronico<\/li>\n<li>Include <strong>Capacit\u00e0 di liquido elettronico ricaricabile di 2ml+20ml<\/strong> per una maggiore flessibilit\u00e0<\/li>\n<\/ul>\n<h2><strong>Gusto principale per WGA 30K<\/strong><\/h2>\n<p>1. Menta Glaciale + Triple Menthol<br \/>\n2. Lime Limone + Slush al Limone<br \/>\n3. Ciliegia Fizz + Ciliegia Lampone <span style=\"color: #ff0000\"><strong>&gt;&gt;&gt;&gt; Caldo!<\/strong><\/span><br \/>\n4. Anguria Ghiacciata + Mela Doppia<br \/>\n5. Ananas Ghiacciato + Mango Succoso<br \/>\n6. Orsetto Gommato + Skittles<br \/>\n7. Ciliegia Blue Razz + Skittles<br \/>\n8. Mr Blue + Lampone Acido Blu <span style=\"color: #ff0000\"><strong>&gt;&gt;&gt;&gt; Caldo!<\/strong><\/span><br \/>\n9. Grape Sakura + Grape Gummy Bear<br \/>\n10.Bacche di Mirtillo Blu Ribes Ciliegia + Fragola Mirtillo Cranberry<br \/>\n11.Pesca Succosa + Mango Pesca Anguria<br \/>\n12.Fragola Ribes Ghiaccio + Fragola Skittles <span style=\"color: #ff0000\"><strong>&gt;&gt;&gt;&gt; Migliore!<\/strong><\/span><br \/>\n13.Ghiaccio di Mirtillo + Ghiaccio di Fragola<br \/>\n14.Pesca Guava Fragola + Pesca Succosa<br \/>\n15.Ghiaccio Blu + Ghiaccio Rosa<\/p>\n<p>&nbsp;<\/p>\n<h3><strong>Perch\u00e9 Scegliere Rmvapesale per WGA 30000 Puff <\/strong><strong>V<\/strong><strong>vapo all'ingrosso<\/strong><strong>?<\/strong><\/h3>\n<div class=\"flex-shrink-0 flex flex-col relative items-end\">\n<div class=\"pt-0\">\n<div class=\"gizmo-bot-avatar flex h-8 w-8 items-center justify-center overflow-hidden rounded-full\">\n<div class=\"relative p-1 rounded-sm flex items-center justify-center bg-token-main-surface-primary text-token-text-primary h-8 w-8\">\n<p>Benvenuto su Rmvapesale, il tuo negozio di fiducia per vaporizzatori usa e getta di alta qualit\u00e0. Con oltre 5 anni di esperienza, ti offriamo marchi popolari di vaporizzatori usa e getta come Al Fakher, <a href=\"https:\/\/rmvapesale.com\/it\/categoria-prodotto\/bang-vapes\/\">Bang Vape<\/a>, Waspe, WGA Vape e<a href=\"https:\/\/rmvapesale.com\/it\/categoria-prodotto\/randm-fumot-vape\/\"> RandM Vape<\/a>.<\/p>\n<p>La nostra gamma comprende vapes di tendenza come il <a href=\"https:\/\/rmvapesale.com\/it\/prodotto\/randm-tornado-15000-puffs-vape-wholesale\/\">RandM Tornado 15000<\/a> e opzioni ricche di sapore come il Vapme 70000. Ogni prodotto \u00e8 scelto con un focus su qualit\u00e0, valore e variet\u00e0, per assicurarti di trovare la corrispondenza perfetta per le tue esigenze. Scopri un servizio eccezionale e una vasta gamma di prodotti di punta su Rmvapesale.<\/p>\n<\/div>\n<h3><\/h3>\n<div class=\"relative p-1 rounded-sm flex items-center justify-center bg-token-main-surface-primary text-token-text-primary h-8 w-8\">\n<h3><b> FAQ Per <\/b><b>Vape Monouso Ricaricabile WGA 30K<\/b><\/h3>\n<div class=\"group\/conversation-turn relative flex w-full min-w-0 flex-col agent-turn\">\n<div class=\"flex-col gap-1 md:gap-3\">\n<div class=\"flex max-w-full flex-col flex-grow\">\n<div class=\"min-h-8 text-message flex w-full flex-col items-end gap-2 whitespace-normal break-words [.text-message+&amp;]:mt-5\" dir=\"auto\" data-message-author-role=\"assistant\" data-message-id=\"00c9b302-bc9c-4550-94ba-5a295efa2be3\" data-message-model-slug=\"gpt-4o\">\n<div class=\"flex w-full flex-col gap-1 empty:hidden first:pt-[3px]\">\n<div class=\"markdown prose w-full break-words dark:prose-invert light\">\n<div class=\"flex-shrink-0 flex flex-col relative items-end\">\n<div>\n<div class=\"pt-0\">\n<div class=\"gizmo-bot-avatar flex h-8 w-8 items-center justify-center overflow-hidden rounded-full\">\n<div class=\"relative p-1 rounded-sm flex items-center justify-center bg-token-main-surface-primary text-token-text-primary h-8 w-8\">\n<div class=\"flex-shrink-0 flex flex-col relative items-end\">\n<div>\n<div class=\"pt-0\">\n<div class=\"gizmo-bot-avatar flex h-8 w-8 items-center justify-center overflow-hidden rounded-full\">\n<div class=\"relative p-1 rounded-sm flex items-center justify-center bg-token-main-surface-primary text-token-text-primary h-8 w-8\">\n<ul>\n<li><strong>Dove acquistare vape WGA 30k a prezzo all'ingrosso in Italia<\/strong><br \/>\nPuoi acquistare il <strong>Il vaporizzatore WGA 30k<\/strong> a prezzi all'ingrosso tramite rivenditori online affidabili e distributori di vape che spediscono in Italia. Assicurati di scegliere fornitori affidabili specializzati in <strong>sigarette elettroniche all'ingrosso<\/strong> per prodotti autentici.<\/li>\n<li><strong>Quanti tiri offre la vape WGA 30k puff?<\/strong><br \/>\nLa <strong>Il vaporizzatore WGA 30k<\/strong> fornisce un impressionante <strong>30.000 tiri<\/strong>, rendendolo ideale per un uso prolungato e per gli acquirenti all'ingrosso.<\/li>\n<li><strong>Quanto dura la popolare penna vape usa e getta WGA 30000?<\/strong><br \/>\nLa durata di <strong>WGA 30000 vape pen<\/strong> dipende dalle abitudini di utilizzo individuali. In media, gli utenti regolari potrebbero trovarlo duraturo tra <strong>2 e 4 settimane<\/strong>.<\/li>\n<li><strong>Quali sono i gusti popolari per la vape box usa e getta WGA 30k Puff?<\/strong><br \/>\nI gusti popolari per la <strong>Il vaporizzatore WGA 30k<\/strong> includono <strong>Blue Razz Ice<\/strong>, <strong>Banana e Fragola<\/strong>, <strong>Menta fresca<\/strong>, e altre selezioni dal <strong>oltre 15 gusti premium<\/strong> disponibile.<\/li>\n<li><strong>Quanto tempo ci vuole per caricare una WGA LEGEND ULTRA 30K Puffs Vape Ricaricabile?<\/strong><br \/>\nLa <strong>WGA LEGEND ULTRA 30k<\/strong> vape \u00e8 dotata di una <strong>batteria ricaricabile Type-C da 650mAh<\/strong>, che in genere richiede circa <strong>da 45 minuti a 1 ora<\/strong> per caricarsi completamente.<\/li>\n<li><strong>Quanta nicotina \u00e8 presente in una WGA LEGEND ULTRA 30000 Vape Usa e Getta?<\/strong><br \/>\nLa <strong>WGA LEGEND ULTRA 30000 vape<\/strong> contiene <strong>forza della nicotina 2%<\/strong>, offrendo un'esperienza soddisfacente ma a basso contenuto di nicotina.<\/li>\n<\/ul>\n<\/div>\n<\/div>\n<\/div>\n<\/div>\n<\/div>\n<\/div>\n<\/div>\n<\/div>\n<\/div>\n<\/div>\n<div class=\"group\/conversation-turn relative flex w-full min-w-0 flex-col agent-turn\">\n<div class=\"flex-col gap-1 md:gap-3\">\n<div class=\"flex max-w-full flex-col flex-grow\">\n<div class=\"min-h-8 text-message flex w-full flex-col items-end gap-2 whitespace-normal break-words [.text-message+&amp;]:mt-5\" dir=\"auto\" data-message-author-role=\"assistant\" data-message-id=\"a3dc01bd-23b0-4fd7-bb9a-7827522cefd8\" data-message-model-slug=\"gpt-4o\">\n<div class=\"flex w-full flex-col gap-1 empty:hidden first:pt-[3px]\"><\/div>\n<\/div>\n<\/div>\n<\/div>\n<\/div>\n<\/div>\n<\/div>\n<\/div>\n<\/div>\n<\/div>\n<\/div>\n<\/div>\n<\/div>\n<\/div>\n<\/div>\n<h3>Informazioni sulla spedizione<\/h3>\n<div class=\"flex-shrink-0 flex flex-col relative items-end\">\n<div>\n<div class=\"pt-0\">\n<div class=\"gizmo-bot-avatar flex h-8 w-8 items-center justify-center overflow-hidden rounded-full\">\n<div><\/div>\n<div class=\"relative p-1 rounded-sm flex items-center justify-center bg-token-main-surface-primary text-token-text-primary h-8 w-8\"><strong>1. Quali metodi di spedizione vengono utilizzati?<\/strong><\/div>\n<\/div>\n<\/div>\n<\/div>\n<\/div>\n<div class=\"group\/conversation-turn relative flex w-full min-w-0 flex-col agent-turn\">\n<div class=\"flex-col gap-1 md:gap-3\">\n<div class=\"flex max-w-full flex-col flex-grow\">\n<div class=\"min-h-[20px] text-message flex w-full flex-col items-end gap-2 whitespace-normal break-words [.text-message+&amp;]:mt-5 overflow-x-auto\" dir=\"auto\" data-message-author-role=\"assistant\" data-message-id=\"22f8283b-3233-46ff-89a5-c7a41b33abda\">\n<div class=\"flex w-full flex-col gap-1 empty:hidden first:pt-[3px]\">\n<div class=\"markdown prose w-full break-words dark:prose-invert light\">\n<p>Collaboriamo con UPS, DHL, FedEx, DPD e altri vettori leader. Selezioneremo il miglior metodo di spedizione in base alla tua posizione di consegna per assicurarti di ricevere i tuoi prodotti il pi\u00f9 rapidamente possibile.<\/p>\n<\/div>\n<p><strong>2. Quanto tempo ci vuole per arrivare?<\/strong><\/p>\n<p>I pacchi spediti in Italia arrivano solitamente entro 12-15 giorni lavorativi. Forniremo aggiornamenti in tempo reale sullo stato della tua spedizione.<\/p>\n<\/div>\n<\/div>\n<\/div>\n<\/div>\n<\/div>\n<p>&nbsp;<\/p>\n<p>Trova altri prodotti da svapo che potrebbero piacerti:<strong><em><a href=\"https:\/\/rmvapesale.com\/it\/shop-2\/\">acquista ora &gt;&gt;&gt;<\/a><\/em><\/strong><\/p>","protected":false},"excerpt":{"rendered":"<p>La <strong>WGA 30000 Puff Doppi Gusti Vaporizzatore Usa e Getta Ricaricabile<\/strong>, un dispositivo rivoluzionario progettato per i vapers che cercano versatilit\u00e0 e prestazioni senza pari. Con una capacit\u00e0 di <strong>30.000 puff.<\/strong><\/p>\n<p><img loading=\"lazy\" decoding=\"async\" class=\"size-full wp-image-2375\" src=\"https:\/\/rmvapesale.com\/wp-content\/uploads\/2024\/10\/image.png\" alt=\"Migliore sigaretta elettronica usa e getta\" width=\"229\" height=\"300\" \/><\/p>\n<h3><a href=\"https:\/\/wa.me\/8617776015835\"><span style=\"color: #ff0000\"><strong>WhatsApp: +86 17776015835<\/strong><\/span><\/a><\/h3>\n<p>&nbsp;<\/p>","protected":false},"featured_media":2796,"comment_status":"open","ping_status":"closed","template":"","meta":{"_uag_custom_page_level_css":"","_lmt_disableupdate":"no","_lmt_disable":"","site-sidebar-layout":"default","site-content-layout":"content-boxed-container","ast-site-content-layout":"normal-width-container","site-content-style":"boxed","site-sidebar-style":"unboxed","ast-global-header-display":"","ast-banner-title-visibility":"","ast-main-header-display":"","ast-hfb-above-header-display":"","ast-hfb-below-header-display":"","ast-hfb-mobile-header-display":"","site-post-title":"","ast-breadcrumbs-content":"","ast-featured-img":"","footer-sml-layout":"","theme-transparent-header-meta":"default","adv-header-id-meta":"","stick-header-meta":"","header-above-stick-meta":"","header-main-stick-meta":"","header-below-stick-meta":"","astra-migrate-meta-layouts":"set","ast-page-background-enabled":"default","ast-page-background-meta":{"desktop":{"background-color":"var(--ast-global-color-4)","background-image":"","background-repeat":"repeat","background-position":"center center","background-size":"auto","background-attachment":"scroll","background-type":"","background-media":"","overlay-type":"","overlay-color":"","overlay-opacity":"","overlay-gradient":""},"tablet":{"background-color":"","background-image":"","background-repeat":"repeat","background-position":"center center","background-size":"auto","background-attachment":"scroll","background-type":"","background-media":"","overlay-type":"","overlay-color":"","overlay-opacity":"","overlay-gradient":""},"mobile":{"background-color":"","background-image":"","background-repeat":"repeat","background-position":"center center","background-size":"auto","background-attachment":"scroll","background-type":"","background-media":"","overlay-type":"","overlay-color":"","overlay-opacity":"","overlay-gradient":""}},"ast-content-background-meta":{"desktop":{"background-color":"var(--ast-global-color-5)","background-image":"","background-repeat":"repeat","background-position":"center center","background-size":"auto","background-attachment":"scroll","background-type":"","background-media":"","overlay-type":"","overlay-color":"","overlay-opacity":"","overlay-gradient":""},"tablet":{"background-color":"var(--ast-global-color-5)","background-image":"","background-repeat":"repeat","background-position":"center center","background-size":"auto","background-attachment":"scroll","background-type":"","background-media":"","overlay-type":"","overlay-color":"","overlay-opacity":"","overlay-gradient":""},"mobile":{"background-color":"var(--ast-global-color-5)","background-image":"","background-repeat":"repeat","background-position":"center center","background-size":"auto","background-attachment":"scroll","background-type":"","background-media":"","overlay-type":"","overlay-color":"","overlay-opacity":"","overlay-gradient":""}},"_joinchat":[]},"product_brand":[],"product_cat":[15,25,123,26,28,135,27,137,136,30],"product_tag":[229,232,69],"class_list":{"0":"post-2799","1":"product","2":"type-product","3":"status-publish","4":"has-post-thumbnail","6":"product_cat-new-vape-this-week","7":"product_cat-germany-best-selling-vape","8":"product_cat-italy-wholesale-vape","9":"product_cat-netherlands-hot-sale-vape","10":"product_cat-poland-hot-sale-vape","11":"product_cat-spain-best-hot-sale-vape","12":"product_cat-fance-hot-sale-vape","13":"product_cat-rechargeable-vapes","14":"product_cat-smart-screen-vapes","15":"product_cat-minimum-order-quantity-50pcs","16":"product_tag-smart-disposable-vapes","17":"product_tag-wga-30k","18":"product_tag-wga-vape","19":"desktop-align-left","20":"tablet-align-left","21":"mobile-align-left","23":"first","24":"instock","25":"sale","26":"shipping-taxable","27":"purchasable","28":"product-type-simple"},"uagb_featured_image_src":{"full":["https:\/\/rmvapesale.com\/wp-content\/uploads\/2024\/11\/WGA-Legend-Ultra-30000-Disposable-Vape.jpg",1126,1126,false],"thumbnail":["https:\/\/rmvapesale.com\/wp-content\/uploads\/2024\/11\/WGA-Legend-Ultra-30000-Disposable-Vape-150x150.jpg",150,150,true],"medium":["https:\/\/rmvapesale.com\/wp-content\/uploads\/2024\/11\/WGA-Legend-Ultra-30000-Disposable-Vape-300x300.jpg",300,300,true],"medium_large":["https:\/\/rmvapesale.com\/wp-content\/uploads\/2024\/11\/WGA-Legend-Ultra-30000-Disposable-Vape-768x768.jpg",768,768,true],"large":["https:\/\/rmvapesale.com\/wp-content\/uploads\/2024\/11\/WGA-Legend-Ultra-30000-Disposable-Vape-1024x1024.jpg",1024,1024,true],"1536x1536":["https:\/\/rmvapesale.com\/wp-content\/uploads\/2024\/11\/WGA-Legend-Ultra-30000-Disposable-Vape.jpg",1126,1126,false],"2048x2048":["https:\/\/rmvapesale.com\/wp-content\/uploads\/2024\/11\/WGA-Legend-Ultra-30000-Disposable-Vape.jpg",1126,1126,false],"trp-custom-language-flag":["https:\/\/rmvapesale.com\/wp-content\/uploads\/2024\/11\/WGA-Legend-Ultra-30000-Disposable-Vape.jpg",12,12,false],"woocommerce_thumbnail":["https:\/\/rmvapesale.com\/wp-content\/uploads\/2024\/11\/WGA-Legend-Ultra-30000-Disposable-Vape-300x300.jpg",300,300,true],"woocommerce_single":["https:\/\/rmvapesale.com\/wp-content\/uploads\/2024\/11\/WGA-Legend-Ultra-30000-Disposable-Vape-600x600.jpg",600,600,true],"woocommerce_gallery_thumbnail":["https:\/\/rmvapesale.com\/wp-content\/uploads\/2024\/11\/WGA-Legend-Ultra-30000-Disposable-Vape-100x100.jpg",100,100,true],"wcpr-photo-reviews":["https:\/\/rmvapesale.com\/wp-content\/uploads\/2024\/11\/WGA-Legend-Ultra-30000-Disposable-Vape.jpg",500,500,false]},"uagb_author_info":{"display_name":"AMY","author_link":"https:\/\/rmvapesale.com\/it\/author\/"},"uagb_comment_info":0,"uagb_excerpt":"The WGA 30000 Puffs Double Flavors Refillable Disposable Vape, a revolutionary device designed for vapers seeking unmatched versatility and performance. With a capacity of 30,000 puffs. WhatsApp: +86 17776015835 &nbsp;","_links":{"self":[{"href":"https:\/\/rmvapesale.com\/it\/wp-json\/wp\/v2\/product\/2799","targetHints":{"allow":["GET"]}}],"collection":[{"href":"https:\/\/rmvapesale.com\/it\/wp-json\/wp\/v2\/product"}],"about":[{"href":"https:\/\/rmvapesale.com\/it\/wp-json\/wp\/v2\/types\/product"}],"replies":[{"embeddable":true,"href":"https:\/\/rmvapesale.com\/it\/wp-json\/wp\/v2\/comments?post=2799"}],"wp:featuredmedia":[{"embeddable":true,"href":"https:\/\/rmvapesale.com\/it\/wp-json\/wp\/v2\/media\/2796"}],"wp:attachment":[{"href":"https:\/\/rmvapesale.com\/it\/wp-json\/wp\/v2\/media?parent=2799"}],"wp:term":[{"taxonomy":"product_brand","embeddable":true,"href":"https:\/\/rmvapesale.com\/it\/wp-json\/wp\/v2\/product_brand?post=2799"},{"taxonomy":"product_cat","embeddable":true,"href":"https:\/\/rmvapesale.com\/it\/wp-json\/wp\/v2\/product_cat?post=2799"},{"taxonomy":"product_tag","embeddable":true,"href":"https:\/\/rmvapesale.com\/it\/wp-json\/wp\/v2\/product_tag?post=2799"}],"curies":[{"name":"wp","href":"https:\/\/api.w.org\/{rel}","templated":true}]}}