{"id":2820,"date":"2024-11-30T03:54:20","date_gmt":"2024-11-30T03:54:20","guid":{"rendered":"https:\/\/rmvapesale.com\/?post_type=product&#038;p=2820"},"modified":"2024-11-30T07:30:19","modified_gmt":"2024-11-30T07:30:19","slug":"bang-32000-puffs-rechargeable-disposable-box-vape-wholesale-double-flavor-switching","status":"publish","type":"product","link":"https:\/\/rmvapesale.com\/it\/prodotto\/bang-32000-puffs-rechargeable-disposable-box-vape-wholesale-double-flavor-switching\/","title":{"rendered":"Bang 32000 Puffs Box ricaricabile monouso sigaretta elettronica all'ingrosso con doppio gusto"},"content":{"rendered":"<div class=\"B2VR9 CJHX3e\">\n<div class=\"wyccme\">\n<h1 class=\"LC20lb MBeuO DKV0Md\">Bang 32000 Puffs Box ricaricabile monouso sigaretta elettronica all'ingrosso con doppio gusto<\/h1>\n<div class=\"flex-shrink-0 flex flex-col relative items-end\">\n<div class=\"pt-0\">\n<div class=\"gizmo-bot-avatar flex h-8 w-8 items-center justify-center overflow-hidden rounded-full\">\n<div class=\"relative p-1 rounded-sm flex items-center justify-center bg-token-main-surface-primary text-token-text-primary h-8 w-8\">\n<p>La <strong>Bang 32000 Puffs Box Monouso Ricaricabile Vape<\/strong>, progettato per praticit\u00e0, versatilit\u00e0 e soddisfazione a lungo termine. Questo dispositivo innovativo ridefinisce le svapate monouso, offrendo una notevole capacit\u00e0 di 32.000 tiri grazie ai suoi due serbatoi di e-liquid da 26 ml, godrai di un'esperienza di svapo prolungata senza il fastidio delle sostituzioni frequenti.<\/p>\n<p>Una delle sue caratteristiche principali \u00e8 la <strong>tecnologia a doppio cambio sapore<\/strong>, che consente agli utenti di alternare senza interruzioni tra due sapori all'interno dello stesso dispositivo. Questa caratteristica unica garantisce variet\u00e0 a ogni tiro, rendendolo perfetto per coloro che amano cambiare la loro esperienza di svapo in movimento. A complemento di questa versatilit\u00e0 \u00e8 la possibilit\u00e0 di personalizzare la concentrazione di nicotina, con opzioni che vanno dallo 0% al 5%, per soddisfare sia gli utenti senza nicotina che quelli che cercano dosi pi\u00f9 forti.<\/p>\n<p>Con <strong>12 gusti allettanti tra cui scegliere<\/strong>, c'\u00e8 qualcosa per tutti. Che tu preferisca profili fruttati, al mentolo o ispirati ai dessert, questo dispositivo garantisce un'esperienza di svapo personalizzata che non diventa mai monotona. Il suo design elegante e portatile, unito a prestazioni affidabili, lo rende una scelta eccellente sia per uso personale che per i mercati all'ingrosso. I rivenditori apprezzeranno anche la sua confezione accattivante, che lo rende un'aggiunta perfetta a qualsiasi linea di <strong>display vape<\/strong> .<\/p>\n<p>Sia che tu stia cercando una<strong>\u00a0sigaretta elettronica monouso<\/strong> ricaricabile che bilanci stile e sostanza, o un <strong>svapo usa e getta a basso contenuto di nicotina<\/strong> per soddisfare preferenze specifiche, la <strong>Bang 32000 Puffs Box Monouso Ricaricabile Vape<\/strong> \u00e8 la tua soluzione. Ideale per <strong>sigarette elettroniche all'ingrosso<\/strong> i distributori e gli utenti individuali, questo dispositivo combina innovazione, convenienza e prestazioni superiori in un unico pacchetto versatile.<\/p>\n<\/div>\n<\/div>\n<\/div>\n<\/div>\n<\/div>\n<\/div>\n<p><strong>Contatta Amy per ottenere la risposta giusta e un coupon per lo svapo!<\/strong><\/p>\n<p><img loading=\"lazy\" decoding=\"async\" class=\"size-full wp-image-1978\" src=\"https:\/\/rmvapesale.com\/wp-content\/uploads\/2024\/09\/Disposable-Vape-Wholesale.jpg\" alt=\"Vaporizzatore Usa e Getta Ingrosso\" width=\"229\" height=\"300\" \/><\/p>\n<h3><a href=\"https:\/\/wa.me\/8617776015835\" target=\"_blank\" rel=\"noopener\"><span style=\"color: #ff0000\"><strong>WhatsApp: +86 17776015835<\/strong><\/span><\/a><\/h3>\n<p>&nbsp;<\/p>\n<h2><\/h2>\n<h2><strong>Bang 32000 Puffs Caratteristiche principali<\/strong><\/h2>\n<ul>\n<li>Fino a 32.000 tiri con doppie cialde da 26 ml.<\/li>\n<li>Doppio cambio di gusto per variet\u00e0.<\/li>\n<li>Livelli di nicotina personalizzabili (0%-5%).<\/li>\n<li>Batteria ricaricabile da 650 mAh con porta Type-C.<\/li>\n<li>Gusto migliorato tramite bobina a rete da 1,0 ohm.<\/li>\n<\/ul>\n<h2><strong>I migliori gusti per il Bang 32k<\/strong><\/h2>\n<p>&nbsp;<\/p>\n<p>1.Ghiaccio all'anguria + Menta e mirtillo <span style=\"color: #ff0000\"><strong>&gt;&gt;&gt;&gt; Caldo!<\/strong><\/span><br \/>\n2.Ghiaccio all'anguria + Fragola e mango<br \/>\n3.Fragola e anguria + Kiwi, frutto della passione e guava<br \/>\n4.Fragola e anguria + Ghiaccio all'uva<br \/>\n5.Mirtillo e lampone + Pesca, mango e anguria<br \/>\n6.Mirtillo e anguria + Fragola e mango<br \/>\n7.Ghiaccio al mirtillo + Ghiaccio al frutto del drago nero<br \/>\n8.Ghiaccio al mirtillo + Fragola e banana<br \/>\n9.Bevanda energetica + Mirtillo e anguria <span style=\"color: #ff0000\"><strong>&gt;&gt;&gt;&gt; Migliore!<\/strong><\/span><br \/>\n10.Bevanda energetica + Caramella gommosa all'anguria<br \/>\n11.Kiwi e fragola + Ghiaccio alla pesca<br \/>\n12.Kiwi e fragola + Mela acida e lampone<\/p>\n<p>&nbsp;<\/p>\n<h3><strong>Perch\u00e9 scegliere Rmvapesale per il Bang 32000 Puffs <\/strong><strong>V<\/strong><strong>vapo all'ingrosso<\/strong><strong>?<\/strong><\/h3>\n<div class=\"flex-shrink-0 flex flex-col relative items-end\">\n<div class=\"pt-0\">\n<div class=\"gizmo-bot-avatar flex h-8 w-8 items-center justify-center overflow-hidden rounded-full\">\n<div class=\"relative p-1 rounded-sm flex items-center justify-center bg-token-main-surface-primary text-token-text-primary h-8 w-8\">\n<p>Benvenuto su Rmvapesale, il tuo negozio di fiducia per vaporizzatori usa e getta di alta qualit\u00e0. Con oltre 5 anni di esperienza, ti offriamo marchi popolari di vaporizzatori usa e getta come Al Fakher, <a href=\"https:\/\/rmvapesale.com\/it\/categoria-prodotto\/bang-vapes\/\">Bang Vape<\/a>, Waspe, WGA Vape e<a href=\"https:\/\/rmvapesale.com\/it\/categoria-prodotto\/randm-fumot-vape\/\"> RandM Vape<\/a>.<\/p>\n<p>La nostra gamma comprende vapes di tendenza come il <a href=\"https:\/\/rmvapesale.com\/it\/prodotto\/randm-tornado-15000-puffs-vape-wholesale\/\">RandM Tornado 15000<\/a> e opzioni ricche di sapore come il Vapme 70000. Ogni prodotto \u00e8 scelto con un focus su qualit\u00e0, valore e variet\u00e0, per assicurarti di trovare la corrispondenza perfetta per le tue esigenze. Scopri un servizio eccezionale e una vasta gamma di prodotti di punta su Rmvapesale.<\/p>\n<\/div>\n<h3><\/h3>\n<div class=\"relative p-1 rounded-sm flex items-center justify-center bg-token-main-surface-primary text-token-text-primary h-8 w-8\">\n<h3><b> Domande frequenti per il Bang 32k<\/b><b>Vape usa e getta ricaricabile<\/b><\/h3>\n<div class=\"group\/conversation-turn relative flex w-full min-w-0 flex-col agent-turn\">\n<div class=\"flex-col gap-1 md:gap-3\">\n<div class=\"flex max-w-full flex-col flex-grow\">\n<div class=\"min-h-8 text-message flex w-full flex-col items-end gap-2 whitespace-normal break-words [.text-message+&amp;]:mt-5\" dir=\"auto\" data-message-author-role=\"assistant\" data-message-id=\"00c9b302-bc9c-4550-94ba-5a295efa2be3\" data-message-model-slug=\"gpt-4o\">\n<div class=\"flex w-full flex-col gap-1 empty:hidden first:pt-[3px]\">\n<div class=\"markdown prose w-full break-words dark:prose-invert light\">\n<div class=\"flex-shrink-0 flex flex-col relative items-end\">\n<div>\n<div class=\"pt-0\">\n<div class=\"gizmo-bot-avatar flex h-8 w-8 items-center justify-center overflow-hidden rounded-full\">\n<div class=\"relative p-1 rounded-sm flex items-center justify-center bg-token-main-surface-primary text-token-text-primary h-8 w-8\">\n<div class=\"flex-shrink-0 flex flex-col relative items-end\">\n<div>\n<div class=\"pt-0\">\n<div class=\"gizmo-bot-avatar flex h-8 w-8 items-center justify-center overflow-hidden rounded-full\">\n<div class=\"relative p-1 rounded-sm flex items-center justify-center bg-token-main-surface-primary text-token-text-primary h-8 w-8\">\n<p>&nbsp;<\/p>\n<p><strong>Quanti tiri offre il Bang Box 32000?<\/strong><br \/>\nIl Bang Box 32000 offre ben 32.000 tiri, grazie alle sue due capsule da 26 ml di e-liquid, che garantiscono una soddisfazione duratura per gli utenti.<\/p>\n<p><strong>Quanto dura la popolare sigaretta elettronica usa e getta Bang Box 32k?<\/strong><br \/>\nLa durata del Bang Box 32k dipende dalle abitudini di utilizzo. Per gli utenti moderati, pu\u00f2 durare diverse settimane, il che lo rende una scelta eccellente per un uso prolungato senza sostituzioni frequenti.<\/p>\n<p><strong>Quali sono i gusti popolari per il vape usa e getta Bang Box 32000 Puffs?<\/strong><br \/>\nAlcuni dei gusti pi\u00f9 popolari includono miscele fruttate come Mango Ice, Lush Ice e Blueberry Raspberry, oltre a opzioni ispirate ai dessert e rinfrescanti scelte al mentolo. La vasta selezione di gusti soddisfa una variet\u00e0 di preferenze di gusto.<\/p>\n<p><strong>Quanto tempo ci vuole per caricare un vaporizzatore ricaricabile Bang Box 32K?<\/strong><br \/>\nLa ricarica del Bang Box 32K richiede circa 1-2 ore utilizzando la sua porta di ricarica di tipo C, fornendo energia affidabile per sessioni di svapo ininterrotte.<\/p>\n<p><strong>Quanta nicotina c'\u00e8 in un vaporizzatore usa e getta Bang 32000 Puffs?<\/strong><br \/>\nIl Bang 32000 consente la personalizzazione dei livelli di nicotina, con opzioni che includono 0%, 2%, 3% e 5%, rendendolo adatto a varie preferenze dell'utente.<\/p>\n<\/div>\n<\/div>\n<\/div>\n<\/div>\n<\/div>\n<\/div>\n<\/div>\n<\/div>\n<\/div>\n<\/div>\n<div class=\"group\/conversation-turn relative flex w-full min-w-0 flex-col agent-turn\">\n<div class=\"flex-col gap-1 md:gap-3\">\n<div class=\"flex max-w-full flex-col flex-grow\">\n<div class=\"min-h-8 text-message flex w-full flex-col items-end gap-2 whitespace-normal break-words [.text-message+&amp;]:mt-5\" dir=\"auto\" data-message-author-role=\"assistant\" data-message-id=\"a3dc01bd-23b0-4fd7-bb9a-7827522cefd8\" data-message-model-slug=\"gpt-4o\">\n<div class=\"flex w-full flex-col gap-1 empty:hidden first:pt-[3px]\"><\/div>\n<\/div>\n<\/div>\n<\/div>\n<\/div>\n<\/div>\n<\/div>\n<\/div>\n<\/div>\n<\/div>\n<\/div>\n<\/div>\n<\/div>\n<\/div>\n<\/div>\n<h3>Informazioni sulla spedizione<\/h3>\n<div class=\"flex-shrink-0 flex flex-col relative items-end\">\n<div>\n<div class=\"pt-0\">\n<div class=\"gizmo-bot-avatar flex h-8 w-8 items-center justify-center overflow-hidden rounded-full\">\n<div><\/div>\n<div class=\"relative p-1 rounded-sm flex items-center justify-center bg-token-main-surface-primary text-token-text-primary h-8 w-8\"><strong>1. Quali metodi di spedizione vengono utilizzati?<\/strong><\/div>\n<\/div>\n<\/div>\n<\/div>\n<\/div>\n<div class=\"group\/conversation-turn relative flex w-full min-w-0 flex-col agent-turn\">\n<div class=\"flex-col gap-1 md:gap-3\">\n<div class=\"flex max-w-full flex-col flex-grow\">\n<div class=\"min-h-[20px] text-message flex w-full flex-col items-end gap-2 whitespace-normal break-words [.text-message+&amp;]:mt-5 overflow-x-auto\" dir=\"auto\" data-message-author-role=\"assistant\" data-message-id=\"22f8283b-3233-46ff-89a5-c7a41b33abda\">\n<div class=\"flex w-full flex-col gap-1 empty:hidden first:pt-[3px]\">\n<div class=\"markdown prose w-full break-words dark:prose-invert light\">\n<p>Collaboriamo con UPS, DHL, FedEx, DPD e altri vettori leader. Selezioneremo il miglior metodo di spedizione in base alla tua posizione di consegna per assicurarti di ricevere i tuoi prodotti il pi\u00f9 rapidamente possibile.<\/p>\n<\/div>\n<p><strong>2. Quanto tempo ci vuole per arrivare?<\/strong><\/p>\n<p>I pacchi spediti in Italia arrivano solitamente entro 12-15 giorni lavorativi. Forniremo aggiornamenti in tempo reale sullo stato della tua spedizione.<\/p>\n<\/div>\n<\/div>\n<\/div>\n<\/div>\n<\/div>\n<p>&nbsp;<\/p>\n<p>Trova altri prodotti da svapo che potrebbero piacerti:<strong><em><a href=\"https:\/\/rmvapesale.com\/it\/shop-2\/\">acquista ora &gt;&gt;&gt;<\/a><\/em><\/strong><\/p>","protected":false},"excerpt":{"rendered":"<p>Bang kingdoms 32k Puffs doppia svapata monouso<br \/>\nBang Vape 32000 Puffs Monouso Vape All'ingrosso<br \/>\nVendita all'ingrosso di fabbrica Bang 32000 Puff Vape Monouso<\/p>\n<p><img loading=\"lazy\" decoding=\"async\" class=\"size-full wp-image-2375\" src=\"https:\/\/rmvapesale.com\/wp-content\/uploads\/2024\/10\/image.png\" alt=\"Migliore sigaretta elettronica usa e getta\" width=\"229\" height=\"300\" \/><\/p>\n<h3><a href=\"https:\/\/wa.me\/8617776015835\"><span style=\"color: #ff0000\"><strong>WhatsApp: +86 17776015835<\/strong><\/span><\/a><\/h3>\n<p>&nbsp;<\/p>","protected":false},"featured_media":2821,"comment_status":"open","ping_status":"closed","template":"","meta":{"_uag_custom_page_level_css":"","_lmt_disableupdate":"no","_lmt_disable":"","site-sidebar-layout":"default","site-content-layout":"content-boxed-container","ast-site-content-layout":"normal-width-container","site-content-style":"boxed","site-sidebar-style":"unboxed","ast-global-header-display":"","ast-banner-title-visibility":"","ast-main-header-display":"","ast-hfb-above-header-display":"","ast-hfb-below-header-display":"","ast-hfb-mobile-header-display":"","site-post-title":"","ast-breadcrumbs-content":"","ast-featured-img":"","footer-sml-layout":"","theme-transparent-header-meta":"default","adv-header-id-meta":"","stick-header-meta":"","header-above-stick-meta":"","header-main-stick-meta":"","header-below-stick-meta":"","astra-migrate-meta-layouts":"set","ast-page-background-enabled":"default","ast-page-background-meta":{"desktop":{"background-color":"var(--ast-global-color-4)","background-image":"","background-repeat":"repeat","background-position":"center center","background-size":"auto","background-attachment":"scroll","background-type":"","background-media":"","overlay-type":"","overlay-color":"","overlay-opacity":"","overlay-gradient":""},"tablet":{"background-color":"","background-image":"","background-repeat":"repeat","background-position":"center center","background-size":"auto","background-attachment":"scroll","background-type":"","background-media":"","overlay-type":"","overlay-color":"","overlay-opacity":"","overlay-gradient":""},"mobile":{"background-color":"","background-image":"","background-repeat":"repeat","background-position":"center center","background-size":"auto","background-attachment":"scroll","background-type":"","background-media":"","overlay-type":"","overlay-color":"","overlay-opacity":"","overlay-gradient":""}},"ast-content-background-meta":{"desktop":{"background-color":"var(--ast-global-color-5)","background-image":"","background-repeat":"repeat","background-position":"center center","background-size":"auto","background-attachment":"scroll","background-type":"","background-media":"","overlay-type":"","overlay-color":"","overlay-opacity":"","overlay-gradient":""},"tablet":{"background-color":"var(--ast-global-color-5)","background-image":"","background-repeat":"repeat","background-position":"center center","background-size":"auto","background-attachment":"scroll","background-type":"","background-media":"","overlay-type":"","overlay-color":"","overlay-opacity":"","overlay-gradient":""},"mobile":{"background-color":"var(--ast-global-color-5)","background-image":"","background-repeat":"repeat","background-position":"center center","background-size":"auto","background-attachment":"scroll","background-type":"","background-media":"","overlay-type":"","overlay-color":"","overlay-opacity":"","overlay-gradient":""}},"_joinchat":[]},"product_brand":[],"product_cat":[15,25,123,26,28,135,27,137,30],"product_tag":[233,187,199],"class_list":{"0":"post-2820","1":"product","2":"type-product","3":"status-publish","4":"has-post-thumbnail","6":"product_cat-new-vape-this-week","7":"product_cat-germany-best-selling-vape","8":"product_cat-italy-wholesale-vape","9":"product_cat-netherlands-hot-sale-vape","10":"product_cat-poland-hot-sale-vape","11":"product_cat-spain-best-hot-sale-vape","12":"product_cat-fance-hot-sale-vape","13":"product_cat-rechargeable-vapes","14":"product_cat-minimum-order-quantity-50pcs","15":"product_tag-bang-32000","16":"product_tag-bang-box-vape","17":"product_tag-bang-vape","18":"desktop-align-left","19":"tablet-align-left","20":"mobile-align-left","22":"first","23":"instock","24":"sale","25":"shipping-taxable","26":"purchasable","27":"product-type-simple"},"uagb_featured_image_src":{"full":["https:\/\/rmvapesale.com\/wp-content\/uploads\/2024\/11\/Bang-32000-Puffs-Wholesale-Disposable-Vape.png",1126,1126,false],"thumbnail":["https:\/\/rmvapesale.com\/wp-content\/uploads\/2024\/11\/Bang-32000-Puffs-Wholesale-Disposable-Vape-150x150.png",150,150,true],"medium":["https:\/\/rmvapesale.com\/wp-content\/uploads\/2024\/11\/Bang-32000-Puffs-Wholesale-Disposable-Vape-300x300.png",300,300,true],"medium_large":["https:\/\/rmvapesale.com\/wp-content\/uploads\/2024\/11\/Bang-32000-Puffs-Wholesale-Disposable-Vape-768x768.png",768,768,true],"large":["https:\/\/rmvapesale.com\/wp-content\/uploads\/2024\/11\/Bang-32000-Puffs-Wholesale-Disposable-Vape-1024x1024.png",1024,1024,true],"1536x1536":["https:\/\/rmvapesale.com\/wp-content\/uploads\/2024\/11\/Bang-32000-Puffs-Wholesale-Disposable-Vape.png",1126,1126,false],"2048x2048":["https:\/\/rmvapesale.com\/wp-content\/uploads\/2024\/11\/Bang-32000-Puffs-Wholesale-Disposable-Vape.png",1126,1126,false],"trp-custom-language-flag":["https:\/\/rmvapesale.com\/wp-content\/uploads\/2024\/11\/Bang-32000-Puffs-Wholesale-Disposable-Vape.png",12,12,false],"woocommerce_thumbnail":["https:\/\/rmvapesale.com\/wp-content\/uploads\/2024\/11\/Bang-32000-Puffs-Wholesale-Disposable-Vape-300x300.png",300,300,true],"woocommerce_single":["https:\/\/rmvapesale.com\/wp-content\/uploads\/2024\/11\/Bang-32000-Puffs-Wholesale-Disposable-Vape-600x600.png",600,600,true],"woocommerce_gallery_thumbnail":["https:\/\/rmvapesale.com\/wp-content\/uploads\/2024\/11\/Bang-32000-Puffs-Wholesale-Disposable-Vape-100x100.png",100,100,true],"wcpr-photo-reviews":["https:\/\/rmvapesale.com\/wp-content\/uploads\/2024\/11\/Bang-32000-Puffs-Wholesale-Disposable-Vape.png",500,500,false]},"uagb_author_info":{"display_name":"AMY","author_link":"https:\/\/rmvapesale.com\/it\/author\/"},"uagb_comment_info":0,"uagb_excerpt":"Bang kingdoms 32k Puffs dual flavors Disposable Bang Vape 32000 Puffs Wholesale Disposable Vape Factory Wholesale Bang 32000 Puff Vape Disposable WhatsApp: +86 17776015835 &nbsp;","_links":{"self":[{"href":"https:\/\/rmvapesale.com\/it\/wp-json\/wp\/v2\/product\/2820","targetHints":{"allow":["GET"]}}],"collection":[{"href":"https:\/\/rmvapesale.com\/it\/wp-json\/wp\/v2\/product"}],"about":[{"href":"https:\/\/rmvapesale.com\/it\/wp-json\/wp\/v2\/types\/product"}],"replies":[{"embeddable":true,"href":"https:\/\/rmvapesale.com\/it\/wp-json\/wp\/v2\/comments?post=2820"}],"wp:featuredmedia":[{"embeddable":true,"href":"https:\/\/rmvapesale.com\/it\/wp-json\/wp\/v2\/media\/2821"}],"wp:attachment":[{"href":"https:\/\/rmvapesale.com\/it\/wp-json\/wp\/v2\/media?parent=2820"}],"wp:term":[{"taxonomy":"product_brand","embeddable":true,"href":"https:\/\/rmvapesale.com\/it\/wp-json\/wp\/v2\/product_brand?post=2820"},{"taxonomy":"product_cat","embeddable":true,"href":"https:\/\/rmvapesale.com\/it\/wp-json\/wp\/v2\/product_cat?post=2820"},{"taxonomy":"product_tag","embeddable":true,"href":"https:\/\/rmvapesale.com\/it\/wp-json\/wp\/v2\/product_tag?post=2820"}],"curies":[{"name":"wp","href":"https:\/\/api.w.org\/{rel}","templated":true}]}}