{"id":2831,"date":"2024-12-02T03:50:09","date_gmt":"2024-12-02T03:50:09","guid":{"rendered":"https:\/\/rmvapesale.com\/?post_type=product&#038;p=2831"},"modified":"2024-12-03T09:57:39","modified_gmt":"2024-12-03T09:57:39","slug":"randm-tornado-15000-puff-fumot-vape-bulk-buy-price","status":"publish","type":"product","link":"https:\/\/rmvapesale.com\/it\/prodotto\/randm-tornado-15000-puff-fumot-vape-bulk-buy-price\/","title":{"rendered":"RandM Tornado 15000 Puff Fumot Vape prezzo di acquisto in blocco"},"content":{"rendered":"<div class=\"B2VR9 CJHX3e\">\n<div class=\"wyccme\">\n<h1 class=\"LC20lb MBeuO DKV0Md\">RandM Tornado 15000 Puff Fumot Vape prezzo di acquisto in blocco<\/h1>\n<div class=\"flex-shrink-0 flex flex-col relative items-end\">\n<div class=\"pt-0\">\n<div class=\"gizmo-bot-avatar flex h-8 w-8 items-center justify-center overflow-hidden rounded-full\">\n<div class=\"relative p-1 rounded-sm flex items-center justify-center bg-token-main-surface-primary text-token-text-primary h-8 w-8\">\n<p>La <strong>RandM Tornado 15000 Puff Fumot Vape<\/strong> \u00e8 la miscela perfetta di prestazioni e stile, che lo rende la scelta migliore per i vapers che cercano un dispositivo usa e getta premium. Offrendo un impressionante <strong>15.000 tiri<\/strong>, questa <strong>vaporizzatore usa e getta ricaricabile<\/strong> \u00e8 alimentato da una <strong>850 mAh<\/strong> con una ricarica rapida e conveniente tramite <strong>ricarica USB di tipo C<\/strong>.<\/p>\n<p>Una delle caratteristiche pi\u00f9C spiccanti \u00e8 il suo vivace <strong>display a LED<\/strong>, che fornisce aggiornamenti in tempo reale sulla durata della batteria e sui livelli di liquido. Ci\u00f2 garantisce che non rimani mai senza energia o e-liquid inaspettatamente, aggiungendo un ulteriore livello di praticit\u00e0 alla tua esperienza di svapo. Abbinato a un avanzato <strong>tecnologia a bobina a rete<\/strong>, il vaporizzatore fornisce vapore costantemente liscio e sapore ricco dall'inizio alla fine.<\/p>\n<p>Con <strong>41 gusti irresistibili<\/strong> tra cui scegliere, inclusi profili fruttati, al mentolo e ispirati ai dessert, c'\u00e8 qualcosa per soddisfare ogni palato. Le opzioniC popolari come Mango Ice, Strawberry Watermelon e Blueberry Raspberry sono progettate perC fornire un'esperienzaC soddisfacente e rinfrescante. Che tu sia unC principiante o un vaper esperto, il <strong>RandM 15000<\/strong> offre una concentrazione di nicotinaC personalizzabile del <strong>2% o 5%<\/strong>, per soddisfare le diverse preferenze.<\/p>\n<p>Compatto, portatile e alla moda, il <strong>RandM Vape 15000<\/strong> \u00e8 l'ideale per uso personale o per acquisti all'ingrosso per l'Italia <strong>sigarette elettroniche all'ingrosso<\/strong>. Migliora il tuo viaggio nello svapo con questo dispositivo innovativo e ad alte prestazioni che combina funzionalit\u00e0C all'avanguardia con un design elegante e facile da usare.<\/p>\n<\/div>\n<\/div>\n<\/div>\n<\/div>\n<\/div>\n<\/div>\n<p><strong>Contatta Amy per ottenere la risposta giusta e un coupon per lo svapo!<\/strong><\/p>\n<p><img loading=\"lazy\" decoding=\"async\" class=\"size-full wp-image-1978\" src=\"https:\/\/rmvapesale.com\/wp-content\/uploads\/2024\/09\/Disposable-Vape-Wholesale.jpg\" alt=\"Vaporizzatore Usa e Getta Ingrosso\" width=\"229\" height=\"300\" \/><\/p>\n<h3><a href=\"https:\/\/wa.me\/8617776015835\" target=\"_blank\" rel=\"noopener\"><span style=\"color: #ff0000\"><strong>WhatsApp: +86 17776015835<\/strong><\/span><\/a><\/h3>\n<p>&nbsp;<\/p>\n<h2><\/h2>\n<h2><strong>Caratteristiche principali di RandM Tornado 15000<\/strong><\/h2>\n<ul>\n<li>Fino a 32.000 tiri con doppie cialde da 26 ml.<\/li>\n<li>Doppio cambio di gusto per variet\u00e0.<\/li>\n<li>Livelli di nicotina personalizzabili (0%-5%).<\/li>\n<li>Batteria ricaricabile da 650 mAh con porta Type-C.<\/li>\n<li>Gusto migliorato tramite bobina a rete da 1,0 ohm.<\/li>\n<\/ul>\n<h2><strong>Gusto principale per RandM Tornado 15k<\/strong><\/h2>\n<p>&nbsp;<\/p>\n<p>1.Limonata ai Lamponi Blu<br \/>\n2.Pesca Ghiacciata<br \/>\n3.Mela Aspra<br \/>\n4.Anguria Ghiacciata<br \/>\n5.Mirtillo Ghiacciato<br \/>\n6. Mirtillo Lampone<br \/>\n7.Ananas Ghiacciato<br \/>\n8.Ciliegia<br \/>\n9.Fragola Ghiaccio<br \/>\n10.Vimto<br \/>\n11.Uva Ghiacciata<br \/>\n12.Cola Ghiacciata<br \/>\n13.Fragola Anguria<br \/>\n14.Limonata Rosa<br \/>\n15.Frutti di Bosco Misti<br \/>\n16.Pesca Mango<br \/>\n17.Frutto del Drago<br \/>\n18.Uva Fragola<br \/>\n19.Mr Blue<br \/>\n20.Ghiaccio Lussureggiante<br \/>\n21.Ghiacciolo<br \/>\n22.Fragola Kiwi<br \/>\n23.Kiwi Frutto della Passione Guava<br \/>\n24.Frutti di Bosco Tripli<br \/>\n25.Ghiaccio alla Banana<br \/>\n26.Caramella Pesca Mirtillo<br \/>\n27.Mela Pesca Pera<br \/>\n28.Limonata ai Frutti di Bosco<br \/>\n29.Lampone Blu Ciliegia<br \/>\n30.Gomma da Masticare ai Mirtilli<br \/>\n31.Mirtillo Ciliegia Mirtillo Rosso<br \/>\n32.Mirtillo Melograno<br \/>\n33.Lampone Agrodolce Blu<br \/>\n34.Cola alla Ciliegia<br \/>\n35.Orsetto Gommoso<br \/>\n36.Limone<br \/>\n37.Mango su Ghiaccio<br \/>\n38.Ghiaccio Energetico Rosso<br \/>\n39.Fragola Banana<br \/>\n40.Fragola Red Bull<br \/>\n41.Limonata Fragola Anguria<br \/>\n42.T\u00e8 Freddo Limone Ghiaccio<br \/>\n43.T\u00e8 Freddo Pesca Ghiaccio<br \/>\n44.Ciliegia Frizzante<br \/>\n45.Skittles<\/p>\n<p>&nbsp;<\/p>\n<h3><strong>Perch\u00e9 scegliere Rmvapesale per Fumot Vape 15k\u00a0<\/strong><strong>V<\/strong><strong>vapo all'ingrosso<\/strong><strong>?<\/strong><\/h3>\n<div class=\"flex-shrink-0 flex flex-col relative items-end\">\n<div class=\"pt-0\">\n<div class=\"gizmo-bot-avatar flex h-8 w-8 items-center justify-center overflow-hidden rounded-full\">\n<div class=\"relative p-1 rounded-sm flex items-center justify-center bg-token-main-surface-primary text-token-text-primary h-8 w-8\">\n<p>Benvenuto su Rmvapesale, il tuo negozio di fiducia per vaporizzatori usa e getta di alta qualit\u00e0. Con oltre 5 anni di esperienza, ti offriamo marchi popolari di vaporizzatori usa e getta come Al Fakher, <a href=\"https:\/\/rmvapesale.com\/it\/categoria-prodotto\/bang-vapes\/\">Bang Vape<\/a>, Waspe, WGA Vape e<a href=\"https:\/\/rmvapesale.com\/it\/categoria-prodotto\/randm-fumot-vape\/\"> RandM Vape<\/a>.<\/p>\n<p>La nostra gamma comprende vapes di tendenza come il <a href=\"https:\/\/rmvapesale.com\/it\/prodotto\/randm-tornado-15000-puffs-vape-wholesale\/\">RandM Tornado 15000<\/a> e opzioni ricche di sapore come il Vapme 70000. Ogni prodotto \u00e8 scelto con un focus su qualit\u00e0, valore e variet\u00e0, per assicurarti di trovare la corrispondenza perfetta per le tue esigenze. Scopri un servizio eccezionale e una vasta gamma di prodotti di punta su Rmvapesale.<\/p>\n<\/div>\n<h3><\/h3>\n<div class=\"relative p-1 rounded-sm flex items-center justify-center bg-token-main-surface-primary text-token-text-primary h-8 w-8\">\n<h3><b> Domande Frequenti su RandM Vape 15000 <\/b><b>Vaporizzatore usa e getta ricaricabile<\/b><\/h3>\n<div class=\"group\/conversation-turn relative flex w-full min-w-0 flex-col agent-turn\">\n<div class=\"flex-col gap-1 md:gap-3\">\n<div class=\"flex max-w-full flex-col flex-grow\">\n<div class=\"min-h-8 text-message flex w-full flex-col items-end gap-2 whitespace-normal break-words [.text-message+&amp;]:mt-5\" dir=\"auto\" data-message-author-role=\"assistant\" data-message-id=\"00c9b302-bc9c-4550-94ba-5a295efa2be3\" data-message-model-slug=\"gpt-4o\">\n<div class=\"flex w-full flex-col gap-1 empty:hidden first:pt-[3px]\">\n<div class=\"markdown prose w-full break-words dark:prose-invert light\">\n<div class=\"flex-shrink-0 flex flex-col relative items-end\">\n<div>\n<div class=\"pt-0\">\n<div class=\"gizmo-bot-avatar flex h-8 w-8 items-center justify-center overflow-hidden rounded-full\">\n<div class=\"relative p-1 rounded-sm flex items-center justify-center bg-token-main-surface-primary text-token-text-primary h-8 w-8\">\n<div class=\"flex-shrink-0 flex flex-col relative items-end\">\n<div>\n<div class=\"pt-0\">\n<div class=\"gizmo-bot-avatar flex h-8 w-8 items-center justify-center overflow-hidden rounded-full\">\n<div class=\"relative p-1 rounded-sm flex items-center justify-center bg-token-main-surface-primary text-token-text-primary h-8 w-8\">\n<p>&nbsp;<\/p>\n<p><strong>Dove acquistare la sigaretta elettronica RandM Tornado 15000 Puffs all'ingrosso in Italia<\/strong><br \/>\nPer acquistare la sigaretta elettronica RandM Tornado 15000 Puffs a prezzi all'ingrosso in Italia, contatta i distributori autorizzati o i fornitori all'ingrosso di sigarette elettroniche online specializzati in prodotti RandM Vape. Assicurati che il fornitore offra prodotti originali e rispetti le normative dell'UE.<\/p>\n<p><strong>Quanti tiri offre la sigaretta elettronica Fumot Vape 15000 puff?<\/strong><br \/>\nLa Fumot Vape 15000 offre fino a 15.000 tiri, garantendo una longevit\u00e0 eccezionale e un ottimo rapporto qualit\u00e0-prezzo per gli utenti.<\/p>\n<p><strong>Quanto dura la popolare sigaretta elettronica usa e getta RandM Tornado 15k?<\/strong><br \/>\nLa sigaretta elettronica usa e getta RandM Tornado 15k pu\u00f2 durare da due a tre settimane per gli utenti moderati, a seconda delle abitudini di utilizzo e della frequenza.<\/p>\n<p><strong>Quali sono i gusti pi\u00f9 popolari per il box usa e getta Fumot 15000 Puffs?<\/strong><br \/>\nI gusti pi\u00f9 popolari per il Fumot 15000 Puffs includono Mango Ice, Strawberry Watermelon e Blueberry Raspberry, oltre ad altre opzioni fruttate, al mentolo e ispirate ai dessert dalla sua vasta selezione di sapori.<\/p>\n<p><strong>Quanto tempo ci vuole per caricare una sigaretta elettronica ricaricabile RandM 15k?<\/strong><br \/>\nLa sigaretta elettronica ricaricabile RandM 15k impiega circa 1-2 ore per caricarsi completamente, grazie alla sua tecnologia di ricarica rapida USB Type-C.<\/p>\n<p><strong>Quanta nicotina c'\u00e8 in una sigaretta elettronica usa e getta RandM Tornado 15000?<\/strong><br \/>\nLa sigaretta elettronica usa e getta RandM Tornado 15000 offre concentrazioni di nicotina del 2% (20 mg) e 5% (50 mg), offrendo opzioni per le diverse preferenze degli utenti.<\/p>\n<\/div>\n<\/div>\n<\/div>\n<\/div>\n<\/div>\n<\/div>\n<\/div>\n<\/div>\n<\/div>\n<\/div>\n<div class=\"group\/conversation-turn relative flex w-full min-w-0 flex-col agent-turn\">\n<div class=\"flex-col gap-1 md:gap-3\">\n<div class=\"flex max-w-full flex-col flex-grow\">\n<div class=\"min-h-8 text-message flex w-full flex-col items-end gap-2 whitespace-normal break-words [.text-message+&amp;]:mt-5\" dir=\"auto\" data-message-author-role=\"assistant\" data-message-id=\"a3dc01bd-23b0-4fd7-bb9a-7827522cefd8\" data-message-model-slug=\"gpt-4o\">\n<div class=\"flex w-full flex-col gap-1 empty:hidden first:pt-[3px]\"><\/div>\n<\/div>\n<\/div>\n<\/div>\n<\/div>\n<\/div>\n<\/div>\n<\/div>\n<\/div>\n<\/div>\n<\/div>\n<\/div>\n<\/div>\n<\/div>\n<\/div>\n<h3>Informazioni sulla spedizione<\/h3>\n<div class=\"flex-shrink-0 flex flex-col relative items-end\">\n<div>\n<div class=\"pt-0\">\n<div class=\"gizmo-bot-avatar flex h-8 w-8 items-center justify-center overflow-hidden rounded-full\">\n<div><\/div>\n<div class=\"relative p-1 rounded-sm flex items-center justify-center bg-token-main-surface-primary text-token-text-primary h-8 w-8\"><strong>1. Quali metodi di spedizione vengono utilizzati?<\/strong><\/div>\n<\/div>\n<\/div>\n<\/div>\n<\/div>\n<div class=\"group\/conversation-turn relative flex w-full min-w-0 flex-col agent-turn\">\n<div class=\"flex-col gap-1 md:gap-3\">\n<div class=\"flex max-w-full flex-col flex-grow\">\n<div class=\"min-h-[20px] text-message flex w-full flex-col items-end gap-2 whitespace-normal break-words [.text-message+&amp;]:mt-5 overflow-x-auto\" dir=\"auto\" data-message-author-role=\"assistant\" data-message-id=\"22f8283b-3233-46ff-89a5-c7a41b33abda\">\n<div class=\"flex w-full flex-col gap-1 empty:hidden first:pt-[3px]\">\n<div class=\"markdown prose w-full break-words dark:prose-invert light\">\n<p>Collaboriamo con UPS, DHL, FedEx, DPD e altri vettori leader. Selezioneremo il miglior metodo di spedizione in base alla tua posizione di consegna per assicurarti di ricevere i tuoi prodotti il pi\u00f9 rapidamente possibile.<\/p>\n<\/div>\n<p><strong>2. Quanto tempo ci vuole per arrivare?<\/strong><\/p>\n<p>I pacchi spediti in Italia arrivano solitamente entro 12-15 giorni lavorativi. Forniremo aggiornamenti in tempo reale sullo stato della tua spedizione.<\/p>\n<\/div>\n<\/div>\n<\/div>\n<\/div>\n<\/div>\n<p>&nbsp;<\/p>\n<p>Trova altri prodotti da svapo che potrebbero piacerti:<strong><em><a href=\"https:\/\/rmvapesale.com\/it\/shop-2\/\">acquista ora &gt;&gt;&gt;<\/a><\/em><\/strong><\/p>","protected":false},"excerpt":{"rendered":"<p>Randm Tornado 15000 Puff Fumot Vape Dispositivo usa e getta digitale<br \/>\nRandm 15000 Puff Fumot Tornado Vape all'ingrosso<br \/>\nFumot RandM Vape usa e getta da 15k Prezzo all'ingrosso<\/p>\n<p><img loading=\"lazy\" decoding=\"async\" class=\"size-full wp-image-2375\" src=\"https:\/\/rmvapesale.com\/wp-content\/uploads\/2024\/10\/image.png\" alt=\"Migliore sigaretta elettronica usa e getta\" width=\"229\" height=\"300\" \/><\/p>\n<h3><a href=\"https:\/\/wa.me\/8617776015835\"><span style=\"color: #ff0000\"><strong>WhatsApp: +86 17776015835<\/strong><\/span><\/a><\/h3>\n<p>&nbsp;<\/p>","protected":false},"featured_media":2826,"comment_status":"open","ping_status":"closed","template":"","meta":{"_uag_custom_page_level_css":"","_lmt_disableupdate":"no","_lmt_disable":"","site-sidebar-layout":"default","site-content-layout":"content-boxed-container","ast-site-content-layout":"normal-width-container","site-content-style":"boxed","site-sidebar-style":"unboxed","ast-global-header-display":"","ast-banner-title-visibility":"","ast-main-header-display":"","ast-hfb-above-header-display":"","ast-hfb-below-header-display":"","ast-hfb-mobile-header-display":"","site-post-title":"","ast-breadcrumbs-content":"","ast-featured-img":"","footer-sml-layout":"","theme-transparent-header-meta":"default","adv-header-id-meta":"","stick-header-meta":"","header-above-stick-meta":"","header-main-stick-meta":"","header-below-stick-meta":"","astra-migrate-meta-layouts":"set","ast-page-background-enabled":"default","ast-page-background-meta":{"desktop":{"background-color":"var(--ast-global-color-4)","background-image":"","background-repeat":"repeat","background-position":"center center","background-size":"auto","background-attachment":"scroll","background-type":"","background-media":"","overlay-type":"","overlay-color":"","overlay-opacity":"","overlay-gradient":""},"tablet":{"background-color":"","background-image":"","background-repeat":"repeat","background-position":"center center","background-size":"auto","background-attachment":"scroll","background-type":"","background-media":"","overlay-type":"","overlay-color":"","overlay-opacity":"","overlay-gradient":""},"mobile":{"background-color":"","background-image":"","background-repeat":"repeat","background-position":"center center","background-size":"auto","background-attachment":"scroll","background-type":"","background-media":"","overlay-type":"","overlay-color":"","overlay-opacity":"","overlay-gradient":""}},"ast-content-background-meta":{"desktop":{"background-color":"var(--ast-global-color-5)","background-image":"","background-repeat":"repeat","background-position":"center center","background-size":"auto","background-attachment":"scroll","background-type":"","background-media":"","overlay-type":"","overlay-color":"","overlay-opacity":"","overlay-gradient":""},"tablet":{"background-color":"var(--ast-global-color-5)","background-image":"","background-repeat":"repeat","background-position":"center center","background-size":"auto","background-attachment":"scroll","background-type":"","background-media":"","overlay-type":"","overlay-color":"","overlay-opacity":"","overlay-gradient":""},"mobile":{"background-color":"var(--ast-global-color-5)","background-image":"","background-repeat":"repeat","background-position":"center center","background-size":"auto","background-attachment":"scroll","background-type":"","background-media":"","overlay-type":"","overlay-color":"","overlay-opacity":"","overlay-gradient":""}},"_joinchat":[]},"product_brand":[],"product_cat":[15,51,25,123,26,28,135,27,31,137,136,30],"product_tag":[235,39,171,236,234,38],"class_list":{"0":"post-2831","1":"product","2":"type-product","3":"status-publish","4":"has-post-thumbnail","6":"product_cat-new-vape-this-week","7":"product_cat-fumot-vape","8":"product_cat-germany-best-selling-vape","9":"product_cat-italy-wholesale-vape","10":"product_cat-netherlands-hot-sale-vape","11":"product_cat-poland-hot-sale-vape","12":"product_cat-spain-best-hot-sale-vape","13":"product_cat-fance-hot-sale-vape","14":"product_cat-randm-fumot-vape","15":"product_cat-rechargeable-vapes","16":"product_cat-smart-screen-vapes","17":"product_cat-minimum-order-quantity-50pcs","18":"product_tag-fumot-15k","19":"product_tag-fumot-vape","20":"product_tag-randm-15000","21":"product_tag-randm-15k","22":"product_tag-randm-tornado-15000","23":"product_tag-randm-vape","24":"desktop-align-left","25":"tablet-align-left","26":"mobile-align-left","28":"first","29":"instock","30":"sale","31":"shipping-taxable","32":"purchasable","33":"product-type-simple"},"uagb_featured_image_src":{"full":["https:\/\/rmvapesale.com\/wp-content\/uploads\/2024\/12\/Fumot-RandM-15000-Puffs-Disposable-Vape.jpg",1130,1126,false],"thumbnail":["https:\/\/rmvapesale.com\/wp-content\/uploads\/2024\/12\/Fumot-RandM-15000-Puffs-Disposable-Vape-150x150.jpg",150,150,true],"medium":["https:\/\/rmvapesale.com\/wp-content\/uploads\/2024\/12\/Fumot-RandM-15000-Puffs-Disposable-Vape-300x300.jpg",300,300,true],"medium_large":["https:\/\/rmvapesale.com\/wp-content\/uploads\/2024\/12\/Fumot-RandM-15000-Puffs-Disposable-Vape-768x765.jpg",768,765,true],"large":["https:\/\/rmvapesale.com\/wp-content\/uploads\/2024\/12\/Fumot-RandM-15000-Puffs-Disposable-Vape-1024x1020.jpg",1024,1020,true],"1536x1536":["https:\/\/rmvapesale.com\/wp-content\/uploads\/2024\/12\/Fumot-RandM-15000-Puffs-Disposable-Vape.jpg",1130,1126,false],"2048x2048":["https:\/\/rmvapesale.com\/wp-content\/uploads\/2024\/12\/Fumot-RandM-15000-Puffs-Disposable-Vape.jpg",1130,1126,false],"trp-custom-language-flag":["https:\/\/rmvapesale.com\/wp-content\/uploads\/2024\/12\/Fumot-RandM-15000-Puffs-Disposable-Vape.jpg",12,12,false],"woocommerce_thumbnail":["https:\/\/rmvapesale.com\/wp-content\/uploads\/2024\/12\/Fumot-RandM-15000-Puffs-Disposable-Vape-300x300.jpg",300,300,true],"woocommerce_single":["https:\/\/rmvapesale.com\/wp-content\/uploads\/2024\/12\/Fumot-RandM-15000-Puffs-Disposable-Vape-600x598.jpg",600,598,true],"woocommerce_gallery_thumbnail":["https:\/\/rmvapesale.com\/wp-content\/uploads\/2024\/12\/Fumot-RandM-15000-Puffs-Disposable-Vape-100x100.jpg",100,100,true],"wcpr-photo-reviews":["https:\/\/rmvapesale.com\/wp-content\/uploads\/2024\/12\/Fumot-RandM-15000-Puffs-Disposable-Vape.jpg",500,498,false]},"uagb_author_info":{"display_name":"AMY","author_link":"https:\/\/rmvapesale.com\/it\/author\/"},"uagb_comment_info":0,"uagb_excerpt":"Randm Tornado 15000 Puffs Fumot Digital Disposable Vape Randm 15000 Fumot Tornado Vape Wholesale Fumot RandM 15k Disposable Vape Bulk Price WhatsApp: +86 17776015835 &nbsp;","_links":{"self":[{"href":"https:\/\/rmvapesale.com\/it\/wp-json\/wp\/v2\/product\/2831","targetHints":{"allow":["GET"]}}],"collection":[{"href":"https:\/\/rmvapesale.com\/it\/wp-json\/wp\/v2\/product"}],"about":[{"href":"https:\/\/rmvapesale.com\/it\/wp-json\/wp\/v2\/types\/product"}],"replies":[{"embeddable":true,"href":"https:\/\/rmvapesale.com\/it\/wp-json\/wp\/v2\/comments?post=2831"}],"wp:featuredmedia":[{"embeddable":true,"href":"https:\/\/rmvapesale.com\/it\/wp-json\/wp\/v2\/media\/2826"}],"wp:attachment":[{"href":"https:\/\/rmvapesale.com\/it\/wp-json\/wp\/v2\/media?parent=2831"}],"wp:term":[{"taxonomy":"product_brand","embeddable":true,"href":"https:\/\/rmvapesale.com\/it\/wp-json\/wp\/v2\/product_brand?post=2831"},{"taxonomy":"product_cat","embeddable":true,"href":"https:\/\/rmvapesale.com\/it\/wp-json\/wp\/v2\/product_cat?post=2831"},{"taxonomy":"product_tag","embeddable":true,"href":"https:\/\/rmvapesale.com\/it\/wp-json\/wp\/v2\/product_tag?post=2831"}],"curies":[{"name":"wp","href":"https:\/\/api.w.org\/{rel}","templated":true}]}}