{"id":2844,"date":"2024-12-05T03:09:35","date_gmt":"2024-12-05T03:09:35","guid":{"rendered":"https:\/\/rmvapesale.com\/?post_type=product&#038;p=2844"},"modified":"2024-12-05T03:34:03","modified_gmt":"2024-12-05T03:34:03","slug":"vopk-ultra-40000-puffs-double-taste-digital-screen-spaceman-disposable-vape-wholesale","status":"publish","type":"product","link":"https:\/\/rmvapesale.com\/it\/prodotto\/vopk-ultra-40000-puffs-double-taste-digital-screen-spaceman-disposable-vape-wholesale\/","title":{"rendered":"VOPK ULTRA 40000 Puffs Doppio Gusto Schermo Digitale Sigaretta Elettronica Monouso Spaceman All'ingrosso"},"content":{"rendered":"<div class=\"B2VR9 CJHX3e\">\n<div class=\"wyccme\">\n<h1 class=\"LC20lb MBeuO DKV0Md\">VOPK ULTRA 40000 Puffs Doppio Gusto Schermo Digitale Sigaretta Elettronica Monouso Spaceman All'ingrosso<\/h1>\n<div class=\"flex-shrink-0 flex flex-col relative items-end\">\n<div class=\"pt-0\">\n<div class=\"gizmo-bot-avatar flex h-8 w-8 items-center justify-center overflow-hidden rounded-full\">\n<div class=\"relative p-1 rounded-sm flex items-center justify-center bg-token-main-surface-primary text-token-text-primary h-8 w-8\">\n<p>La <strong>VOPK ULTRA 40000 Puffs Doppio Gusto Schermo Digitale Spaceman Sigaretta Elettronica Usa e Getta<\/strong>\u00a0 \u00e8 un'esperienza di svapo all'avanguardia che dura pi\u00f9 a lungo, offre pi\u00f9 sapore e ti tiene informato. Progettata per gli appassionati che richiedono sia prestazioni che praticit\u00e0, questa sigaretta elettronica usa e getta premium \u00e8 disponibile a prezzi imbattibili <strong>imbattibili<\/strong>, rendendola una scelta eccellente per uso personale o acquisti in grandi quantit\u00e0.<\/p>\n<p>Con un'incredibile autonomia di <strong>40.000 puff<\/strong>, la <strong>VOPK ULTRA 40000<\/strong> assicura una soddisfazione duratura, superando di gran lunga la maggior parte delle usa e getta sul mercato. La sua capacit\u00e0 di <strong>36mL di e-liquid<\/strong> fornisce vapore in abbondanza per goderselo durante tutta la giornata. L'innovativa funzione a <strong>doppio gusto<\/strong> ti permette di passare facilmente tra due sapori emozionanti, offrendo un'esperienza di svapo diversificata a ogni tiro.<\/p>\n<p>Dotata di una <strong>\u00e8 dotato di uno schermo LED intelligente<\/strong>, questa <strong>La sigaretta elettronica usa e getta con display a LED<\/strong> tiene traccia della durata della batteria e dei livelli di e-liquid in tempo reale, rendendo facile tenere sotto controllo il tuo utilizzo. La funzionalit\u00e0 di <strong>Type-C ricaricabile<\/strong> del dispositivo assicura una ricarica rapida ed efficiente, cos\u00ec non dovrai mai aspettare a lungo per la tua prossima sessione.<\/p>\n<p>Sia che tu preferisca <strong>2%<\/strong> or <strong>nicotina al 5%<\/strong>, la <strong>VOPK 40K<\/strong> fornisce il perfetto equilibrio di intensit\u00e0 per ogni utente. Inoltre, con 10 deliziosi sapori tra cui scegliere, che vanno da miscele fruttate a opzioni fresche alla menta, c'\u00e8 un profilo di sapore per tutti.<\/p>\n<p>Ideale per i rivenditori o per coloro che cercano un <strong>svapo usa e getta a basso contenuto di nicotina<\/strong>, la <strong>VOPK ULTRA 40000<\/strong> offre tutto ci\u00f2 di cui hai bisogno: un numero elevato di tiri, doppi gusti e tecnologia moderna, il tutto in un design elegante e portatile. Scegli il <strong>VOPK ULTRA 40000<\/strong> per un'esperienza di svapo avanzata che combina innovazione e convenienza, tutto in un unico dispositivo.<\/p>\n<\/div>\n<\/div>\n<\/div>\n<\/div>\n<\/div>\n<\/div>\n<p><strong>Contatta Amy per ottenere la risposta giusta e un coupon per lo svapo!<\/strong><\/p>\n<p><img loading=\"lazy\" decoding=\"async\" class=\"size-full wp-image-1978\" src=\"https:\/\/rmvapesale.com\/wp-content\/uploads\/2024\/09\/Disposable-Vape-Wholesale.jpg\" alt=\"Vaporizzatore Usa e Getta Ingrosso\" width=\"229\" height=\"300\" \/><\/p>\n<h3><a href=\"https:\/\/wa.me\/8617776015835\" target=\"_blank\" rel=\"noopener\"><span style=\"color: #ff0000\"><strong>WhatsApp: +86 17776015835<\/strong><\/span><\/a><\/h3>\n<h2><\/h2>\n<h2><strong>VOPK 40000 Caratteristiche principali<\/strong><\/h2>\n<p>Tiri: 40000 Tiri<br \/>\nE-liquid: 36 ml<br \/>\nNicotina: 2% \/ 5%<br \/>\nRicaricabile tramite Type-C per una ricarica rapida<br \/>\nDisplay LED intelligente che mostra la durata della batteria e i livelli di e-liquid<br \/>\nGoditi un doppio gusto con un solo dispositivo da svapo<br \/>\n10 gusti tra cui scegliere<\/p>\n<h2><\/h2>\n<h2><strong>VOPK 40K Lista dei gusti<\/strong><\/h2>\n<p>1.Fragola Anguria \/ Kiwi Frutto della Passione Guava<br \/>\n2.Mirtillo Lampone \/ Pesca Mango Anguria<br \/>\n3.Orsetto Gommosa al Mirtillo \/ Fragola Kiwi<br \/>\n4.Ciliegia al Mirtillo \/ Fragola Lampone<br \/>\n5.Limone frizzante<br \/>\n6.Anguria ghiacciata \/ Mirtillo ghiacciato<br \/>\n7.Ananas al Mirtillo \/ Triplo Mango<br \/>\n8.Esplosione di frutti di bosco d'uva \/ Pera Mela Lampone<br \/>\n9.Fragola Mirtillo rosso Ciliegia\/Ananas frutto della passione Lime<br \/>\n10.Mirtillo Fragola Mentolo\/Mirtillo Lampone Mentolo<\/p>\n<p>&nbsp;<\/p>\n<p>&nbsp;<\/p>\n<h3><strong>Perch\u00e9 scegliere Rmvapesale per VOPK ULTRA 40000 Puffs <\/strong><strong>V<\/strong><strong>vapo all'ingrosso<\/strong><strong>?<\/strong><\/h3>\n<div class=\"flex-shrink-0 flex flex-col relative items-end\">\n<div class=\"pt-0\">\n<div class=\"gizmo-bot-avatar flex h-8 w-8 items-center justify-center overflow-hidden rounded-full\">\n<div class=\"relative p-1 rounded-sm flex items-center justify-center bg-token-main-surface-primary text-token-text-primary h-8 w-8\">\n<p>Benvenuto su Rmvapesale, il tuo negozio di fiducia per vaporizzatori usa e getta di alta qualit\u00e0. Con oltre 5 anni di esperienza, ti offriamo marchi popolari di vaporizzatori usa e getta come Al Fakher, <a href=\"https:\/\/rmvapesale.com\/it\/categoria-prodotto\/bang-vapes\/\">Bang Vape<\/a>, Waspe, WGA Vape e<a href=\"https:\/\/rmvapesale.com\/it\/categoria-prodotto\/randm-fumot-vape\/\"> RandM Vape<\/a>.<\/p>\n<p>La nostra gamma comprende vapes di tendenza come il <a href=\"https:\/\/rmvapesale.com\/it\/prodotto\/randm-tornado-15000-puffs-vape-wholesale\/\">RandM Tornado 15000<\/a> e opzioni ricche di sapore come il Vapme 70000. Ogni prodotto \u00e8 scelto con un focus su qualit\u00e0, valore e variet\u00e0, per assicurarti di trovare la corrispondenza perfetta per le tue esigenze. Scopri un servizio eccezionale e una vasta gamma di prodotti di punta su Rmvapesale.<\/p>\n<\/div>\n<h3><\/h3>\n<div class=\"relative p-1 rounded-sm flex items-center justify-center bg-token-main-surface-primary text-token-text-primary h-8 w-8\">\n<h3><b> Domande frequenti su VOPK 40000 Puffs <\/b><b>Vaporizzatore usa e getta ricaricabile<\/b><\/h3>\n<div class=\"group\/conversation-turn relative flex w-full min-w-0 flex-col agent-turn\">\n<div class=\"flex-col gap-1 md:gap-3\">\n<div class=\"flex max-w-full flex-col flex-grow\">\n<div class=\"min-h-8 text-message flex w-full flex-col items-end gap-2 whitespace-normal break-words [.text-message+&amp;]:mt-5\" dir=\"auto\" data-message-author-role=\"assistant\" data-message-id=\"00c9b302-bc9c-4550-94ba-5a295efa2be3\" data-message-model-slug=\"gpt-4o\">\n<div class=\"flex w-full flex-col gap-1 empty:hidden first:pt-[3px]\">\n<div class=\"markdown prose w-full break-words dark:prose-invert light\">\n<div class=\"flex-shrink-0 flex flex-col relative items-end\">\n<div>\n<div class=\"pt-0\">\n<div class=\"gizmo-bot-avatar flex h-8 w-8 items-center justify-center overflow-hidden rounded-full\">\n<div class=\"relative p-1 rounded-sm flex items-center justify-center bg-token-main-surface-primary text-token-text-primary h-8 w-8\">\n<div class=\"flex-shrink-0 flex flex-col relative items-end\">\n<div>\n<div class=\"pt-0\">\n<div class=\"gizmo-bot-avatar flex h-8 w-8 items-center justify-center overflow-hidden rounded-full\">\n<div class=\"relative p-1 rounded-sm flex items-center justify-center bg-token-main-surface-primary text-token-text-primary h-8 w-8\">\n<p><strong>1. Dove acquistare VOPK 40000 Puffs a prezzo all'ingrosso in Italia<\/strong><br \/>\nPuoi acquistare i <strong>VOPK 40000 Puffs<\/strong> a prezzi all'ingrosso tramite distributori autorizzati o rivenditori online di svapo affidabili specializzati in <strong>sigarette elettroniche all'ingrosso<\/strong> in Italia. Cerca negozi che offrono prezzi per l'acquisto in grandi quantit\u00e0 e spedizioni dirette.<\/p>\n<p><strong>2. Quanti tiri fornisce il VOPK 40k Puffs?<\/strong><br \/>\nLa <strong>VOPK 40k<\/strong> fornisce un impressionante <strong>40.000 puff<\/strong>, rendendolo uno dei vaporizzatori usa e getta pi\u00f9 duraturi disponibili sul mercato.<\/p>\n<p><strong>3. Quanto dura il popolare vaporizzatore usa e getta VOPK 40000 Ultra?<\/strong><br \/>\nLa <strong>Il vaporizzatore usa e getta VOPK 40000 Ultra<\/strong> pu\u00f2 durare 2-4 settimane, a seconda dell'utilizzo. Per gli utenti abituali, questo si tradurrebbe in genere in diversi giorni di svapo ininterrotto.<\/p>\n<p><strong>4. Quali sono i gusti pi\u00f9 popolari per il vaporizzatore digitale VOPK 40k Puffs?<\/strong><br \/>\nLa <strong>Il vaporizzatore digitale VOPK 40k Puffs<\/strong> offre una variet\u00e0 di gusti popolari, incluse opzioni fruttate come Mango, Fragola e Anguria, oltre a miscele al mentolo e ispirate ai dessert. Questi gusti soddisfano una vasta gamma di preferenze di svapo.<\/p>\n<p><strong>5. Quanto tempo ci vuole per caricare un vaporizzatore usa e getta VOPK 40k Puffs Spaceman?<\/strong><br \/>\nLa <strong>Il vaporizzatore usa e getta VOPK 40k Puffs Spaceman<\/strong> richiede circa <strong>1-2 ore<\/strong> per caricarsi completamente utilizzando la sua porta <strong>ricarica rapida Type-C<\/strong> .<\/p>\n<p><strong>6. Quanta nicotina c'\u00e8 in un vaporizzatore usa e getta VOPK 40k Digital box?<\/strong><br \/>\nLa <strong>Il vaporizzatore usa e getta VOPK 40k Digital box<\/strong> \u00e8 disponibile in <strong>2%<\/strong> e <strong>nicotina al 5%<\/strong> opzioni, consentendo agli utenti di scegliere in base alla loro forza preferita.<\/p>\n<p>&nbsp;<\/p>\n<\/div>\n<\/div>\n<\/div>\n<\/div>\n<\/div>\n<\/div>\n<\/div>\n<\/div>\n<\/div>\n<\/div>\n<div class=\"group\/conversation-turn relative flex w-full min-w-0 flex-col agent-turn\">\n<div class=\"flex-col gap-1 md:gap-3\">\n<div class=\"flex max-w-full flex-col flex-grow\">\n<div class=\"min-h-8 text-message flex w-full flex-col items-end gap-2 whitespace-normal break-words [.text-message+&amp;]:mt-5\" dir=\"auto\" data-message-author-role=\"assistant\" data-message-id=\"a3dc01bd-23b0-4fd7-bb9a-7827522cefd8\" data-message-model-slug=\"gpt-4o\">\n<div class=\"flex w-full flex-col gap-1 empty:hidden first:pt-[3px]\"><\/div>\n<\/div>\n<\/div>\n<\/div>\n<\/div>\n<\/div>\n<\/div>\n<\/div>\n<\/div>\n<\/div>\n<\/div>\n<\/div>\n<\/div>\n<\/div>\n<\/div>\n<h3>Informazioni sulla spedizione<\/h3>\n<div class=\"flex-shrink-0 flex flex-col relative items-end\">\n<div>\n<div class=\"pt-0\">\n<div class=\"gizmo-bot-avatar flex h-8 w-8 items-center justify-center overflow-hidden rounded-full\">\n<div><\/div>\n<div class=\"relative p-1 rounded-sm flex items-center justify-center bg-token-main-surface-primary text-token-text-primary h-8 w-8\"><strong>1. Quali metodi di spedizione vengono utilizzati?<\/strong><\/div>\n<\/div>\n<\/div>\n<\/div>\n<\/div>\n<div class=\"group\/conversation-turn relative flex w-full min-w-0 flex-col agent-turn\">\n<div class=\"flex-col gap-1 md:gap-3\">\n<div class=\"flex max-w-full flex-col flex-grow\">\n<div class=\"min-h-[20px] text-message flex w-full flex-col items-end gap-2 whitespace-normal break-words [.text-message+&amp;]:mt-5 overflow-x-auto\" dir=\"auto\" data-message-author-role=\"assistant\" data-message-id=\"22f8283b-3233-46ff-89a5-c7a41b33abda\">\n<div class=\"flex w-full flex-col gap-1 empty:hidden first:pt-[3px]\">\n<div class=\"markdown prose w-full break-words dark:prose-invert light\">\n<p>Collaboriamo con UPS, DHL, FedEx, DPD e altri vettori leader. Selezioneremo il miglior metodo di spedizione in base alla tua posizione di consegna per assicurarti di ricevere i tuoi prodotti il pi\u00f9 rapidamente possibile.<\/p>\n<\/div>\n<p><strong>2. Quanto tempo ci vuole per arrivare?<\/strong><\/p>\n<p>I pacchi spediti in Italia arrivano solitamente entro 12-15 giorni lavorativi. Forniremo aggiornamenti in tempo reale sullo stato della tua spedizione.<\/p>\n<\/div>\n<\/div>\n<\/div>\n<\/div>\n<\/div>\n<p>&nbsp;<\/p>\n<p>Trova altri prodotti da svapo che potrebbero piacerti:<strong><em><a href=\"https:\/\/rmvapesale.com\/it\/shop-2\/\">acquista ora &gt;&gt;&gt;<\/a><\/em><\/strong><\/p>","protected":false},"excerpt":{"rendered":"<p>VOPK 40000 Puffs Spaceman Sigaretta Elettronica Usa e Getta Vendita all'Ingrosso<br \/>\nVOPK 40000 40K Puffs Sigaretta Elettronica Usa e Getta Ricaricabile Prezzo all'Ingrosso<br \/>\nPenna Vape Usa e Getta di Tendenza 40000 VOPK Ultra<\/p>\n<p><strong>Contatta Amy per ottenere la risposta giusta e un coupon per lo svapo!<\/strong><\/p>\n<p><img loading=\"lazy\" decoding=\"async\" class=\"size-full wp-image-2375\" src=\"https:\/\/rmvapesale.com\/wp-content\/uploads\/2024\/10\/image.png\" alt=\"Migliore sigaretta elettronica usa e getta\" width=\"229\" height=\"300\" \/><\/p>\n<h3><a href=\"https:\/\/wa.me\/8617776015835\"><span style=\"color: #ff0000\"><strong>WhatsApp: +86 17776015835<\/strong><\/span><\/a><\/h3>\n<p>&nbsp;<\/p>","protected":false},"featured_media":2840,"comment_status":"open","ping_status":"closed","template":"","meta":{"_uag_custom_page_level_css":"","_lmt_disableupdate":"no","_lmt_disable":"","site-sidebar-layout":"default","site-content-layout":"content-boxed-container","ast-site-content-layout":"normal-width-container","site-content-style":"boxed","site-sidebar-style":"unboxed","ast-global-header-display":"","ast-banner-title-visibility":"","ast-main-header-display":"","ast-hfb-above-header-display":"","ast-hfb-below-header-display":"","ast-hfb-mobile-header-display":"","site-post-title":"","ast-breadcrumbs-content":"","ast-featured-img":"","footer-sml-layout":"","theme-transparent-header-meta":"default","adv-header-id-meta":"","stick-header-meta":"","header-above-stick-meta":"","header-main-stick-meta":"","header-below-stick-meta":"","astra-migrate-meta-layouts":"set","ast-page-background-enabled":"default","ast-page-background-meta":{"desktop":{"background-color":"var(--ast-global-color-4)","background-image":"","background-repeat":"repeat","background-position":"center center","background-size":"auto","background-attachment":"scroll","background-type":"","background-media":"","overlay-type":"","overlay-color":"","overlay-opacity":"","overlay-gradient":""},"tablet":{"background-color":"","background-image":"","background-repeat":"repeat","background-position":"center center","background-size":"auto","background-attachment":"scroll","background-type":"","background-media":"","overlay-type":"","overlay-color":"","overlay-opacity":"","overlay-gradient":""},"mobile":{"background-color":"","background-image":"","background-repeat":"repeat","background-position":"center center","background-size":"auto","background-attachment":"scroll","background-type":"","background-media":"","overlay-type":"","overlay-color":"","overlay-opacity":"","overlay-gradient":""}},"ast-content-background-meta":{"desktop":{"background-color":"var(--ast-global-color-5)","background-image":"","background-repeat":"repeat","background-position":"center center","background-size":"auto","background-attachment":"scroll","background-type":"","background-media":"","overlay-type":"","overlay-color":"","overlay-opacity":"","overlay-gradient":""},"tablet":{"background-color":"var(--ast-global-color-5)","background-image":"","background-repeat":"repeat","background-position":"center center","background-size":"auto","background-attachment":"scroll","background-type":"","background-media":"","overlay-type":"","overlay-color":"","overlay-opacity":"","overlay-gradient":""},"mobile":{"background-color":"var(--ast-global-color-5)","background-image":"","background-repeat":"repeat","background-position":"center center","background-size":"auto","background-attachment":"scroll","background-type":"","background-media":"","overlay-type":"","overlay-color":"","overlay-opacity":"","overlay-gradient":""}},"_joinchat":[]},"product_brand":[],"product_cat":[15,25,123,26,28,135,27,137,136,30],"product_tag":[111,120,238,42],"class_list":{"0":"post-2844","1":"product","2":"type-product","3":"status-publish","4":"has-post-thumbnail","6":"product_cat-new-vape-this-week","7":"product_cat-germany-best-selling-vape","8":"product_cat-italy-wholesale-vape","9":"product_cat-netherlands-hot-sale-vape","10":"product_cat-poland-hot-sale-vape","11":"product_cat-spain-best-hot-sale-vape","12":"product_cat-fance-hot-sale-vape","13":"product_cat-rechargeable-vapes","14":"product_cat-smart-screen-vapes","15":"product_cat-minimum-order-quantity-50pcs","16":"product_tag-low-nicotine-disposable-vape","17":"product_tag-vape-wholesale","18":"product_tag-vopk-40000","19":"product_tag-vopk-vape","20":"desktop-align-left","21":"tablet-align-left","22":"mobile-align-left","24":"first","25":"instock","26":"sale","27":"shipping-taxable","28":"purchasable","29":"product-type-simple"},"uagb_featured_image_src":{"full":["https:\/\/rmvapesale.com\/wp-content\/uploads\/2024\/12\/VOPK-40000-Rechargeable-Disposable-Vape.jpg",1126,1126,false],"thumbnail":["https:\/\/rmvapesale.com\/wp-content\/uploads\/2024\/12\/VOPK-40000-Rechargeable-Disposable-Vape-150x150.jpg",150,150,true],"medium":["https:\/\/rmvapesale.com\/wp-content\/uploads\/2024\/12\/VOPK-40000-Rechargeable-Disposable-Vape-300x300.jpg",300,300,true],"medium_large":["https:\/\/rmvapesale.com\/wp-content\/uploads\/2024\/12\/VOPK-40000-Rechargeable-Disposable-Vape-768x768.jpg",768,768,true],"large":["https:\/\/rmvapesale.com\/wp-content\/uploads\/2024\/12\/VOPK-40000-Rechargeable-Disposable-Vape-1024x1024.jpg",1024,1024,true],"1536x1536":["https:\/\/rmvapesale.com\/wp-content\/uploads\/2024\/12\/VOPK-40000-Rechargeable-Disposable-Vape.jpg",1126,1126,false],"2048x2048":["https:\/\/rmvapesale.com\/wp-content\/uploads\/2024\/12\/VOPK-40000-Rechargeable-Disposable-Vape.jpg",1126,1126,false],"trp-custom-language-flag":["https:\/\/rmvapesale.com\/wp-content\/uploads\/2024\/12\/VOPK-40000-Rechargeable-Disposable-Vape.jpg",12,12,false],"woocommerce_thumbnail":["https:\/\/rmvapesale.com\/wp-content\/uploads\/2024\/12\/VOPK-40000-Rechargeable-Disposable-Vape-300x300.jpg",300,300,true],"woocommerce_single":["https:\/\/rmvapesale.com\/wp-content\/uploads\/2024\/12\/VOPK-40000-Rechargeable-Disposable-Vape-600x600.jpg",600,600,true],"woocommerce_gallery_thumbnail":["https:\/\/rmvapesale.com\/wp-content\/uploads\/2024\/12\/VOPK-40000-Rechargeable-Disposable-Vape-100x100.jpg",100,100,true],"wcpr-photo-reviews":["https:\/\/rmvapesale.com\/wp-content\/uploads\/2024\/12\/VOPK-40000-Rechargeable-Disposable-Vape.jpg",500,500,false]},"uagb_author_info":{"display_name":"AMY","author_link":"https:\/\/rmvapesale.com\/it\/author\/"},"uagb_comment_info":0,"uagb_excerpt":"VOPK 40000 Puffs Spaceman Disposable Vape Wholesale VOPK 40000 40K Puffs Rechargeable Disposable Vape Wholesale Price Hot Sell Disposable Vape Pen 40000 VOPK Ultra Contact Amy to get right reply and vape coupon! WhatsApp: +86 17776015835 &nbsp;","_links":{"self":[{"href":"https:\/\/rmvapesale.com\/it\/wp-json\/wp\/v2\/product\/2844","targetHints":{"allow":["GET"]}}],"collection":[{"href":"https:\/\/rmvapesale.com\/it\/wp-json\/wp\/v2\/product"}],"about":[{"href":"https:\/\/rmvapesale.com\/it\/wp-json\/wp\/v2\/types\/product"}],"replies":[{"embeddable":true,"href":"https:\/\/rmvapesale.com\/it\/wp-json\/wp\/v2\/comments?post=2844"}],"wp:featuredmedia":[{"embeddable":true,"href":"https:\/\/rmvapesale.com\/it\/wp-json\/wp\/v2\/media\/2840"}],"wp:attachment":[{"href":"https:\/\/rmvapesale.com\/it\/wp-json\/wp\/v2\/media?parent=2844"}],"wp:term":[{"taxonomy":"product_brand","embeddable":true,"href":"https:\/\/rmvapesale.com\/it\/wp-json\/wp\/v2\/product_brand?post=2844"},{"taxonomy":"product_cat","embeddable":true,"href":"https:\/\/rmvapesale.com\/it\/wp-json\/wp\/v2\/product_cat?post=2844"},{"taxonomy":"product_tag","embeddable":true,"href":"https:\/\/rmvapesale.com\/it\/wp-json\/wp\/v2\/product_tag?post=2844"}],"curies":[{"name":"wp","href":"https:\/\/api.w.org\/{rel}","templated":true}]}}