{"id":2884,"date":"2024-12-26T08:14:24","date_gmt":"2024-12-26T08:14:24","guid":{"rendered":"https:\/\/rmvapesale.com\/?post_type=product&#038;p=2884"},"modified":"2024-12-26T08:29:44","modified_gmt":"2024-12-26T08:29:44","slug":"vookbar-cyber-pro-30000-puffs-bluetooth-vape-2-low-nicotine-rechargeable-bulk-buy-wholesale-price","status":"publish","type":"product","link":"https:\/\/rmvapesale.com\/it\/prodotto\/vookbar-cyber-pro-30000-puffs-bluetooth-vape-2-low-nicotine-rechargeable-bulk-buy-wholesale-price\/","title":{"rendered":"Vookbar Cyber Pro 30000 Puffs Sigaretta Elettronica Bluetooth 2% Basso Livello di Nicotina Ricaricabile Prezzo Acquisto in Blocco All'ingrosso"},"content":{"rendered":"<div class=\"B2VR9 CJHX3e\">\n<div class=\"wyccme\">\n<div class=\"flex-shrink-0 flex flex-col relative items-end\">\n<div class=\"pt-0\">\n<div class=\"gizmo-bot-avatar flex h-8 w-8 items-center justify-center overflow-hidden rounded-full\">\n<div class=\"relative p-1 rounded-sm flex items-center justify-center bg-token-main-surface-primary text-token-text-primary h-8 w-8\">\n<div class=\"flex-shrink-0 flex flex-col relative items-end\">\n<div class=\"pt-0\">\n<div class=\"gizmo-bot-avatar flex h-8 w-8 items-center justify-center overflow-hidden rounded-full\">\n<h1 class=\"relative p-1 rounded-sm flex items-center justify-center bg-token-main-surface-primary text-token-text-primary h-8 w-8\">Vookbar Cyber Pro 30000 Puffs Sigaretta Elettronica Bluetooth 2% Basso Livello di Nicotina Ricaricabile Prezzo Acquisto in Blocco All'ingrosso<\/h1>\n<\/div>\n<\/div>\n<\/div>\n<\/div>\n<\/div>\n<\/div>\n<\/div>\n<div class=\"group\/conversation-turn relative flex w-full min-w-0 flex-col agent-turn\">\n<div class=\"flex-col gap-1 md:gap-3\">\n<div class=\"flex max-w-full flex-col flex-grow\">\n<div class=\"min-h-8 text-message flex w-full flex-col items-end gap-2 whitespace-normal break-words text-start [.text-message+&amp;]:mt-5\" dir=\"auto\" data-message-author-role=\"assistant\" data-message-id=\"80ece0c4-ead1-4ed9-a9f0-ddc22582b4f4\" data-message-model-slug=\"gpt-4o\">\n<div class=\"flex w-full flex-col gap-1 empty:hidden first:pt-[3px]\">\n<div class=\"markdown prose w-full break-words dark:prose-invert light\">\n<h3><\/h3>\n<\/div>\n<\/div>\n<\/div>\n<\/div>\n<\/div>\n<\/div>\n<div class=\"flex-shrink-0 flex flex-col relative items-end\">\n<div class=\"pt-0\">\n<div class=\"gizmo-bot-avatar flex h-8 w-8 items-center justify-center overflow-hidden rounded-full\">\n<div class=\"relative p-1 rounded-sm flex items-center justify-center bg-token-main-surface-primary text-token-text-primary h-8 w-8\">\n<p>La <strong>Vookbar Cyber Pro 30000 Tiri<\/strong> \u00e8 una sigaretta elettronica monouso rivoluzionaria che unisce tecnologia avanzata e design elegante, pensata per chi apprezza stile e prestazioni. Che tu sia un vaper alle prime armi o un appassionato esperto, questo dispositivo offre un'esperienza straordinaria.<\/p>\n<h4><strong>Capacit\u00e0 di Tiri Ineguagliabile<\/strong><\/h4>\n<p>Offrendo un'impressionante capacit\u00e0 di <strong>30.000 tiri<\/strong>, il Vookbar Cyber Pro garantisce un uso prolungato, eliminando il fastidio di frequenti sostituzioni. Con una capacit\u00e0 di <strong>22ml di e-liquid<\/strong>, assicura un piacere duraturo del sapore senza ricariche continue.<\/p>\n<h4><strong>Batteria Potente e Ricarica Comoda<\/strong><\/h4>\n<p>Dotato di una robusta <strong>batteria ricaricabile da 650 mAh<\/strong>, questa sigaretta elettronica tiene il passo con il tuo stile di vita. La <strong>ricarica rapida Type-C<\/strong> funzione di ricarica rapida significa che puoi ricaricare velocemente e tornare a svapare in poco tempo.<\/p>\n<h4><strong>Sapore Ricco e Vapore Morbido<\/strong><\/h4>\n<p>La <strong>Il sistema a doppia resistenza a rete<\/strong> migliora sia il sapore che la produzione di vapore, offrendo nuvole dense e soddisfacenti ogni volta. Il design del flusso d'aria regolabile ti permette di personalizzare il tiro in base alle tue preferenze, garantendo un'esperienza di svapo su misura.<\/p>\n<h4><strong>Tecnologia Intuitiva con Schermo Tattile<\/strong><\/h4>\n<p>La <strong>Schermo touch da 2,1 pollici<\/strong> Il controllo \u00e8 a portata di mano. Monitora facilmente le impostazioni del dispositivo e, grazie alla <strong>compatibilit\u00e0 Bluetooth<\/strong>, accoppialo all'app Wearinos per una personalizzazione completa: regola le impostazioni, imposta sfondi personalizzati e persino scatta selfie a distanza.<\/p>\n<h4><strong>Multifunzionale e sicuro<\/strong><\/h4>\n<p>Oltre allo svapo, Vookbar Cyber Pro offre funzionalit\u00e0 aggiuntive come minigiochi e notifiche sui social media, integrandosi perfettamente nella tua vita quotidiana. \u00c8 progettato con un <strong>blocco bambini<\/strong> per una maggiore sicurezza, rendendolo una scelta affidabile per le famiglie.<\/p>\n<h4><strong>Opzioni di nicotina per ogni preferenza<\/strong><\/h4>\n<p>Disponibile nelle opzioni di <strong>0%, 2%, 3% e 5% gradazioni di nicotina<\/strong>, Vookbar Cyber Pro si rivolge a un'ampia gamma di utenti, da quelli che cercano opzioni senza nicotina a quelli che preferiscono un tiro pi\u00f9 forte.<\/p>\n<h3><strong>Migliora il tuo modo di svapare<\/strong><\/h3>\n<p>La <strong>Vookbar Cyber Pro 30000 Tiri<\/strong> non \u00e8 solo una sigaretta elettronica usa e getta, ma \u00e8 un dispositivo innovativo creato per i vapers moderni. Combinando praticit\u00e0, tecnologia e prestazioni superiori, \u00e8 la scelta definitiva sia per gli acquirenti all'ingrosso che per i singoli utenti.<\/p>\n<\/div>\n<\/div>\n<\/div>\n<\/div>\n<\/div>\n<\/div>\n<p><strong>Contatta Amy per ottenere la risposta giusta e un coupon per lo svapo!<\/strong><\/p>\n<p><img loading=\"lazy\" decoding=\"async\" class=\"size-full wp-image-1978\" src=\"https:\/\/rmvapesale.com\/wp-content\/uploads\/2024\/09\/Disposable-Vape-Wholesale.jpg\" alt=\"Vaporizzatore Usa e Getta Ingrosso\" width=\"229\" height=\"300\" \/><\/p>\n<h3><a href=\"https:\/\/wa.me\/8617776015835\" target=\"_blank\" rel=\"noopener\"><span style=\"color: #ff0000\"><strong>WhatsApp: +86 17776015835<\/strong><\/span><\/a><\/h3>\n<p>&nbsp;<\/p>\n<p><strong style=\"font-size: 1.7em\">Vookbar Cyber Pro 30000 - Caratteristiche principali<\/strong><\/p>\n<p>Tiri: 30.000 tiri<br \/>\nVolume e-liquid: 22ml<br \/>\nBatteria: batteria ricaricabile da 650 mAh<br \/>\nDoppia resistenza a rete<br \/>\nControllo con schermo touch intelligente<br \/>\nnotifiche e altro ancora.<br \/>\nNicotina: 0%, 2%, 3% e 5%<\/p>\n<p><strong style=\"font-size: 1.7em\">Gusto pi\u00f9 venduto per Vookbar Cyber Pro 30000 <\/strong><\/p>\n<p>Questo Vookbar Cyber Pro 30000 offre un vivace mix di sapori, che vanno dai classici fruttati come <strong>Pesca Mango<\/strong> e <strong>Fragola Anguria<\/strong> a rinfrescanti miscele ghiacciate come <strong>Blue Razz Ice<\/strong> e <strong>Ghiaccio Anguria<\/strong>.<\/p>\n<p>1.Mirtillo blu ghiaccio\u00a0 <span style=\"color: #ff0000\"><strong>&gt;&gt;&gt;&gt; Caldo!<\/strong><\/span><br \/>\n2.Pesca ghiaccio<br \/>\n3.Uva ghiaccio<br \/>\n4.Fragola anguria<br \/>\n5.Fragola banana <span style=\"color: #ff0000\"><strong>&gt;&gt;&gt;&gt; Caldo!<\/strong><\/span><br \/>\n6.Ciliegia anguria<br \/>\n7.Anguria ghiaccio<br \/>\n8.Pesca mango<br \/>\n9.Kiwi e fragola<br \/>\n10.Ghiaccio alla fragola bianca<br \/>\n11.Ghiaccio alla gelatina bianca <span style=\"color: #ff0000\"><strong>&gt;&gt;&gt;&gt; Caldo!<\/strong><\/span><br \/>\n12.Pinacolada ghiacciata<br \/>\n13.Fucking favoloso <span style=\"color: #ff0000\"><strong>&gt;&gt;&gt;&gt; Il migliore!<\/strong><\/span><br \/>\n14.Mojito ai frutti di bosco<\/p>\n<h3><strong>Perch\u00e9 scegliere Rmvapesale per Vookbar Cyber Pro 30000 <\/strong><strong>V<\/strong><strong>vapo all'ingrosso<\/strong><strong>?<\/strong><\/h3>\n<div class=\"flex-shrink-0 flex flex-col relative items-end\">\n<div class=\"pt-0\">\n<div class=\"gizmo-bot-avatar flex h-8 w-8 items-center justify-center overflow-hidden rounded-full\">\n<div class=\"relative p-1 rounded-sm flex items-center justify-center bg-token-main-surface-primary text-token-text-primary h-8 w-8\">\n<p>Benvenuto su Rmvapesale, il tuo negozio di fiducia per vaporizzatori usa e getta di alta qualit\u00e0. Con oltre 5 anni di esperienza, ti offriamo marchi popolari di vaporizzatori usa e getta come Al Fakher, <a href=\"https:\/\/rmvapesale.com\/it\/categoria-prodotto\/bang-vapes\/\">Bang Vape<\/a>, Waspe, WGA Vape e<a href=\"https:\/\/rmvapesale.com\/it\/categoria-prodotto\/randm-fumot-vape\/\"> RandM Vape<\/a>.<\/p>\n<p>La nostra gamma comprende vapes di tendenza come il <a href=\"https:\/\/rmvapesale.com\/it\/prodotto\/randm-tornado-15000-puffs-vape-wholesale\/\">RandM Tornado 15000<\/a> e opzioni ricche di sapore come il Vapme 70000. Ogni prodotto \u00e8 scelto con un focus su qualit\u00e0, valore e variet\u00e0, per assicurarti di trovare la corrispondenza perfetta per le tue esigenze. Scopri un servizio eccezionale e una vasta gamma di prodotti di punta su Rmvapesale.<\/p>\n<\/div>\n<figure id=\"attachment_2878\" aria-describedby=\"caption-attachment-2878\" style=\"width: 1000px\" class=\"wp-caption alignnone\"><img loading=\"lazy\" decoding=\"async\" class=\"wp-image-2878 size-full\" src=\"https:\/\/rmvapesale.com\/wp-content\/uploads\/2024\/12\/Bluetooth-Vape-Wholesale.jpg\" alt=\"Vendita all&#039;ingrosso di sigarette elettroniche Bluetooth\" width=\"1000\" height=\"1000\" srcset=\"https:\/\/rmvapesale.com\/wp-content\/uploads\/2024\/12\/Bluetooth-Vape-Wholesale.jpg 1000w, https:\/\/rmvapesale.com\/wp-content\/uploads\/2024\/12\/Bluetooth-Vape-Wholesale-300x300.jpg 300w, https:\/\/rmvapesale.com\/wp-content\/uploads\/2024\/12\/Bluetooth-Vape-Wholesale-150x150.jpg 150w, https:\/\/rmvapesale.com\/wp-content\/uploads\/2024\/12\/Bluetooth-Vape-Wholesale-768x768.jpg 768w, https:\/\/rmvapesale.com\/wp-content\/uploads\/2024\/12\/Bluetooth-Vape-Wholesale-600x600.jpg 600w, https:\/\/rmvapesale.com\/wp-content\/uploads\/2024\/12\/Bluetooth-Vape-Wholesale-100x100.jpg 100w\" sizes=\"auto, (max-width: 1000px) 100vw, 1000px\" \/><figcaption id=\"caption-attachment-2878\" class=\"wp-caption-text\">Vendita all'ingrosso di sigarette elettroniche Bluetooth<\/figcaption><\/figure>\n<div class=\"relative p-1 rounded-sm flex items-center justify-center bg-token-main-surface-primary text-token-text-primary h-8 w-8\">\n<h3><b> DOMANDE FREQUENTI su Vookbar Cyber Pro 30k <\/b><b>Vaporizzatore usa e getta ricaricabile<\/b><\/h3>\n<div class=\"group\/conversation-turn relative flex w-full min-w-0 flex-col agent-turn\">\n<div class=\"flex-col gap-1 md:gap-3\">\n<div class=\"flex max-w-full flex-col flex-grow\">\n<div class=\"min-h-8 text-message flex w-full flex-col items-end gap-2 whitespace-normal break-words [.text-message+&amp;]:mt-5\" dir=\"auto\" data-message-author-role=\"assistant\" data-message-id=\"00c9b302-bc9c-4550-94ba-5a295efa2be3\" data-message-model-slug=\"gpt-4o\">\n<div class=\"flex w-full flex-col gap-1 empty:hidden first:pt-[3px]\">\n<div class=\"markdown prose w-full break-words dark:prose-invert light\">\n<div class=\"group\/conversation-turn relative flex w-full min-w-0 flex-col agent-turn\">\n<div class=\"flex-col gap-1 md:gap-3\">\n<div class=\"flex max-w-full flex-col flex-grow\">\n<div class=\"min-h-8 text-message flex w-full flex-col items-end gap-2 whitespace-normal break-words [.text-message+&amp;]:mt-5\" dir=\"auto\" data-message-author-role=\"assistant\" data-message-id=\"a3dc01bd-23b0-4fd7-bb9a-7827522cefd8\" data-message-model-slug=\"gpt-4o\">\n<div class=\"flex w-full flex-col gap-1 empty:hidden first:pt-[3px]\">\n<div class=\"flex max-w-full flex-col flex-grow\">\n<div class=\"min-h-8 text-message flex w-full flex-col items-end gap-2 whitespace-normal break-words text-start [.text-message+&amp;]:mt-5\" dir=\"auto\" data-message-author-role=\"assistant\" data-message-id=\"c0465b59-d7ac-4705-be53-31711ce42a0f\" data-message-model-slug=\"gpt-4o\">\n<div class=\"flex w-full flex-col gap-1 empty:hidden first:pt-[3px]\">\n<div class=\"markdown prose w-full break-words dark:prose-invert light\">\n<ol>\n<li><strong>Cosa rende unico il Vookbar Cyber Pro 30000 Puffs?<\/strong><br \/>\nIl Vookbar Cyber Pro \u00e8 caratterizzato da un'impressionante <strong>capacit\u00e0 di 30.000 tiri<\/strong>, una <strong>Schermo touch da 2,1 pollici<\/strong>, e da una connettivit\u00e0 Bluetooth avanzata, che lo rende un dispositivo di svapo multifunzionale.<\/li>\n<li><strong>In che modo il touch screen migliora l'esperienza di svapo?<\/strong><br \/>\nLa <strong>Il touch screen<\/strong> consente una navigazione intuitiva delle funzioni, come lo stato della batteria, i livelli di e-liquid e le impostazioni personalizzabili tramite l'app Wearinos, inclusa la personalizzazione dello sfondo e la modalit\u00e0 selfie a distanza.<\/li>\n<li><strong>Quali sono i livelli di nicotina disponibili per il Vookbar 30000?<\/strong><br \/>\nQuesto dispositivo si adatta a varie preferenze con opzioni di nicotina al <strong>0%, 2%, 3% e 5%<\/strong>, rendendolo adatto sia per gli utenti occasionali che per i vapers esperti.<\/li>\n<li><strong>Come si ricarica il Vookbar Cyber Pro 30000?<\/strong><br \/>\nIl Vookbar Cyber Pro \u00e8 alimentato da un <strong>batteria ricaricabile da 650 mAh<\/strong> e viene fornito con un <strong>porta di ricarica Type-C<\/strong> per una ricarica rapida ed efficiente.<\/li>\n<li><strong>Il Vookbar Cyber Pro 30k include delle funzioni di sicurezza?<\/strong><br \/>\nS\u00ec, include una <strong>blocco bambini<\/strong> funzione per garantire sicurezza e tranquillit\u00e0, soprattutto nelle case con bambini.<\/li>\n<\/ol>\n<\/div>\n<\/div>\n<\/div>\n<\/div>\n<div class=\"mb-2 flex gap-3 empty:hidden -ml-2\"><\/div>\n<\/div>\n<\/div>\n<\/div>\n<\/div>\n<\/div>\n<\/div>\n<\/div>\n<\/div>\n<\/div>\n<\/div>\n<\/div>\n<\/div>\n<\/div>\n<\/div>\n<\/div>\n<h3>Informazioni sulla spedizione<\/h3>\n<div class=\"flex-shrink-0 flex flex-col relative items-end\">\n<div>\n<div class=\"pt-0\">\n<div class=\"gizmo-bot-avatar flex h-8 w-8 items-center justify-center overflow-hidden rounded-full\">\n<div><\/div>\n<div class=\"relative p-1 rounded-sm flex items-center justify-center bg-token-main-surface-primary text-token-text-primary h-8 w-8\"><strong>1. Quali metodi di spedizione vengono utilizzati?<\/strong><\/div>\n<\/div>\n<\/div>\n<\/div>\n<\/div>\n<div class=\"group\/conversation-turn relative flex w-full min-w-0 flex-col agent-turn\">\n<div class=\"flex-col gap-1 md:gap-3\">\n<div class=\"flex max-w-full flex-col flex-grow\">\n<div class=\"min-h-[20px] text-message flex w-full flex-col items-end gap-2 whitespace-normal break-words [.text-message+&amp;]:mt-5 overflow-x-auto\" dir=\"auto\" data-message-author-role=\"assistant\" data-message-id=\"22f8283b-3233-46ff-89a5-c7a41b33abda\">\n<div class=\"flex w-full flex-col gap-1 empty:hidden first:pt-[3px]\">\n<div class=\"markdown prose w-full break-words dark:prose-invert light\">\n<p>Collaboriamo con UPS, DHL, FedEx, DPD e altri vettori leader. Selezioneremo il miglior metodo di spedizione in base alla tua posizione di consegna per assicurarti di ricevere i tuoi prodotti il pi\u00f9 rapidamente possibile.<\/p>\n<\/div>\n<p><strong>2. Quanto tempo ci vuole per arrivare?<\/strong><\/p>\n<p>I pacchi spediti in Italia arrivano solitamente entro 12-15 giorni lavorativi. Forniremo aggiornamenti in tempo reale sullo stato della tua spedizione.<\/p>\n<\/div>\n<\/div>\n<\/div>\n<\/div>\n<\/div>\n<p>&nbsp;<\/p>\n<p>Trova altri prodotti da svapo che potrebbero piacerti:<strong><em><a href=\"https:\/\/rmvapesale.com\/it\/shop-2\/\">acquista ora &gt;&gt;&gt;<\/a><\/em><\/strong><\/p>","protected":false},"excerpt":{"rendered":"<p>Vookbar Cyber Pro 30000 Puffs Sigaretta Elettronica Monouso all'Ingrosso<br \/>\nVookbar Cyber Pro 30k Prezzo all'Ingrosso Sigaretta Elettronica Monouso Ricaricabile<br \/>\nVendita Calda Sigaretta Elettronica Monouso Vookbar Cyber Pro 30000 Acquisto in Blocco Prezzo Economico<\/p>\n<p><strong>Contatta Amy per ottenere la risposta giusta e un coupon per lo svapo!<\/strong><\/p>\n<p><img loading=\"lazy\" decoding=\"async\" class=\"size-full wp-image-2375\" src=\"https:\/\/rmvapesale.com\/wp-content\/uploads\/2024\/10\/image.png\" alt=\"Migliore sigaretta elettronica usa e getta\" width=\"229\" height=\"300\" \/><\/p>\n<h3><a href=\"https:\/\/wa.me\/8617776015835\"><span style=\"color: #ff0000\"><strong>WhatsApp: +86 17776015835<\/strong><\/span><\/a><\/h3>\n<p>&nbsp;<\/p>","protected":false},"featured_media":2880,"comment_status":"open","ping_status":"closed","template":"","meta":{"_uag_custom_page_level_css":"","_lmt_disableupdate":"no","_lmt_disable":"","site-sidebar-layout":"default","site-content-layout":"content-boxed-container","ast-site-content-layout":"normal-width-container","site-content-style":"boxed","site-sidebar-style":"unboxed","ast-global-header-display":"","ast-banner-title-visibility":"","ast-main-header-display":"","ast-hfb-above-header-display":"","ast-hfb-below-header-display":"","ast-hfb-mobile-header-display":"","site-post-title":"","ast-breadcrumbs-content":"","ast-featured-img":"","footer-sml-layout":"","theme-transparent-header-meta":"default","adv-header-id-meta":"","stick-header-meta":"","header-above-stick-meta":"","header-main-stick-meta":"","header-below-stick-meta":"","astra-migrate-meta-layouts":"set","ast-page-background-enabled":"default","ast-page-background-meta":{"desktop":{"background-color":"var(--ast-global-color-4)","background-image":"","background-repeat":"repeat","background-position":"center center","background-size":"auto","background-attachment":"scroll","background-type":"","background-media":"","overlay-type":"","overlay-color":"","overlay-opacity":"","overlay-gradient":""},"tablet":{"background-color":"","background-image":"","background-repeat":"repeat","background-position":"center center","background-size":"auto","background-attachment":"scroll","background-type":"","background-media":"","overlay-type":"","overlay-color":"","overlay-opacity":"","overlay-gradient":""},"mobile":{"background-color":"","background-image":"","background-repeat":"repeat","background-position":"center center","background-size":"auto","background-attachment":"scroll","background-type":"","background-media":"","overlay-type":"","overlay-color":"","overlay-opacity":"","overlay-gradient":""}},"ast-content-background-meta":{"desktop":{"background-color":"var(--ast-global-color-5)","background-image":"","background-repeat":"repeat","background-position":"center center","background-size":"auto","background-attachment":"scroll","background-type":"","background-media":"","overlay-type":"","overlay-color":"","overlay-opacity":"","overlay-gradient":""},"tablet":{"background-color":"var(--ast-global-color-5)","background-image":"","background-repeat":"repeat","background-position":"center center","background-size":"auto","background-attachment":"scroll","background-type":"","background-media":"","overlay-type":"","overlay-color":"","overlay-opacity":"","overlay-gradient":""},"mobile":{"background-color":"var(--ast-global-color-5)","background-image":"","background-repeat":"repeat","background-position":"center center","background-size":"auto","background-attachment":"scroll","background-type":"","background-media":"","overlay-type":"","overlay-color":"","overlay-opacity":"","overlay-gradient":""}},"_joinchat":[]},"product_brand":[],"product_cat":[15,25,123,26,28,135,27,137,136,30],"product_tag":[146,131,40,111,250,249],"class_list":{"0":"post-2884","1":"product","2":"type-product","3":"status-publish","4":"has-post-thumbnail","6":"product_cat-new-vape-this-week","7":"product_cat-germany-best-selling-vape","8":"product_cat-italy-wholesale-vape","9":"product_cat-netherlands-hot-sale-vape","10":"product_cat-poland-hot-sale-vape","11":"product_cat-spain-best-hot-sale-vape","12":"product_cat-fance-hot-sale-vape","13":"product_cat-rechargeable-vapes","14":"product_cat-smart-screen-vapes","15":"product_cat-minimum-order-quantity-50pcs","16":"product_tag-best-hot-sale-vape","17":"product_tag-big-puff-vape","18":"product_tag-hot-sale-vape","19":"product_tag-low-nicotine-disposable-vape","20":"product_tag-vookbar-30000","21":"product_tag-vookbar-cyber-pro-30000","22":"desktop-align-left","23":"tablet-align-left","24":"mobile-align-left","26":"first","27":"instock","28":"sale","29":"shipping-taxable","30":"purchasable","31":"product-type-simple"},"uagb_featured_image_src":{"full":["https:\/\/rmvapesale.com\/wp-content\/uploads\/2024\/12\/Vookbar-Cyber-\u200b\u200bPro-30000-Bluetooth-Vape-Bulk-Buy.jpg",1000,1000,false],"thumbnail":["https:\/\/rmvapesale.com\/wp-content\/uploads\/2024\/12\/Vookbar-Cyber-\u200b\u200bPro-30000-Bluetooth-Vape-Bulk-Buy-150x150.jpg",150,150,true],"medium":["https:\/\/rmvapesale.com\/wp-content\/uploads\/2024\/12\/Vookbar-Cyber-\u200b\u200bPro-30000-Bluetooth-Vape-Bulk-Buy-300x300.jpg",300,300,true],"medium_large":["https:\/\/rmvapesale.com\/wp-content\/uploads\/2024\/12\/Vookbar-Cyber-\u200b\u200bPro-30000-Bluetooth-Vape-Bulk-Buy-768x768.jpg",768,768,true],"large":["https:\/\/rmvapesale.com\/wp-content\/uploads\/2024\/12\/Vookbar-Cyber-\u200b\u200bPro-30000-Bluetooth-Vape-Bulk-Buy.jpg",1000,1000,false],"1536x1536":["https:\/\/rmvapesale.com\/wp-content\/uploads\/2024\/12\/Vookbar-Cyber-\u200b\u200bPro-30000-Bluetooth-Vape-Bulk-Buy.jpg",1000,1000,false],"2048x2048":["https:\/\/rmvapesale.com\/wp-content\/uploads\/2024\/12\/Vookbar-Cyber-\u200b\u200bPro-30000-Bluetooth-Vape-Bulk-Buy.jpg",1000,1000,false],"trp-custom-language-flag":["https:\/\/rmvapesale.com\/wp-content\/uploads\/2024\/12\/Vookbar-Cyber-\u200b\u200bPro-30000-Bluetooth-Vape-Bulk-Buy.jpg",12,12,false],"woocommerce_thumbnail":["https:\/\/rmvapesale.com\/wp-content\/uploads\/2024\/12\/Vookbar-Cyber-\u200b\u200bPro-30000-Bluetooth-Vape-Bulk-Buy-300x300.jpg",300,300,true],"woocommerce_single":["https:\/\/rmvapesale.com\/wp-content\/uploads\/2024\/12\/Vookbar-Cyber-\u200b\u200bPro-30000-Bluetooth-Vape-Bulk-Buy-600x600.jpg",600,600,true],"woocommerce_gallery_thumbnail":["https:\/\/rmvapesale.com\/wp-content\/uploads\/2024\/12\/Vookbar-Cyber-\u200b\u200bPro-30000-Bluetooth-Vape-Bulk-Buy-100x100.jpg",100,100,true],"wcpr-photo-reviews":["https:\/\/rmvapesale.com\/wp-content\/uploads\/2024\/12\/Vookbar-Cyber-\u200b\u200bPro-30000-Bluetooth-Vape-Bulk-Buy.jpg",500,500,false]},"uagb_author_info":{"display_name":"AMY","author_link":"https:\/\/rmvapesale.com\/it\/author\/"},"uagb_comment_info":0,"uagb_excerpt":"Vookbar Cyber Pro 30000 Puffs Disposable Vape Wholesale Vookbar Cyber Pro 30k Rechargeable Disposable Vape Wholesale Price Hot Sell Disposable Vape Pen Vookbar Cyber Pro 30000 Bulk Buy Cheap Price Contact Amy to get right reply and vape coupon! WhatsApp: +86 17776015835 &nbsp;","_links":{"self":[{"href":"https:\/\/rmvapesale.com\/it\/wp-json\/wp\/v2\/product\/2884","targetHints":{"allow":["GET"]}}],"collection":[{"href":"https:\/\/rmvapesale.com\/it\/wp-json\/wp\/v2\/product"}],"about":[{"href":"https:\/\/rmvapesale.com\/it\/wp-json\/wp\/v2\/types\/product"}],"replies":[{"embeddable":true,"href":"https:\/\/rmvapesale.com\/it\/wp-json\/wp\/v2\/comments?post=2884"}],"wp:featuredmedia":[{"embeddable":true,"href":"https:\/\/rmvapesale.com\/it\/wp-json\/wp\/v2\/media\/2880"}],"wp:attachment":[{"href":"https:\/\/rmvapesale.com\/it\/wp-json\/wp\/v2\/media?parent=2884"}],"wp:term":[{"taxonomy":"product_brand","embeddable":true,"href":"https:\/\/rmvapesale.com\/it\/wp-json\/wp\/v2\/product_brand?post=2884"},{"taxonomy":"product_cat","embeddable":true,"href":"https:\/\/rmvapesale.com\/it\/wp-json\/wp\/v2\/product_cat?post=2884"},{"taxonomy":"product_tag","embeddable":true,"href":"https:\/\/rmvapesale.com\/it\/wp-json\/wp\/v2\/product_tag?post=2884"}],"curies":[{"name":"wp","href":"https:\/\/api.w.org\/{rel}","templated":true}]}}