{"id":2912,"date":"2025-01-08T08:59:33","date_gmt":"2025-01-08T08:59:33","guid":{"rendered":"https:\/\/rmvapesale.com\/?post_type=product&#038;p=2912"},"modified":"2025-01-08T09:59:15","modified_gmt":"2025-01-08T09:59:15","slug":"bood-twins-46000-puff-digital-disposable-vape-bulk-buy-wholesale-price","status":"publish","type":"product","link":"https:\/\/rmvapesale.com\/it\/prodotto\/bood-twins-46000-puff-digital-disposable-vape-bulk-buy-wholesale-price\/","title":{"rendered":"Bood Twins 46000 Puff Vape Monouso Digitale Acquisto all'ingrosso Prezzo all'ingrosso"},"content":{"rendered":"<div class=\"B2VR9 CJHX3e\">\n<div class=\"wyccme\">\n<div class=\"flex-shrink-0 flex flex-col relative items-end\">\n<div class=\"pt-0\">\n<div class=\"gizmo-bot-avatar flex h-8 w-8 items-center justify-center overflow-hidden rounded-full\">\n<div class=\"relative p-1 rounded-sm flex items-center justify-center bg-token-main-surface-primary text-token-text-primary h-8 w-8\">\n<div class=\"flex-shrink-0 flex flex-col relative items-end\">\n<div class=\"pt-0\">\n<div class=\"gizmo-bot-avatar flex h-8 w-8 items-center justify-center overflow-hidden rounded-full\">\n<h1 class=\"relative p-1 rounded-sm flex items-center justify-center bg-token-main-surface-primary text-token-text-primary h-8 w-8\">Bood Twins 46000 Puff Vape Monouso Digitale Acquisto all'ingrosso Prezzo all'ingrosso<\/h1>\n<\/div>\n<\/div>\n<\/div>\n<\/div>\n<\/div>\n<\/div>\n<\/div>\n<div class=\"group\/conversation-turn relative flex w-full min-w-0 flex-col agent-turn\">\n<div class=\"flex-col gap-1 md:gap-3\">\n<div class=\"flex max-w-full flex-col flex-grow\">\n<div class=\"min-h-8 text-message flex w-full flex-col items-end gap-2 whitespace-normal break-words text-start [.text-message+&amp;]:mt-5\" dir=\"auto\" data-message-author-role=\"assistant\" data-message-id=\"80ece0c4-ead1-4ed9-a9f0-ddc22582b4f4\" data-message-model-slug=\"gpt-4o\">\n<div class=\"flex w-full flex-col gap-1 empty:hidden first:pt-[3px]\">\n<div class=\"markdown prose w-full break-words dark:prose-invert light\"><strong>cURL Too many subrequests.<\/strong>cURL Too many subrequests. <strong>display digitale<\/strong>cURL Too many subrequests.<\/div>\n<div><\/div>\n<div>\n<p>cURL Too many subrequests. <strong>Bood Twins 46000<\/strong> cURL Too many subrequests. <strong>schermo digitale intelligente<\/strong>cURL Too many subrequests. <strong>cURL Too many subrequests.<\/strong>cURL Too many subrequests. <strong>porta di ricarica rapida Type-C<\/strong> cURL Too many subrequests.<\/p>\n<p>cURL Too many subrequests. <strong>cURL Too many subrequests.<\/strong> cURL Too many subrequests. <strong>cURL Too many subrequests.<\/strong> cURL Too many subrequests. <strong>cURL Too many subrequests.<\/strong>cURL Too many subrequests. <strong>cURL Too many subrequests.<\/strong>. Il <strong>Bood Twins 46000<\/strong> cURL Too many subrequests. <strong>cURL Too many subrequests.<\/strong> cURL Too many subrequests.<\/p>\n<\/div>\n<\/div>\n<div>cURL Too many subrequests. <strong>cURL Too many subrequests.<\/strong> cURL Too many subrequests. <strong>Bood Twins 46000<\/strong> cURL Too many subrequests.<\/div>\n<\/div>\n<\/div>\n<\/div>\n<\/div>\n<div class=\"flex-shrink-0 flex flex-col relative items-end\">\n<div class=\"pt-0\">\n<div class=\"gizmo-bot-avatar flex h-8 w-8 items-center justify-center overflow-hidden rounded-full\">\n<p>&nbsp;<\/p>\n<\/div>\n<\/div>\n<\/div>\n<\/div>\n<\/div>\n<p><strong>Contatta Amy per ottenere la risposta giusta e un coupon per lo svapo!<\/strong><\/p>\n<p><img loading=\"lazy\" decoding=\"async\" class=\"size-full wp-image-1978\" src=\"https:\/\/rmvapesale.com\/wp-content\/uploads\/2024\/09\/Disposable-Vape-Wholesale.jpg\" alt=\"Vaporizzatore Usa e Getta Ingrosso\" width=\"229\" height=\"300\" \/><\/p>\n<h3><a href=\"https:\/\/wa.me\/8617776015835\" target=\"_blank\" rel=\"noopener\"><span style=\"color: #ff0000\"><strong>WhatsApp: +86 17776015835<\/strong><\/span><\/a><\/h3>\n<p>&nbsp;<\/p>\n<h2><strong style=\"font-size: 1.7em\">cURL Too many subrequests.<\/strong><\/h2>\n<ul>\n<li><strong>Tiri<\/strong>cURL Too many subrequests.<\/li>\n<li><strong>Batteria<\/strong>cURL Too many subrequests.<\/li>\n<li><strong>cURL Too many subrequests.<\/strong>cURL Too many subrequests.<\/li>\n<li><strong>Display digitale<\/strong>cURL Too many subrequests.<\/li>\n<li><strong>Sapori<\/strong>cURL Too many subrequests.<\/li>\n<li><strong>cURL Too many subrequests.<\/strong>cURL Too many subrequests.<\/li>\n<\/ul>\n<h2><strong style=\"font-size: 1.7em\">cURL Too many subrequests.<\/strong><\/h2>\n<p>cURL Too many subrequests. <strong>12 gusti entusiasmanti<\/strong>cURL Too many subrequests.<\/p>\n<div>cURL Too many subrequests. <span style=\"color: #ff0000\"><strong>&gt;&gt;&gt;&gt; Caldo!<\/strong><\/span><\/div>\n<div>cURL Too many subrequests.<\/div>\n<div>cURL Too many subrequests.<\/div>\n<div>cURL Too many subrequests. <span style=\"color: #ff0000\"><strong>&gt;&gt;&gt;&gt; Caldo!<\/strong><\/span><\/div>\n<div>cURL Too many subrequests.<\/div>\n<div>cURL Too many subrequests. <span style=\"color: #ff0000\"><strong>&gt;&gt;&gt;&gt; Il migliore!<\/strong><\/span><\/div>\n<div>cURL Too many subrequests.<\/div>\n<div>cURL Too many subrequests.<\/div>\n<div>9.Pink Lemonade<\/div>\n<div>10.Green Grape<\/div>\n<div><\/div>\n<figure id=\"attachment_2895\" aria-describedby=\"caption-attachment-2895\" style=\"width: 1000px\" class=\"wp-caption alignnone\"><img loading=\"lazy\" decoding=\"async\" class=\"wp-image-2895 size-full\" src=\"https:\/\/rmvapesale.com\/wp-content\/uploads\/2025\/01\/Bood-Twins-46000-Digital-Disposable-Vape.jpg\" alt=\"Bood Twins 46000 Digital Disposable Vape\" width=\"1000\" height=\"1000\" srcset=\"https:\/\/rmvapesale.com\/wp-content\/uploads\/2025\/01\/Bood-Twins-46000-Digital-Disposable-Vape.jpg 1000w, https:\/\/rmvapesale.com\/wp-content\/uploads\/2025\/01\/Bood-Twins-46000-Digital-Disposable-Vape-300x300.jpg 300w, https:\/\/rmvapesale.com\/wp-content\/uploads\/2025\/01\/Bood-Twins-46000-Digital-Disposable-Vape-150x150.jpg 150w, https:\/\/rmvapesale.com\/wp-content\/uploads\/2025\/01\/Bood-Twins-46000-Digital-Disposable-Vape-768x768.jpg 768w, https:\/\/rmvapesale.com\/wp-content\/uploads\/2025\/01\/Bood-Twins-46000-Digital-Disposable-Vape-600x600.jpg 600w, https:\/\/rmvapesale.com\/wp-content\/uploads\/2025\/01\/Bood-Twins-46000-Digital-Disposable-Vape-100x100.jpg 100w\" sizes=\"auto, (max-width: 1000px) 100vw, 1000px\" \/><figcaption id=\"caption-attachment-2895\" class=\"wp-caption-text\">Bood Twins 46000 Digital Disposable Vape<\/figcaption><\/figure>\n<h3><\/h3>\n<h3><strong>Why Choose Rmvapesale for JNR Mega Shisha Hookah 100k Puff\u00a0 <\/strong><strong>V<\/strong><strong>vapo all'ingrosso<\/strong><strong>?<\/strong><\/h3>\n<div class=\"flex-shrink-0 flex flex-col relative items-end\">\n<div class=\"pt-0\">\n<div class=\"gizmo-bot-avatar flex h-8 w-8 items-center justify-center overflow-hidden rounded-full\">\n<div class=\"relative p-1 rounded-sm flex items-center justify-center bg-token-main-surface-primary text-token-text-primary h-8 w-8\">\n<p>Benvenuto su Rmvapesale, il tuo negozio di fiducia per vaporizzatori usa e getta di alta qualit\u00e0. Con oltre 5 anni di esperienza, ti offriamo marchi popolari di vaporizzatori usa e getta come Al Fakher, <a href=\"https:\/\/rmvapesale.com\/it\/prodotto\/puff-40k-bang-refillable-disposable-vape-with-digital-display-bulk-buy-price\/\">Bang Vape<\/a>, <a href=\"https:\/\/rmvapesale.com\/it\/prodotto\/jnr-mega-shisha-hookah-100000-100k-puffs-disposable-vape-a-premium-vaping-experience\/\">JNR Vape<\/a>, Waspe, WGA Vape and RandM Vape.<\/p>\n<p>La nostra gamma comprende vapes di tendenza come il <a href=\"https:\/\/rmvapesale.com\/it\/prodotto\/vookbar-cyber-pro-30000-puffs-bluetooth-vape-2-low-nicotine-rechargeable-bulk-buy-wholesale-price\/\">Vookbar Cyber Pro 30000<\/a> e opzioni ricche di sapore come il Vapme 70000. Ogni prodotto \u00e8 scelto con un focus su qualit\u00e0, valore e variet\u00e0, per assicurarti di trovare la corrispondenza perfetta per le tue esigenze. Scopri un servizio eccezionale e una vasta gamma di prodotti di punta su Rmvapesale.<\/p>\n<p>&nbsp;<\/p>\n<h3><b style=\"font-size: 1.5em;font-style: inherit\">FAQS For Bood Twins 46000 <\/b><b style=\"font-size: 1.5em;font-style: inherit\">Vaporizzatore usa e getta ricaricabile<\/b><\/h3>\n<\/div>\n<h3><\/h3>\n<p><strong>1. How many puffs does the Bood Twins 46000 provide?<\/strong><\/p>\n<p>La <strong>Bood Twins 46000 Puff<\/strong> offers up to 46,000 puffs, making it one of the longest-lasting disposable vapes on the market.<\/p>\n<p><strong>2. Can I recharge the Bood Twins 46000 Puff?<\/strong><\/p>\n<p>Yes! This device features a <strong>batteria ricaricabile da 650 mAh<\/strong> con un <strong>porta di ricarica rapida Type-C<\/strong> for convenience.<\/p>\n<p><strong>3. What flavors are available in the Bood Twins 46000?<\/strong><\/p>\n<p>cURL Too many subrequests. <strong>cURL Too many subrequests.<\/strong>cURL Too many subrequests. <strong>cURL Too many subrequests.<\/strong>, <strong>cURL Too many subrequests.<\/strong>e <strong>cURL Too many subrequests.<\/strong>.<\/p>\n<p><strong>cURL Too many subrequests.<\/strong><\/p>\n<p>cURL Too many subrequests. <strong>cURL Too many subrequests.<\/strong>cURL Too many subrequests.<\/p>\n<p><strong>cURL Too many subrequests.<\/strong><\/p>\n<p>Puoi acquistare il <strong>Bood Twins 46000 Puff<\/strong> at <strong>imbattibili<\/strong> cURL Too many subrequests. <a href=\"https:\/\/rmvapesale.com\/it\/\" target=\"_new\" rel=\"noopener\">nel negozio di vape online Rmvapesale<\/a>cURL Too many subrequests.<\/p>\n<p>&nbsp;<\/p>\n<\/div>\n<\/div>\n<\/div>\n<h3>Informazioni sulla spedizione<\/h3>\n<div class=\"flex-shrink-0 flex flex-col relative items-end\">\n<div>\n<div class=\"pt-0\">\n<div class=\"gizmo-bot-avatar flex h-8 w-8 items-center justify-center overflow-hidden rounded-full\">\n<div><\/div>\n<div class=\"relative p-1 rounded-sm flex items-center justify-center bg-token-main-surface-primary text-token-text-primary h-8 w-8\"><strong>1. Quali metodi di spedizione vengono utilizzati?<\/strong><\/div>\n<\/div>\n<\/div>\n<\/div>\n<\/div>\n<div class=\"group\/conversation-turn relative flex w-full min-w-0 flex-col agent-turn\">\n<div class=\"flex-col gap-1 md:gap-3\">\n<div class=\"flex max-w-full flex-col flex-grow\">\n<div class=\"min-h-[20px] text-message flex w-full flex-col items-end gap-2 whitespace-normal break-words [.text-message+&amp;]:mt-5 overflow-x-auto\" dir=\"auto\" data-message-author-role=\"assistant\" data-message-id=\"22f8283b-3233-46ff-89a5-c7a41b33abda\">\n<div class=\"flex w-full flex-col gap-1 empty:hidden first:pt-[3px]\">\n<div class=\"markdown prose w-full break-words dark:prose-invert light\">\n<p>Collaboriamo con UPS, DHL, FedEx, DPD e altri vettori leader. Selezioneremo il miglior metodo di spedizione in base alla tua posizione di consegna per assicurarti di ricevere i tuoi prodotti il pi\u00f9 rapidamente possibile.<\/p>\n<\/div>\n<p><strong>2. Quanto tempo ci vuole per arrivare?<\/strong><\/p>\n<p>I pacchi spediti in Italia arrivano solitamente entro 12-15 giorni lavorativi. Forniremo aggiornamenti in tempo reale sullo stato della tua spedizione.<\/p>\n<\/div>\n<\/div>\n<\/div>\n<\/div>\n<\/div>\n<p>&nbsp;<\/p>\n<p>Trova altri prodotti da svapo che potrebbero piacerti:<strong><em><a href=\"https:\/\/rmvapesale.com\/it\/shop-2\/\">acquista ora &gt;&gt;&gt;<\/a><\/em><\/strong><\/p>","protected":false},"excerpt":{"rendered":"<p>cURL Too many subrequests.<br \/>\ncURL Too many subrequests.<br \/>\ncURL Too many subrequests.<\/p>\n<p><strong>Contatta Amy per ottenere la risposta giusta e un coupon per lo svapo!<\/strong><\/p>\n<p><img loading=\"lazy\" decoding=\"async\" class=\"size-full wp-image-2375\" src=\"https:\/\/rmvapesale.com\/wp-content\/uploads\/2024\/10\/image.png\" alt=\"Migliore sigaretta elettronica usa e getta\" width=\"229\" height=\"300\" \/><\/p>\n<h3><a href=\"https:\/\/wa.me\/8617776015835\"><span style=\"color: #ff0000\"><strong>WhatsApp: +86 17776015835<\/strong><\/span><\/a><\/h3>\n<p>&nbsp;<\/p>","protected":false},"featured_media":2896,"comment_status":"open","ping_status":"closed","template":"","meta":{"_uag_custom_page_level_css":"","_lmt_disableupdate":"no","_lmt_disable":"","site-sidebar-layout":"default","site-content-layout":"content-boxed-container","ast-site-content-layout":"normal-width-container","site-content-style":"boxed","site-sidebar-style":"unboxed","ast-global-header-display":"","ast-banner-title-visibility":"","ast-main-header-display":"","ast-hfb-above-header-display":"","ast-hfb-below-header-display":"","ast-hfb-mobile-header-display":"","site-post-title":"","ast-breadcrumbs-content":"","ast-featured-img":"","footer-sml-layout":"","ast-disable-related-posts":"","theme-transparent-header-meta":"default","adv-header-id-meta":"","stick-header-meta":"","header-above-stick-meta":"","header-main-stick-meta":"","header-below-stick-meta":"","astra-migrate-meta-layouts":"set","ast-page-background-enabled":"default","ast-page-background-meta":{"desktop":{"background-color":"var(--ast-global-color-4)","background-image":"","background-repeat":"repeat","background-position":"center center","background-size":"auto","background-attachment":"scroll","background-type":"","background-media":"","overlay-type":"","overlay-color":"","overlay-opacity":"","overlay-gradient":""},"tablet":{"background-color":"","background-image":"","background-repeat":"repeat","background-position":"center center","background-size":"auto","background-attachment":"scroll","background-type":"","background-media":"","overlay-type":"","overlay-color":"","overlay-opacity":"","overlay-gradient":""},"mobile":{"background-color":"","background-image":"","background-repeat":"repeat","background-position":"center center","background-size":"auto","background-attachment":"scroll","background-type":"","background-media":"","overlay-type":"","overlay-color":"","overlay-opacity":"","overlay-gradient":""}},"ast-content-background-meta":{"desktop":{"background-color":"var(--ast-global-color-5)","background-image":"","background-repeat":"repeat","background-position":"center center","background-size":"auto","background-attachment":"scroll","background-type":"","background-media":"","overlay-type":"","overlay-color":"","overlay-opacity":"","overlay-gradient":""},"tablet":{"background-color":"var(--ast-global-color-5)","background-image":"","background-repeat":"repeat","background-position":"center center","background-size":"auto","background-attachment":"scroll","background-type":"","background-media":"","overlay-type":"","overlay-color":"","overlay-opacity":"","overlay-gradient":""},"mobile":{"background-color":"var(--ast-global-color-5)","background-image":"","background-repeat":"repeat","background-position":"center center","background-size":"auto","background-attachment":"scroll","background-type":"","background-media":"","overlay-type":"","overlay-color":"","overlay-opacity":"","overlay-gradient":""}},"_joinchat":[]},"product_brand":[],"product_cat":[15,260,259,265,27,25,123,30,26,28,137,136,135],"product_tag":[146,131,264,248,40,111,207],"class_list":{"0":"post-2912","1":"product","2":"type-product","3":"status-publish","4":"has-post-thumbnail","6":"product_cat-new-vape-this-week","7":"product_cat-100k-puff-disposable-vape","8":"product_cat-46000-puff-disposable-vape","9":"product_cat-bood-disposable-vape","10":"product_cat-fance-hot-sale-vape","11":"product_cat-germany-best-selling-vape","12":"product_cat-italy-wholesale-vape","13":"product_cat-minimum-order-quantity-50pcs","14":"product_cat-netherlands-hot-sale-vape","15":"product_cat-poland-hot-sale-vape","16":"product_cat-rechargeable-vapes","17":"product_cat-smart-screen-vapes","18":"product_cat-spain-best-hot-sale-vape","19":"product_tag-best-hot-sale-vape","20":"product_tag-big-puff-vape","21":"product_tag-bood-46000-disposable-vape","22":"product_tag-bood-vape","23":"product_tag-hot-sale-vape","24":"product_tag-low-nicotine-disposable-vape","25":"product_tag-puff-vape","26":"desktop-align-left","27":"tablet-align-left","28":"mobile-align-left","30":"first","31":"instock","32":"sale","33":"shipping-taxable","34":"purchasable","35":"product-type-simple"},"uagb_featured_image_src":{"full":["https:\/\/rmvapesale.com\/wp-content\/uploads\/2025\/01\/Bood-Twins-46000-Puff-2-in-1-Disposable-Vape.webp",1000,1000,false],"thumbnail":["https:\/\/rmvapesale.com\/wp-content\/uploads\/2025\/01\/Bood-Twins-46000-Puff-2-in-1-Disposable-Vape-150x150.webp",150,150,true],"medium":["https:\/\/rmvapesale.com\/wp-content\/uploads\/2025\/01\/Bood-Twins-46000-Puff-2-in-1-Disposable-Vape-300x300.webp",300,300,true],"medium_large":["https:\/\/rmvapesale.com\/wp-content\/uploads\/2025\/01\/Bood-Twins-46000-Puff-2-in-1-Disposable-Vape-768x768.webp",768,768,true],"large":["https:\/\/rmvapesale.com\/wp-content\/uploads\/2025\/01\/Bood-Twins-46000-Puff-2-in-1-Disposable-Vape.webp",1000,1000,false],"1536x1536":["https:\/\/rmvapesale.com\/wp-content\/uploads\/2025\/01\/Bood-Twins-46000-Puff-2-in-1-Disposable-Vape.webp",1000,1000,false],"2048x2048":["https:\/\/rmvapesale.com\/wp-content\/uploads\/2025\/01\/Bood-Twins-46000-Puff-2-in-1-Disposable-Vape.webp",1000,1000,false],"trp-custom-language-flag":["https:\/\/rmvapesale.com\/wp-content\/uploads\/2025\/01\/Bood-Twins-46000-Puff-2-in-1-Disposable-Vape.webp",12,12,false],"woocommerce_thumbnail":["https:\/\/rmvapesale.com\/wp-content\/uploads\/2025\/01\/Bood-Twins-46000-Puff-2-in-1-Disposable-Vape-300x300.webp",300,300,true],"woocommerce_single":["https:\/\/rmvapesale.com\/wp-content\/uploads\/2025\/01\/Bood-Twins-46000-Puff-2-in-1-Disposable-Vape-600x600.webp",600,600,true],"woocommerce_gallery_thumbnail":["https:\/\/rmvapesale.com\/wp-content\/uploads\/2025\/01\/Bood-Twins-46000-Puff-2-in-1-Disposable-Vape-100x100.webp",100,100,true],"wcpr-photo-reviews":["https:\/\/rmvapesale.com\/wp-content\/uploads\/2025\/01\/Bood-Twins-46000-Puff-2-in-1-Disposable-Vape.webp",500,500,false]},"uagb_author_info":{"display_name":"AMY","author_link":"https:\/\/rmvapesale.com\/it\/author\/"},"uagb_comment_info":0,"uagb_excerpt":"Bood Twins 46000 Puff Digital Disposable Vape Wholesale Price Bood Twins 46000 Puff Digital Rechargeable Disposable Vape Bulk Buy Cheap Price Bood 46000 2% Low Nicotine Puff\u00a0 Disposable Vape Disposable Vape Contact Amy to get right reply and vape coupon! WhatsApp: +86 17776015835 &nbsp;","_links":{"self":[{"href":"https:\/\/rmvapesale.com\/it\/wp-json\/wp\/v2\/product\/2912","targetHints":{"allow":["GET"]}}],"collection":[{"href":"https:\/\/rmvapesale.com\/it\/wp-json\/wp\/v2\/product"}],"about":[{"href":"https:\/\/rmvapesale.com\/it\/wp-json\/wp\/v2\/types\/product"}],"replies":[{"embeddable":true,"href":"https:\/\/rmvapesale.com\/it\/wp-json\/wp\/v2\/comments?post=2912"}],"wp:featuredmedia":[{"embeddable":true,"href":"https:\/\/rmvapesale.com\/it\/wp-json\/wp\/v2\/media\/2896"}],"wp:attachment":[{"href":"https:\/\/rmvapesale.com\/it\/wp-json\/wp\/v2\/media?parent=2912"}],"wp:term":[{"taxonomy":"product_brand","embeddable":true,"href":"https:\/\/rmvapesale.com\/it\/wp-json\/wp\/v2\/product_brand?post=2912"},{"taxonomy":"product_cat","embeddable":true,"href":"https:\/\/rmvapesale.com\/it\/wp-json\/wp\/v2\/product_cat?post=2912"},{"taxonomy":"product_tag","embeddable":true,"href":"https:\/\/rmvapesale.com\/it\/wp-json\/wp\/v2\/product_tag?post=2912"}],"curies":[{"name":"wp","href":"https:\/\/api.w.org\/{rel}","templated":true}]}}