{"id":2948,"date":"2025-01-10T08:39:18","date_gmt":"2025-01-10T08:39:18","guid":{"rendered":"https:\/\/rmvapesale.com\/?post_type=product&#038;p=2948"},"modified":"2025-01-10T09:15:27","modified_gmt":"2025-01-10T09:15:27","slug":"crystal-vape-uwin-shisha-hookah-20k-20000-puffs-wholesale-best-price","status":"publish","type":"product","link":"https:\/\/rmvapesale.com\/it\/prodotto\/crystal-vape-uwin-shisha-hookah-20k-20000-puffs-wholesale-best-price\/","title":{"rendered":"Crystal Vape Uwin Shisha Narghil\u00e8 20K 20000 Tiri Prezzo Migliore Ingrosso"},"content":{"rendered":"<div class=\"B2VR9 CJHX3e\">\n<div class=\"wyccme\">\n<div class=\"flex-shrink-0 flex flex-col relative items-end\">\n<div class=\"pt-0\">\n<div class=\"gizmo-bot-avatar flex h-8 w-8 items-center justify-center overflow-hidden rounded-full\">\n<div class=\"relative p-1 rounded-sm flex items-center justify-center bg-token-main-surface-primary text-token-text-primary h-8 w-8\">\n<div class=\"flex-shrink-0 flex flex-col relative items-end\">\n<div class=\"pt-0\">\n<div class=\"gizmo-bot-avatar flex h-8 w-8 items-center justify-center overflow-hidden rounded-full\">\n<h1 class=\"relative p-1 rounded-sm flex items-center justify-center bg-token-main-surface-primary text-token-text-primary h-8 w-8\">Crystal Vape Uwin Shisha Narghil\u00e8 20K 20000 Tiri Prezzo Migliore Ingrosso<\/h1>\n<\/div>\n<\/div>\n<\/div>\n<\/div>\n<\/div>\n<\/div>\n<\/div>\n<div class=\"group\/conversation-turn relative flex w-full min-w-0 flex-col agent-turn\">\n<div class=\"flex-col gap-1 md:gap-3\">\n<div class=\"flex max-w-full flex-col flex-grow\">\n<div class=\"min-h-8 text-message flex w-full flex-col items-end gap-2 whitespace-normal break-words text-start [.text-message+&amp;]:mt-5\" dir=\"auto\" data-message-author-role=\"assistant\" data-message-id=\"80ece0c4-ead1-4ed9-a9f0-ddc22582b4f4\" data-message-model-slug=\"gpt-4o\">\n<div class=\"flex w-full flex-col gap-1 empty:hidden first:pt-[3px]\">\n<div class=\"markdown prose w-full break-words dark:prose-invert light\">\n<p>&nbsp;<\/p>\n<p>La <strong>Crystal Vape Uwin Shisha Hookah 20K 20000 tiri<\/strong>, \u00e8 un dispositivo di svapo di ultima generazione che combina tecnologia all'avanguardia, stile e prestazioni. Con i suoi impressionanti <strong>display digitale<\/strong>, funzionalit\u00e0 personalizzabili e un alto numero di tiri, \u00e8 progettato per soddisfare le esigenze di vapers sia occasionali che esperti.<\/p>\n<\/div>\n<p>Con la svapo Uwin Crystal 20000, godrai di un'esperienza di svapo prolungata con fino a <strong>20.000 tiri<\/strong> per dispositivo. D\u00ec addio alle sostituzioni frequenti e dai il benvenuto a un divertimento ininterrotto! L' <strong>innovativo display digitale<\/strong> ti tiene informato sulla durata della batteria e sull'uso, garantendo un'esperienza senza problemi. Conosci lo stato del tuo dispositivo a colpo d'occhio. Con le impostazioni del flusso d'aria personalizzabili, la Crystal Vape Uwin 20K si adatta alle tue preferenze. Che tu preferisca tiri pi\u00f9 stretti o un tiro pi\u00f9 aperto, questo dispositivo \u00e8 perfetto per te.<\/p>\n<p>Dotata di una <strong>bobina a rete da 0.8\u03a9<\/strong>, questa svapo monouso ricaricabile garantisce una produzione di vapore migliorata e un sapore ineguagliabile. Ogni tiro \u00e8 liscio, ricco e soddisfacente. Alimentato da una <strong>batteria ricaricabile al cobalto da 650mAh<\/strong> e un <strong>porta di ricarica Type-C<\/strong>, l'Uwin Shisha Hookah \u00e8 sempre pronto all'uso. La ricarica veloce ed efficiente significa meno tempi morti. Ergonomica e compatta, la Crystal Vape Uwin presenta un design elegante che \u00e8 sia stiloso che comodo da usare. \u00c8 tanto un pezzo di stile quanto un dispositivo di svapo. Disponibile in <strong>0%, 2%, 3% e 5% gradazioni di nicotina<\/strong>, questa svapo si adatta a ogni preferenza. Che tu voglia un tiro forte o un'esperienza pi\u00f9 leggera, sei accontentato.<\/p>\n<\/div>\n<p>Migliora la tua esperienza di svapo con la <strong>Crystal Vape Uwin Shisha Hookah 20000<\/strong>. Con la sua combinazione di stile, prestazioni e praticit\u00e0, \u00e8 la scelta perfetta per i vapers di tutto il mondo. Non aspettare: ordina il tuo oggi stesso!<\/p>\n<\/div>\n<\/div>\n<\/div>\n<\/div>\n<div class=\"flex-shrink-0 flex flex-col relative items-end\">\n<div class=\"pt-0\">\n<div class=\"gizmo-bot-avatar flex h-8 w-8 items-center justify-center overflow-hidden rounded-full\">\n<p>&nbsp;<\/p>\n<\/div>\n<\/div>\n<\/div>\n<\/div>\n<\/div>\n<p><strong>Contatta Amy per ottenere la risposta giusta e un coupon per lo svapo!<\/strong><\/p>\n<p><img loading=\"lazy\" decoding=\"async\" class=\"size-full wp-image-1978\" src=\"https:\/\/rmvapesale.com\/wp-content\/uploads\/2024\/09\/Disposable-Vape-Wholesale.jpg\" alt=\"Vaporizzatore Usa e Getta Ingrosso\" width=\"229\" height=\"300\" \/><\/p>\n<h3><a href=\"https:\/\/wa.me\/8617776015835\" target=\"_blank\" rel=\"noopener\"><span style=\"color: #ff0000\"><strong>WhatsApp: +86 17776015835<\/strong><\/span><\/a><\/h3>\n<p>&nbsp;<\/p>\n<h2><strong style=\"font-size: 1.7em\">Crystal Vape Uwin 20000 Caratteristiche principali<\/strong><\/h2>\n<h3><\/h3>\n<ul>\n<li><strong>Numero di Puff<\/strong>: Fino a 20.000 per un uso prolungato<\/li>\n<li><strong>Display digitale<\/strong>: Monitoraggio in tempo reale della durata della batteria e dell'utilizzo<\/li>\n<li><strong>Capacit\u00e0 dell'e-liquid<\/strong>: Serbatoio pre-riempito da 22ml per meno ricariche<\/li>\n<li><strong>Mesh Coil<\/strong>: Bobina da 0,8\u03a9 per un sapore ricco e un vapore denso<\/li>\n<li><strong>Batteria ricaricabile<\/strong>: Batteria al cobalto da 650 mAh con ricarica di tipo C<\/li>\n<li><strong>Livelli di Nicotina<\/strong>: Disponibile in 0%, 2%, 3% e 5%<\/li>\n<li><strong>Sapori<\/strong>: 12 deliziose opzioni tra cui scegliere<\/li>\n<li><strong>Flusso d'aria regolabile<\/strong>: Impostazioni personalizzabili per un'esperienza su misura<\/li>\n<li><strong>Design Compatto<\/strong>: Elegante ed ergonomico per portabilit\u00e0 e stile<\/li>\n<\/ul>\n<h2><strong style=\"font-size: 1.7em\">Gusto pi\u00f9 venduto per Uwin 20000 <\/strong><strong style=\"font-size: 1.7em\">Vape di Cristallo<\/strong><\/h2>\n<p>Questa svapata usa e getta disponibile in <strong>12 gusti deliziosi<\/strong>, offre una vasta gamma di opzioni per soddisfare i diversi utenti. Qual \u00e8 il miglior gusto per Uwin Crystal 20000? Trova il gusto pi\u00f9 venduto allegato in base alla nostra data di vendita e alle recensioni dei clienti.<\/p>\n<ol>\n<li>Anguria <span style=\"color: #ff0000\"><strong>&gt;&gt;&gt;&gt; Caldo!<\/strong><\/span><\/li>\n<li>Mango Ghiacciato<\/li>\n<li>Mirtillo Lampone <span style=\"color: #ff0000\"><strong>&gt;&gt;&gt;&gt; Caldo!<\/strong><\/span><\/li>\n<li>Uva Menta<\/li>\n<li>Frutto della Passione<\/li>\n<li>Fragola Kiwi<\/li>\n<li>Doppia Mela<\/li>\n<li>Pesca Ghiacciata<\/li>\n<li>Ananas Cocco<\/li>\n<li>Frutti di Bosco Misti <strong><span style=\"color: #ff0000\">&gt;&gt;&gt;&gt; Il migliore!<\/span><\/strong><\/li>\n<li>Menta Limone <span style=\"color: #ff0000\"><strong>&gt;&gt;&gt;&gt; Caldo!<\/strong><\/span><\/li>\n<li>Schiacciata d'Arancia<\/li>\n<\/ol>\n<figure id=\"attachment_2944\" aria-describedby=\"caption-attachment-2944\" style=\"width: 800px\" class=\"wp-caption alignnone\"><img loading=\"lazy\" decoding=\"async\" class=\"wp-image-2944 size-full\" src=\"https:\/\/rmvapesale.com\/wp-content\/uploads\/2025\/01\/Hookah-Shisha-Uwin-Crystal-20000-Puffs-Disposable-Vape.webp\" alt=\"Narghil\u00e8 Shisha Uwin Crystal 20000 Puffs Sigaretta Elettronica Usa e Getta\" width=\"800\" height=\"800\" srcset=\"https:\/\/rmvapesale.com\/wp-content\/uploads\/2025\/01\/Hookah-Shisha-Uwin-Crystal-20000-Puffs-Disposable-Vape.webp 800w, https:\/\/rmvapesale.com\/wp-content\/uploads\/2025\/01\/Hookah-Shisha-Uwin-Crystal-20000-Puffs-Disposable-Vape-300x300.webp 300w, https:\/\/rmvapesale.com\/wp-content\/uploads\/2025\/01\/Hookah-Shisha-Uwin-Crystal-20000-Puffs-Disposable-Vape-150x150.webp 150w, https:\/\/rmvapesale.com\/wp-content\/uploads\/2025\/01\/Hookah-Shisha-Uwin-Crystal-20000-Puffs-Disposable-Vape-768x768.webp 768w, https:\/\/rmvapesale.com\/wp-content\/uploads\/2025\/01\/Hookah-Shisha-Uwin-Crystal-20000-Puffs-Disposable-Vape-600x600.webp 600w, https:\/\/rmvapesale.com\/wp-content\/uploads\/2025\/01\/Hookah-Shisha-Uwin-Crystal-20000-Puffs-Disposable-Vape-100x100.webp 100w\" sizes=\"auto, (max-width: 800px) 100vw, 800px\" \/><figcaption id=\"caption-attachment-2944\" class=\"wp-caption-text\">Narghil\u00e8 Shisha Uwin Crystal 20000 Puffs Sigaretta Elettronica Usa e Getta<\/figcaption><\/figure>\n<h3><strong>Perch\u00e9 Scegliere Rmvapesale per la Sigaretta Elettronica Crystal Uwin 20000 Puffs\u00a0 <\/strong><strong>V<\/strong><strong>vapo all'ingrosso<\/strong><strong>?<\/strong><\/h3>\n<div class=\"flex-shrink-0 flex flex-col relative items-end\">\n<div class=\"pt-0\">\n<div class=\"gizmo-bot-avatar flex h-8 w-8 items-center justify-center overflow-hidden rounded-full\">\n<p class=\"relative p-1 rounded-sm flex items-center justify-center bg-token-main-surface-primary text-token-text-primary h-8 w-8\">Benvenuto su Rmvapesale, il tuo negozio di fiducia per vaporizzatori usa e getta di alta qualit\u00e0. Con oltre 5 anni di esperienza, ti offriamo marchi popolari di vaporizzatori usa e getta come Al Fakher, <a href=\"https:\/\/rmvapesale.com\/it\/categoria-prodotto\/bang-vapes\/\">Bang Vape<\/a>, Waspe, WGA Vape e<a href=\"https:\/\/rmvapesale.com\/it\/categoria-prodotto\/randm-fumot-vape\/\"> RandM Vape<\/a>La nostra gamma include vaporizzatori usa e getta pi\u00f9 venduti come il <a href=\"https:\/\/rmvapesale.com\/it\/prodotto\/bang-box-35000-puffs-touch-screen-bulk-buy-price-rechargeable-disposable-vapes\/\">Bang Box 35000 Puff<\/a> e opzioni ricche di gusto come l'<a href=\"https:\/\/rmvapesale.com\/it\/prodotto\/bood-pulse-pro-50000-puff-50k-low-nicotine-disposable-vape-wholesale-bulk-buy-price\/\">\u00a0Bood Pulse PRO 50000<\/a>. Ogni prodotto \u00e8 scelto con un focus su qualit\u00e0, valore e variet\u00e0, per assicurarti di trovare la corrispondenza perfetta per le tue esigenze. Scopri un servizio eccezionale e una vasta gamma di prodotti di punta su Rmvapesale.<\/p>\n<p>&nbsp;<\/p>\n<p class=\"relative p-1 rounded-sm flex items-center justify-center bg-token-main-surface-primary text-token-text-primary h-8 w-8\"><b style=\"font-size: 1.5em;font-style: inherit\">FAQ Per la Sigaretta Elettronica Crystal Uwin 20000 <\/b><b style=\"font-size: 1.5em;font-style: inherit\">Vaporizzatore usa e getta ricaricabile<\/b><\/p>\n<h3><\/h3>\n<h4><strong>1. Quanti tiri offre la Crystal Vape Uwin Shisha Hookah 20K?<\/strong><\/h4>\n<p>Il dispositivo fornisce fino a <strong>20.000 tiri<\/strong>, rendendolo un'opzione di lunga durata per un uso prolungato.<\/p>\n<h4><strong>2. Questa sigaretta ha un display digitale?<\/strong><\/h4>\n<p>S\u00ec, \u00e8 dotato di una <strong>display digitale di facile lettura <\/strong>per monitorare la durata della batteria e l'utilizzo senza sforzo.<\/p>\n<h4><strong>3. Posso ricaricare la batteria?<\/strong><\/h4>\n<p>Certamente! Viene fornita con una <strong>batteria ricaricabile da 650 mAh<\/strong> e un <strong>porta di tipo C<\/strong> per una ricarica rapida e conveniente.<\/p>\n<h4><strong>4. Il flusso d'aria \u00e8 regolabile?<\/strong><\/h4>\n<p>S\u00ec, la Uwin Shisha Hookah 20K offre <strong>impostazioni del flusso d'aria personalizzabili<\/strong> per adattarle alle tue preferenze di svapo.<\/p>\n<h4><strong>5. Dove posso acquistare la Crystal Vape Uwin Shisha Hookah 20K a prezzi all'ingrosso?<\/strong><\/h4>\n<p>Puoi trovare questo prodotto ai migliori <strong>imbattibili<\/strong> on <a href=\"https:\/\/rmvapesale.com\/it\/\" target=\"_new\" rel=\"noopener\">nel negozio di vape online Rmvapesale<\/a>. Acquista ora per offerte imbattibili!<\/p>\n<p>&nbsp;<\/p>\n<\/div>\n<\/div>\n<\/div>\n<h3>Informazioni sulla spedizione<\/h3>\n<div class=\"flex-shrink-0 flex flex-col relative items-end\">\n<div>\n<div class=\"pt-0\">\n<div class=\"gizmo-bot-avatar flex h-8 w-8 items-center justify-center overflow-hidden rounded-full\">\n<div><\/div>\n<div class=\"relative p-1 rounded-sm flex items-center justify-center bg-token-main-surface-primary text-token-text-primary h-8 w-8\"><strong>1. Quali metodi di spedizione vengono utilizzati?<\/strong><\/div>\n<\/div>\n<\/div>\n<\/div>\n<\/div>\n<div class=\"group\/conversation-turn relative flex w-full min-w-0 flex-col agent-turn\">\n<div class=\"flex-col gap-1 md:gap-3\">\n<div class=\"flex max-w-full flex-col flex-grow\">\n<div class=\"min-h-[20px] text-message flex w-full flex-col items-end gap-2 whitespace-normal break-words [.text-message+&amp;]:mt-5 overflow-x-auto\" dir=\"auto\" data-message-author-role=\"assistant\" data-message-id=\"22f8283b-3233-46ff-89a5-c7a41b33abda\">\n<div class=\"flex w-full flex-col gap-1 empty:hidden first:pt-[3px]\">\n<div class=\"markdown prose w-full break-words dark:prose-invert light\">\n<p>Collaboriamo con UPS, DHL, FedEx, DPD e altri vettori leader. Selezioneremo il miglior metodo di spedizione in base alla tua posizione di consegna per assicurarti di ricevere i tuoi prodotti il pi\u00f9 rapidamente possibile.<\/p>\n<\/div>\n<p><strong>2. Quanto tempo ci vuole per arrivare?<\/strong><\/p>\n<p>I pacchi spediti in Italia arrivano solitamente entro 12-15 giorni lavorativi. Forniremo aggiornamenti in tempo reale sullo stato della tua spedizione.<\/p>\n<\/div>\n<\/div>\n<\/div>\n<\/div>\n<\/div>\n<p>&nbsp;<\/p>\n<p>Trova altri prodotti da svapo che potrebbero piacerti:<strong><em><a href=\"https:\/\/rmvapesale.com\/it\/shop-2\/\">acquista ora &gt;&gt;&gt;<\/a><\/em><\/strong><\/p>","protected":false},"excerpt":{"rendered":"<p>Uwin Shisha Hookah Crystal 20000 Tiri all'ingrosso<br \/>\nUwin Crystal 20000 Tiri Vape Monouso E Shisha Hookah<br \/>\nMiglior Prezzo all'ingrosso Uwin Shisha Hookah Crystal 20K 20000 Tiri<\/p>\n<p><strong>Contatta Amy per ottenere la risposta giusta e un coupon per lo svapo!<\/strong><\/p>\n<p><img loading=\"lazy\" decoding=\"async\" class=\"size-full wp-image-2375\" src=\"https:\/\/rmvapesale.com\/wp-content\/uploads\/2024\/10\/image.png\" alt=\"Migliore sigaretta elettronica usa e getta\" width=\"229\" height=\"300\" \/><\/p>\n<h3><a href=\"https:\/\/wa.me\/8617776015835\"><span style=\"color: #ff0000\"><strong>WhatsApp: +86 17776015835<\/strong><\/span><\/a><\/h3>\n<p>&nbsp;<\/p>","protected":false},"featured_media":2943,"comment_status":"open","ping_status":"closed","template":"","meta":{"_uag_custom_page_level_css":"","_lmt_disableupdate":"no","_lmt_disable":"","site-sidebar-layout":"default","site-content-layout":"content-boxed-container","ast-site-content-layout":"normal-width-container","site-content-style":"boxed","site-sidebar-style":"unboxed","ast-global-header-display":"","ast-banner-title-visibility":"","ast-main-header-display":"","ast-hfb-above-header-display":"","ast-hfb-below-header-display":"","ast-hfb-mobile-header-display":"","site-post-title":"","ast-breadcrumbs-content":"","ast-featured-img":"","footer-sml-layout":"","ast-disable-related-posts":"","theme-transparent-header-meta":"default","adv-header-id-meta":"","stick-header-meta":"","header-above-stick-meta":"","header-main-stick-meta":"","header-below-stick-meta":"","astra-migrate-meta-layouts":"set","ast-page-background-enabled":"default","ast-page-background-meta":{"desktop":{"background-color":"var(--ast-global-color-4)","background-image":"","background-repeat":"repeat","background-position":"center center","background-size":"auto","background-attachment":"scroll","background-type":"","background-media":"","overlay-type":"","overlay-color":"","overlay-opacity":"","overlay-gradient":""},"tablet":{"background-color":"","background-image":"","background-repeat":"repeat","background-position":"center center","background-size":"auto","background-attachment":"scroll","background-type":"","background-media":"","overlay-type":"","overlay-color":"","overlay-opacity":"","overlay-gradient":""},"mobile":{"background-color":"","background-image":"","background-repeat":"repeat","background-position":"center center","background-size":"auto","background-attachment":"scroll","background-type":"","background-media":"","overlay-type":"","overlay-color":"","overlay-opacity":"","overlay-gradient":""}},"ast-content-background-meta":{"desktop":{"background-color":"var(--ast-global-color-5)","background-image":"","background-repeat":"repeat","background-position":"center center","background-size":"auto","background-attachment":"scroll","background-type":"","background-media":"","overlay-type":"","overlay-color":"","overlay-opacity":"","overlay-gradient":""},"tablet":{"background-color":"var(--ast-global-color-5)","background-image":"","background-repeat":"repeat","background-position":"center center","background-size":"auto","background-attachment":"scroll","background-type":"","background-media":"","overlay-type":"","overlay-color":"","overlay-opacity":"","overlay-gradient":""},"mobile":{"background-color":"var(--ast-global-color-5)","background-image":"","background-repeat":"repeat","background-position":"center center","background-size":"auto","background-attachment":"scroll","background-type":"","background-media":"","overlay-type":"","overlay-color":"","overlay-opacity":"","overlay-gradient":""}},"_joinchat":[]},"product_brand":[],"product_cat":[15,255,60,27,25,123,30,26,28,137,136,135],"product_tag":[146,40,111,103,269,268],"class_list":{"0":"post-2948","1":"product","2":"type-product","3":"status-publish","4":"has-post-thumbnail","6":"product_cat-new-vape-this-week","7":"product_cat-20000-puff-disposable-vape","8":"product_cat-bang-vapes","9":"product_cat-fance-hot-sale-vape","10":"product_cat-germany-best-selling-vape","11":"product_cat-italy-wholesale-vape","12":"product_cat-minimum-order-quantity-50pcs","13":"product_cat-netherlands-hot-sale-vape","14":"product_cat-poland-hot-sale-vape","15":"product_cat-rechargeable-vapes","16":"product_cat-smart-screen-vapes","17":"product_cat-spain-best-hot-sale-vape","18":"product_tag-best-hot-sale-vape","19":"product_tag-hot-sale-vape","20":"product_tag-low-nicotine-disposable-vape","21":"product_tag-shisha-hookah","22":"product_tag-uwin-crystal-20000","23":"product_tag-uwin-shisha-hookah-20k","24":"desktop-align-left","25":"tablet-align-left","26":"mobile-align-left","28":"first","29":"instock","30":"sale","31":"shipping-taxable","32":"purchasable","33":"product-type-simple"},"uagb_featured_image_src":{"full":["https:\/\/rmvapesale.com\/wp-content\/uploads\/2025\/01\/Hookah-Shisha-Uwin-Crystal-20000-Puffs-Disposable-Vape-Bulk-Buy.webp",800,800,false],"thumbnail":["https:\/\/rmvapesale.com\/wp-content\/uploads\/2025\/01\/Hookah-Shisha-Uwin-Crystal-20000-Puffs-Disposable-Vape-Bulk-Buy-150x150.webp",150,150,true],"medium":["https:\/\/rmvapesale.com\/wp-content\/uploads\/2025\/01\/Hookah-Shisha-Uwin-Crystal-20000-Puffs-Disposable-Vape-Bulk-Buy-300x300.webp",300,300,true],"medium_large":["https:\/\/rmvapesale.com\/wp-content\/uploads\/2025\/01\/Hookah-Shisha-Uwin-Crystal-20000-Puffs-Disposable-Vape-Bulk-Buy-768x768.webp",768,768,true],"large":["https:\/\/rmvapesale.com\/wp-content\/uploads\/2025\/01\/Hookah-Shisha-Uwin-Crystal-20000-Puffs-Disposable-Vape-Bulk-Buy.webp",800,800,false],"1536x1536":["https:\/\/rmvapesale.com\/wp-content\/uploads\/2025\/01\/Hookah-Shisha-Uwin-Crystal-20000-Puffs-Disposable-Vape-Bulk-Buy.webp",800,800,false],"2048x2048":["https:\/\/rmvapesale.com\/wp-content\/uploads\/2025\/01\/Hookah-Shisha-Uwin-Crystal-20000-Puffs-Disposable-Vape-Bulk-Buy.webp",800,800,false],"trp-custom-language-flag":["https:\/\/rmvapesale.com\/wp-content\/uploads\/2025\/01\/Hookah-Shisha-Uwin-Crystal-20000-Puffs-Disposable-Vape-Bulk-Buy.webp",12,12,false],"woocommerce_thumbnail":["https:\/\/rmvapesale.com\/wp-content\/uploads\/2025\/01\/Hookah-Shisha-Uwin-Crystal-20000-Puffs-Disposable-Vape-Bulk-Buy-300x300.webp",300,300,true],"woocommerce_single":["https:\/\/rmvapesale.com\/wp-content\/uploads\/2025\/01\/Hookah-Shisha-Uwin-Crystal-20000-Puffs-Disposable-Vape-Bulk-Buy-600x600.webp",600,600,true],"woocommerce_gallery_thumbnail":["https:\/\/rmvapesale.com\/wp-content\/uploads\/2025\/01\/Hookah-Shisha-Uwin-Crystal-20000-Puffs-Disposable-Vape-Bulk-Buy-100x100.webp",100,100,true],"wcpr-photo-reviews":["https:\/\/rmvapesale.com\/wp-content\/uploads\/2025\/01\/Hookah-Shisha-Uwin-Crystal-20000-Puffs-Disposable-Vape-Bulk-Buy.webp",500,500,false]},"uagb_author_info":{"display_name":"AMY","author_link":"https:\/\/rmvapesale.com\/it\/author\/"},"uagb_comment_info":0,"uagb_excerpt":"Uwin Shisha Hookah Crystal 20000 Puff Bulk Uwin Crystal 20000 Puffs Disposable Vape E Shisha Hookah Best Wholesale Price Uwin Shisha Hookah Crystal 20K 20000 Puffs Contact Amy to get right reply and vape coupon! WhatsApp: +86 17776015835 &nbsp;","_links":{"self":[{"href":"https:\/\/rmvapesale.com\/it\/wp-json\/wp\/v2\/product\/2948","targetHints":{"allow":["GET"]}}],"collection":[{"href":"https:\/\/rmvapesale.com\/it\/wp-json\/wp\/v2\/product"}],"about":[{"href":"https:\/\/rmvapesale.com\/it\/wp-json\/wp\/v2\/types\/product"}],"replies":[{"embeddable":true,"href":"https:\/\/rmvapesale.com\/it\/wp-json\/wp\/v2\/comments?post=2948"}],"wp:featuredmedia":[{"embeddable":true,"href":"https:\/\/rmvapesale.com\/it\/wp-json\/wp\/v2\/media\/2943"}],"wp:attachment":[{"href":"https:\/\/rmvapesale.com\/it\/wp-json\/wp\/v2\/media?parent=2948"}],"wp:term":[{"taxonomy":"product_brand","embeddable":true,"href":"https:\/\/rmvapesale.com\/it\/wp-json\/wp\/v2\/product_brand?post=2948"},{"taxonomy":"product_cat","embeddable":true,"href":"https:\/\/rmvapesale.com\/it\/wp-json\/wp\/v2\/product_cat?post=2948"},{"taxonomy":"product_tag","embeddable":true,"href":"https:\/\/rmvapesale.com\/it\/wp-json\/wp\/v2\/product_tag?post=2948"}],"curies":[{"name":"wp","href":"https:\/\/api.w.org\/{rel}","templated":true}]}}