{"id":2955,"date":"2025-01-13T06:29:57","date_gmt":"2025-01-13T06:29:57","guid":{"rendered":"https:\/\/rmvapesale.com\/?post_type=product&#038;p=2955"},"modified":"2025-01-13T07:21:49","modified_gmt":"2025-01-13T07:21:49","slug":"bangking-35000-puffs-double-flavour-disposable-vape-wholesale-cheap-price","status":"publish","type":"product","link":"https:\/\/rmvapesale.com\/it\/prodotto\/bangking-35000-puffs-double-flavour-disposable-vape-wholesale-cheap-price\/","title":{"rendered":"Bangking 35000 Puff Vape usa e getta a doppio gusto Prezzo all'ingrosso economico"},"content":{"rendered":"<div class=\"B2VR9 CJHX3e\">\n<div class=\"wyccme\">\n<div class=\"flex-shrink-0 flex flex-col relative items-end\">\n<div class=\"pt-0\">\n<div class=\"gizmo-bot-avatar flex h-8 w-8 items-center justify-center overflow-hidden rounded-full\">\n<div class=\"relative p-1 rounded-sm flex items-center justify-center bg-token-main-surface-primary text-token-text-primary h-8 w-8\">\n<div class=\"flex-shrink-0 flex flex-col relative items-end\">\n<div class=\"pt-0\">\n<div class=\"gizmo-bot-avatar flex h-8 w-8 items-center justify-center overflow-hidden rounded-full\">\n<h1 class=\"relative p-1 rounded-sm flex items-center justify-center bg-token-main-surface-primary text-token-text-primary h-8 w-8\">Bangking 35000 Puff Vape usa e getta a doppio gusto Prezzo all'ingrosso economico<\/h1>\n<\/div>\n<\/div>\n<\/div>\n<\/div>\n<\/div>\n<\/div>\n<\/div>\n<div class=\"group\/conversation-turn relative flex w-full min-w-0 flex-col agent-turn\">\n<div class=\"flex-col gap-1 md:gap-3\">\n<div class=\"flex max-w-full flex-col flex-grow\">\n<div class=\"min-h-8 text-message flex w-full flex-col items-end gap-2 whitespace-normal break-words text-start [.text-message+&amp;]:mt-5\" dir=\"auto\" data-message-author-role=\"assistant\" data-message-id=\"80ece0c4-ead1-4ed9-a9f0-ddc22582b4f4\" data-message-model-slug=\"gpt-4o\">\n<p>cURL Too many subrequests. <strong>cURL Too many subrequests.<\/strong>cURL Too many subrequests. <strong>cURL Too many subrequests.<\/strong>, <strong>cURL Too many subrequests.<\/strong>e <strong>cURL Too many subrequests.<\/strong>cURL Too many subrequests.<\/p>\n<h2><strong>cURL Too many subrequests.<\/strong><\/h2>\n<ul>\n<li><strong>cURL Too many subrequests.<\/strong><br \/>\ncURL Too many subrequests. <strong>cURL Too many subrequests.<\/strong>cURL Too many subrequests.<\/li>\n<li><strong>cURL Too many subrequests.<\/strong><br \/>\nCon <strong>35.000 tiri<\/strong>cURL Too many subrequests.<\/li>\n<li><strong>cURL Too many subrequests.<\/strong><br \/>\ncURL Too many subrequests. <strong>Batteria da 650 mAh<\/strong> e <strong>porta di ricarica Type-C<\/strong> cURL Too many subrequests.<\/li>\n<li><strong>cURL Too many subrequests.<\/strong><br \/>\ncURL Too many subrequests. <strong>cURL Too many subrequests.<\/strong>cURL Too many subrequests.<\/li>\n<li><strong>cURL Too many subrequests.<\/strong><br \/>\ncURL Too many subrequests. <strong>cURL Too many subrequests.<\/strong> cURL Too many subrequests.<\/li>\n<\/ul>\n<\/div>\n<\/div>\n<\/div>\n<\/div>\n<div class=\"flex-shrink-0 flex flex-col relative items-end\">\n<div class=\"pt-0\">\n<div class=\"gizmo-bot-avatar flex h-8 w-8 items-center justify-center overflow-hidden rounded-full\">\n<p>&nbsp;<\/p>\n<\/div>\n<\/div>\n<\/div>\n<\/div>\n<\/div>\n<p><strong>Contatta Amy per ottenere la risposta giusta e un coupon per lo svapo!<\/strong><\/p>\n<p><img loading=\"lazy\" decoding=\"async\" class=\"size-full wp-image-1978\" src=\"https:\/\/rmvapesale.com\/wp-content\/uploads\/2024\/09\/Disposable-Vape-Wholesale.jpg\" alt=\"Vaporizzatore Usa e Getta Ingrosso\" width=\"229\" height=\"300\" \/><\/p>\n<h3><a href=\"https:\/\/wa.me\/8617776015835\" target=\"_blank\" rel=\"noopener\"><span style=\"color: #ff0000\"><strong>WhatsApp: +86 17776015835<\/strong><\/span><\/a><\/h3>\n<p>&nbsp;<\/p>\n<h3><strong style=\"font-size: 1.7em\">cURL Too many subrequests.<\/strong><\/h3>\n<ul>\n<li><strong>cURL Too many subrequests.<\/strong> cURL Too many subrequests.<\/li>\n<li><strong>35.000 Tiri:<\/strong> cURL Too many subrequests.<\/li>\n<li><strong>cURL Too many subrequests.<\/strong> cURL Too many subrequests.<\/li>\n<li><strong>Batteria Ricaricabile:<\/strong> cURL Too many subrequests.<\/li>\n<li><strong>cURL Too many subrequests.<\/strong> cURL Too many subrequests.<\/li>\n<\/ul>\n<h3><strong style=\"font-size: 1.7em\">cURL Too many subrequests.<\/strong><strong style=\"font-size: 1.7em\">\u00a0Sigaretta elettronica<\/strong><\/h3>\n<p>La <strong>cURL Too many subrequests.<\/strong> cURL Too many subrequests. <strong>cURL Too many subrequests. <\/strong><strong>cURL Too many subrequests.<\/strong>cURL Too many subrequests. <strong>cURL Too many subrequests.<\/strong>cURL Too many subrequests. <strong>cURL Too many subrequests.<\/strong> e <strong>cURL Too many subrequests.<\/strong> cURL Too many subrequests.<\/p>\n<p>cURL Too many subrequests.<br \/>\ncURL Too many subrequests. <span style=\"color: #ff0000\"><strong>&gt;&gt;&gt;&gt; Caldo!<\/strong><\/span><br \/>\ncURL Too many subrequests.<br \/>\ncURL Too many subrequests.<br \/>\ncURL Too many subrequests.<span style=\"color: #ff0000\"><strong>&gt;&gt;&gt;&gt; Caldo!<\/strong><\/span><br \/>\n6.Peach Mango + Strawberry Mango<br \/>\n7.Mango Lime + Cool Mint<br \/>\n8.Cherry Pop + Mr Blue<br \/>\n9.Black Dragon Ice + Strawberry Kiwi<br \/>\n10.Red Bull + Peach Berry <span style=\"color: #ff0000\"><strong>&gt;&gt;&gt;&gt; Il migliore!<\/strong><\/span><br \/>\n11.Pink Lemon + Mr Blue<br \/>\n12.Kiwi Passion Fruit Guava + Blue Cherry Lemon<\/p>\n<p>&nbsp;<\/p>\n<h3><strong>Why Choose Rmvapesale for Bangking 35000 Puffs Puff\u00a0 <\/strong><strong>V<\/strong><strong>vapo all'ingrosso<\/strong><strong>?<\/strong><\/h3>\n<div class=\"flex-shrink-0 flex flex-col relative items-end\">\n<div class=\"pt-0\">\n<div class=\"gizmo-bot-avatar flex h-8 w-8 items-center justify-center overflow-hidden rounded-full\">\n<p>Con l'intensificarsi della concorrenza nel mercato delle sigarette elettroniche usa e getta, Rmvapesale, leader mondiale nelle soluzioni all'ingrosso per il vaping usa e getta, ha lanciato il Bangking 35000 Puffs Vape Monouso a Doppio Gusto. Questo prodotto innovativo attira l'attenzione con il suo design unico ed elegante. Con una vasta gamma di opzioni di gusto alla frutta, si rivolge a un'ampia variet\u00e0 di gusti dei consumatori, enfatizzando l'innovazione e la versatilit\u00e0.<\/p>\n<p class=\"relative p-1 rounded-sm flex items-center justify-center bg-token-main-surface-primary text-token-text-primary h-8 w-8\">Rmvapesale \u00e8 il tuo negozio di vaporizzatori di fiducia per vaporizzatori usa e getta premium. Con oltre 5 anni di esperienza, ti offriamo marchi popolari di vaporizzatori usa e getta come Al Fakher, JNR Vape, Vapsolo Vape, Vapme Vape, <a href=\"https:\/\/rmvapesale.com\/it\/categoria-prodotto\/bang-vapes\/\">Bang Vape<\/a>, Waspe Vape, WGA Vape e<a href=\"https:\/\/rmvapesale.com\/it\/categoria-prodotto\/randm-fumot-vape\/\"> RandM Vape<\/a>La nostra gamma include vaporizzatori usa e getta pi\u00f9 venduti come il <a href=\"https:\/\/rmvapesale.com\/it\/prodotto\/aivono-aim-flash-35000-puffs-curved-smart-screen-disposable-vape-wholesale\/\">AIVONO Flash 35000 Puffs<\/a> e opzioni ricche di gusto come l'<a href=\"https:\/\/rmvapesale.com\/it\/prodotto\/crystal-vape-uwin-shisha-hookah-20k-20000-puffs-wholesale-best-price\/\"> UWIN Shisha Hoohak 20000<\/a>. Ogni prodotto \u00e8 scelto con un focus su qualit\u00e0, valore e variet\u00e0, per assicurarti di trovare la corrispondenza perfetta per le tue esigenze. Scopri un servizio eccezionale e una vasta gamma di prodotti di punta su Rmvapesale.<\/p>\n<p>&nbsp;<\/p>\n<p class=\"relative p-1 rounded-sm flex items-center justify-center bg-token-main-surface-primary text-token-text-primary h-8 w-8\"><b style=\"font-size: 1.5em;font-style: inherit\">FAQS For Bangking 35000 Puffs <\/b><b style=\"font-size: 1.5em;font-style: inherit\">Vaporizzatore usa e getta ricaricabile<\/b><\/p>\n<ol>\n<li><strong>Can you take disposable vapes on an airplane?<\/strong><br \/>\nYes! Pack your vape in your carry-on bag. Just make sure to check airline rules.<\/li>\n<li><strong>How to switch between flavors?<\/strong><br \/>\nThere\u2019s a simple toggle on the device\u2014flip it, and boom, new flavor!<\/li>\n<li><strong>How to know when the Bang King 35000 vape is empty?<\/strong><br \/>\nYou\u2019ll notice less vapor or flavor. If one pod runs out, switch to the second flavor!<\/li>\n<li><strong>How to charge the Bang king 35K?<\/strong><br \/>\nUse the included <strong>Type-C cable<\/strong> to recharge the 650mAh battery. It\u2019s quick and easy!<\/li>\n<li><strong>Where to buy disposable vapes at wholesale cheap price?<\/strong><br \/>\ncURL Too many subrequests.<strong>\u00a0negozio di vape online<\/strong> cURL Too many subrequests.<\/li>\n<li><strong>cURL Too many subrequests.<\/strong><br \/>\ncURL Too many subrequests.<strong>cURL Too many subrequests.<\/strong>cURL Too many subrequests.<\/li>\n<\/ol>\n<\/div>\n<\/div>\n<\/div>\n<h3>Informazioni sulla spedizione<\/h3>\n<div class=\"flex-shrink-0 flex flex-col relative items-end\">\n<div>\n<div class=\"pt-0\">\n<div class=\"gizmo-bot-avatar flex h-8 w-8 items-center justify-center overflow-hidden rounded-full\">\n<div><\/div>\n<div class=\"relative p-1 rounded-sm flex items-center justify-center bg-token-main-surface-primary text-token-text-primary h-8 w-8\"><strong>1. Quali metodi di spedizione vengono utilizzati?<\/strong><\/div>\n<\/div>\n<\/div>\n<\/div>\n<\/div>\n<div class=\"group\/conversation-turn relative flex w-full min-w-0 flex-col agent-turn\">\n<div class=\"flex-col gap-1 md:gap-3\">\n<div class=\"flex max-w-full flex-col flex-grow\">\n<div class=\"min-h-[20px] text-message flex w-full flex-col items-end gap-2 whitespace-normal break-words [.text-message+&amp;]:mt-5 overflow-x-auto\" dir=\"auto\" data-message-author-role=\"assistant\" data-message-id=\"22f8283b-3233-46ff-89a5-c7a41b33abda\">\n<div class=\"flex w-full flex-col gap-1 empty:hidden first:pt-[3px]\">\n<div class=\"markdown prose w-full break-words dark:prose-invert light\">\n<p>Collaboriamo con UPS, DHL, FedEx, DPD e altri vettori leader. Selezioneremo il miglior metodo di spedizione in base alla tua posizione di consegna per assicurarti di ricevere i tuoi prodotti il pi\u00f9 rapidamente possibile.<\/p>\n<\/div>\n<p><strong>2. Quanto tempo ci vuole per arrivare?<\/strong><\/p>\n<p>I pacchi spediti in Italia arrivano solitamente entro 12-15 giorni lavorativi. Forniremo aggiornamenti in tempo reale sullo stato della tua spedizione.<\/p>\n<\/div>\n<\/div>\n<\/div>\n<\/div>\n<\/div>\n<p>&nbsp;<\/p>\n<p>Trova altri prodotti da svapo che potrebbero piacerti:<strong><em><a href=\"https:\/\/rmvapesale.com\/it\/shop-2\/\">acquista ora &gt;&gt;&gt;<\/a><\/em><\/strong><\/p>","protected":false},"excerpt":{"rendered":"<p>Ultimo Bang King 35K Puff Ricaricabile Vape Usa e Getta<br \/>\nBang King 35000 Vape Usa e Getta a Doppio Gusto Acquisto all'Ingrosso<br \/>\nBang King 35000 Puff Schermo Intelligente Vape Usa e Getta all'Ingrosso<\/p>\n<p><strong>Contatta Amy per ottenere la risposta giusta e un coupon per lo svapo!<\/strong><\/p>\n<p><img loading=\"lazy\" decoding=\"async\" class=\"size-full wp-image-2375\" src=\"https:\/\/rmvapesale.com\/wp-content\/uploads\/2024\/10\/image.png\" alt=\"Migliore sigaretta elettronica usa e getta\" width=\"229\" height=\"300\" \/><\/p>\n<h3><a href=\"https:\/\/wa.me\/8617776015835\"><span style=\"color: #ff0000\"><strong>WhatsApp: +86 17776015835<\/strong><\/span><\/a><\/h3>\n<p>&nbsp;<\/p>","protected":false},"featured_media":2952,"comment_status":"open","ping_status":"closed","template":"","meta":{"_uag_custom_page_level_css":"","_lmt_disableupdate":"no","_lmt_disable":"","site-sidebar-layout":"default","site-content-layout":"content-boxed-container","ast-site-content-layout":"normal-width-container","site-content-style":"boxed","site-sidebar-style":"unboxed","ast-global-header-display":"","ast-banner-title-visibility":"","ast-main-header-display":"","ast-hfb-above-header-display":"","ast-hfb-below-header-display":"","ast-hfb-mobile-header-display":"","site-post-title":"","ast-breadcrumbs-content":"","ast-featured-img":"","footer-sml-layout":"","theme-transparent-header-meta":"default","adv-header-id-meta":"","stick-header-meta":"","header-above-stick-meta":"","header-main-stick-meta":"","header-below-stick-meta":"","astra-migrate-meta-layouts":"set","ast-page-background-enabled":"default","ast-page-background-meta":{"desktop":{"background-color":"var(--ast-global-color-4)","background-image":"","background-repeat":"repeat","background-position":"center center","background-size":"auto","background-attachment":"scroll","background-type":"","background-media":"","overlay-type":"","overlay-color":"","overlay-opacity":"","overlay-gradient":""},"tablet":{"background-color":"","background-image":"","background-repeat":"repeat","background-position":"center center","background-size":"auto","background-attachment":"scroll","background-type":"","background-media":"","overlay-type":"","overlay-color":"","overlay-opacity":"","overlay-gradient":""},"mobile":{"background-color":"","background-image":"","background-repeat":"repeat","background-position":"center center","background-size":"auto","background-attachment":"scroll","background-type":"","background-media":"","overlay-type":"","overlay-color":"","overlay-opacity":"","overlay-gradient":""}},"ast-content-background-meta":{"desktop":{"background-color":"var(--ast-global-color-5)","background-image":"","background-repeat":"repeat","background-position":"center center","background-size":"auto","background-attachment":"scroll","background-type":"","background-media":"","overlay-type":"","overlay-color":"","overlay-opacity":"","overlay-gradient":""},"tablet":{"background-color":"var(--ast-global-color-5)","background-image":"","background-repeat":"repeat","background-position":"center center","background-size":"auto","background-attachment":"scroll","background-type":"","background-media":"","overlay-type":"","overlay-color":"","overlay-opacity":"","overlay-gradient":""},"mobile":{"background-color":"var(--ast-global-color-5)","background-image":"","background-repeat":"repeat","background-position":"center center","background-size":"auto","background-attachment":"scroll","background-type":"","background-media":"","overlay-type":"","overlay-color":"","overlay-opacity":"","overlay-gradient":""}},"_joinchat":[]},"product_brand":[],"product_cat":[15,246,25,123,26,28,135,27,60,137,136,30],"product_tag":[199,270,146,222,64,40,111],"class_list":{"0":"post-2955","1":"product","2":"type-product","3":"status-publish","4":"has-post-thumbnail","6":"product_cat-new-vape-this-week","7":"product_cat-35000-puffs-disposable-vape","8":"product_cat-germany-best-selling-vape","9":"product_cat-italy-wholesale-vape","10":"product_cat-netherlands-hot-sale-vape","11":"product_cat-poland-hot-sale-vape","12":"product_cat-spain-best-hot-sale-vape","13":"product_cat-fance-hot-sale-vape","14":"product_cat-bang-vapes","15":"product_cat-rechargeable-vapes","16":"product_cat-smart-screen-vapes","17":"product_cat-minimum-order-quantity-50pcs","18":"product_tag-bang-vape","19":"product_tag-bangking-35000-puffs","20":"product_tag-best-hot-sale-vape","21":"product_tag-double-flavor-vape","22":"product_tag-dual-flavour-vape","23":"product_tag-hot-sale-vape","24":"product_tag-low-nicotine-disposable-vape","25":"desktop-align-left","26":"tablet-align-left","27":"mobile-align-left","29":"first","30":"instock","31":"sale","32":"shipping-taxable","33":"purchasable","34":"product-type-simple"},"uagb_featured_image_src":{"full":["https:\/\/rmvapesale.com\/wp-content\/uploads\/2025\/01\/Bang-Swich-Duo-Disposable-Vape-36000.webp",800,800,false],"thumbnail":["https:\/\/rmvapesale.com\/wp-content\/uploads\/2025\/01\/Bang-Swich-Duo-Disposable-Vape-36000-150x150.webp",150,150,true],"medium":["https:\/\/rmvapesale.com\/wp-content\/uploads\/2025\/01\/Bang-Swich-Duo-Disposable-Vape-36000-300x300.webp",300,300,true],"medium_large":["https:\/\/rmvapesale.com\/wp-content\/uploads\/2025\/01\/Bang-Swich-Duo-Disposable-Vape-36000-768x768.webp",768,768,true],"large":["https:\/\/rmvapesale.com\/wp-content\/uploads\/2025\/01\/Bang-Swich-Duo-Disposable-Vape-36000.webp",800,800,false],"1536x1536":["https:\/\/rmvapesale.com\/wp-content\/uploads\/2025\/01\/Bang-Swich-Duo-Disposable-Vape-36000.webp",800,800,false],"2048x2048":["https:\/\/rmvapesale.com\/wp-content\/uploads\/2025\/01\/Bang-Swich-Duo-Disposable-Vape-36000.webp",800,800,false],"trp-custom-language-flag":["https:\/\/rmvapesale.com\/wp-content\/uploads\/2025\/01\/Bang-Swich-Duo-Disposable-Vape-36000.webp",12,12,false],"woocommerce_thumbnail":["https:\/\/rmvapesale.com\/wp-content\/uploads\/2025\/01\/Bang-Swich-Duo-Disposable-Vape-36000-300x300.webp",300,300,true],"woocommerce_single":["https:\/\/rmvapesale.com\/wp-content\/uploads\/2025\/01\/Bang-Swich-Duo-Disposable-Vape-36000-600x600.webp",600,600,true],"woocommerce_gallery_thumbnail":["https:\/\/rmvapesale.com\/wp-content\/uploads\/2025\/01\/Bang-Swich-Duo-Disposable-Vape-36000-100x100.webp",100,100,true],"wcpr-photo-reviews":["https:\/\/rmvapesale.com\/wp-content\/uploads\/2025\/01\/Bang-Swich-Duo-Disposable-Vape-36000.webp",500,500,false]},"uagb_author_info":{"display_name":"AMY","author_link":"https:\/\/rmvapesale.com\/it\/author\/"},"uagb_comment_info":0,"uagb_excerpt":"Latest Bang King 35K Puff Rechargeable Disposable Vape Bang King 35000 Dual Flavors Disposable Vape Bulk Buy Bang King 35000 Puffs Smart Screen Wholesale Disposable Contact Amy to get right reply and vape coupon! WhatsApp: +86 17776015835 &nbsp;","_links":{"self":[{"href":"https:\/\/rmvapesale.com\/it\/wp-json\/wp\/v2\/product\/2955","targetHints":{"allow":["GET"]}}],"collection":[{"href":"https:\/\/rmvapesale.com\/it\/wp-json\/wp\/v2\/product"}],"about":[{"href":"https:\/\/rmvapesale.com\/it\/wp-json\/wp\/v2\/types\/product"}],"replies":[{"embeddable":true,"href":"https:\/\/rmvapesale.com\/it\/wp-json\/wp\/v2\/comments?post=2955"}],"wp:featuredmedia":[{"embeddable":true,"href":"https:\/\/rmvapesale.com\/it\/wp-json\/wp\/v2\/media\/2952"}],"wp:attachment":[{"href":"https:\/\/rmvapesale.com\/it\/wp-json\/wp\/v2\/media?parent=2955"}],"wp:term":[{"taxonomy":"product_brand","embeddable":true,"href":"https:\/\/rmvapesale.com\/it\/wp-json\/wp\/v2\/product_brand?post=2955"},{"taxonomy":"product_cat","embeddable":true,"href":"https:\/\/rmvapesale.com\/it\/wp-json\/wp\/v2\/product_cat?post=2955"},{"taxonomy":"product_tag","embeddable":true,"href":"https:\/\/rmvapesale.com\/it\/wp-json\/wp\/v2\/product_tag?post=2955"}],"curies":[{"name":"wp","href":"https:\/\/api.w.org\/{rel}","templated":true}]}}