{"id":2976,"date":"2025-01-22T07:46:21","date_gmt":"2025-01-22T07:46:21","guid":{"rendered":"https:\/\/rmvapesale.com\/?post_type=product&#038;p=2976"},"modified":"2025-01-22T08:11:09","modified_gmt":"2025-01-22T08:11:09","slug":"waspe-crystal-40000-puffs-double-flavor-led-display-disposable-vape-bulk-buy","status":"publish","type":"product","link":"https:\/\/rmvapesale.com\/it\/prodotto\/waspe-crystal-40000-puffs-double-flavor-led-display-disposable-vape-bulk-buy\/","title":{"rendered":"WASPE Crystal 40000 Puffs Doppio Aroma Display LED Sigaretta Elettronica Usa e Getta Acquisto all'ingrosso"},"content":{"rendered":"<div class=\"B2VR9 CJHX3e\">\n<div class=\"wyccme\">\n<div class=\"flex-shrink-0 flex flex-col relative items-end\">\n<div class=\"pt-0\">\n<div class=\"gizmo-bot-avatar flex h-8 w-8 items-center justify-center overflow-hidden rounded-full\">\n<div class=\"relative p-1 rounded-sm flex items-center justify-center bg-token-main-surface-primary text-token-text-primary h-8 w-8\">\n<div class=\"flex-shrink-0 flex flex-col relative items-end\">\n<div class=\"pt-0\">\n<div class=\"gizmo-bot-avatar flex h-8 w-8 items-center justify-center overflow-hidden rounded-full\">\n<h1 class=\"relative p-1 rounded-sm flex items-center justify-center bg-token-main-surface-primary text-token-text-primary h-8 w-8\">WASPE Crystal 40000 Puffs Doppio Aroma Display LED Sigaretta Elettronica Usa e Getta Acquisto all'ingrosso<\/h1>\n<\/div>\n<\/div>\n<\/div>\n<\/div>\n<\/div>\n<\/div>\n<\/div>\n<div class=\"group\/conversation-turn relative flex w-full min-w-0 flex-col agent-turn\">\n<div class=\"flex-col gap-1 md:gap-3\">\n<div class=\"flex max-w-full flex-col flex-grow\">\n<div class=\"min-h-8 text-message flex w-full flex-col items-end gap-2 whitespace-normal break-words text-start [.text-message+&amp;]:mt-5\" dir=\"auto\" data-message-author-role=\"assistant\" data-message-id=\"80ece0c4-ead1-4ed9-a9f0-ddc22582b4f4\" data-message-model-slug=\"gpt-4o\">\n<p>La <strong>WASPE Crystal 40000 Puffs Doppio Gusto Vape Monouso<\/strong> \u00e8 progettato per i vapers che desiderano prestazioni di lunga durata con l'ulteriore vantaggio di una <strong>display a LED<\/strong> e <strong>convenienza dell'acquisto all'ingrosso<\/strong>. Che tu sia un utente occasionale o un'azienda in cerca di opportunit\u00e0 all'ingrosso, questo <strong>marchio leader di vaporizzatori usa e getta<\/strong> offre qualit\u00e0, convenienza e rapporto costo-efficacia.<\/p>\n<p>Con un'enorme <strong>40.000 puff<\/strong>, questo dispositivo elimina la necessit\u00e0 di sostituzioni frequenti. L'esclusiva funzione <strong>doppio gusto<\/strong> consente agli utenti di passare facilmente da un sapore all'altro, offrendo variet\u00e0 e soddisfazione ad ogni tiro.<\/p>\n<p>A <strong>schermo LED chiaro<\/strong> mostra sia la durata della batteria che i livelli di e-liquid, offrendoti il pieno controllo sulla tua esperienza di svapo. La funzione <strong>flusso d'aria regolabile<\/strong> regolabile<\/p>\n<p>ti permette di personalizzare la tua aspirazione, sia che tu preferisca un'inalazione morbida e ariosa o un tiro pi\u00f9 stretto. <strong>32 ml di e-liquid premium<\/strong>, questo vaporizzatore offre un'esperienza di lunga durata senza il fastidio di doverlo ricaricare. Disponibile in <strong>concentrazioni di nicotina dello 0%, 2% e 5%<\/strong>, \u00e8 adatto a un'ampia gamma di vaper, da coloro che preferiscono opzioni senza nicotina a chi desidera un'esperienza pi\u00f9 intensa.<\/p>\n<p>La <strong>batteria ricaricabile da 850mAh<\/strong> integrata supporta la ricarica rapida tramite Type-C, rendendo semplice mantenere il tuo dispositivo carico. Con il suo design leggero e portatile, \u00e8 il compagno perfetto per svapare in movimento. Inoltre, le <strong>opzioni di acquisto all'ingrosso<\/strong> lo rendono una scelta eccellente per rivenditori e grossisti alla ricerca di vaporizzatori usa e getta convenienti.<\/p>\n<\/div>\n<\/div>\n<\/div>\n<\/div>\n<div class=\"flex-shrink-0 flex flex-col relative items-end\">\n<div class=\"pt-0\">\n<div class=\"gizmo-bot-avatar flex h-8 w-8 items-center justify-center overflow-hidden rounded-full\">\n<p>&nbsp;<\/p>\n<\/div>\n<\/div>\n<\/div>\n<\/div>\n<\/div>\n<p><strong>Contatta Amy per ottenere la risposta giusta e un coupon per lo svapo!<\/strong><\/p>\n<p><img loading=\"lazy\" decoding=\"async\" class=\"size-full wp-image-1978\" src=\"https:\/\/rmvapesale.com\/wp-content\/uploads\/2024\/09\/Disposable-Vape-Wholesale.jpg\" alt=\"Vaporizzatore Usa e Getta Ingrosso\" width=\"229\" height=\"300\" \/><\/p>\n<h3><a href=\"https:\/\/wa.me\/8617776015835\" target=\"_blank\" rel=\"noopener\"><span style=\"color: #ff0000\"><strong>WhatsApp: +86 17776015835<\/strong><\/span><\/a><\/h3>\n<p>&nbsp;<\/p>\n<h3><strong style=\"font-size: 1.7em\">Caratteristiche principali del prodotto WASPE Crystal 40000 Puffs<\/strong><\/h3>\n<ol>\n<li><strong>Tiri<\/strong>: 40000<\/li>\n<li><strong>Doppi gusti<\/strong>: 20000 tiri + 20000 tiri = 40000 tiri<\/li>\n<li><strong>Gradazione di Nicotina<\/strong>: 0% \/ 2% \/ 3% \/ 5%<\/li>\n<li><strong>Capacit\u00e0 pre-riempita<\/strong>: 32 ml<\/li>\n<li><strong>Capacit\u00e0 della batteria<\/strong>: 850 mAh<\/li>\n<li><strong>Porta di ricarica<\/strong>: USB Type-C<\/li>\n<li><strong>Funzionamento<\/strong>: Attivazione con l'inalazione<\/li>\n<li><strong>0.9ohm Dual Mesh Coil<\/strong><\/li>\n<li><strong>Schermo a LED<\/strong><\/li>\n<li><strong>Indicatore del livello della batteria<\/strong><\/li>\n<li><strong>Indicatore del livello dell'e-liquid<\/strong><\/li>\n<\/ol>\n<p><img loading=\"lazy\" decoding=\"async\" class=\"wp-image-2965 size-full\" src=\"https:\/\/rmvapesale.com\/wp-content\/uploads\/2025\/01\/WASPE-40000-Puffs-Crystal-Disposable-Vape.webp\" alt=\"WASPE 40000 Puffs Crystal Disposable Vape\" width=\"1000\" height=\"1000\" srcset=\"https:\/\/rmvapesale.com\/wp-content\/uploads\/2025\/01\/WASPE-40000-Puffs-Crystal-Disposable-Vape.webp 1000w, https:\/\/rmvapesale.com\/wp-content\/uploads\/2025\/01\/WASPE-40000-Puffs-Crystal-Disposable-Vape-300x300.webp 300w, https:\/\/rmvapesale.com\/wp-content\/uploads\/2025\/01\/WASPE-40000-Puffs-Crystal-Disposable-Vape-150x150.webp 150w, https:\/\/rmvapesale.com\/wp-content\/uploads\/2025\/01\/WASPE-40000-Puffs-Crystal-Disposable-Vape-768x768.webp 768w, https:\/\/rmvapesale.com\/wp-content\/uploads\/2025\/01\/WASPE-40000-Puffs-Crystal-Disposable-Vape-600x600.webp 600w, https:\/\/rmvapesale.com\/wp-content\/uploads\/2025\/01\/WASPE-40000-Puffs-Crystal-Disposable-Vape-100x100.webp 100w\" sizes=\"auto, (max-width: 1000px) 100vw, 1000px\" \/><\/p>\n<h3><strong style=\"font-size: 1.7em\">Gusto pi\u00f9 venduto per WASPE Crystal 40000 Puffs<\/strong><strong style=\"font-size: 1.7em\">\u00a0Sigaretta elettronica<\/strong><\/h3>\n<p>Con la sua <strong>impressionante numero di tiri, funzionalit\u00e0 avanzate e prezzi all'ingrosso accessibili<\/strong>, la sigaretta elettronica WASPE Crystal 40000 Puffs \u00e8 un must per vapers e rivenditori. Ordina oggi e vivi l'esperienza di svapo al suo meglio!<\/p>\n<p>1.Ghiaccio all'anguria<br \/>\n2.Ghiaccio al mirtillo<br \/>\n3. Frutti di Bosco Misti <span style=\"color: #ff0000\"><strong>&gt;&gt;&gt;&gt; Caldo!<\/strong><\/span><br \/>\n4. Ghiaccio all'Uva<br \/>\n5. Fragola Banana<br \/>\n6. Ghiaccio alla Pesca<br \/>\n7. Fragola Lampone Ciliegia <span style=\"color: #ff0000\"><strong>&gt;&gt;&gt;&gt; Il migliore!<\/strong><\/span><br \/>\n8. Mirtillo Lampone<br \/>\n9. Fragola Kiwi<br \/>\n10. Caramella al Mirtillo<br \/>\n11. Fragola Red Bull <span style=\"color: #ff0000\"><strong>&gt;&gt;&gt;&gt; Caldo!<\/strong><\/span><br \/>\n12. Red Bull Ghiacciato<\/p>\n<p>&nbsp;<\/p>\n<h3><strong>Perch\u00e9 Scegliere Rmvapesale per il WASPE Crystal 40000 Puffs <\/strong><strong>V<\/strong><strong>vapo all'ingrosso<\/strong><strong>?<\/strong><\/h3>\n<div class=\"flex-shrink-0 flex flex-col relative items-end\">\n<div class=\"pt-0\">\n<div class=\"gizmo-bot-avatar flex h-8 w-8 items-center justify-center overflow-hidden rounded-full\">\n<p>Con l'intensificarsi della concorrenza nel mercato delle sigarette elettroniche usa e getta, Rmvapesale, leader mondiale nelle soluzioni all'ingrosso per il vaping usa e getta, ha lanciato il Bangking 35000 Puffs Vape Monouso a Doppio Gusto. Questo prodotto innovativo attira l'attenzione con il suo design unico ed elegante. Con una vasta gamma di opzioni di gusto alla frutta, si rivolge a un'ampia variet\u00e0 di gusti dei consumatori, enfatizzando l'innovazione e la versatilit\u00e0.<\/p>\n<p class=\"relative p-1 rounded-sm flex items-center justify-center bg-token-main-surface-primary text-token-text-primary h-8 w-8\">Rmvapesale \u00e8 il tuo negozio di vaporizzatori di fiducia per vaporizzatori usa e getta premium. Con oltre 5 anni di esperienza, ti offriamo marchi popolari di vaporizzatori usa e getta come Al Fakher, JNR Vape, Vapsolo Vape, Vapme Vape, <a href=\"https:\/\/rmvapesale.com\/it\/categoria-prodotto\/bang-vapes\/\">Bang Vape<\/a>, Waspe Vape, WGA Vape e<a href=\"https:\/\/rmvapesale.com\/it\/categoria-prodotto\/randm-fumot-vape\/\"> RandM Vape<\/a>La nostra gamma include vaporizzatori usa e getta pi\u00f9 venduti come il <a href=\"https:\/\/rmvapesale.com\/it\/prodotto\/aivono-aim-flash-35000-puffs-curved-smart-screen-disposable-vape-wholesale\/\">AIVONO Flash 35000 Puffs<\/a> e opzioni ricche di gusto come l'<a href=\"https:\/\/rmvapesale.com\/it\/prodotto\/crystal-vape-uwin-shisha-hookah-20k-20000-puffs-wholesale-best-price\/\"> UWIN Shisha Hoohak 20000<\/a>. Ogni prodotto \u00e8 scelto con un focus su qualit\u00e0, valore e variet\u00e0, per assicurarti di trovare la corrispondenza perfetta per le tue esigenze. Scopri un servizio eccezionale e una vasta gamma di prodotti di punta su Rmvapesale.<\/p>\n<p>&nbsp;<\/p>\n<p class=\"relative p-1 rounded-sm flex items-center justify-center bg-token-main-surface-primary text-token-text-primary h-8 w-8\"><b style=\"font-size: 1.5em;font-style: inherit\">Domande Frequenti su WASPE Crystal 40000 Puffs <\/b><b style=\"font-size: 1.5em;font-style: inherit\">Vaporizzatore usa e getta ricaricabile<\/b><\/p>\n<ol>\n<li><strong>Dove posso acquistare il WASPE Crystal 40000 Puffs all'ingrosso?<\/strong>\n<ul>\n<li>\u00c8 possibile effettuare ordini all'ingrosso da <a href=\"https:\/\/rmvapesale.com\/it\/\" target=\"_new\" rel=\"noopener\">Rmvapesale<\/a> a prezzi competitivi all'ingrosso.<\/li>\n<\/ul>\n<\/li>\n<li><strong>Cosa mostra il display a LED?<\/strong>\n<ul>\n<li>Il display fornisce aggiornamenti in tempo reale sulla percentuale della batteria e sui livelli di e-liquid.<\/li>\n<\/ul>\n<\/li>\n<li><strong>Posso regolare il flusso d'aria su questo vaporizzatore?<\/strong>\n<ul>\n<li>S\u00ec, la funzione di flusso d'aria regolabile ti permette di personalizzare la tua esperienza di svapo.<\/li>\n<\/ul>\n<\/li>\n<li><strong>Quanto dura la batteria da 850mAh?<\/strong>\n<ul>\n<li>Offre un uso prolungato e pu\u00f2 essere ricaricata pi\u00f9 volte per un divertimento continuo.<\/li>\n<\/ul>\n<\/li>\n<li><strong>Il WASPE Crystal \u00e8 adatto per lo svapo senza nicotina?<\/strong>\n<ul>\n<li>S\u00ec, l'opzione nicotina allo 0% \u00e8 perfetta per gli utenti che cercano un'esperienza senza nicotina.<\/li>\n<\/ul>\n<\/li>\n<\/ol>\n<\/div>\n<\/div>\n<\/div>\n<h2>Come ordinare?<\/h2>\n<div class=\"flex-shrink-0 flex flex-col relative items-end\">\n<div class=\"pt-0\">\n<div class=\"gizmo-bot-avatar flex h-8 w-8 items-center justify-center overflow-hidden rounded-full\">\n<div>\n<p><strong>1. Quali metodi di pagamento accettate?<\/strong><br \/>\n<span class=\"selectable-text copyable-text false\">Per il pagamento offriamo bonifico bancario e Western Union. La maggior parte dei nostri clienti in Italia sceglie il bonifico bancario, abbiamo un conto bancario locale in Italia a cui \u00e8 possibile pagare tramite il nostro conto IBAN senza costi di gestione. <\/span>.<\/p>\n<p><strong>2. Come posso tracciare il mio ordine?<\/strong><br \/>\nDopo la spedizione del pacco, <span class=\"selectable-text copyable-text false\">forniremo il numero di tracciamento come riferimento e continueremo ad aggiornare lo stato fino a quando non avrai ricevuto la merce<\/span>.<\/p>\n<p><strong>3. Quanto tempo ci vuole per l'arrivo?<\/strong><\/p>\n<ul>\n<li>Spedizione da <strong>magazzini in Cina<\/strong> richiede circa <strong>7-14 giorni lavorativi<\/strong>.<\/li>\n<li>Spedizione da <strong>magazzini europei<\/strong> di solito ci vogliono <strong>3-6 giorni lavorativi<\/strong>.<\/li>\n<\/ul>\n<p><strong>4. Come posso ottenere una consegna pi\u00f9 veloce?<\/strong><br \/>\nPer una consegna pi\u00f9 veloce, ti consigliamo di ordinare dal nostro <strong>magazzino europeo<\/strong>, che offre tempi di spedizione pi\u00f9 rapidi.<\/p>\n<p><strong>5. Cosa succede se ricevo un prodotto danneggiato o difettoso?<\/strong><br \/>\nSe il tuo articolo \u00e8 danneggiato o difettoso, contatta il servizio clienti per una <strong>sostituzione o rimborso<\/strong>.<\/p>\n<p><strong>6. Come posso contattare l'assistenza clienti?<\/strong><br \/>\nPuoi contattarci tramite<strong>\u00a0WhatsApp, o chat dal vivo<\/strong> sul nostro sito web per qualsiasi assistenza.<\/p>\n<\/div>\n<div class=\"relative p-1 rounded-sm flex items-center justify-center bg-token-main-surface-primary text-token-text-primary h-8 w-8\"><strong>7. Quali metodi di spedizione vengono utilizzati?<\/strong><\/div>\n<\/div>\n<\/div>\n<\/div>\n<div class=\"group\/conversation-turn relative flex w-full min-w-0 flex-col agent-turn\">\n<div class=\"flex-col gap-1 md:gap-3\">\n<div class=\"flex max-w-full flex-col flex-grow\">\n<div class=\"min-h-[20px] text-message flex w-full flex-col items-end gap-2 whitespace-normal break-words [.text-message+&amp;]:mt-5 overflow-x-auto\" dir=\"auto\" data-message-author-role=\"assistant\" data-message-id=\"22f8283b-3233-46ff-89a5-c7a41b33abda\">\n<div class=\"flex w-full flex-col gap-1 empty:hidden first:pt-[3px]\">\n<div class=\"markdown prose w-full break-words dark:prose-invert light\">\n<p>Collaboriamo con UPS, DHL, FedEx, DPD e altri vettori leader. Selezioneremo il miglior metodo di spedizione in base alla tua posizione di consegna per assicurarti di ricevere i tuoi prodotti il pi\u00f9 rapidamente possibile.<\/p>\n<\/div>\n<\/div>\n<\/div>\n<\/div>\n<\/div>\n<\/div>\n<p>Trova altri prodotti da svapo che potrebbero piacerti:<strong><em><a href=\"https:\/\/rmvapesale.com\/it\/shop-2\/\">acquista ora &gt;&gt;&gt;<\/a><\/em><\/strong><\/p>","protected":false},"excerpt":{"rendered":"<p>WASPE Crystal 40k Puff Doppio Gusto Vape Monouso Ricaricabile<br \/>\nWASPE Crystal 40000 Puffs Doppio Gusto Vape Monouso Acquisto all'ingrosso<br \/>\nWASPE Crystal 40000 Puffs 2 in 1 Gusto Schermo Intelligente Monouso all'ingrosso<\/p>\n<p><strong>Contatta Amy per ottenere la risposta giusta e un coupon per lo svapo!<\/strong><\/p>\n<p><img loading=\"lazy\" decoding=\"async\" class=\"size-full wp-image-2375\" src=\"https:\/\/rmvapesale.com\/wp-content\/uploads\/2024\/10\/image.png\" alt=\"Migliore sigaretta elettronica usa e getta\" width=\"229\" height=\"300\" \/><\/p>\n<h3><a href=\"https:\/\/wa.me\/8617776015835\"><span style=\"color: #ff0000\"><strong>WhatsApp: +86 17776015835<\/strong><\/span><\/a><\/h3>\n<p>&nbsp;<\/p>","protected":false},"featured_media":2975,"comment_status":"open","ping_status":"closed","template":"","meta":{"_uag_custom_page_level_css":"","_lmt_disableupdate":"no","_lmt_disable":"","site-sidebar-layout":"default","site-content-layout":"content-boxed-container","ast-site-content-layout":"normal-width-container","site-content-style":"boxed","site-sidebar-style":"unboxed","ast-global-header-display":"","ast-banner-title-visibility":"","ast-main-header-display":"","ast-hfb-above-header-display":"","ast-hfb-below-header-display":"","ast-hfb-mobile-header-display":"","site-post-title":"","ast-breadcrumbs-content":"","ast-featured-img":"","footer-sml-layout":"","theme-transparent-header-meta":"default","adv-header-id-meta":"","stick-header-meta":"","header-above-stick-meta":"","header-main-stick-meta":"","header-below-stick-meta":"","astra-migrate-meta-layouts":"set","ast-page-background-enabled":"default","ast-page-background-meta":{"desktop":{"background-color":"var(--ast-global-color-4)","background-image":"","background-repeat":"repeat","background-position":"center center","background-size":"auto","background-attachment":"scroll","background-type":"","background-media":"","overlay-type":"","overlay-color":"","overlay-opacity":"","overlay-gradient":""},"tablet":{"background-color":"","background-image":"","background-repeat":"repeat","background-position":"center center","background-size":"auto","background-attachment":"scroll","background-type":"","background-media":"","overlay-type":"","overlay-color":"","overlay-opacity":"","overlay-gradient":""},"mobile":{"background-color":"","background-image":"","background-repeat":"repeat","background-position":"center center","background-size":"auto","background-attachment":"scroll","background-type":"","background-media":"","overlay-type":"","overlay-color":"","overlay-opacity":"","overlay-gradient":""}},"ast-content-background-meta":{"desktop":{"background-color":"var(--ast-global-color-5)","background-image":"","background-repeat":"repeat","background-position":"center center","background-size":"auto","background-attachment":"scroll","background-type":"","background-media":"","overlay-type":"","overlay-color":"","overlay-opacity":"","overlay-gradient":""},"tablet":{"background-color":"var(--ast-global-color-5)","background-image":"","background-repeat":"repeat","background-position":"center center","background-size":"auto","background-attachment":"scroll","background-type":"","background-media":"","overlay-type":"","overlay-color":"","overlay-opacity":"","overlay-gradient":""},"mobile":{"background-color":"var(--ast-global-color-5)","background-image":"","background-repeat":"repeat","background-position":"center center","background-size":"auto","background-attachment":"scroll","background-type":"","background-media":"","overlay-type":"","overlay-color":"","overlay-opacity":"","overlay-gradient":""}},"_joinchat":[]},"product_brand":[],"product_cat":[15,289,290,291,292,298,293,295,299,274,258,25,123,26,28,135,27,137,136,30],"product_tag":[146,124,222,64,40,111,300,221],"class_list":{"0":"post-2976","1":"product","2":"type-product","3":"status-publish","4":"has-post-thumbnail","6":"product_cat-new-vape-this-week","7":"product_cat-big-puffs-disposable-vapes","8":"product_cat-crystal-disposable-vapes","9":"product_cat-dual-mesh-disposable-vapes","10":"product_cat-digital-disposable-vapes","11":"product_cat-double-flavor-disposable-vapes","12":"product_cat-low-nicotine-disposable-vapes","13":"product_cat-rechargeable-disposable-vapes","14":"product_cat-smart-screen-disposable-vapes","15":"product_cat-waspe-fihp-vape","16":"product_cat-40000-puff-disposable-vape","17":"product_cat-germany-best-selling-vape","18":"product_cat-italy-wholesale-vape","19":"product_cat-netherlands-hot-sale-vape","20":"product_cat-poland-hot-sale-vape","21":"product_cat-spain-best-hot-sale-vape","22":"product_cat-fance-hot-sale-vape","23":"product_cat-rechargeable-vapes","24":"product_cat-smart-screen-vapes","25":"product_cat-minimum-order-quantity-50pcs","26":"product_tag-best-hot-sale-vape","27":"product_tag-crystal-vape","28":"product_tag-double-flavor-vape","29":"product_tag-dual-flavour-vape","30":"product_tag-hot-sale-vape","31":"product_tag-low-nicotine-disposable-vape","32":"product_tag-waspe-crystal-40000","33":"product_tag-waspe-vape","34":"desktop-align-left","35":"tablet-align-left","36":"mobile-align-left","38":"first","39":"instock","40":"sale","41":"shipping-taxable","42":"purchasable","43":"product-type-simple"},"uagb_featured_image_src":{"full":["https:\/\/rmvapesale.com\/wp-content\/uploads\/2025\/01\/WASPE-40000-Puffs-Crystal-Disposable-Vape-Wholesale.webp",1000,1000,false],"thumbnail":["https:\/\/rmvapesale.com\/wp-content\/uploads\/2025\/01\/WASPE-40000-Puffs-Crystal-Disposable-Vape-Wholesale-150x150.webp",150,150,true],"medium":["https:\/\/rmvapesale.com\/wp-content\/uploads\/2025\/01\/WASPE-40000-Puffs-Crystal-Disposable-Vape-Wholesale-300x300.webp",300,300,true],"medium_large":["https:\/\/rmvapesale.com\/wp-content\/uploads\/2025\/01\/WASPE-40000-Puffs-Crystal-Disposable-Vape-Wholesale-768x768.webp",768,768,true],"large":["https:\/\/rmvapesale.com\/wp-content\/uploads\/2025\/01\/WASPE-40000-Puffs-Crystal-Disposable-Vape-Wholesale.webp",1000,1000,false],"1536x1536":["https:\/\/rmvapesale.com\/wp-content\/uploads\/2025\/01\/WASPE-40000-Puffs-Crystal-Disposable-Vape-Wholesale.webp",1000,1000,false],"2048x2048":["https:\/\/rmvapesale.com\/wp-content\/uploads\/2025\/01\/WASPE-40000-Puffs-Crystal-Disposable-Vape-Wholesale.webp",1000,1000,false],"trp-custom-language-flag":["https:\/\/rmvapesale.com\/wp-content\/uploads\/2025\/01\/WASPE-40000-Puffs-Crystal-Disposable-Vape-Wholesale.webp",12,12,false],"woocommerce_thumbnail":["https:\/\/rmvapesale.com\/wp-content\/uploads\/2025\/01\/WASPE-40000-Puffs-Crystal-Disposable-Vape-Wholesale-300x300.webp",300,300,true],"woocommerce_single":["https:\/\/rmvapesale.com\/wp-content\/uploads\/2025\/01\/WASPE-40000-Puffs-Crystal-Disposable-Vape-Wholesale-600x600.webp",600,600,true],"woocommerce_gallery_thumbnail":["https:\/\/rmvapesale.com\/wp-content\/uploads\/2025\/01\/WASPE-40000-Puffs-Crystal-Disposable-Vape-Wholesale-100x100.webp",100,100,true],"wcpr-photo-reviews":["https:\/\/rmvapesale.com\/wp-content\/uploads\/2025\/01\/WASPE-40000-Puffs-Crystal-Disposable-Vape-Wholesale.webp",500,500,false]},"uagb_author_info":{"display_name":"AMY","author_link":"https:\/\/rmvapesale.com\/it\/author\/"},"uagb_comment_info":0,"uagb_excerpt":"WASPE Crystal 40k Puff Twins Flavor Rechargeable Disposable Vape WASPE Crystal 40000 Puffs Dual Flavors Disposable Vape Bulk Buy WASPE Crystal 40000 Puffs 2 in 1 Flavor Smart Screen Wholesale Disposable Contact Amy to get right reply and vape coupon! WhatsApp: +86 17776015835 &nbsp;","_links":{"self":[{"href":"https:\/\/rmvapesale.com\/it\/wp-json\/wp\/v2\/product\/2976","targetHints":{"allow":["GET"]}}],"collection":[{"href":"https:\/\/rmvapesale.com\/it\/wp-json\/wp\/v2\/product"}],"about":[{"href":"https:\/\/rmvapesale.com\/it\/wp-json\/wp\/v2\/types\/product"}],"replies":[{"embeddable":true,"href":"https:\/\/rmvapesale.com\/it\/wp-json\/wp\/v2\/comments?post=2976"}],"wp:featuredmedia":[{"embeddable":true,"href":"https:\/\/rmvapesale.com\/it\/wp-json\/wp\/v2\/media\/2975"}],"wp:attachment":[{"href":"https:\/\/rmvapesale.com\/it\/wp-json\/wp\/v2\/media?parent=2976"}],"wp:term":[{"taxonomy":"product_brand","embeddable":true,"href":"https:\/\/rmvapesale.com\/it\/wp-json\/wp\/v2\/product_brand?post=2976"},{"taxonomy":"product_cat","embeddable":true,"href":"https:\/\/rmvapesale.com\/it\/wp-json\/wp\/v2\/product_cat?post=2976"},{"taxonomy":"product_tag","embeddable":true,"href":"https:\/\/rmvapesale.com\/it\/wp-json\/wp\/v2\/product_tag?post=2976"}],"curies":[{"name":"wp","href":"https:\/\/api.w.org\/{rel}","templated":true}]}}