{"id":3017,"date":"2025-02-04T08:19:58","date_gmt":"2025-02-04T08:19:58","guid":{"rendered":"https:\/\/rmvapesale.com\/?post_type=product&#038;p=3017"},"modified":"2025-08-21T11:39:48","modified_gmt":"2025-08-21T11:39:48","slug":"uwin-crystal-35000-smart-screen-disposable-vape-puff-35k-rechargeable-disposable-vape-pen-bulk-buy","status":"publish","type":"product","link":"https:\/\/rmvapesale.com\/it\/prodotto\/uwin-crystal-35000-smart-screen-disposable-vape-puff-35k-rechargeable-disposable-vape-pen-bulk-buy\/","title":{"rendered":"Uwin 35000 sigaretta elettronica usa e getta con schermo intelligente Puff 35k ricaricabile Acquisto all'ingrosso"},"content":{"rendered":"<div class=\"B2VR9 CJHX3e\">\n<div class=\"wyccme\">\n<div class=\"flex-shrink-0 flex flex-col relative items-end\">\n<div class=\"pt-0\">\n<div class=\"gizmo-bot-avatar flex h-8 w-8 items-center justify-center overflow-hidden rounded-full\">\n<div class=\"relative p-1 rounded-sm flex items-center justify-center bg-token-main-surface-primary text-token-text-primary h-8 w-8\">\n<div class=\"flex-shrink-0 flex flex-col relative items-end\">\n<div class=\"pt-0\">\n<div class=\"gizmo-bot-avatar flex h-8 w-8 items-center justify-center overflow-hidden rounded-full\">\n<div class=\"flex-shrink-0 flex flex-col relative items-end\">\n<div class=\"pt-0\">\n<div class=\"gizmo-bot-avatar flex h-8 w-8 items-center justify-center overflow-hidden rounded-full\">\n<h1 class=\"relative p-1 rounded-sm flex items-center justify-center bg-token-main-surface-primary text-token-text-primary h-8 w-8\">Uwin 35000 sigaretta elettronica usa e getta con schermo intelligente Puff 35k ricaricabile Acquisto all'ingrosso<\/h1>\n<\/div>\n<\/div>\n<\/div>\n<\/div>\n<\/div>\n<\/div>\n<\/div>\n<\/div>\n<\/div>\n<\/div>\n<div class=\"group\/conversation-turn relative flex w-full min-w-0 flex-col agent-turn\">\n<div class=\"flex-col gap-1 md:gap-3\">\n<div class=\"flex max-w-full flex-col flex-grow\">\n<div class=\"min-h-8 text-message flex w-full flex-col items-end gap-2 whitespace-normal break-words text-start [.text-message+&amp;]:mt-5\" dir=\"auto\" data-message-author-role=\"assistant\" data-message-id=\"80ece0c4-ead1-4ed9-a9f0-ddc22582b4f4\" data-message-model-slug=\"gpt-4o\">\n<p>La <strong>Uwin Crystal 35000 Schermo Intelligente Vape Usa e Getta<\/strong>, una svolta nel mondo dei <strong>vape usa e getta ricaricabili<\/strong>. Con un'incredibile autonomia di <strong>35.000 tiri<\/strong>, questo dispositivo \u00e8 progettato per i vapers che desiderano <strong>prestazioni di lunga durata, flusso d'aria personalizzabile e vivaci luci RGB che battono a ritmo di musica<\/strong>, aggiungendo un tocco di eccitazione a ogni sessione di svapo.<\/p>\n<p>Pre-riempito con il tuo e-liquid preferito, l'Uwin Crystal offre <strong>16 gusti unici<\/strong>, assicurando che ci sia qualcosa per tutti. Che tu preferisca un'esperienza <strong>vape a basso contenuto di nicotina<\/strong> o un'esperienza pi\u00f9 intensa, questa penna vape \u00e8 disponibile in <strong>livelli di nicotina dello 0%, 2%, 3% e 5%<\/strong>, rendendola perfetta per tutte le preferenze.<\/p>\n<p>La <strong>schermo intelligente<\/strong> ti permette di monitorare facilmente la durata della batteria e il conteggio dei tiri, assicurandoti di avere sempre il controllo. Alimentato da una <strong>batteria al cobalto ricaricabile da 650mAh<\/strong>, il dispositivo supporta <strong>ricarica rapida Type-C<\/strong>, cos\u00ec puoi ricaricare rapidamente e continuare a svapare.<\/p>\n<p>Progettato con una <strong>resistenza a rete da 1.0\u03a9<\/strong>, l'Uwin Crystal offre un vapore liscio e costante con un sapore ricco ad ogni boccata. La <strong>flusso d'aria regolabile<\/strong> funzione ti permette di personalizzare la tua inalazione per un tiro pi\u00f9 stretto o pi\u00f9 aperto, offrendo flessibilit\u00e0 sia per i vaper MTL che DTL.<\/p>\n<p>Perfetto per <strong>acquirenti all'ingrosso di sigarette usa e getta<\/strong>, ogni cartone contiene <strong>160 pezzi<\/strong>, con un peso totale di <strong>21kg<\/strong>, rendendola una soluzione conveniente per i rivenditori che desiderano <strong>acquistare sigarette usa e getta all'ingrosso a prezzi convenienti<\/strong>.<\/p>\n<\/div>\n<\/div>\n<\/div>\n<\/div>\n<div class=\"flex-shrink-0 flex flex-col relative items-end\">\n<div class=\"pt-0\">\n<div class=\"gizmo-bot-avatar flex h-8 w-8 items-center justify-center overflow-hidden rounded-full\">\n<p>&nbsp;<\/p>\n<\/div>\n<\/div>\n<\/div>\n<\/div>\n<\/div>\n<p><strong>Contatta Amy per ottenere la risposta giusta e un coupon per lo svapo!<\/strong><\/p>\n<p><img loading=\"lazy\" decoding=\"async\" class=\"size-full wp-image-1978\" src=\"https:\/\/rmvapesale.com\/wp-content\/uploads\/2024\/09\/Disposable-Vape-Wholesale.jpg\" alt=\"Vaporizzatore Usa e Getta Ingrosso\" width=\"229\" height=\"300\" \/><\/p>\n<h3><a href=\"https:\/\/wa.me\/8617776015835\" target=\"_blank\" rel=\"noopener\"><span style=\"color: #ff0000\"><strong>WhatsApp: +86 17776015835<\/strong><\/span><\/a><\/h3>\n<h3><\/h3>\n<h3><strong style=\"font-size: 1.7em\">Caratteristiche Principali del Prodotto Uwin 35000 Puff<\/strong><\/h3>\n<ul>\n<li><strong>Capacit\u00e0 di 35.000 Tiri:<\/strong> Goditi sessioni di svapo prolungate senza interruzioni.<\/li>\n<li><strong>Concentrazioni di Nicotina:<\/strong> Disponibile in 0%, 2%, 3% e 5% per soddisfare le tue preferenze di svapo.<\/li>\n<li><strong>Batteria Ricaricabile da 650mAh:<\/strong> Batteria al cobalto con ricarica rapida Type-C per una potenza a lunga durata.<\/li>\n<li><strong>Display a schermo intelligente:<\/strong> Monitora facilmente i livelli della batteria e il conteggio dei tiri.<\/li>\n<li><strong>16 Opzioni di Sapore:<\/strong> Un'ampia variet\u00e0 di sapori per soddisfare ogni gusto.<\/li>\n<li><strong>Bobina a rete da 1.0\u03a9:<\/strong> Fornisce una produzione di vapore fluida e una consegna costante del sapore.<\/li>\n<li><strong>Controllo del flusso d'aria regolabile:<\/strong> Personalizza la tua esperienza di svapo con facilit\u00e0.<\/li>\n<li><strong>Luci RGB si sincronizzano con la musica:<\/strong> L'illuminazione dinamica migliora il tuo stile di svapo.<\/li>\n<li><strong>Opzione di acquisto all'ingrosso:<\/strong> 160 pezzi per scatola, ideale per acquirenti all'ingrosso.<\/li>\n<\/ul>\n<figure id=\"attachment_3002\" aria-describedby=\"caption-attachment-3002\" style=\"width: 1024px\" class=\"wp-caption alignnone\"><img loading=\"lazy\" decoding=\"async\" class=\"wp-image-3002 size-large\" src=\"https:\/\/rmvapesale.com\/wp-content\/uploads\/2025\/01\/Tornado-Vape-35000-Puffs-Disposable-Vape-1024x1024.jpg\" alt=\"Vape usa e getta Tornado 35000 Puffs\" width=\"1024\" height=\"1024\" srcset=\"https:\/\/rmvapesale.com\/wp-content\/uploads\/2025\/01\/Tornado-Vape-35000-Puffs-Disposable-Vape-1024x1024.jpg 1024w, https:\/\/rmvapesale.com\/wp-content\/uploads\/2025\/01\/Tornado-Vape-35000-Puffs-Disposable-Vape-300x300.jpg 300w, https:\/\/rmvapesale.com\/wp-content\/uploads\/2025\/01\/Tornado-Vape-35000-Puffs-Disposable-Vape-150x150.jpg 150w, https:\/\/rmvapesale.com\/wp-content\/uploads\/2025\/01\/Tornado-Vape-35000-Puffs-Disposable-Vape-768x768.jpg 768w, https:\/\/rmvapesale.com\/wp-content\/uploads\/2025\/01\/Tornado-Vape-35000-Puffs-Disposable-Vape-600x600.jpg 600w, https:\/\/rmvapesale.com\/wp-content\/uploads\/2025\/01\/Tornado-Vape-35000-Puffs-Disposable-Vape-100x100.jpg 100w, https:\/\/rmvapesale.com\/wp-content\/uploads\/2025\/01\/Tornado-Vape-35000-Puffs-Disposable-Vape.jpg 1126w\" sizes=\"auto, (max-width: 1024px) 100vw, 1024px\" \/><figcaption id=\"caption-attachment-3002\" class=\"wp-caption-text\">Vape usa e getta Tornado 35000 Puffs<\/figcaption><\/figure>\n<h3><strong style=\"font-size: 1.7em\">Gusto pi\u00f9 venduto per Uwin 35000 Puffs<\/strong><strong style=\"font-size: 1.7em\">\u00a0Sigaretta elettronica<\/strong><\/h3>\n<p>1. Lampone ai mirtilli <span style=\"color: #ff0000\"><strong>&gt;&gt;&gt; Caldo!<\/strong><\/span><br \/>\n2.Uva Ghiacciata<br \/>\n3.Fragola Anguria <span style=\"color: #ff0000\"><strong>&gt;&gt;&gt; Caldo!<\/strong><\/span><br \/>\n4.Mirtillo Ghiacciato<br \/>\n5.Ghiaccio Anguria<br \/>\n6.Ciliegia Ghiacciata<br \/>\n7.Fragola Lampone Ciliegia Ghiacciata <span style=\"color: #ff0000\"><strong>&gt;&gt;&gt; Caldo!<\/strong><\/span><br \/>\n8.Kiwi Frutto della Passione Guava<br \/>\n9.Fragola Ghiaccio<br \/>\n10.Pesca Mango Ananas<br \/>\n11.Mirtillo Ciliegia Mirtillo Rosso <span style=\"color: #ff0000\"><strong>&gt;&gt;&gt; Caldo!<\/strong><\/span><br \/>\n12.Pesca Frutti di Bosco<br \/>\n13.Ciliegia Cola<br \/>\n14.Frutti di Bosco Misti <span style=\"color: #ff0000\"><strong>&gt;&gt;&gt; Migliore!<\/strong><\/span><br \/>\n15.Mr Blu <span style=\"color: #ff0000\"><strong>&gt;&gt;&gt; Caldo!<\/strong><\/span><br \/>\n16.Pesca Estiva Ghiacciata<\/p>\n<p>La <strong>Uwin Crystal 35000 Schermo Intelligente Vape Usa e Getta<\/strong> \u00e8 una scelta eccellente per i vapers che cercano <strong>alte prestazioni, sapori ricchi e funzionalit\u00e0 avanzate<\/strong>Che tu stia acquistando per te o voglia <strong>acquistare all'ingrosso<\/strong>, questo vaporizzatore offre un valore eccezionale a un prezzo imbattibile. Ordina il tuo oggi e goditi l'esperienza di svapo definitivaUwin 35000 Smart Screen Vape Usa e Getta 35k Ricaricabile Penna Vape Usa e Getta Acquisto all'ingrosso<\/p>\n<h3><strong>Perch\u00e9 scegliere Rmvapesale per Uwin 35000 Puff\u00a0 <\/strong><strong>V<\/strong><strong>vapo all'ingrosso<\/strong><strong>?<\/strong><\/h3>\n<div class=\"flex-shrink-0 flex flex-col relative items-end\">\n<div class=\"pt-0\">\n<div class=\"gizmo-bot-avatar flex h-8 w-8 items-center justify-center overflow-hidden rounded-full\">\n<p>Mentre la concorrenza nel mercato delle sigarette elettroniche usa e getta si intensifica, Rmvapesale, leader mondiale nelle soluzioni all'ingrosso di vaporizzatori usa e getta, ha lanciato il Bood Vape 30000 Puff Bar. Questo prodotto all'avanguardia attira l'attenzione con la sua estetica unica e il design alla moda. Con una vasta gamma di opzioni di gusto fruttato, si rivolge a un ampio spettro di gusti dei consumatori, sottolineando al contempo l'innovazione e la versatilit\u00e0.<\/p>\n<p class=\"relative p-1 rounded-sm flex items-center justify-center bg-token-main-surface-primary text-token-text-primary h-8 w-8\">Rmvapesale \u00e8 il tuo negozio di vaporizzatori di fiducia per vaporizzatori usa e getta premium. Con oltre 5 anni di esperienza, ti offriamo marchi popolari di vaporizzatori usa e getta come Al Fakher, JNR Vape, Vapsolo Vape, Vapme Vape, <a href=\"https:\/\/rmvapesale.com\/it\/categoria-prodotto\/bang-vapes\/\">Bang Vape<\/a>, Waspe Vape, WGA Vape e<a href=\"https:\/\/rmvapesale.com\/it\/categoria-prodotto\/randm-fumot-vape\/\"> RandM Vape<\/a>La nostra gamma include vaporizzatori usa e getta pi\u00f9 venduti come il <a href=\"https:\/\/rmvapesale.com\/it\/prodotto\/vozol-gear-power-20000-puff-disposable-vape\/\">Vozol Gear 20000 Puffs<\/a> e opzioni ricche di gusto come l'<a href=\"https:\/\/rmvapesale.com\/it\/prodotto\/elf-box-shisha-16000-puffs-led-display-disposable-vape\/\"> ELF BOX shisha Hooka 16000 PUFFS<\/a>. Ogni prodotto \u00e8 scelto con un focus su qualit\u00e0, valore e variet\u00e0, per assicurarti di trovare la corrispondenza perfetta per le tue esigenze. Scopri un servizio eccezionale e una vasta gamma di prodotti di punta su Rmvapesale.<\/p>\n<p class=\"relative p-1 rounded-sm flex items-center justify-center bg-token-main-surface-primary text-token-text-primary h-8 w-8\"><b style=\"font-size: 1.5em;font-style: inherit\">DOMANDE FREQUENTI Per Uwin 35000 <\/b><b style=\"font-size: 1.5em;font-style: inherit\">Vaporizzatore usa e getta ricaricabile<\/b><\/p>\n<ol>\n<li><strong>Dove posso acquistare il vaporizzatore usa e getta Uwin Crystal 35000 a prezzi all'ingrosso?<\/strong>\n<ul>\n<li>Puoi acquistarlo a prezzi di fabbrica da <a href=\"https:\/\/rmvapesale.com\/it\/\" target=\"_new\" rel=\"noopener\">Rmvapesale<\/a>, la tua fonte affidabile per vaporizzatori usa e getta all'ingrosso.<\/li>\n<\/ul>\n<\/li>\n<li><strong>Il vaporizzatore usa e getta Uwin Crystal 35000 \u00e8 ricaricabile?<\/strong>\n<ul>\n<li>S\u00ec, dispone di una batteria ricaricabile al cobalto da 650 mAh con una porta di ricarica di tipo C per una ricarica rapida.<\/li>\n<\/ul>\n<\/li>\n<li><strong>Quali sono le concentrazioni di nicotina disponibili per questo vaporizzatore?<\/strong>\n<ul>\n<li>Uwin Crystal \u00e8 disponibile in quattro concentrazioni di nicotina: 0%, 2%, 3% e 5%, per soddisfare diverse preferenze di svapo.<\/li>\n<\/ul>\n<\/li>\n<li><strong>Come funziona lo schermo intelligente?<\/strong>\n<ul>\n<li>Lo schermo fornisce aggiornamenti in tempo reale sul numero di tiri e sullo stato della batteria, assicurandoti di essere sempre informato.<\/li>\n<\/ul>\n<\/li>\n<li><strong>Uwin Crystal dispone di un flusso d'aria regolabile?<\/strong>\n<ul>\n<li>S\u00ec, include un sistema di flusso d'aria regolabile per personalizzare il tuo stile di svapo per un tiro perfetto.<\/li>\n<\/ul>\n<\/li>\n<\/ol>\n<\/div>\n<\/div>\n<\/div>\n<h2>Come ordinare?<\/h2>\n<div class=\"flex-shrink-0 flex flex-col relative items-end\">\n<div class=\"pt-0\">\n<div class=\"gizmo-bot-avatar flex h-8 w-8 items-center justify-center overflow-hidden rounded-full\">\n<div>\n<p><strong>1. Quali metodi di pagamento accettate?<\/strong><br \/>\n<span class=\"selectable-text copyable-text false\">Per il pagamento offriamo bonifico bancario e Western Union. La maggior parte dei nostri clienti in Italia sceglie il bonifico bancario, abbiamo un conto bancario locale in Italia a cui \u00e8 possibile pagare tramite il nostro conto IBAN senza costi di gestione. <\/span>.<\/p>\n<p><strong>2. Come posso tracciare il mio ordine?<\/strong><br \/>\nDopo la spedizione del pacco, <span class=\"selectable-text copyable-text false\">forniremo il numero di tracciamento come riferimento e continueremo ad aggiornare lo stato fino a quando non avrai ricevuto la merce<\/span>.<\/p>\n<p><strong>3. Quanto tempo ci vuole per l'arrivo?<\/strong><\/p>\n<ul>\n<li>Spedizione da <strong>magazzini in Cina<\/strong> richiede circa <strong>7-14 giorni lavorativi<\/strong>.<\/li>\n<li>Spedizione da <strong>magazzini europei<\/strong> di solito ci vogliono <strong>3-6 giorni lavorativi<\/strong>.<\/li>\n<\/ul>\n<p><strong>4. Come posso ottenere una consegna pi\u00f9 veloce?<\/strong><br \/>\nPer una consegna pi\u00f9 veloce, ti consigliamo di ordinare dal nostro <strong>magazzino europeo<\/strong>, che offre tempi di spedizione pi\u00f9 rapidi.<\/p>\n<p><strong>5. Cosa succede se ricevo un prodotto danneggiato o difettoso?<\/strong><br \/>\nSe il tuo articolo \u00e8 danneggiato o difettoso, contatta il servizio clienti per una <strong>sostituzione o rimborso<\/strong>.<\/p>\n<p><strong>6. Come posso contattare l'assistenza clienti?<\/strong><br \/>\nPuoi contattarci tramite<strong>\u00a0WhatsApp, o chat dal vivo<\/strong> sul nostro sito web per qualsiasi assistenza.<\/p>\n<\/div>\n<div class=\"relative p-1 rounded-sm flex items-center justify-center bg-token-main-surface-primary text-token-text-primary h-8 w-8\"><strong>7. Quali metodi di spedizione vengono utilizzati?<\/strong><\/div>\n<\/div>\n<\/div>\n<\/div>\n<div class=\"group\/conversation-turn relative flex w-full min-w-0 flex-col agent-turn\">\n<div class=\"flex-col gap-1 md:gap-3\">\n<div class=\"flex max-w-full flex-col flex-grow\">\n<div class=\"min-h-[20px] text-message flex w-full flex-col items-end gap-2 whitespace-normal break-words [.text-message+&amp;]:mt-5 overflow-x-auto\" dir=\"auto\" data-message-author-role=\"assistant\" data-message-id=\"22f8283b-3233-46ff-89a5-c7a41b33abda\">\n<div class=\"flex w-full flex-col gap-1 empty:hidden first:pt-[3px]\">\n<div class=\"markdown prose w-full break-words dark:prose-invert light\">\n<p>Collaboriamo con UPS, DHL, FedEx, DPD e altri vettori leader. Selezioneremo il miglior metodo di spedizione in base alla tua posizione di consegna per assicurarti di ricevere i tuoi prodotti il pi\u00f9 rapidamente possibile.<\/p>\n<\/div>\n<\/div>\n<\/div>\n<\/div>\n<\/div>\n<\/div>\n<p>Trova altri prodotti da svapo che potrebbero piacerti:<strong><em><a href=\"https:\/\/rmvapesale.com\/it\/shop-2\/\">acquista ora &gt;&gt;&gt;<\/a><\/em><\/strong><\/p>","protected":false},"excerpt":{"rendered":"<p>Schermo Intelligente Vape Uwin 35000 Puff Bar Ricaricabile Usa e Getta Prezzo Economico<br \/>\nUwin 35000 Puff Popolare Penna Vape Usa e Getta Acquisto all'ingrosso<br \/>\nMiglior Uwin 35000 35k Puff Schermo Intelligente Display LED Vape Usa e Getta all'ingrosso<\/p>\n<p><strong>Contatta Amy per ottenere la risposta giusta e un coupon per lo svapo!<\/strong><\/p>\n<p><img loading=\"lazy\" decoding=\"async\" class=\"size-full wp-image-2375\" src=\"https:\/\/rmvapesale.com\/wp-content\/uploads\/2024\/10\/image.png\" alt=\"Migliore sigaretta elettronica usa e getta\" width=\"229\" height=\"300\" \/><\/p>\n<h3><a href=\"https:\/\/wa.me\/8617776015835\"><span style=\"color: #ff0000\"><strong>WhatsApp: +86 17776015835<\/strong><\/span><\/a><\/h3>\n<p>&nbsp;<\/p>","protected":false},"featured_media":3001,"comment_status":"open","ping_status":"closed","template":"","meta":{"_uag_custom_page_level_css":"","_lmt_disableupdate":"no","_lmt_disable":"","site-sidebar-layout":"default","site-content-layout":"content-boxed-container","ast-site-content-layout":"normal-width-container","site-content-style":"boxed","site-sidebar-style":"unboxed","ast-global-header-display":"","ast-banner-title-visibility":"","ast-main-header-display":"","ast-hfb-above-header-display":"","ast-hfb-below-header-display":"","ast-hfb-mobile-header-display":"","site-post-title":"","ast-breadcrumbs-content":"","ast-featured-img":"","footer-sml-layout":"","theme-transparent-header-meta":"default","adv-header-id-meta":"","stick-header-meta":"","header-above-stick-meta":"","header-main-stick-meta":"","header-below-stick-meta":"","astra-migrate-meta-layouts":"set","ast-page-background-enabled":"default","ast-page-background-meta":{"desktop":{"background-color":"var(--ast-global-color-4)","background-image":"","background-repeat":"repeat","background-position":"center center","background-size":"auto","background-attachment":"scroll","background-type":"","background-media":"","overlay-type":"","overlay-color":"","overlay-opacity":"","overlay-gradient":""},"tablet":{"background-color":"","background-image":"","background-repeat":"repeat","background-position":"center center","background-size":"auto","background-attachment":"scroll","background-type":"","background-media":"","overlay-type":"","overlay-color":"","overlay-opacity":"","overlay-gradient":""},"mobile":{"background-color":"","background-image":"","background-repeat":"repeat","background-position":"center center","background-size":"auto","background-attachment":"scroll","background-type":"","background-media":"","overlay-type":"","overlay-color":"","overlay-opacity":"","overlay-gradient":""}},"ast-content-background-meta":{"desktop":{"background-color":"var(--ast-global-color-5)","background-image":"","background-repeat":"repeat","background-position":"center center","background-size":"auto","background-attachment":"scroll","background-type":"","background-media":"","overlay-type":"","overlay-color":"","overlay-opacity":"","overlay-gradient":""},"tablet":{"background-color":"var(--ast-global-color-5)","background-image":"","background-repeat":"repeat","background-position":"center center","background-size":"auto","background-attachment":"scroll","background-type":"","background-media":"","overlay-type":"","overlay-color":"","overlay-opacity":"","overlay-gradient":""},"mobile":{"background-color":"var(--ast-global-color-5)","background-image":"","background-repeat":"repeat","background-position":"center center","background-size":"auto","background-attachment":"scroll","background-type":"","background-media":"","overlay-type":"","overlay-color":"","overlay-opacity":"","overlay-gradient":""}},"_joinchat":[]},"product_brand":[],"product_cat":[15,289,291,292,293,295,299,282,246,25,123,26,28,135,27,137,136,30],"product_tag":[146,64,40,111,310,306,309],"class_list":{"0":"post-3017","1":"product","2":"type-product","3":"status-publish","4":"has-post-thumbnail","6":"product_cat-new-vape-this-week","7":"product_cat-big-puffs-disposable-vapes","8":"product_cat-dual-mesh-disposable-vapes","9":"product_cat-digital-disposable-vapes","10":"product_cat-low-nicotine-disposable-vapes","11":"product_cat-rechargeable-disposable-vapes","12":"product_cat-smart-screen-disposable-vapes","13":"product_cat-uwin-vape","14":"product_cat-35000-puffs-disposable-vape","15":"product_cat-germany-best-selling-vape","16":"product_cat-italy-wholesale-vape","17":"product_cat-netherlands-hot-sale-vape","18":"product_cat-poland-hot-sale-vape","19":"product_cat-spain-best-hot-sale-vape","20":"product_cat-fance-hot-sale-vape","21":"product_cat-rechargeable-vapes","22":"product_cat-smart-screen-vapes","23":"product_cat-minimum-order-quantity-50pcs","24":"product_tag-best-hot-sale-vape","25":"product_tag-dual-flavour-vape","26":"product_tag-hot-sale-vape","27":"product_tag-low-nicotine-disposable-vape","28":"product_tag-puff-35k","29":"product_tag-puff-bar","30":"product_tag-uwin-35000","31":"desktop-align-left","32":"tablet-align-left","33":"mobile-align-left","35":"first","36":"instock","37":"sale","38":"shipping-taxable","39":"purchasable","40":"product-type-simple"},"uagb_featured_image_src":{"full":["https:\/\/rmvapesale.com\/wp-content\/uploads\/2025\/01\/Tornado-Vape-35000-UWIN-Disposable-Vape.jpg",1126,1126,false],"thumbnail":["https:\/\/rmvapesale.com\/wp-content\/uploads\/2025\/01\/Tornado-Vape-35000-UWIN-Disposable-Vape-150x150.jpg",150,150,true],"medium":["https:\/\/rmvapesale.com\/wp-content\/uploads\/2025\/01\/Tornado-Vape-35000-UWIN-Disposable-Vape-300x300.jpg",300,300,true],"medium_large":["https:\/\/rmvapesale.com\/wp-content\/uploads\/2025\/01\/Tornado-Vape-35000-UWIN-Disposable-Vape-768x768.jpg",768,768,true],"large":["https:\/\/rmvapesale.com\/wp-content\/uploads\/2025\/01\/Tornado-Vape-35000-UWIN-Disposable-Vape-1024x1024.jpg",1024,1024,true],"1536x1536":["https:\/\/rmvapesale.com\/wp-content\/uploads\/2025\/01\/Tornado-Vape-35000-UWIN-Disposable-Vape.jpg",1126,1126,false],"2048x2048":["https:\/\/rmvapesale.com\/wp-content\/uploads\/2025\/01\/Tornado-Vape-35000-UWIN-Disposable-Vape.jpg",1126,1126,false],"trp-custom-language-flag":["https:\/\/rmvapesale.com\/wp-content\/uploads\/2025\/01\/Tornado-Vape-35000-UWIN-Disposable-Vape.jpg",12,12,false],"woocommerce_thumbnail":["https:\/\/rmvapesale.com\/wp-content\/uploads\/2025\/01\/Tornado-Vape-35000-UWIN-Disposable-Vape-300x300.jpg",300,300,true],"woocommerce_single":["https:\/\/rmvapesale.com\/wp-content\/uploads\/2025\/01\/Tornado-Vape-35000-UWIN-Disposable-Vape-600x600.jpg",600,600,true],"woocommerce_gallery_thumbnail":["https:\/\/rmvapesale.com\/wp-content\/uploads\/2025\/01\/Tornado-Vape-35000-UWIN-Disposable-Vape-100x100.jpg",100,100,true],"wcpr-photo-reviews":["https:\/\/rmvapesale.com\/wp-content\/uploads\/2025\/01\/Tornado-Vape-35000-UWIN-Disposable-Vape.jpg",500,500,false]},"uagb_author_info":{"display_name":"AMY","author_link":"https:\/\/rmvapesale.com\/it\/author\/"},"uagb_comment_info":0,"uagb_excerpt":"Smart Screen Vape Uwin 35000 Puff\u00a0 Bar Rechargeable Disposable Vape Cheap Price Uwin 35000 Puff Popular Disposable Vape Pen Bulk Buy Best Uwin 35000 35k Puff LED Display Smart Screen Disposable Vape Wholesale Contact Amy to get right reply and vape coupon! WhatsApp: +86 17776015835 &nbsp;","_links":{"self":[{"href":"https:\/\/rmvapesale.com\/it\/wp-json\/wp\/v2\/product\/3017","targetHints":{"allow":["GET"]}}],"collection":[{"href":"https:\/\/rmvapesale.com\/it\/wp-json\/wp\/v2\/product"}],"about":[{"href":"https:\/\/rmvapesale.com\/it\/wp-json\/wp\/v2\/types\/product"}],"replies":[{"embeddable":true,"href":"https:\/\/rmvapesale.com\/it\/wp-json\/wp\/v2\/comments?post=3017"}],"wp:featuredmedia":[{"embeddable":true,"href":"https:\/\/rmvapesale.com\/it\/wp-json\/wp\/v2\/media\/3001"}],"wp:attachment":[{"href":"https:\/\/rmvapesale.com\/it\/wp-json\/wp\/v2\/media?parent=3017"}],"wp:term":[{"taxonomy":"product_brand","embeddable":true,"href":"https:\/\/rmvapesale.com\/it\/wp-json\/wp\/v2\/product_brand?post=3017"},{"taxonomy":"product_cat","embeddable":true,"href":"https:\/\/rmvapesale.com\/it\/wp-json\/wp\/v2\/product_cat?post=3017"},{"taxonomy":"product_tag","embeddable":true,"href":"https:\/\/rmvapesale.com\/it\/wp-json\/wp\/v2\/product_tag?post=3017"}],"curies":[{"name":"wp","href":"https:\/\/api.w.org\/{rel}","templated":true}]}}