{"id":1869,"date":"2024-04-29T08:45:44","date_gmt":"2024-04-29T08:45:44","guid":{"rendered":"https:\/\/rmvapesale.com\/?post_type=product&#038;p=1869"},"modified":"2025-01-20T03:11:06","modified_gmt":"2025-01-20T03:11:06","slug":"jnr-shisha-vape-15000-puffs-wholesale-price-with-screen-vape","status":"publish","type":"product","link":"https:\/\/rmvapesale.com\/lt\/product\/jnr-shisha-vape-15000-puffs-wholesale-price-with-screen-vape\/","title":{"rendered":"VOPK SHISHA VAPE 15000 PUFFS DIDMENIN\u0116 KAINA JNR SU EKRANU VAPE"},"content":{"rendered":"<h1>VOPK SHISHA VAPE 15000 PUFFS DIDMENIN\u0116 KAINA JNR SU EKRANU VAPE<\/h1>\n<p>VOPK SHISHA VAPE 15000 \u012eP\u016aTIM\u0172 JNR yra auk\u0161\u010diausios kokyb\u0117s vienkartinis garintuvas, specialiai sukurtas m\u0117gstantiems tiesiogin\u012f \u012fkv\u0117pim\u0105 \u012f plau\u010dius (DTL). Su \u012fsp\u016bdingu 15 000 \u012fp\u016btim\u0173 skai\u010diumi, \u0161is prietaisas u\u017etikrina ilg\u0105 ir malon\u0173 garinimo potyr\u012f. Vidin\u0117 konstrukcija apima 0.6 omo tinklelio rit\u0119, kuri suteikia puik\u0173 gar\u0173 kiek\u012f ir sodr\u0173 skon\u012f, tod\u0117l jis idealiai tinka tiems, kurie vertina gilius \u012fkv\u0117pimus. Prietaisas turi 20 ml e-skys\u010dio, leid\u017eiant\u012f ilgoms garinimo sesijoms.<\/p>\n<p>Vartotojai gali rinktis i\u0161 \u012fvairi\u0173 nikotino stiprum\u0173, \u012fskaitant 0%, 2%, 3% arba 5%, pritaikytus skirtingiems poreikiams. \u012ekraunamas VOPK Shisha Hookah garintuvas yra maitinamas patikima 600 mAh baterija, u\u017etikrinan\u010dia nuosekl\u0173 veikim\u0105 per vis\u0105 jo gyvavimo cikl\u0105, ir turi Type-C \u012fkrovimo jungt\u012f greitam \u012fkrovimui.<\/p>\n<p>VOPK Shisha bar 15000 Galimas de\u0161imt gard\u017ei\u0173 skoni\u0173, toki\u0173 kaip dvigubas obuolys ir arb\u016bz\u0173 ledas, \u0161is garintuvas sujungia stili\u0173, funkcionalum\u0105 ir universalum\u0105, tod\u0117l yra puikus pasirinkimas garintojams, ie\u0161kantiems auk\u0161tos kokyb\u0117s patirties.<\/p>\n<p><strong>Prid\u0117kite pardavim\u0173 vadybinink\u0119 AMY ir gaukite kupon\u0105 garintuvams!<\/strong><\/p>\n<p><img loading=\"lazy\" decoding=\"async\" class=\"size-medium wp-image-1814\" src=\"https:\/\/rmvapesale.com\/wp-content\/uploads\/2024\/04\/whatsapp-amy-229x300.jpg\" alt=\"whatsapp amy\" width=\"229\" height=\"300\" srcset=\"https:\/\/rmvapesale.com\/wp-content\/uploads\/2024\/04\/whatsapp-amy-229x300.jpg 229w, https:\/\/rmvapesale.com\/wp-content\/uploads\/2024\/04\/whatsapp-amy-783x1024.jpg 783w, https:\/\/rmvapesale.com\/wp-content\/uploads\/2024\/04\/whatsapp-amy-768x1005.jpg 768w, https:\/\/rmvapesale.com\/wp-content\/uploads\/2024\/04\/whatsapp-amy-600x785.jpg 600w, https:\/\/rmvapesale.com\/wp-content\/uploads\/2024\/04\/whatsapp-amy.jpg 990w\" sizes=\"auto, (max-width: 229px) 100vw, 229px\" \/><\/p>\n<p><span style=\"color: #ff0000\"><strong>whatsapp <a style=\"color: #ff0000\" href=\"https:\/\/wa.me\/8617776015835\" target=\"_blank\" rel=\"noopener\">+86-17776015835<\/a><\/strong><\/span><\/p>\n<h2>VOPK Shisha Hookah 15000 15K \u012ep\u016btim\u0173 skoni\u0173 s\u0105ra\u0161as:<\/h2>\n<p>1. Dvigubas obuolys<br \/>\n2. Dvigubas melionas su m\u0117ta<br \/>\n3. Vynuog\u0117s su m\u0117ta<br \/>\n4. Sultingas persikas<br \/>\n5. Lady Killa<br \/>\n6. Mi\u0161rios uogos su ledu<br \/>\n7. Ananasas su kokosu<br \/>\n8. Raudon\u0173j\u0173 uog\u0173 sniego ko\u0161\u0117<br \/>\n9. Arb\u016bz\u0173 ledas<br \/>\n10. Baltoji mamba<\/p>\n<h2>VOPK JNR SHISHA VAPE 15000 \u012eP\u016aTIM\u0172: Didmenin\u0117 kaina su ekranu, vienkartinis garintuvas \u2013 DUK apie produkt\u0105<\/h2>\n<p>1. Kuo ypatingas VOPK JNR SHISHA VAPE 15000 \u012fp\u016btim\u0173 garintuvas?<\/p>\n<p>VOPK JNR SHISHA VAPE 15K \u012eP\u016aTIM\u0172<span style=\"font-size: 16px\">\u00a0i\u0161siskiria dideliu \u012fp\u016btim\u0173 skai\u010diumi, si\u016blydamas iki 15000 \u012fp\u016btim\u0173 viename prietaise, kas u\u017etikrina ilgalaik\u012f m\u0117gavim\u0105si.<\/span><\/p>\n<p>2. Koks yra VOPK JNR SHISHA VAPE 15K \u012eP\u016aTIM\u0172 prietaiso dizainas?<\/p>\n<p>VOPK VAPE SHISHA 15000 \u012eP\u016aTIM\u0172 prietaisas pasi\u017eymi dviej\u0173 spalv\u0173 dizainu, papildytu UV spausdinimu, suteikian\u010diu vizualiai \u012fsp\u016bding\u0105 i\u0161vaizd\u0105 ir kruop\u0161t\u0173 meistri\u0161kum\u0105.<br \/>\n3. Kokio tipo kaitinimo rit\u0117 naudojama VOPK VAPE SHISHA 15000 \u012fp\u016btim\u0173 garintuve ir kokia VOPK VAPE SHISHA 15K \u012eP\u016aTIM\u0172 var\u017ea?<\/p>\n<p>VOPK VAPE SHISHA 15K \u012eP\u016aTIM\u0172 garintuvas naudoja tinklelio (mesh) kaitinimo rit\u0117s technologij\u0105, kurios var\u017ea yra 0,6 omo\/m, u\u017etikrinanti stabil\u0173 veikim\u0105 ir skland\u0173 garinim\u0105.<br \/>\n4. Kiek VOPK JNR SHISHA 15000 \u012eP\u016aTIM\u0172 e. skys\u010dio telpa purk\u0161tuve?<\/p>\n<p>VOPK JNR SHISHA 15000 \u012ep\u016btim\u0173 purk\u0161tuvas turi 20 ml talp\u0105, leid\u017eian\u010di\u0105 m\u0117gautis ilgais garinimo seansais be da\u017eno pildymo.<br \/>\n5. I\u0161 kokios med\u017eiagos pagaminta VOPK JNR SHISHA 15K \u012eP\u016aTIM\u0172 kaitinimo rit\u0117?<\/p>\n<p>VOPK JNR SHISHA 15K \u012eP\u016aTIM\u0172 kaitinimo rit\u0117 pagaminta i\u0161 auk\u0161tos kokyb\u0117s tinklelio (mesh) med\u017eiagos, u\u017etikrinan\u010dios puik\u0173 garinim\u0105 ir gryn\u0105 skonio perdavim\u0105.<br \/>\n6. Kokia yra VOPK JNR VAPE 15000 \u012eP\u016aTIM\u0172 prietaiso baterijos talpa?<\/p>\n<p>VOPK JNR VAPE 15000 \u012ep\u016btim\u0173 pasi\u017eymi galinga 600 mAh baterija, u\u017etikrinan\u010dia ilgalaik\u012f ir patikim\u0105 maitinim\u0105 nenutr\u016bkstamoms garinimo sesijoms.<br \/>\n7. Kokio tipo baterija naudojama VOPK JNR VAPE 15K \u012eP\u016aTIM\u0172 garintuve?<\/p>\n<p>VOPK JNR VAPE 15K \u012eP\u016aTIM\u0172 prietaisas naudoja 18250 modelio baterij\u0105, kuri yra \u017einoma d\u0117l savo ilgaam\u017ei\u0161kumo ir ilgo tarnavimo laiko.<br \/>\n8. Kiek laiko tur\u0117\u010diau krauti savo 15000 \u012eP\u016aTIM\u0172 JNR SHISHA VAPE VOPK?<\/p>\n<p>15000 \u012eP\u016aTIM\u0172 VAPE SHISHA VOPK yra su patogia C tipo (Type-C) \u012fkrovimo jungtimi, leid\u017eian\u010dia greitai ir efektyviai \u012fkrauti, u\u017etikrinant minimal\u0173 prastovos laik\u0105.<br \/>\n9. Kokiam garinimo stiliui tinka 15000 \u012eP\u016aTIM\u0172 JNR SHISHA VOPK?<\/p>\n<p>VOPK SHISHA VAPE 15000 PUFFS tinka DTL (tiesioginiam \u012f plau\u010dius) garinimui, suteikdama sodri\u0105 ir patenkinam\u0105 garinimo patirt\u012f.<br \/>\n10. Kaip 15000 PUFF JNR VAPE VOPK u\u017etikrina naudotojo patogum\u0105?<\/p>\n<p>Didel\u0117 p\u016btimo talpa, vizualiai patrauklus dizainas ir pa\u017eangi rit\u0117s technologija VOPK SHISHA VAPE 15000 PUFFS teikia pirmenyb\u0119 naudotojo pasitenkinimui ir patogumui, tod\u0117l tai yra idealus pasirinkimas tiek pradedantiesiems, tiek patyrusiems garintojams.<\/p>\n<p>&nbsp;<\/p>\n<p>Raskite daugiau garintuv\u0173, kurie jums gali patikti:<em><a href=\"https:\/\/rmvapesale.com\/lt\/shop-2\/\">pirkti dabar\u00a0<\/a><\/em><\/p>\n<p>kiti kar\u0161tai parduodami garintuvai, kurie jums gali patikti:<\/p>","protected":false},"excerpt":{"rendered":"<p class=\"LC20lb MBeuO DKV0Md\">15K \u012eP\u016aTIM\u0172 JNR VAPE VOPK Didmenin\u0117 kaina<br \/>\n15K \u012eP\u016aTIM\u0172 JNR SHISHA VOPK Gamyklos kaina<br \/>\n15K \u012eP\u016aTIM\u0172 VAPE SHISHA VOPK Nuolaidos kaina<br \/>\n<strong>Susisiekite su Amy d\u0117l daugiau nuolaid\u0173 ir ma\u017eesnio minimalaus u\u017esakymo kiekio garintuvo<\/strong><\/p>\n<p><img loading=\"lazy\" decoding=\"async\" class=\"size-medium wp-image-1814\" src=\"https:\/\/rmvapesale.com\/wp-content\/uploads\/2024\/04\/whatsapp-amy-229x300.jpg\" alt=\"whatsapp amy\" width=\"229\" height=\"300\" srcset=\"https:\/\/rmvapesale.com\/wp-content\/uploads\/2024\/04\/whatsapp-amy-229x300.jpg 229w, https:\/\/rmvapesale.com\/wp-content\/uploads\/2024\/04\/whatsapp-amy-783x1024.jpg 783w, https:\/\/rmvapesale.com\/wp-content\/uploads\/2024\/04\/whatsapp-amy-768x1005.jpg 768w, https:\/\/rmvapesale.com\/wp-content\/uploads\/2024\/04\/whatsapp-amy-600x785.jpg 600w, https:\/\/rmvapesale.com\/wp-content\/uploads\/2024\/04\/whatsapp-amy.jpg 990w\" sizes=\"auto, (max-width: 229px) 100vw, 229px\" \/><\/p>\n<h3><span style=\"color: #ff0000\"><strong>WhatsApp: +86 17776015835<\/strong><\/span><\/h3>","protected":false},"featured_media":1864,"comment_status":"open","ping_status":"closed","template":"","meta":{"_uag_custom_page_level_css":"","_lmt_disableupdate":"no","_lmt_disable":"","site-sidebar-layout":"default","site-content-layout":"content-boxed-container","ast-site-content-layout":"normal-width-container","site-content-style":"boxed","site-sidebar-style":"unboxed","ast-global-header-display":"","ast-banner-title-visibility":"","ast-main-header-display":"","ast-hfb-above-header-display":"","ast-hfb-below-header-display":"","ast-hfb-mobile-header-display":"","site-post-title":"","ast-breadcrumbs-content":"","ast-featured-img":"","footer-sml-layout":"","theme-transparent-header-meta":"default","adv-header-id-meta":"","stick-header-meta":"","header-above-stick-meta":"","header-main-stick-meta":"","header-below-stick-meta":"","astra-migrate-meta-layouts":"set","ast-page-background-enabled":"default","ast-page-background-meta":{"desktop":{"background-color":"var(--ast-global-color-4)","background-image":"","background-repeat":"repeat","background-position":"center center","background-size":"auto","background-attachment":"scroll","background-type":"","background-media":"","overlay-type":"","overlay-color":"","overlay-opacity":"","overlay-gradient":""},"tablet":{"background-color":"","background-image":"","background-repeat":"repeat","background-position":"center center","background-size":"auto","background-attachment":"scroll","background-type":"","background-media":"","overlay-type":"","overlay-color":"","overlay-opacity":"","overlay-gradient":""},"mobile":{"background-color":"","background-image":"","background-repeat":"repeat","background-position":"center center","background-size":"auto","background-attachment":"scroll","background-type":"","background-media":"","overlay-type":"","overlay-color":"","overlay-opacity":"","overlay-gradient":""}},"ast-content-background-meta":{"desktop":{"background-color":"var(--ast-global-color-5)","background-image":"","background-repeat":"repeat","background-position":"center center","background-size":"auto","background-attachment":"scroll","background-type":"","background-media":"","overlay-type":"","overlay-color":"","overlay-opacity":"","overlay-gradient":""},"tablet":{"background-color":"var(--ast-global-color-5)","background-image":"","background-repeat":"repeat","background-position":"center center","background-size":"auto","background-attachment":"scroll","background-type":"","background-media":"","overlay-type":"","overlay-color":"","overlay-opacity":"","overlay-gradient":""},"mobile":{"background-color":"var(--ast-global-color-5)","background-image":"","background-repeat":"repeat","background-position":"center center","background-size":"auto","background-attachment":"scroll","background-type":"","background-media":"","overlay-type":"","overlay-color":"","overlay-opacity":"","overlay-gradient":""}},"_joinchat":[]},"product_brand":[],"product_cat":[25,289,293,295,296,280,26,28,27,31,61,137,136,15,30],"product_tag":[44,40,41,43,42,37],"class_list":{"0":"post-1869","1":"product","2":"type-product","3":"status-publish","4":"has-post-thumbnail","6":"product_cat-germany-best-selling-vape","7":"product_cat-big-puffs-disposable-vapes","8":"product_cat-low-nicotine-disposable-vapes","9":"product_cat-rechargeable-disposable-vapes","10":"product_cat-shisha-hookah-disposable-vapes","11":"product_cat-vopk-vape","12":"product_cat-netherlands-hot-sale-vape","13":"product_cat-poland-hot-sale-vape","14":"product_cat-fance-hot-sale-vape","15":"product_cat-randm-fumot-vape","16":"product_cat-15000-puffs-disposable-vapes","17":"product_cat-rechargeable-vapes","18":"product_cat-smart-screen-vapes","19":"product_cat-new-vape-this-week","20":"product_cat-minimum-order-quantity-50pcs","21":"product_tag-15k-puffs-15000-vape-wholesale","22":"product_tag-hot-sale-vape","23":"product_tag-original-factory-vape","24":"product_tag-shisha-vape","25":"product_tag-vopk-vape","26":"product_tag-wholesale-vape-price","27":"desktop-align-left","28":"tablet-align-left","29":"mobile-align-left","31":"first","32":"instock","33":"sale","34":"shipping-taxable","35":"purchasable","36":"product-type-simple"},"uagb_featured_image_src":{"full":["https:\/\/rmvapesale.com\/wp-content\/uploads\/2024\/04\/VOPK-SHISHA-VAPE-15K-PUFFS-PRICE.jpg",500,500,false],"thumbnail":["https:\/\/rmvapesale.com\/wp-content\/uploads\/2024\/04\/VOPK-SHISHA-VAPE-15K-PUFFS-PRICE-150x150.jpg",150,150,true],"medium":["https:\/\/rmvapesale.com\/wp-content\/uploads\/2024\/04\/VOPK-SHISHA-VAPE-15K-PUFFS-PRICE-300x300.jpg",300,300,true],"medium_large":["https:\/\/rmvapesale.com\/wp-content\/uploads\/2024\/04\/VOPK-SHISHA-VAPE-15K-PUFFS-PRICE.jpg",500,500,false],"large":["https:\/\/rmvapesale.com\/wp-content\/uploads\/2024\/04\/VOPK-SHISHA-VAPE-15K-PUFFS-PRICE.jpg",500,500,false],"1536x1536":["https:\/\/rmvapesale.com\/wp-content\/uploads\/2024\/04\/VOPK-SHISHA-VAPE-15K-PUFFS-PRICE.jpg",500,500,false],"2048x2048":["https:\/\/rmvapesale.com\/wp-content\/uploads\/2024\/04\/VOPK-SHISHA-VAPE-15K-PUFFS-PRICE.jpg",500,500,false],"trp-custom-language-flag":["https:\/\/rmvapesale.com\/wp-content\/uploads\/2024\/04\/VOPK-SHISHA-VAPE-15K-PUFFS-PRICE.jpg",12,12,false],"woocommerce_thumbnail":["https:\/\/rmvapesale.com\/wp-content\/uploads\/2024\/04\/VOPK-SHISHA-VAPE-15K-PUFFS-PRICE-300x300.jpg",300,300,true],"woocommerce_single":["https:\/\/rmvapesale.com\/wp-content\/uploads\/2024\/04\/VOPK-SHISHA-VAPE-15K-PUFFS-PRICE.jpg",500,500,false],"woocommerce_gallery_thumbnail":["https:\/\/rmvapesale.com\/wp-content\/uploads\/2024\/04\/VOPK-SHISHA-VAPE-15K-PUFFS-PRICE-100x100.jpg",100,100,true],"wcpr-photo-reviews":["https:\/\/rmvapesale.com\/wp-content\/uploads\/2024\/04\/VOPK-SHISHA-VAPE-15K-PUFFS-PRICE.jpg",500,500,false]},"uagb_author_info":{"display_name":"yannazhan","author_link":"https:\/\/rmvapesale.com\/lt\/author\/"},"uagb_comment_info":0,"uagb_excerpt":"15K PUFFS JNR VAPE VOPK Wholesale Price 15K PUFFS JNR SHISHA VOPK Factory Price 15K PUFFS VAPE SHISHA VOPK Discount Price Contact Amy For More Discount And Lower MOQ Vape WhatsApp: +86 17776015835","_links":{"self":[{"href":"https:\/\/rmvapesale.com\/lt\/wp-json\/wp\/v2\/product\/1869","targetHints":{"allow":["GET"]}}],"collection":[{"href":"https:\/\/rmvapesale.com\/lt\/wp-json\/wp\/v2\/product"}],"about":[{"href":"https:\/\/rmvapesale.com\/lt\/wp-json\/wp\/v2\/types\/product"}],"replies":[{"embeddable":true,"href":"https:\/\/rmvapesale.com\/lt\/wp-json\/wp\/v2\/comments?post=1869"}],"wp:featuredmedia":[{"embeddable":true,"href":"https:\/\/rmvapesale.com\/lt\/wp-json\/wp\/v2\/media\/1864"}],"wp:attachment":[{"href":"https:\/\/rmvapesale.com\/lt\/wp-json\/wp\/v2\/media?parent=1869"}],"wp:term":[{"taxonomy":"product_brand","embeddable":true,"href":"https:\/\/rmvapesale.com\/lt\/wp-json\/wp\/v2\/product_brand?post=1869"},{"taxonomy":"product_cat","embeddable":true,"href":"https:\/\/rmvapesale.com\/lt\/wp-json\/wp\/v2\/product_cat?post=1869"},{"taxonomy":"product_tag","embeddable":true,"href":"https:\/\/rmvapesale.com\/lt\/wp-json\/wp\/v2\/product_tag?post=1869"}],"curies":[{"name":"wp","href":"https:\/\/api.w.org\/{rel}","templated":true}]}}