{"id":1874,"date":"2024-05-09T07:00:52","date_gmt":"2024-05-09T07:00:52","guid":{"rendered":"https:\/\/rmvapesale.com\/?post_type=product&#038;p=1874"},"modified":"2024-10-21T08:04:35","modified_gmt":"2024-10-21T08:04:35","slug":"randm-tornado-15000-puffs-15k-vape-recharge-fumot-original-vape-factory-price","status":"publish","type":"product","link":"https:\/\/rmvapesale.com\/lt\/product\/randm-tornado-15000-puffs-15k-vape-recharge-fumot-original-vape-factory-price\/","title":{"rendered":"RANDM TORNADO 15000 PUFFS 15K VAPE KROVIMAS FUMOT ORIGINAL VAPE GAMYKLIN\u0116 KAINA"},"content":{"rendered":"<h1>RANDM TORNADO 15000 PUFFS 15K VAPE KROVIMAS FUMOT ORIGINAL VAPE GAMYKLIN\u0116 KAINA<\/h1>\n<p>RANDM TORNADO VAPE 15000 PUFFS \u012ekraunamas vape dabar yra populiarus daugelyje Europos \u0161ali\u0173, toki\u0173 kaip Vokietija, Nyderlandai, Pranc\u016bzija, Italija, Ispanija, \u0160veicarija, \u0160vedija, Lenkija ir kt. Kaip nusipirkti Randm Tornado 15k Vapes? Kas yra Fumot tornado 15k vape? Pasisveikinkite su RANDM Tornado 15K Vape \u2013 auk\u0161\u010diausios klas\u0117s Fumot k\u016briniu. \u0160is blogiukas turi 15 000 \u012fkv\u0117pim\u0173 talp\u0105, o tai pakelia kartel\u0119 vape pasaulyje. \u0160\u012f vape suk\u016br\u0117 Shenzhen Fumot Technology burtininkai, jis ne tik atrodo \u0161auniai, bet ir pristato prekes.<\/p>\n<p>Su nikotino kiekiu nuo 0% iki 5% ir i\u0161 anksto \u012fkeltu 25 ml e-skys\u010dio, jis turi skoni\u0173 kiekvienai dienai. Maitinamas 850 mAh \u012fkraunama baterija ir 0,9 \u03a9 Mesh rite, jis garantuoja skland\u017eius sm\u016bgius kiekvien\u0105 kart\u0105. Steb\u0117kite savo sul\u010di\u0173 ir akumuliatoriaus lygius naudodami LED indikatori\u0173 \u2013 tai labai paprasta. Pasiruo\u0161kite nepamir\u0161tamai vape patir\u010diai su RANDM Tornado 15K Vape<\/p>\n<p>&nbsp;<\/p>\n<p><strong>Prid\u0117kite pardavim\u0173 vadybinink\u0119 AMY whatsapp <a href=\"https:\/\/wa.me\/8617776015835\" target=\"_blank\" rel=\"noopener\">+86-17776015835<\/a> gaukite daugiau nuolaid\u0173!<\/strong><\/p>\n<p><img loading=\"lazy\" decoding=\"async\" class=\"size-medium wp-image-1814\" src=\"https:\/\/rmvapesale.com\/wp-content\/uploads\/2024\/04\/whatsapp-amy-229x300.jpg\" alt=\"whatsapp amy\" width=\"229\" height=\"300\" srcset=\"https:\/\/rmvapesale.com\/wp-content\/uploads\/2024\/04\/whatsapp-amy-229x300.jpg 229w, https:\/\/rmvapesale.com\/wp-content\/uploads\/2024\/04\/whatsapp-amy-783x1024.jpg 783w, https:\/\/rmvapesale.com\/wp-content\/uploads\/2024\/04\/whatsapp-amy-768x1005.jpg 768w, https:\/\/rmvapesale.com\/wp-content\/uploads\/2024\/04\/whatsapp-amy-600x785.jpg 600w, https:\/\/rmvapesale.com\/wp-content\/uploads\/2024\/04\/whatsapp-amy.jpg 990w\" sizes=\"auto, (max-width: 229px) 100vw, 229px\" \/><\/p>\n<h2>FUMOT TORNADO 15000 vienkartinio Vape specifikacijos:<\/h2>\n<p>Nikotino kiekio parinktys: 0%, 2%, 3% ir 5%<br \/>\nIki 15000 \u012fkv\u0117pim\u0173<br \/>\nI\u0161 anksto u\u017epildyta 25 ml e-skys\u010dio<br \/>\n850 mAh \u012fkraunama baterija<br \/>\n0,9 \u03a9 Mesh rit\u0117<br \/>\n41 galimas skonis<\/p>\n<h2>Geriausias Randm 15000 Puff skonis<\/h2>\n<p>1 M\u0117lyna avie\u010di\u0173 limonadas<br \/>\n2 Persik\u0173 ledas<br \/>\n3 R\u016bg\u0161tus obuolys<br \/>\n4 Arb\u016bz\u0173 ledas<br \/>\n5 M\u0117lyni\u0173 su ledu<br \/>\n6 M\u0117lyn\u0117s ir aviet\u0117s<br \/>\n7 Ananas\u0173 ledas<br \/>\n8 Vy\u0161nia<br \/>\n9 Bra\u0161ki\u0173 ledas<br \/>\n10 Vimto\u00a0 <span style=\"color: #ff0000\"><strong>&gt;&gt;&gt;&gt; Kar\u0161ta!<\/strong><\/span><br \/>\n11 Vynuogi\u0173 ledas<br \/>\n12 Kola ledas<br \/>\n13 Bra\u0161k\u0117s ir arb\u016bzas<br \/>\n14 Ro\u017einis limonadas <span style=\"color: #ff0000\"><strong>&gt;&gt;&gt;&gt; Geriausias!<\/strong><\/span><br \/>\n15 Mi\u0161rios uogos <span style=\"color: #ff0000\"><strong>&gt;&gt;&gt;&gt; Kar\u0161ta!<\/strong><\/span><br \/>\n16 Persikas ir mangas<br \/>\n17. Drakono vaisius<br \/>\n18. Bra\u0161k\u0117s ir vynuog\u0117s<br \/>\n19. Ponas m\u0117lynasis <span style=\"color: #ff0000\"><strong>&gt;&gt;&gt;&gt; Kar\u0161ta!<\/strong><\/span><br \/>\n20. Sodrus ledas<br \/>\n21. Led\u0173 porcija<br \/>\n22. Bra\u0161k\u0117s ir kiviai<br \/>\n23. Kiviai, pasiflorai ir gvajavos<br \/>\n24. Trigubos uogos <span style=\"color: #ff0000\"><strong>&gt;&gt;&gt;&gt; Kar\u0161ta!<\/strong><\/span><br \/>\n25. Banan\u0173 ledai<br \/>\n26. Persik\u0173 ir m\u0117lyni\u0173 saldainiai<br \/>\n27. Obuoli\u0173, persik\u0173 ir kriau\u0161i\u0173<br \/>\n28. Uog\u0173 limonadas<br \/>\n29. M\u0117lyni\u0173 avie\u010di\u0173 vy\u0161nios<br \/>\n30. M\u0117lyni\u0173 kramtomoji guma<br \/>\n31. M\u0117lyni\u0173, vy\u0161ni\u0173 ir spanguoli\u0173<br \/>\n32. M\u0117lyni\u0173 granatas<br \/>\n33. R\u016bg\u0161\u010diosios m\u0117lynosios aviet\u0117s<br \/>\n34. Vy\u0161ni\u0173 kola<br \/>\n35. Guminukas<br \/>\n36. Citrina<br \/>\n37. Mangas su ledu<br \/>\n38. Raudonos energijos ledas<br \/>\n39. Bra\u0161kinis bananas<br \/>\n40. Bra\u0161kinis \u201eRed Bull\u201c<br \/>\n41. Bra\u0161ki\u0173 arb\u016bz\u0173 limonadas<\/p>\n<p>&nbsp;<\/p>\n<h2>DUK apie \u201eRandm Tornado 15000\u201c<\/h2>\n<p>1. Kas yra originalus \u201eRANDM VAPE 15K TORNADO\u201c?<br \/>\nOriginalus \u201eRANDM VAPE 15K TORNADO\u201c yra populiarus vienkartinis garinimo prietaisas, pagamintas \u201eFumot Vape Tech\u201c. Jis pavadintas d\u0117l \u012fsp\u016bdingos 15 000 \u012ftraukim\u0173 talpos.<\/p>\n<p>2. Kas gamina tikr\u0105j\u012f \u201eRANDM VAPE 15K TORNADO\u201c?<br \/>\nTikr\u0105j\u012f \u201eRANDM VAPE 15K TORNADO\u201c gamina \u201eShenzhen Fumot Technology\u201c, pirmaujanti garinimo pramon\u0117s \u012fmon\u0117, \u017einoma d\u0117l savo novatori\u0161k\u0173 produkt\u0173.<\/p>\n<p>3. Kuo unikalus autenti\u0161kas \u201eRANDM VAPE 15K TORNADO\u201c?<\/p>\n<p>D\u0117l savo 15 000 \u012ftraukim\u0173 talpos, autenti\u0161kas \u201eRANDM VAPE 15K TORNADO\u201c i\u0161siskiria kaip vienas did\u017eiausios talpos vienkartini\u0173 garintuv\u0173 rinkoje. Tai geras pasirinkimas tiems, kurie nori ilgiau tarnaujan\u010di\u0173 prietais\u0173.<\/p>\n<p>4. Koki\u0173 skoni\u0173 yra tikrasis \u201eRANDM VAPE 15K TORNADO\u201c?<br \/>\nTikrasis \u201eRANDM VAPE 15K TORNADO\u201c yra \u012fvairi\u0173 skoni\u0173, \u012fskaitant obuoli\u0173, persik\u0173 ir kriau\u0161i\u0173, banan\u0173 led\u0173, uog\u0173 limonado, m\u0117lyni\u0173 avie\u010di\u0173 vy\u0161ni\u0173 ir daugel\u012f kit\u0173. Galima rinktis i\u0161 41 skonio, tod\u0117l kiekvienas ras ka\u017ek\u0105 sau.<\/p>\n<p>5. Kiek laiko veikia autenti\u0161ko \u201eRANDM VAPE 15K TORNADO\u201c baterija?<br \/>\nAutenti\u0161kas \u201eRANDM VAPE 15K TORNADO\u201c turi \u012fmontuot\u0105 850 mAh talpos baterij\u0105, kuri leid\u017eia ilgiau naudotis vienu \u012fkrovimu. Tikslus baterijos veikimo laikas priklauso nuo individuali\u0173 naudojimo \u012fpro\u010di\u0173.<\/p>\n<p>6. Ar original\u0173 \u201eRANDM VAPE 15000 TORNADO\u201c galima \u012fkrauti?<br \/>\nNe, originalus \u201eRANDM VAPE 15000 TORNADO\u201c yra vienkartinis garinimo prietaisas ir jo negalima \u012fkrauti. Kai baterija i\u0161sikrauna arba pasibaigia e. skystis, prietais\u0105 reikia atsakingai i\u0161mesti.<\/p>\n<p>7. Kaip galiu \u012fsigyti original\u0173 RANDM VAPE 15000?<br \/>\nOriginal\u0173 RANDM VAPE 15000 galima \u012fsigyti per \u012fgaliotus platintojus. D\u0117l didmenini\u0173 u\u017eklaus\u0173 platintojai gali <a href=\"https:\/\/wa.me\/8617776015835\" target=\"_blank\" rel=\"noopener\">susisiekite SU mumis<\/a> tiesiogiai. Ma\u017emeniniai klientai gali rasti produkt\u0105 pasirinktose ma\u017emenin\u0117s prekybos vietose arba internetin\u0117se parduotuv\u0117se.<\/p>\n<p>&nbsp;<\/p>\n<p>Raskite daugiau garintuv\u0173, kurie jums gali patikti:<em><a href=\"https:\/\/rmvapesale.com\/lt\/shop-2\/\">pirkti dabar\u00a0<\/a><\/em><\/p>\n<p>kiti kar\u0161tai parduodami garintuvai, kurie jums gali patikti:<\/p>\n<p><a href=\"https:\/\/rmvapesale.com\/lt\/product\/jnr-shisha-vape-15000-puffs-wholesale-price-with-screen-vape\/\">VOPK SHISHA 15K<\/a><\/p>\n<p><a href=\"https:\/\/rmvapesale.com\/lt\/product\/randm-vape-al-fakher-10000-puffs-vape-wholesale\/\">randm vape AI FAKHER 15k vape<\/a><\/p>","protected":false},"excerpt":{"rendered":"<p class=\"LC20lb MBeuO DKV0Md\">15K PUFFS FUMOT VAPE RANDM Didmenin\u0117 kaina<br \/>\n15K PUFFS FUMOT ORIGINALUS RANDM Gamyklos kaina<br \/>\n15K PUFFS Tikras FUMOT VAPE TORNADO RANDM Nuolaidos kaina<br \/>\n<strong>Susisiekite su Amy d\u0117l daugiau nuolaid\u0173 ir ma\u017eesnio minimalaus u\u017esakymo kiekio garintuvo<\/strong><\/p>\n<p><img loading=\"lazy\" decoding=\"async\" class=\"size-medium wp-image-1814\" src=\"https:\/\/rmvapesale.com\/wp-content\/uploads\/2024\/04\/whatsapp-amy-229x300.jpg\" alt=\"whatsapp amy\" width=\"229\" height=\"300\" srcset=\"https:\/\/rmvapesale.com\/wp-content\/uploads\/2024\/04\/whatsapp-amy-229x300.jpg 229w, https:\/\/rmvapesale.com\/wp-content\/uploads\/2024\/04\/whatsapp-amy-783x1024.jpg 783w, https:\/\/rmvapesale.com\/wp-content\/uploads\/2024\/04\/whatsapp-amy-768x1005.jpg 768w, https:\/\/rmvapesale.com\/wp-content\/uploads\/2024\/04\/whatsapp-amy-600x785.jpg 600w, https:\/\/rmvapesale.com\/wp-content\/uploads\/2024\/04\/whatsapp-amy.jpg 990w\" sizes=\"auto, (max-width: 229px) 100vw, 229px\" \/><\/p>\n<h3><span style=\"color: #ff0000\"><strong>WhatsApp: +86 17776015835<\/strong><\/span><\/h3>","protected":false},"featured_media":1877,"comment_status":"open","ping_status":"closed","template":"","meta":{"_uag_custom_page_level_css":"","_lmt_disableupdate":"no","_lmt_disable":"","site-sidebar-layout":"default","site-content-layout":"content-boxed-container","ast-site-content-layout":"normal-width-container","site-content-style":"boxed","site-sidebar-style":"unboxed","ast-global-header-display":"","ast-banner-title-visibility":"","ast-main-header-display":"","ast-hfb-above-header-display":"","ast-hfb-below-header-display":"","ast-hfb-mobile-header-display":"","site-post-title":"","ast-breadcrumbs-content":"","ast-featured-img":"","footer-sml-layout":"","theme-transparent-header-meta":"default","adv-header-id-meta":"","stick-header-meta":"","header-above-stick-meta":"","header-main-stick-meta":"","header-below-stick-meta":"","astra-migrate-meta-layouts":"set","ast-page-background-enabled":"default","ast-page-background-meta":{"desktop":{"background-color":"var(--ast-global-color-4)","background-image":"","background-repeat":"repeat","background-position":"center center","background-size":"auto","background-attachment":"scroll","background-type":"","background-media":"","overlay-type":"","overlay-color":"","overlay-opacity":"","overlay-gradient":""},"tablet":{"background-color":"","background-image":"","background-repeat":"repeat","background-position":"center center","background-size":"auto","background-attachment":"scroll","background-type":"","background-media":"","overlay-type":"","overlay-color":"","overlay-opacity":"","overlay-gradient":""},"mobile":{"background-color":"","background-image":"","background-repeat":"repeat","background-position":"center center","background-size":"auto","background-attachment":"scroll","background-type":"","background-media":"","overlay-type":"","overlay-color":"","overlay-opacity":"","overlay-gradient":""}},"ast-content-background-meta":{"desktop":{"background-color":"var(--ast-global-color-5)","background-image":"","background-repeat":"repeat","background-position":"center center","background-size":"auto","background-attachment":"scroll","background-type":"","background-media":"","overlay-type":"","overlay-color":"","overlay-opacity":"","overlay-gradient":""},"tablet":{"background-color":"var(--ast-global-color-5)","background-image":"","background-repeat":"repeat","background-position":"center center","background-size":"auto","background-attachment":"scroll","background-type":"","background-media":"","overlay-type":"","overlay-color":"","overlay-opacity":"","overlay-gradient":""},"mobile":{"background-color":"var(--ast-global-color-5)","background-image":"","background-repeat":"repeat","background-position":"center center","background-size":"auto","background-attachment":"scroll","background-type":"","background-media":"","overlay-type":"","overlay-color":"","overlay-opacity":"","overlay-gradient":""}},"_joinchat":[]},"product_brand":[],"product_cat":[25,51,123,26,28,135,27,31,61,137,15,30],"product_tag":[44,39,40,41,171,38,37],"class_list":{"0":"post-1874","1":"product","2":"type-product","3":"status-publish","4":"has-post-thumbnail","6":"product_cat-germany-best-selling-vape","7":"product_cat-fumot-vape","8":"product_cat-italy-wholesale-vape","9":"product_cat-netherlands-hot-sale-vape","10":"product_cat-poland-hot-sale-vape","11":"product_cat-spain-best-hot-sale-vape","12":"product_cat-fance-hot-sale-vape","13":"product_cat-randm-fumot-vape","14":"product_cat-15000-puffs-disposable-vapes","15":"product_cat-rechargeable-vapes","16":"product_cat-new-vape-this-week","17":"product_cat-minimum-order-quantity-50pcs","18":"product_tag-15k-puffs-15000-vape-wholesale","19":"product_tag-fumot-vape","20":"product_tag-hot-sale-vape","21":"product_tag-original-factory-vape","22":"product_tag-randm-15000","23":"product_tag-randm-vape","24":"product_tag-wholesale-vape-price","25":"desktop-align-left","26":"tablet-align-left","27":"mobile-align-left","29":"first","30":"instock","31":"sale","32":"shipping-taxable","33":"purchasable","34":"product-type-simple"},"uagb_featured_image_src":{"full":["https:\/\/rmvapesale.com\/wp-content\/uploads\/2024\/05\/randm-vape-tornado-15k-fumot.jpg",424,589,false],"thumbnail":["https:\/\/rmvapesale.com\/wp-content\/uploads\/2024\/05\/randm-vape-tornado-15k-fumot-150x150.jpg",150,150,true],"medium":["https:\/\/rmvapesale.com\/wp-content\/uploads\/2024\/05\/randm-vape-tornado-15k-fumot-216x300.jpg",216,300,true],"medium_large":["https:\/\/rmvapesale.com\/wp-content\/uploads\/2024\/05\/randm-vape-tornado-15k-fumot.jpg",424,589,false],"large":["https:\/\/rmvapesale.com\/wp-content\/uploads\/2024\/05\/randm-vape-tornado-15k-fumot.jpg",424,589,false],"1536x1536":["https:\/\/rmvapesale.com\/wp-content\/uploads\/2024\/05\/randm-vape-tornado-15k-fumot.jpg",424,589,false],"2048x2048":["https:\/\/rmvapesale.com\/wp-content\/uploads\/2024\/05\/randm-vape-tornado-15k-fumot.jpg",424,589,false],"trp-custom-language-flag":["https:\/\/rmvapesale.com\/wp-content\/uploads\/2024\/05\/randm-vape-tornado-15k-fumot.jpg",9,12,false],"woocommerce_thumbnail":["https:\/\/rmvapesale.com\/wp-content\/uploads\/2024\/05\/randm-vape-tornado-15k-fumot-300x300.jpg",300,300,true],"woocommerce_single":["https:\/\/rmvapesale.com\/wp-content\/uploads\/2024\/05\/randm-vape-tornado-15k-fumot.jpg",424,589,false],"woocommerce_gallery_thumbnail":["https:\/\/rmvapesale.com\/wp-content\/uploads\/2024\/05\/randm-vape-tornado-15k-fumot-100x100.jpg",100,100,true],"wcpr-photo-reviews":["https:\/\/rmvapesale.com\/wp-content\/uploads\/2024\/05\/randm-vape-tornado-15k-fumot.jpg",360,500,false]},"uagb_author_info":{"display_name":"yannazhan","author_link":"https:\/\/rmvapesale.com\/lt\/author\/"},"uagb_comment_info":0,"uagb_excerpt":"15K PUFFS FUMOT VAPE RANDM Wholesale Price 15K PUFFS FUMOT ORIGINAL RANDM\u00a0 Factory Price 15K PUFFS Genuine FUMOT VAPE TORNADO RANDM Discount Price Contact Amy For More Discount And Lower MOQ Vape WhatsApp: +86 17776015835","_links":{"self":[{"href":"https:\/\/rmvapesale.com\/lt\/wp-json\/wp\/v2\/product\/1874","targetHints":{"allow":["GET"]}}],"collection":[{"href":"https:\/\/rmvapesale.com\/lt\/wp-json\/wp\/v2\/product"}],"about":[{"href":"https:\/\/rmvapesale.com\/lt\/wp-json\/wp\/v2\/types\/product"}],"replies":[{"embeddable":true,"href":"https:\/\/rmvapesale.com\/lt\/wp-json\/wp\/v2\/comments?post=1874"}],"wp:featuredmedia":[{"embeddable":true,"href":"https:\/\/rmvapesale.com\/lt\/wp-json\/wp\/v2\/media\/1877"}],"wp:attachment":[{"href":"https:\/\/rmvapesale.com\/lt\/wp-json\/wp\/v2\/media?parent=1874"}],"wp:term":[{"taxonomy":"product_brand","embeddable":true,"href":"https:\/\/rmvapesale.com\/lt\/wp-json\/wp\/v2\/product_brand?post=1874"},{"taxonomy":"product_cat","embeddable":true,"href":"https:\/\/rmvapesale.com\/lt\/wp-json\/wp\/v2\/product_cat?post=1874"},{"taxonomy":"product_tag","embeddable":true,"href":"https:\/\/rmvapesale.com\/lt\/wp-json\/wp\/v2\/product_tag?post=1874"}],"curies":[{"name":"wp","href":"https:\/\/api.w.org\/{rel}","templated":true}]}}