{"id":1886,"date":"2024-05-15T08:46:17","date_gmt":"2024-05-15T08:46:17","guid":{"rendered":"https:\/\/rmvapesale.com\/?post_type=product&#038;p=1886"},"modified":"2024-10-21T08:52:11","modified_gmt":"2024-10-21T08:52:11","slug":"original-randm-vape-digital-puff-12000-fumot-factory-price","status":"publish","type":"product","link":"https:\/\/rmvapesale.com\/lt\/product\/original-randm-vape-digital-puff-12000-fumot-factory-price\/","title":{"rendered":"Originalus Randm Vape Digital Puff 12000 FUMOT gamyklos kaina"},"content":{"rendered":"<h1>Originalus Randm Vape Digital Puff 12000 FUMOT gamyklos kaina<\/h1>\n<p>Naujausias <strong>Originalus Randm Vape Digital Puff 12000<\/strong>, puikus pasirinkimas pl\u0117sti savo rink\u0105 Europoje, pavyzd\u017eiui, Vokietijoje, Nyderlanduose, Pranc\u016bzijoje, Italijoje, Ispanijoje, \u0160veicarijoje, \u0160vedijoje, Lenkijoje ir kt. \u0160is pa\u017eangus garinimo \u012frenginys ne tik pasi\u017eymi puikiu na\u0161umu, bet ir si\u016blo \u012fvairius skonius, atitinkan\u010dius skirtingus vartotoj\u0173 pageidavimus.<\/p>\n<p>Su <strong>Fumot Digital Box 12000 vienkartinis garintuvas<\/strong> yra apr\u016bpintas 20 ml e-skys\u010dio talpa, suteikian\u010dia iki 12 000 \u012fkv\u0117pim\u0173 vienam \u012frenginiui, u\u017etikrinan\u010diu ilgalaik\u012f vartotoj\u0173 m\u0117gavim\u0105si. Jame yra integruota 850 mAh \u012fkraunama baterija su patogiu baterijos ir e-skys\u010dio ekranu, leid\u017eian\u010diu vartotojams lengvai steb\u0117ti likusi\u0105 gali\u0105 ir e-skys\u010dio lyg\u012f, kad garinimas b\u016bt\u0173 be r\u016bpes\u010di\u0173.<\/p>\n<p>Si\u016blome plat\u0173 skoni\u0173 asortiment\u0105, \u012fskaitant Cool Mint, Watermelon Ice, Grape Ice, Blueberry Raspberry, Strawberry Watermelon ir daugel\u012f kit\u0173, i\u0161 viso 24 unikalias galimybes. Pavyzd\u017eiui, Cool Mint suteikia gaiv\u0173 ir v\u0117s\u0173 poj\u016bt\u012f, o Watermelon Ice derina sald\u017eias ir ledines natas, kad patirtis b\u016bt\u0173 maloni, puikiai tinkanti kar\u0161toms vasaros dienoms.<\/p>\n<p>Be to, <strong>Fumot Digital Randm 12000 Vienkartinis Garintuvas<\/strong> naudojama pa\u017eangi nikotino druskos technologija, prieinama su 0%, 2%, 3% ir 5% nikotino koncentracija, leid\u017eianti vartotojams pasirinkti lyg\u012f, kuris geriausiai atitinka j\u0173 poreikius.<\/p>\n<p>B\u016bdami didmenininku, galite gauti naudos i\u0161 m\u016bs\u0173 tiesiogini\u0173 gamyklos kain\u0173, u\u017etikrinan\u010di\u0173 maksimal\u0173 i\u0161laid\u0173 efektyvum\u0105. M\u016bs\u0173 minimalus u\u017esakymo kiekis yra tik 50 vienet\u0173, idealiai tinka didmenininkams, pirm\u0105 kart\u0105 importuojantiems elektronines cigaretes i\u0161 Kinijos. Mes taip pat teikiame 24 valand\u0173 klient\u0173 aptarnavim\u0105 ir tvarkome visus muitin\u0117s formalumus, kad j\u016bs\u0173 pirkimo procesas b\u016bt\u0173 sklandus ir be r\u016bpes\u010di\u0173.<\/p>\n<p><strong>Prid\u0117kite pardavim\u0173 vadybinink\u0119 AMY whatsapp <a href=\"https:\/\/wa.me\/8617776015835\" target=\"_blank\" rel=\"noopener\">+86-17776015835<\/a> gaukite daugiau nuolaid\u0173!<\/strong><\/p>\n<p><img loading=\"lazy\" decoding=\"async\" class=\"size-medium wp-image-1814\" src=\"https:\/\/rmvapesale.com\/wp-content\/uploads\/2024\/04\/whatsapp-amy-229x300.jpg\" alt=\"whatsapp amy\" width=\"229\" height=\"300\" srcset=\"https:\/\/rmvapesale.com\/wp-content\/uploads\/2024\/04\/whatsapp-amy-229x300.jpg 229w, https:\/\/rmvapesale.com\/wp-content\/uploads\/2024\/04\/whatsapp-amy-783x1024.jpg 783w, https:\/\/rmvapesale.com\/wp-content\/uploads\/2024\/04\/whatsapp-amy-768x1005.jpg 768w, https:\/\/rmvapesale.com\/wp-content\/uploads\/2024\/04\/whatsapp-amy-600x785.jpg 600w, https:\/\/rmvapesale.com\/wp-content\/uploads\/2024\/04\/whatsapp-amy.jpg 990w\" sizes=\"auto, (max-width: 229px) 100vw, 229px\" \/><\/p>\n<h2>FUMOT PUFF 12000 Vienkartinio Garintuvo specifikacijos:<\/h2>\n<p>Nikotino kiekio parinktys: 0%, 2%, 3% ir 5%<br \/>\nIki 12000 \u012fkv\u0117pim\u0173<br \/>\nI\u0161 anksto u\u017epildytas su 20 ml e-skys\u010dio<br \/>\n850 mAh \u012fkraunama baterija<br \/>\n0,9 \u03a9 Mesh rit\u0117<br \/>\n40 turim\u0173 skoni\u0173<\/p>\n<h2>Populiariausias skonis randm vape Digital 12000 Puff<\/h2>\n<p>1 V\u0117si m\u0117t\u0173<br \/>\n2 Arb\u016bz\u0173 ledas<br \/>\n3 Vynuogi\u0173 ledas<br \/>\n4 M\u0117lyni\u0173 avie\u010di\u0173 <strong><span style=\"color: #ff0000\">&gt;&gt;&gt;Kar\u0161ta\uff01<\/span><\/strong><br \/>\n5 Bra\u0161ki\u0173 arb\u016bz\u0173<br \/>\n6 Bra\u0161ki\u0173 banan\u0173<br \/>\n7 Sultingas ledas<br \/>\n8 Vy\u0161nia<br \/>\n9 Bra\u0161ki\u0173 ledas<br \/>\n10 Ledinukas<br \/>\n11 Ro\u017einis limonadas <strong><span style=\"color: #ff0000\">&gt;&gt;&gt;Geriausias!<\/span><\/strong><br \/>\n12 Mangas su ledu<br \/>\n13 Mi\u0161rios uogos<br \/>\n14 Bra\u0161kin\u0117 spurg\u0105<br \/>\n15 Bra\u0161ki\u0173 ir vynuogi\u0173<br \/>\n16 Vy\u0161ni\u0173 kola<br \/>\n17 M\u0117lynasis daktaras<br \/>\n18 M\u0117lyn\u0117 su ledu<br \/>\n19 Kivio, pasifloros ir guavos<br \/>\n20 Bra\u0161ki\u0173 ir kivio<br \/>\n21 Persik\u0173 ir mang\u0173<br \/>\n22 Persik\u0173 ledas<br \/>\n23 Raudonojo obuolio ledas<br \/>\n24 M\u0117lyni\u0173 ir kramtomosios gumos<br \/>\n25 Uog\u0173 limonadas<br \/>\n26 M\u0117lyni\u0173 ir avie\u010di\u0173 limonadas<br \/>\n27 M\u0117lynoji r\u016bg\u0161\u010dioji aviet\u0117 <strong><span style=\"color: #ff0000\">&gt;&gt;&gt;Kar\u0161ta\uff01<\/span><\/strong><br \/>\n28 Bra\u0161ki\u0173 ir Red Bull<br \/>\n29 Obuoli\u0173 uog\u0173 sprogimas<br \/>\n30 Arb\u016bz\u0173 kramtomoji guma<br \/>\n31 Avie\u010di\u0173 arb\u016bzas<br \/>\n32 Juodas ledas<br \/>\n33 M\u0117lyni\u0173 vy\u0161ni\u0173 spanguoli\u0173 <strong><span style=\"color: #ff0000\">&gt;&gt;&gt;Kar\u0161ta\uff01<\/span><\/strong><br \/>\n34 Bra\u0161ki\u0173 granatas<br \/>\n35 Vimto <strong><span style=\"color: #ff0000\">&gt;&gt;&gt;Kar\u0161ta\uff01<\/span><\/strong><br \/>\n36 Vy\u0161ni\u0173 uogos<br \/>\n37 Citrina<br \/>\n38 Bingo gniu\u017edymas<br \/>\n39 M\u0117lyni\u0173 kivis<br \/>\n40 Obuoli\u0173 cinamonas<\/p>\n<figure id=\"attachment_2480\" aria-describedby=\"caption-attachment-2480\" style=\"width: 600px\" class=\"wp-caption alignnone\"><img loading=\"lazy\" decoding=\"async\" class=\"wp-image-2480 size-full\" src=\"https:\/\/rmvapesale.com\/wp-content\/uploads\/2024\/10\/Fumot-Digital-Box-12000-Disposable-Vape.jpg\" alt=\"Fumot Digital Box 12000 vienkartinis garintuvas\" width=\"600\" height=\"600\" srcset=\"https:\/\/rmvapesale.com\/wp-content\/uploads\/2024\/10\/Fumot-Digital-Box-12000-Disposable-Vape.jpg 600w, https:\/\/rmvapesale.com\/wp-content\/uploads\/2024\/10\/Fumot-Digital-Box-12000-Disposable-Vape-300x300.jpg 300w, https:\/\/rmvapesale.com\/wp-content\/uploads\/2024\/10\/Fumot-Digital-Box-12000-Disposable-Vape-150x150.jpg 150w, https:\/\/rmvapesale.com\/wp-content\/uploads\/2024\/10\/Fumot-Digital-Box-12000-Disposable-Vape-100x100.jpg 100w\" sizes=\"auto, (max-width: 600px) 100vw, 600px\" \/><figcaption id=\"caption-attachment-2480\" class=\"wp-caption-text\">Fumot Digital Box 12000 vienkartinis garintuvas<\/figcaption><\/figure>\n<h2>Dalykai, kuriuos galite nor\u0117ti \u017einoti apie \u201eFumot Digital Puff 12000 Vape\u201c prie\u0161 perkant dideliais kiekiais.<\/h2>\n<p><strong>K1: Koki\u0173 nikotino variant\u0173 yra \u201eFumot Randm Digital 12000 Puffs Vape\u201c?<\/strong><\/p>\n<ul>\n<li>Su <strong>Originalus \u201eFumot Vape Digital 12000 Puffs\u201c<\/strong> si\u016blo nikotino druskos koncentracij\u0105: 0%, 2%, 3% ir 5%.<\/li>\n<\/ul>\n<p><strong>K2: Kiek skoni\u0173 yra \u0161iame gaminyje?<\/strong><\/p>\n<ul>\n<li>Su <strong>Originalus \u201eRandm Digital Vape 12k Puffs\u201c<\/strong> yra 24 skirting\u0173 skoni\u0173, \u012fskaitant v\u0117si\u0105 m\u0117t\u0105, arb\u016bzo led\u0105, vynuogi\u0173 led\u0105 ir daugel\u012f kit\u0173.<\/li>\n<\/ul>\n<p><strong>K3: Kokia yra \u0161io \u012frenginio e. skys\u010dio talpa ir i\u0161p\u016btim\u0173 skai\u010dius?<\/strong><\/p>\n<ul>\n<li>Su <strong>Originalus \u201eRandm Vape Digital Puffs 12000\u201c<\/strong> pasi\u017eymi 20 ml e. skys\u010dio talpa ir suteikia iki 12 000 i\u0161p\u016btim\u0173 vienam \u012frenginiui.<\/li>\n<\/ul>\n<p><strong>K4: Ar baterija \u012fkraunama ir kaip galiu steb\u0117ti jos b\u016bsen\u0105?<\/strong><\/p>\n<ul>\n<li>Taip, <strong>Originalus \u201eRandm Digital Vape 12k Puffs\u201c<\/strong> turi integruot\u0105 850 mAh \u012fkraunam\u0105 baterij\u0105 su ekranu, skirtu steb\u0117ti baterijos ir e. skys\u010dio lyg\u012f.<\/li>\n<\/ul>\n<p><strong>K5: Koks yra minimalus u\u017esakymo kiekis ir koki\u0105 param\u0105 si\u016blote naujiems importuotojams?<\/strong><\/p>\n<ul>\n<li>M\u016bs\u0173 minimalus u\u017esakymo kiekis yra 50 vienet\u0173. Si\u016blome klient\u0173 aptarnavim\u0105 24 valandas per par\u0105, 7 dienas per savait\u0119 ir tvarkome visus muitin\u0117s formalumus, tod\u0117l tai idealiai tinka importuotojams i\u0161 Kinijos, perkantiems pirm\u0105 kart\u0105.<\/li>\n<\/ul>\n<p><strong>K6: Kaip gaminys supakuojamas didmeninei prekybai?<\/strong><\/p>\n<ul>\n<li>Su <strong>Originalus \u201eFumot Digital Vape 12k Puffs\u201c<\/strong> yra supakuotas po 10 vienet\u0173 vienoje vitrin\u0117je d\u0117\u017eut\u0117je ir 200 vienet\u0173 vienoje d\u0117\u017e\u0117je.<\/li>\n<\/ul>\n<p><strong>K7: Ar yra galimybi\u0173 gauti gamyklos kain\u0105 perkant dideliais kiekiais?<\/strong><\/p>\n<ul>\n<li>Taip, mes si\u016blome <strong>Originalus Fumot Vape Digital 12k Puffs gamyklos kaina<\/strong> parinktis masiniams pirkiniams, kad gautum\u0117te geriausi\u0105 vert\u0119.<\/li>\n<\/ul>\n<p><strong>Q8: Ar galiu gauti konkurencingas kainas dideliems u\u017esakymams?<\/strong><\/p>\n<ul>\n<li>\u017dinoma, mes teikiame <strong>Originalus Randm Digital Vape 12k Puffs urmu kaina<\/strong> kad pad\u0117tume jums maksimaliai padidinti savo vape verslo pelno mar\u017eas.<\/li>\n<\/ul>\n<p>Raskite daugiau garintuv\u0173, kurie jums gali patikti:<em><a href=\"https:\/\/rmvapesale.com\/lt\/shop-2\/\">pirkti dabar\u00a0<\/a><\/em><\/p>\n<p>kiti kar\u0161tai parduodami garintuvai, kurie jums gali patikti:<\/p>\n<p><a href=\"https:\/\/rmvapesale.com\/lt\/product\/jnr-shisha-vape-15000-puffs-wholesale-price-with-screen-vape\/\">VOPK SHISHA 15K<\/a><\/p>\n<p><a href=\"https:\/\/rmvapesale.com\/lt\/product\/randm-vape-al-fakher-10000-puffs-vape-wholesale\/\">randm vape AI FAKHER 15k vape<\/a><\/p>\n<p><a href=\"https:\/\/rmvapesale.com\/lt\/product\/randm-tornado-15000-puffs-15k-vape-recharge-fumot-original-vape-factory-price\/\">Fumot digital box Puff 12000<\/a><\/p>","protected":false},"excerpt":{"rendered":"<p class=\"LC20lb MBeuO DKV0Md\">Originalus Fumot Vape Digital 12000 Gamyklos kaina<br \/>\nOriginalus Fumot Vape Digital 12 t\u016bkst. Kaina Perkant dideliais kiekiais<br \/>\nFumot Vape RandM Digital 12000 kaina Pigu<br \/>\n<strong>Susisiekite su Amy d\u0117l daugiau nuolaid\u0173 ir ma\u017eesnio minimalaus u\u017esakymo kiekio garintuvo<\/strong><\/p>\n<p><img loading=\"lazy\" decoding=\"async\" class=\"size-medium wp-image-1814\" src=\"https:\/\/rmvapesale.com\/wp-content\/uploads\/2024\/04\/whatsapp-amy-229x300.jpg\" alt=\"whatsapp amy\" width=\"229\" height=\"300\" srcset=\"https:\/\/rmvapesale.com\/wp-content\/uploads\/2024\/04\/whatsapp-amy-229x300.jpg 229w, https:\/\/rmvapesale.com\/wp-content\/uploads\/2024\/04\/whatsapp-amy-783x1024.jpg 783w, https:\/\/rmvapesale.com\/wp-content\/uploads\/2024\/04\/whatsapp-amy-768x1005.jpg 768w, https:\/\/rmvapesale.com\/wp-content\/uploads\/2024\/04\/whatsapp-amy-600x785.jpg 600w, https:\/\/rmvapesale.com\/wp-content\/uploads\/2024\/04\/whatsapp-amy.jpg 990w\" sizes=\"auto, (max-width: 229px) 100vw, 229px\" \/><\/p>\n<h3><span style=\"color: #ff0000\"><strong>WhatsApp: +86 17776015835<\/strong><\/span><\/h3>","protected":false},"featured_media":2485,"comment_status":"open","ping_status":"closed","template":"","meta":{"_uag_custom_page_level_css":"","_lmt_disableupdate":"no","_lmt_disable":"","site-sidebar-layout":"default","site-content-layout":"content-boxed-container","ast-site-content-layout":"normal-width-container","site-content-style":"boxed","site-sidebar-style":"unboxed","ast-global-header-display":"","ast-banner-title-visibility":"","ast-main-header-display":"","ast-hfb-above-header-display":"","ast-hfb-below-header-display":"","ast-hfb-mobile-header-display":"","site-post-title":"","ast-breadcrumbs-content":"","ast-featured-img":"","footer-sml-layout":"","theme-transparent-header-meta":"default","adv-header-id-meta":"","stick-header-meta":"","header-above-stick-meta":"","header-main-stick-meta":"","header-below-stick-meta":"","astra-migrate-meta-layouts":"set","ast-page-background-enabled":"default","ast-page-background-meta":{"desktop":{"background-color":"var(--ast-global-color-4)","background-image":"","background-repeat":"repeat","background-position":"center center","background-size":"auto","background-attachment":"scroll","background-type":"","background-media":"","overlay-type":"","overlay-color":"","overlay-opacity":"","overlay-gradient":""},"tablet":{"background-color":"","background-image":"","background-repeat":"repeat","background-position":"center center","background-size":"auto","background-attachment":"scroll","background-type":"","background-media":"","overlay-type":"","overlay-color":"","overlay-opacity":"","overlay-gradient":""},"mobile":{"background-color":"","background-image":"","background-repeat":"repeat","background-position":"center center","background-size":"auto","background-attachment":"scroll","background-type":"","background-media":"","overlay-type":"","overlay-color":"","overlay-opacity":"","overlay-gradient":""}},"ast-content-background-meta":{"desktop":{"background-color":"var(--ast-global-color-5)","background-image":"","background-repeat":"repeat","background-position":"center center","background-size":"auto","background-attachment":"scroll","background-type":"","background-media":"","overlay-type":"","overlay-color":"","overlay-opacity":"","overlay-gradient":""},"tablet":{"background-color":"var(--ast-global-color-5)","background-image":"","background-repeat":"repeat","background-position":"center center","background-size":"auto","background-attachment":"scroll","background-type":"","background-media":"","overlay-type":"","overlay-color":"","overlay-opacity":"","overlay-gradient":""},"mobile":{"background-color":"var(--ast-global-color-5)","background-image":"","background-repeat":"repeat","background-position":"center center","background-size":"auto","background-attachment":"scroll","background-type":"","background-media":"","overlay-type":"","overlay-color":"","overlay-opacity":"","overlay-gradient":""}},"_joinchat":[]},"product_brand":[],"product_cat":[25,26,28,27,31,15,30],"product_tag":[45,46,39,40,111,41,38,165,37],"class_list":{"0":"post-1886","1":"product","2":"type-product","3":"status-publish","4":"has-post-thumbnail","6":"product_cat-germany-best-selling-vape","7":"product_cat-netherlands-hot-sale-vape","8":"product_cat-poland-hot-sale-vape","9":"product_cat-fance-hot-sale-vape","10":"product_cat-randm-fumot-vape","11":"product_cat-new-vape-this-week","12":"product_cat-minimum-order-quantity-50pcs","13":"product_tag-12k-vape-puff-12000","14":"product_tag-digital-box-12000-puff-original","15":"product_tag-fumot-vape","16":"product_tag-hot-sale-vape","17":"product_tag-low-nicotine-disposable-vape","18":"product_tag-original-factory-vape","19":"product_tag-randm-vape","20":"product_tag-rechargeable-vapes","21":"product_tag-wholesale-vape-price","22":"desktop-align-left","23":"tablet-align-left","24":"mobile-align-left","26":"first","27":"instock","28":"sale","29":"shipping-taxable","30":"purchasable","31":"product-type-simple"},"uagb_featured_image_src":{"full":["https:\/\/rmvapesale.com\/wp-content\/uploads\/2024\/10\/Randm-Vape-12000-Puffs.jpg",600,600,false],"thumbnail":["https:\/\/rmvapesale.com\/wp-content\/uploads\/2024\/10\/Randm-Vape-12000-Puffs-150x150.jpg",150,150,true],"medium":["https:\/\/rmvapesale.com\/wp-content\/uploads\/2024\/10\/Randm-Vape-12000-Puffs-300x300.jpg",300,300,true],"medium_large":["https:\/\/rmvapesale.com\/wp-content\/uploads\/2024\/10\/Randm-Vape-12000-Puffs.jpg",600,600,false],"large":["https:\/\/rmvapesale.com\/wp-content\/uploads\/2024\/10\/Randm-Vape-12000-Puffs.jpg",600,600,false],"1536x1536":["https:\/\/rmvapesale.com\/wp-content\/uploads\/2024\/10\/Randm-Vape-12000-Puffs.jpg",600,600,false],"2048x2048":["https:\/\/rmvapesale.com\/wp-content\/uploads\/2024\/10\/Randm-Vape-12000-Puffs.jpg",600,600,false],"trp-custom-language-flag":["https:\/\/rmvapesale.com\/wp-content\/uploads\/2024\/10\/Randm-Vape-12000-Puffs.jpg",12,12,false],"woocommerce_thumbnail":["https:\/\/rmvapesale.com\/wp-content\/uploads\/2024\/10\/Randm-Vape-12000-Puffs-300x300.jpg",300,300,true],"woocommerce_single":["https:\/\/rmvapesale.com\/wp-content\/uploads\/2024\/10\/Randm-Vape-12000-Puffs.jpg",600,600,false],"woocommerce_gallery_thumbnail":["https:\/\/rmvapesale.com\/wp-content\/uploads\/2024\/10\/Randm-Vape-12000-Puffs-100x100.jpg",100,100,true],"wcpr-photo-reviews":["https:\/\/rmvapesale.com\/wp-content\/uploads\/2024\/10\/Randm-Vape-12000-Puffs.jpg",500,500,false]},"uagb_author_info":{"display_name":"yannazhan","author_link":"https:\/\/rmvapesale.com\/lt\/author\/"},"uagb_comment_info":0,"uagb_excerpt":"Original Fumot Vape Digital 12ooo Puffs Factory Price Original Fumot Vape Digital 12k Puffs Price Bulk Buy Fumot Vape RandM Digital 12000 Price Cheap Contact Amy For More Discount And Lower MOQ Vape WhatsApp: +86 17776015835","_links":{"self":[{"href":"https:\/\/rmvapesale.com\/lt\/wp-json\/wp\/v2\/product\/1886","targetHints":{"allow":["GET"]}}],"collection":[{"href":"https:\/\/rmvapesale.com\/lt\/wp-json\/wp\/v2\/product"}],"about":[{"href":"https:\/\/rmvapesale.com\/lt\/wp-json\/wp\/v2\/types\/product"}],"replies":[{"embeddable":true,"href":"https:\/\/rmvapesale.com\/lt\/wp-json\/wp\/v2\/comments?post=1886"}],"wp:featuredmedia":[{"embeddable":true,"href":"https:\/\/rmvapesale.com\/lt\/wp-json\/wp\/v2\/media\/2485"}],"wp:attachment":[{"href":"https:\/\/rmvapesale.com\/lt\/wp-json\/wp\/v2\/media?parent=1886"}],"wp:term":[{"taxonomy":"product_brand","embeddable":true,"href":"https:\/\/rmvapesale.com\/lt\/wp-json\/wp\/v2\/product_brand?post=1886"},{"taxonomy":"product_cat","embeddable":true,"href":"https:\/\/rmvapesale.com\/lt\/wp-json\/wp\/v2\/product_cat?post=1886"},{"taxonomy":"product_tag","embeddable":true,"href":"https:\/\/rmvapesale.com\/lt\/wp-json\/wp\/v2\/product_tag?post=1886"}],"curies":[{"name":"wp","href":"https:\/\/api.w.org\/{rel}","templated":true}]}}