{"id":1928,"date":"2024-08-22T15:15:42","date_gmt":"2024-08-22T15:15:42","guid":{"rendered":"https:\/\/rmvapesale.com\/?post_type=product&#038;p=1928"},"modified":"2025-01-20T03:40:57","modified_gmt":"2025-01-20T03:40:57","slug":"original-randm-tornado-9000-puffs-disposable-vape-factory-price","status":"publish","type":"product","link":"https:\/\/rmvapesale.com\/lt\/product\/original-randm-tornado-9000-puffs-disposable-vape-factory-price\/","title":{"rendered":"Originalus RANDM TORNADO 9000 Puffs vienkartinis garintuvas gamyklos kaina"},"content":{"rendered":"<h1>Originalus RANDM TORNADO 9000 Puffs vienkartinis garintuvas gamyklos kaina<\/h1>\n<p>Fumot RANDM TORNADO 9000 \u2013 tai pa\u017eangus vienkartinis gar\u0173 \u012frenginys, sukurtas taip, kad atitikt\u0173 grie\u017etus Lietuvos didmeninink\u0173 standartus. \u0160is \u012frenginys, sukurtas tiksliai ir novatori\u0161kai, suteikia i\u0161skirtin\u0119 garinimo patirt\u012f, sujungdamas auk\u0161t\u0105 na\u0161um\u0105 su \u012fsp\u016bdingu skoni\u0173 asortimentu.<\/p>\n<p>Fumot RANDM TORNADO 9000 pasi\u017eymi pa\u017eangiausiomis technologijomis, \u012fskaitant tinklin\u0119 rit\u0119 ir \u012fmontuot\u0105 850 mAh \u012fkraunam\u0105 baterij\u0105, u\u017etikrinan\u010di\u0105 skland\u0173, nuosekl\u0173 gar\u0173 gamyb\u0105 ilgam malonumui. Jis si\u016blo \u012fvairias nikotino druskos koncentracijas nuo 0% iki 5%, pritaikant \u012fvairiems pageidavimams.<\/p>\n<p>Tai, kas i\u0161 tikr\u0173j\u0173 i\u0161skiria Fumot RANDM TORNADO 9000, yra platus skoni\u0173 pasirinkimas. Su 43 viliojan\u010diomis galimyb\u0117mis, nuo klasikini\u0173 m\u0117gstamiausi\u0173, toki\u0173 kaip Lush Ice ir Strawberry Lemonade, iki unikali\u0173 mi\u0161ini\u0173, toki\u0173 kaip Honeydew Ice Cream ir Pina Colada, kiekvienas ras skon\u012f, atitinkant\u012f kiekvien\u0105 skon\u012f.<\/p>\n<p>\u201eVape Randm\u201c pardav\u0117jams, ie\u0161kantiems auk\u0161\u010diausios kokyb\u0117s gar\u0173 produkt\u0173 konkurencingomis kainomis, \u201eFumot RANDM TORNADO 9000\u201c yra idealus pasirinkimas.<\/p>\n<p><strong>Prid\u0117kite pardavim\u0173 vadybinink\u0119 AMY whatsapp <a href=\"https:\/\/wa.me\/8617776015835\" target=\"_blank\" rel=\"noopener\">+86-17776015835<\/a> gaukite daugiau nuolaid\u0173!<\/strong><\/p>\n<p><img loading=\"lazy\" decoding=\"async\" class=\"size-medium wp-image-1814\" src=\"https:\/\/rmvapesale.com\/wp-content\/uploads\/2024\/04\/whatsapp-amy-229x300.jpg\" alt=\"whatsapp amy\" width=\"229\" height=\"300\" srcset=\"https:\/\/rmvapesale.com\/wp-content\/uploads\/2024\/04\/whatsapp-amy-229x300.jpg 229w, https:\/\/rmvapesale.com\/wp-content\/uploads\/2024\/04\/whatsapp-amy-783x1024.jpg 783w, https:\/\/rmvapesale.com\/wp-content\/uploads\/2024\/04\/whatsapp-amy-768x1005.jpg 768w, https:\/\/rmvapesale.com\/wp-content\/uploads\/2024\/04\/whatsapp-amy-600x785.jpg 600w, https:\/\/rmvapesale.com\/wp-content\/uploads\/2024\/04\/whatsapp-amy.jpg 990w\" sizes=\"auto, (max-width: 229px) 100vw, 229px\" \/><\/p>\n<h3>FUMOT PUFF 9000 vienkartinio Vape \u012frenginio specifikacijos:<\/h3>\n<p>Nikotino kiekio parinktys: 0%, 2%, 3% ir 5%<br \/>\nIki 9000 \u012ftraukim\u0173<br \/>\nI\u0161 anksto u\u017epildytas 18 ml e-skys\u010dio<br \/>\n850 mAh \u012fkraunama baterija<br \/>\n0,9 \u03a9 Mesh rit\u0117<br \/>\nSand\u0117lyje yra 43 skoniai<\/p>\n<p>Dalykai, kuriuos galb\u016bt nor\u0117site \u017einoti apie Fumot Randm 9000 Vape prie\u0161 pirkdami urmu.<\/p>\n<h4>DUK:<\/h4>\n<p><strong>K: Kokios yra Fumot RANDM TORNADO 9000 kain\u0173 parinktys?<\/strong><\/p>\n<p>A: Si\u016blome konkurencingas gamyklos kainas originaliam Randm Vape Device Puffs 9000 tiek atskiriems vienetams, tiek dideliems u\u017esakymams.<\/p>\n<p><strong>K: Ar yra didmenin\u0117s kainodaros galimybi\u0173 Fumot RANDM TORNADO 9000?<\/strong><\/p>\n<p>A: Taip, mes si\u016blome didmenin\u0117s kainodaros galimybes originaliam Randm Vape Kit 9000 Puffs, skirt\u0105 didmenininkams, norintiems pirkti didesniais kiekiais.<\/p>\n<p><strong>K: Kokie yra didmenini\u0173 \u201eFumot RANDM TORNADO 9000\u201c u\u017esakym\u0173 kain\u0173 lygiai?<\/strong><\/p>\n<p>A: Si\u016blome patrauklias didmenines kainas originaliems \u201eRandm Vape Pod Puffs 9000\u201c, u\u017etikrindami i\u0161laidas taupan\u010dias galimybes didmenininkams, perkantiems didesniais kiekiais.<\/p>\n<p><strong>K: Ar si\u016blote specialias kainas pirm\u0105 kart\u0105 importuotojams?<\/strong><\/p>\n<p>A: Taip, mes si\u016blome konkurencingas \u201eFumot RANDM TORNADO 9000\u201c kainas, tod\u0117l tai yra idealus pasirinkimas pirm\u0105 kart\u0105 elektronini\u0173 cigare\u010di\u0173 importuotojams i\u0161 Kinijos.<\/p>\n<p>Raskite daugiau garintuv\u0173, kurie jums gali patikti:<em><a href=\"https:\/\/rmvapesale.com\/lt\/shop-2\/\">pirkti dabar\u00a0<\/a><\/em><\/p>\n<p>kiti kar\u0161tai parduodami garintuvai, kurie jums gali patikti:<\/p>\n<p><a href=\"https:\/\/rmvapesale.com\/lt\/product\/jnr-shisha-vape-15000-puffs-wholesale-price-with-screen-vape\/\">VOPK SHISHA 15K\/ <\/a><a href=\"https:\/\/rmvapesale.com\/lt\/product\/randm-vape-al-fakher-10000-puffs-vape-wholesale\/\">randm vape AI FAKHER 15k vape\/<\/a><a href=\"https:\/\/rmvapesale.com\/lt\/product\/randm-tornado-15000-puffs-15k-vape-recharge-fumot-original-vape-factory-price\/\">Fumot digital box Puff 12000<\/a><\/p>","protected":false},"excerpt":{"rendered":"<p class=\"LC20lb MBeuO DKV0Md\">Geriausias RandM Tornado Vape 9000 \u012ftraukim\u0173 skonis<br \/>\nOriginalus Randm 9ooo \u012ftraukim\u0173 Vape \u012frenginys<br \/>\nDidmenin\u0117 kaina RandM 9ooo \u012ftraukim\u0173 Vape rinkinys<br \/>\n<strong>Susisiekite su Amy d\u0117l teisingo atsakymo ir didesn\u0117s nuolaidos<\/strong><\/p>\n<p><img loading=\"lazy\" decoding=\"async\" class=\"size-medium wp-image-1814\" src=\"https:\/\/rmvapesale.com\/wp-content\/uploads\/2024\/04\/whatsapp-amy-229x300.jpg\" alt=\"whatsapp amy\" width=\"229\" height=\"300\" srcset=\"https:\/\/rmvapesale.com\/wp-content\/uploads\/2024\/04\/whatsapp-amy-229x300.jpg 229w, https:\/\/rmvapesale.com\/wp-content\/uploads\/2024\/04\/whatsapp-amy-783x1024.jpg 783w, https:\/\/rmvapesale.com\/wp-content\/uploads\/2024\/04\/whatsapp-amy-768x1005.jpg 768w, https:\/\/rmvapesale.com\/wp-content\/uploads\/2024\/04\/whatsapp-amy-600x785.jpg 600w, https:\/\/rmvapesale.com\/wp-content\/uploads\/2024\/04\/whatsapp-amy.jpg 990w\" sizes=\"auto, (max-width: 229px) 100vw, 229px\" \/><\/p>\n<h3><span style=\"color: #ff0000\"><strong>WhatsApp: +86 17776015835<\/strong><\/span><\/h3>","protected":false},"featured_media":1887,"comment_status":"open","ping_status":"closed","template":"","meta":{"_uag_custom_page_level_css":"","_lmt_disableupdate":"no","_lmt_disable":"","site-sidebar-layout":"default","site-content-layout":"content-boxed-container","ast-site-content-layout":"normal-width-container","site-content-style":"boxed","site-sidebar-style":"unboxed","ast-global-header-display":"","ast-banner-title-visibility":"","ast-main-header-display":"","ast-hfb-above-header-display":"","ast-hfb-below-header-display":"","ast-hfb-mobile-header-display":"","site-post-title":"","ast-breadcrumbs-content":"","ast-featured-img":"","footer-sml-layout":"","theme-transparent-header-meta":"default","adv-header-id-meta":"","stick-header-meta":"","header-above-stick-meta":"","header-main-stick-meta":"","header-below-stick-meta":"","astra-migrate-meta-layouts":"set","ast-page-background-enabled":"default","ast-page-background-meta":{"desktop":{"background-color":"var(--ast-global-color-4)","background-image":"","background-repeat":"repeat","background-position":"center center","background-size":"auto","background-attachment":"scroll","background-type":"","background-media":"","overlay-type":"","overlay-color":"","overlay-opacity":"","overlay-gradient":""},"tablet":{"background-color":"","background-image":"","background-repeat":"repeat","background-position":"center center","background-size":"auto","background-attachment":"scroll","background-type":"","background-media":"","overlay-type":"","overlay-color":"","overlay-opacity":"","overlay-gradient":""},"mobile":{"background-color":"","background-image":"","background-repeat":"repeat","background-position":"center center","background-size":"auto","background-attachment":"scroll","background-type":"","background-media":"","overlay-type":"","overlay-color":"","overlay-opacity":"","overlay-gradient":""}},"ast-content-background-meta":{"desktop":{"background-color":"var(--ast-global-color-5)","background-image":"","background-repeat":"repeat","background-position":"center center","background-size":"auto","background-attachment":"scroll","background-type":"","background-media":"","overlay-type":"","overlay-color":"","overlay-opacity":"","overlay-gradient":""},"tablet":{"background-color":"var(--ast-global-color-5)","background-image":"","background-repeat":"repeat","background-position":"center center","background-size":"auto","background-attachment":"scroll","background-type":"","background-media":"","overlay-type":"","overlay-color":"","overlay-opacity":"","overlay-gradient":""},"mobile":{"background-color":"var(--ast-global-color-5)","background-image":"","background-repeat":"repeat","background-position":"center center","background-size":"auto","background-attachment":"scroll","background-type":"","background-media":"","overlay-type":"","overlay-color":"","overlay-opacity":"","overlay-gradient":""}},"_joinchat":[]},"product_brand":[],"product_cat":[25,289,293,295,52,51,123,26,28,135,27,31,137,136,15,30],"product_tag":[47,39,40,41,38,37],"class_list":{"0":"post-1928","1":"product","2":"type-product","3":"status-publish","4":"has-post-thumbnail","6":"product_cat-germany-best-selling-vape","7":"product_cat-big-puffs-disposable-vapes","8":"product_cat-low-nicotine-disposable-vapes","9":"product_cat-rechargeable-disposable-vapes","10":"product_cat-9000-puffs-disposable-vapes","11":"product_cat-fumot-vape","12":"product_cat-italy-wholesale-vape","13":"product_cat-netherlands-hot-sale-vape","14":"product_cat-poland-hot-sale-vape","15":"product_cat-spain-best-hot-sale-vape","16":"product_cat-fance-hot-sale-vape","17":"product_cat-randm-fumot-vape","18":"product_cat-rechargeable-vapes","19":"product_cat-smart-screen-vapes","20":"product_cat-new-vape-this-week","21":"product_cat-minimum-order-quantity-50pcs","22":"product_tag-9000-puffs-vape","23":"product_tag-fumot-vape","24":"product_tag-hot-sale-vape","25":"product_tag-original-factory-vape","26":"product_tag-randm-vape","27":"product_tag-wholesale-vape-price","28":"desktop-align-left","29":"tablet-align-left","30":"mobile-align-left","32":"first","33":"instock","34":"sale","35":"shipping-taxable","36":"purchasable","37":"product-type-simple"},"uagb_featured_image_src":{"full":["https:\/\/rmvapesale.com\/wp-content\/uploads\/2024\/05\/RM-TORNADO-VAPE-DISPOSABEL-9000-PUFFS.png",600,600,false],"thumbnail":["https:\/\/rmvapesale.com\/wp-content\/uploads\/2024\/05\/RM-TORNADO-VAPE-DISPOSABEL-9000-PUFFS-150x150.png",150,150,true],"medium":["https:\/\/rmvapesale.com\/wp-content\/uploads\/2024\/05\/RM-TORNADO-VAPE-DISPOSABEL-9000-PUFFS-300x300.png",300,300,true],"medium_large":["https:\/\/rmvapesale.com\/wp-content\/uploads\/2024\/05\/RM-TORNADO-VAPE-DISPOSABEL-9000-PUFFS.png",600,600,false],"large":["https:\/\/rmvapesale.com\/wp-content\/uploads\/2024\/05\/RM-TORNADO-VAPE-DISPOSABEL-9000-PUFFS.png",600,600,false],"1536x1536":["https:\/\/rmvapesale.com\/wp-content\/uploads\/2024\/05\/RM-TORNADO-VAPE-DISPOSABEL-9000-PUFFS.png",600,600,false],"2048x2048":["https:\/\/rmvapesale.com\/wp-content\/uploads\/2024\/05\/RM-TORNADO-VAPE-DISPOSABEL-9000-PUFFS.png",600,600,false],"trp-custom-language-flag":["https:\/\/rmvapesale.com\/wp-content\/uploads\/2024\/05\/RM-TORNADO-VAPE-DISPOSABEL-9000-PUFFS.png",12,12,false],"woocommerce_thumbnail":["https:\/\/rmvapesale.com\/wp-content\/uploads\/2024\/05\/RM-TORNADO-VAPE-DISPOSABEL-9000-PUFFS-300x300.png",300,300,true],"woocommerce_single":["https:\/\/rmvapesale.com\/wp-content\/uploads\/2024\/05\/RM-TORNADO-VAPE-DISPOSABEL-9000-PUFFS.png",600,600,false],"woocommerce_gallery_thumbnail":["https:\/\/rmvapesale.com\/wp-content\/uploads\/2024\/05\/RM-TORNADO-VAPE-DISPOSABEL-9000-PUFFS-100x100.png",100,100,true],"wcpr-photo-reviews":["https:\/\/rmvapesale.com\/wp-content\/uploads\/2024\/05\/RM-TORNADO-VAPE-DISPOSABEL-9000-PUFFS.png",500,500,false]},"uagb_author_info":{"display_name":"AMY","author_link":"https:\/\/rmvapesale.com\/lt\/author\/"},"uagb_comment_info":0,"uagb_excerpt":"Best RandM Tornado Vape 9000 Puffs Flavor Original Randm 9ooo Puffs Vape Device Wholesale Price RandM 9ooo Puffs Vape Kit Contact Amy For Right Reply and More Discount WhatsApp: +86 17776015835","_links":{"self":[{"href":"https:\/\/rmvapesale.com\/lt\/wp-json\/wp\/v2\/product\/1928","targetHints":{"allow":["GET"]}}],"collection":[{"href":"https:\/\/rmvapesale.com\/lt\/wp-json\/wp\/v2\/product"}],"about":[{"href":"https:\/\/rmvapesale.com\/lt\/wp-json\/wp\/v2\/types\/product"}],"replies":[{"embeddable":true,"href":"https:\/\/rmvapesale.com\/lt\/wp-json\/wp\/v2\/comments?post=1928"}],"wp:featuredmedia":[{"embeddable":true,"href":"https:\/\/rmvapesale.com\/lt\/wp-json\/wp\/v2\/media\/1887"}],"wp:attachment":[{"href":"https:\/\/rmvapesale.com\/lt\/wp-json\/wp\/v2\/media?parent=1928"}],"wp:term":[{"taxonomy":"product_brand","embeddable":true,"href":"https:\/\/rmvapesale.com\/lt\/wp-json\/wp\/v2\/product_brand?post=1928"},{"taxonomy":"product_cat","embeddable":true,"href":"https:\/\/rmvapesale.com\/lt\/wp-json\/wp\/v2\/product_cat?post=1928"},{"taxonomy":"product_tag","embeddable":true,"href":"https:\/\/rmvapesale.com\/lt\/wp-json\/wp\/v2\/product_tag?post=1928"}],"curies":[{"name":"wp","href":"https:\/\/api.w.org\/{rel}","templated":true}]}}