{"id":1940,"date":"2024-08-27T07:55:11","date_gmt":"2024-08-27T07:55:11","guid":{"rendered":"https:\/\/rmvapesale.com\/?post_type=product&#038;p=1940"},"modified":"2024-11-04T09:58:31","modified_gmt":"2024-11-04T09:58:31","slug":"randm-tornado-15000-puffs-vape-wholesale","status":"publish","type":"product","link":"https:\/\/rmvapesale.com\/lt\/product\/randm-tornado-15000-puffs-vape-wholesale\/","title":{"rendered":"RandM Tornado 15000 Puffs Vape didmenin\u0117 prekyba"},"content":{"rendered":"<h1>RandM Tornado 15000 Puffs Vape didmenin\u0117 prekyba<\/h1>\n<p>Vienkartiniai garintuvai populiar\u0117ja d\u0117l plataus skoni\u0173 asortimento ir paprasto naudojimo. Ie\u0161kote geriausios kainos vienkartinio garintuvo? RandM Tornado 15000 d\u016bm\u0173 garintuvas yra labai rekomenduojamas d\u0117l \u012fsp\u016bding\u0173 funkcij\u0173. Sukurtas su 850mAh \u012fkraunama baterija, kuri gali suteikti iki 15000 d\u016bm\u0173. M\u016bs\u0173 parduotuv\u0117je galite \u012fsigyti RandM Tornado 15000 d\u016bm\u0173 garintuv\u0105 didmenine kaina.<\/p>\n<p>Tornado 15000 pasi\u017eymi nauju dizainu su 850mAh \u012fkraunama baterija, kuri greitai \u012fkraunama per USB-C jungt\u012f, leid\u017eian\u010di\u0105 efektyviai \u012fkrauti. RandM Tornado 15000 vienkartinis garintuvas yra su tinklelio rit\u0117s technologija, tod\u0117l u\u017etikrina sklandesn\u012f ir malonesn\u012f garinimo patirt\u012f visame savo skoni\u0173 asortimente.<\/p>\n<p>Svarbiausia, RM 15000 yra tikrai ekonomi\u0161kas garintuvas, kur\u012f verta i\u0161bandyti!<\/p>\n<p><strong>Susisiekite su Amy, kad gautum\u0117te teising\u0105 atsakym\u0105 ir didmenin\u0119 kain\u0105!<\/strong><\/p>\n<p><img loading=\"lazy\" decoding=\"async\" class=\"size-medium wp-image-1814\" src=\"https:\/\/rmvapesale.com\/wp-content\/uploads\/2024\/04\/whatsapp-amy-229x300.jpg\" alt=\"whatsapp amy\" width=\"229\" height=\"300\" srcset=\"https:\/\/rmvapesale.com\/wp-content\/uploads\/2024\/04\/whatsapp-amy-229x300.jpg 229w, https:\/\/rmvapesale.com\/wp-content\/uploads\/2024\/04\/whatsapp-amy-783x1024.jpg 783w, https:\/\/rmvapesale.com\/wp-content\/uploads\/2024\/04\/whatsapp-amy-768x1005.jpg 768w, https:\/\/rmvapesale.com\/wp-content\/uploads\/2024\/04\/whatsapp-amy-600x785.jpg 600w, https:\/\/rmvapesale.com\/wp-content\/uploads\/2024\/04\/whatsapp-amy.jpg 990w\" sizes=\"auto, (max-width: 229px) 100vw, 229px\" \/><\/p>\n<h2><strong>Kuo FUMOT RandM Tornado 15000 yra unikalus vienkartinis garintuvas?<\/strong><\/h2>\n<p>Su puikiomis specifikacijomis, RANDM VAPE 15K TORNADO Originalus i\u0161siskiria kaip vienas i\u0161 did\u017eiausios talpos vienkartini\u0173 garintuv\u0173 rinkoje.<\/p>\n<p>Nikotino kiekio parinktys: 0%, 2%, 3% ir 5%<br \/>\nIki 15000 \u012fkv\u0117pim\u0173<br \/>\nI\u0161 anksto u\u017epildyta 25 ml e-skys\u010dio<br \/>\n850 mAh \u012fkraunama baterija<br \/>\n0,9 \u03a9 Mesh rit\u0117<br \/>\n41 galimas skonis<\/p>\n<h2><strong>Koks yra geriausias skonis RandM Tornado 15k d\u016bm\u0173 garintuvui?<\/strong><\/h2>\n<p>Ponas M\u0117lynas (Mr blue) neabejotinai yra populiariausias skonis RandM Tornado 15000, tur\u0117tum\u0117te i\u0161bandyti!<\/p>\n<p>RandM Tornado 15000 d\u016bm\u0173 garintuvas si\u016blo i\u0161 viso 41 galim\u0105 skon\u012f, tod\u0117l kiekvienas ras ka\u017ek\u0105 pagal savo skon\u012f.<\/p>\n<p>1 M\u0117lyna avie\u010di\u0173 limonadas<br \/>\n2 Persik\u0173 ledas<br \/>\n3 R\u016bg\u0161tus obuolys<br \/>\n4 Arb\u016bz\u0173 ledas<br \/>\n5 M\u0117lyni\u0173 su ledu<br \/>\n6 M\u0117lyn\u0117s ir aviet\u0117s<br \/>\n7 Ananas\u0173 ledas<br \/>\n8 Vy\u0161nia<br \/>\n9 Bra\u0161ki\u0173 ledas<br \/>\n10 Vimto<br \/>\n11 Vynuogi\u0173 ledas<br \/>\n12 Kola ledas<br \/>\n13 Bra\u0161k\u0117s ir arb\u016bzas<br \/>\n14 Ro\u017einis limonadas<br \/>\n15 Mi\u0161rios uogos<br \/>\n16 Persikas ir mangas<br \/>\n17. Drakono vaisius<br \/>\n18. Bra\u0161k\u0117s ir vynuog\u0117s<br \/>\n19. Ponas m\u0117lynasis<br \/>\n20. Sodrus ledas<br \/>\n21. Led\u0173 porcija<br \/>\n22. Bra\u0161k\u0117s ir kiviai<br \/>\n23. Kiviai, pasiflorai ir gvajavos<br \/>\n24. Trigubos uogos<br \/>\n25. Banan\u0173 ledai<br \/>\n26. Persik\u0173 ir m\u0117lyni\u0173 saldainiai<br \/>\n27. Obuoli\u0173, persik\u0173 ir kriau\u0161i\u0173<br \/>\n28. Uog\u0173 limonadas<br \/>\n29. M\u0117lyni\u0173 avie\u010di\u0173 vy\u0161nios<br \/>\n30. M\u0117lyni\u0173 kramtomoji guma<br \/>\n31. M\u0117lyni\u0173, vy\u0161ni\u0173 ir spanguoli\u0173<br \/>\n32. M\u0117lyni\u0173 granatas<br \/>\n33. R\u016bg\u0161\u010diosios m\u0117lynosios aviet\u0117s<br \/>\n34. Vy\u0161ni\u0173 kola<br \/>\n35. Guminukas<br \/>\n36. Citrina<br \/>\n37. Mangas su ledu<br \/>\n38. Raudonos energijos ledas<br \/>\n39. Bra\u0161kinis bananas<br \/>\n40. Bra\u0161kinis \u201eRed Bull\u201c<br \/>\n41. Bra\u0161ki\u0173 arb\u016bz\u0173 limonadas<\/p>\n<h2><strong>Klausimai, kuriuos galb\u016bt nor\u0117tum\u0117te \u017einoti apie RandM Tornado 15000 d\u016bm\u0173 garintuv\u0105<\/strong><\/h2>\n<p>&nbsp;<\/p>\n<h3>K1. Kas yra RM Tornado 15000 Puffs Vape Originalus?<\/h3>\n<p>A: RANDM VAPE 15K TORNADO Originalus yra vienkartinis garinimo \u012frenginys, skirtas ilgiems garinimo seansams. Jis pavadintas d\u0117l savo \u012fsp\u016bdingos 15 000 d\u016bm\u0173 talpos.<\/p>\n<h3>K2. Kas gamina RandM Tornado 15k d\u016bm\u0173 garintuv\u0105 Tikras?<\/h3>\n<p>Tikr\u0105j\u012f \u201eRANDM VAPE 15K TORNADO\u201c gamina \u201eShenzhen Fumot Technology\u201c, pirmaujanti garinimo pramon\u0117s \u012fmon\u0117, \u017einoma d\u0117l savo novatori\u0161k\u0173 produkt\u0173.<\/p>\n<h3>K3. Kiek laiko veikia Originalus RandM Tornado 15K garintuvas?<\/h3>\n<p>Autenti\u0161kas \u201eRANDM VAPE 15K TORNADO\u201c turi \u012fmontuot\u0105 850 mAh talpos baterij\u0105, kuri leid\u017eia ilgiau naudotis vienu \u012fkrovimu. Tikslus baterijos veikimo laikas priklauso nuo individuali\u0173 naudojimo \u012fpro\u010di\u0173.<\/p>\n<h3>K4. Ar Fumot RandM Tornado 15000 d\u016bm\u0173 garintuvas Originalus yra \u012fkraunamas?<\/h3>\n<p><span style=\"font-size: 16px\">A: Ne, RANDM VAPE 15K TORNADO Originalus yra su \u012fkraunama baterija, tod\u0117l jis yra \u012fkraunamas.<\/span><\/p>\n<h3>K5. Kaip galiu \u012fsigyti Fumot RandM Tornado 15000 d\u016bm\u0173 garintuv\u0105 Tikras?<\/h3>\n<p>A: RANDM VAPE 15K TORNADO Original\u0105 galima \u012fsigyti i\u0161 \u012fgaliot\u0173 platintoj\u0173. D\u0117l didmenin\u0117s prekybos u\u017eklaus\u0173, platintojai gali <a href=\"https:\/\/wa.me\/8617776015835\" target=\"_blank\" rel=\"noopener\">susisiekite SU mumis<\/a> tiesiogiai. Ma\u017emeniniai klientai gali rasti produkt\u0105 pasirinktose ma\u017emenin\u0117s prekybos vietose arba internetin\u0117se parduotuv\u0117se.<\/p>\n<p><strong>Siuntimo informacija:<\/strong><br \/>\nGamybos laikas: 5-10 darbo dien\u0173<br \/>\nPristatymo laikas: 8-14 darbo dien\u0173<\/p>\n<p>Visos m\u016bs\u0173 parduotuv\u0117s prek\u0117s yra 100% originalios ir autenti\u0161kos, tod\u0117l De\u0161imteriopa kompensacija u\u017e padirbtas prekes yra m\u016bs\u0173 parduotuv\u0117s politika. Mes naudojame logistikos kanalus, tokius kaip UPS\/DHL\/FEDEX\/DPD, kad pristatytume prekes jums.<\/p>\n<p>Pakuot\u0117ms, siun\u010diamoms \u012f Lietuv\u0105, paprastai prireikia 10 darbo dien\u0173, kol jos atvyksta. Siuntimas \u012f Europos \u0161alis paprastai u\u017etrunka apie 12-15 darbo dien\u0173. Mes realiu laiku atnaujinsime jums logistikos informacij\u0105.<\/p>\n<p>Raskite daugiau garintuv\u0173, kurie jums gali patikti:<em><a href=\"https:\/\/rmvapesale.com\/lt\/shop-2\/\">pirkti dabar\u00a0<\/a><\/em><\/p>\n<p>kiti kar\u0161tai parduodami garintuvai, kurie jums gali patikti:<\/p>\n<p><a href=\"https:\/\/rmvapesale.com\/lt\/product\/randm-vape-al-fakher-10000-puffs-vape-wholesale\/\">randm vape AI FAKHER 15k vape<\/a><\/p>\n<p><a href=\"https:\/\/rmvapesale.com\/lt\/product\/original-randm-tornado-9000-puffs-disposable-vape-factory-price\/\">RandM Tornado 9000<\/a><\/p>","protected":false},"excerpt":{"rendered":"<p>Fumot Tornado 15000 VAPE Didmenin\u0117 kaina<br \/>\nORIGINALUS RandM Tornado 15000 Gamyklos Didmenin\u0117 prekyba sand\u0117lyje<br \/>\nTikras RANDM Vape FUMOT TORNADO 15000 Nuolaida Kaina<\/p>\n<p><strong>Susisiekite su Amy d\u0117l daugiau nuolaid\u0173 ir ma\u017eesnio minimalaus u\u017esakymo kiekio garintuvo<\/strong><\/p>\n<p><img loading=\"lazy\" decoding=\"async\" class=\"size-medium wp-image-1814\" src=\"https:\/\/rmvapesale.com\/wp-content\/uploads\/2024\/04\/whatsapp-amy-229x300.jpg\" alt=\"whatsapp amy\" width=\"229\" height=\"300\" srcset=\"https:\/\/rmvapesale.com\/wp-content\/uploads\/2024\/04\/whatsapp-amy-229x300.jpg 229w, https:\/\/rmvapesale.com\/wp-content\/uploads\/2024\/04\/whatsapp-amy-783x1024.jpg 783w, https:\/\/rmvapesale.com\/wp-content\/uploads\/2024\/04\/whatsapp-amy-768x1005.jpg 768w, https:\/\/rmvapesale.com\/wp-content\/uploads\/2024\/04\/whatsapp-amy-600x785.jpg 600w, https:\/\/rmvapesale.com\/wp-content\/uploads\/2024\/04\/whatsapp-amy.jpg 990w\" sizes=\"auto, (max-width: 229px) 100vw, 229px\" \/><\/p>\n<h3><span style=\"color: #ff0000\"><strong>WhatsApp: +86 17776015835<\/strong><\/span><\/h3>","protected":false},"featured_media":1937,"comment_status":"open","ping_status":"closed","template":"","meta":{"_uag_custom_page_level_css":"","_lmt_disableupdate":"no","_lmt_disable":"","site-sidebar-layout":"default","site-content-layout":"content-boxed-container","ast-site-content-layout":"normal-width-container","site-content-style":"boxed","site-sidebar-style":"unboxed","ast-global-header-display":"","ast-banner-title-visibility":"","ast-main-header-display":"","ast-hfb-above-header-display":"","ast-hfb-below-header-display":"","ast-hfb-mobile-header-display":"","site-post-title":"","ast-breadcrumbs-content":"","ast-featured-img":"","footer-sml-layout":"","theme-transparent-header-meta":"default","adv-header-id-meta":"","stick-header-meta":"","header-above-stick-meta":"","header-main-stick-meta":"","header-below-stick-meta":"","astra-migrate-meta-layouts":"set","ast-page-background-enabled":"default","ast-page-background-meta":{"desktop":{"background-color":"var(--ast-global-color-4)","background-image":"","background-repeat":"repeat","background-position":"center center","background-size":"auto","background-attachment":"scroll","background-type":"","background-media":"","overlay-type":"","overlay-color":"","overlay-opacity":"","overlay-gradient":""},"tablet":{"background-color":"","background-image":"","background-repeat":"repeat","background-position":"center center","background-size":"auto","background-attachment":"scroll","background-type":"","background-media":"","overlay-type":"","overlay-color":"","overlay-opacity":"","overlay-gradient":""},"mobile":{"background-color":"","background-image":"","background-repeat":"repeat","background-position":"center center","background-size":"auto","background-attachment":"scroll","background-type":"","background-media":"","overlay-type":"","overlay-color":"","overlay-opacity":"","overlay-gradient":""}},"ast-content-background-meta":{"desktop":{"background-color":"var(--ast-global-color-5)","background-image":"","background-repeat":"repeat","background-position":"center center","background-size":"auto","background-attachment":"scroll","background-type":"","background-media":"","overlay-type":"","overlay-color":"","overlay-opacity":"","overlay-gradient":""},"tablet":{"background-color":"var(--ast-global-color-5)","background-image":"","background-repeat":"repeat","background-position":"center center","background-size":"auto","background-attachment":"scroll","background-type":"","background-media":"","overlay-type":"","overlay-color":"","overlay-opacity":"","overlay-gradient":""},"mobile":{"background-color":"var(--ast-global-color-5)","background-image":"","background-repeat":"repeat","background-position":"center center","background-size":"auto","background-attachment":"scroll","background-type":"","background-media":"","overlay-type":"","overlay-color":"","overlay-opacity":"","overlay-gradient":""}},"_joinchat":[]},"product_brand":[],"product_cat":[25,51,195,26,28,27,31,137,136,15,30],"product_tag":[44,39,40,41,38,37],"class_list":{"0":"post-1940","1":"product","2":"type-product","3":"status-publish","4":"has-post-thumbnail","6":"product_cat-germany-best-selling-vape","7":"product_cat-fumot-vape","8":"product_cat-germany-warehouse","9":"product_cat-netherlands-hot-sale-vape","10":"product_cat-poland-hot-sale-vape","11":"product_cat-fance-hot-sale-vape","12":"product_cat-randm-fumot-vape","13":"product_cat-rechargeable-vapes","14":"product_cat-smart-screen-vapes","15":"product_cat-new-vape-this-week","16":"product_cat-minimum-order-quantity-50pcs","17":"product_tag-15k-puffs-15000-vape-wholesale","18":"product_tag-fumot-vape","19":"product_tag-hot-sale-vape","20":"product_tag-original-factory-vape","21":"product_tag-randm-vape","22":"product_tag-wholesale-vape-price","23":"desktop-align-left","24":"tablet-align-left","25":"mobile-align-left","27":"first","28":"instock","29":"sale","30":"shipping-taxable","31":"purchasable","32":"product-type-simple"},"uagb_featured_image_src":{"full":["https:\/\/rmvapesale.com\/wp-content\/uploads\/2024\/08\/RandM-Tornado-15000-Wholesale-Blue-Razz-Lemonade.jpg",800,800,false],"thumbnail":["https:\/\/rmvapesale.com\/wp-content\/uploads\/2024\/08\/RandM-Tornado-15000-Wholesale-Blue-Razz-Lemonade-150x150.jpg",150,150,true],"medium":["https:\/\/rmvapesale.com\/wp-content\/uploads\/2024\/08\/RandM-Tornado-15000-Wholesale-Blue-Razz-Lemonade-300x300.jpg",300,300,true],"medium_large":["https:\/\/rmvapesale.com\/wp-content\/uploads\/2024\/08\/RandM-Tornado-15000-Wholesale-Blue-Razz-Lemonade-768x768.jpg",768,768,true],"large":["https:\/\/rmvapesale.com\/wp-content\/uploads\/2024\/08\/RandM-Tornado-15000-Wholesale-Blue-Razz-Lemonade.jpg",800,800,false],"1536x1536":["https:\/\/rmvapesale.com\/wp-content\/uploads\/2024\/08\/RandM-Tornado-15000-Wholesale-Blue-Razz-Lemonade.jpg",800,800,false],"2048x2048":["https:\/\/rmvapesale.com\/wp-content\/uploads\/2024\/08\/RandM-Tornado-15000-Wholesale-Blue-Razz-Lemonade.jpg",800,800,false],"trp-custom-language-flag":["https:\/\/rmvapesale.com\/wp-content\/uploads\/2024\/08\/RandM-Tornado-15000-Wholesale-Blue-Razz-Lemonade.jpg",12,12,false],"woocommerce_thumbnail":["https:\/\/rmvapesale.com\/wp-content\/uploads\/2024\/08\/RandM-Tornado-15000-Wholesale-Blue-Razz-Lemonade-300x300.jpg",300,300,true],"woocommerce_single":["https:\/\/rmvapesale.com\/wp-content\/uploads\/2024\/08\/RandM-Tornado-15000-Wholesale-Blue-Razz-Lemonade-600x600.jpg",600,600,true],"woocommerce_gallery_thumbnail":["https:\/\/rmvapesale.com\/wp-content\/uploads\/2024\/08\/RandM-Tornado-15000-Wholesale-Blue-Razz-Lemonade-100x100.jpg",100,100,true],"wcpr-photo-reviews":["https:\/\/rmvapesale.com\/wp-content\/uploads\/2024\/08\/RandM-Tornado-15000-Wholesale-Blue-Razz-Lemonade.jpg",500,500,false]},"uagb_author_info":{"display_name":"AMY","author_link":"https:\/\/rmvapesale.com\/lt\/author\/"},"uagb_comment_info":0,"uagb_excerpt":"Fumot Tornado 15000 VAPE Wholesale Price ORIGINAL RandM Tornado 15000 Factory Wholesale in Stock Genuine RANDM Vape FUMOT TORNADO 15000 Discount Price Contact Amy For More Discount And Lower MOQ Vape WhatsApp: +86 17776015835","_links":{"self":[{"href":"https:\/\/rmvapesale.com\/lt\/wp-json\/wp\/v2\/product\/1940","targetHints":{"allow":["GET"]}}],"collection":[{"href":"https:\/\/rmvapesale.com\/lt\/wp-json\/wp\/v2\/product"}],"about":[{"href":"https:\/\/rmvapesale.com\/lt\/wp-json\/wp\/v2\/types\/product"}],"replies":[{"embeddable":true,"href":"https:\/\/rmvapesale.com\/lt\/wp-json\/wp\/v2\/comments?post=1940"}],"wp:featuredmedia":[{"embeddable":true,"href":"https:\/\/rmvapesale.com\/lt\/wp-json\/wp\/v2\/media\/1937"}],"wp:attachment":[{"href":"https:\/\/rmvapesale.com\/lt\/wp-json\/wp\/v2\/media?parent=1940"}],"wp:term":[{"taxonomy":"product_brand","embeddable":true,"href":"https:\/\/rmvapesale.com\/lt\/wp-json\/wp\/v2\/product_brand?post=1940"},{"taxonomy":"product_cat","embeddable":true,"href":"https:\/\/rmvapesale.com\/lt\/wp-json\/wp\/v2\/product_cat?post=1940"},{"taxonomy":"product_tag","embeddable":true,"href":"https:\/\/rmvapesale.com\/lt\/wp-json\/wp\/v2\/product_tag?post=1940"}],"curies":[{"name":"wp","href":"https:\/\/api.w.org\/{rel}","templated":true}]}}