{"id":1942,"date":"2024-09-05T05:47:08","date_gmt":"2024-09-05T05:47:08","guid":{"rendered":"https:\/\/rmvapesale.com\/?post_type=product&#038;p=1942"},"modified":"2025-01-20T03:42:22","modified_gmt":"2025-01-20T03:42:22","slug":"vapme-crystal-7000-puffs-rechargeable-disposable-vape-price","status":"publish","type":"product","link":"https:\/\/rmvapesale.com\/lt\/product\/vapme-crystal-7000-puffs-rechargeable-disposable-vape-price\/","title":{"rendered":"Vapme Crystal 7000 P\u016btim\u0173 \u012ekraunamas Vienkartinis Vape Kaina"},"content":{"rendered":"<h1>Vapme Crystal 7000 P\u016btim\u0173 \u012ekraunamas Vienkartinis Vape Kaina<\/h1>\n<p>Pristatome Vapme Crystal 7000 puf\u0173 \u012fkraunam\u0105 vienkartin\u012f vape Originalo leidim\u0105 \u2013 auk\u0161\u010diausios kokyb\u0117s \u012frengin\u012f, skirt\u0105 i\u0161skirtiniam r\u016bkymo patyrimui. \u0160is \u012fkraunamas vienkartinis vape si\u016blo plat\u0173 skoni\u0173 pasirinkim\u0105 ir pritaikomus nikotino lygius. Pasirinkite i\u0161 30 patraukli\u0173 skoni\u0173, kad pritaikytum\u0117te savo r\u016bkymo kelion\u0119 pagal savo skon\u012f. M\u016bs\u0173 parduotuv\u0117je rasite didmenines kainas Vapme Crystal 7000 puf\u0173 \u012fkraunamam vienkartiniam vape.<\/p>\n<p>Prieinamas nikotino stiprumuose 0%, 2% ir 5%, \u0161is vape leid\u017eia reguliuoti patirt\u012f pagal j\u016bs\u0173 poreikius.<\/p>\n<p>VAPME Crystal vape baras maitinamas galingu 650mAh kobalto baterija ir turi patog\u0173 Type-C jungt\u012f patikimam maitinimui ir lengvam \u012fkrovimui.<\/p>\n<p>Su 14ml skys\u010dio talpa ir 1.0 om\u0173 tinklelio rit\u0117, \u0161is vape u\u017etikrina skland\u0173, skoning\u0105 gar\u0105 su kiekvienu \u012fkv\u0117pimu.<\/p>\n<p>M\u0117gaukit\u0117s iki 7000 puf\u0173 pasitenkinimu su \u0161iuo \u012fkraunamu vienkartiniu vape, puikiai tinkan\u010diu tiems, kurie vertina patogum\u0105 ir kokyb\u0119 savo r\u016bkymo patirtyje.<\/p>\n<p>&nbsp;<\/p>\n<p><strong>Susisiekite su Amy, kad gautum\u0117te teising\u0105 atsakym\u0105 ir didmenin\u0119 kain\u0105!<\/strong><\/p>\n<p><img loading=\"lazy\" decoding=\"async\" class=\"size-medium wp-image-1814\" src=\"https:\/\/rmvapesale.com\/wp-content\/uploads\/2024\/04\/whatsapp-amy-229x300.jpg\" alt=\"whatsapp amy\" width=\"229\" height=\"300\" srcset=\"https:\/\/rmvapesale.com\/wp-content\/uploads\/2024\/04\/whatsapp-amy-229x300.jpg 229w, https:\/\/rmvapesale.com\/wp-content\/uploads\/2024\/04\/whatsapp-amy-783x1024.jpg 783w, https:\/\/rmvapesale.com\/wp-content\/uploads\/2024\/04\/whatsapp-amy-768x1005.jpg 768w, https:\/\/rmvapesale.com\/wp-content\/uploads\/2024\/04\/whatsapp-amy-600x785.jpg 600w, https:\/\/rmvapesale.com\/wp-content\/uploads\/2024\/04\/whatsapp-amy.jpg 990w\" sizes=\"auto, (max-width: 229px) 100vw, 229px\" \/><\/p>\n<h2><\/h2>\n<h2><strong>Kas daro <\/strong><strong>PUFF <\/strong><strong>7000 <\/strong><strong>VAPME Crystal <\/strong><strong>kar\u0161tu<\/strong>\u00a0<strong>vienkartiniu vape?<\/strong><\/h2>\n<p>Nikotino kiekio parinktys: 0%, 2%, 3% ir 5%<br \/>\nIki 7000 puf\u0173<br \/>\nI\u0161 anksto pripildytas 14ml skys\u010dio<br \/>\n650 mAh \u012fkraunama baterija<br \/>\n1.0 \u03a9 tinklelio rit\u0117<br \/>\n30 prieinam\u0173 skoni\u0173<\/p>\n<h2><strong>Koks yra populiariausias skonis VAPME Crystal 7000 vape?<\/strong><\/h2>\n<p>VAPME Crystal 7000 Puffs suteikia i\u0161 viso 30 skoni\u0173 pasirinkim\u0105, kiekvienam skoniui rasite ka\u017ek\u0105.<\/p>\n<p>1. M\u0117lyni\u0173 avie\u010di\u0173<br \/>\n2. Vynuogi\u0173 uogos<br \/>\n3. Bra\u0161k\u0117 su arb\u016bzu ir kramtom\u0105ja guma<br \/>\n4. Bra\u0161k\u0117 su avie\u010di\u0173 saldainiais<br \/>\n5. Bra\u0161ki\u0173 bananas<br \/>\n6. Bra\u0161k\u0117 su mango<br \/>\n7. Persikas, mango ir ananasas<br \/>\n8. Arb\u016bzo ledas<br \/>\n9. Trij\u0173 mango skonis<br \/>\n10. Vy\u0161nios ledas<br \/>\n11. Marakuja ir arb\u016bzas su ledu<br \/>\n12. Kivi, marakuja ir guava<br \/>\n13. Bra\u0161ki\u0173 ledai<br \/>\n14. Persikas su ledu<br \/>\n15. M\u0117lynoji razina limonadas<br \/>\n16. Bra\u0161k\u0117 su kiviu<br \/>\n17. Energijos g\u0117rimas<br \/>\n18. Vy\u0161nios kola<br \/>\n19. Mi\u0161rios uogos su ledu<br \/>\n20. Citrina ir laimas<br \/>\n21. Bra\u0161k\u0117 su vynuog\u0117mis<br \/>\n22. Juodieji serbentai su ledu<br \/>\n23. M\u0117lyn\u0117s, spanguol\u0117s ir vy\u0161nios<br \/>\n24.vynuog\u0117s arb\u016bzas ledas<br \/>\n25.vynuog\u0117 uogos<br \/>\n26.m\u0117tos<br \/>\n27.tropini\u0173 vaisi\u0173 kokteilis<br \/>\n28.Ponas m\u0117lynas<br \/>\n29.Dviguba obuolys<br \/>\n30.banan\u0173 ledas<\/p>\n<figure id=\"attachment_1945\" aria-describedby=\"caption-attachment-1945\" style=\"width: 500px\" class=\"wp-caption alignnone\"><img loading=\"lazy\" decoding=\"async\" class=\"wp-image-1945 size-full\" src=\"https:\/\/rmvapesale.com\/wp-content\/uploads\/2024\/09\/Vapme-Crystal-7000-Puffs-Disposable-Vape-Wholesale.jpg\" alt=\"Vapme Kristalas 7000 P\u016bsl\u0117s Vienkartinis Vape Didmenin\u0117 prekyba\" width=\"500\" height=\"500\" srcset=\"https:\/\/rmvapesale.com\/wp-content\/uploads\/2024\/09\/Vapme-Crystal-7000-Puffs-Disposable-Vape-Wholesale.jpg 500w, https:\/\/rmvapesale.com\/wp-content\/uploads\/2024\/09\/Vapme-Crystal-7000-Puffs-Disposable-Vape-Wholesale-300x300.jpg 300w, https:\/\/rmvapesale.com\/wp-content\/uploads\/2024\/09\/Vapme-Crystal-7000-Puffs-Disposable-Vape-Wholesale-150x150.jpg 150w, https:\/\/rmvapesale.com\/wp-content\/uploads\/2024\/09\/Vapme-Crystal-7000-Puffs-Disposable-Vape-Wholesale-100x100.jpg 100w\" sizes=\"auto, (max-width: 500px) 100vw, 500px\" \/><figcaption id=\"caption-attachment-1945\" class=\"wp-caption-text\">Vapme Kristalas 7000 P\u016bsl\u0117s Vienkartinis Vape Didmenin\u0117 prekyba<\/figcaption><\/figure>\n<h2><strong>Klausimai, kuriuos galb\u016bt nor\u0117tum\u0117te \u017einoti apie PUFF Vape VAPME Kristalas 7000<\/strong><\/h2>\n<p>&nbsp;<\/p>\n<h3>K 1. Kas yra VAPME Kristalas 7000 P\u016bsl\u0117s Vape Originalus?<\/h3>\n<p>A: <span style=\"font-size: 16px\">VAPME Crystal 7000 P\u016bsl\u0117s<\/span> yra \u012fkraunamas vienkartinis vape \u012frenginys, sukurtas ilgesniems vaping seansams. Jis pavadintas d\u0117l \u012fsp\u016bdingo 7000 p\u016bsl\u0117s talpos ir daugiakrypti\u0173 \u0161vies\u0173, primenan\u010di\u0173 ap\u0161viest\u0105 kristal\u0105.<\/p>\n<h3>Q 2. Kiek laiko veikia Autenti\u0161kas VAPME Crystal 7000 Vape?<\/h3>\n<p>A: Autenti\u0161kas <span style=\"font-size: 16px\">VAPME Crystal 7000 P\u016bsl\u0117s <\/span>yra \u012fmontuota baterija su 850 mAh talpa, suteikianti ilgesn\u012f naudojim\u0105 vienu \u012fkrovimu. Ta\u010diau tiksli baterijos trukm\u0117 priklauso nuo individuali\u0173 naudojimo \u012fpro\u010di\u0173.<\/p>\n<h3>Q 3. Ar PUFF 7000 VAPME Crystal Original \u012fkraunamas?<\/h3>\n<p><span style=\"font-size: 16px\">A: Taip, VAPME Crystal 7000 P\u016bsl\u0117s Original turi \u012fkraunam\u0105 baterij\u0105, tod\u0117l ji yra \u012fkraunama. Galite ja m\u0117gautis iki paskutinio la\u0161o.<\/span><\/p>\n<h3>Q 4. Kur galiu gauti didmenin\u0117s kainos pasi\u016blym\u0105 Vapme Crystal 7000 p\u016bsl\u0117s \u012fkraunamam vienkartiniam vape?<\/h3>\n<p>A: <span style=\"font-size: 16px\">VAPME Crystal 7000 P\u016bsl\u0117s <\/span>pasi\u016blymas yra prieinamas per \u012fgaliotus platintojus. Didmeniniams u\u017eklausoms platintojai gali <a href=\"https:\/\/wa.me\/8617776015835\" target=\"_blank\" rel=\"noopener\">susisiekite SU mumis<\/a> tiesiogiai. Ma\u017emeniniai klientai gali rasti produkt\u0105 pasirinktose ma\u017emenin\u0117s prekybos vietose arba internetin\u0117se parduotuv\u0117se.<\/p>\n<p>Raskite daugiau garintuv\u0173, kurie jums gali patikti:<em><a href=\"https:\/\/rmvapesale.com\/lt\/shop-2\/\">pirkti dabar\u00a0<\/a><\/em><\/p>\n<p>kiti kar\u0161tai parduodami garintuvai, kurie jums gali patikti:<\/p>\n<p><a href=\"https:\/\/rmvapesale.com\/lt\/product\/randm-vape-al-fakher-10000-puffs-vape-wholesale\/\">randm vape AI FAKHER 15k vape<\/a><\/p>\n<p><a href=\"https:\/\/rmvapesale.com\/lt\/product\/original-randm-tornado-9000-puffs-disposable-vape-factory-price\/\">RandM Tornado 9000<\/a><\/p>","protected":false},"excerpt":{"rendered":"<p>Vapme Crystal 7000 R\u016bkom\u0173j\u0173 Puf\u0173 \u012ekraunamas Vienkartinis Vape Didmenin\u0117 Kaina<\/p>\n<p>Puff 7000 Vapme Crystal Originalus Vienkartinis Vape Geriausias Skonis<\/p>\n<p>VAPME CRYSTAL 7000 Puf\u0173 2% Nikotino<\/p>\n<p><strong>Susisiekite su Amy d\u0117l daugiau nuolaid\u0173 ir ma\u017eesnio minimalaus u\u017esakymo kiekio garintuvo<\/strong><\/p>\n<p><img loading=\"lazy\" decoding=\"async\" class=\"size-medium wp-image-1814\" src=\"https:\/\/rmvapesale.com\/wp-content\/uploads\/2024\/04\/whatsapp-amy-229x300.jpg\" alt=\"whatsapp amy\" width=\"229\" height=\"300\" srcset=\"https:\/\/rmvapesale.com\/wp-content\/uploads\/2024\/04\/whatsapp-amy-229x300.jpg 229w, https:\/\/rmvapesale.com\/wp-content\/uploads\/2024\/04\/whatsapp-amy-783x1024.jpg 783w, https:\/\/rmvapesale.com\/wp-content\/uploads\/2024\/04\/whatsapp-amy-768x1005.jpg 768w, https:\/\/rmvapesale.com\/wp-content\/uploads\/2024\/04\/whatsapp-amy-600x785.jpg 600w, https:\/\/rmvapesale.com\/wp-content\/uploads\/2024\/04\/whatsapp-amy.jpg 990w\" sizes=\"auto, (max-width: 229px) 100vw, 229px\" \/><\/p>\n<h3><span style=\"color: #ff0000\"><strong>WhatsApp: +86 17776015835<\/strong><\/span><\/h3>","protected":false},"featured_media":2671,"comment_status":"open","ping_status":"closed","template":"","meta":{"_uag_custom_page_level_css":"","_lmt_disableupdate":"no","_lmt_disable":"","site-sidebar-layout":"default","site-content-layout":"content-boxed-container","ast-site-content-layout":"normal-width-container","site-content-style":"boxed","site-sidebar-style":"unboxed","ast-global-header-display":"","ast-banner-title-visibility":"","ast-main-header-display":"","ast-hfb-above-header-display":"","ast-hfb-below-header-display":"","ast-hfb-mobile-header-display":"","site-post-title":"","ast-breadcrumbs-content":"","ast-featured-img":"","footer-sml-layout":"","ast-disable-related-posts":"","theme-transparent-header-meta":"default","adv-header-id-meta":"","stick-header-meta":"","header-above-stick-meta":"","header-main-stick-meta":"","header-below-stick-meta":"","astra-migrate-meta-layouts":"set","ast-page-background-enabled":"default","ast-page-background-meta":{"desktop":{"background-color":"var(--ast-global-color-4)","background-image":"","background-repeat":"repeat","background-position":"center center","background-size":"auto","background-attachment":"scroll","background-type":"","background-media":"","overlay-type":"","overlay-color":"","overlay-opacity":"","overlay-gradient":""},"tablet":{"background-color":"","background-image":"","background-repeat":"repeat","background-position":"center center","background-size":"auto","background-attachment":"scroll","background-type":"","background-media":"","overlay-type":"","overlay-color":"","overlay-opacity":"","overlay-gradient":""},"mobile":{"background-color":"","background-image":"","background-repeat":"repeat","background-position":"center center","background-size":"auto","background-attachment":"scroll","background-type":"","background-media":"","overlay-type":"","overlay-color":"","overlay-opacity":"","overlay-gradient":""}},"ast-content-background-meta":{"desktop":{"background-color":"var(--ast-global-color-5)","background-image":"","background-repeat":"repeat","background-position":"center center","background-size":"auto","background-attachment":"scroll","background-type":"","background-media":"","overlay-type":"","overlay-color":"","overlay-opacity":"","overlay-gradient":""},"tablet":{"background-color":"var(--ast-global-color-5)","background-image":"","background-repeat":"repeat","background-position":"center center","background-size":"auto","background-attachment":"scroll","background-type":"","background-media":"","overlay-type":"","overlay-color":"","overlay-opacity":"","overlay-gradient":""},"mobile":{"background-color":"var(--ast-global-color-5)","background-image":"","background-repeat":"repeat","background-position":"center center","background-size":"auto","background-attachment":"scroll","background-type":"","background-media":"","overlay-type":"","overlay-color":"","overlay-opacity":"","overlay-gradient":""}},"_joinchat":[]},"product_brand":[],"product_cat":[25,272,290,27,123,293,30,26,15,28,295,137,136,135,281],"product_tag":[48,40,41,54,53,37],"class_list":{"0":"post-1942","1":"product","2":"type-product","3":"status-publish","4":"has-post-thumbnail","6":"product_cat-germany-best-selling-vape","7":"product_cat-7000-puff-disposable-vape","8":"product_cat-crystal-disposable-vapes","9":"product_cat-fance-hot-sale-vape","10":"product_cat-italy-wholesale-vape","11":"product_cat-low-nicotine-disposable-vapes","12":"product_cat-minimum-order-quantity-50pcs","13":"product_cat-netherlands-hot-sale-vape","14":"product_cat-new-vape-this-week","15":"product_cat-poland-hot-sale-vape","16":"product_cat-rechargeable-disposable-vapes","17":"product_cat-rechargeable-vapes","18":"product_cat-smart-screen-vapes","19":"product_cat-spain-best-hot-sale-vape","20":"product_cat-vapme-vape","21":"product_tag-7000-puffs-vape","22":"product_tag-hot-sale-vape","23":"product_tag-original-factory-vape","24":"product_tag-rechargeable-disposable-vape","25":"product_tag-vapme-vape","26":"product_tag-wholesale-vape-price","27":"desktop-align-left","28":"tablet-align-left","29":"mobile-align-left","31":"first","32":"instock","33":"sale","34":"shipping-taxable","35":"purchasable","36":"product-type-simple"},"uagb_featured_image_src":{"full":["https:\/\/rmvapesale.com\/wp-content\/uploads\/2024\/11\/Vapme-Crystal-Rechareable-Vape-Wholesale.jpg",800,800,false],"thumbnail":["https:\/\/rmvapesale.com\/wp-content\/uploads\/2024\/11\/Vapme-Crystal-Rechareable-Vape-Wholesale-150x150.jpg",150,150,true],"medium":["https:\/\/rmvapesale.com\/wp-content\/uploads\/2024\/11\/Vapme-Crystal-Rechareable-Vape-Wholesale-300x300.jpg",300,300,true],"medium_large":["https:\/\/rmvapesale.com\/wp-content\/uploads\/2024\/11\/Vapme-Crystal-Rechareable-Vape-Wholesale-768x768.jpg",768,768,true],"large":["https:\/\/rmvapesale.com\/wp-content\/uploads\/2024\/11\/Vapme-Crystal-Rechareable-Vape-Wholesale.jpg",800,800,false],"1536x1536":["https:\/\/rmvapesale.com\/wp-content\/uploads\/2024\/11\/Vapme-Crystal-Rechareable-Vape-Wholesale.jpg",800,800,false],"2048x2048":["https:\/\/rmvapesale.com\/wp-content\/uploads\/2024\/11\/Vapme-Crystal-Rechareable-Vape-Wholesale.jpg",800,800,false],"trp-custom-language-flag":["https:\/\/rmvapesale.com\/wp-content\/uploads\/2024\/11\/Vapme-Crystal-Rechareable-Vape-Wholesale.jpg",12,12,false],"woocommerce_thumbnail":["https:\/\/rmvapesale.com\/wp-content\/uploads\/2024\/11\/Vapme-Crystal-Rechareable-Vape-Wholesale-300x300.jpg",300,300,true],"woocommerce_single":["https:\/\/rmvapesale.com\/wp-content\/uploads\/2024\/11\/Vapme-Crystal-Rechareable-Vape-Wholesale-600x600.jpg",600,600,true],"woocommerce_gallery_thumbnail":["https:\/\/rmvapesale.com\/wp-content\/uploads\/2024\/11\/Vapme-Crystal-Rechareable-Vape-Wholesale-100x100.jpg",100,100,true],"wcpr-photo-reviews":["https:\/\/rmvapesale.com\/wp-content\/uploads\/2024\/11\/Vapme-Crystal-Rechareable-Vape-Wholesale.jpg",500,500,false]},"uagb_author_info":{"display_name":"AMY","author_link":"https:\/\/rmvapesale.com\/lt\/author\/"},"uagb_comment_info":0,"uagb_excerpt":"Vapme Crystal 7000 Puffs Rechargeable Disposable Vape Bulk Buy Price Puff 7000 Vapme Crystal Original Disposable Vape Best Flavor VAPME CRYSTAL 7000 Puffs 2% Nicotine Contact Amy For More Discount And Lower MOQ Vape WhatsApp: +86 17776015835","_links":{"self":[{"href":"https:\/\/rmvapesale.com\/lt\/wp-json\/wp\/v2\/product\/1942","targetHints":{"allow":["GET"]}}],"collection":[{"href":"https:\/\/rmvapesale.com\/lt\/wp-json\/wp\/v2\/product"}],"about":[{"href":"https:\/\/rmvapesale.com\/lt\/wp-json\/wp\/v2\/types\/product"}],"replies":[{"embeddable":true,"href":"https:\/\/rmvapesale.com\/lt\/wp-json\/wp\/v2\/comments?post=1942"}],"wp:featuredmedia":[{"embeddable":true,"href":"https:\/\/rmvapesale.com\/lt\/wp-json\/wp\/v2\/media\/2671"}],"wp:attachment":[{"href":"https:\/\/rmvapesale.com\/lt\/wp-json\/wp\/v2\/media?parent=1942"}],"wp:term":[{"taxonomy":"product_brand","embeddable":true,"href":"https:\/\/rmvapesale.com\/lt\/wp-json\/wp\/v2\/product_brand?post=1942"},{"taxonomy":"product_cat","embeddable":true,"href":"https:\/\/rmvapesale.com\/lt\/wp-json\/wp\/v2\/product_cat?post=1942"},{"taxonomy":"product_tag","embeddable":true,"href":"https:\/\/rmvapesale.com\/lt\/wp-json\/wp\/v2\/product_tag?post=1942"}],"curies":[{"name":"wp","href":"https:\/\/api.w.org\/{rel}","templated":true}]}}