{"id":1950,"date":"2024-09-05T08:27:17","date_gmt":"2024-09-05T08:27:17","guid":{"rendered":"https:\/\/rmvapesale.com\/?post_type=product&#038;p=1950"},"modified":"2025-01-20T03:43:06","modified_gmt":"2025-01-20T03:43:06","slug":"bang-30k-puffs-disposable-vape-double-taste-wholesale-italy","status":"publish","type":"product","link":"https:\/\/rmvapesale.com\/lt\/product\/bang-30k-puffs-disposable-vape-double-taste-wholesale-italy\/","title":{"rendered":"Bang 30k i\u0161p\u016btim\u0173 vienkartinis garintuvas, dvigubo skonio didmenin\u0117 prekyba Lietuvoje"},"content":{"rendered":"<h1>Bang 30k i\u0161p\u016btim\u0173 vienkartinis garintuvas, dvigubo skonio didmenin\u0117 prekyba Lietuvoje<\/h1>\n<p>Bang 30000 30k Puffs dvigubo skonio vienkartinis vape yra auk\u0161\u010diausios klas\u0117s prietaisas, sukurtas ypatingai garinimo patir\u010diai. Su \u012fsp\u016bdingais 30 000 \u012fkv\u0117pim\u0173, jis si\u016blo neprilygstam\u0105 ilgaam\u017ei\u0161kum\u0105 ir patogum\u0105. Su 1,0 omo tinklelio rit\u0117, jis u\u017etikrina skland\u0173 ir pastov\u0173 gar\u0105, pagerindamas skon\u012f su kiekvienu \u012fkv\u0117pimu. Jo 36 ml e-skys\u010dio talpa u\u017etikrina ilgalaik\u012f naudojim\u0105 be da\u017eno papildymo. Pasirinkite i\u0161 0%, 2%, 3% arba 5% nikotino lygi\u0173, kad atitikt\u0173 j\u016bs\u0173 pageidavimus.<\/p>\n<p>550 mAh baterija u\u017etikrina patikim\u0105 veikim\u0105, o Type-C \u012fkrovimo funkcija leid\u017eia greitai ir efektyviai \u012fkrauti. I\u0161pl\u0117stinis LCD ekranas informuoja apie baterijos veikimo laik\u0105 ir e-skys\u010dio lygius, u\u017etikrindamas skland\u0173 naudojim\u0105.<\/p>\n<p>Bang 30000 Puffs taip pat pasi\u017eymi dvigubo skonio funkcionalumu, leid\u017eian\u010diu persijungti tarp dviej\u0173 skirting\u0173 skoni\u0173, kad garinimas b\u016bt\u0173 \u012fvairiapusi\u0161kas. Idealiai tinka tiek pradedantiesiems, tiek patyrusiems garintojams, jis sujungia didel\u0119 talp\u0105, paprast\u0105 naudojim\u0105 ir pa\u017eangias technologijas, kad b\u016bt\u0173 u\u017etikrinta auk\u0161\u010diausios kokyb\u0117s garinimo patirtis.<\/p>\n<p><strong>Susisiekite su Amy, kad gautum\u0117te teising\u0105 atsakym\u0105 ir didmenin\u0119 kain\u0105!<\/strong><\/p>\n<p><img loading=\"lazy\" decoding=\"async\" class=\"size-medium wp-image-1814\" src=\"https:\/\/rmvapesale.com\/wp-content\/uploads\/2024\/04\/whatsapp-amy-229x300.jpg\" alt=\"whatsapp amy\" width=\"229\" height=\"300\" srcset=\"https:\/\/rmvapesale.com\/wp-content\/uploads\/2024\/04\/whatsapp-amy-229x300.jpg 229w, https:\/\/rmvapesale.com\/wp-content\/uploads\/2024\/04\/whatsapp-amy-783x1024.jpg 783w, https:\/\/rmvapesale.com\/wp-content\/uploads\/2024\/04\/whatsapp-amy-768x1005.jpg 768w, https:\/\/rmvapesale.com\/wp-content\/uploads\/2024\/04\/whatsapp-amy-600x785.jpg 600w, https:\/\/rmvapesale.com\/wp-content\/uploads\/2024\/04\/whatsapp-amy.jpg 990w\" sizes=\"auto, (max-width: 229px) 100vw, 229px\" \/><\/p>\n<h2><strong>Kuo Bang 30000 Puffs yra<\/strong><strong>\u00a0geriausiai parduodamas vienkartinis vape?<\/strong><\/h2>\n<p>Su puikiomis specifikacijomis, autenti\u0161kas Bang 30000 Puffs dvigubo skonio vienkartinis vape i\u0161siskiria kaip vienas did\u017eiausios talpos vienkartini\u0173 vape rinkoje.<\/p>\n<p>\u012ekv\u0117pim\u0173: 30000 \u012fkv\u0117pim\u0173<br \/>\nRit\u0117: Tinklelio rit\u0117 1,0 omo<br \/>\nE-skystis: 36 ml<br \/>\nNikotinas: 0%\/2%\/3%\/5%<br \/>\nBaterija: 550 mAh<br \/>\n\u012ekraunama: Type-C<br \/>\nSkaitmeninis LCD ekranas<br \/>\nDvigubo Skonio<\/p>\n<h2><strong>Koks yra geriausias skonis <\/strong><strong>Bang 30k <\/strong><strong>i\u0161p\u016btim\u0173 garintuvui?<\/strong><\/h2>\n<p>m\u0117lyni\u0173 avie\u010di\u0173<\/p>\n<p>\u0160is Bang 30000 Garintuvas si\u016blo 12 galim\u0173 skoni\u0173, i\u0161 kuri\u0173 galite rinktis, tikrai rasite ka\u017ek\u0105 sau.<\/p>\n<p>1. arb\u016bz\u0173 ledas<br \/>\n2. arb\u016bz\u0173 ledas<br \/>\n3. bra\u0161ki\u0173 arb\u016bzas<br \/>\n4. bra\u0161ki\u0173 ir arb\u016bz\u0173<br \/>\n5. m\u0117lyni\u0173 ledas<br \/>\n6. m\u0117lyni\u0173 ledas<br \/>\n7. red bull<br \/>\n8. red bull<br \/>\n9. m\u0117lyni\u0173 avie\u010di\u0173<br \/>\n10. m\u0117lyni\u0173 avie\u010di\u0173<br \/>\n11. bra\u0161ki\u0173 kivis<br \/>\n12. bra\u0161ki\u0173 kivis<\/p>\n<h2><strong>Klausimai, kuriuos galb\u016bt nor\u0117tum\u0117te \u017einoti apie Bang 30000 vienkartin\u012f garintuv\u0105<\/strong><\/h2>\n<h3>K1. Kas yra Bang30k i\u0161p\u016btim\u0173 garintuvas?<\/h3>\n<p>A: Bang 30k i\u0161p\u016btim\u0173 Originalus yra vienkartinis garintuvo prietaisas, skirtas ilgoms garinimo sesijoms. Jis pavadintas d\u0117l \u012fsp\u016bdingos 15 000 i\u0161p\u016btim\u0173 talpos.<\/p>\n<h3>Q2. Kiek laiko veikia originalus \u201eBangKing 30000 Puffs 15K Vape\u201c?<\/h3>\n<p>A: Originaliame \u201eBang 30k Puffs\u201c yra integruota 550 mAh talpos baterija, tod\u0117l vienu \u012fkrovimu galima naudotis ilgiau. Ta\u010diau tikslus baterijos veikimo laikas priklauso nuo individuali\u0173 naudojimo \u012fpro\u010di\u0173.<\/p>\n<h3>Q3. Ar \u201eBang 30000 Vape Original\u201c galima \u012fkrauti?<\/h3>\n<p><span style=\"font-size: 16px\">A: Taip, originalus \u201eBang 30k Puffs\u201c yra su \u012fkraunama baterija, kuri\u0105 galima \u012fkrauti, tod\u0117l gal\u0117site m\u0117gautis iki paskutinio la\u0161o.<\/span><\/p>\n<h3>Q4. Kur galiu \u012fsigyti tikr\u0105j\u012f \u201eBang 30000 Puffs Vape\u201c?<\/h3>\n<p>A: Tikr\u0105j\u012f \u201eBang 30k Puffs\u201c galima \u012fsigyti i\u0161 \u012fgaliot\u0173j\u0173 platintoj\u0173. D\u0117l didmenini\u0173 u\u017eklaus\u0173 platintojai gali <a href=\"https:\/\/wa.me\/8617776015835\" target=\"_blank\" rel=\"noopener\">susisiekite SU mumis<\/a> tiesiogiai. Ma\u017emenin\u0117s prekybos klientai gali rasti produkt\u0105 pasirinktose ma\u017emenin\u0117s prekybos parduotuv\u0117se arba internetin\u0117se parduotuv\u0117se. Visi m\u016bs\u0173 parduotuv\u0117s produktai yra 100% original\u016bs ir autenti\u0161ki, tod\u0117l de\u0161imteriopas kompensavimas u\u017e padirbtas prekes yra m\u016bs\u0173 parduotuv\u0117s politika.<\/p>\n<p>&nbsp;<\/p>\n<p><strong>Siuntimo informacija:<\/strong><\/p>\n<div class=\"flex-shrink-0 flex flex-col relative items-end\">\n<div>\n<div class=\"pt-0\">\n<div class=\"gizmo-bot-avatar flex h-8 w-8 items-center justify-center overflow-hidden rounded-full\">\n<div class=\"relative p-1 rounded-sm flex items-center justify-center bg-token-main-surface-primary text-token-text-primary h-8 w-8\"><strong>Kokie pristatymo b\u016bdai naudojami?<\/strong><\/div>\n<\/div>\n<\/div>\n<\/div>\n<\/div>\n<div class=\"group\/conversation-turn relative flex w-full min-w-0 flex-col agent-turn\">\n<div class=\"flex-col gap-1 md:gap-3\">\n<div class=\"flex max-w-full flex-col flex-grow\">\n<div class=\"min-h-[20px] text-message flex w-full flex-col items-end gap-2 whitespace-normal break-words [.text-message+&amp;]:mt-5 overflow-x-auto\" dir=\"auto\" data-message-author-role=\"assistant\" data-message-id=\"22f8283b-3233-46ff-89a5-c7a41b33abda\">\n<div class=\"flex w-full flex-col gap-1 empty:hidden first:pt-[3px]\">\n<div class=\"markdown prose w-full break-words dark:prose-invert light\">\n<p>Mes bendradarbiaujame su UPS, DHL, FedEx, DPD ir kitais pirmaujan\u010diais ve\u017e\u0117jais. Mes parinksime geriausi\u0105 siuntimo b\u016bd\u0105, atsi\u017evelgdami \u012f j\u016bs\u0173 pristatymo viet\u0105, kad u\u017etikrintume, jog gaminiai jus pasieks kuo grei\u010diau.<\/p>\n<\/div>\n<p><strong>Per kiek laiko atvyksta?<\/strong><\/p>\n<p>\u012e Lietuv\u0105 siun\u010diami siuntiniai paprastai atvyksta per 10 darbo dien\u0173. Siuntimas \u012f Europos \u0161alis paprastai trunka apie 12\u201315 darbo dien\u0173. Mes teikiame realiuoju laiku atnaujinam\u0105 informacij\u0105 apie j\u016bs\u0173 siuntos b\u016bsen\u0105.<\/p>\n<p>&nbsp;<\/p>\n<\/div>\n<\/div>\n<\/div>\n<\/div>\n<\/div>\n<p>Raskite daugiau garintuv\u0173, kurie jums gali patikti:<em><a href=\"https:\/\/rmvapesale.com\/lt\/shop-2\/\">pirkti dabar\u00a0<\/a><\/em><\/p>\n<p>kiti kar\u0161tai parduodami garintuvai, kurie jums gali patikti:<\/p>\n<p><a href=\"https:\/\/rmvapesale.com\/lt\/product\/randm-vape-al-fakher-10000-puffs-vape-wholesale\/\">randm vape AI FAKHER 15k vape<\/a><\/p>\n<p><a href=\"https:\/\/rmvapesale.com\/lt\/product\/original-randm-tornado-9000-puffs-disposable-vape-factory-price\/\">RandM Tornado 9000<\/a><\/p>","protected":false},"excerpt":{"rendered":"<p>Bang 30000 30k Puffs dvigubo skonio vienkartinis vape didmenin\u0117 kaina<br \/>\nORIGINALUS Bang 30000 Puffs vienkartinis vape didmenin\u0117 gamykla sand\u0117lyje<br \/>\nBANG 30000 dvigubas skonis 30K vienkartinis vape su nuolaida<\/p>\n<p><strong>Susisiekite su Amy d\u0117l daugiau nuolaid\u0173 ir ma\u017eesnio minimalaus u\u017esakymo kiekio garintuvo<\/strong><\/p>\n<p><img loading=\"lazy\" decoding=\"async\" class=\"size-medium wp-image-1814\" src=\"https:\/\/rmvapesale.com\/wp-content\/uploads\/2024\/04\/whatsapp-amy-229x300.jpg\" alt=\"whatsapp amy\" width=\"229\" height=\"300\" srcset=\"https:\/\/rmvapesale.com\/wp-content\/uploads\/2024\/04\/whatsapp-amy-229x300.jpg 229w, https:\/\/rmvapesale.com\/wp-content\/uploads\/2024\/04\/whatsapp-amy-783x1024.jpg 783w, https:\/\/rmvapesale.com\/wp-content\/uploads\/2024\/04\/whatsapp-amy-768x1005.jpg 768w, https:\/\/rmvapesale.com\/wp-content\/uploads\/2024\/04\/whatsapp-amy-600x785.jpg 600w, https:\/\/rmvapesale.com\/wp-content\/uploads\/2024\/04\/whatsapp-amy.jpg 990w\" sizes=\"auto, (max-width: 229px) 100vw, 229px\" \/><\/p>\n<h3><span style=\"color: #ff0000\"><strong>WhatsApp: +86 17776015835<\/strong><\/span><\/h3>","protected":false},"featured_media":1951,"comment_status":"open","ping_status":"closed","template":"","meta":{"_uag_custom_page_level_css":"","_lmt_disableupdate":"no","_lmt_disable":"","site-sidebar-layout":"default","site-content-layout":"content-boxed-container","ast-site-content-layout":"normal-width-container","site-content-style":"boxed","site-sidebar-style":"unboxed","ast-global-header-display":"","ast-banner-title-visibility":"","ast-main-header-display":"","ast-hfb-above-header-display":"","ast-hfb-below-header-display":"","ast-hfb-mobile-header-display":"","site-post-title":"","ast-breadcrumbs-content":"","ast-featured-img":"","footer-sml-layout":"","theme-transparent-header-meta":"default","adv-header-id-meta":"","stick-header-meta":"","header-above-stick-meta":"","header-main-stick-meta":"","header-below-stick-meta":"","astra-migrate-meta-layouts":"set","ast-page-background-enabled":"default","ast-page-background-meta":{"desktop":{"background-color":"var(--ast-global-color-4)","background-image":"","background-repeat":"repeat","background-position":"center center","background-size":"auto","background-attachment":"scroll","background-type":"","background-media":"","overlay-type":"","overlay-color":"","overlay-opacity":"","overlay-gradient":""},"tablet":{"background-color":"","background-image":"","background-repeat":"repeat","background-position":"center center","background-size":"auto","background-attachment":"scroll","background-type":"","background-media":"","overlay-type":"","overlay-color":"","overlay-opacity":"","overlay-gradient":""},"mobile":{"background-color":"","background-image":"","background-repeat":"repeat","background-position":"center center","background-size":"auto","background-attachment":"scroll","background-type":"","background-media":"","overlay-type":"","overlay-color":"","overlay-opacity":"","overlay-gradient":""}},"ast-content-background-meta":{"desktop":{"background-color":"var(--ast-global-color-5)","background-image":"","background-repeat":"repeat","background-position":"center center","background-size":"auto","background-attachment":"scroll","background-type":"","background-media":"","overlay-type":"","overlay-color":"","overlay-opacity":"","overlay-gradient":""},"tablet":{"background-color":"var(--ast-global-color-5)","background-image":"","background-repeat":"repeat","background-position":"center center","background-size":"auto","background-attachment":"scroll","background-type":"","background-media":"","overlay-type":"","overlay-color":"","overlay-opacity":"","overlay-gradient":""},"mobile":{"background-color":"var(--ast-global-color-5)","background-image":"","background-repeat":"repeat","background-position":"center center","background-size":"auto","background-attachment":"scroll","background-type":"","background-media":"","overlay-type":"","overlay-color":"","overlay-opacity":"","overlay-gradient":""}},"_joinchat":[]},"product_brand":[],"product_cat":[25,289,291,292,298,293,295,299,279,253,123,26,28,135,27,60,137,136,15,30],"product_tag":[55,56,57,58,40,41,59,37],"class_list":{"0":"post-1950","1":"product","2":"type-product","3":"status-publish","4":"has-post-thumbnail","6":"product_cat-germany-best-selling-vape","7":"product_cat-big-puffs-disposable-vapes","8":"product_cat-dual-mesh-disposable-vapes","9":"product_cat-digital-disposable-vapes","10":"product_cat-double-flavor-disposable-vapes","11":"product_cat-low-nicotine-disposable-vapes","12":"product_cat-rechargeable-disposable-vapes","13":"product_cat-smart-screen-disposable-vapes","14":"product_cat-bang-king-vape","15":"product_cat-15000-puff-disposable-vape","16":"product_cat-italy-wholesale-vape","17":"product_cat-netherlands-hot-sale-vape","18":"product_cat-poland-hot-sale-vape","19":"product_cat-spain-best-hot-sale-vape","20":"product_cat-fance-hot-sale-vape","21":"product_cat-bang-vapes","22":"product_cat-rechargeable-vapes","23":"product_cat-smart-screen-vapes","24":"product_cat-new-vape-this-week","25":"product_cat-minimum-order-quantity-50pcs","26":"product_tag-buy-vape-pods","27":"product_tag-disposable-vape-wholesale-near-me","28":"product_tag-disposable-vape-wholesale-supplier","29":"product_tag-electric-cigarettes","30":"product_tag-hot-sale-vape","31":"product_tag-original-factory-vape","32":"product_tag-puffs-vape","33":"product_tag-wholesale-vape-price","34":"desktop-align-left","35":"tablet-align-left","36":"mobile-align-left","38":"first","39":"instock","40":"sale","41":"shipping-taxable","42":"purchasable","43":"product-type-simple"},"uagb_featured_image_src":{"full":["https:\/\/rmvapesale.com\/wp-content\/uploads\/2024\/09\/Bang-30000-Disposable-Vape.jpg",800,800,false],"thumbnail":["https:\/\/rmvapesale.com\/wp-content\/uploads\/2024\/09\/Bang-30000-Disposable-Vape-150x150.jpg",150,150,true],"medium":["https:\/\/rmvapesale.com\/wp-content\/uploads\/2024\/09\/Bang-30000-Disposable-Vape-300x300.jpg",300,300,true],"medium_large":["https:\/\/rmvapesale.com\/wp-content\/uploads\/2024\/09\/Bang-30000-Disposable-Vape-768x768.jpg",768,768,true],"large":["https:\/\/rmvapesale.com\/wp-content\/uploads\/2024\/09\/Bang-30000-Disposable-Vape.jpg",800,800,false],"1536x1536":["https:\/\/rmvapesale.com\/wp-content\/uploads\/2024\/09\/Bang-30000-Disposable-Vape.jpg",800,800,false],"2048x2048":["https:\/\/rmvapesale.com\/wp-content\/uploads\/2024\/09\/Bang-30000-Disposable-Vape.jpg",800,800,false],"trp-custom-language-flag":["https:\/\/rmvapesale.com\/wp-content\/uploads\/2024\/09\/Bang-30000-Disposable-Vape.jpg",12,12,false],"woocommerce_thumbnail":["https:\/\/rmvapesale.com\/wp-content\/uploads\/2024\/09\/Bang-30000-Disposable-Vape-300x300.jpg",300,300,true],"woocommerce_single":["https:\/\/rmvapesale.com\/wp-content\/uploads\/2024\/09\/Bang-30000-Disposable-Vape-600x600.jpg",600,600,true],"woocommerce_gallery_thumbnail":["https:\/\/rmvapesale.com\/wp-content\/uploads\/2024\/09\/Bang-30000-Disposable-Vape-100x100.jpg",100,100,true],"wcpr-photo-reviews":["https:\/\/rmvapesale.com\/wp-content\/uploads\/2024\/09\/Bang-30000-Disposable-Vape.jpg",500,500,false]},"uagb_author_info":{"display_name":"AMY","author_link":"https:\/\/rmvapesale.com\/lt\/author\/"},"uagb_comment_info":0,"uagb_excerpt":"Bang 30000 30k Puffs Double Taste Disposable Vape Wholesale Price ORIGINAL Bang 30000 Puffs Disposable Vape Factory Wholesale in Stock BANG 30000 double flavor 30K Disposable Vape Discount Price Contact Amy For More Discount And Lower MOQ Vape WhatsApp: +86 17776015835","_links":{"self":[{"href":"https:\/\/rmvapesale.com\/lt\/wp-json\/wp\/v2\/product\/1950","targetHints":{"allow":["GET"]}}],"collection":[{"href":"https:\/\/rmvapesale.com\/lt\/wp-json\/wp\/v2\/product"}],"about":[{"href":"https:\/\/rmvapesale.com\/lt\/wp-json\/wp\/v2\/types\/product"}],"replies":[{"embeddable":true,"href":"https:\/\/rmvapesale.com\/lt\/wp-json\/wp\/v2\/comments?post=1950"}],"wp:featuredmedia":[{"embeddable":true,"href":"https:\/\/rmvapesale.com\/lt\/wp-json\/wp\/v2\/media\/1951"}],"wp:attachment":[{"href":"https:\/\/rmvapesale.com\/lt\/wp-json\/wp\/v2\/media?parent=1950"}],"wp:term":[{"taxonomy":"product_brand","embeddable":true,"href":"https:\/\/rmvapesale.com\/lt\/wp-json\/wp\/v2\/product_brand?post=1950"},{"taxonomy":"product_cat","embeddable":true,"href":"https:\/\/rmvapesale.com\/lt\/wp-json\/wp\/v2\/product_cat?post=1950"},{"taxonomy":"product_tag","embeddable":true,"href":"https:\/\/rmvapesale.com\/lt\/wp-json\/wp\/v2\/product_tag?post=1950"}],"curies":[{"name":"wp","href":"https:\/\/api.w.org\/{rel}","templated":true}]}}