{"id":1962,"date":"2024-09-10T02:25:58","date_gmt":"2024-09-10T02:25:58","guid":{"rendered":"https:\/\/rmvapesale.com\/?post_type=product&#038;p=1962"},"modified":"2025-01-20T03:45:42","modified_gmt":"2025-01-20T03:45:42","slug":"bang-beach-22000-puffs-smart-screen-vapes-factory-price","status":"publish","type":"product","link":"https:\/\/rmvapesale.com\/lt\/product\/bang-beach-22000-puffs-smart-screen-vapes-factory-price\/","title":{"rendered":"Bang Beach 22000 P\u016bksn\u0173 i\u0161maniojo ekrano garintuv\u0173 gamyklin\u0117 kaina"},"content":{"rendered":"<h1>Bang Beach 22000 P\u016bksn\u0173 i\u0161maniojo ekrano garintuv\u0173 gamyklin\u0117 kaina<\/h1>\n<p>Pristatome Bang Beach 22000 R\u016bkan\u010di\u0173j\u0173 i\u0161man\u0173j\u012f ekran\u0105 Vape, sukurt\u0105 suteikti auk\u0161tesn\u0119 r\u016bkymo patirt\u012f.<\/p>\n<p>\u0160is vienkartinis vape ra\u0161iklis si\u016blo iki 22 000 r\u016bkan\u010di\u0173j\u0173, d\u0117ka didelio 36 ml i\u0161 anksto pripildyto elektroninio skys\u010dio talpyklos, pa\u0161alinant da\u017en\u0173 papildym\u0173 poreik\u012f.<\/p>\n<p>Priderinkite savo nikotino kiek\u012f su pasirinkimais 0%, 2%, 3% ir 5%, kad atitikt\u0173 j\u016bs\u0173 asmeninius pageidavimus. Pagerinkite savo r\u016bkym\u0105 su 1.0 tinklelio rit\u0117 ir reguliuojamu oro srautu, kurie leid\u017eia pritaikyti tiek skon\u012f, tiek garo kiek\u012f.<\/p>\n<p>Vape ra\u0161iklis turi tvirt\u0105 850mAh \u012fkraunam\u0105 baterij\u0105 ir Type-C \u012fkrovimo jungt\u012f, u\u017etikrinan\u010di\u0105 greit\u0105 ir patog\u0173 \u012fkrovim\u0105. Sekite akumuliatoriaus b\u016bsen\u0105 su integruotu LED ekranu, kuris rodo realaus laiko baterijos likut\u012f ir naudojimo informacij\u0105. Pasirinkite i\u0161 12 skoni\u0173, kad rastum\u0117te tobul\u0105 skon\u012f jums.<\/p>\n<p>Patirkite patogum\u0105 ir auk\u0161tos kokyb\u0117s Originalaus Bang Beach 22000 R\u016bkan\u010di\u0173j\u0173 i\u0161maniojo ekrano Vape \u0161iandien.<\/p>\n<p><strong>Susisiekite su Amy, kad gautum\u0117te teising\u0105 atsakym\u0105 ir daugiau nuolaid\u0173!<\/strong><\/p>\n<p><img loading=\"lazy\" decoding=\"async\" class=\"size-medium wp-image-1814\" src=\"https:\/\/rmvapesale.com\/wp-content\/uploads\/2024\/04\/whatsapp-amy-229x300.jpg\" alt=\"whatsapp amy\" width=\"229\" height=\"300\" srcset=\"https:\/\/rmvapesale.com\/wp-content\/uploads\/2024\/04\/whatsapp-amy-229x300.jpg 229w, https:\/\/rmvapesale.com\/wp-content\/uploads\/2024\/04\/whatsapp-amy-783x1024.jpg 783w, https:\/\/rmvapesale.com\/wp-content\/uploads\/2024\/04\/whatsapp-amy-768x1005.jpg 768w, https:\/\/rmvapesale.com\/wp-content\/uploads\/2024\/04\/whatsapp-amy-600x785.jpg 600w, https:\/\/rmvapesale.com\/wp-content\/uploads\/2024\/04\/whatsapp-amy.jpg 990w\" sizes=\"auto, (max-width: 229px) 100vw, 229px\" \/><\/p>\n<h3><span style=\"color: #ff0000\"><strong>WhatsApp: +86 17776015835<\/strong><\/span><\/h3>\n<p>&nbsp;<\/p>\n<h2><strong>Bang Beach 22000 Pagrindin\u0117s savyb\u0117s<\/strong><\/h2>\n<p>Nikotinas: 0% 2% 3% 5%<br \/>\nI\u0161p\u016btimai:22000<br \/>\nTalpa: 36ml<br \/>\nGalimi 12 skoni\u0173<br \/>\n850mah \u012fkraunama<br \/>\nI\u0161manusis ekranas<br \/>\nTinklelio rit\u0117<\/p>\n<h2><strong>Koks yra geriausias skonis Bang Beach 22000 R\u016bkan\u010di\u0173j\u0173?<\/strong><strong>?<\/strong><\/h2>\n<p>\u0160is Bang Vape 20000 Puffs i\u0161manusis ekranas suteikia 12 skirting\u0173 skoni\u0173 j\u016bs\u0173 pasirinkimui, tikrai rasite geriausi\u0105 sau.<\/p>\n<p>1. Persik\u0173 ledas<br \/>\n2. Persikai ir mangai<br \/>\n3. Uog\u0173 mi\u0161inys<br \/>\n4. Ro\u017einis limonadas<br \/>\n5. Bra\u0161k\u0117s ir arb\u016bzas<br \/>\n6. Arb\u016bz\u0173 ledas<br \/>\n7. Vynuogi\u0173 ledas<br \/>\n8.Vimto<br \/>\n9. Bra\u0161ki\u0173 ledas<br \/>\n10.Vy\u0161ni\u0173<br \/>\n11.M\u0117lyni\u0173 Avie\u010di\u0173<br \/>\n12.R\u016bg\u0161\u010di\u0173 obuoli\u0173<\/p>\n<h2><strong>Klausimai, kuriuos galb\u016bt nor\u0117tum\u0117te \u017einoti apie Bang Beach 22k Puffs<\/strong><\/h2>\n<p>&nbsp;<\/p>\n<p><strong>1. Kiek r\u016bkan\u010di\u0173j\u0173 galiu tik\u0117tis i\u0161 Bang Beach 22k Puffs?<\/strong><\/p>\n<p>Bang Beach 22k Puffs pasi\u017eymi \u012fsp\u016bdinga 22000 r\u016bkan\u010di\u0173j\u0173 (bandymo aplinkoje), u\u017etikrinant ilgalaik\u012f naudojim\u0105 ir ilgalaik\u012f pasitenkinim\u0105.<\/p>\n<p><strong>2. Kokio nikotino stiprumo si\u016blo Bang Beach 22k Puffs?<\/strong><\/p>\n<p>Bang Beach 22k Puffs yra i\u0161 anksto pripildytas elektroninio skys\u010dio su nikotino stiprumu 0%, 2%, 3% ir 5%, si\u016blant subalansuot\u0105 r\u016bkymo patirt\u012f.<\/p>\n<p><strong>3. Kaip Mesh Coil technologija pagerina garinimo patirt\u012f?<\/strong><\/p>\n<p>Mesh Coil technologija, integruota \u012f Bang King Vape 20000 Puffs Smart Screen Vapes, pasi\u017eymi ma\u017ea var\u017ea 0,8 omo spirale. \u0160i konstrukcija maksimaliai padidina kaitinimo pavir\u0161iaus plot\u0105, tod\u0117l \u012fkv\u0117pimai yra \u0161velnesni ir i\u0161gaunama daugiau gar\u0173. Technologija garantuoja tolyg\u0173 ir nuosekl\u0173 e-skys\u010dio kaitinim\u0105, suteikiant puiki\u0105 skonio patirt\u012f.<\/p>\n<p><strong>4. Kur galiu \u012fsigyti original\u0173 Bang Beach 22k Puffs?<\/strong><\/p>\n<p>Original\u0173 Bang King Vape 20000 Puffs galima \u012fsigyti per \u012fgaliotus platintojus. D\u0117l didmenin\u0117s prekybos platintojai gali <a href=\"https:\/\/wa.me\/8617776015835\" target=\"_blank\" rel=\"noopener\">susisiekite SU mumis<\/a> tiesiogiai. Ma\u017emenin\u0117s prekybos klientai gali rasti produkt\u0105 pasirinktose ma\u017emenin\u0117s prekybos parduotuv\u0117se arba internetin\u0117se parduotuv\u0117se. Visi m\u016bs\u0173 parduotuv\u0117s produktai yra 100% original\u016bs ir autenti\u0161ki, tod\u0117l de\u0161imteriopas kompensavimas u\u017e padirbtas prekes yra m\u016bs\u0173 parduotuv\u0117s politika.<\/p>\n<p>&nbsp;<\/p>\n<p><strong>Siuntimo informacija:<\/strong><\/p>\n<div class=\"flex-shrink-0 flex flex-col relative items-end\">\n<div>\n<div class=\"pt-0\">\n<div class=\"gizmo-bot-avatar flex h-8 w-8 items-center justify-center overflow-hidden rounded-full\">\n<div class=\"relative p-1 rounded-sm flex items-center justify-center bg-token-main-surface-primary text-token-text-primary h-8 w-8\"><strong>Kokie pristatymo b\u016bdai naudojami?<\/strong><\/div>\n<\/div>\n<\/div>\n<\/div>\n<\/div>\n<div class=\"group\/conversation-turn relative flex w-full min-w-0 flex-col agent-turn\">\n<div class=\"flex-col gap-1 md:gap-3\">\n<div class=\"flex max-w-full flex-col flex-grow\">\n<div class=\"min-h-[20px] text-message flex w-full flex-col items-end gap-2 whitespace-normal break-words [.text-message+&amp;]:mt-5 overflow-x-auto\" dir=\"auto\" data-message-author-role=\"assistant\" data-message-id=\"22f8283b-3233-46ff-89a5-c7a41b33abda\">\n<div class=\"flex w-full flex-col gap-1 empty:hidden first:pt-[3px]\">\n<div class=\"markdown prose w-full break-words dark:prose-invert light\">\n<p>Mes bendradarbiaujame su UPS, DHL, FedEx, DPD ir kitais pirmaujan\u010diais ve\u017e\u0117jais. Mes parinksime geriausi\u0105 siuntimo b\u016bd\u0105, atsi\u017evelgdami \u012f j\u016bs\u0173 pristatymo viet\u0105, kad u\u017etikrintume, jog gaminiai jus pasieks kuo grei\u010diau.<\/p>\n<\/div>\n<p><strong>Per kiek laiko atvyksta?<\/strong><\/p>\n<p>\u012e Lietuv\u0105 siun\u010diami siuntiniai paprastai atvyksta per 10 darbo dien\u0173. Siuntimas \u012f Europos \u0161alis paprastai trunka apie 12\u201315 darbo dien\u0173. Mes teikiame realiuoju laiku atnaujinam\u0105 informacij\u0105 apie j\u016bs\u0173 siuntos b\u016bsen\u0105.<\/p>\n<p>&nbsp;<\/p>\n<\/div>\n<\/div>\n<\/div>\n<\/div>\n<\/div>\n<p>Raskite daugiau garintuv\u0173, kurie jums gali patikti:<em><a href=\"https:\/\/rmvapesale.com\/lt\/shop-2\/\">pirkti dabar\u00a0<\/a><\/em><\/p>\n<p>kiti kar\u0161tai parduodami garintuvai, kurie jums gali patikti:<\/p>\n<p><a href=\"https:\/\/rmvapesale.com\/lt\/product\/randm-vape-al-fakher-10000-puffs-vape-wholesale\/\">randm vape AI FAKHER 15k vape<\/a><\/p>\n<p><a href=\"https:\/\/rmvapesale.com\/lt\/product\/original-randm-tornado-9000-puffs-disposable-vape-factory-price\/\">RandM Tornado 9000<\/a><\/p>\n<p><a href=\"https:\/\/rmvapesale.com\/lt\/product\/bang-30k-puffs-disposable-vape-double-taste-wholesale-italy\/\">Bang 30k \u012ekv\u0117pim\u0173<\/a><\/p>","protected":false},"excerpt":{"rendered":"<p>Bang Beach 22000 R\u016bkan\u010di\u0173j\u0173 LED ekranas leidimo versija Vape didmenin\u0117 kaina<br \/>\nBang Beach 22000 P\u016bksn\u0173 i\u0161maniojo ekrano garintuv\u0173 gamyklin\u0117 kaina<br \/>\nBang Beach 22000 20 t\u016bkst. R\u016bkan\u010di\u0173j\u0173 elektronini\u0173 cigare\u010di\u0173 didmenin\u0117 pirkimo kaina<\/p>\n<p><strong>Susisiekite su Amy d\u0117l daugiau nuolaid\u0173 ir ma\u017eesnio minimalaus u\u017esakymo kiekio garintuvo<\/strong><\/p>\n<p><img loading=\"lazy\" decoding=\"async\" class=\"size-medium wp-image-1814\" src=\"https:\/\/rmvapesale.com\/wp-content\/uploads\/2024\/04\/whatsapp-amy-229x300.jpg\" alt=\"whatsapp amy\" width=\"229\" height=\"300\" srcset=\"https:\/\/rmvapesale.com\/wp-content\/uploads\/2024\/04\/whatsapp-amy-229x300.jpg 229w, https:\/\/rmvapesale.com\/wp-content\/uploads\/2024\/04\/whatsapp-amy-783x1024.jpg 783w, https:\/\/rmvapesale.com\/wp-content\/uploads\/2024\/04\/whatsapp-amy-768x1005.jpg 768w, https:\/\/rmvapesale.com\/wp-content\/uploads\/2024\/04\/whatsapp-amy-600x785.jpg 600w, https:\/\/rmvapesale.com\/wp-content\/uploads\/2024\/04\/whatsapp-amy.jpg 990w\" sizes=\"auto, (max-width: 229px) 100vw, 229px\" \/><\/p>\n<h3><span style=\"color: #ff0000\"><strong>WhatsApp: +86 17776015835<\/strong><\/span><\/h3>","protected":false},"featured_media":1957,"comment_status":"open","ping_status":"closed","template":"","meta":{"_uag_custom_page_level_css":"","_lmt_disableupdate":"no","_lmt_disable":"","site-sidebar-layout":"default","site-content-layout":"content-boxed-container","ast-site-content-layout":"normal-width-container","site-content-style":"boxed","site-sidebar-style":"unboxed","ast-global-header-display":"","ast-banner-title-visibility":"","ast-main-header-display":"","ast-hfb-above-header-display":"","ast-hfb-below-header-display":"","ast-hfb-mobile-header-display":"","site-post-title":"","ast-breadcrumbs-content":"","ast-featured-img":"","footer-sml-layout":"","theme-transparent-header-meta":"default","adv-header-id-meta":"","stick-header-meta":"","header-above-stick-meta":"","header-main-stick-meta":"","header-below-stick-meta":"","astra-migrate-meta-layouts":"set","ast-page-background-enabled":"default","ast-page-background-meta":{"desktop":{"background-color":"var(--ast-global-color-4)","background-image":"","background-repeat":"repeat","background-position":"center center","background-size":"auto","background-attachment":"scroll","background-type":"","background-media":"","overlay-type":"","overlay-color":"","overlay-opacity":"","overlay-gradient":""},"tablet":{"background-color":"","background-image":"","background-repeat":"repeat","background-position":"center center","background-size":"auto","background-attachment":"scroll","background-type":"","background-media":"","overlay-type":"","overlay-color":"","overlay-opacity":"","overlay-gradient":""},"mobile":{"background-color":"","background-image":"","background-repeat":"repeat","background-position":"center center","background-size":"auto","background-attachment":"scroll","background-type":"","background-media":"","overlay-type":"","overlay-color":"","overlay-opacity":"","overlay-gradient":""}},"ast-content-background-meta":{"desktop":{"background-color":"var(--ast-global-color-5)","background-image":"","background-repeat":"repeat","background-position":"center center","background-size":"auto","background-attachment":"scroll","background-type":"","background-media":"","overlay-type":"","overlay-color":"","overlay-opacity":"","overlay-gradient":""},"tablet":{"background-color":"var(--ast-global-color-5)","background-image":"","background-repeat":"repeat","background-position":"center center","background-size":"auto","background-attachment":"scroll","background-type":"","background-media":"","overlay-type":"","overlay-color":"","overlay-opacity":"","overlay-gradient":""},"mobile":{"background-color":"var(--ast-global-color-5)","background-image":"","background-repeat":"repeat","background-position":"center center","background-size":"auto","background-attachment":"scroll","background-type":"","background-media":"","overlay-type":"","overlay-color":"","overlay-opacity":"","overlay-gradient":""}},"_joinchat":[]},"product_brand":[],"product_cat":[25,289,291,292,298,293,295,299,273,279,123,26,28,135,27,60,137,136,15,30],"product_tag":[187,55,56,57,58,40,41,59,37],"class_list":{"0":"post-1962","1":"product","2":"type-product","3":"status-publish","4":"has-post-thumbnail","6":"product_cat-germany-best-selling-vape","7":"product_cat-big-puffs-disposable-vapes","8":"product_cat-dual-mesh-disposable-vapes","9":"product_cat-digital-disposable-vapes","10":"product_cat-double-flavor-disposable-vapes","11":"product_cat-low-nicotine-disposable-vapes","12":"product_cat-rechargeable-disposable-vapes","13":"product_cat-smart-screen-disposable-vapes","14":"product_cat-bang-box-vape","15":"product_cat-bang-king-vape","16":"product_cat-italy-wholesale-vape","17":"product_cat-netherlands-hot-sale-vape","18":"product_cat-poland-hot-sale-vape","19":"product_cat-spain-best-hot-sale-vape","20":"product_cat-fance-hot-sale-vape","21":"product_cat-bang-vapes","22":"product_cat-rechargeable-vapes","23":"product_cat-smart-screen-vapes","24":"product_cat-new-vape-this-week","25":"product_cat-minimum-order-quantity-50pcs","26":"product_tag-bang-box-vape","27":"product_tag-buy-vape-pods","28":"product_tag-disposable-vape-wholesale-near-me","29":"product_tag-disposable-vape-wholesale-supplier","30":"product_tag-electric-cigarettes","31":"product_tag-hot-sale-vape","32":"product_tag-original-factory-vape","33":"product_tag-puffs-vape","34":"product_tag-wholesale-vape-price","35":"desktop-align-left","36":"tablet-align-left","37":"mobile-align-left","39":"first","40":"instock","41":"sale","42":"shipping-taxable","43":"purchasable","44":"product-type-simple"},"uagb_featured_image_src":{"full":["https:\/\/rmvapesale.com\/wp-content\/uploads\/2024\/09\/Bang-Beach-22000-Disposable.jpg",800,600,false],"thumbnail":["https:\/\/rmvapesale.com\/wp-content\/uploads\/2024\/09\/Bang-Beach-22000-Disposable-150x150.jpg",150,150,true],"medium":["https:\/\/rmvapesale.com\/wp-content\/uploads\/2024\/09\/Bang-Beach-22000-Disposable-300x225.jpg",300,225,true],"medium_large":["https:\/\/rmvapesale.com\/wp-content\/uploads\/2024\/09\/Bang-Beach-22000-Disposable-768x576.jpg",768,576,true],"large":["https:\/\/rmvapesale.com\/wp-content\/uploads\/2024\/09\/Bang-Beach-22000-Disposable.jpg",800,600,false],"1536x1536":["https:\/\/rmvapesale.com\/wp-content\/uploads\/2024\/09\/Bang-Beach-22000-Disposable.jpg",800,600,false],"2048x2048":["https:\/\/rmvapesale.com\/wp-content\/uploads\/2024\/09\/Bang-Beach-22000-Disposable.jpg",800,600,false],"trp-custom-language-flag":["https:\/\/rmvapesale.com\/wp-content\/uploads\/2024\/09\/Bang-Beach-22000-Disposable.jpg",16,12,false],"woocommerce_thumbnail":["https:\/\/rmvapesale.com\/wp-content\/uploads\/2024\/09\/Bang-Beach-22000-Disposable-300x300.jpg",300,300,true],"woocommerce_single":["https:\/\/rmvapesale.com\/wp-content\/uploads\/2024\/09\/Bang-Beach-22000-Disposable-600x450.jpg",600,450,true],"woocommerce_gallery_thumbnail":["https:\/\/rmvapesale.com\/wp-content\/uploads\/2024\/09\/Bang-Beach-22000-Disposable-100x100.jpg",100,100,true],"wcpr-photo-reviews":["https:\/\/rmvapesale.com\/wp-content\/uploads\/2024\/09\/Bang-Beach-22000-Disposable.jpg",500,375,false]},"uagb_author_info":{"display_name":"AMY","author_link":"https:\/\/rmvapesale.com\/lt\/author\/"},"uagb_comment_info":0,"uagb_excerpt":"Bang Beach 22000 Puffs LED Display Edition Vape Wholesale Price Bang Beach 22000 Puffs Smart Screen Vapes Factory Price Bang Beach 22000 20k Puffs E Cigarettes Bulk Buy Contact Amy For More Discount And Lower MOQ Vape WhatsApp: +86 17776015835","_links":{"self":[{"href":"https:\/\/rmvapesale.com\/lt\/wp-json\/wp\/v2\/product\/1962","targetHints":{"allow":["GET"]}}],"collection":[{"href":"https:\/\/rmvapesale.com\/lt\/wp-json\/wp\/v2\/product"}],"about":[{"href":"https:\/\/rmvapesale.com\/lt\/wp-json\/wp\/v2\/types\/product"}],"replies":[{"embeddable":true,"href":"https:\/\/rmvapesale.com\/lt\/wp-json\/wp\/v2\/comments?post=1962"}],"wp:featuredmedia":[{"embeddable":true,"href":"https:\/\/rmvapesale.com\/lt\/wp-json\/wp\/v2\/media\/1957"}],"wp:attachment":[{"href":"https:\/\/rmvapesale.com\/lt\/wp-json\/wp\/v2\/media?parent=1962"}],"wp:term":[{"taxonomy":"product_brand","embeddable":true,"href":"https:\/\/rmvapesale.com\/lt\/wp-json\/wp\/v2\/product_brand?post=1962"},{"taxonomy":"product_cat","embeddable":true,"href":"https:\/\/rmvapesale.com\/lt\/wp-json\/wp\/v2\/product_cat?post=1962"},{"taxonomy":"product_tag","embeddable":true,"href":"https:\/\/rmvapesale.com\/lt\/wp-json\/wp\/v2\/product_tag?post=1962"}],"curies":[{"name":"wp","href":"https:\/\/api.w.org\/{rel}","templated":true}]}}