{"id":1963,"date":"2024-09-11T02:04:13","date_gmt":"2024-09-11T02:04:13","guid":{"rendered":"https:\/\/rmvapesale.com\/?post_type=product&#038;p=1963"},"modified":"2025-01-20T03:46:36","modified_gmt":"2025-01-20T03:46:36","slug":"fihp-shisha-hookah-15000-pro-disposable-vape-wholesale","status":"publish","type":"product","link":"https:\/\/rmvapesale.com\/lt\/product\/fihp-shisha-hookah-15000-pro-disposable-vape-wholesale\/","title":{"rendered":"FIHP Shisha Hookah 15000 Pro vienkartinis garintuvas didmenin\u0117 prekyba"},"content":{"rendered":"<h1>FIHP Shisha Hookah 15000 vienkartinis garintuvas didmena<\/h1>\n<p>Pagerinkite savo garinimo patirt\u012f su FIHP Shisha Hookah 15000 Pro vienkartiniu garintuvu. Turintis \u012fsp\u016bding\u0105 15000 \u012ftraukim\u0173, \u0161is \u012frenginys u\u017etikrina ilgalaik\u012f ir malon\u0173 garinim\u0105 be da\u017eno keitimo poreikio.<\/p>\n<p>\u012erengtas pa\u017eangus tinklelio tipo kaitinimo elementas su 0,6 omo var\u017ea, FIHP Shisha 15000 suteikia i\u0161skirtin\u012f skon\u012f ir skland\u0173, nuosekl\u0173 garinim\u0105. Jis yra i\u0161 anksto u\u017epildytas 22 ml auk\u0161\u010diausios kokyb\u0117s e-skys\u010dio, sumai\u0161yto taip, kad pasi\u016blyt\u0173 sodrius ir gyvybingus skonius, kurie privers jus gr\u012f\u017eti.<\/p>\n<p>Su 6 mg nikotino kiekiu, \u0161is garintuvas suteikia skland\u0173, \u0161veln\u0173 poj\u016bt\u012f. Galinga 650 mAh baterija si\u016blo ilgesn\u012f naudojim\u0105 tarp \u012fkrovim\u0173, o C tipo jungtis leid\u017eia greitai ir patogiai \u012fkrauti.<\/p>\n<p>Be to, \u012frenginys turi LED ekran\u0105, kuris informuoja apie baterijos b\u016bkl\u0119 ir naudojim\u0105. Patirkite nauj\u0105 garinimo lyg\u012f su FIHP 15,000 Puffs garintuvu ir m\u0117gaukit\u0117s ilgaam\u017ei\u0161kumo, skonio ir patogumo deriniu.<\/p>\n<p>U\u017esisakykite didmeniniu kiekiu ir m\u0117gaukit\u0117s geriausia FIHP Shisha Hookah 15000 didmenine kaina su greitu pristatymu.<\/p>\n<p><strong>Susisiekite su Amy, kad gautum\u0117te teising\u0105 atsakym\u0105 ir daugiau nuolaid\u0173!<\/strong><\/p>\n<p><img loading=\"lazy\" decoding=\"async\" class=\"size-medium wp-image-1814\" src=\"https:\/\/rmvapesale.com\/wp-content\/uploads\/2024\/04\/whatsapp-amy-229x300.jpg\" alt=\"whatsapp amy\" width=\"229\" height=\"300\" srcset=\"https:\/\/rmvapesale.com\/wp-content\/uploads\/2024\/04\/whatsapp-amy-229x300.jpg 229w, https:\/\/rmvapesale.com\/wp-content\/uploads\/2024\/04\/whatsapp-amy-783x1024.jpg 783w, https:\/\/rmvapesale.com\/wp-content\/uploads\/2024\/04\/whatsapp-amy-768x1005.jpg 768w, https:\/\/rmvapesale.com\/wp-content\/uploads\/2024\/04\/whatsapp-amy-600x785.jpg 600w, https:\/\/rmvapesale.com\/wp-content\/uploads\/2024\/04\/whatsapp-amy.jpg 990w\" sizes=\"auto, (max-width: 229px) 100vw, 229px\" \/><\/p>\n<h3><span style=\"color: #ff0000\"><strong>WhatsApp: +86 17776015835<\/strong><\/span><\/h3>\n<p>&nbsp;<\/p>\n<h2><strong>FIHP 15000 Puffs Shisha savyb\u0117s<\/strong><\/h2>\n<p>Nikotinas: 6%<br \/>\n\u012etraukimai:15000<br \/>\nTalpa: 22 ml<br \/>\n650 mAh baterija (\u012fkraunama C tipo jungtimi)<br \/>\nI\u0161manusis ekranas<br \/>\nTinklelio rit\u0117<\/p>\n<h2><strong>Koks yra geriausias FIHP Shisha Hookah 15000 Puffs skonis<\/strong><strong>?<\/strong><\/h2>\n<p>\u0160is FIHP Shisha Hookah 15000 Puffs i\u0161manusis ekranas suteikia galimyb\u0119 rinktis i\u0161 10 skirting\u0173 skoni\u0173, tikrai rasite sau tinkamiausi\u0105.<\/p>\n<p>1. Arb\u016bzo ledas<br \/>\n2. Vynuogi\u0173 ledas<br \/>\n3. M\u0117lyni\u0173 aviet\u0117<br \/>\n4. Bra\u0161ki\u0173 ir Kivio<br \/>\n5. Mi\u0161rios Uogos<br \/>\n6. Bra\u0161k\u0117 ir arb\u016bzas<br \/>\n7. Arb\u016bz\u0173 burbulin\u0117 guma<br \/>\n8. Persik\u0173, mang\u0173 ir ananas\u0173<br \/>\n9. Kivio, pasifloros vaisi\u0173 ir guavos<br \/>\n10. Bra\u0161ki\u0173 avie\u010di\u0173 vy\u0161ni\u0173<\/p>\n<h2><strong>Klausimai, kuriuos galite nor\u0117ti su\u017einoti apie FIHP Shisha Hookah 15k Pro Puffs<\/strong><\/h2>\n<p>&nbsp;<\/p>\n<h3><strong>1. Kiek \u012fkv\u0117pim\u0173 galiu tik\u0117tis i\u0161 FIHP Shisha Hookah 15k Puffs?<\/strong><\/h3>\n<p>FIHP Shisha Hookah 15k Puffs pasi\u017eymi \u012fsp\u016bdingu 15000 \u012fkv\u0117pim\u0173 skai\u010diumi (bandymo aplinkoje), u\u017etikrinan\u010diu ilgalaik\u012f naudojim\u0105 ir pasitenkinim\u0105.<\/p>\n<h3><strong>2. Kokio nikotino stiprumo yra FIHP Shisha Hookah 15k Puffs?<\/strong><\/h3>\n<p>FIHP Shisha Hookah 15k Puffs yra u\u017epildytas skys\u010diu, kurio nikotino stiprumas yra 6%, si\u016blantis subalansuot\u0105 garinimo patirt\u012f.<\/p>\n<h3><strong>3. Kaip Mesh Coil technologija pagerina garinimo patirt\u012f?<\/strong><\/h3>\n<p>\u012e FIHP Shisha Hookah 15k Smart Screen Vapes integruota tinklelio rit\u0117s (Mesh Coil) technologija su 0,6 omo var\u017ea. \u0160is dizainas maksimaliai padidina kaitinimo pavir\u0161iaus plot\u0105, tod\u0117l \u012fkv\u0117pimai yra \u0161velnesni, o gar\u0173 susidaro daugiau. \u0160i technologija garantuoja tolyg\u0173 ir pastov\u0173 skys\u010dio kaitinim\u0105, suteikdama puiki\u0105 skonio patirt\u012f.<\/p>\n<h3><strong>4. Kur galiu \u012fsigyti original\u0173 FIHP Shisha Hookah 15k Puffs?<\/strong><\/h3>\n<p>Originalus FIHP Shisha Hookah 15k Puffs galima \u012fsigyti per \u012fgaliotus platintojus. D\u0117l didmenini\u0173 u\u017esakym\u0173 platintojai gali <a href=\"https:\/\/wa.me\/8617776015835\" target=\"_blank\" rel=\"noopener\">susisiekite SU mumis<\/a> tiesiogiai. Ma\u017emenin\u0117s prekybos klientai gali rasti produkt\u0105 pasirinktose ma\u017emenin\u0117s prekybos parduotuv\u0117se arba internetin\u0117se parduotuv\u0117se. Visi m\u016bs\u0173 parduotuv\u0117s produktai yra 100% original\u016bs ir autenti\u0161ki, tod\u0117l de\u0161imteriopas kompensavimas u\u017e padirbtas prekes yra m\u016bs\u0173 parduotuv\u0117s politika.<\/p>\n<p>&nbsp;<\/p>\n<p><strong>Siuntimo informacija:<\/strong><\/p>\n<div class=\"flex-shrink-0 flex flex-col relative items-end\">\n<div>\n<div class=\"pt-0\">\n<div class=\"gizmo-bot-avatar flex h-8 w-8 items-center justify-center overflow-hidden rounded-full\">\n<div class=\"relative p-1 rounded-sm flex items-center justify-center bg-token-main-surface-primary text-token-text-primary h-8 w-8\"><strong>Kokie pristatymo b\u016bdai naudojami?<\/strong><\/div>\n<\/div>\n<\/div>\n<\/div>\n<\/div>\n<div class=\"group\/conversation-turn relative flex w-full min-w-0 flex-col agent-turn\">\n<div class=\"flex-col gap-1 md:gap-3\">\n<div class=\"flex max-w-full flex-col flex-grow\">\n<div class=\"min-h-[20px] text-message flex w-full flex-col items-end gap-2 whitespace-normal break-words [.text-message+&amp;]:mt-5 overflow-x-auto\" dir=\"auto\" data-message-author-role=\"assistant\" data-message-id=\"22f8283b-3233-46ff-89a5-c7a41b33abda\">\n<div class=\"flex w-full flex-col gap-1 empty:hidden first:pt-[3px]\">\n<div class=\"markdown prose w-full break-words dark:prose-invert light\">\n<p>Mes bendradarbiaujame su UPS, DHL, FedEx, DPD ir kitais pirmaujan\u010diais ve\u017e\u0117jais. Mes parinksime geriausi\u0105 siuntimo b\u016bd\u0105, atsi\u017evelgdami \u012f j\u016bs\u0173 pristatymo viet\u0105, kad u\u017etikrintume, jog gaminiai jus pasieks kuo grei\u010diau.<\/p>\n<\/div>\n<p><strong>Per kiek laiko atvyksta?<\/strong><\/p>\n<p>\u012e Lietuv\u0105 siun\u010diami siuntiniai paprastai atvyksta per 10 darbo dien\u0173. Siuntimas \u012f Europos \u0161alis paprastai trunka apie 12\u201315 darbo dien\u0173. Mes teikiame realiuoju laiku atnaujinam\u0105 informacij\u0105 apie j\u016bs\u0173 siuntos b\u016bsen\u0105.<\/p>\n<p>&nbsp;<\/p>\n<\/div>\n<\/div>\n<\/div>\n<\/div>\n<\/div>\n<p>Raskite daugiau garintuv\u0173, kurie jums gali patikti:<em><a href=\"https:\/\/rmvapesale.com\/lt\/shop-2\/\">pirkti dabar\u00a0<\/a><\/em><\/p>\n<p>kiti kar\u0161tai parduodami garintuvai, kurie jums gali patikti:<\/p>\n<p><a href=\"https:\/\/rmvapesale.com\/lt\/product\/randm-vape-al-fakher-10000-puffs-vape-wholesale\/\">randm vape AI FAKHER 15k vape<\/a><\/p>\n<p><a href=\"https:\/\/rmvapesale.com\/lt\/product\/original-randm-tornado-9000-puffs-disposable-vape-factory-price\/\">RandM Tornado 9000<\/a><\/p>\n<p><a href=\"https:\/\/rmvapesale.com\/lt\/product\/bang-30k-puffs-disposable-vape-double-taste-wholesale-italy\/\">Bang 30k \u012ekv\u0117pim\u0173<\/a><\/p>\n<p><a href=\"https:\/\/rmvapesale.com\/lt\/product\/bang-beach-22000-puffs-smart-screen-vapes-factory-price\/\">Bang 22000 \u012ekv\u0117pimai<\/a><\/p>","protected":false},"excerpt":{"rendered":"<p>FIHP Shisha Hookah 15000 Puff gamyklos didmenin\u0117 kaina<br \/>\nGeriausias FIHP 15000 Puffs Shisha Hookah skonis sand\u0117lyje<br \/>\nFIHP 15000 Puffs Vapes didmeninis pirkimas su ma\u017eu MOQ<\/p>\n<p><strong>Susisiekite su Amy d\u0117l daugiau nuolaid\u0173 ir ma\u017eesnio minimalaus u\u017esakymo kiekio garintuvo<\/strong><\/p>\n<p><img loading=\"lazy\" decoding=\"async\" class=\"size-medium wp-image-1814\" src=\"https:\/\/rmvapesale.com\/wp-content\/uploads\/2024\/04\/whatsapp-amy-229x300.jpg\" alt=\"whatsapp amy\" width=\"229\" height=\"300\" srcset=\"https:\/\/rmvapesale.com\/wp-content\/uploads\/2024\/04\/whatsapp-amy-229x300.jpg 229w, https:\/\/rmvapesale.com\/wp-content\/uploads\/2024\/04\/whatsapp-amy-783x1024.jpg 783w, https:\/\/rmvapesale.com\/wp-content\/uploads\/2024\/04\/whatsapp-amy-768x1005.jpg 768w, https:\/\/rmvapesale.com\/wp-content\/uploads\/2024\/04\/whatsapp-amy-600x785.jpg 600w, https:\/\/rmvapesale.com\/wp-content\/uploads\/2024\/04\/whatsapp-amy.jpg 990w\" sizes=\"auto, (max-width: 229px) 100vw, 229px\" \/><\/p>\n<h3><span style=\"color: #ff0000\"><strong>WhatsApp: +86 17776015835<\/strong><\/span><\/h3>","protected":false},"featured_media":1964,"comment_status":"open","ping_status":"closed","template":"","meta":{"_uag_custom_page_level_css":"","_lmt_disableupdate":"no","_lmt_disable":"","site-sidebar-layout":"default","site-content-layout":"content-boxed-container","ast-site-content-layout":"normal-width-container","site-content-style":"boxed","site-sidebar-style":"unboxed","ast-global-header-display":"","ast-banner-title-visibility":"","ast-main-header-display":"","ast-hfb-above-header-display":"","ast-hfb-below-header-display":"","ast-hfb-mobile-header-display":"","site-post-title":"","ast-breadcrumbs-content":"","ast-featured-img":"","footer-sml-layout":"","ast-disable-related-posts":"","theme-transparent-header-meta":"default","adv-header-id-meta":"","stick-header-meta":"","header-above-stick-meta":"","header-main-stick-meta":"","header-below-stick-meta":"","astra-migrate-meta-layouts":"set","ast-page-background-enabled":"default","ast-page-background-meta":{"desktop":{"background-color":"var(--ast-global-color-4)","background-image":"","background-repeat":"repeat","background-position":"center center","background-size":"auto","background-attachment":"scroll","background-type":"","background-media":"","overlay-type":"","overlay-color":"","overlay-opacity":"","overlay-gradient":""},"tablet":{"background-color":"","background-image":"","background-repeat":"repeat","background-position":"center center","background-size":"auto","background-attachment":"scroll","background-type":"","background-media":"","overlay-type":"","overlay-color":"","overlay-opacity":"","overlay-gradient":""},"mobile":{"background-color":"","background-image":"","background-repeat":"repeat","background-position":"center center","background-size":"auto","background-attachment":"scroll","background-type":"","background-media":"","overlay-type":"","overlay-color":"","overlay-opacity":"","overlay-gradient":""}},"ast-content-background-meta":{"desktop":{"background-color":"var(--ast-global-color-5)","background-image":"","background-repeat":"repeat","background-position":"center center","background-size":"auto","background-attachment":"scroll","background-type":"","background-media":"","overlay-type":"","overlay-color":"","overlay-opacity":"","overlay-gradient":""},"tablet":{"background-color":"var(--ast-global-color-5)","background-image":"","background-repeat":"repeat","background-position":"center center","background-size":"auto","background-attachment":"scroll","background-type":"","background-media":"","overlay-type":"","overlay-color":"","overlay-opacity":"","overlay-gradient":""},"mobile":{"background-color":"var(--ast-global-color-5)","background-image":"","background-repeat":"repeat","background-position":"center center","background-size":"auto","background-attachment":"scroll","background-type":"","background-media":"","overlay-type":"","overlay-color":"","overlay-opacity":"","overlay-gradient":""}},"_joinchat":[]},"product_brand":[],"product_cat":[25,61,292,27,138,123,293,30,26,15,28,295,137,296,299,136,135,274],"product_tag":[55,56,57,58,40,62,59,180,37],"class_list":{"0":"post-1963","1":"product","2":"type-product","3":"status-publish","4":"has-post-thumbnail","6":"product_cat-germany-best-selling-vape","7":"product_cat-15000-puffs-disposable-vapes","8":"product_cat-digital-disposable-vapes","9":"product_cat-fance-hot-sale-vape","10":"product_cat-fihp-disposable-vapes","11":"product_cat-italy-wholesale-vape","12":"product_cat-low-nicotine-disposable-vapes","13":"product_cat-minimum-order-quantity-50pcs","14":"product_cat-netherlands-hot-sale-vape","15":"product_cat-new-vape-this-week","16":"product_cat-poland-hot-sale-vape","17":"product_cat-rechargeable-disposable-vapes","18":"product_cat-rechargeable-vapes","19":"product_cat-shisha-hookah-disposable-vapes","20":"product_cat-smart-screen-disposable-vapes","21":"product_cat-smart-screen-vapes","22":"product_cat-spain-best-hot-sale-vape","23":"product_cat-waspe-fihp-vape","24":"product_tag-buy-vape-pods","25":"product_tag-disposable-vape-wholesale-near-me","26":"product_tag-disposable-vape-wholesale-supplier","27":"product_tag-electric-cigarettes","28":"product_tag-hot-sale-vape","29":"product_tag-puff-15000","30":"product_tag-puffs-vape","31":"product_tag-shisha-bar","32":"product_tag-wholesale-vape-price","33":"desktop-align-left","34":"tablet-align-left","35":"mobile-align-left","37":"first","38":"instock","39":"sale","40":"shipping-taxable","41":"purchasable","42":"product-type-simple"},"uagb_featured_image_src":{"full":["https:\/\/rmvapesale.com\/wp-content\/uploads\/2024\/09\/FIHP-15000-Wholesale.jpg",800,800,false],"thumbnail":["https:\/\/rmvapesale.com\/wp-content\/uploads\/2024\/09\/FIHP-15000-Wholesale-150x150.jpg",150,150,true],"medium":["https:\/\/rmvapesale.com\/wp-content\/uploads\/2024\/09\/FIHP-15000-Wholesale-300x300.jpg",300,300,true],"medium_large":["https:\/\/rmvapesale.com\/wp-content\/uploads\/2024\/09\/FIHP-15000-Wholesale-768x768.jpg",768,768,true],"large":["https:\/\/rmvapesale.com\/wp-content\/uploads\/2024\/09\/FIHP-15000-Wholesale.jpg",800,800,false],"1536x1536":["https:\/\/rmvapesale.com\/wp-content\/uploads\/2024\/09\/FIHP-15000-Wholesale.jpg",800,800,false],"2048x2048":["https:\/\/rmvapesale.com\/wp-content\/uploads\/2024\/09\/FIHP-15000-Wholesale.jpg",800,800,false],"trp-custom-language-flag":["https:\/\/rmvapesale.com\/wp-content\/uploads\/2024\/09\/FIHP-15000-Wholesale.jpg",12,12,false],"woocommerce_thumbnail":["https:\/\/rmvapesale.com\/wp-content\/uploads\/2024\/09\/FIHP-15000-Wholesale-300x300.jpg",300,300,true],"woocommerce_single":["https:\/\/rmvapesale.com\/wp-content\/uploads\/2024\/09\/FIHP-15000-Wholesale-600x600.jpg",600,600,true],"woocommerce_gallery_thumbnail":["https:\/\/rmvapesale.com\/wp-content\/uploads\/2024\/09\/FIHP-15000-Wholesale-100x100.jpg",100,100,true],"wcpr-photo-reviews":["https:\/\/rmvapesale.com\/wp-content\/uploads\/2024\/09\/FIHP-15000-Wholesale.jpg",500,500,false]},"uagb_author_info":{"display_name":"AMY","author_link":"https:\/\/rmvapesale.com\/lt\/author\/"},"uagb_comment_info":0,"uagb_excerpt":"FIHP Shisha Hookah 15000 Puff Factory Wholesale Price Best FIHP 15000 Puffs Shisha Hookah Flavor in Stock Bulk Buy FIHP 15000 Puffs Vape with Low MOQ Contact Amy For More Discount And Lower MOQ Vape WhatsApp: +86 17776015835","_links":{"self":[{"href":"https:\/\/rmvapesale.com\/lt\/wp-json\/wp\/v2\/product\/1963","targetHints":{"allow":["GET"]}}],"collection":[{"href":"https:\/\/rmvapesale.com\/lt\/wp-json\/wp\/v2\/product"}],"about":[{"href":"https:\/\/rmvapesale.com\/lt\/wp-json\/wp\/v2\/types\/product"}],"replies":[{"embeddable":true,"href":"https:\/\/rmvapesale.com\/lt\/wp-json\/wp\/v2\/comments?post=1963"}],"wp:featuredmedia":[{"embeddable":true,"href":"https:\/\/rmvapesale.com\/lt\/wp-json\/wp\/v2\/media\/1964"}],"wp:attachment":[{"href":"https:\/\/rmvapesale.com\/lt\/wp-json\/wp\/v2\/media?parent=1963"}],"wp:term":[{"taxonomy":"product_brand","embeddable":true,"href":"https:\/\/rmvapesale.com\/lt\/wp-json\/wp\/v2\/product_brand?post=1963"},{"taxonomy":"product_cat","embeddable":true,"href":"https:\/\/rmvapesale.com\/lt\/wp-json\/wp\/v2\/product_cat?post=1963"},{"taxonomy":"product_tag","embeddable":true,"href":"https:\/\/rmvapesale.com\/lt\/wp-json\/wp\/v2\/product_tag?post=1963"}],"curies":[{"name":"wp","href":"https:\/\/api.w.org\/{rel}","templated":true}]}}