{"id":1995,"date":"2024-09-13T08:03:11","date_gmt":"2024-09-13T08:03:11","guid":{"rendered":"https:\/\/rmvapesale.com\/?post_type=product&#038;p=1995"},"modified":"2025-01-20T03:53:42","modified_gmt":"2025-01-20T03:53:42","slug":"vapme-shisha-hookah-15000-puffs-vape-0-2-nicotine","status":"publish","type":"product","link":"https:\/\/rmvapesale.com\/lt\/product\/vapme-shisha-hookah-15000-puffs-vape-0-2-nicotine\/","title":{"rendered":"Vapme Shisha Hookah 15000 P\u016btim\u0173 Vape 0% 2% Nikotinas"},"content":{"rendered":"<h1>Vapme Shisha Hookah 15000 P\u016btim\u0173 Vape 0% 2% Nikotinas<\/h1>\n<p>Pristatome Vapme Shisha Hookah 15000 \u012etraukim\u0173, \u012fkraunam\u0105 vienkartin\u012f vape, sukurt\u0105 pagerinti j\u016bs\u0173 garinimo patirt\u012f. \u0160is \u012frenginys, turintis \u012fsp\u016bding\u0105 15000 \u012ftraukim\u0173 talp\u0105, si\u016blo ilgalaik\u012f malonum\u0105 ir lankstum\u0105, prieinamas su 0% arba 2% nikotino lygiu, kad atitikt\u0173 j\u016bs\u0173 pageidavimus.<\/p>\n<p>Su didele 25 ml e-skys\u010dio talpa, Vapme Shisha Hookah u\u017etikrina, kad tur\u0117site pakankamai atsarg\u0173 nepertraukiamoms sesijoms. Jo 650 mAh \u012fkraunama baterija ir C tipo \u012fkrovimo prievadas u\u017etikrina efektyv\u0173 ir patog\u0173 \u012fkrovim\u0105, tod\u0117l galite m\u0117gautis savo vape be pertrauk\u0173.<\/p>\n<p>Su 24 skoniais, i\u0161 kuri\u0173 galima rinktis, ir 0,6 \u03a9 var\u017ea, u\u017etikrinan\u010dia skland\u017eius, aromatingus garus, \u0161is vienkartinis \u012fkraunamas vape suteikia nuolat maloni\u0105 patirt\u012f. Pagerinkite savo garinimo kelion\u0119 su Vapme Shisha Hookah 15000.<\/p>\n<p>&nbsp;<\/p>\n<p><strong>Susisiekite su Amy, kad gautum\u0117te teising\u0105 atsakym\u0105 ir didmenin\u0119 kain\u0105!<\/strong><\/p>\n<p><img loading=\"lazy\" decoding=\"async\" class=\"size-medium wp-image-1814\" src=\"https:\/\/rmvapesale.com\/wp-content\/uploads\/2024\/04\/whatsapp-amy-229x300.jpg\" alt=\"whatsapp amy\" width=\"229\" height=\"300\" srcset=\"https:\/\/rmvapesale.com\/wp-content\/uploads\/2024\/04\/whatsapp-amy-229x300.jpg 229w, https:\/\/rmvapesale.com\/wp-content\/uploads\/2024\/04\/whatsapp-amy-783x1024.jpg 783w, https:\/\/rmvapesale.com\/wp-content\/uploads\/2024\/04\/whatsapp-amy-768x1005.jpg 768w, https:\/\/rmvapesale.com\/wp-content\/uploads\/2024\/04\/whatsapp-amy-600x785.jpg 600w, https:\/\/rmvapesale.com\/wp-content\/uploads\/2024\/04\/whatsapp-amy.jpg 990w\" sizes=\"auto, (max-width: 229px) 100vw, 229px\" \/><\/p>\n<h2><\/h2>\n<h2>Vapme Shisha Hookah 15000 Specifikacija<\/h2>\n<p>\u012etraukimai: 15000 \u012etraukim\u0173<br \/>\nNikotinas: 0%, 2%<br \/>\nE-skys\u010dio Talpa: 25 ML<br \/>\nBaterija: 650mAh (\u012ekraunama)<br \/>\n\u012ekrovimo Prievadas: Type C<br \/>\nVar\u017ea: 0.6\u03a9<br \/>\nSkoniai: 24 Skoniai<\/p>\n<h2><strong>Koks geriausias populiarus skonis Vapme Shisha 15000 \u012etraukim\u0173?<\/strong><\/h2>\n<p>Vapme Shisha Hookah 15000 \u012etraukim\u0173 si\u016blo i\u0161 viso 24 galimus skonius, i\u0161 kuri\u0173 galite rinktis, kiekvienas ras ka\u017ek\u0105 sau.<\/p>\n<p>1. M\u0117lyn\u0117s su ledu<br \/>\n2. Kivi, pasifloros, guava<br \/>\n3. M\u0117lynoji bra\u0161ki\u0173 limonadas<br \/>\n4. Bra\u0161k\u0117, kivi<br \/>\n5. Mi\u0161rios uogos<br \/>\n6. Bra\u0161k\u0117, arb\u016bzas<br \/>\n7. Vynuogi\u0173 ledas<br \/>\n8. Arb\u016bzo ledas<br \/>\n9. Persik\u0173 mango ananasas<br \/>\n10. Bra\u0161ki\u0173 ledas<br \/>\n11. Persik\u0173 ledas<br \/>\n12.Mango Banana<br \/>\n13. Vy\u0161nini\u0173 uog\u0173 bra\u0161k\u0117<br \/>\n14. M\u0117lyni\u0173 aviet\u0117<br \/>\n15. Meil\u0117 66<br \/>\n16. Arb\u016bzo bulius<br \/>\n17. Bra\u0161ki\u0173 vynuog\u0117s<br \/>\n18. Bra\u0161ki\u0173 avie\u010di\u0173 saldainiai<br \/>\n19.Mamba<br \/>\n20. Arb\u016bzo vy\u0161nia<br \/>\n21. \u0160aldytas obuolys<br \/>\n22. Citrin\u0173 m\u0117tos<br \/>\n23. Juod\u0173j\u0173 serbent\u0173 ledas<br \/>\n24. Ananas\u0173 kokteilis<\/p>\n<h2><\/h2>\n<h2><strong>Klausimai, kuriuos galb\u016bt nor\u0117tum\u0117te \u017einoti apie Vapme Shisha Hookah 15000<\/strong><\/h2>\n<p>&nbsp;<\/p>\n<h3>K 1. Kiek \u012fkvepim\u0173 galiu tik\u0117tis i\u0161 Vapme Shisha Hookah 15000 P\u016bsl\u0117s?<\/h3>\n<p>A. Vapme Shisha Hookah 15000 pasi\u017eymi \u012fsp\u016bdingu 15 000 \u012fkv\u0117pim\u0173 skai\u010diumi (bandymo aplinkoje), u\u017etikrinan\u010diu ilgalaik\u012f naudojim\u0105 ir ilgalaik\u012f pasitenkinim\u0105.<\/p>\n<h3>K 2. Kiek laiko veikia Autenti\u0161ka Vapme Shisha Hookah 15000 Vape?<\/h3>\n<p>A: Autenti\u0161ka Vapme Shisha Hookah 15000<span style=\"font-size: 16px\">\u00a0<\/span>yra \u012fmontuota baterija su 850 mAh talpa, suteikianti ilgesn\u012f naudojim\u0105 vienu \u012fkrovimu. Ta\u010diau tiksli baterijos trukm\u0117 priklauso nuo individuali\u0173 naudojimo \u012fpro\u010di\u0173.<\/p>\n<h3>K 3. Ar Vapme Shisha Hookah 15000 Original \u012fkraunama?<\/h3>\n<p><span style=\"font-size: 16px\">A: Taip, Vapme Shisha Hookah 15000 Original turi 650 mAh \u012fkraunam\u0105 baterij\u0105, kuri yra \u012fkraunama. Galite ja naudotis iki paskutinio la\u0161o.<\/span><\/p>\n<h3>K 4. Kur galiu gauti didmenin\u0117s kainos Vapme Shisha Hookah 15000 \u012fkraunamai vienkartinei vape?<\/h3>\n<p>A: Vapme Shisha Hookah 15000<span style=\"font-size: 16px\">\u00a0<\/span>pasi\u016blymas yra prieinamas per \u012fgaliotus platintojus. Didmeniniams u\u017eklausoms platintojai gali <a href=\"https:\/\/wa.me\/8617776015835\" target=\"_blank\" rel=\"noopener\">susisiekite SU mumis<\/a> tiesiogiai. Ma\u017emeniniai klientai gali rasti produkt\u0105 pasirinktose ma\u017emenin\u0117s prekybos vietose arba internetin\u0117se parduotuv\u0117se.<\/p>\n<p>&nbsp;<\/p>\n<p>Raskite daugiau garintuv\u0173, kurie jums gali patikti:<em><a href=\"https:\/\/rmvapesale.com\/lt\/shop-2\/\">pirkti dabar\u00a0<\/a><\/em><\/p>\n<p>&nbsp;<\/p>\n<p>kiti kar\u0161tai parduodami garintuvai, kurie jums gali patikti:<\/p>\n<p><a href=\"https:\/\/rmvapesale.com\/lt\/product\/randm-vape-al-fakher-10000-puffs-vape-wholesale\/\">randm vape AI FAKHER 15k vape<\/a><\/p>\n<p><a href=\"https:\/\/rmvapesale.com\/lt\/product\/original-randm-tornado-9000-puffs-disposable-vape-factory-price\/\">RandM Tornado 9000<\/a><\/p>\n<p><a href=\"https:\/\/rmvapesale.com\/lt\/product\/vapme-crystal-7000-puffs-rechargeable-disposable-vape-price\/\">Vapme Crystal 7000 \u012fkv\u0117pim\u0173<\/a><\/p>","protected":false},"excerpt":{"rendered":"<p>Vapme Shisha Hookah 15000 \u012etraukim\u0173 \u012ekraunamas Vienkartinis Vape Didmenin\u0117s Prekybos Kaina<\/p>\n<p>PUFF 15000 VAPME SHISHA HOOKAH Geriausias Skonis Sand\u0117lyje<\/p>\n<p>Vapme Shisha Hookah 15k \u012etraukim\u0173 0% 2% Nikotinas<\/p>\n<p><strong>Susisiekite su Amy d\u0117l daugiau nuolaid\u0173 ir ma\u017eesnio minimalaus u\u017esakymo kiekio garintuvo<\/strong><\/p>\n<p><img loading=\"lazy\" decoding=\"async\" class=\"size-medium wp-image-1814\" src=\"https:\/\/rmvapesale.com\/wp-content\/uploads\/2024\/04\/whatsapp-amy-229x300.jpg\" alt=\"whatsapp amy\" width=\"229\" height=\"300\" srcset=\"https:\/\/rmvapesale.com\/wp-content\/uploads\/2024\/04\/whatsapp-amy-229x300.jpg 229w, https:\/\/rmvapesale.com\/wp-content\/uploads\/2024\/04\/whatsapp-amy-783x1024.jpg 783w, https:\/\/rmvapesale.com\/wp-content\/uploads\/2024\/04\/whatsapp-amy-768x1005.jpg 768w, https:\/\/rmvapesale.com\/wp-content\/uploads\/2024\/04\/whatsapp-amy-600x785.jpg 600w, https:\/\/rmvapesale.com\/wp-content\/uploads\/2024\/04\/whatsapp-amy.jpg 990w\" sizes=\"auto, (max-width: 229px) 100vw, 229px\" \/><\/p>\n<h3><span style=\"color: #ff0000\"><strong>WhatsApp: +86 17776015835<\/strong><\/span><\/h3>","protected":false},"featured_media":2000,"comment_status":"open","ping_status":"closed","template":"","meta":{"_uag_custom_page_level_css":"","_lmt_disableupdate":"no","_lmt_disable":"","site-sidebar-layout":"default","site-content-layout":"content-boxed-container","ast-site-content-layout":"normal-width-container","site-content-style":"boxed","site-sidebar-style":"unboxed","ast-global-header-display":"","ast-banner-title-visibility":"","ast-main-header-display":"","ast-hfb-above-header-display":"","ast-hfb-below-header-display":"","ast-hfb-mobile-header-display":"","site-post-title":"","ast-breadcrumbs-content":"","ast-featured-img":"","footer-sml-layout":"","ast-disable-related-posts":"","theme-transparent-header-meta":"default","adv-header-id-meta":"","stick-header-meta":"","header-above-stick-meta":"","header-main-stick-meta":"","header-below-stick-meta":"","astra-migrate-meta-layouts":"set","ast-page-background-enabled":"default","ast-page-background-meta":{"desktop":{"background-color":"var(--ast-global-color-4)","background-image":"","background-repeat":"repeat","background-position":"center center","background-size":"auto","background-attachment":"scroll","background-type":"","background-media":"","overlay-type":"","overlay-color":"","overlay-opacity":"","overlay-gradient":""},"tablet":{"background-color":"","background-image":"","background-repeat":"repeat","background-position":"center center","background-size":"auto","background-attachment":"scroll","background-type":"","background-media":"","overlay-type":"","overlay-color":"","overlay-opacity":"","overlay-gradient":""},"mobile":{"background-color":"","background-image":"","background-repeat":"repeat","background-position":"center center","background-size":"auto","background-attachment":"scroll","background-type":"","background-media":"","overlay-type":"","overlay-color":"","overlay-opacity":"","overlay-gradient":""}},"ast-content-background-meta":{"desktop":{"background-color":"var(--ast-global-color-5)","background-image":"","background-repeat":"repeat","background-position":"center center","background-size":"auto","background-attachment":"scroll","background-type":"","background-media":"","overlay-type":"","overlay-color":"","overlay-opacity":"","overlay-gradient":""},"tablet":{"background-color":"var(--ast-global-color-5)","background-image":"","background-repeat":"repeat","background-position":"center center","background-size":"auto","background-attachment":"scroll","background-type":"","background-media":"","overlay-type":"","overlay-color":"","overlay-opacity":"","overlay-gradient":""},"mobile":{"background-color":"var(--ast-global-color-5)","background-image":"","background-repeat":"repeat","background-position":"center center","background-size":"auto","background-attachment":"scroll","background-type":"","background-media":"","overlay-type":"","overlay-color":"","overlay-opacity":"","overlay-gradient":""}},"_joinchat":[]},"product_brand":[],"product_cat":[25,61,292,27,123,293,30,26,15,28,137,296,299,136,135,281],"product_tag":[56,57,40,41,62,54,53,37],"class_list":{"0":"post-1995","1":"product","2":"type-product","3":"status-publish","4":"has-post-thumbnail","6":"product_cat-germany-best-selling-vape","7":"product_cat-15000-puffs-disposable-vapes","8":"product_cat-digital-disposable-vapes","9":"product_cat-fance-hot-sale-vape","10":"product_cat-italy-wholesale-vape","11":"product_cat-low-nicotine-disposable-vapes","12":"product_cat-minimum-order-quantity-50pcs","13":"product_cat-netherlands-hot-sale-vape","14":"product_cat-new-vape-this-week","15":"product_cat-poland-hot-sale-vape","16":"product_cat-rechargeable-vapes","17":"product_cat-shisha-hookah-disposable-vapes","18":"product_cat-smart-screen-disposable-vapes","19":"product_cat-smart-screen-vapes","20":"product_cat-spain-best-hot-sale-vape","21":"product_cat-vapme-vape","22":"product_tag-disposable-vape-wholesale-near-me","23":"product_tag-disposable-vape-wholesale-supplier","24":"product_tag-hot-sale-vape","25":"product_tag-original-factory-vape","26":"product_tag-puff-15000","27":"product_tag-rechargeable-disposable-vape","28":"product_tag-vapme-vape","29":"product_tag-wholesale-vape-price","30":"desktop-align-left","31":"tablet-align-left","32":"mobile-align-left","34":"first","35":"instock","36":"sale","37":"shipping-taxable","38":"purchasable","39":"product-type-simple"},"uagb_featured_image_src":{"full":["https:\/\/rmvapesale.com\/wp-content\/uploads\/2024\/09\/Vapme-Shisha-Hookah-15000.jpg",788,788,false],"thumbnail":["https:\/\/rmvapesale.com\/wp-content\/uploads\/2024\/09\/Vapme-Shisha-Hookah-15000-150x150.jpg",150,150,true],"medium":["https:\/\/rmvapesale.com\/wp-content\/uploads\/2024\/09\/Vapme-Shisha-Hookah-15000-300x300.jpg",300,300,true],"medium_large":["https:\/\/rmvapesale.com\/wp-content\/uploads\/2024\/09\/Vapme-Shisha-Hookah-15000-768x768.jpg",768,768,true],"large":["https:\/\/rmvapesale.com\/wp-content\/uploads\/2024\/09\/Vapme-Shisha-Hookah-15000.jpg",788,788,false],"1536x1536":["https:\/\/rmvapesale.com\/wp-content\/uploads\/2024\/09\/Vapme-Shisha-Hookah-15000.jpg",788,788,false],"2048x2048":["https:\/\/rmvapesale.com\/wp-content\/uploads\/2024\/09\/Vapme-Shisha-Hookah-15000.jpg",788,788,false],"trp-custom-language-flag":["https:\/\/rmvapesale.com\/wp-content\/uploads\/2024\/09\/Vapme-Shisha-Hookah-15000.jpg",12,12,false],"woocommerce_thumbnail":["https:\/\/rmvapesale.com\/wp-content\/uploads\/2024\/09\/Vapme-Shisha-Hookah-15000-300x300.jpg",300,300,true],"woocommerce_single":["https:\/\/rmvapesale.com\/wp-content\/uploads\/2024\/09\/Vapme-Shisha-Hookah-15000-600x600.jpg",600,600,true],"woocommerce_gallery_thumbnail":["https:\/\/rmvapesale.com\/wp-content\/uploads\/2024\/09\/Vapme-Shisha-Hookah-15000-100x100.jpg",100,100,true],"wcpr-photo-reviews":["https:\/\/rmvapesale.com\/wp-content\/uploads\/2024\/09\/Vapme-Shisha-Hookah-15000.jpg",500,500,false]},"uagb_author_info":{"display_name":"AMY","author_link":"https:\/\/rmvapesale.com\/lt\/author\/"},"uagb_comment_info":0,"uagb_excerpt":"Vapme Shisha Hookah 15000 Puffs Rechargeable Disposable Vape Bulk Buy Price PUFF 15000 VAPME SHISHA HOOKAH Best Flavor in Stock Vapme Shisha Hookah 15k Puffs 0% 2% Nicotine Contact Amy For More Discount And Lower MOQ Vape WhatsApp: +86 17776015835","_links":{"self":[{"href":"https:\/\/rmvapesale.com\/lt\/wp-json\/wp\/v2\/product\/1995","targetHints":{"allow":["GET"]}}],"collection":[{"href":"https:\/\/rmvapesale.com\/lt\/wp-json\/wp\/v2\/product"}],"about":[{"href":"https:\/\/rmvapesale.com\/lt\/wp-json\/wp\/v2\/types\/product"}],"replies":[{"embeddable":true,"href":"https:\/\/rmvapesale.com\/lt\/wp-json\/wp\/v2\/comments?post=1995"}],"wp:featuredmedia":[{"embeddable":true,"href":"https:\/\/rmvapesale.com\/lt\/wp-json\/wp\/v2\/media\/2000"}],"wp:attachment":[{"href":"https:\/\/rmvapesale.com\/lt\/wp-json\/wp\/v2\/media?parent=1995"}],"wp:term":[{"taxonomy":"product_brand","embeddable":true,"href":"https:\/\/rmvapesale.com\/lt\/wp-json\/wp\/v2\/product_brand?post=1995"},{"taxonomy":"product_cat","embeddable":true,"href":"https:\/\/rmvapesale.com\/lt\/wp-json\/wp\/v2\/product_cat?post=1995"},{"taxonomy":"product_tag","embeddable":true,"href":"https:\/\/rmvapesale.com\/lt\/wp-json\/wp\/v2\/product_tag?post=1995"}],"curies":[{"name":"wp","href":"https:\/\/api.w.org\/{rel}","templated":true}]}}