{"id":2065,"date":"2024-09-20T06:15:37","date_gmt":"2024-09-20T06:15:37","guid":{"rendered":"https:\/\/rmvapesale.com\/?post_type=product&#038;p=2065"},"modified":"2025-01-21T09:15:27","modified_gmt":"2025-01-21T09:15:27","slug":"bang-box-12000-puffs-disposable-vape-best-price","status":"publish","type":"product","link":"https:\/\/rmvapesale.com\/lt\/product\/bang-box-12000-puffs-disposable-vape-best-price\/","title":{"rendered":"Vienkartin\u0117 elektronin\u0117 cigaret\u0117 \u201eBang Box 12000 Puffs\u201c geriausia kaina"},"content":{"rendered":"<h1>Vienkartin\u0117 elektronin\u0117 cigaret\u0117 \u201eBang Box 12000 Puffs\u201c geriausia kaina<\/h1>\n<p>Pakelkite savo vaping patirt\u012f su Bang Box 12000 Puffs \u012ekraunamu vienkartiniu Vape, i\u0161maniuoju \u012frenginiu, skirtu galutiniam pasitenkinimui. \u0160is inovatyvus vape podas si\u016blo \u012fsp\u016bdingus 12000 \u012fkv\u0117pim\u0173 i\u0161 15 ml i\u0161 anksto u\u017epildyto druskos nikotino e-skys\u010dio rezervuaro, u\u017etikrinant\u012f turting\u0105, auk\u0161tos kokyb\u0117s skon\u012f su kiekvienu \u012fkv\u0117pimu.<\/p>\n<p>Sukurtas patogumui ir na\u0161umui, Bang Box turi tvirt\u0105 600mAh \u012fkraunam\u0105 baterij\u0105 ir tinklelio rit\u0119, u\u017etikrinan\u010di\u0105 skland\u0173 ir nuosekl\u0173 garo gamyb\u0105. Personalizuokite savo patirt\u012f su reguliuojamais nikotino stiprumais nuo 0% iki 5%, atitinkan\u010diais kiekvieno poreikius. Su erdviu 20 ml e-skys\u010dio talpa, gal\u0117site m\u0117gautis ilgomis vaping sesijomis be da\u017en\u0173 papildym\u0173 r\u016bpes\u010di\u0173.<\/p>\n<p>Gaukite kokybi\u0161k\u0105 didmenin\u0117s prekybos kain\u0105 Bang Box 12000 Puffs \u012ekraunamam vienkartiniam Vape dabar!<\/p>\n<p><strong>Susisiekite su Amy, kad gautum\u0117te teising\u0105 atsakym\u0105 ir daugiau nuolaid\u0173!<\/strong><\/p>\n<p><img loading=\"lazy\" decoding=\"async\" class=\"size-medium wp-image-1814\" src=\"https:\/\/rmvapesale.com\/wp-content\/uploads\/2024\/04\/whatsapp-amy-229x300.jpg\" alt=\"whatsapp amy\" width=\"229\" height=\"300\" srcset=\"https:\/\/rmvapesale.com\/wp-content\/uploads\/2024\/04\/whatsapp-amy-229x300.jpg 229w, https:\/\/rmvapesale.com\/wp-content\/uploads\/2024\/04\/whatsapp-amy-783x1024.jpg 783w, https:\/\/rmvapesale.com\/wp-content\/uploads\/2024\/04\/whatsapp-amy-768x1005.jpg 768w, https:\/\/rmvapesale.com\/wp-content\/uploads\/2024\/04\/whatsapp-amy-600x785.jpg 600w, https:\/\/rmvapesale.com\/wp-content\/uploads\/2024\/04\/whatsapp-amy.jpg 990w\" sizes=\"auto, (max-width: 229px) 100vw, 229px\" \/><\/p>\n<h3><span style=\"color: #ff0000\"><strong>WhatsApp: +86 17776015835<\/strong><\/span><\/h3>\n<p>&nbsp;<\/p>\n<h2><strong>Bang Box 12000 Pagrindin\u0117s savyb\u0117s<\/strong><\/h2>\n<p>&nbsp;<\/p>\n<p>Prek\u0117s \u017eenklas: Bang Vape<br \/>\nNikotinas: 0% 2% 3% 5%<br \/>\n\u012ekv\u0117pimai: 12000<br \/>\nTalpa: 20ml<br \/>\nGalimi 12 skoni\u0173<br \/>\n650mah \u012fkraunama<br \/>\nTinklelio rit\u0117<br \/>\nType-C<\/p>\n<h2><strong>Koks yra geriausias Vape Bang Box 12000 Puffs skonis?<\/strong><strong>?<\/strong><\/h2>\n<p>\u0160is Vape Bang Vape 12000 si\u016blo i\u0161 viso 12 skoni\u0173, pasirinkite i\u0161 \u012fvairi\u0173 skoni\u0173, \u012fskaitant Bra\u0161k\u0117 Banana, M\u0117lynas Razz Ledas ir Bra\u0161k\u0117s Sultys, ir pasinerkite \u012f skonio ir pasitenkinimo pasaul\u012f.<\/p>\n<p>1. Bra\u0161ki\u0173 Bananas<br \/>\n2. Kivi, Passion Fruit, Guava<br \/>\n3. Bra\u0161ki\u0173 Kivi<br \/>\n4. M\u0117lynas Razz Ledas<br \/>\n5. R\u016bg\u0161tus obuolys, aviet\u0117<br \/>\n6. Arb\u016bzo kramtomoji guma<br \/>\n7. Bra\u0161ki\u0173 Arb\u016bzas<br \/>\n8. Bra\u0161k\u0117s sultys<br \/>\n9. Juodasis Drakonas Ledas<br \/>\n10. Arb\u016bz\u0173 ledas<br \/>\n11. Persikas, Mango, Arb\u016bzas<br \/>\n12.M\u0117lyni\u0173 ledas<\/p>\n<p>&nbsp;<\/p>\n<p><img loading=\"lazy\" decoding=\"async\" class=\"size-medium wp-image-2070\" src=\"https:\/\/rmvapesale.com\/wp-content\/uploads\/2024\/09\/Bang-Vape-BOX-12000-300x300.png\" alt=\"Bang Vape BOX 12000\" width=\"300\" height=\"300\" srcset=\"https:\/\/rmvapesale.com\/wp-content\/uploads\/2024\/09\/Bang-Vape-BOX-12000-300x300.png 300w, https:\/\/rmvapesale.com\/wp-content\/uploads\/2024\/09\/Bang-Vape-BOX-12000-150x150.png 150w, https:\/\/rmvapesale.com\/wp-content\/uploads\/2024\/09\/Bang-Vape-BOX-12000-768x768.png 768w, https:\/\/rmvapesale.com\/wp-content\/uploads\/2024\/09\/Bang-Vape-BOX-12000-600x600.png 600w, https:\/\/rmvapesale.com\/wp-content\/uploads\/2024\/09\/Bang-Vape-BOX-12000-100x100.png 100w, https:\/\/rmvapesale.com\/wp-content\/uploads\/2024\/09\/Bang-Vape-BOX-12000.png 800w\" sizes=\"auto, (max-width: 300px) 100vw, 300px\" \/><\/p>\n<h2><strong>Klausimai, kuriuos galb\u016bt nor\u0117site \u017einoti apie Vape Bang Vape 12000 Puffs<\/strong><\/h2>\n<p>&nbsp;<\/p>\n<p><strong>1. Kiek \u012fkv\u0117pim\u0173 galiu tik\u0117tis i\u0161 Vape Bang Vape 12000 Puffs?<\/strong><\/p>\n<p>Vape Bang Vape 12000 Puffs pasi\u017eymi \u012fsp\u016bdingu 12000 \u012fkv\u0117pim\u0173 skai\u010diumi (bandym\u0173 aplinkoje), u\u017etikrinant ilgalaik\u012f naudojim\u0105 ir pasitenkinim\u0105.<\/p>\n<p><strong>2. Kokio stiprumo nikotin\u0105 si\u016blo Bang King Vape 20000 Puffs?<\/strong><\/p>\n<p>Vape Bang Vape 12000 yra i\u0161 anksto u\u017epildytas 20 ml e-skys\u010dio su 0%, 2%, 3%, 5% nikotino stiprumais, si\u016blant subalansuot\u0105 vaping patirt\u012f.<\/p>\n<p><strong>3. Kaip Mesh Coil technologija pagerina garinimo patirt\u012f?<\/strong><\/p>\n<p>Mesh vielos technologija, integruota \u012f Vape Bang Box Vape 15k Puffs, pasi\u017eymi \u017eemo atsparumo 1.0 omo viela. \u0160is dizainas maksimalizuoja \u0161ildymo pavir\u0161iaus plot\u0105, tod\u0117l \u012fkv\u0117pimai b\u016bna sklandesni ir padid\u0117ja garo gamyba. Technologija garantuoja tolyg\u0173 ir nuosekl\u0173 e-liquido \u0161ildym\u0105, suteikdama i\u0161skirtin\u0119 skonio patirt\u012f.<\/p>\n<p><strong>4. Kur galiu \u012fsigyti original\u0173 Bang King Vape 20000 Puffs?<\/strong><\/p>\n<p>Genuine Vape Bang Vape 12000 galima \u012fsigyti per autorizuotus platintojus. Didmenin\u0117s prekybos u\u017eklausas gali pateikti platintojai. <a href=\"https:\/\/wa.me\/8617776015835\" target=\"_blank\" rel=\"noopener\">susisiekite SU mumis<\/a> tiesiogiai. Ma\u017emenin\u0117s prekybos klientai gali rasti produkt\u0105 pasirinktose ma\u017emenin\u0117s prekybos parduotuv\u0117se arba internetin\u0117se parduotuv\u0117se. Visi m\u016bs\u0173 parduotuv\u0117s produktai yra 100% original\u016bs ir autenti\u0161ki, tod\u0117l de\u0161imteriopas kompensavimas u\u017e padirbtas prekes yra m\u016bs\u0173 parduotuv\u0117s politika.<\/p>\n<p>&nbsp;<\/p>\n<h2><b>DUK<\/b><\/h2>\n<div class=\"flex-shrink-0 flex flex-col relative items-end\">\n<div>\n<div class=\"pt-0\">\n<div class=\"gizmo-bot-avatar flex h-8 w-8 items-center justify-center overflow-hidden rounded-full\">\n<div><\/div>\n<div class=\"relative p-1 rounded-sm flex items-center justify-center bg-token-main-surface-primary text-token-text-primary h-8 w-8\"><strong>Kokie pristatymo b\u016bdai naudojami?<\/strong><\/div>\n<\/div>\n<\/div>\n<\/div>\n<\/div>\n<div class=\"group\/conversation-turn relative flex w-full min-w-0 flex-col agent-turn\">\n<div class=\"flex-col gap-1 md:gap-3\">\n<div class=\"flex max-w-full flex-col flex-grow\">\n<div class=\"min-h-[20px] text-message flex w-full flex-col items-end gap-2 whitespace-normal break-words [.text-message+&amp;]:mt-5 overflow-x-auto\" dir=\"auto\" data-message-author-role=\"assistant\" data-message-id=\"22f8283b-3233-46ff-89a5-c7a41b33abda\">\n<div class=\"flex w-full flex-col gap-1 empty:hidden first:pt-[3px]\">\n<div class=\"markdown prose w-full break-words dark:prose-invert light\">\n<p>Mes bendradarbiaujame su UPS, DHL, FedEx, DPD ir kitais pirmaujan\u010diais ve\u017e\u0117jais. Mes parinksime geriausi\u0105 siuntimo b\u016bd\u0105, atsi\u017evelgdami \u012f j\u016bs\u0173 pristatymo viet\u0105, kad u\u017etikrintume, jog gaminiai jus pasieks kuo grei\u010diau.<\/p>\n<\/div>\n<p><strong>Per kiek laiko atvyksta?<\/strong><\/p>\n<p>\u012e Lietuv\u0105 paprastai atvyksta per 10 darbo dien\u0173.<\/p>\n<p>\u012e Europos \u0161alis paprastai u\u017etrunka apie 12-15 darbo dien\u0173.<\/p>\n<p>Mes teiksime realaus laiko atnaujinimus apie j\u016bs\u0173 siuntos b\u016bsen\u0105.<\/p>\n<\/div>\n<\/div>\n<\/div>\n<\/div>\n<\/div>\n<p>&nbsp;<\/p>\n<p>kiti kar\u0161tai parduodami garintuvai, kurie jums gali patikti:<\/p>\n<p><a href=\"https:\/\/rmvapesale.com\/lt\/product\/bang-20000-puffs-disposable-vape-wholesale-supplier\/\">Bang Vape 20000 Puffs<\/a><\/p>\n<p><a href=\"https:\/\/rmvapesale.com\/lt\/product\/randm-tornado-7000-puffs-original-cheap-price-vapes-fumot-factory\/\">RandM Tornado 7000 Puffs<\/a><\/p>\n<p><a href=\"https:\/\/rmvapesale.com\/lt\/product\/bang-vape-tornado-12000-puffs-disposable-pod-factory-price\/\">BANG Tornado 12000 Puffs<\/a><\/p>\n<p>&nbsp;<\/p>\n<p>&nbsp;<\/p>\n<p>Raskite daugiau garintuv\u0173, kurie jums gali patikti:<em><a href=\"https:\/\/rmvapesale.com\/lt\/shop-2\/\">pirkti dabar\u00a0<\/a><\/em><\/p>","protected":false},"excerpt":{"rendered":"<p>Vape Bang Box 12000 P\u016bki Didmenin\u0117 prekyba<br \/>\nBang Box 12000 P\u016bki Vienkartin\u0117s Elektronin\u0117s Cigaret\u0117s Vape<br \/>\nBang Box 12000 P\u016bki 0% 2% 3% 5% Nikotino \u012ekraunamas<\/p>\n<p><strong>Susisiekite su Amy d\u0117l daugiau nuolaid\u0173 ir ma\u017eesnio minimalaus u\u017esakymo kiekio garintuvo<\/strong><\/p>\n<p><img loading=\"lazy\" decoding=\"async\" class=\"size-medium wp-image-1814\" src=\"https:\/\/rmvapesale.com\/wp-content\/uploads\/2024\/04\/whatsapp-amy-229x300.jpg\" alt=\"whatsapp amy\" width=\"229\" height=\"300\" srcset=\"https:\/\/rmvapesale.com\/wp-content\/uploads\/2024\/04\/whatsapp-amy-229x300.jpg 229w, https:\/\/rmvapesale.com\/wp-content\/uploads\/2024\/04\/whatsapp-amy-783x1024.jpg 783w, https:\/\/rmvapesale.com\/wp-content\/uploads\/2024\/04\/whatsapp-amy-768x1005.jpg 768w, https:\/\/rmvapesale.com\/wp-content\/uploads\/2024\/04\/whatsapp-amy-600x785.jpg 600w, https:\/\/rmvapesale.com\/wp-content\/uploads\/2024\/04\/whatsapp-amy.jpg 990w\" sizes=\"auto, (max-width: 229px) 100vw, 229px\" \/><\/p>\n<h3><span style=\"color: #ff0000\"><strong>WhatsApp: +86 17776015835<\/strong><\/span><\/h3>","protected":false},"featured_media":2072,"comment_status":"open","ping_status":"closed","template":"","meta":{"_uag_custom_page_level_css":"","_lmt_disableupdate":"no","_lmt_disable":"","site-sidebar-layout":"default","site-content-layout":"content-boxed-container","ast-site-content-layout":"normal-width-container","site-content-style":"boxed","site-sidebar-style":"unboxed","ast-global-header-display":"","ast-banner-title-visibility":"","ast-main-header-display":"","ast-hfb-above-header-display":"","ast-hfb-below-header-display":"","ast-hfb-mobile-header-display":"","site-post-title":"","ast-breadcrumbs-content":"","ast-featured-img":"","footer-sml-layout":"","theme-transparent-header-meta":"default","adv-header-id-meta":"","stick-header-meta":"","header-above-stick-meta":"","header-main-stick-meta":"","header-below-stick-meta":"","astra-migrate-meta-layouts":"set","ast-page-background-enabled":"default","ast-page-background-meta":{"desktop":{"background-color":"var(--ast-global-color-4)","background-image":"","background-repeat":"repeat","background-position":"center center","background-size":"auto","background-attachment":"scroll","background-type":"","background-media":"","overlay-type":"","overlay-color":"","overlay-opacity":"","overlay-gradient":""},"tablet":{"background-color":"","background-image":"","background-repeat":"repeat","background-position":"center center","background-size":"auto","background-attachment":"scroll","background-type":"","background-media":"","overlay-type":"","overlay-color":"","overlay-opacity":"","overlay-gradient":""},"mobile":{"background-color":"","background-image":"","background-repeat":"repeat","background-position":"center center","background-size":"auto","background-attachment":"scroll","background-type":"","background-media":"","overlay-type":"","overlay-color":"","overlay-opacity":"","overlay-gradient":""}},"ast-content-background-meta":{"desktop":{"background-color":"var(--ast-global-color-5)","background-image":"","background-repeat":"repeat","background-position":"center center","background-size":"auto","background-attachment":"scroll","background-type":"","background-media":"","overlay-type":"","overlay-color":"","overlay-opacity":"","overlay-gradient":""},"tablet":{"background-color":"var(--ast-global-color-5)","background-image":"","background-repeat":"repeat","background-position":"center center","background-size":"auto","background-attachment":"scroll","background-type":"","background-media":"","overlay-type":"","overlay-color":"","overlay-opacity":"","overlay-gradient":""},"mobile":{"background-color":"var(--ast-global-color-5)","background-image":"","background-repeat":"repeat","background-position":"center center","background-size":"auto","background-attachment":"scroll","background-type":"","background-media":"","overlay-type":"","overlay-color":"","overlay-opacity":"","overlay-gradient":""}},"_joinchat":[]},"product_brand":[],"product_cat":[25,293,295,273,279,254,123,26,28,135,27,60,137,136,15,30],"product_tag":[77,76,63,57,58,59,37],"class_list":{"0":"post-2065","1":"product","2":"type-product","3":"status-publish","4":"has-post-thumbnail","6":"product_cat-germany-best-selling-vape","7":"product_cat-low-nicotine-disposable-vapes","8":"product_cat-rechargeable-disposable-vapes","9":"product_cat-bang-box-vape","10":"product_cat-bang-king-vape","11":"product_cat-12000-puff-disposable-vape","12":"product_cat-italy-wholesale-vape","13":"product_cat-netherlands-hot-sale-vape","14":"product_cat-poland-hot-sale-vape","15":"product_cat-spain-best-hot-sale-vape","16":"product_cat-fance-hot-sale-vape","17":"product_cat-bang-vapes","18":"product_cat-rechargeable-vapes","19":"product_cat-smart-screen-vapes","20":"product_cat-new-vape-this-week","21":"product_cat-minimum-order-quantity-50pcs","22":"product_tag-bang-box-12000","23":"product_tag-bang-king-vape","24":"product_tag-bang-vapes","25":"product_tag-disposable-vape-wholesale-supplier","26":"product_tag-electric-cigarettes","27":"product_tag-puffs-vape","28":"product_tag-wholesale-vape-price","29":"desktop-align-left","30":"tablet-align-left","31":"mobile-align-left","33":"first","34":"instock","35":"sale","36":"shipping-taxable","37":"purchasable","38":"product-type-simple"},"uagb_featured_image_src":{"full":["https:\/\/rmvapesale.com\/wp-content\/uploads\/2024\/09\/Bang-Box-12000-Puffs-Disposable-Vape.png",800,800,false],"thumbnail":["https:\/\/rmvapesale.com\/wp-content\/uploads\/2024\/09\/Bang-Box-12000-Puffs-Disposable-Vape-150x150.png",150,150,true],"medium":["https:\/\/rmvapesale.com\/wp-content\/uploads\/2024\/09\/Bang-Box-12000-Puffs-Disposable-Vape-300x300.png",300,300,true],"medium_large":["https:\/\/rmvapesale.com\/wp-content\/uploads\/2024\/09\/Bang-Box-12000-Puffs-Disposable-Vape-768x768.png",768,768,true],"large":["https:\/\/rmvapesale.com\/wp-content\/uploads\/2024\/09\/Bang-Box-12000-Puffs-Disposable-Vape.png",800,800,false],"1536x1536":["https:\/\/rmvapesale.com\/wp-content\/uploads\/2024\/09\/Bang-Box-12000-Puffs-Disposable-Vape.png",800,800,false],"2048x2048":["https:\/\/rmvapesale.com\/wp-content\/uploads\/2024\/09\/Bang-Box-12000-Puffs-Disposable-Vape.png",800,800,false],"trp-custom-language-flag":["https:\/\/rmvapesale.com\/wp-content\/uploads\/2024\/09\/Bang-Box-12000-Puffs-Disposable-Vape.png",12,12,false],"woocommerce_thumbnail":["https:\/\/rmvapesale.com\/wp-content\/uploads\/2024\/09\/Bang-Box-12000-Puffs-Disposable-Vape-300x300.png",300,300,true],"woocommerce_single":["https:\/\/rmvapesale.com\/wp-content\/uploads\/2024\/09\/Bang-Box-12000-Puffs-Disposable-Vape-600x600.png",600,600,true],"woocommerce_gallery_thumbnail":["https:\/\/rmvapesale.com\/wp-content\/uploads\/2024\/09\/Bang-Box-12000-Puffs-Disposable-Vape-100x100.png",100,100,true],"wcpr-photo-reviews":["https:\/\/rmvapesale.com\/wp-content\/uploads\/2024\/09\/Bang-Box-12000-Puffs-Disposable-Vape.png",500,500,false]},"uagb_author_info":{"display_name":"AMY","author_link":"https:\/\/rmvapesale.com\/lt\/author\/"},"uagb_comment_info":0,"uagb_excerpt":"Vape Bang Box 12000 Puffs Wholesale Bang Box 12000 Puffs Disposable E Cigarettes Vape Bang Box 12000 Puffs 0% 2% 3% 5% Nicotine Rechargeable Contact Amy For More Discount And Lower MOQ Vape WhatsApp: +86 17776015835","_links":{"self":[{"href":"https:\/\/rmvapesale.com\/lt\/wp-json\/wp\/v2\/product\/2065","targetHints":{"allow":["GET"]}}],"collection":[{"href":"https:\/\/rmvapesale.com\/lt\/wp-json\/wp\/v2\/product"}],"about":[{"href":"https:\/\/rmvapesale.com\/lt\/wp-json\/wp\/v2\/types\/product"}],"replies":[{"embeddable":true,"href":"https:\/\/rmvapesale.com\/lt\/wp-json\/wp\/v2\/comments?post=2065"}],"wp:featuredmedia":[{"embeddable":true,"href":"https:\/\/rmvapesale.com\/lt\/wp-json\/wp\/v2\/media\/2072"}],"wp:attachment":[{"href":"https:\/\/rmvapesale.com\/lt\/wp-json\/wp\/v2\/media?parent=2065"}],"wp:term":[{"taxonomy":"product_brand","embeddable":true,"href":"https:\/\/rmvapesale.com\/lt\/wp-json\/wp\/v2\/product_brand?post=2065"},{"taxonomy":"product_cat","embeddable":true,"href":"https:\/\/rmvapesale.com\/lt\/wp-json\/wp\/v2\/product_cat?post=2065"},{"taxonomy":"product_tag","embeddable":true,"href":"https:\/\/rmvapesale.com\/lt\/wp-json\/wp\/v2\/product_tag?post=2065"}],"curies":[{"name":"wp","href":"https:\/\/api.w.org\/{rel}","templated":true}]}}