{"id":2107,"date":"2024-09-23T05:28:49","date_gmt":"2024-09-23T05:28:49","guid":{"rendered":"https:\/\/rmvapesale.com\/?post_type=product&#038;p=2107"},"modified":"2025-01-21T09:18:50","modified_gmt":"2025-01-21T09:18:50","slug":"bang-25000-puffs-0-2-3-5-nicotine-led-display-vape-pod","status":"publish","type":"product","link":"https:\/\/rmvapesale.com\/lt\/product\/bang-25000-puffs-0-2-3-5-nicotine-led-display-vape-pod\/","title":{"rendered":"Bang 25000 \u012ftraukim\u0173 0% 2% 3% 5% nikotino LED ekraninis garinimo \u012frenginys"},"content":{"rendered":"<h1><strong>Bang 25000 \u012ftraukim\u0173 0% 2% 3% 5% nikotino LED ekraninis garinimo \u012frenginys<\/strong><\/h1>\n<p>Bang 25000 R\u016bko P\u016btimo Originali Elektronin\u0117 Cigaret\u0117 si\u016blo \u012fsp\u016bdingus 25 000 p\u016btim\u0173 per \u012frengin\u012f, pa\u0161alindama da\u017en\u0173 \u012fkrovim\u0173 ar keitim\u0173 poreik\u012f \u2013 tai puiku reguliariems vaperiams. Su dosnia 30 ml elektroninio skys\u010dio talpa, \u0161i vape u\u017etikrina ilgalaik\u0119 ir maloni\u0105 patirt\u012f be nuolatinio papildymo. Ji atitinka j\u016bs\u0173 nikotino pageidavimus su pasirinkimais 0%, 2%, 3% ir 5% nikotino koncentracijoms, leid\u017eian\u010diomis pasirinkti jums tinkamiausi\u0105 lyg\u012f.<\/p>\n<p>Veikiama 650 mAh baterijos, Bang 25000 u\u017etikrina ilgalaik\u012f veikim\u0105, o C tipo \u012fkrovimo funkcija leid\u017eia greitai \u012fkrauti. Sekite elektroninio skys\u010dio ir baterijos rodmenis, kad visada \u017einotum\u0117te, kada reikia \u012fkrauti ar papildyti. 1.0\u03a9 tinklelio rit\u0117 pagerina skon\u012f ir garo gamyb\u0105, suteikdama \u0161velni\u0105 ir nuosekli\u0105 vaping patirt\u012f.<\/p>\n<p><strong>Susisiekite su Amy, kad gautum\u0117te teising\u0105 atsakym\u0105 ir daugiau produkt\u0173 vaizdo \u012fra\u0161\u0173!<\/strong><\/p>\n<p><img loading=\"lazy\" decoding=\"async\" class=\"size-medium wp-image-1814\" src=\"https:\/\/rmvapesale.com\/wp-content\/uploads\/2024\/04\/whatsapp-amy-229x300.jpg\" alt=\"whatsapp amy\" width=\"229\" height=\"300\" srcset=\"https:\/\/rmvapesale.com\/wp-content\/uploads\/2024\/04\/whatsapp-amy-229x300.jpg 229w, https:\/\/rmvapesale.com\/wp-content\/uploads\/2024\/04\/whatsapp-amy-783x1024.jpg 783w, https:\/\/rmvapesale.com\/wp-content\/uploads\/2024\/04\/whatsapp-amy-768x1005.jpg 768w, https:\/\/rmvapesale.com\/wp-content\/uploads\/2024\/04\/whatsapp-amy-600x785.jpg 600w, https:\/\/rmvapesale.com\/wp-content\/uploads\/2024\/04\/whatsapp-amy.jpg 990w\" sizes=\"auto, (max-width: 229px) 100vw, 229px\" \/><\/p>\n<h3><span style=\"color: #ff0000\"><strong>WhatsApp: +86 17776015835<\/strong><\/span><\/h3>\n<p>&nbsp;<\/p>\n<h2><strong>Bang 25000 P\u016btim\u0173 Vape P\u016btimo Pagrindin\u0117s Savyb\u0117s<\/strong><\/h2>\n<p>Nikotinas: 0%, 2%, 3%, 5%<br \/>\nP\u016btimai: 25000<br \/>\nTalpa: 30ml<br \/>\nGalimi 12 skoni\u0173<br \/>\n650mah \u012fkraunama<br \/>\nTinklelio rit\u0117<\/p>\n<figure id=\"attachment_2101\" aria-describedby=\"caption-attachment-2101\" style=\"width: 300px\" class=\"wp-caption alignnone\"><img loading=\"lazy\" decoding=\"async\" class=\"size-medium wp-image-2101\" src=\"https:\/\/rmvapesale.com\/wp-content\/uploads\/2024\/09\/Bang-25000-25k-Puffs-Vape-Original-300x300.png\" alt=\"Bang 25000 25k P\u016btim\u0173 Vape Originali\" width=\"300\" height=\"300\" srcset=\"https:\/\/rmvapesale.com\/wp-content\/uploads\/2024\/09\/Bang-25000-25k-Puffs-Vape-Original-300x300.png 300w, https:\/\/rmvapesale.com\/wp-content\/uploads\/2024\/09\/Bang-25000-25k-Puffs-Vape-Original-150x150.png 150w, https:\/\/rmvapesale.com\/wp-content\/uploads\/2024\/09\/Bang-25000-25k-Puffs-Vape-Original-768x768.png 768w, https:\/\/rmvapesale.com\/wp-content\/uploads\/2024\/09\/Bang-25000-25k-Puffs-Vape-Original-600x600.png 600w, https:\/\/rmvapesale.com\/wp-content\/uploads\/2024\/09\/Bang-25000-25k-Puffs-Vape-Original-100x100.png 100w, https:\/\/rmvapesale.com\/wp-content\/uploads\/2024\/09\/Bang-25000-25k-Puffs-Vape-Original.png 788w\" sizes=\"auto, (max-width: 300px) 100vw, 300px\" \/><figcaption id=\"caption-attachment-2101\" class=\"wp-caption-text\">Bang 25000 25k P\u016btim\u0173 Vape Originali<\/figcaption><\/figure>\n<h2><strong>Geriausias skonis Bang 25000 P\u016btim\u0173<\/strong><\/h2>\n<p>\u0160is Bang 25000 P\u016btim\u0173 vienkartinis podas su turtingais skoniais, pasirinkite i\u0161 12 maloni\u0173 skoni\u0173, nuo vaisini\u0173 iki m\u0117t\u0173 ir klasikin\u0117s tabako, u\u017etikrinant, kad kiekvienas rast\u0173 k\u0105 nors sau. Pra\u0161ome \u017ei\u016br\u0117ti m\u016bs\u0173 pardavim\u0173 duomen\u0173 kar\u0161t\u0173 pardavim\u0173 skon\u012f.<\/p>\n<p>1. Arb\u016bzas ledas <span style=\"color: #ff0000\"><strong>&gt;&gt;&gt;&gt;Geriausias!<\/strong><\/span><br \/>\n2. Bra\u0161k\u0117 su kiviu<br \/>\n3. Bra\u0161k\u0117 su ledu<br \/>\n4. Mango su persiku<br \/>\n5. M\u0117lyn\u0117s su aviet\u0117mis<span style=\"color: #ff0000\"><strong>&gt;&gt;&gt;&gt;Kar\u0161ta!<\/strong><\/span><br \/>\n6. M\u0117lyn\u0117s su m\u0117tomis<br \/>\n7. Mi\u0161rus vaisius<br \/>\n8. Bra\u0161k\u0117 arb\u016bzas<br \/>\n9. Vynuog\u0117s su ledu<br \/>\n10. Arb\u016bzas su burbuliuk\u0173 gumu<br \/>\n11.M\u0117lyn\u0117s su ledu<br \/>\n12. Tigr\u0173 kraujas<span style=\"color: #ff0000\"><strong>&gt;&gt;&gt;&gt;Kar\u0161ta!<\/strong><\/span><\/p>\n<p>&nbsp;<\/p>\n<h2><strong>Klausimai, kuriuos galb\u016bt nor\u0117tum\u0117te \u017einoti apie Bang 25000 P\u016btim\u0173<\/strong><\/h2>\n<p>&nbsp;<\/p>\n<p><strong>1. Kaip naudoti Bang 25000 P\u016btim\u0173, jei esu naujokas vaping'e?<\/strong><br \/>\nBang Digital 15000 Puffs yra sukurtas lengvam naudojimui. Tiesiog i\u0161pakuokite prietais\u0105 ir prad\u0117kite traukti, kad m\u0117gautum\u0117t\u0117s pasirinktu skoniu. Nereikia joki\u0173 sud\u0117ting\u0173 nustatym\u0173 ar prie\u017ei\u016bros, tod\u0117l tai puikus pasirinkimas pradedantiesiems.<\/p>\n<p><strong>2. Ar Bang 25000 P\u016btim\u0173 yra ekologi\u0161kai draugi\u0161kas?<\/strong> <strong>3. Kiek ilgai trunka Bang 25000 P\u016btim\u0173 baterijos veikimo laikas?<\/strong><br \/>\nTaip, Vapes Europe yra \u012fsipareigojusi tvarumui. Nors Bang Digital 15000 Puffs yra vienkartinis prietaisas, mes skatiname atsaking\u0105 utilizavim\u0105. Pra\u0161ome naudotis specialiais elektronini\u0173 atliek\u0173 perdirbimo punktais, kad suma\u017eintum\u0117te poveik\u012f aplinkai ir u\u017etikrintum\u0117te tinkam\u0105 prietaiso komponent\u0173 tvarkym\u0105.<\/p>\n<p><strong>3. Kaip saugiai i\u0161mesti Bang 25000 Puffs?<\/strong><br \/>\nNor\u0117dami utilizuoti Bang Digital 15000 Puffs, pirmiausia \u012fsitikinkite, kad jis yra visi\u0161kai i\u0161sikrov\u0119s. Tada, vadovaukit\u0117s vietos taisykl\u0117mis d\u0117l elektronini\u0173 atliek\u0173 utilizavimo ar perdirbimo centr\u0173. Daugelis bendruomeni\u0173 si\u016blo specialius atidavimo punktus elektroniniams prietaisams, kad u\u017etikrint\u0173 tinkam\u0105 utilizavim\u0105 ir suma\u017eint\u0173 poveik\u012f aplinkai.<\/p>\n<p><strong>4. Ar Bang 25000 Puffs yra saugus naudoti ir i\u0161mesti?<\/strong><br \/>\nBe jokios abejon\u0117s. \u201eWaspe Tornado 15000\u201c sukurtas atsi\u017evelgiant \u012f saugum\u0105 ir atitinka pramon\u0117s standartus. D\u0117l savo vienkartinio pob\u016bd\u017eio nereikia r\u016bpintis prie\u017ei\u016bra, o atsakingai utilizavus, poveikis aplinkai yra minimalus. Visada laikykit\u0117s saugos nurodym\u0173 ir nedvejodami kreipkit\u0117s \u012f m\u016bs\u0173 klient\u0173 aptarnavimo komand\u0105, jei turite konkre\u010di\u0173 klausim\u0173.<\/p>\n<p>&nbsp;<\/p>\n<h3><b>DUK<\/b><\/h3>\n<div class=\"flex-shrink-0 flex flex-col relative items-end\">\n<div>\n<div class=\"pt-0\">\n<div class=\"gizmo-bot-avatar flex h-8 w-8 items-center justify-center overflow-hidden rounded-full\">\n<div class=\"relative p-1 rounded-sm flex items-center justify-center bg-token-main-surface-primary text-token-text-primary h-8 w-8\"><strong>Kokie pristatymo b\u016bdai naudojami?<\/strong><\/div>\n<\/div>\n<\/div>\n<\/div>\n<\/div>\n<div class=\"group\/conversation-turn relative flex w-full min-w-0 flex-col agent-turn\">\n<div class=\"flex-col gap-1 md:gap-3\">\n<div class=\"flex max-w-full flex-col flex-grow\">\n<div class=\"min-h-[20px] text-message flex w-full flex-col items-end gap-2 whitespace-normal break-words [.text-message+&amp;]:mt-5 overflow-x-auto\" dir=\"auto\" data-message-author-role=\"assistant\" data-message-id=\"22f8283b-3233-46ff-89a5-c7a41b33abda\">\n<div class=\"flex w-full flex-col gap-1 empty:hidden first:pt-[3px]\">\n<div class=\"markdown prose w-full break-words dark:prose-invert light\">\n<p>Mes bendradarbiaujame su UPS, DHL, FedEx, DPD ir kitais pirmaujan\u010diais ve\u017e\u0117jais. Mes parinksime geriausi\u0105 siuntimo b\u016bd\u0105, atsi\u017evelgdami \u012f j\u016bs\u0173 pristatymo viet\u0105, kad u\u017etikrintume, jog gaminiai jus pasieks kuo grei\u010diau.<\/p>\n<\/div>\n<p><strong>Per kiek laiko atvyksta?<\/strong><\/p>\n<p>\u012e Lietuv\u0105 siun\u010diami siuntiniai paprastai atvyksta per 10 darbo dien\u0173. Siuntimas \u012f Europos \u0161alis paprastai trunka apie 12\u201315 darbo dien\u0173. Mes teikiame realiuoju laiku atnaujinam\u0105 informacij\u0105 apie j\u016bs\u0173 siuntos b\u016bsen\u0105.<\/p>\n<\/div>\n<\/div>\n<\/div>\n<\/div>\n<\/div>\n<p>&nbsp;<\/p>\n<p>kiti kar\u0161tai parduodami garintuvai, kurie jums gali patikti:<\/p>\n<p><a href=\"https:\/\/rmvapesale.com\/lt\/product\/bang-30k-puffs-disposable-vape-double-taste-wholesale-italy\/\">Bang 30k \u012ekv\u0117pim\u0173<\/a><\/p>\n<p><a href=\"https:\/\/rmvapesale.com\/lt\/product\/bang-beach-22000-puffs-smart-screen-vapes-factory-price\/\">Bang Beach 22000 \u012ftraukim\u0173<\/a><\/p>\n<p><a href=\"https:\/\/rmvapesale.com\/lt\/product\/randm-tornado-15000-puffs-vape-wholesale\/\">RandM Tornado 15000 i\u0161p\u016btim\u0173<\/a><\/p>\n<p><a href=\"https:\/\/rmvapesale.com\/lt\/product\/bang-20000-puffs-disposable-vape-wholesale-supplier\/\">Bang 20000 Puffs<\/a><\/p>\n<p>&nbsp;<\/p>\n<p>Raskite daugiau garintuv\u0173, kurie jums gali patikti:<em><a href=\"https:\/\/rmvapesale.com\/lt\/shop-2\/\">pirkti dabar\u00a0<\/a><\/em><\/p>","protected":false},"excerpt":{"rendered":"<p class=\"LC20lb MBeuO DKV0Md\">Bang 25000 R\u016bkal\u0173 0% 2% 3% 5% \u017demas Nikotino Didmenin\u0117 pirkimas<br \/>\nBang 25000 25 t\u016bkst. R\u016bkal\u0173 Vape Originali Elektronin\u0117 cigaret\u0117<br \/>\nBang 25000 Sm\u016bgi\u0173 Dvigubi Podai Didmenin\u0117 prekyba<\/p>\n<p><strong>Susisiekite su Amy d\u0117l daugiau nuolaid\u0173 ir ma\u017eesnio minimalaus u\u017esakymo kiekio garintuvo<\/strong><\/p>\n<p><img loading=\"lazy\" decoding=\"async\" class=\"size-medium wp-image-1814\" src=\"https:\/\/rmvapesale.com\/wp-content\/uploads\/2024\/04\/whatsapp-amy-229x300.jpg\" alt=\"whatsapp amy\" width=\"229\" height=\"300\" srcset=\"https:\/\/rmvapesale.com\/wp-content\/uploads\/2024\/04\/whatsapp-amy-229x300.jpg 229w, https:\/\/rmvapesale.com\/wp-content\/uploads\/2024\/04\/whatsapp-amy-783x1024.jpg 783w, https:\/\/rmvapesale.com\/wp-content\/uploads\/2024\/04\/whatsapp-amy-768x1005.jpg 768w, https:\/\/rmvapesale.com\/wp-content\/uploads\/2024\/04\/whatsapp-amy-600x785.jpg 600w, https:\/\/rmvapesale.com\/wp-content\/uploads\/2024\/04\/whatsapp-amy.jpg 990w\" sizes=\"auto, (max-width: 229px) 100vw, 229px\" \/><\/p>\n<h3><span style=\"color: #ff0000\"><strong>WhatsApp: +86 17776015835<\/strong><\/span><\/h3>","protected":false},"featured_media":2105,"comment_status":"open","ping_status":"closed","template":"","meta":{"_uag_custom_page_level_css":"","_lmt_disableupdate":"no","_lmt_disable":"","site-sidebar-layout":"default","site-content-layout":"content-boxed-container","ast-site-content-layout":"normal-width-container","site-content-style":"boxed","site-sidebar-style":"unboxed","ast-global-header-display":"","ast-banner-title-visibility":"","ast-main-header-display":"","ast-hfb-above-header-display":"","ast-hfb-below-header-display":"","ast-hfb-mobile-header-display":"","site-post-title":"","ast-breadcrumbs-content":"","ast-featured-img":"","footer-sml-layout":"","theme-transparent-header-meta":"default","adv-header-id-meta":"","stick-header-meta":"","header-above-stick-meta":"","header-main-stick-meta":"","header-below-stick-meta":"","astra-migrate-meta-layouts":"set","ast-page-background-enabled":"default","ast-page-background-meta":{"desktop":{"background-color":"var(--ast-global-color-4)","background-image":"","background-repeat":"repeat","background-position":"center center","background-size":"auto","background-attachment":"scroll","background-type":"","background-media":"","overlay-type":"","overlay-color":"","overlay-opacity":"","overlay-gradient":""},"tablet":{"background-color":"","background-image":"","background-repeat":"repeat","background-position":"center center","background-size":"auto","background-attachment":"scroll","background-type":"","background-media":"","overlay-type":"","overlay-color":"","overlay-opacity":"","overlay-gradient":""},"mobile":{"background-color":"","background-image":"","background-repeat":"repeat","background-position":"center center","background-size":"auto","background-attachment":"scroll","background-type":"","background-media":"","overlay-type":"","overlay-color":"","overlay-opacity":"","overlay-gradient":""}},"ast-content-background-meta":{"desktop":{"background-color":"var(--ast-global-color-5)","background-image":"","background-repeat":"repeat","background-position":"center center","background-size":"auto","background-attachment":"scroll","background-type":"","background-media":"","overlay-type":"","overlay-color":"","overlay-opacity":"","overlay-gradient":""},"tablet":{"background-color":"var(--ast-global-color-5)","background-image":"","background-repeat":"repeat","background-position":"center center","background-size":"auto","background-attachment":"scroll","background-type":"","background-media":"","overlay-type":"","overlay-color":"","overlay-opacity":"","overlay-gradient":""},"mobile":{"background-color":"var(--ast-global-color-5)","background-image":"","background-repeat":"repeat","background-position":"center center","background-size":"auto","background-attachment":"scroll","background-type":"","background-media":"","overlay-type":"","overlay-color":"","overlay-opacity":"","overlay-gradient":""}},"_joinchat":[]},"product_brand":[],"product_cat":[60,289,291,292,293,295,299,273,279,256,25,123,26,28,135,27,137,136,15,30],"product_tag":[83,63,58,41,84,85,37],"class_list":{"0":"post-2107","1":"product","2":"type-product","3":"status-publish","4":"has-post-thumbnail","6":"product_cat-bang-vapes","7":"product_cat-big-puffs-disposable-vapes","8":"product_cat-dual-mesh-disposable-vapes","9":"product_cat-digital-disposable-vapes","10":"product_cat-low-nicotine-disposable-vapes","11":"product_cat-rechargeable-disposable-vapes","12":"product_cat-smart-screen-disposable-vapes","13":"product_cat-bang-box-vape","14":"product_cat-bang-king-vape","15":"product_cat-25000-puff-disposable-vape","16":"product_cat-germany-best-selling-vape","17":"product_cat-italy-wholesale-vape","18":"product_cat-netherlands-hot-sale-vape","19":"product_cat-poland-hot-sale-vape","20":"product_cat-spain-best-hot-sale-vape","21":"product_cat-fance-hot-sale-vape","22":"product_cat-rechargeable-vapes","23":"product_cat-smart-screen-vapes","24":"product_cat-new-vape-this-week","25":"product_cat-minimum-order-quantity-50pcs","26":"product_tag-bang-25000-puffs","27":"product_tag-bang-vapes","28":"product_tag-electric-cigarettes","29":"product_tag-original-factory-vape","30":"product_tag-rechargeable-disposable-vapes","31":"product_tag-smart-disposable-vape","32":"product_tag-wholesale-vape-price","33":"desktop-align-left","34":"tablet-align-left","35":"mobile-align-left","37":"first","38":"instock","39":"sale","40":"shipping-taxable","41":"purchasable","42":"product-type-simple"},"uagb_featured_image_src":{"full":["https:\/\/rmvapesale.com\/wp-content\/uploads\/2024\/09\/Bang-25000-Vape.png",788,788,false],"thumbnail":["https:\/\/rmvapesale.com\/wp-content\/uploads\/2024\/09\/Bang-25000-Vape-150x150.png",150,150,true],"medium":["https:\/\/rmvapesale.com\/wp-content\/uploads\/2024\/09\/Bang-25000-Vape-300x300.png",300,300,true],"medium_large":["https:\/\/rmvapesale.com\/wp-content\/uploads\/2024\/09\/Bang-25000-Vape-768x768.png",768,768,true],"large":["https:\/\/rmvapesale.com\/wp-content\/uploads\/2024\/09\/Bang-25000-Vape.png",788,788,false],"1536x1536":["https:\/\/rmvapesale.com\/wp-content\/uploads\/2024\/09\/Bang-25000-Vape.png",788,788,false],"2048x2048":["https:\/\/rmvapesale.com\/wp-content\/uploads\/2024\/09\/Bang-25000-Vape.png",788,788,false],"trp-custom-language-flag":["https:\/\/rmvapesale.com\/wp-content\/uploads\/2024\/09\/Bang-25000-Vape.png",12,12,false],"woocommerce_thumbnail":["https:\/\/rmvapesale.com\/wp-content\/uploads\/2024\/09\/Bang-25000-Vape-300x300.png",300,300,true],"woocommerce_single":["https:\/\/rmvapesale.com\/wp-content\/uploads\/2024\/09\/Bang-25000-Vape-600x600.png",600,600,true],"woocommerce_gallery_thumbnail":["https:\/\/rmvapesale.com\/wp-content\/uploads\/2024\/09\/Bang-25000-Vape-100x100.png",100,100,true],"wcpr-photo-reviews":["https:\/\/rmvapesale.com\/wp-content\/uploads\/2024\/09\/Bang-25000-Vape.png",500,500,false]},"uagb_author_info":{"display_name":"AMY","author_link":"https:\/\/rmvapesale.com\/lt\/author\/"},"uagb_comment_info":0,"uagb_excerpt":"Bang 25000 Puffs 0% 2% 3% 5% Low Nicotine Bulk Buy Bang 25000 25k Puffs Vape Original E-Cigarette Bang 25000 Hits Dual Pods Wholesale Contact Amy For More Discount And Lower MOQ Vape WhatsApp: +86 17776015835","_links":{"self":[{"href":"https:\/\/rmvapesale.com\/lt\/wp-json\/wp\/v2\/product\/2107","targetHints":{"allow":["GET"]}}],"collection":[{"href":"https:\/\/rmvapesale.com\/lt\/wp-json\/wp\/v2\/product"}],"about":[{"href":"https:\/\/rmvapesale.com\/lt\/wp-json\/wp\/v2\/types\/product"}],"replies":[{"embeddable":true,"href":"https:\/\/rmvapesale.com\/lt\/wp-json\/wp\/v2\/comments?post=2107"}],"wp:featuredmedia":[{"embeddable":true,"href":"https:\/\/rmvapesale.com\/lt\/wp-json\/wp\/v2\/media\/2105"}],"wp:attachment":[{"href":"https:\/\/rmvapesale.com\/lt\/wp-json\/wp\/v2\/media?parent=2107"}],"wp:term":[{"taxonomy":"product_brand","embeddable":true,"href":"https:\/\/rmvapesale.com\/lt\/wp-json\/wp\/v2\/product_brand?post=2107"},{"taxonomy":"product_cat","embeddable":true,"href":"https:\/\/rmvapesale.com\/lt\/wp-json\/wp\/v2\/product_cat?post=2107"},{"taxonomy":"product_tag","embeddable":true,"href":"https:\/\/rmvapesale.com\/lt\/wp-json\/wp\/v2\/product_tag?post=2107"}],"curies":[{"name":"wp","href":"https:\/\/api.w.org\/{rel}","templated":true}]}}