{"id":2108,"date":"2024-09-23T05:35:29","date_gmt":"2024-09-23T05:35:29","guid":{"rendered":"https:\/\/rmvapesale.com\/?post_type=product&#038;p=2108"},"modified":"2025-01-21T09:19:25","modified_gmt":"2025-01-21T09:19:25","slug":"bang-king-25000-puffs-vape-double-pods-12-flavors-wholesale","status":"publish","type":"product","link":"https:\/\/rmvapesale.com\/lt\/product\/bang-king-25000-puffs-vape-double-pods-12-flavors-wholesale\/","title":{"rendered":"Bang King 25000 \u012ftraukim\u0173 garintuvas su dvigubais lizdais, 12 skoni\u0173 didmenin\u0117 prekyba"},"content":{"rendered":"<div class=\"B2VR9 CJHX3e\">\n<div class=\"wyccme\">\n<h1>Bang King 25000 \u012ftraukim\u0173 garintuvas su dvigubais lizdais, 12 skoni\u0173 didmenin\u0117 prekyba<\/h1>\n<p>Patirkite auk\u0161\u010diausi\u0105 vaping patirt\u012f su Bang King 25000, auk\u0161tos kokyb\u0117s vienkartiniu vape, sukurtu tiems, kurie vertina patogum\u0105, i\u0161skirtin\u012f skon\u012f ir \u012fsp\u016bding\u0105 25 000 p\u016btim\u0173 kiekviename \u012frenginyje. Jo eleganti\u0161kas, modernus dizainas daro j\u012f tobuluoju palydovu auk\u0161tesnei vaping patir\u010diai keliaujant.<\/p>\n<p>\u0160is Bang King 25000 komplektuojamas su dviem podais, kiekvienas suteikiantis 12 500 p\u016btim\u0173, leid\u017eian\u010di\u0173 lengvai keisti ir t\u0119sti vaping be pertraukos. Be to, galite pasirinkti nikotino stiprumus i\u0161 0%, 2%, 3% ir 5%, kad pritaikytum\u0117te vaping patirt\u012f pagal savo pageidavimus.<\/p>\n<p>Pakelkite savo vaping patirt\u012f su Bang King 25000 P\u016btim\u0173, kur inovacija susitinka su pasitenkinimu. Tobulas vapers, ie\u0161kantiems tiek na\u0161umo, tiek skonio, \u0161is vienkartinis vape pod \u012frenginys yra sukurtas pagerinti kiekvien\u0105 akimirk\u0105.<\/p>\n<\/div>\n<\/div>\n<p>&nbsp;<\/p>\n<p><strong>Susisiekite su Amy, kad gautum\u0117te teising\u0105 atsakym\u0105 ir daugiau produkt\u0173 vaizdo \u012fra\u0161\u0173!<\/strong><\/p>\n<p><img loading=\"lazy\" decoding=\"async\" class=\"size-full wp-image-1978\" src=\"https:\/\/rmvapesale.com\/wp-content\/uploads\/2024\/09\/Disposable-Vape-Wholesale.jpg\" alt=\"Vienkartinis garintuvas didmenin\u0117 prekyba\" width=\"229\" height=\"300\" \/><\/p>\n<h3><span style=\"color: #ff0000\"><strong>WhatsApp: +86 17776015835<\/strong><\/span><\/h3>\n<p>&nbsp;<\/p>\n<h2><\/h2>\n<h2><strong>Bang King 25000 Pagrindin\u0117s savyb\u0117s<\/strong><\/h2>\n<p>&nbsp;<\/p>\n<p>Nikotinas: 0% 2% 3% 5%<br \/>\nP\u016btimai: 25000<br \/>\nTalpa: 23ml+23ml Dvigubas Podas<br \/>\nGalimi 12 skoni\u0173<br \/>\n1.0 om\u0173 Dviguba Tinklelis<br \/>\n650mah \u012fkraunama<\/p>\n<h2><\/h2>\n<h2><\/h2>\n<h2><strong>Geriausias skonis Bang King 25000 P\u016btimams<\/strong><\/h2>\n<p>Bang King 25000 vienkartinis vape podas su 12 skoni\u0173, kiekvienas sukurtas si\u016blyti i\u0161skirtin\u0119 ir patenkinan\u010di\u0105 vaping patirt\u012f, tikrai rasite tai, kas jums labiausiai tinka!<\/p>\n<p>1. M\u0117lyni\u0173 avie\u010di\u0173 ledas<span style=\"color: #ff0000\"><strong>&gt;&gt;&gt;&gt;Geriausias!<\/strong><\/span><br \/>\n2. Sultingas persik\u0173 ledas<br \/>\n3. Bra\u0161ki\u0173 arb\u016bzas<br \/>\n4. Arb\u016bz\u0173 ledas<br \/>\n5. Bra\u0161k\u0117 Banana<br \/>\n6. R\u016bg\u0161\u010diosios Obuolio Ledas<span style=\"color: #ff0000\"><strong>&gt;&gt;&gt;&gt;Kar\u0161ta!<\/strong><\/span><br \/>\n7. Triple uog\u0173 Ledas<br \/>\n8. Tropinis vaisius<br \/>\n9. Vy\u0161nios sprogimas<br \/>\n10. Vynuog\u0117s Ledas<span style=\"color: #ff0000\"><strong>&gt;&gt;&gt;&gt;Kar\u0161ta!<\/strong><\/span><br \/>\n11. Persiko Mango<br \/>\n12. Bra\u0161k\u0117 mangas<\/p>\n<p>&nbsp;<\/p>\n<figure id=\"attachment_2112\" aria-describedby=\"caption-attachment-2112\" style=\"width: 300px\" class=\"wp-caption alignnone\"><img loading=\"lazy\" decoding=\"async\" class=\"size-medium wp-image-2112\" src=\"https:\/\/rmvapesale.com\/wp-content\/uploads\/2024\/09\/Bang-King-25000-Puffs-Double-Pod-300x291.jpg\" alt=\"Bang King 25000 P\u016btim\u0173 Dvigubas Podas\" width=\"300\" height=\"291\" srcset=\"https:\/\/rmvapesale.com\/wp-content\/uploads\/2024\/09\/Bang-King-25000-Puffs-Double-Pod-300x291.jpg 300w, https:\/\/rmvapesale.com\/wp-content\/uploads\/2024\/09\/Bang-King-25000-Puffs-Double-Pod-768x746.jpg 768w, https:\/\/rmvapesale.com\/wp-content\/uploads\/2024\/09\/Bang-King-25000-Puffs-Double-Pod-600x582.jpg 600w, https:\/\/rmvapesale.com\/wp-content\/uploads\/2024\/09\/Bang-King-25000-Puffs-Double-Pod.jpg 788w\" sizes=\"auto, (max-width: 300px) 100vw, 300px\" \/><figcaption id=\"caption-attachment-2112\" class=\"wp-caption-text\">Bang King 25000 P\u016btim\u0173 Dvigubas Podas<\/figcaption><\/figure>\n<h2><strong>Klausimai, kuriuos galb\u016bt nor\u0117tum\u0117te \u017einoti apie Bang King 25k P\u016btimus <\/strong><\/h2>\n<p>&nbsp;<\/p>\n<p><strong>1. Kiek nikotino yra Bang King 25000?<\/strong><br \/>\nBang King 25000 turi nikotino drusk\u0173 0%, 2%, 3% ir 5%. Naudojant pa\u017eangi\u0105 tinklelio rit\u0117s technologij\u0105, jis si\u016blo auk\u0161\u010diausios kokyb\u0117s gar\u0173 patirt\u012f, piln\u0105 turtingo skonio.<\/p>\n<p><strong>2. Ar BangKing 25000 vape yra \u012fkraunamas?<\/strong><br \/>\nTaip, Bang King 25000 turi 650 mAh \u012fkraunam\u0105 baterij\u0105, u\u017etikrinan\u010di\u0105 ilgalaik\u012f malonum\u0105.<\/p>\n<p><strong>3. Kiek \u012fkv\u0117pim\u0173 galite gauti i\u0161 Bang King 25000?<\/strong><br \/>\nBang King 25000 suteikia apie 25000 \u012fkv\u0117pim\u0173, priklausomai nuo naudojimo, ir yra 12 skoni\u0173.<\/p>\n<p><strong>4. Kiek laiko u\u017etrunka \u012fkrauti Bang King 25000?<\/strong><br \/>\nBang King 25000 gali b\u016bti visi\u0161kai \u012fkrautas per tik 30 iki 35 minu\u010di\u0173, u\u017etikrinant greit\u0105 paruo\u0161im\u0105 naudoti.<\/p>\n<p>&nbsp;<\/p>\n<h3><b>DUK<\/b><\/h3>\n<p>&nbsp;<\/p>\n<div class=\"flex-shrink-0 flex flex-col relative items-end\">\n<div>\n<div class=\"pt-0\">\n<div class=\"gizmo-bot-avatar flex h-8 w-8 items-center justify-center overflow-hidden rounded-full\">\n<div class=\"relative p-1 rounded-sm flex items-center justify-center bg-token-main-surface-primary text-token-text-primary h-8 w-8\"><strong>Kokie pristatymo b\u016bdai naudojami?<\/strong><\/div>\n<\/div>\n<\/div>\n<\/div>\n<\/div>\n<div class=\"group\/conversation-turn relative flex w-full min-w-0 flex-col agent-turn\">\n<div class=\"flex-col gap-1 md:gap-3\">\n<div class=\"flex max-w-full flex-col flex-grow\">\n<div class=\"min-h-[20px] text-message flex w-full flex-col items-end gap-2 whitespace-normal break-words [.text-message+&amp;]:mt-5 overflow-x-auto\" dir=\"auto\" data-message-author-role=\"assistant\" data-message-id=\"22f8283b-3233-46ff-89a5-c7a41b33abda\">\n<div class=\"flex w-full flex-col gap-1 empty:hidden first:pt-[3px]\">\n<div class=\"markdown prose w-full break-words dark:prose-invert light\">\n<p>Mes bendradarbiaujame su UPS, DHL, FedEx, DPD ir kitais pirmaujan\u010diais ve\u017e\u0117jais. Mes parinksime geriausi\u0105 siuntimo b\u016bd\u0105, atsi\u017evelgdami \u012f j\u016bs\u0173 pristatymo viet\u0105, kad u\u017etikrintume, jog gaminiai jus pasieks kuo grei\u010diau.<\/p>\n<\/div>\n<p><strong>Per kiek laiko atvyksta?<\/strong><\/p>\n<p>\u012e Lietuv\u0105 siun\u010diami siuntiniai paprastai atvyksta per 10 darbo dien\u0173. Siuntimas \u012f Europos \u0161alis paprastai trunka apie 12\u201315 darbo dien\u0173. Mes teikiame realiuoju laiku atnaujinam\u0105 informacij\u0105 apie j\u016bs\u0173 siuntos b\u016bsen\u0105.<\/p>\n<\/div>\n<p><strong>Garantija<\/strong><\/p>\n<p><span style=\"color: #ff0000\"><strong>Visos m\u016bs\u0173 parduotuv\u0117s prek\u0117s yra 100% originalios ir autenti\u0161kos. U\u017e padirbtas prekes si\u016blome 10 kart\u0173 didesn\u0119 kompensacij\u0105!<\/strong><\/span><\/p>\n<div class=\"flex w-full flex-col gap-1 empty:hidden first:pt-[3px]\">\n<p>&nbsp;<\/p>\n<\/div>\n<\/div>\n<\/div>\n<\/div>\n<\/div>\n<p>&nbsp;<\/p>\n<p>Kiti populiar\u016bs garintuvai, kurie jums gali patikti:<\/p>\n<p><strong><a href=\"https:\/\/rmvapesale.com\/lt\/product\/wga-crystal-plus-20000-puff-dual-flavour-disposable-vape\/\">Bang King 30000 \u012fkv\u0117pim\u0173<\/a><\/strong><\/p>\n<p><a href=\"https:\/\/rmvapesale.com\/lt\/product\/bang-20000-puffs-disposable-vape-wholesale-supplier\/\"><strong>Bang Box Garintuvas 20000 \u012ekv\u0117pim\u0173<\/strong><\/a><\/p>\n<p><a href=\"https:\/\/rmvapesale.com\/lt\/product\/wga-crystal-pro-max-extra-15k-puffs-disposable-vape-wholesale\/\"><strong>WGA Crystal Pro Max Extra 15000<\/strong><\/a><\/p>\n<p>&nbsp;<\/p>\n<p>&nbsp;<\/p>\n<p>Raskite daugiau garintuv\u0173, kurie jums gali patikti:<strong><em><a href=\"https:\/\/rmvapesale.com\/lt\/shop-2\/\">pirkti dabar &gt;&gt;&gt;<\/a><\/em><\/strong><\/p>","protected":false},"excerpt":{"rendered":"<p>Bang King 25000 R\u016b\u0161i\u0173 0% 2% 3% 5% Nikotino Didmenin\u0117 prekyba<br \/>\nPuff 25k Bang King 25000 R\u016b\u0161i\u0173 Vienkartinis Vape<br \/>\nBang King 25000 R\u016b\u0161i\u0173 Vape Vienkartin\u0117s Elektronin\u0117s Cigaret\u0117s Dvigubi Podai<\/p>\n<p><strong>Susisiekite su Amy d\u0117l daugiau nuolaid\u0173 ir ma\u017eesnio minimalaus u\u017esakymo kiekio garintuvo<\/strong><\/p>\n<p><img loading=\"lazy\" decoding=\"async\" class=\"size-full wp-image-1978\" src=\"https:\/\/rmvapesale.com\/wp-content\/uploads\/2024\/09\/Disposable-Vape-Wholesale.jpg\" alt=\"Vienkartinis garintuvas didmenin\u0117 prekyba\" width=\"229\" height=\"300\" \/><\/p>\n<h3><span style=\"color: #ff0000\"><strong>WhatsApp: +86 17776015835<\/strong><\/span><\/h3>","protected":false},"featured_media":2114,"comment_status":"open","ping_status":"closed","template":"","meta":{"_uag_custom_page_level_css":"","_lmt_disableupdate":"no","_lmt_disable":"","site-sidebar-layout":"default","site-content-layout":"content-boxed-container","ast-site-content-layout":"normal-width-container","site-content-style":"boxed","site-sidebar-style":"unboxed","ast-global-header-display":"","ast-banner-title-visibility":"","ast-main-header-display":"","ast-hfb-above-header-display":"","ast-hfb-below-header-display":"","ast-hfb-mobile-header-display":"","site-post-title":"","ast-breadcrumbs-content":"","ast-featured-img":"","footer-sml-layout":"","theme-transparent-header-meta":"default","adv-header-id-meta":"","stick-header-meta":"","header-above-stick-meta":"","header-main-stick-meta":"","header-below-stick-meta":"","astra-migrate-meta-layouts":"set","ast-page-background-enabled":"default","ast-page-background-meta":{"desktop":{"background-color":"var(--ast-global-color-4)","background-image":"","background-repeat":"repeat","background-position":"center center","background-size":"auto","background-attachment":"scroll","background-type":"","background-media":"","overlay-type":"","overlay-color":"","overlay-opacity":"","overlay-gradient":""},"tablet":{"background-color":"","background-image":"","background-repeat":"repeat","background-position":"center center","background-size":"auto","background-attachment":"scroll","background-type":"","background-media":"","overlay-type":"","overlay-color":"","overlay-opacity":"","overlay-gradient":""},"mobile":{"background-color":"","background-image":"","background-repeat":"repeat","background-position":"center center","background-size":"auto","background-attachment":"scroll","background-type":"","background-media":"","overlay-type":"","overlay-color":"","overlay-opacity":"","overlay-gradient":""}},"ast-content-background-meta":{"desktop":{"background-color":"var(--ast-global-color-5)","background-image":"","background-repeat":"repeat","background-position":"center center","background-size":"auto","background-attachment":"scroll","background-type":"","background-media":"","overlay-type":"","overlay-color":"","overlay-opacity":"","overlay-gradient":""},"tablet":{"background-color":"var(--ast-global-color-5)","background-image":"","background-repeat":"repeat","background-position":"center center","background-size":"auto","background-attachment":"scroll","background-type":"","background-media":"","overlay-type":"","overlay-color":"","overlay-opacity":"","overlay-gradient":""},"mobile":{"background-color":"var(--ast-global-color-5)","background-image":"","background-repeat":"repeat","background-position":"center center","background-size":"auto","background-attachment":"scroll","background-type":"","background-media":"","overlay-type":"","overlay-color":"","overlay-opacity":"","overlay-gradient":""}},"_joinchat":[]},"product_brand":[],"product_cat":[15,289,291,293,295,299,273,279,256,25,123,26,28,135,27,60,137,136,30],"product_tag":[86,76,57,58,87],"class_list":{"0":"post-2108","1":"product","2":"type-product","3":"status-publish","4":"has-post-thumbnail","6":"product_cat-new-vape-this-week","7":"product_cat-big-puffs-disposable-vapes","8":"product_cat-dual-mesh-disposable-vapes","9":"product_cat-low-nicotine-disposable-vapes","10":"product_cat-rechargeable-disposable-vapes","11":"product_cat-smart-screen-disposable-vapes","12":"product_cat-bang-box-vape","13":"product_cat-bang-king-vape","14":"product_cat-25000-puff-disposable-vape","15":"product_cat-germany-best-selling-vape","16":"product_cat-italy-wholesale-vape","17":"product_cat-netherlands-hot-sale-vape","18":"product_cat-poland-hot-sale-vape","19":"product_cat-spain-best-hot-sale-vape","20":"product_cat-fance-hot-sale-vape","21":"product_cat-bang-vapes","22":"product_cat-rechargeable-vapes","23":"product_cat-smart-screen-vapes","24":"product_cat-minimum-order-quantity-50pcs","25":"product_tag-bang-king-25000","26":"product_tag-bang-king-vape","27":"product_tag-disposable-vape-wholesale-supplier","28":"product_tag-electric-cigarettes","29":"product_tag-puff-25k","30":"desktop-align-left","31":"tablet-align-left","32":"mobile-align-left","34":"first","35":"instock","36":"sale","37":"shipping-taxable","38":"purchasable","39":"product-type-simple"},"uagb_featured_image_src":{"full":["https:\/\/rmvapesale.com\/wp-content\/uploads\/2024\/09\/Bang-King-25000-Puffs-Wholesale.jpg",788,788,false],"thumbnail":["https:\/\/rmvapesale.com\/wp-content\/uploads\/2024\/09\/Bang-King-25000-Puffs-Wholesale-150x150.jpg",150,150,true],"medium":["https:\/\/rmvapesale.com\/wp-content\/uploads\/2024\/09\/Bang-King-25000-Puffs-Wholesale-300x300.jpg",300,300,true],"medium_large":["https:\/\/rmvapesale.com\/wp-content\/uploads\/2024\/09\/Bang-King-25000-Puffs-Wholesale-768x768.jpg",768,768,true],"large":["https:\/\/rmvapesale.com\/wp-content\/uploads\/2024\/09\/Bang-King-25000-Puffs-Wholesale.jpg",788,788,false],"1536x1536":["https:\/\/rmvapesale.com\/wp-content\/uploads\/2024\/09\/Bang-King-25000-Puffs-Wholesale.jpg",788,788,false],"2048x2048":["https:\/\/rmvapesale.com\/wp-content\/uploads\/2024\/09\/Bang-King-25000-Puffs-Wholesale.jpg",788,788,false],"trp-custom-language-flag":["https:\/\/rmvapesale.com\/wp-content\/uploads\/2024\/09\/Bang-King-25000-Puffs-Wholesale.jpg",12,12,false],"woocommerce_thumbnail":["https:\/\/rmvapesale.com\/wp-content\/uploads\/2024\/09\/Bang-King-25000-Puffs-Wholesale-300x300.jpg",300,300,true],"woocommerce_single":["https:\/\/rmvapesale.com\/wp-content\/uploads\/2024\/09\/Bang-King-25000-Puffs-Wholesale-600x600.jpg",600,600,true],"woocommerce_gallery_thumbnail":["https:\/\/rmvapesale.com\/wp-content\/uploads\/2024\/09\/Bang-King-25000-Puffs-Wholesale-100x100.jpg",100,100,true],"wcpr-photo-reviews":["https:\/\/rmvapesale.com\/wp-content\/uploads\/2024\/09\/Bang-King-25000-Puffs-Wholesale.jpg",500,500,false]},"uagb_author_info":{"display_name":"AMY","author_link":"https:\/\/rmvapesale.com\/lt\/author\/"},"uagb_comment_info":0,"uagb_excerpt":"Bang King 25000 Puffs 0% 2% 3% 5% Nicotine Wholesale Puff 25k Bang King 25000 Puffs Disposable Vape Bang King 25000 Puffs Vape Disposable E Cigarettes Dual Pod Contact Amy For More Discount And Lower MOQ Vape WhatsApp: +86 17776015835","_links":{"self":[{"href":"https:\/\/rmvapesale.com\/lt\/wp-json\/wp\/v2\/product\/2108","targetHints":{"allow":["GET"]}}],"collection":[{"href":"https:\/\/rmvapesale.com\/lt\/wp-json\/wp\/v2\/product"}],"about":[{"href":"https:\/\/rmvapesale.com\/lt\/wp-json\/wp\/v2\/types\/product"}],"replies":[{"embeddable":true,"href":"https:\/\/rmvapesale.com\/lt\/wp-json\/wp\/v2\/comments?post=2108"}],"wp:featuredmedia":[{"embeddable":true,"href":"https:\/\/rmvapesale.com\/lt\/wp-json\/wp\/v2\/media\/2114"}],"wp:attachment":[{"href":"https:\/\/rmvapesale.com\/lt\/wp-json\/wp\/v2\/media?parent=2108"}],"wp:term":[{"taxonomy":"product_brand","embeddable":true,"href":"https:\/\/rmvapesale.com\/lt\/wp-json\/wp\/v2\/product_brand?post=2108"},{"taxonomy":"product_cat","embeddable":true,"href":"https:\/\/rmvapesale.com\/lt\/wp-json\/wp\/v2\/product_cat?post=2108"},{"taxonomy":"product_tag","embeddable":true,"href":"https:\/\/rmvapesale.com\/lt\/wp-json\/wp\/v2\/product_tag?post=2108"}],"curies":[{"name":"wp","href":"https:\/\/api.w.org\/{rel}","templated":true}]}}