{"id":2126,"date":"2024-09-23T08:07:35","date_gmt":"2024-09-23T08:07:35","guid":{"rendered":"https:\/\/rmvapesale.com\/?post_type=product&#038;p=2126"},"modified":"2025-01-21T09:20:36","modified_gmt":"2025-01-21T09:20:36","slug":"bang-beach-20000-puffs-vape-smart-screen-disposable-e-cig","status":"publish","type":"product","link":"https:\/\/rmvapesale.com\/lt\/product\/bang-beach-20000-puffs-vape-smart-screen-disposable-e-cig\/","title":{"rendered":"Bang Beach 20000 \u012ftraukim\u0173 garintuvas su i\u0161maniuoju ekranu, vienkartin\u0117 elektronin\u0117 cigaret\u0117"},"content":{"rendered":"<div class=\"B2VR9 CJHX3e\">\n<div class=\"wyccme\">\n<h1>Bang Beach 20000 Puffs Vape i\u0161manusis ekranas vienkartin\u0117s elektronin\u0117s cigaret\u0117s<\/h1>\n<p>Pagerinkite savo garinimo patirt\u012f su Bang Beach 20000 vienkartiniu garintuvu, sukurtu tiems, kurie trok\u0161ta ilgesnio malonumo be nuolatinio keitimo vargo. Bang Beach 20000, su \u012fsp\u016bdingu 20 000 \u012fkv\u0117pim\u0173 skai\u010diumi, u\u017etikrina, kad gal\u0117site m\u0117gautis m\u0117gstamais skoniais ilgiau, tod\u0117l tai puikus kompanionas bet kokiai i\u0161vykai. Taip pat pritaikykite savo patirt\u012f pasirinkdami 0%, 2%, 3% ir 5% nikotino stiprum\u0105, atsi\u017evelgdami \u012f visus pageidavimus \u2013 nesvarbu, ar ie\u0161kote nikotino, ar sklandesn\u0117s patirties.<\/p>\n<p>Be to, \u0161is vienkartinis garintuvas turi LED ekran\u0105, kuris realiuoju laiku teikia informacij\u0105 apie baterijos veikimo laik\u0105 ir e-skys\u010dio lyg\u012f, tod\u0117l visada gal\u0117site visk\u0105 kontroliuoti.<\/p>\n<p>Atraskite nauj\u0105 garinimo standart\u0105 su Bang Beach 20000 vienkartiniu garintuvu \u2013 kur patogumas dera su na\u0161umu, o kiekvienas \u012fkv\u0117pimas yra malonumas!<\/p>\n<\/div>\n<\/div>\n<p>&nbsp;<\/p>\n<p><strong>Susisiekite su Amy, kad gautum\u0117te teising\u0105 atsakym\u0105 ir daugiau produkt\u0173 vaizdo \u012fra\u0161\u0173!<\/strong><\/p>\n<p><img loading=\"lazy\" decoding=\"async\" class=\"size-full wp-image-1978\" src=\"https:\/\/rmvapesale.com\/wp-content\/uploads\/2024\/09\/Disposable-Vape-Wholesale.jpg\" alt=\"Vienkartinis garintuvas didmenin\u0117 prekyba\" width=\"229\" height=\"300\" \/><\/p>\n<h3><span style=\"color: #ff0000\"><strong>WhatsApp: +86 17776015835<\/strong><\/span><\/h3>\n<p>&nbsp;<\/p>\n<h2><\/h2>\n<h2><strong>Bang Beach 20000 Puffs pagrindin\u0117s savyb\u0117s<\/strong><\/h2>\n<p>&nbsp;<\/p>\n<p>Nikotinas: 0% 2% 3% 5%<br \/>\n\u012ekv\u0117pimai: 20000<br \/>\nTalpa: 35ml<br \/>\nGalimi 12 skoni\u0173<br \/>\nDvigubas tinklelis<br \/>\n650mah \u012fkraunama<br \/>\nAlyvos ekranas<br \/>\nMaitinimo ekranas<\/p>\n<h2><\/h2>\n<h2><\/h2>\n<h2><strong>Geriausias Bang Beach 20000 garintuvo skonis<\/strong><\/h2>\n<p>Bang Beach 20000 vienkartinis garintuvas, turintis 12 skoni\u0173, kuri\u0173 kiekvienas sukurtas taip, kad pasi\u016blyt\u0173 savit\u0105 ir maloni\u0105 garinimo patirt\u012f, tikrai rasite sau tinkamiausi\u0105!<\/p>\n<p>1. Persik\u0173 Mangas<br \/>\n2. Uog\u0173 Mi\u0161inys<span style=\"color: #ff0000\"><strong>&gt;&gt;&gt;&gt;Kar\u0161ta!<\/strong><\/span><br \/>\n3. Ro\u017einis limonadas<br \/>\n4. Bra\u0161ki\u0173 Arb\u016bzas<br \/>\n5.Arb\u016bzas Ledas<br \/>\n6. Vynuogi\u0173 ledas<br \/>\n7. M\u0117lynasis brazz ledas<br \/>\n8.Bra\u0161ki\u0173 ledas<span style=\"color: #ff0000\"><strong>&gt;&gt;&gt;&gt;Geriausias!<\/strong><\/span><br \/>\n9. Trigub\u0173 uog\u0173 ledas<br \/>\n10.M\u0117lyni\u0173 Avie\u010di\u0173<br \/>\n11.Persik\u0173 Ledas<br \/>\n12.R\u016bg\u0161\u010di\u0173 obuoli\u0173<span style=\"color: #ff0000\"><strong>&gt;&gt;&gt;&gt;Kar\u0161ta!<\/strong><\/span><\/p>\n<p>&nbsp;<\/p>\n<h2><strong>Klausimai, kuriuos galb\u016bt nor\u0117site \u017einoti apie Bang Beach 20000<\/strong><\/h2>\n<p>&nbsp;<\/p>\n<p><strong>1. Kiek nikotino yra Bang Beach 20000?<\/strong><br \/>\nBang Beach 20000 turi 0%, 2%, 3% ir 5% nikotino druskos. Su pa\u017eangia tinklelio rit\u0117s technologija, jis si\u016blo puiki\u0105 gar\u0173 patirt\u012f, pripildyt\u0105 sodriu skoniu.<\/p>\n<p><strong>2. Ar Bang Beach 20000 garintuvai yra \u012fkraunami?<\/strong><br \/>\nTaip, Bang Beach 20000 turi 650 mAh \u012fkraunam\u0105 baterij\u0105, u\u017etikrinan\u010di\u0105 ilgalaik\u012f malonum\u0105.<\/p>\n<p><strong>3. Kiek \u012fkv\u0117pim\u0173 galima gauti i\u0161 Bang Beach 20000?<\/strong><br \/>\nBang Beach 20000 suteikia apie 20000 \u012fkv\u0117pim\u0173, priklausomai nuo naudojimo, ir yra 12 skoni\u0173.<\/p>\n<p><strong>4. Kiek laiko u\u017etrunka \u012fkrauti Bang Beach 20000?<\/strong><br \/>\nBang Beach 20000 galima visi\u0161kai \u012fkrauti vos per 30\u201335 minutes, u\u017etikrinant greit\u0105 pasirengim\u0105 naudoti.<\/p>\n<p>&nbsp;<\/p>\n<h3><b>DUK<\/b><\/h3>\n<p>&nbsp;<\/p>\n<div class=\"flex-shrink-0 flex flex-col relative items-end\">\n<div>\n<div class=\"pt-0\">\n<div class=\"gizmo-bot-avatar flex h-8 w-8 items-center justify-center overflow-hidden rounded-full\">\n<div class=\"relative p-1 rounded-sm flex items-center justify-center bg-token-main-surface-primary text-token-text-primary h-8 w-8\"><strong>Kokie pristatymo b\u016bdai naudojami?<\/strong><\/div>\n<\/div>\n<\/div>\n<\/div>\n<\/div>\n<div class=\"group\/conversation-turn relative flex w-full min-w-0 flex-col agent-turn\">\n<div class=\"flex-col gap-1 md:gap-3\">\n<div class=\"flex max-w-full flex-col flex-grow\">\n<div class=\"min-h-[20px] text-message flex w-full flex-col items-end gap-2 whitespace-normal break-words [.text-message+&amp;]:mt-5 overflow-x-auto\" dir=\"auto\" data-message-author-role=\"assistant\" data-message-id=\"22f8283b-3233-46ff-89a5-c7a41b33abda\">\n<div class=\"flex w-full flex-col gap-1 empty:hidden first:pt-[3px]\">\n<div class=\"markdown prose w-full break-words dark:prose-invert light\">\n<p>Mes bendradarbiaujame su UPS, DHL, FedEx, DPD ir kitais pirmaujan\u010diais ve\u017e\u0117jais. Mes parinksime geriausi\u0105 siuntimo b\u016bd\u0105, atsi\u017evelgdami \u012f j\u016bs\u0173 pristatymo viet\u0105, kad u\u017etikrintume, jog gaminiai jus pasieks kuo grei\u010diau.<\/p>\n<\/div>\n<p><strong>Per kiek laiko atvyksta?<\/strong><\/p>\n<p>\u012e Lietuv\u0105 siun\u010diami siuntiniai paprastai atvyksta per 10 darbo dien\u0173. Siuntimas \u012f Europos \u0161alis paprastai trunka apie 12\u201315 darbo dien\u0173. Mes teikiame realiuoju laiku atnaujinam\u0105 informacij\u0105 apie j\u016bs\u0173 siuntos b\u016bsen\u0105.<\/p>\n<\/div>\n<p><strong>Garantija<\/strong><\/p>\n<p><span style=\"color: #ff0000\"><strong>Visos m\u016bs\u0173 parduotuv\u0117s prek\u0117s yra 100% originalios ir autenti\u0161kos. U\u017e padirbtas prekes si\u016blome 10 kart\u0173 didesn\u0119 kompensacij\u0105!<\/strong><\/span><\/p>\n<div class=\"flex w-full flex-col gap-1 empty:hidden first:pt-[3px]\">\n<p>&nbsp;<\/p>\n<\/div>\n<\/div>\n<\/div>\n<\/div>\n<\/div>\n<p>&nbsp;<\/p>\n<p>Kiti populiar\u016bs garintuvai, kurie jums gali patikti:<\/p>\n<p><strong><a href=\"https:\/\/rmvapesale.com\/lt\/product\/wga-crystal-plus-20000-puff-dual-flavour-disposable-vape\/\">Bang King 30000 \u012fkv\u0117pim\u0173<\/a><\/strong><\/p>\n<p><a href=\"https:\/\/rmvapesale.com\/lt\/product\/bang-20000-puffs-disposable-vape-wholesale-supplier\/\"><strong>WGA Crystal Plus Smart 16000 \u012ftraukim\u0173<\/strong><\/a><\/p>\n<p><a href=\"https:\/\/rmvapesale.com\/lt\/product\/wga-crystal-pro-max-extra-15k-puffs-disposable-vape-wholesale\/\"><strong>Bang 25000 \u012fkv\u0117pim\u0173<\/strong><\/a><\/p>\n<p>&nbsp;<\/p>\n<p>&nbsp;<\/p>\n<p>Raskite daugiau garintuv\u0173, kurie jums gali patikti:<strong><em><a href=\"https:\/\/rmvapesale.com\/lt\/shop-2\/\">pirkti dabar &gt;&gt;&gt;<\/a><\/em><\/strong><\/p>","protected":false},"excerpt":{"rendered":"<p>Bang Vape Beach 20000 Puffs vis\u0173 skoni\u0173 didmenin\u0117 prekyba<br \/>\nBANG BEACH 20000 PUFFS 0% 2% 3% 5% nikotinas<br \/>\nBang Beach 20000 Puff vienkartini\u0173 gar\u0173 didmenin\u0117 prekyba<\/p>\n<p><strong>Susisiekite su Amy d\u0117l daugiau nuolaid\u0173 ir ma\u017eesnio minimalaus u\u017esakymo kiekio garintuvo<\/strong><\/p>\n<p><img loading=\"lazy\" decoding=\"async\" class=\"size-full wp-image-1978\" src=\"https:\/\/rmvapesale.com\/wp-content\/uploads\/2024\/09\/Disposable-Vape-Wholesale.jpg\" alt=\"Vienkartinis garintuvas didmenin\u0117 prekyba\" width=\"229\" height=\"300\" \/><\/p>\n<h3><span style=\"color: #ff0000\"><strong>WhatsApp: +86 17776015835<\/strong><\/span><\/h3>","protected":false},"featured_media":2122,"comment_status":"open","ping_status":"closed","template":"","meta":{"_uag_custom_page_level_css":"","_lmt_disableupdate":"no","_lmt_disable":"","site-sidebar-layout":"default","site-content-layout":"content-boxed-container","ast-site-content-layout":"normal-width-container","site-content-style":"boxed","site-sidebar-style":"unboxed","ast-global-header-display":"","ast-banner-title-visibility":"","ast-main-header-display":"","ast-hfb-above-header-display":"","ast-hfb-below-header-display":"","ast-hfb-mobile-header-display":"","site-post-title":"","ast-breadcrumbs-content":"","ast-featured-img":"","footer-sml-layout":"","theme-transparent-header-meta":"default","adv-header-id-meta":"","stick-header-meta":"","header-above-stick-meta":"","header-main-stick-meta":"","header-below-stick-meta":"","astra-migrate-meta-layouts":"set","ast-page-background-enabled":"default","ast-page-background-meta":{"desktop":{"background-color":"var(--ast-global-color-4)","background-image":"","background-repeat":"repeat","background-position":"center center","background-size":"auto","background-attachment":"scroll","background-type":"","background-media":"","overlay-type":"","overlay-color":"","overlay-opacity":"","overlay-gradient":""},"tablet":{"background-color":"","background-image":"","background-repeat":"repeat","background-position":"center center","background-size":"auto","background-attachment":"scroll","background-type":"","background-media":"","overlay-type":"","overlay-color":"","overlay-opacity":"","overlay-gradient":""},"mobile":{"background-color":"","background-image":"","background-repeat":"repeat","background-position":"center center","background-size":"auto","background-attachment":"scroll","background-type":"","background-media":"","overlay-type":"","overlay-color":"","overlay-opacity":"","overlay-gradient":""}},"ast-content-background-meta":{"desktop":{"background-color":"var(--ast-global-color-5)","background-image":"","background-repeat":"repeat","background-position":"center center","background-size":"auto","background-attachment":"scroll","background-type":"","background-media":"","overlay-type":"","overlay-color":"","overlay-opacity":"","overlay-gradient":""},"tablet":{"background-color":"var(--ast-global-color-5)","background-image":"","background-repeat":"repeat","background-position":"center center","background-size":"auto","background-attachment":"scroll","background-type":"","background-media":"","overlay-type":"","overlay-color":"","overlay-opacity":"","overlay-gradient":""},"mobile":{"background-color":"var(--ast-global-color-5)","background-image":"","background-repeat":"repeat","background-position":"center center","background-size":"auto","background-attachment":"scroll","background-type":"","background-media":"","overlay-type":"","overlay-color":"","overlay-opacity":"","overlay-gradient":""}},"_joinchat":[]},"product_brand":[],"product_cat":[15,289,292,293,295,299,273,279,255,25,123,26,28,135,27,60,137,136,30],"product_tag":[88,63,57,58,54],"class_list":{"0":"post-2126","1":"product","2":"type-product","3":"status-publish","4":"has-post-thumbnail","6":"product_cat-new-vape-this-week","7":"product_cat-big-puffs-disposable-vapes","8":"product_cat-digital-disposable-vapes","9":"product_cat-low-nicotine-disposable-vapes","10":"product_cat-rechargeable-disposable-vapes","11":"product_cat-smart-screen-disposable-vapes","12":"product_cat-bang-box-vape","13":"product_cat-bang-king-vape","14":"product_cat-20000-puff-disposable-vape","15":"product_cat-germany-best-selling-vape","16":"product_cat-italy-wholesale-vape","17":"product_cat-netherlands-hot-sale-vape","18":"product_cat-poland-hot-sale-vape","19":"product_cat-spain-best-hot-sale-vape","20":"product_cat-fance-hot-sale-vape","21":"product_cat-bang-vapes","22":"product_cat-rechargeable-vapes","23":"product_cat-smart-screen-vapes","24":"product_cat-minimum-order-quantity-50pcs","25":"product_tag-bang-beach-2000","26":"product_tag-bang-vapes","27":"product_tag-disposable-vape-wholesale-supplier","28":"product_tag-electric-cigarettes","29":"product_tag-rechargeable-disposable-vape","30":"desktop-align-left","31":"tablet-align-left","32":"mobile-align-left","34":"first","35":"instock","36":"sale","37":"shipping-taxable","38":"purchasable","39":"product-type-simple"},"uagb_featured_image_src":{"full":["https:\/\/rmvapesale.com\/wp-content\/uploads\/2024\/09\/Bang-Beach-20000-LED-Light-Disposable-Vape.png",800,800,false],"thumbnail":["https:\/\/rmvapesale.com\/wp-content\/uploads\/2024\/09\/Bang-Beach-20000-LED-Light-Disposable-Vape-150x150.png",150,150,true],"medium":["https:\/\/rmvapesale.com\/wp-content\/uploads\/2024\/09\/Bang-Beach-20000-LED-Light-Disposable-Vape-300x300.png",300,300,true],"medium_large":["https:\/\/rmvapesale.com\/wp-content\/uploads\/2024\/09\/Bang-Beach-20000-LED-Light-Disposable-Vape-768x768.png",768,768,true],"large":["https:\/\/rmvapesale.com\/wp-content\/uploads\/2024\/09\/Bang-Beach-20000-LED-Light-Disposable-Vape.png",800,800,false],"1536x1536":["https:\/\/rmvapesale.com\/wp-content\/uploads\/2024\/09\/Bang-Beach-20000-LED-Light-Disposable-Vape.png",800,800,false],"2048x2048":["https:\/\/rmvapesale.com\/wp-content\/uploads\/2024\/09\/Bang-Beach-20000-LED-Light-Disposable-Vape.png",800,800,false],"trp-custom-language-flag":["https:\/\/rmvapesale.com\/wp-content\/uploads\/2024\/09\/Bang-Beach-20000-LED-Light-Disposable-Vape.png",12,12,false],"woocommerce_thumbnail":["https:\/\/rmvapesale.com\/wp-content\/uploads\/2024\/09\/Bang-Beach-20000-LED-Light-Disposable-Vape-300x300.png",300,300,true],"woocommerce_single":["https:\/\/rmvapesale.com\/wp-content\/uploads\/2024\/09\/Bang-Beach-20000-LED-Light-Disposable-Vape-600x600.png",600,600,true],"woocommerce_gallery_thumbnail":["https:\/\/rmvapesale.com\/wp-content\/uploads\/2024\/09\/Bang-Beach-20000-LED-Light-Disposable-Vape-100x100.png",100,100,true],"wcpr-photo-reviews":["https:\/\/rmvapesale.com\/wp-content\/uploads\/2024\/09\/Bang-Beach-20000-LED-Light-Disposable-Vape.png",500,500,false]},"uagb_author_info":{"display_name":"AMY","author_link":"https:\/\/rmvapesale.com\/lt\/author\/"},"uagb_comment_info":0,"uagb_excerpt":"Bang Vape Beach 20000 Puffs All Flavour Wholesale BANG BEACH 20000 PUFFS 0% 2% 3% 5% Nicotine Bang Beach 20000 Puff Disposable Vape Wholesale Contact Amy For More Discount And Lower MOQ Vape WhatsApp: +86 17776015835","_links":{"self":[{"href":"https:\/\/rmvapesale.com\/lt\/wp-json\/wp\/v2\/product\/2126","targetHints":{"allow":["GET"]}}],"collection":[{"href":"https:\/\/rmvapesale.com\/lt\/wp-json\/wp\/v2\/product"}],"about":[{"href":"https:\/\/rmvapesale.com\/lt\/wp-json\/wp\/v2\/types\/product"}],"replies":[{"embeddable":true,"href":"https:\/\/rmvapesale.com\/lt\/wp-json\/wp\/v2\/comments?post=2126"}],"wp:featuredmedia":[{"embeddable":true,"href":"https:\/\/rmvapesale.com\/lt\/wp-json\/wp\/v2\/media\/2122"}],"wp:attachment":[{"href":"https:\/\/rmvapesale.com\/lt\/wp-json\/wp\/v2\/media?parent=2126"}],"wp:term":[{"taxonomy":"product_brand","embeddable":true,"href":"https:\/\/rmvapesale.com\/lt\/wp-json\/wp\/v2\/product_brand?post=2126"},{"taxonomy":"product_cat","embeddable":true,"href":"https:\/\/rmvapesale.com\/lt\/wp-json\/wp\/v2\/product_cat?post=2126"},{"taxonomy":"product_tag","embeddable":true,"href":"https:\/\/rmvapesale.com\/lt\/wp-json\/wp\/v2\/product_tag?post=2126"}],"curies":[{"name":"wp","href":"https:\/\/api.w.org\/{rel}","templated":true}]}}