{"id":2146,"date":"2024-09-24T08:18:46","date_gmt":"2024-09-24T08:18:46","guid":{"rendered":"https:\/\/rmvapesale.com\/?post_type=product&#038;p=2146"},"modified":"2025-01-21T09:23:48","modified_gmt":"2025-01-21T09:23:48","slug":"bang-shisha-15000-puffs-disposable-vape-puff-15k-wholesale","status":"publish","type":"product","link":"https:\/\/rmvapesale.com\/lt\/product\/bang-shisha-15000-puffs-disposable-vape-puff-15k-wholesale\/","title":{"rendered":"Bang Shisha 15000 \u012fkv\u0117pim\u0173 vienkartinis garintuvas \u012eKV\u0116PIMAS 15K didmenin\u0117 prekyba"},"content":{"rendered":"<div class=\"B2VR9 CJHX3e\">\n<div class=\"wyccme\">\n<h1>Bang Shisha 15000 \u012fkv\u0117pim\u0173 vienkartinis garintuvas \u012eKV\u0116PIMAS 15K didmenin\u0117 prekyba<\/h1>\n<p>\u201eBang Shisha\u201c 15000 \u012ftraukim\u0173 garintuvas yra naujas produktas i\u0161 \u201eBANG Vape\u201c \u0161eimos. \u0160iame vienkartiniame elektroniniame cigarete yra \u012fmontuota 600 mAh baterija ir 15 ml i\u0161 anksto u\u017epildyt\u0173 elektronini\u0173 sul\u010di\u0173, kurios leid\u017eia atlikti iki 15 000 \u012ftraukim\u0173. Su itin dideliu garu, sukurtas suteikti vartotojams ilgalaik\u0119 garinimo patirt\u012f. \u0160is \u201eBang Shisha\u201c 15000 si\u016blo keturias nikotino koncentracijas 0% 2% 3% 5% ir 20 skirting\u0173 skoni\u0173, kad rastum\u0117te ka\u017ek\u0105 geriausio sau!<\/p>\n<\/div>\n<div class=\"wyccme\">\n<p>&nbsp;<\/p>\n<\/div>\n<\/div>\n<p><strong>Susisiekite su Amy, kad gautum\u0117te teising\u0105 atsakym\u0105 ir daugiau produkt\u0173 vaizdo \u012fra\u0161\u0173!<\/strong><\/p>\n<p><img loading=\"lazy\" decoding=\"async\" class=\"size-full wp-image-1978\" src=\"https:\/\/rmvapesale.com\/wp-content\/uploads\/2024\/09\/Disposable-Vape-Wholesale.jpg\" alt=\"Vienkartinis garintuvas didmenin\u0117 prekyba\" width=\"229\" height=\"300\" \/><\/p>\n<h3><span style=\"color: #ff0000\"><strong>WhatsApp: +86 17776015835<\/strong><\/span><\/h3>\n<p>&nbsp;<\/p>\n<h2><\/h2>\n<h2><strong>Pagrindin\u0117s \u201eBang Shisha\u201c 15000 \u012ftraukim\u0173 savyb\u0117s<\/strong><\/h2>\n<p>\u012etraukimai: 15000 \u012ftraukim\u0173<br data-filtered=\"filtered\" \/>15 ml i\u0161 anksto u\u017epildyt\u0173 elektronini\u0173 sul\u010di\u0173<br data-filtered=\"filtered\" \/>0% 2% 3% 5% nikotino lygis<br data-filtered=\"filtered\" \/>\u012ekraunamas per Type-c<\/p>\n<p>&nbsp;<\/p>\n<figure id=\"attachment_2141\" aria-describedby=\"caption-attachment-2141\" style=\"width: 300px\" class=\"wp-caption alignnone\"><img loading=\"lazy\" decoding=\"async\" class=\"size-medium wp-image-2141\" src=\"https:\/\/rmvapesale.com\/wp-content\/uploads\/2024\/09\/Bang-Shisha-15000-Puffs-Disposable-Vape-Wholesale-1-300x300.png\" alt=\"\u201eBang Shisha\u201c 15000 \u012ftraukim\u0173 vienkartinis garintuvas didmenin\u0117 prekyba\" width=\"300\" height=\"300\" srcset=\"https:\/\/rmvapesale.com\/wp-content\/uploads\/2024\/09\/Bang-Shisha-15000-Puffs-Disposable-Vape-Wholesale-1-300x300.png 300w, https:\/\/rmvapesale.com\/wp-content\/uploads\/2024\/09\/Bang-Shisha-15000-Puffs-Disposable-Vape-Wholesale-1-150x150.png 150w, https:\/\/rmvapesale.com\/wp-content\/uploads\/2024\/09\/Bang-Shisha-15000-Puffs-Disposable-Vape-Wholesale-1-768x768.png 768w, https:\/\/rmvapesale.com\/wp-content\/uploads\/2024\/09\/Bang-Shisha-15000-Puffs-Disposable-Vape-Wholesale-1-600x600.png 600w, https:\/\/rmvapesale.com\/wp-content\/uploads\/2024\/09\/Bang-Shisha-15000-Puffs-Disposable-Vape-Wholesale-1-100x100.png 100w, https:\/\/rmvapesale.com\/wp-content\/uploads\/2024\/09\/Bang-Shisha-15000-Puffs-Disposable-Vape-Wholesale-1.png 788w\" sizes=\"auto, (max-width: 300px) 100vw, 300px\" \/><figcaption id=\"caption-attachment-2141\" class=\"wp-caption-text\">\u201eBang Shisha\u201c 15000 \u012ftraukim\u0173 vienkartinis garintuvas didmenin\u0117 prekyba<\/figcaption><\/figure>\n<h2><strong>Populiariausias \u201eBang Shisha\u201c 15000 \u012ftraukim\u0173 garintuvo skonis<\/strong><\/h2>\n<p>\u201eBang Shisha\u201c 15000 \u012ftraukim\u0173 garintuvo kapsul\u0117 gali pasigirti 20 skoni\u0173, kuri\u0173 kiekvienas sukurtas taip, kad pasi\u016blyt\u0173 i\u0161skirtin\u0119 ir patenkinam\u0105 garinimo patirt\u012f, \u010dia tikrai rasite ka\u017ek\u0105 geriausio sau!<\/p>\n<p>1, M\u0117lyni\u0173 ledas<br \/>\n2, M\u0117lyni\u0173 avie\u010di\u0173 ledas<span style=\"color: #ff0000\"><strong>&gt;&gt;&gt;&gt;Kar\u0161ta!<\/strong><\/span><br \/>\n3, Vy\u0161ni\u0173 arb\u016bzas<br \/>\n4, \u0160aldytas obuolys<br \/>\n5, Gumos m\u0117ta<br \/>\n6, Mango bananas<br \/>\n7, Mi\u0161ri\u0173 uog\u0173 ledas<br \/>\n8, Ananas\u0173 kokosas<br \/>\n9, Raudon\u0173j\u0173 uog\u0173 ko\u0161\u0117<br \/>\n10, Kiviai, pasifloros, gvajavos<br \/>\n11, Spanguoli\u0173 vynuog\u0117s<br \/>\n12, Bra\u0161ki\u0173 ledai<span style=\"color: #ff0000\"><strong>&gt;&gt;&gt;&gt;Kar\u0161ta!<\/strong><\/span><br \/>\n13, Bra\u0161ki\u0173 kiviai<br \/>\n14, Bra\u0161ki\u0173 avie\u010di\u0173 saldainiai<span style=\"color: #ff0000\"><strong>&gt;&gt;&gt;&gt;Geriausias!<\/strong><\/span><br \/>\n15, Arb\u016bz\u0173 ledai<br \/>\n16, Sultingi persikai<br \/>\n17, Meil\u0117 66<br \/>\n18, Persik\u0173 mango<br \/>\n19, Red Bull<span style=\"color: #ff0000\"><strong>&gt;&gt;&gt;&gt;Kar\u0161ta!<\/strong><\/span><br \/>\n20, Arb\u016bz\u0173 bra\u0161ki\u0173 kramtomoji guma<span style=\"color: #ff0000\"><strong>&gt;&gt;&gt;&gt;Kar\u0161ta!<\/strong><\/span><\/p>\n<p>&nbsp;<\/p>\n<p>&nbsp;<\/p>\n<h2><strong>Klausimai, kuriuos galb\u016bt nor\u0117tum\u0117te \u017einoti apie \u201eBang Shisha 15000\u201c \u012ftraukim\u0173<\/strong><\/h2>\n<p>&nbsp;<\/p>\n<p><strong>1. Kiek nikotino yra \u201eBang Shisha 15000\u201c \u012ftraukimuose?<\/strong><br \/>\n\u201eBang Shisha 15000\u201c \u012ftraukim\u0173 vienkartiniame vape yra 0%2%3% 5% nikotino druskos. Su pa\u017eangia tinklelio rit\u0117s technologija jis si\u016blo puiki\u0105 gar\u0173 patirt\u012f, pripildyt\u0105 sodraus skonio.<\/p>\n<p><strong>2. Ar \u201eBang Shisha 15000\u201c \u012ftraukim\u0173 vienkartinis vape yra \u012fkraunamas?<\/strong><br \/>\nTaip, \u201eBang Shisha 15000\u201c \u012ftraukimuose yra 600 mAh \u012fkraunama baterija, u\u017etikrinanti ilgalaik\u012f malonum\u0105.<\/p>\n<p><strong>3. Kiek \u012ftraukim\u0173 galite gauti i\u0161 \u201eBang Shisha 15000\u201c \u012ftraukim\u0173?<\/strong><br \/>\n\u201eBang Shisha 15000\u201c \u012ftraukimai suteikia apie 15000 \u012ftraukim\u0173, priklausomai nuo naudojimo, ir yra 16 skoni\u0173.<\/p>\n<p><strong>4. Kiek laiko u\u017etrunka \u012fkrauti Bang Pulse 18000?<\/strong><br \/>\nVienkartin\u0119 elektronin\u0119 cigaret\u0119 \u201eBang Shisha 15000 puffs\u201c galima visi\u0161kai \u012fkrauti vos per 30\u201335 minutes, tod\u0117l ji greitai paruo\u0161iama naudojimui.<\/p>\n<p>&nbsp;<\/p>\n<h3><b>DUK<\/b><\/h3>\n<p>&nbsp;<\/p>\n<div class=\"flex-shrink-0 flex flex-col relative items-end\">\n<div>\n<div class=\"pt-0\">\n<div class=\"gizmo-bot-avatar flex h-8 w-8 items-center justify-center overflow-hidden rounded-full\">\n<div class=\"relative p-1 rounded-sm flex items-center justify-center bg-token-main-surface-primary text-token-text-primary h-8 w-8\"><strong>Kokie pristatymo b\u016bdai naudojami?<\/strong><\/div>\n<\/div>\n<\/div>\n<\/div>\n<\/div>\n<div class=\"group\/conversation-turn relative flex w-full min-w-0 flex-col agent-turn\">\n<div class=\"flex-col gap-1 md:gap-3\">\n<div class=\"flex max-w-full flex-col flex-grow\">\n<div class=\"min-h-[20px] text-message flex w-full flex-col items-end gap-2 whitespace-normal break-words [.text-message+&amp;]:mt-5 overflow-x-auto\" dir=\"auto\" data-message-author-role=\"assistant\" data-message-id=\"22f8283b-3233-46ff-89a5-c7a41b33abda\">\n<div class=\"flex w-full flex-col gap-1 empty:hidden first:pt-[3px]\">\n<div class=\"markdown prose w-full break-words dark:prose-invert light\">\n<p>Mes bendradarbiaujame su UPS, DHL, FedEx, DPD ir kitais pirmaujan\u010diais ve\u017e\u0117jais. Mes parinksime geriausi\u0105 siuntimo b\u016bd\u0105, atsi\u017evelgdami \u012f j\u016bs\u0173 pristatymo viet\u0105, kad u\u017etikrintume, jog gaminiai jus pasieks kuo grei\u010diau.<\/p>\n<\/div>\n<p><strong>Per kiek laiko atvyksta?<\/strong><\/p>\n<p>\u012e Lietuv\u0105 siun\u010diami siuntiniai paprastai atvyksta per 10 darbo dien\u0173. Siuntimas \u012f Europos \u0161alis paprastai trunka apie 12\u201315 darbo dien\u0173. Mes teikiame realiuoju laiku atnaujinam\u0105 informacij\u0105 apie j\u016bs\u0173 siuntos b\u016bsen\u0105.<\/p>\n<\/div>\n<p><strong>Garantija<\/strong><\/p>\n<p><span style=\"color: #ff0000\"><strong>Visos m\u016bs\u0173 parduotuv\u0117s prek\u0117s yra 100% originalios ir autenti\u0161kos. U\u017e padirbtas prekes si\u016blome 10 kart\u0173 didesn\u0119 kompensacij\u0105!<\/strong><\/span><\/p>\n<div class=\"flex w-full flex-col gap-1 empty:hidden first:pt-[3px]\">\n<p>&nbsp;<\/p>\n<\/div>\n<\/div>\n<\/div>\n<\/div>\n<\/div>\n<p>&nbsp;<\/p>\n<p>Kiti populiar\u016bs garintuvai, kurie jums gali patikti:<\/p>\n<p><strong><a href=\"https:\/\/rmvapesale.com\/lt\/product\/bang-pulse-18000-puffs-18k-disposable-vape-factory-price\/\">Bang Pulse 18000 \u012ftraukim\u0173\u00a0<\/a><\/strong><\/p>\n<p><a href=\"https:\/\/rmvapesale.com\/lt\/product\/bang-20000-puffs-disposable-vape-wholesale-supplier\/\"><strong>WGA Crystal Pro Max Extra 15000<\/strong><\/a><\/p>\n<p><a href=\"https:\/\/rmvapesale.com\/lt\/product\/wga-crystal-pro-max-extra-15k-puffs-disposable-vape-wholesale\/\"><strong>Bang 25000 \u012fkv\u0117pim\u0173<\/strong><\/a><\/p>\n<p><a href=\"https:\/\/rmvapesale.com\/lt\/product\/wga-crystal-plus-smart-16000-disposable-vape\/\"><strong>WGA Crystal Plus Smart 16000 \u012ftraukim\u0173\u00a0<\/strong><\/a><\/p>\n<p>&nbsp;<\/p>\n<p>&nbsp;<\/p>\n<p>Raskite daugiau garintuv\u0173, kurie jums gali patikti:<strong><em><a href=\"https:\/\/rmvapesale.com\/lt\/shop-2\/\">pirkti dabar &gt;&gt;&gt;<\/a><\/em><\/strong><\/p>","protected":false},"excerpt":{"rendered":"<p>\u201eBang Shisha\u201c 15000 \u012ftraukim\u0173 vienkartinis garintuvas didmenin\u0117 prekyba<br \/>\n\u201eBang Shisha\u201c 15000 \u012ftraukim\u0173 0% 2% 3% 5% Nikotinas<br \/>\n\u201eBang Shisha\u201c 15000 \u012ftraukim\u0173 vienkartinis garintuvas pigia kaina<\/p>\n<p><strong>Susisiekite su Amy d\u0117l daugiau nuolaid\u0173 ir ma\u017eesnio minimalaus u\u017esakymo kiekio garintuvo<\/strong><\/p>\n<p><img loading=\"lazy\" decoding=\"async\" class=\"size-full wp-image-1978\" src=\"https:\/\/rmvapesale.com\/wp-content\/uploads\/2024\/09\/Disposable-Vape-Wholesale.jpg\" alt=\"Vienkartinis garintuvas didmenin\u0117 prekyba\" width=\"229\" height=\"300\" \/><\/p>\n<h3><span style=\"color: #ff0000\"><strong>WhatsApp: +86 17776015835<\/strong><\/span><\/h3>","protected":false},"featured_media":2144,"comment_status":"open","ping_status":"closed","template":"","meta":{"_uag_custom_page_level_css":"","_lmt_disableupdate":"no","_lmt_disable":"","site-sidebar-layout":"default","site-content-layout":"content-boxed-container","ast-site-content-layout":"normal-width-container","site-content-style":"boxed","site-sidebar-style":"unboxed","ast-global-header-display":"","ast-banner-title-visibility":"","ast-main-header-display":"","ast-hfb-above-header-display":"","ast-hfb-below-header-display":"","ast-hfb-mobile-header-display":"","site-post-title":"","ast-breadcrumbs-content":"","ast-featured-img":"","footer-sml-layout":"","ast-disable-related-posts":"","theme-transparent-header-meta":"default","adv-header-id-meta":"","stick-header-meta":"","header-above-stick-meta":"","header-main-stick-meta":"","header-below-stick-meta":"","astra-migrate-meta-layouts":"set","ast-page-background-enabled":"default","ast-page-background-meta":{"desktop":{"background-color":"var(--ast-global-color-4)","background-image":"","background-repeat":"repeat","background-position":"center center","background-size":"auto","background-attachment":"scroll","background-type":"","background-media":"","overlay-type":"","overlay-color":"","overlay-opacity":"","overlay-gradient":""},"tablet":{"background-color":"","background-image":"","background-repeat":"repeat","background-position":"center center","background-size":"auto","background-attachment":"scroll","background-type":"","background-media":"","overlay-type":"","overlay-color":"","overlay-opacity":"","overlay-gradient":""},"mobile":{"background-color":"","background-image":"","background-repeat":"repeat","background-position":"center center","background-size":"auto","background-attachment":"scroll","background-type":"","background-media":"","overlay-type":"","overlay-color":"","overlay-opacity":"","overlay-gradient":""}},"ast-content-background-meta":{"desktop":{"background-color":"var(--ast-global-color-5)","background-image":"","background-repeat":"repeat","background-position":"center center","background-size":"auto","background-attachment":"scroll","background-type":"","background-media":"","overlay-type":"","overlay-color":"","overlay-opacity":"","overlay-gradient":""},"tablet":{"background-color":"var(--ast-global-color-5)","background-image":"","background-repeat":"repeat","background-position":"center center","background-size":"auto","background-attachment":"scroll","background-type":"","background-media":"","overlay-type":"","overlay-color":"","overlay-opacity":"","overlay-gradient":""},"mobile":{"background-color":"var(--ast-global-color-5)","background-image":"","background-repeat":"repeat","background-position":"center center","background-size":"auto","background-attachment":"scroll","background-type":"","background-media":"","overlay-type":"","overlay-color":"","overlay-opacity":"","overlay-gradient":""}},"_joinchat":[]},"product_brand":[],"product_cat":[15,61,273,279,60,289,292,27,25,123,293,30,26,28,295,137,296,299,136,135],"product_tag":[92,63,58,54,91],"class_list":{"0":"post-2146","1":"product","2":"type-product","3":"status-publish","4":"has-post-thumbnail","6":"product_cat-new-vape-this-week","7":"product_cat-15000-puffs-disposable-vapes","8":"product_cat-bang-box-vape","9":"product_cat-bang-king-vape","10":"product_cat-bang-vapes","11":"product_cat-big-puffs-disposable-vapes","12":"product_cat-digital-disposable-vapes","13":"product_cat-fance-hot-sale-vape","14":"product_cat-germany-best-selling-vape","15":"product_cat-italy-wholesale-vape","16":"product_cat-low-nicotine-disposable-vapes","17":"product_cat-minimum-order-quantity-50pcs","18":"product_cat-netherlands-hot-sale-vape","19":"product_cat-poland-hot-sale-vape","20":"product_cat-rechargeable-disposable-vapes","21":"product_cat-rechargeable-vapes","22":"product_cat-shisha-hookah-disposable-vapes","23":"product_cat-smart-screen-disposable-vapes","24":"product_cat-smart-screen-vapes","25":"product_cat-spain-best-hot-sale-vape","26":"product_tag-bang-shisha-15000","27":"product_tag-bang-vapes","28":"product_tag-electric-cigarettes","29":"product_tag-rechargeable-disposable-vape","30":"product_tag-shisha","31":"desktop-align-left","32":"tablet-align-left","33":"mobile-align-left","35":"first","36":"instock","37":"sale","38":"shipping-taxable","39":"purchasable","40":"product-type-simple"},"uagb_featured_image_src":{"full":["https:\/\/rmvapesale.com\/wp-content\/uploads\/2024\/09\/Bang-Shisha-15000-Puffs.png",788,788,false],"thumbnail":["https:\/\/rmvapesale.com\/wp-content\/uploads\/2024\/09\/Bang-Shisha-15000-Puffs-150x150.png",150,150,true],"medium":["https:\/\/rmvapesale.com\/wp-content\/uploads\/2024\/09\/Bang-Shisha-15000-Puffs-300x300.png",300,300,true],"medium_large":["https:\/\/rmvapesale.com\/wp-content\/uploads\/2024\/09\/Bang-Shisha-15000-Puffs-768x768.png",768,768,true],"large":["https:\/\/rmvapesale.com\/wp-content\/uploads\/2024\/09\/Bang-Shisha-15000-Puffs.png",788,788,false],"1536x1536":["https:\/\/rmvapesale.com\/wp-content\/uploads\/2024\/09\/Bang-Shisha-15000-Puffs.png",788,788,false],"2048x2048":["https:\/\/rmvapesale.com\/wp-content\/uploads\/2024\/09\/Bang-Shisha-15000-Puffs.png",788,788,false],"trp-custom-language-flag":["https:\/\/rmvapesale.com\/wp-content\/uploads\/2024\/09\/Bang-Shisha-15000-Puffs.png",12,12,false],"woocommerce_thumbnail":["https:\/\/rmvapesale.com\/wp-content\/uploads\/2024\/09\/Bang-Shisha-15000-Puffs-300x300.png",300,300,true],"woocommerce_single":["https:\/\/rmvapesale.com\/wp-content\/uploads\/2024\/09\/Bang-Shisha-15000-Puffs-600x600.png",600,600,true],"woocommerce_gallery_thumbnail":["https:\/\/rmvapesale.com\/wp-content\/uploads\/2024\/09\/Bang-Shisha-15000-Puffs-100x100.png",100,100,true],"wcpr-photo-reviews":["https:\/\/rmvapesale.com\/wp-content\/uploads\/2024\/09\/Bang-Shisha-15000-Puffs.png",500,500,false]},"uagb_author_info":{"display_name":"AMY","author_link":"https:\/\/rmvapesale.com\/lt\/author\/"},"uagb_comment_info":0,"uagb_excerpt":"Bang Shisha 15000 puffs Disposable vape\u00a0Wholesale Bang Shisha 15000 puffs\u00a00% 2% 3% 5% Nicotine Bang Shisha 15000 puffs Disposable Vape Cheap Price Contact Amy For More Discount And Lower MOQ Vape WhatsApp: +86 17776015835","_links":{"self":[{"href":"https:\/\/rmvapesale.com\/lt\/wp-json\/wp\/v2\/product\/2146","targetHints":{"allow":["GET"]}}],"collection":[{"href":"https:\/\/rmvapesale.com\/lt\/wp-json\/wp\/v2\/product"}],"about":[{"href":"https:\/\/rmvapesale.com\/lt\/wp-json\/wp\/v2\/types\/product"}],"replies":[{"embeddable":true,"href":"https:\/\/rmvapesale.com\/lt\/wp-json\/wp\/v2\/comments?post=2146"}],"wp:featuredmedia":[{"embeddable":true,"href":"https:\/\/rmvapesale.com\/lt\/wp-json\/wp\/v2\/media\/2144"}],"wp:attachment":[{"href":"https:\/\/rmvapesale.com\/lt\/wp-json\/wp\/v2\/media?parent=2146"}],"wp:term":[{"taxonomy":"product_brand","embeddable":true,"href":"https:\/\/rmvapesale.com\/lt\/wp-json\/wp\/v2\/product_brand?post=2146"},{"taxonomy":"product_cat","embeddable":true,"href":"https:\/\/rmvapesale.com\/lt\/wp-json\/wp\/v2\/product_cat?post=2146"},{"taxonomy":"product_tag","embeddable":true,"href":"https:\/\/rmvapesale.com\/lt\/wp-json\/wp\/v2\/product_tag?post=2146"}],"curies":[{"name":"wp","href":"https:\/\/api.w.org\/{rel}","templated":true}]}}