{"id":2154,"date":"2024-09-25T03:43:51","date_gmt":"2024-09-25T03:43:51","guid":{"rendered":"https:\/\/rmvapesale.com\/?post_type=product&#038;p=2154"},"modified":"2025-01-21T09:29:14","modified_gmt":"2025-01-21T09:29:14","slug":"vozol-vista-20000-puffs-smart-disposable-vape","status":"publish","type":"product","link":"https:\/\/rmvapesale.com\/lt\/product\/vozol-vista-20000-puffs-smart-disposable-vape\/","title":{"rendered":"Vozol Vista 20000 \u012ftraukim\u0173 i\u0161manusis vienkartinis garintuvas"},"content":{"rendered":"<div class=\"B2VR9 CJHX3e\">\n<div class=\"wyccme\">\n<h1>Vozol Vista 20000 \u012ftraukim\u0173 i\u0161manusis vienkartinis garintuvas<\/h1>\n<p>VOZOL VISTA 20000 \u012fkv\u0117pim\u0173 yra kar\u0161tas i\u0161manusis vienkartinis vape su ry\u0161kiu spalvotu ekranu, leid\u017eian\u010diu lengvai steb\u0117ti gali\u0105, skys\u010dio lyg\u012f ir akumuliatoriaus veikim\u0105. Skaidrus dizainas leid\u017eia matyti technologij\u0105 veikiant su kiekvienu \u012fkv\u0117pimu, paversdama vaping\u0105 vizualiniu reginiu. Su galutiniu 6 lygi\u0173 galios reguliavimu galite pasukti \u012frengin\u012f, kad rastum\u0117te ideali\u0105 stiprumo pusiausvyr\u0105. \u0160is VOZOL VISTA 20000 turi 20 ml skys\u010dio ir 650 mAh \u012fkraunam\u0105 akumuliatori\u0173, kuris suteiks jums 20000 \u012fkv\u0117pim\u0173 vapingui!<\/p>\n<\/div>\n<div class=\"wyccme\">\n<p>&nbsp;<\/p>\n<\/div>\n<\/div>\n<p><strong>Susisiekite su Amy, kad gautum\u0117te teising\u0105 atsakym\u0105 ir daugiau produkt\u0173 vaizdo \u012fra\u0161\u0173!<\/strong><\/p>\n<p><img loading=\"lazy\" decoding=\"async\" class=\"size-full wp-image-1978\" src=\"https:\/\/rmvapesale.com\/wp-content\/uploads\/2024\/09\/Disposable-Vape-Wholesale.jpg\" alt=\"Vienkartinis garintuvas didmenin\u0117 prekyba\" width=\"229\" height=\"300\" \/><\/p>\n<h3><span style=\"color: #ff0000\"><strong>WhatsApp: +86 17776015835<\/strong><\/span><\/h3>\n<p>&nbsp;<\/p>\n<h2><\/h2>\n<h2><strong>VOZOL Vista 20000 \u012fkv\u0117pim\u0173 pagrindin\u0117s savyb\u0117s<\/strong><\/h2>\n<p>Iki 20000 \u012fkv\u0117pim\u0173 vape<br \/>\nSkys\u010dio talpa: 20 ml<br \/>\nAkumuliatoriaus talpa: 650 mAh<br \/>\nDviguba tinklelio rit\u0117<br \/>\n6 lygi\u0173 galios reguliavimas<br \/>\nSpalvotas ekranas<br \/>\nGrandin\u0117s kilpos anga<br \/>\n360\u00b0 reguliavimo \u012frankis<\/p>\n<figure id=\"attachment_2148\" aria-describedby=\"caption-attachment-2148\" style=\"width: 300px\" class=\"wp-caption alignnone\"><img loading=\"lazy\" decoding=\"async\" class=\"size-medium wp-image-2148\" src=\"https:\/\/rmvapesale.com\/wp-content\/uploads\/2024\/09\/Vozol-Vista-20000-Disposable-Vape-300x300.png\" alt=\"Vozol Vista 20000 vienkartinis vape\" width=\"300\" height=\"300\" srcset=\"https:\/\/rmvapesale.com\/wp-content\/uploads\/2024\/09\/Vozol-Vista-20000-Disposable-Vape-300x300.png 300w, https:\/\/rmvapesale.com\/wp-content\/uploads\/2024\/09\/Vozol-Vista-20000-Disposable-Vape-150x150.png 150w, https:\/\/rmvapesale.com\/wp-content\/uploads\/2024\/09\/Vozol-Vista-20000-Disposable-Vape-768x768.png 768w, https:\/\/rmvapesale.com\/wp-content\/uploads\/2024\/09\/Vozol-Vista-20000-Disposable-Vape-600x600.png 600w, https:\/\/rmvapesale.com\/wp-content\/uploads\/2024\/09\/Vozol-Vista-20000-Disposable-Vape-100x100.png 100w, https:\/\/rmvapesale.com\/wp-content\/uploads\/2024\/09\/Vozol-Vista-20000-Disposable-Vape.png 788w\" sizes=\"auto, (max-width: 300px) 100vw, 300px\" \/><figcaption id=\"caption-attachment-2148\" class=\"wp-caption-text\">Vozol Vista 20000 vienkartinis vape<\/figcaption><\/figure>\n<h2><strong>Vir\u0161utin\u0117 skoni\u0173 pasirinkimo galimyb\u0117 VOZOL VISTA 20000 Vape<\/strong><\/h2>\n<p>VOZOL VISTA 20000 vape podas su 20 skoni\u0173, kiekvienas sukurtas si\u016blyti i\u0161skirtin\u0119 ir patenkinan\u010di\u0105 vaping patirt\u012f, rasite ka\u017ek\u0105 geriausio jums!<\/p>\n<p>&nbsp;<\/p>\n<p>1. Vy\u0161nin\u0117 kola<br \/>\n2. Persik\u0173 ledas<br \/>\n3. R\u016bg\u0161tus obuoli\u0173 ledas<br \/>\n4. Majamio m\u0117ta<br \/>\n5. Vynuogi\u0173 ledas<br \/>\n6.Arb\u016bz\u0173 ledas<br \/>\n7. M\u0117lynas Razz ledas<span style=\"color: #ff0000\"><strong>&gt;&gt;&gt;&gt;Geriausias!<\/strong><\/span><br \/>\n8.Peon\u0173 Mango Arb\u016bzas<br \/>\n9. Bra\u0161k\u0117s Mango<br \/>\n10. Aviet\u0117 arb\u016bzas<br \/>\n11.VZBul<br \/>\n12.Arb\u016bzo Burbul\u0173 Kramtomasis<br \/>\n13.Vanicreme Tabakas<br \/>\n14. Mi\u0161rios uogos<span style=\"color: #ff0000\"><strong>&gt;&gt;&gt;&gt;Kar\u0161ta!<\/strong><\/span><br \/>\n15.Citrina Limonas<br \/>\n16.Bra\u0161k\u0117 Raspberys Vy\u0161nia<span style=\"color: #ff0000\"><strong>&gt;&gt;&gt;&gt;Kar\u0161ta!<\/strong><\/span><br \/>\n17.Mango Ledas<br \/>\n18.Dragon\u0173 Vaisius Banan\u0173 Vy\u0161nia<br \/>\n19.Pilies Gvazdik\u0117li\u0173 Greipfrutas<br \/>\n20.LavaFire<\/p>\n<p>&nbsp;<\/p>\n<h2><strong>Klausimai, kuriuos galb\u016bt nor\u0117tum\u0117te \u017einoti apie VOZOL VISTA 20000 p\u016btim\u0173<\/strong><\/h2>\n<p>&nbsp;<\/p>\n<p><strong>1. Ar VOZOL VISTA 20000 p\u016btim\u0173 vienkartinis vape \u012fkraunamas?<\/strong><br \/>\nTaip, VOZOL VISTA 20000 apima 650 mAh \u012fkraunam\u0105 baterij\u0105, u\u017etikrinan\u010di\u0105 ilgalaik\u012f malonum\u0105.<\/p>\n<p><strong>2. Kiek p\u016btim\u0173 galite gauti i\u0161 VOZOL VISTA 20000?<\/strong><br \/>\nVOZOL VISTA 20000 suteikia apie 20000 p\u016btim\u0173, priklausomai nuo naudojimo, ir yra 20 skoni\u0173.<\/p>\n<p><strong>3. Kiek laiko u\u017etrunka \u012fkrauti VOZOL VISTA 20000?<\/strong><br \/>\nVOZOL VISTA 20000 vienkartinis vape d\u0117\u017eut\u0117 gali b\u016bti visi\u0161kai \u012fkrauta per tik 30\u201335 minutes, u\u017etikrinant greit\u0105 paruo\u0161im\u0105 naudoti.<\/p>\n<p>&nbsp;<\/p>\n<h3><b>DUK<\/b><\/h3>\n<p>&nbsp;<\/p>\n<div class=\"flex-shrink-0 flex flex-col relative items-end\">\n<div>\n<div class=\"pt-0\">\n<div class=\"gizmo-bot-avatar flex h-8 w-8 items-center justify-center overflow-hidden rounded-full\">\n<div class=\"relative p-1 rounded-sm flex items-center justify-center bg-token-main-surface-primary text-token-text-primary h-8 w-8\"><strong>Kokie pristatymo b\u016bdai naudojami?<\/strong><\/div>\n<\/div>\n<\/div>\n<\/div>\n<\/div>\n<div class=\"group\/conversation-turn relative flex w-full min-w-0 flex-col agent-turn\">\n<div class=\"flex-col gap-1 md:gap-3\">\n<div class=\"flex max-w-full flex-col flex-grow\">\n<div class=\"min-h-[20px] text-message flex w-full flex-col items-end gap-2 whitespace-normal break-words [.text-message+&amp;]:mt-5 overflow-x-auto\" dir=\"auto\" data-message-author-role=\"assistant\" data-message-id=\"22f8283b-3233-46ff-89a5-c7a41b33abda\">\n<div class=\"flex w-full flex-col gap-1 empty:hidden first:pt-[3px]\">\n<div class=\"markdown prose w-full break-words dark:prose-invert light\">\n<p>Mes bendradarbiaujame su UPS, DHL, FedEx, DPD ir kitais pirmaujan\u010diais ve\u017e\u0117jais. Mes parinksime geriausi\u0105 siuntimo b\u016bd\u0105, atsi\u017evelgdami \u012f j\u016bs\u0173 pristatymo viet\u0105, kad u\u017etikrintume, jog gaminiai jus pasieks kuo grei\u010diau.<\/p>\n<\/div>\n<p><strong>Per kiek laiko atvyksta?<\/strong><\/p>\n<p>\u012e Lietuv\u0105 siun\u010diami siuntiniai paprastai atvyksta per 10 darbo dien\u0173. Siuntimas \u012f Europos \u0161alis paprastai trunka apie 12\u201315 darbo dien\u0173. Mes teikiame realiuoju laiku atnaujinam\u0105 informacij\u0105 apie j\u016bs\u0173 siuntos b\u016bsen\u0105.<\/p>\n<\/div>\n<p><strong>Garantija<\/strong><\/p>\n<p><span style=\"color: #ff0000\"><strong>Visos m\u016bs\u0173 parduotuv\u0117s prek\u0117s yra 100% originalios ir autenti\u0161kos. U\u017e padirbtas prekes si\u016blome 10 kart\u0173 didesn\u0119 kompensacij\u0105!<\/strong><\/span><\/p>\n<div class=\"flex w-full flex-col gap-1 empty:hidden first:pt-[3px]\">\n<p>&nbsp;<\/p>\n<\/div>\n<\/div>\n<\/div>\n<\/div>\n<\/div>\n<p>&nbsp;<\/p>\n<p>Kiti populiar\u016bs garintuvai, kurie jums gali patikti:<\/p>\n<p><strong><a href=\"https:\/\/rmvapesale.com\/lt\/product\/bang-pulse-18000-puffs-18k-disposable-vape-factory-price\/\">Bang Pulse 18000 \u012ftraukim\u0173\u00a0<\/a><\/strong><\/p>\n<p><a href=\"https:\/\/rmvapesale.com\/lt\/product\/bang-20000-puffs-disposable-vape-wholesale-supplier\/\"><strong>WGA Crystal Pro Max Extra 15000<\/strong><\/a><\/p>\n<p><a href=\"https:\/\/rmvapesale.com\/lt\/product\/wga-crystal-pro-max-extra-15k-puffs-disposable-vape-wholesale\/\"><strong>Bang 25000 \u012fkv\u0117pim\u0173<\/strong><\/a><\/p>\n<p><a href=\"https:\/\/rmvapesale.com\/lt\/product\/wga-crystal-plus-smart-16000-disposable-vape\/\"><strong>WGA Crystal Plus Smart 16000 \u012ftraukim\u0173\u00a0<\/strong><\/a><\/p>\n<p>&nbsp;<\/p>\n<p>&nbsp;<\/p>\n<p>Raskite daugiau garintuv\u0173, kurie jums gali patikti:<strong><em><a href=\"https:\/\/rmvapesale.com\/lt\/shop-2\/\">pirkti dabar &gt;&gt;&gt;<\/a><\/em><\/strong><\/p>","protected":false},"excerpt":{"rendered":"<p>Vozol Vista 20000 \u012fkv\u0117pim\u0173 50mg vienkartinis vape<br \/>\nVozol Vista 20000 vienkartini\u0173 vape didmenin\u0117 prekyba<br \/>\nVozol Vista 20000 \u012fkraunamas vienkartinis garintuvas<\/p>\n<p><strong>Susisiekite su Amy d\u0117l daugiau nuolaid\u0173 ir ma\u017eesnio minimalaus u\u017esakymo kiekio garintuvo<\/strong><\/p>\n<p><img loading=\"lazy\" decoding=\"async\" class=\"size-full wp-image-1978\" src=\"https:\/\/rmvapesale.com\/wp-content\/uploads\/2024\/09\/Disposable-Vape-Wholesale.jpg\" alt=\"Vienkartinis garintuvas didmenin\u0117 prekyba\" width=\"229\" height=\"300\" \/><\/p>\n<h3><span style=\"color: #ff0000\"><strong>WhatsApp: +86 17776015835<\/strong><\/span><\/h3>","protected":false},"featured_media":2152,"comment_status":"open","ping_status":"closed","template":"","meta":{"_uag_custom_page_level_css":"","_lmt_disableupdate":"no","_lmt_disable":"","site-sidebar-layout":"default","site-content-layout":"content-boxed-container","ast-site-content-layout":"normal-width-container","site-content-style":"boxed","site-sidebar-style":"unboxed","ast-global-header-display":"","ast-banner-title-visibility":"","ast-main-header-display":"","ast-hfb-above-header-display":"","ast-hfb-below-header-display":"","ast-hfb-mobile-header-display":"","site-post-title":"","ast-breadcrumbs-content":"","ast-featured-img":"","footer-sml-layout":"","theme-transparent-header-meta":"default","adv-header-id-meta":"","stick-header-meta":"","header-above-stick-meta":"","header-main-stick-meta":"","header-below-stick-meta":"","astra-migrate-meta-layouts":"set","ast-page-background-enabled":"default","ast-page-background-meta":{"desktop":{"background-color":"var(--ast-global-color-4)","background-image":"","background-repeat":"repeat","background-position":"center center","background-size":"auto","background-attachment":"scroll","background-type":"","background-media":"","overlay-type":"","overlay-color":"","overlay-opacity":"","overlay-gradient":""},"tablet":{"background-color":"","background-image":"","background-repeat":"repeat","background-position":"center center","background-size":"auto","background-attachment":"scroll","background-type":"","background-media":"","overlay-type":"","overlay-color":"","overlay-opacity":"","overlay-gradient":""},"mobile":{"background-color":"","background-image":"","background-repeat":"repeat","background-position":"center center","background-size":"auto","background-attachment":"scroll","background-type":"","background-media":"","overlay-type":"","overlay-color":"","overlay-opacity":"","overlay-gradient":""}},"ast-content-background-meta":{"desktop":{"background-color":"var(--ast-global-color-5)","background-image":"","background-repeat":"repeat","background-position":"center center","background-size":"auto","background-attachment":"scroll","background-type":"","background-media":"","overlay-type":"","overlay-color":"","overlay-opacity":"","overlay-gradient":""},"tablet":{"background-color":"var(--ast-global-color-5)","background-image":"","background-repeat":"repeat","background-position":"center center","background-size":"auto","background-attachment":"scroll","background-type":"","background-media":"","overlay-type":"","overlay-color":"","overlay-opacity":"","overlay-gradient":""},"mobile":{"background-color":"var(--ast-global-color-5)","background-image":"","background-repeat":"repeat","background-position":"center center","background-size":"auto","background-attachment":"scroll","background-type":"","background-media":"","overlay-type":"","overlay-color":"","overlay-opacity":"","overlay-gradient":""}},"_joinchat":[]},"product_brand":[],"product_cat":[15,289,291,293,295,299,284,255,25,123,28,135,27,137,136,30],"product_tag":[94,63,54,93],"class_list":{"0":"post-2154","1":"product","2":"type-product","3":"status-publish","4":"has-post-thumbnail","6":"product_cat-new-vape-this-week","7":"product_cat-big-puffs-disposable-vapes","8":"product_cat-dual-mesh-disposable-vapes","9":"product_cat-low-nicotine-disposable-vapes","10":"product_cat-rechargeable-disposable-vapes","11":"product_cat-smart-screen-disposable-vapes","12":"product_cat-vozol-vape","13":"product_cat-20000-puff-disposable-vape","14":"product_cat-germany-best-selling-vape","15":"product_cat-italy-wholesale-vape","16":"product_cat-poland-hot-sale-vape","17":"product_cat-spain-best-hot-sale-vape","18":"product_cat-fance-hot-sale-vape","19":"product_cat-rechargeable-vapes","20":"product_cat-smart-screen-vapes","21":"product_cat-minimum-order-quantity-50pcs","22":"product_tag-20000-puffs-disposable-vape","23":"product_tag-bang-vapes","24":"product_tag-rechargeable-disposable-vape","25":"product_tag-vozol-vista-20000-vape","26":"desktop-align-left","27":"tablet-align-left","28":"mobile-align-left","30":"first","31":"instock","32":"sale","33":"shipping-taxable","34":"purchasable","35":"product-type-simple"},"uagb_featured_image_src":{"full":["https:\/\/rmvapesale.com\/wp-content\/uploads\/2024\/09\/Vozol-Vista-20000-Rechargeable-Disposable-Vape.png",788,788,false],"thumbnail":["https:\/\/rmvapesale.com\/wp-content\/uploads\/2024\/09\/Vozol-Vista-20000-Rechargeable-Disposable-Vape-150x150.png",150,150,true],"medium":["https:\/\/rmvapesale.com\/wp-content\/uploads\/2024\/09\/Vozol-Vista-20000-Rechargeable-Disposable-Vape-300x300.png",300,300,true],"medium_large":["https:\/\/rmvapesale.com\/wp-content\/uploads\/2024\/09\/Vozol-Vista-20000-Rechargeable-Disposable-Vape-768x768.png",768,768,true],"large":["https:\/\/rmvapesale.com\/wp-content\/uploads\/2024\/09\/Vozol-Vista-20000-Rechargeable-Disposable-Vape.png",788,788,false],"1536x1536":["https:\/\/rmvapesale.com\/wp-content\/uploads\/2024\/09\/Vozol-Vista-20000-Rechargeable-Disposable-Vape.png",788,788,false],"2048x2048":["https:\/\/rmvapesale.com\/wp-content\/uploads\/2024\/09\/Vozol-Vista-20000-Rechargeable-Disposable-Vape.png",788,788,false],"trp-custom-language-flag":["https:\/\/rmvapesale.com\/wp-content\/uploads\/2024\/09\/Vozol-Vista-20000-Rechargeable-Disposable-Vape.png",12,12,false],"woocommerce_thumbnail":["https:\/\/rmvapesale.com\/wp-content\/uploads\/2024\/09\/Vozol-Vista-20000-Rechargeable-Disposable-Vape-300x300.png",300,300,true],"woocommerce_single":["https:\/\/rmvapesale.com\/wp-content\/uploads\/2024\/09\/Vozol-Vista-20000-Rechargeable-Disposable-Vape-600x600.png",600,600,true],"woocommerce_gallery_thumbnail":["https:\/\/rmvapesale.com\/wp-content\/uploads\/2024\/09\/Vozol-Vista-20000-Rechargeable-Disposable-Vape-100x100.png",100,100,true],"wcpr-photo-reviews":["https:\/\/rmvapesale.com\/wp-content\/uploads\/2024\/09\/Vozol-Vista-20000-Rechargeable-Disposable-Vape.png",500,500,false]},"uagb_author_info":{"display_name":"AMY","author_link":"https:\/\/rmvapesale.com\/lt\/author\/"},"uagb_comment_info":0,"uagb_excerpt":"Vozol Vista 20000 puffs 50mg Disposable vape Vozol Vista 20000 Disposable Vape Wholesale Vozol Vista 20000 Rechargeable Disposable Vape Contact Amy For More Discount And Lower MOQ Vape WhatsApp: +86 17776015835","_links":{"self":[{"href":"https:\/\/rmvapesale.com\/lt\/wp-json\/wp\/v2\/product\/2154","targetHints":{"allow":["GET"]}}],"collection":[{"href":"https:\/\/rmvapesale.com\/lt\/wp-json\/wp\/v2\/product"}],"about":[{"href":"https:\/\/rmvapesale.com\/lt\/wp-json\/wp\/v2\/types\/product"}],"replies":[{"embeddable":true,"href":"https:\/\/rmvapesale.com\/lt\/wp-json\/wp\/v2\/comments?post=2154"}],"wp:featuredmedia":[{"embeddable":true,"href":"https:\/\/rmvapesale.com\/lt\/wp-json\/wp\/v2\/media\/2152"}],"wp:attachment":[{"href":"https:\/\/rmvapesale.com\/lt\/wp-json\/wp\/v2\/media?parent=2154"}],"wp:term":[{"taxonomy":"product_brand","embeddable":true,"href":"https:\/\/rmvapesale.com\/lt\/wp-json\/wp\/v2\/product_brand?post=2154"},{"taxonomy":"product_cat","embeddable":true,"href":"https:\/\/rmvapesale.com\/lt\/wp-json\/wp\/v2\/product_cat?post=2154"},{"taxonomy":"product_tag","embeddable":true,"href":"https:\/\/rmvapesale.com\/lt\/wp-json\/wp\/v2\/product_tag?post=2154"}],"curies":[{"name":"wp","href":"https:\/\/api.w.org\/{rel}","templated":true}]}}