{"id":2196,"date":"2024-09-27T02:26:25","date_gmt":"2024-09-27T02:26:25","guid":{"rendered":"https:\/\/rmvapesale.com\/?post_type=product&#038;p=2196"},"modified":"2025-01-21T09:38:41","modified_gmt":"2025-01-21T09:38:41","slug":"vapme-crown-bar-18000-pro-max-disposable-vape-original","status":"publish","type":"product","link":"https:\/\/rmvapesale.com\/lt\/product\/vapme-crown-bar-18000-pro-max-disposable-vape-original\/","title":{"rendered":"VAPME Crown Bar 18000 Pro Max vienkartinis garintuvas, originalus"},"content":{"rendered":"<div class=\"B2VR9 CJHX3e\">\n<div class=\"wyccme\">\n<h3 class=\"LC20lb MBeuO DKV0Md\">VAPME Crown Bar 18000 Pro Max vienkartinis garintuvas, originalus<\/h3>\n<p>Introducing the VAPME CROWN BAR 18000 Puffs PRO MAX \u2013 an elite disposable vape pen that takes vaping to new heights. Available wholesale price at rmvapesale, this premium device offers a perfect fusion of style, sophistication, and cutting-edge performance for vapers seeking the ultimate experience.<\/p>\n<p><strong>Key Features:<\/strong><br \/>\n<strong>Elegant Leather Finish:<\/strong> The VAPME CROWN BAR 18000 Puffs PRO MAX stands out with its luxurious leather finish, making it as fashionable as it is functional. This sleek design is perfect for those who appreciate both aesthetics and performance.<\/p>\n<p><strong>Power-Packed Battery:<\/strong> Powered by a robust 850mAh rechargeable battery, this device offers extended use. With a Type-C fast charging port, you can easily recharge it and continue your vaping experience without delay.<\/p>\n<p><strong>cURL Too many subrequests.<\/strong> cURL Too many subrequests.<\/p>\n<p><strong>cURL Too many subrequests.<\/strong> cURL Too many subrequests.<\/p>\n<p><strong>cURL Too many subrequests.<\/strong> cURL Too many subrequests.<\/p>\n<\/div>\n<\/div>\n<p><strong>Susisiekite su Amy, kad gautum\u0117te teising\u0105 atsakym\u0105 ir daugiau produkt\u0173 vaizdo \u012fra\u0161\u0173!<\/strong><\/p>\n<p><img loading=\"lazy\" decoding=\"async\" class=\"size-full wp-image-1978\" src=\"https:\/\/rmvapesale.com\/wp-content\/uploads\/2024\/09\/Disposable-Vape-Wholesale.jpg\" alt=\"Vienkartinis garintuvas didmenin\u0117 prekyba\" width=\"229\" height=\"300\" \/><\/p>\n<h3><span style=\"color: #ff0000\"><strong>WhatsApp: +86 17776015835<\/strong><\/span><\/h3>\n<p>&nbsp;<\/p>\n<h2><\/h2>\n<h2><strong>cURL Too many subrequests.<\/strong><\/h2>\n<p>850 mAh \u012fmontuota baterija<br \/>\n\u012ekraunama<br \/>\nEfektyvus ir nuolatinis energijos tiekimas<br \/>\ncURL Too many subrequests.<br \/>\n0%, 2%, 3%, 5% nikotino lygis<br \/>\ncURL Too many subrequests.<br \/>\nTinklin\u0117 rit\u0117<\/p>\n<h2><\/h2>\n<h2><strong>cURL Too many subrequests.<\/strong><\/h2>\n<p>cURL Too many subrequests.<\/p>\n<p>cURL Too many subrequests.<span style=\"color: #ff0000\"><strong>&gt;&gt;&gt;&gt;Kar\u0161ta!<\/strong><\/span><br \/>\ncURL Too many subrequests.<br \/>\ncURL Too many subrequests.<span style=\"color: #ff0000\"><strong>&gt;&gt;&gt;&gt;Geriausias!<\/strong><\/span><br \/>\ncURL Too many subrequests.<br \/>\ncURL Too many subrequests.<br \/>\ncURL Too many subrequests.<br \/>\ncURL Too many subrequests.<br \/>\n8. Bra\u0161ki\u0173 pun\u0161as<br \/>\ncURL Too many subrequests.<br \/>\ncURL Too many subrequests.<br \/>\ncURL Too many subrequests.<br \/>\ncURL Too many subrequests.<\/p>\n<figure id=\"attachment_2193\" aria-describedby=\"caption-attachment-2193\" style=\"width: 300px\" class=\"wp-caption alignnone\"><img loading=\"lazy\" decoding=\"async\" class=\"size-medium wp-image-2193\" src=\"https:\/\/rmvapesale.com\/wp-content\/uploads\/2024\/09\/Vapme-Crown-Bar-18000-Puffs-300x268.png\" alt=\"cURL Too many subrequests.\" width=\"300\" height=\"268\" srcset=\"https:\/\/rmvapesale.com\/wp-content\/uploads\/2024\/09\/Vapme-Crown-Bar-18000-Puffs-300x268.png 300w, https:\/\/rmvapesale.com\/wp-content\/uploads\/2024\/09\/Vapme-Crown-Bar-18000-Puffs-768x685.png 768w, https:\/\/rmvapesale.com\/wp-content\/uploads\/2024\/09\/Vapme-Crown-Bar-18000-Puffs-600x535.png 600w, https:\/\/rmvapesale.com\/wp-content\/uploads\/2024\/09\/Vapme-Crown-Bar-18000-Puffs.png 808w\" sizes=\"auto, (max-width: 300px) 100vw, 300px\" \/><figcaption id=\"caption-attachment-2193\" class=\"wp-caption-text\">cURL Too many subrequests.<\/figcaption><\/figure>\n<h2><strong>cURL Too many subrequests.<\/strong><\/h2>\n<p>&nbsp;<\/p>\n<div class=\"flex-shrink-0 flex flex-col relative items-end\">\n<div>\n<div class=\"pt-0\">\n<div class=\"gizmo-bot-avatar flex h-8 w-8 items-center justify-center overflow-hidden rounded-full\">\n<div class=\"relative p-1 rounded-sm flex items-center justify-center bg-token-main-surface-primary text-token-text-primary h-8 w-8\"><\/div>\n<\/div>\n<\/div>\n<\/div>\n<\/div>\n<div class=\"group\/conversation-turn relative flex w-full min-w-0 flex-col agent-turn\">\n<div class=\"flex-col gap-1 md:gap-3\">\n<div class=\"flex max-w-full flex-col flex-grow\">\n<div class=\"min-h-8 text-message flex w-full flex-col items-end gap-2 whitespace-normal break-words [.text-message+&amp;]:mt-5\" dir=\"auto\" data-message-author-role=\"assistant\" data-message-id=\"f226d3fc-81f3-46d5-8c46-31787fff0357\">\n<div class=\"flex w-full flex-col gap-1 empty:hidden first:pt-[3px]\">\n<div class=\"markdown prose w-full break-words dark:prose-invert light\">\n<p><strong>cURL Too many subrequests.<\/strong><br \/>\ncURL Too many subrequests.<\/p>\n<p><strong>cURL Too many subrequests.<\/strong><br \/>\ncURL Too many subrequests.<\/p>\n<p><strong>cURL Too many subrequests.<\/strong><br \/>\ncURL Too many subrequests.<\/p>\n<p><strong>cURL Too many subrequests.<\/strong><br \/>\nLaikykite savo prietais\u0105 v\u0117sioje, sausoje vietoje, atokiau nuo tiesiogini\u0173 saul\u0117s spinduli\u0173 ir vaikams bei naminiams gyv\u016bnams nepasiekiamoje vietoje.<\/p>\n<p><strong>cURL Too many subrequests.<\/strong><br \/>\ncURL Too many subrequests.<\/p>\n<\/div>\n<\/div>\n<\/div>\n<\/div>\n<\/div>\n<\/div>\n<p>&nbsp;<\/p>\n<h3><b>DUK<\/b><\/h3>\n<p>&nbsp;<\/p>\n<div class=\"flex-shrink-0 flex flex-col relative items-end\">\n<div>\n<div class=\"pt-0\">\n<div class=\"gizmo-bot-avatar flex h-8 w-8 items-center justify-center overflow-hidden rounded-full\">\n<div class=\"relative p-1 rounded-sm flex items-center justify-center bg-token-main-surface-primary text-token-text-primary h-8 w-8\"><strong>Kokie pristatymo b\u016bdai naudojami?<\/strong><\/div>\n<\/div>\n<\/div>\n<\/div>\n<\/div>\n<div class=\"group\/conversation-turn relative flex w-full min-w-0 flex-col agent-turn\">\n<div class=\"flex-col gap-1 md:gap-3\">\n<div class=\"flex max-w-full flex-col flex-grow\">\n<div class=\"min-h-[20px] text-message flex w-full flex-col items-end gap-2 whitespace-normal break-words [.text-message+&amp;]:mt-5 overflow-x-auto\" dir=\"auto\" data-message-author-role=\"assistant\" data-message-id=\"22f8283b-3233-46ff-89a5-c7a41b33abda\">\n<div class=\"flex w-full flex-col gap-1 empty:hidden first:pt-[3px]\">\n<div class=\"markdown prose w-full break-words dark:prose-invert light\">\n<p>Mes bendradarbiaujame su UPS, DHL, FedEx, DPD ir kitais pirmaujan\u010diais ve\u017e\u0117jais. Mes parinksime geriausi\u0105 siuntimo b\u016bd\u0105, atsi\u017evelgdami \u012f j\u016bs\u0173 pristatymo viet\u0105, kad u\u017etikrintume, jog gaminiai jus pasieks kuo grei\u010diau.<\/p>\n<\/div>\n<p><strong>Per kiek laiko atvyksta?<\/strong><\/p>\n<p>\u012e Lietuv\u0105 siun\u010diami siuntiniai paprastai atvyksta per 10 darbo dien\u0173. Siuntimas \u012f Europos \u0161alis paprastai trunka apie 12\u201315 darbo dien\u0173. Mes teikiame realiuoju laiku atnaujinam\u0105 informacij\u0105 apie j\u016bs\u0173 siuntos b\u016bsen\u0105.<\/p>\n<\/div>\n<p><strong>Garantija<\/strong><\/p>\n<p><span style=\"color: #ff0000\"><strong>Visos m\u016bs\u0173 parduotuv\u0117s prek\u0117s yra 100% originalios ir autenti\u0161kos. U\u017e padirbtas prekes si\u016blome 10 kart\u0173 didesn\u0119 kompensacij\u0105!<\/strong><\/span><\/p>\n<div class=\"flex w-full flex-col gap-1 empty:hidden first:pt-[3px]\">\n<p>&nbsp;<\/p>\n<\/div>\n<\/div>\n<\/div>\n<\/div>\n<\/div>\n<p>&nbsp;<\/p>\n<p>Kiti populiar\u016bs garintuvai, kurie jums gali patikti:<\/p>\n<p>&nbsp;<\/p>\n<p><a href=\"https:\/\/rmvapesale.com\/lt\/product\/original-randm-vape-digital-puff-12000-fumot-factory-price\/\"><strong>cURL Too many subrequests.<\/strong><\/a><\/p>\n<p><strong><a href=\"https:\/\/rmvapesale.com\/lt\/product\/waspe-25000-puffs-disposable-vape-rechargeable-hot-sale\/\">cURL Too many subrequests. <\/a><\/strong><\/p>\n<p><a href=\"https:\/\/rmvapesale.com\/lt\/product\/waspe-12000-puffs-disposable-vape-pen\/\"><strong>WASPE 12000 Puffs\u00a0<\/strong><\/a><\/p>\n<p><a href=\"https:\/\/rmvapesale.com\/lt\/product\/vapme-crystal-7000-puffs-rechargeable-disposable-vape-price\/\"><strong>Vapme Crystal 7000 \u012fkv\u0117pim\u0173<\/strong><\/a><\/p>\n<p>&nbsp;<\/p>\n<p>&nbsp;<\/p>\n<p>Raskite daugiau garintuv\u0173, kurie jums gali patikti:<strong><em><a href=\"https:\/\/rmvapesale.com\/lt\/shop-2\/\">pirkti dabar &gt;&gt;&gt;<\/a><\/em><\/strong><\/p>","protected":false},"excerpt":{"rendered":"<p>Vapme Crown Bar Pro Max Shisha 18000 Disposable Vape<br \/>\nOriginal Vapme Crown Bar 18000 Puff PRO Max<br \/>\nVapme Crown Bar 18000 Puffs Low Nicotine Vape<\/p>\n<p><strong>Susisiekite su Amy, kad gautum\u0117te daugiau nuolaid\u0173 ir teising\u0105 atsakym\u0105<\/strong><\/p>\n<p><img loading=\"lazy\" decoding=\"async\" class=\"size-full wp-image-1978\" src=\"https:\/\/rmvapesale.com\/wp-content\/uploads\/2024\/09\/Disposable-Vape-Wholesale.jpg\" alt=\"Vienkartinis garintuvas didmenin\u0117 prekyba\" width=\"229\" height=\"300\" \/><\/p>\n<h3><span style=\"color: #ff0000\"><strong>WhatsApp: +86 17776015835<\/strong><\/span><\/h3>","protected":false},"featured_media":2191,"comment_status":"open","ping_status":"closed","template":"","meta":{"_uag_custom_page_level_css":"","_lmt_disableupdate":"no","_lmt_disable":"","site-sidebar-layout":"default","site-content-layout":"content-boxed-container","ast-site-content-layout":"normal-width-container","site-content-style":"boxed","site-sidebar-style":"unboxed","ast-global-header-display":"","ast-banner-title-visibility":"","ast-main-header-display":"","ast-hfb-above-header-display":"","ast-hfb-below-header-display":"","ast-hfb-mobile-header-display":"","site-post-title":"","ast-breadcrumbs-content":"","ast-featured-img":"","footer-sml-layout":"","theme-transparent-header-meta":"default","adv-header-id-meta":"","stick-header-meta":"","header-above-stick-meta":"","header-main-stick-meta":"","header-below-stick-meta":"","astra-migrate-meta-layouts":"set","ast-page-background-enabled":"default","ast-page-background-meta":{"desktop":{"background-color":"var(--ast-global-color-4)","background-image":"","background-repeat":"repeat","background-position":"center center","background-size":"auto","background-attachment":"scroll","background-type":"","background-media":"","overlay-type":"","overlay-color":"","overlay-opacity":"","overlay-gradient":""},"tablet":{"background-color":"","background-image":"","background-repeat":"repeat","background-position":"center center","background-size":"auto","background-attachment":"scroll","background-type":"","background-media":"","overlay-type":"","overlay-color":"","overlay-opacity":"","overlay-gradient":""},"mobile":{"background-color":"","background-image":"","background-repeat":"repeat","background-position":"center center","background-size":"auto","background-attachment":"scroll","background-type":"","background-media":"","overlay-type":"","overlay-color":"","overlay-opacity":"","overlay-gradient":""}},"ast-content-background-meta":{"desktop":{"background-color":"var(--ast-global-color-5)","background-image":"","background-repeat":"repeat","background-position":"center center","background-size":"auto","background-attachment":"scroll","background-type":"","background-media":"","overlay-type":"","overlay-color":"","overlay-opacity":"","overlay-gradient":""},"tablet":{"background-color":"var(--ast-global-color-5)","background-image":"","background-repeat":"repeat","background-position":"center center","background-size":"auto","background-attachment":"scroll","background-type":"","background-media":"","overlay-type":"","overlay-color":"","overlay-opacity":"","overlay-gradient":""},"mobile":{"background-color":"var(--ast-global-color-5)","background-image":"","background-repeat":"repeat","background-position":"center center","background-size":"auto","background-attachment":"scroll","background-type":"","background-media":"","overlay-type":"","overlay-color":"","overlay-opacity":"","overlay-gradient":""}},"_joinchat":[]},"product_brand":[],"product_cat":[15,289,291,292,293,295,296,299,281,25,123,26,28,135,27,137,136,30],"product_tag":[99,101,105,54,106],"class_list":{"0":"post-2196","1":"product","2":"type-product","3":"status-publish","4":"has-post-thumbnail","6":"product_cat-new-vape-this-week","7":"product_cat-big-puffs-disposable-vapes","8":"product_cat-dual-mesh-disposable-vapes","9":"product_cat-digital-disposable-vapes","10":"product_cat-low-nicotine-disposable-vapes","11":"product_cat-rechargeable-disposable-vapes","12":"product_cat-shisha-hookah-disposable-vapes","13":"product_cat-smart-screen-disposable-vapes","14":"product_cat-vapme-vape","15":"product_cat-germany-best-selling-vape","16":"product_cat-italy-wholesale-vape","17":"product_cat-netherlands-hot-sale-vape","18":"product_cat-poland-hot-sale-vape","19":"product_cat-spain-best-hot-sale-vape","20":"product_cat-fance-hot-sale-vape","21":"product_cat-rechargeable-vapes","22":"product_cat-smart-screen-vapes","23":"product_cat-minimum-order-quantity-50pcs","24":"product_tag-disposable-vape-wholesale","25":"product_tag-led-display-vape","26":"product_tag-nicotine-free-disposable-vape","27":"product_tag-rechargeable-disposable-vape","28":"product_tag-vapme-crown-bar-18000","29":"desktop-align-left","30":"tablet-align-left","31":"mobile-align-left","33":"first","34":"instock","35":"sale","36":"shipping-taxable","37":"purchasable","38":"product-type-simple"},"uagb_featured_image_src":{"full":["https:\/\/rmvapesale.com\/wp-content\/uploads\/2024\/09\/VAPME-Crown-Bar-18000-Disposable-Vape.jpg",800,800,false],"thumbnail":["https:\/\/rmvapesale.com\/wp-content\/uploads\/2024\/09\/VAPME-Crown-Bar-18000-Disposable-Vape-150x150.jpg",150,150,true],"medium":["https:\/\/rmvapesale.com\/wp-content\/uploads\/2024\/09\/VAPME-Crown-Bar-18000-Disposable-Vape-300x300.jpg",300,300,true],"medium_large":["https:\/\/rmvapesale.com\/wp-content\/uploads\/2024\/09\/VAPME-Crown-Bar-18000-Disposable-Vape-768x768.jpg",768,768,true],"large":["https:\/\/rmvapesale.com\/wp-content\/uploads\/2024\/09\/VAPME-Crown-Bar-18000-Disposable-Vape.jpg",800,800,false],"1536x1536":["https:\/\/rmvapesale.com\/wp-content\/uploads\/2024\/09\/VAPME-Crown-Bar-18000-Disposable-Vape.jpg",800,800,false],"2048x2048":["https:\/\/rmvapesale.com\/wp-content\/uploads\/2024\/09\/VAPME-Crown-Bar-18000-Disposable-Vape.jpg",800,800,false],"trp-custom-language-flag":["https:\/\/rmvapesale.com\/wp-content\/uploads\/2024\/09\/VAPME-Crown-Bar-18000-Disposable-Vape.jpg",12,12,false],"woocommerce_thumbnail":["https:\/\/rmvapesale.com\/wp-content\/uploads\/2024\/09\/VAPME-Crown-Bar-18000-Disposable-Vape-300x300.jpg",300,300,true],"woocommerce_single":["https:\/\/rmvapesale.com\/wp-content\/uploads\/2024\/09\/VAPME-Crown-Bar-18000-Disposable-Vape-600x600.jpg",600,600,true],"woocommerce_gallery_thumbnail":["https:\/\/rmvapesale.com\/wp-content\/uploads\/2024\/09\/VAPME-Crown-Bar-18000-Disposable-Vape-100x100.jpg",100,100,true],"wcpr-photo-reviews":["https:\/\/rmvapesale.com\/wp-content\/uploads\/2024\/09\/VAPME-Crown-Bar-18000-Disposable-Vape.jpg",500,500,false]},"uagb_author_info":{"display_name":"AMY","author_link":"https:\/\/rmvapesale.com\/lt\/author\/"},"uagb_comment_info":0,"uagb_excerpt":"Vapme Crown Bar Pro Max Shisha 18000 Disposable Vape Original Vapme Crown Bar 18000 Puff PRO Max Vapme Crown Bar 18000 Puffs Low Nicotine Vape Contact Amy For More Discount And Right Reply WhatsApp: +86 17776015835","_links":{"self":[{"href":"https:\/\/rmvapesale.com\/lt\/wp-json\/wp\/v2\/product\/2196","targetHints":{"allow":["GET"]}}],"collection":[{"href":"https:\/\/rmvapesale.com\/lt\/wp-json\/wp\/v2\/product"}],"about":[{"href":"https:\/\/rmvapesale.com\/lt\/wp-json\/wp\/v2\/types\/product"}],"replies":[{"embeddable":true,"href":"https:\/\/rmvapesale.com\/lt\/wp-json\/wp\/v2\/comments?post=2196"}],"wp:featuredmedia":[{"embeddable":true,"href":"https:\/\/rmvapesale.com\/lt\/wp-json\/wp\/v2\/media\/2191"}],"wp:attachment":[{"href":"https:\/\/rmvapesale.com\/lt\/wp-json\/wp\/v2\/media?parent=2196"}],"wp:term":[{"taxonomy":"product_brand","embeddable":true,"href":"https:\/\/rmvapesale.com\/lt\/wp-json\/wp\/v2\/product_brand?post=2196"},{"taxonomy":"product_cat","embeddable":true,"href":"https:\/\/rmvapesale.com\/lt\/wp-json\/wp\/v2\/product_cat?post=2196"},{"taxonomy":"product_tag","embeddable":true,"href":"https:\/\/rmvapesale.com\/lt\/wp-json\/wp\/v2\/product_tag?post=2196"}],"curies":[{"name":"wp","href":"https:\/\/api.w.org\/{rel}","templated":true}]}}